{"id":9452,"date":"2023-11-03T15:23:08","date_gmt":"2023-11-03T14:23:08","guid":{"rendered":"https:\/\/exparto.pl\/produkt\/legszurobetet-wa201180-zetor-proxima-zetor-proxima\/"},"modified":"2023-11-03T15:23:08","modified_gmt":"2023-11-03T14:23:08","slug":"legszuro-betet-wa201180-zetor-proxima","status":"publish","type":"product","link":"https:\/\/exparto.pl\/hu\/produkt\/legszuro-betet-wa201180-zetor-proxima\/","title":{"rendered":"L\u00e9gsz\u0171r\u0151bet\u00e9t &#8211; WA201180 ZETOR PROXIMA ZETOR PROXIMA"},"content":{"rendered":"<p style=\"text-align: justify\"><b>Sz\u0171r\u0151k haszn\u00e1lata:<\/b><\/p>\n<ul>\n<li style=\"text-align: justify\">DEUTZ-FAHR &#8211; AGROTRON MK3, AGROTRON \u00daJ<\/li>\n<li style=\"text-align: justify\">FENDT &#8211; F (GT) SOROZAT, FARMER SOROZAT<\/li>\n<li style=\"text-align: justify\">JOHN DEERE &#8211; 3000 &#8211; SOROZAT, 5000 &#8211;<\/li>\n<li style=\"text-align: justify\">MASSEY FERGUSON = 5-\u00d6S SOROZAT, 500-AS SOROZAT, 5400-AS SOROZAT, 6-OS SOROZAT, 6200-AS SOROZAT<\/li>\n<li style=\"text-align: justify\">ZETOR &#8211; PROXIMA<\/li>\n<\/ul>\n<div>\n<div style=\"text-align: justify\"><span style=\"font-weight: bold\">\u00d6sszehasonl\u00edt\u00f3 sz\u00e1mok \/ P\u00f3tl\u00e1sok:<\/span><\/div>\n<div style=\"text-align: justify\"><span style=\"font-weight: bold\"> <\/span><\/div>\n<div>\n<div>\n<ul>\n<li style=\"text-align: justify\">MANN-SZ\u0170R\u0150 C16400<\/li>\n<li style=\"text-align: justify\">BALDWIN RS3922<\/li>\n<li style=\"text-align: justify\">DONALDSON P77-8972<\/li>\n<li style=\"text-align: justify\">FILTRON AR200\/4<\/li>\n<li style=\"text-align: justify\">AF25721, AF26393, AF25721, AF26393<\/li>\n<li style=\"text-align: justify\">FRAM CA9002<\/li>\n<li style=\"text-align: justify\">HENGST E1800L<\/li>\n<li style=\"text-align: justify\">DEUTZ (KHD) 4415905, 1319258<\/li>\n<li style=\"text-align: justify\">FENDT 816810140070, F117200090010, H117200090150<\/li>\n<li style=\"text-align: justify\">J.C.BAMFORD 32\/917804, 32\/917804<\/li>\n<li style=\"text-align: justify\">JOHN DEERE AZ55542<\/li>\n<li style=\"text-align: justify\">LIEBHERR 7621451, 10044317, 761 1451<\/li>\n<li style=\"text-align: justify\">MASSEY-FERGUSON 3901475M1, 3901475M2<\/li>\n<li style=\"text-align: justify\">MERCEDES-BENZ A0040940404<\/li>\n<li style=\"text-align: justify\">NISSAN 16546-D6200<\/li>\n<li style=\"text-align: justify\">VOLVO-PENTA 11705110<\/li>\n<li style=\"text-align: justify\">VOLVO 80607039<\/li>\n<li style=\"text-align: justify\">VOEGELE 4624082219<\/li>\n<li style=\"text-align: justify\">BOBCAT 5501660922, 69101725, 6910725<\/li>\n<li style=\"text-align: justify\">DYNAPAC 4700392088, 392088<\/li>\n<li style=\"text-align: justify\">SF-SZ\u0170R\u0150 (SCHUPP) SL8388<\/li>\n<li style=\"text-align: justify\">ALCO SZ\u0170R\u0150K S-SZ\u0170R\u0150<\/li>\n<li style=\"text-align: justify\">HAMM 1209582<\/li>\n<li style=\"text-align: justify\">EXMOT WPO-684<\/li>\n<li style=\"text-align: justify\">HIFI SZ\u0170R\u0150 SA 17118<\/li>\n<li style=\"text-align: justify\">ZETOR 931781<\/li>\n<li style=\"text-align: justify\">WIX 93220E<\/li>\n<li style=\"text-align: justify\">BOGE 569004801, 569 004 801, 568004801, 5690048661P<\/li>\n<li style=\"text-align: justify\">AEBI 1085908-3<\/li>\n<li style=\"text-align: justify\">AGCO 72317652, 3901475M2, 055124R1<\/li>\n<li style=\"text-align: justify\">AHLMANN 41 10 553 A<\/li>\n<li style=\"text-align: justify\">AMMANN 1-C16400<\/li>\n<li style=\"text-align: justify\">ATLAS DARUK + KOTR\u00d3G\u00c9PEK 6014129<\/li>\n<li style=\"text-align: justify\">ATMOS 627963092310<\/li>\n<li style=\"text-align: justify\">BUCHER SCH\u00d6RLING 17950612-0<\/li>\n<li style=\"text-align: justify\">DEUTZ AG \/ DEUTZ-FAHR (KHD) 0441 5905, 0131 9258<\/li>\n<li style=\"text-align: justify\">DOOSAN K1043119, 13444302<\/li>\n<li style=\"text-align: justify\">GEHL 137498<\/li>\n<li style=\"text-align: justify\">GENIE 7-109-04<\/li>\n<li style=\"text-align: justify\">INGERSOLL-RAND 54626452, 39334784, 13444302<\/li>\n<li style=\"text-align: justify\">INGERSOLL-RAND\/DOOSAN 39334784, 54626452<\/li>\n<li style=\"text-align: justify\">JLG 70023809<\/li>\n<li style=\"text-align: justify\">MAHLE KOMPRESSZOROK 5739222<\/li>\n<li style=\"text-align: justify\">PFEIFFER P0995011<\/li>\n<li style=\"text-align: justify\">PNEUMOFORE 41947<\/li>\n<li style=\"text-align: justify\">RENAULT TRUCKS (OKELIA) 50 21 188 060<\/li>\n<li style=\"text-align: justify\">TAKEUCHI 19111-14001<\/li>\n<li style=\"text-align: justify\">TEREX 7-109-04<\/li>\n<li style=\"text-align: justify\">UNION-TECH 810070051<\/li>\n<li style=\"text-align: justify\">VALTRA-VALMET 82642100, V82642100<\/li>\n<li style=\"text-align: justify\">WIRTGEN GROUP 170004<\/li>\n<li style=\"text-align: justify\">AIRPOL MFS0156<\/li>\n<li style=\"text-align: justify\">OE 568004801, 3901475M2, 0441 5905<\/li>\n<\/ul>\n<\/div>\n<\/div>\n<div style=\"text-align: justify\"><\/div>\n<\/div>\n","protected":false},"excerpt":{"rendered":"<p style=\"text-align: justify\">L\u00e9gsz\u0171r\u0151bet\u00e9t &#8211; WA201180 ZETOR PROXIMA ZETOR PROXIMA<\/p>\n","protected":false},"featured_media":7954,"comment_status":"open","ping_status":"closed","template":"","meta":{"_acf_changed":false,"inline_featured_image":false},"product_brand":[],"product_cat":[307,276],"product_tag":[],"class_list":{"0":"post-9452","1":"product","2":"type-product","3":"status-publish","4":"has-post-thumbnail","6":"product_cat-legszurobetet","7":"product_cat-szurok","9":"first","10":"instock","11":"taxable","12":"shipping-taxable","13":"purchasable","14":"product-type-simple"},"acf":[],"yoast_head":"<!-- This site is optimized with the Yoast SEO plugin v27.4 - https:\/\/yoast.com\/product\/yoast-seo-wordpress\/ -->\n<title>L\u00e9gsz\u0171r\u0151bet\u00e9t - WA201180 ZETOR PROXIMA ZETOR PROXIMA - Exparto.pl<\/title>\n<meta name=\"robots\" content=\"index, follow, max-snippet:-1, max-image-preview:large, max-video-preview:-1\" \/>\n<link rel=\"canonical\" href=\"https:\/\/exparto.pl\/hu\/produkt\/legszuro-betet-wa201180-zetor-proxima\/\" \/>\n<meta property=\"og:locale\" content=\"hu_HU\" \/>\n<meta property=\"og:type\" content=\"article\" \/>\n<meta property=\"og:title\" content=\"L\u00e9gsz\u0171r\u0151bet\u00e9t - WA201180 ZETOR PROXIMA ZETOR PROXIMA - Exparto.pl\" \/>\n<meta property=\"og:description\" content=\"L\u00e9gsz\u0171r\u0151bet\u00e9t - WA201180 ZETOR PROXIMA ZETOR PROXIMA\" \/>\n<meta property=\"og:url\" content=\"https:\/\/exparto.pl\/hu\/produkt\/legszuro-betet-wa201180-zetor-proxima\/\" \/>\n<meta property=\"og:site_name\" content=\"Exparto.pl\" \/>\n<meta property=\"article:publisher\" content=\"https:\/\/www.facebook.com\/exparto.agro\/\" \/>\n<meta property=\"og:image\" content=\"https:\/\/exparto.pl\/wp-content\/uploads\/2023\/11\/cfaca9100cd070e997b74a80e15a85d1.jpg\" \/>\n\t<meta property=\"og:image:width\" content=\"1000\" \/>\n\t<meta property=\"og:image:height\" content=\"1000\" \/>\n\t<meta property=\"og:image:type\" content=\"image\/jpeg\" \/>\n<meta name=\"twitter:card\" content=\"summary_large_image\" \/>\n<meta name=\"twitter:label1\" content=\"Becs\u00fclt olvas\u00e1si id\u0151\" \/>\n\t<meta name=\"twitter:data1\" content=\"1 perc\" \/>\n<script type=\"application\/ld+json\" class=\"yoast-schema-graph\">{\"@context\":\"https:\\\/\\\/schema.org\",\"@graph\":[{\"@type\":\"WebPage\",\"@id\":\"https:\\\/\\\/exparto.pl\\\/hu\\\/produkt\\\/legszuro-betet-wa201180-zetor-proxima\\\/\",\"url\":\"https:\\\/\\\/exparto.pl\\\/hu\\\/produkt\\\/legszuro-betet-wa201180-zetor-proxima\\\/\",\"name\":\"L\u00e9gsz\u0171r\u0151bet\u00e9t - WA201180 ZETOR PROXIMA ZETOR PROXIMA - Exparto.pl\",\"isPartOf\":{\"@id\":\"https:\\\/\\\/exparto.pl\\\/hu\\\/#website\"},\"primaryImageOfPage\":{\"@id\":\"https:\\\/\\\/exparto.pl\\\/hu\\\/produkt\\\/legszuro-betet-wa201180-zetor-proxima\\\/#primaryimage\"},\"image\":{\"@id\":\"https:\\\/\\\/exparto.pl\\\/hu\\\/produkt\\\/legszuro-betet-wa201180-zetor-proxima\\\/#primaryimage\"},\"thumbnailUrl\":\"https:\\\/\\\/exparto.pl\\\/wp-content\\\/uploads\\\/2023\\\/11\\\/cfaca9100cd070e997b74a80e15a85d1.jpg\",\"datePublished\":\"2023-11-03T14:23:08+00:00\",\"breadcrumb\":{\"@id\":\"https:\\\/\\\/exparto.pl\\\/hu\\\/produkt\\\/legszuro-betet-wa201180-zetor-proxima\\\/#breadcrumb\"},\"inLanguage\":\"hu\",\"potentialAction\":[{\"@type\":\"ReadAction\",\"target\":[\"https:\\\/\\\/exparto.pl\\\/hu\\\/produkt\\\/legszuro-betet-wa201180-zetor-proxima\\\/\"]}]},{\"@type\":\"ImageObject\",\"inLanguage\":\"hu\",\"@id\":\"https:\\\/\\\/exparto.pl\\\/hu\\\/produkt\\\/legszuro-betet-wa201180-zetor-proxima\\\/#primaryimage\",\"url\":\"https:\\\/\\\/exparto.pl\\\/wp-content\\\/uploads\\\/2023\\\/11\\\/cfaca9100cd070e997b74a80e15a85d1.jpg\",\"contentUrl\":\"https:\\\/\\\/exparto.pl\\\/wp-content\\\/uploads\\\/2023\\\/11\\\/cfaca9100cd070e997b74a80e15a85d1.jpg\",\"width\":1000,\"height\":1000},{\"@type\":\"BreadcrumbList\",\"@id\":\"https:\\\/\\\/exparto.pl\\\/hu\\\/produkt\\\/legszuro-betet-wa201180-zetor-proxima\\\/#breadcrumb\",\"itemListElement\":[{\"@type\":\"ListItem\",\"position\":1,\"name\":\"Honlap\",\"item\":\"https:\\\/\\\/exparto.pl\\\/hu\\\/\"},{\"@type\":\"ListItem\",\"position\":2,\"name\":\"Sklep\",\"item\":\"https:\\\/\\\/exparto.pl\\\/sklep\\\/\"},{\"@type\":\"ListItem\",\"position\":3,\"name\":\"Sz\u0171r\u0151k\",\"item\":\"https:\\\/\\\/exparto.pl\\\/hu\\\/termekkategoria\\\/szurok\\\/\"},{\"@type\":\"ListItem\",\"position\":4,\"name\":\"L\u00e9gsz\u0171r\u0151bet\u00e9t\",\"item\":\"https:\\\/\\\/exparto.pl\\\/hu\\\/termekkategoria\\\/szurok\\\/legszurobetet\\\/\"},{\"@type\":\"ListItem\",\"position\":5,\"name\":\"L\u00e9gsz\u0171r\u0151bet\u00e9t &#8211; WA201180 ZETOR PROXIMA ZETOR PROXIMA\"}]},{\"@type\":\"WebSite\",\"@id\":\"https:\\\/\\\/exparto.pl\\\/hu\\\/#website\",\"url\":\"https:\\\/\\\/exparto.pl\\\/hu\\\/\",\"name\":\"EXPARTO\",\"description\":\"More than agro parts\",\"publisher\":{\"@id\":\"https:\\\/\\\/exparto.pl\\\/hu\\\/#organization\"},\"potentialAction\":[{\"@type\":\"SearchAction\",\"target\":{\"@type\":\"EntryPoint\",\"urlTemplate\":\"https:\\\/\\\/exparto.pl\\\/hu\\\/?s={search_term_string}\"},\"query-input\":{\"@type\":\"PropertyValueSpecification\",\"valueRequired\":true,\"valueName\":\"search_term_string\"}}],\"inLanguage\":\"hu\"},{\"@type\":\"Organization\",\"@id\":\"https:\\\/\\\/exparto.pl\\\/hu\\\/#organization\",\"name\":\"EXPARTO\",\"url\":\"https:\\\/\\\/exparto.pl\\\/hu\\\/\",\"logo\":{\"@type\":\"ImageObject\",\"inLanguage\":\"hu\",\"@id\":\"https:\\\/\\\/exparto.pl\\\/hu\\\/#\\\/schema\\\/logo\\\/image\\\/\",\"url\":\"https:\\\/\\\/exparto.pl\\\/wp-content\\\/uploads\\\/2023\\\/02\\\/logo-wektor.png\",\"contentUrl\":\"https:\\\/\\\/exparto.pl\\\/wp-content\\\/uploads\\\/2023\\\/02\\\/logo-wektor.png\",\"width\":1338,\"height\":143,\"caption\":\"EXPARTO\"},\"image\":{\"@id\":\"https:\\\/\\\/exparto.pl\\\/hu\\\/#\\\/schema\\\/logo\\\/image\\\/\"},\"sameAs\":[\"https:\\\/\\\/www.facebook.com\\\/exparto.agro\\\/\"]}]}<\/script>\n<!-- \/ Yoast SEO plugin. -->","yoast_head_json":{"title":"L\u00e9gsz\u0171r\u0151bet\u00e9t - WA201180 ZETOR PROXIMA ZETOR PROXIMA - Exparto.pl","robots":{"index":"index","follow":"follow","max-snippet":"max-snippet:-1","max-image-preview":"max-image-preview:large","max-video-preview":"max-video-preview:-1"},"canonical":"https:\/\/exparto.pl\/hu\/produkt\/legszuro-betet-wa201180-zetor-proxima\/","og_locale":"hu_HU","og_type":"article","og_title":"L\u00e9gsz\u0171r\u0151bet\u00e9t - WA201180 ZETOR PROXIMA ZETOR PROXIMA - Exparto.pl","og_description":"L\u00e9gsz\u0171r\u0151bet\u00e9t - WA201180 ZETOR PROXIMA ZETOR PROXIMA","og_url":"https:\/\/exparto.pl\/hu\/produkt\/legszuro-betet-wa201180-zetor-proxima\/","og_site_name":"Exparto.pl","article_publisher":"https:\/\/www.facebook.com\/exparto.agro\/","og_image":[{"width":1000,"height":1000,"url":"https:\/\/exparto.pl\/wp-content\/uploads\/2023\/11\/cfaca9100cd070e997b74a80e15a85d1.jpg","type":"image\/jpeg"}],"twitter_card":"summary_large_image","twitter_misc":{"Becs\u00fclt olvas\u00e1si id\u0151":"1 perc"},"schema":{"@context":"https:\/\/schema.org","@graph":[{"@type":"WebPage","@id":"https:\/\/exparto.pl\/hu\/produkt\/legszuro-betet-wa201180-zetor-proxima\/","url":"https:\/\/exparto.pl\/hu\/produkt\/legszuro-betet-wa201180-zetor-proxima\/","name":"L\u00e9gsz\u0171r\u0151bet\u00e9t - WA201180 ZETOR PROXIMA ZETOR PROXIMA - Exparto.pl","isPartOf":{"@id":"https:\/\/exparto.pl\/hu\/#website"},"primaryImageOfPage":{"@id":"https:\/\/exparto.pl\/hu\/produkt\/legszuro-betet-wa201180-zetor-proxima\/#primaryimage"},"image":{"@id":"https:\/\/exparto.pl\/hu\/produkt\/legszuro-betet-wa201180-zetor-proxima\/#primaryimage"},"thumbnailUrl":"https:\/\/exparto.pl\/wp-content\/uploads\/2023\/11\/cfaca9100cd070e997b74a80e15a85d1.jpg","datePublished":"2023-11-03T14:23:08+00:00","breadcrumb":{"@id":"https:\/\/exparto.pl\/hu\/produkt\/legszuro-betet-wa201180-zetor-proxima\/#breadcrumb"},"inLanguage":"hu","potentialAction":[{"@type":"ReadAction","target":["https:\/\/exparto.pl\/hu\/produkt\/legszuro-betet-wa201180-zetor-proxima\/"]}]},{"@type":"ImageObject","inLanguage":"hu","@id":"https:\/\/exparto.pl\/hu\/produkt\/legszuro-betet-wa201180-zetor-proxima\/#primaryimage","url":"https:\/\/exparto.pl\/wp-content\/uploads\/2023\/11\/cfaca9100cd070e997b74a80e15a85d1.jpg","contentUrl":"https:\/\/exparto.pl\/wp-content\/uploads\/2023\/11\/cfaca9100cd070e997b74a80e15a85d1.jpg","width":1000,"height":1000},{"@type":"BreadcrumbList","@id":"https:\/\/exparto.pl\/hu\/produkt\/legszuro-betet-wa201180-zetor-proxima\/#breadcrumb","itemListElement":[{"@type":"ListItem","position":1,"name":"Honlap","item":"https:\/\/exparto.pl\/hu\/"},{"@type":"ListItem","position":2,"name":"Sklep","item":"https:\/\/exparto.pl\/sklep\/"},{"@type":"ListItem","position":3,"name":"Sz\u0171r\u0151k","item":"https:\/\/exparto.pl\/hu\/termekkategoria\/szurok\/"},{"@type":"ListItem","position":4,"name":"L\u00e9gsz\u0171r\u0151bet\u00e9t","item":"https:\/\/exparto.pl\/hu\/termekkategoria\/szurok\/legszurobetet\/"},{"@type":"ListItem","position":5,"name":"L\u00e9gsz\u0171r\u0151bet\u00e9t &#8211; WA201180 ZETOR PROXIMA ZETOR PROXIMA"}]},{"@type":"WebSite","@id":"https:\/\/exparto.pl\/hu\/#website","url":"https:\/\/exparto.pl\/hu\/","name":"EXPARTO","description":"More than agro parts","publisher":{"@id":"https:\/\/exparto.pl\/hu\/#organization"},"potentialAction":[{"@type":"SearchAction","target":{"@type":"EntryPoint","urlTemplate":"https:\/\/exparto.pl\/hu\/?s={search_term_string}"},"query-input":{"@type":"PropertyValueSpecification","valueRequired":true,"valueName":"search_term_string"}}],"inLanguage":"hu"},{"@type":"Organization","@id":"https:\/\/exparto.pl\/hu\/#organization","name":"EXPARTO","url":"https:\/\/exparto.pl\/hu\/","logo":{"@type":"ImageObject","inLanguage":"hu","@id":"https:\/\/exparto.pl\/hu\/#\/schema\/logo\/image\/","url":"https:\/\/exparto.pl\/wp-content\/uploads\/2023\/02\/logo-wektor.png","contentUrl":"https:\/\/exparto.pl\/wp-content\/uploads\/2023\/02\/logo-wektor.png","width":1338,"height":143,"caption":"EXPARTO"},"image":{"@id":"https:\/\/exparto.pl\/hu\/#\/schema\/logo\/image\/"},"sameAs":["https:\/\/www.facebook.com\/exparto.agro\/"]}]}},"_links":{"self":[{"href":"https:\/\/exparto.pl\/hu\/wp-json\/wp\/v2\/product\/9452","targetHints":{"allow":["GET"]}}],"collection":[{"href":"https:\/\/exparto.pl\/hu\/wp-json\/wp\/v2\/product"}],"about":[{"href":"https:\/\/exparto.pl\/hu\/wp-json\/wp\/v2\/types\/product"}],"replies":[{"embeddable":true,"href":"https:\/\/exparto.pl\/hu\/wp-json\/wp\/v2\/comments?post=9452"}],"wp:featuredmedia":[{"embeddable":true,"href":"https:\/\/exparto.pl\/hu\/wp-json\/wp\/v2\/media\/7954"}],"wp:attachment":[{"href":"https:\/\/exparto.pl\/hu\/wp-json\/wp\/v2\/media?parent=9452"}],"wp:term":[{"taxonomy":"product_brand","embeddable":true,"href":"https:\/\/exparto.pl\/hu\/wp-json\/wp\/v2\/product_brand?post=9452"},{"taxonomy":"product_cat","embeddable":true,"href":"https:\/\/exparto.pl\/hu\/wp-json\/wp\/v2\/product_cat?post=9452"},{"taxonomy":"product_tag","embeddable":true,"href":"https:\/\/exparto.pl\/hu\/wp-json\/wp\/v2\/product_tag?post=9452"}],"curies":[{"name":"wp","href":"https:\/\/api.w.org\/{rel}","templated":true}]}}