{"id":9509,"date":"2023-10-06T14:39:41","date_gmt":"2023-10-06T12:39:41","guid":{"rendered":"https:\/\/exparto.pl\/produkt\/legszuro-elem-wa20820-new-holland-new-holland\/"},"modified":"2023-10-06T14:39:41","modified_gmt":"2023-10-06T12:39:41","slug":"szuro-levego-belepo-wa20820-new-holland","status":"publish","type":"product","link":"https:\/\/exparto.pl\/hu\/produkt\/szuro-levego-belepo-wa20820-new-holland\/","title":{"rendered":"L\u00e9gsz\u0171r\u0151 elem &#8211; WA20820 NEW HOLLAND NEW HOLLAND"},"content":{"rendered":"<p style=\"text-align: justify\"><b>Sz\u0171r\u0151 alkalmaz\u00e1sa:<\/b><\/p>\n<ul>\n<li style=\"text-align: justify\">ZETOR &#8211; 3000-ES SOROZAT, 4000-ES SOROZAT, 5000-ES SOROZAT, 6000-ES SOROZAT, MAJOR<\/li>\n<li style=\"text-align: justify\">NEW HOLLAND &#8211; 3000-ES SOROZAT, 4000-ES SOROZAT, 5000-ES SOROZAT<\/li>\n<li style=\"text-align: justify\">NEW HOLLAND &#8211; T4\/T4000 SOROZAT, TK SOROZAT, TN\/TND\/TNF\/TNS\/TNN\/TNV<\/li>\n<li style=\"text-align: justify\">MASSEY FERGUSON &#8211; 1300-AS SOROZAT, 2-ES SOROZAT, 2000-ES SOROZAT<\/li>\n<li style=\"text-align: justify\">JOHN DEERE &#8211; 2000-ES SOROZAT, 4000-ES SOROZAT<\/li>\n<li style=\"text-align: justify\">FENDT &#8211; FARMER SOROZAT<\/li>\n<li style=\"text-align: justify\">OSZT\u00c1LY &#8211; DIONIS, FRUCTUS, NECTIS<\/li>\n<\/ul>\n<div style=\"text-align: justify\"><span style=\"font-weight: bold\">\u00d6sszehasonl\u00edt\u00f3 sz\u00e1mok \/ P\u00f3tl\u00e1sok:<\/span><\/div>\n<div style=\"text-align: justify\"><span style=\"font-weight: bold\"> <\/span><\/div>\n<div style=\"text-align: justify\">\n<div>\n<ul>\n<li>MANN-SZ\u0170R\u0150: C14200\/1,<\/li>\n<li>FILTRON: AR285\/1,<\/li>\n<li>FIAAM: FLI6905,<\/li>\n<li>FIAT: 1930587,<\/li>\n<li>71011292,<\/li>\n<li>COOPERS: AEM2670,<\/li>\n<li>CROSLAND: 9332,<\/li>\n<li>DONALDSON: P77-2579, P77-8867,<\/li>\n<li>FLEETGUARD: AF25291, AF25526,<\/li>\n<li>FRAM: CA5745,<\/li>\n<li>LOMBARDINI: 2175126,<\/li>\n<li>SAME: 01020950,<\/li>\n<li>PERKINS: 26510337,<\/li>\n<li>MASSEY-FERGUSON: 3540046M1,<\/li>\n<li>MANITOU: 227959,<\/li>\n<li>KOMATSU: 42U01HOP02, Z760234750,<\/li>\n<li>J.C.BAMFORD: 327919001,<\/li>\n<li>HANOMAG: 4916567M1,<\/li>\n<li>MANITOU: 490494,<\/li>\n<li>MANN-SZ\u0170R\u0150: C14210\/2, C14200\/2,<\/li>\n<li>BALDWIN: RS3542,<\/li>\n<li>ESET: 47135973,<\/li>\n<li>AGCO: 35400046M1,<\/li>\n<li>AMMANN: 2-80199151,<\/li>\n<li>ESET: 420539A1,<\/li>\n<li>CASE-INTERNATIONAL: 335196A1, 47128201, 5080756, 85805662,<\/li>\n<li>HERNY\u00d3: 123-2367,<\/li>\n<li>CLAAS: 6000145462,<\/li>\n<li>DEUTZ (KHD): 0.010.2095.0, 0.900.0940.9, 4272309,<\/li>\n<li>FENDT: H210202090101,<\/li>\n<li>FIAT-ALLIS: 80312111,<\/li>\n<li>HITACHI: 72180341,<\/li>\n<li>HUERLIMANN: 0.010.2095.0,<\/li>\n<li>IVECO: 1930587,<\/li>\n<li>VOLVO-PENTA: 11711497, 14542155,<\/li>\n<li>TEREX: 15861248a,<\/li>\n<li>STEYR: 47135974,<\/li>\n<li>RENAULT: 6000145462,<\/li>\n<li>NEW HOLLAND: 1930587, 47135972,<\/li>\n<li>MASSEY-FERGUSON: 1020950,<\/li>\n<li>LANDINI: 3540046M1,<\/li>\n<li>JOHN DEERE: AP33330, PE71011292, RE508449,<\/li>\n<li>KNECHT\/MAHLE: LX1241,<\/li>\n<li>SF-SZ\u0170R\u0150 (SCHUPP): SL8003,<\/li>\n<li>UFI: 27.429.00,<\/li>\n<li>ALCO SZ\u0170R\u0150K: MD7544,<\/li>\n<li>ATLASZ: 2991546,<\/li>\n<li>TISZTA SZ\u0170R\u0150K: MA1410,<\/li>\n<li>HENGST: E571L,<\/li>\n<li>SOFIMA: S7429A,<\/li>\n<li>WIX: 46652,<\/li>\n<li>NEW HOLLAND: 87704249,<\/li>\n<li>ESET: 1931160,<\/li>\n<li>EXMOT: WPO-725,<\/li>\n<li>HIFI SZ\u0170R\u0150: SA 16579,<\/li>\n<li>FLEETGUARD: AF25555,<\/li>\n<li>SF-SZ\u0170R\u0150 (SCHUPP): SL 5889,<\/li>\n<li>DONALDSON: P82-7653,<\/li>\n<li>TOKSZERKEZET: 222425A1, 222425, 85826956, 87418366,<\/li>\n<li>HERNY\u00d3: 1547108, 1985314, 2310167,<\/li>\n<li>YALE: 580010991,<\/li>\n<li>TAKEUCHI: TY12993512520,<\/li>\n<li>VERMEER: 230926003,<\/li>\n<li>TORO: 1044260, 1083814,<\/li>\n<li>THWAITES: 15832, T 15832,<\/li>\n<li>42402,<\/li>\n<li>55021647,<\/li>\n<li>SULLAIR: 560937, 02250102-158, 02250125-371, 68415059, 2250102159, 264266,<\/li>\n<li>SAMBRON: 63496.4,<\/li>\n<\/ul>\n<\/div>\n<div style=\"font-weight: bold\"><\/div>\n<\/div>\n","protected":false},"excerpt":{"rendered":"<p style=\"text-align: justify\">L\u00e9gsz\u0171r\u0151 elem &#8211; WA20820<\/p>\n","protected":false},"featured_media":9510,"comment_status":"open","ping_status":"closed","template":"","meta":{"_acf_changed":false,"inline_featured_image":false},"product_brand":[],"product_cat":[307,276],"product_tag":[],"class_list":{"0":"post-9509","1":"product","2":"type-product","3":"status-publish","4":"has-post-thumbnail","6":"product_cat-legszurobetet","7":"product_cat-szurok","9":"first","10":"instock","11":"taxable","12":"shipping-taxable","13":"purchasable","14":"product-type-simple"},"acf":[],"yoast_head":"<!-- This site is optimized with the Yoast SEO plugin v27.4 - https:\/\/yoast.com\/product\/yoast-seo-wordpress\/ -->\n<title>L\u00e9gsz\u0171r\u0151 elem - WA20820 NEW HOLLAND NEW HOLLAND - Exparto.pl<\/title>\n<meta name=\"robots\" content=\"index, follow, max-snippet:-1, max-image-preview:large, max-video-preview:-1\" \/>\n<link rel=\"canonical\" href=\"https:\/\/exparto.pl\/hu\/produkt\/szuro-levego-belepo-wa20820-new-holland\/\" \/>\n<meta property=\"og:locale\" content=\"hu_HU\" \/>\n<meta property=\"og:type\" content=\"article\" \/>\n<meta property=\"og:title\" content=\"L\u00e9gsz\u0171r\u0151 elem - WA20820 NEW HOLLAND NEW HOLLAND - Exparto.pl\" \/>\n<meta property=\"og:description\" content=\"L\u00e9gsz\u0171r\u0151 elem - WA20820\" \/>\n<meta property=\"og:url\" content=\"https:\/\/exparto.pl\/hu\/produkt\/szuro-levego-belepo-wa20820-new-holland\/\" \/>\n<meta property=\"og:site_name\" content=\"Exparto.pl\" \/>\n<meta property=\"article:publisher\" content=\"https:\/\/www.facebook.com\/exparto.agro\/\" \/>\n<meta property=\"og:image\" content=\"https:\/\/exparto.pl\/wp-content\/uploads\/2023\/10\/d9d06f5a643a61d4aee200055a08405a.jpg\" \/>\n\t<meta property=\"og:image:width\" content=\"1000\" \/>\n\t<meta property=\"og:image:height\" content=\"1000\" \/>\n\t<meta property=\"og:image:type\" content=\"image\/jpeg\" \/>\n<meta name=\"twitter:card\" content=\"summary_large_image\" \/>\n<meta name=\"twitter:label1\" content=\"Becs\u00fclt olvas\u00e1si id\u0151\" \/>\n\t<meta name=\"twitter:data1\" content=\"1 perc\" \/>\n<script type=\"application\/ld+json\" class=\"yoast-schema-graph\">{\"@context\":\"https:\\\/\\\/schema.org\",\"@graph\":[{\"@type\":\"WebPage\",\"@id\":\"https:\\\/\\\/exparto.pl\\\/hu\\\/produkt\\\/szuro-levego-belepo-wa20820-new-holland\\\/\",\"url\":\"https:\\\/\\\/exparto.pl\\\/hu\\\/produkt\\\/szuro-levego-belepo-wa20820-new-holland\\\/\",\"name\":\"L\u00e9gsz\u0171r\u0151 elem - WA20820 NEW HOLLAND NEW HOLLAND - Exparto.pl\",\"isPartOf\":{\"@id\":\"https:\\\/\\\/exparto.pl\\\/hu\\\/#website\"},\"primaryImageOfPage\":{\"@id\":\"https:\\\/\\\/exparto.pl\\\/hu\\\/produkt\\\/szuro-levego-belepo-wa20820-new-holland\\\/#primaryimage\"},\"image\":{\"@id\":\"https:\\\/\\\/exparto.pl\\\/hu\\\/produkt\\\/szuro-levego-belepo-wa20820-new-holland\\\/#primaryimage\"},\"thumbnailUrl\":\"https:\\\/\\\/exparto.pl\\\/wp-content\\\/uploads\\\/2023\\\/10\\\/d9d06f5a643a61d4aee200055a08405a.jpg\",\"datePublished\":\"2023-10-06T12:39:41+00:00\",\"breadcrumb\":{\"@id\":\"https:\\\/\\\/exparto.pl\\\/hu\\\/produkt\\\/szuro-levego-belepo-wa20820-new-holland\\\/#breadcrumb\"},\"inLanguage\":\"hu\",\"potentialAction\":[{\"@type\":\"ReadAction\",\"target\":[\"https:\\\/\\\/exparto.pl\\\/hu\\\/produkt\\\/szuro-levego-belepo-wa20820-new-holland\\\/\"]}]},{\"@type\":\"ImageObject\",\"inLanguage\":\"hu\",\"@id\":\"https:\\\/\\\/exparto.pl\\\/hu\\\/produkt\\\/szuro-levego-belepo-wa20820-new-holland\\\/#primaryimage\",\"url\":\"https:\\\/\\\/exparto.pl\\\/wp-content\\\/uploads\\\/2023\\\/10\\\/d9d06f5a643a61d4aee200055a08405a.jpg\",\"contentUrl\":\"https:\\\/\\\/exparto.pl\\\/wp-content\\\/uploads\\\/2023\\\/10\\\/d9d06f5a643a61d4aee200055a08405a.jpg\",\"width\":1000,\"height\":1000},{\"@type\":\"BreadcrumbList\",\"@id\":\"https:\\\/\\\/exparto.pl\\\/hu\\\/produkt\\\/szuro-levego-belepo-wa20820-new-holland\\\/#breadcrumb\",\"itemListElement\":[{\"@type\":\"ListItem\",\"position\":1,\"name\":\"Honlap\",\"item\":\"https:\\\/\\\/exparto.pl\\\/hu\\\/\"},{\"@type\":\"ListItem\",\"position\":2,\"name\":\"Sklep\",\"item\":\"https:\\\/\\\/exparto.pl\\\/sklep\\\/\"},{\"@type\":\"ListItem\",\"position\":3,\"name\":\"Sz\u0171r\u0151k\",\"item\":\"https:\\\/\\\/exparto.pl\\\/hu\\\/termekkategoria\\\/szurok\\\/\"},{\"@type\":\"ListItem\",\"position\":4,\"name\":\"L\u00e9gsz\u0171r\u0151bet\u00e9t\",\"item\":\"https:\\\/\\\/exparto.pl\\\/hu\\\/termekkategoria\\\/szurok\\\/legszurobetet\\\/\"},{\"@type\":\"ListItem\",\"position\":5,\"name\":\"L\u00e9gsz\u0171r\u0151 elem &#8211; WA20820 NEW HOLLAND NEW HOLLAND\"}]},{\"@type\":\"WebSite\",\"@id\":\"https:\\\/\\\/exparto.pl\\\/hu\\\/#website\",\"url\":\"https:\\\/\\\/exparto.pl\\\/hu\\\/\",\"name\":\"EXPARTO\",\"description\":\"More than agro parts\",\"publisher\":{\"@id\":\"https:\\\/\\\/exparto.pl\\\/hu\\\/#organization\"},\"potentialAction\":[{\"@type\":\"SearchAction\",\"target\":{\"@type\":\"EntryPoint\",\"urlTemplate\":\"https:\\\/\\\/exparto.pl\\\/hu\\\/?s={search_term_string}\"},\"query-input\":{\"@type\":\"PropertyValueSpecification\",\"valueRequired\":true,\"valueName\":\"search_term_string\"}}],\"inLanguage\":\"hu\"},{\"@type\":\"Organization\",\"@id\":\"https:\\\/\\\/exparto.pl\\\/hu\\\/#organization\",\"name\":\"EXPARTO\",\"url\":\"https:\\\/\\\/exparto.pl\\\/hu\\\/\",\"logo\":{\"@type\":\"ImageObject\",\"inLanguage\":\"hu\",\"@id\":\"https:\\\/\\\/exparto.pl\\\/hu\\\/#\\\/schema\\\/logo\\\/image\\\/\",\"url\":\"https:\\\/\\\/exparto.pl\\\/wp-content\\\/uploads\\\/2023\\\/02\\\/logo-wektor.png\",\"contentUrl\":\"https:\\\/\\\/exparto.pl\\\/wp-content\\\/uploads\\\/2023\\\/02\\\/logo-wektor.png\",\"width\":1338,\"height\":143,\"caption\":\"EXPARTO\"},\"image\":{\"@id\":\"https:\\\/\\\/exparto.pl\\\/hu\\\/#\\\/schema\\\/logo\\\/image\\\/\"},\"sameAs\":[\"https:\\\/\\\/www.facebook.com\\\/exparto.agro\\\/\"]}]}<\/script>\n<!-- \/ Yoast SEO plugin. -->","yoast_head_json":{"title":"L\u00e9gsz\u0171r\u0151 elem - WA20820 NEW HOLLAND NEW HOLLAND - Exparto.pl","robots":{"index":"index","follow":"follow","max-snippet":"max-snippet:-1","max-image-preview":"max-image-preview:large","max-video-preview":"max-video-preview:-1"},"canonical":"https:\/\/exparto.pl\/hu\/produkt\/szuro-levego-belepo-wa20820-new-holland\/","og_locale":"hu_HU","og_type":"article","og_title":"L\u00e9gsz\u0171r\u0151 elem - WA20820 NEW HOLLAND NEW HOLLAND - Exparto.pl","og_description":"L\u00e9gsz\u0171r\u0151 elem - WA20820","og_url":"https:\/\/exparto.pl\/hu\/produkt\/szuro-levego-belepo-wa20820-new-holland\/","og_site_name":"Exparto.pl","article_publisher":"https:\/\/www.facebook.com\/exparto.agro\/","og_image":[{"width":1000,"height":1000,"url":"https:\/\/exparto.pl\/wp-content\/uploads\/2023\/10\/d9d06f5a643a61d4aee200055a08405a.jpg","type":"image\/jpeg"}],"twitter_card":"summary_large_image","twitter_misc":{"Becs\u00fclt olvas\u00e1si id\u0151":"1 perc"},"schema":{"@context":"https:\/\/schema.org","@graph":[{"@type":"WebPage","@id":"https:\/\/exparto.pl\/hu\/produkt\/szuro-levego-belepo-wa20820-new-holland\/","url":"https:\/\/exparto.pl\/hu\/produkt\/szuro-levego-belepo-wa20820-new-holland\/","name":"L\u00e9gsz\u0171r\u0151 elem - WA20820 NEW HOLLAND NEW HOLLAND - Exparto.pl","isPartOf":{"@id":"https:\/\/exparto.pl\/hu\/#website"},"primaryImageOfPage":{"@id":"https:\/\/exparto.pl\/hu\/produkt\/szuro-levego-belepo-wa20820-new-holland\/#primaryimage"},"image":{"@id":"https:\/\/exparto.pl\/hu\/produkt\/szuro-levego-belepo-wa20820-new-holland\/#primaryimage"},"thumbnailUrl":"https:\/\/exparto.pl\/wp-content\/uploads\/2023\/10\/d9d06f5a643a61d4aee200055a08405a.jpg","datePublished":"2023-10-06T12:39:41+00:00","breadcrumb":{"@id":"https:\/\/exparto.pl\/hu\/produkt\/szuro-levego-belepo-wa20820-new-holland\/#breadcrumb"},"inLanguage":"hu","potentialAction":[{"@type":"ReadAction","target":["https:\/\/exparto.pl\/hu\/produkt\/szuro-levego-belepo-wa20820-new-holland\/"]}]},{"@type":"ImageObject","inLanguage":"hu","@id":"https:\/\/exparto.pl\/hu\/produkt\/szuro-levego-belepo-wa20820-new-holland\/#primaryimage","url":"https:\/\/exparto.pl\/wp-content\/uploads\/2023\/10\/d9d06f5a643a61d4aee200055a08405a.jpg","contentUrl":"https:\/\/exparto.pl\/wp-content\/uploads\/2023\/10\/d9d06f5a643a61d4aee200055a08405a.jpg","width":1000,"height":1000},{"@type":"BreadcrumbList","@id":"https:\/\/exparto.pl\/hu\/produkt\/szuro-levego-belepo-wa20820-new-holland\/#breadcrumb","itemListElement":[{"@type":"ListItem","position":1,"name":"Honlap","item":"https:\/\/exparto.pl\/hu\/"},{"@type":"ListItem","position":2,"name":"Sklep","item":"https:\/\/exparto.pl\/sklep\/"},{"@type":"ListItem","position":3,"name":"Sz\u0171r\u0151k","item":"https:\/\/exparto.pl\/hu\/termekkategoria\/szurok\/"},{"@type":"ListItem","position":4,"name":"L\u00e9gsz\u0171r\u0151bet\u00e9t","item":"https:\/\/exparto.pl\/hu\/termekkategoria\/szurok\/legszurobetet\/"},{"@type":"ListItem","position":5,"name":"L\u00e9gsz\u0171r\u0151 elem &#8211; WA20820 NEW HOLLAND NEW HOLLAND"}]},{"@type":"WebSite","@id":"https:\/\/exparto.pl\/hu\/#website","url":"https:\/\/exparto.pl\/hu\/","name":"EXPARTO","description":"More than agro parts","publisher":{"@id":"https:\/\/exparto.pl\/hu\/#organization"},"potentialAction":[{"@type":"SearchAction","target":{"@type":"EntryPoint","urlTemplate":"https:\/\/exparto.pl\/hu\/?s={search_term_string}"},"query-input":{"@type":"PropertyValueSpecification","valueRequired":true,"valueName":"search_term_string"}}],"inLanguage":"hu"},{"@type":"Organization","@id":"https:\/\/exparto.pl\/hu\/#organization","name":"EXPARTO","url":"https:\/\/exparto.pl\/hu\/","logo":{"@type":"ImageObject","inLanguage":"hu","@id":"https:\/\/exparto.pl\/hu\/#\/schema\/logo\/image\/","url":"https:\/\/exparto.pl\/wp-content\/uploads\/2023\/02\/logo-wektor.png","contentUrl":"https:\/\/exparto.pl\/wp-content\/uploads\/2023\/02\/logo-wektor.png","width":1338,"height":143,"caption":"EXPARTO"},"image":{"@id":"https:\/\/exparto.pl\/hu\/#\/schema\/logo\/image\/"},"sameAs":["https:\/\/www.facebook.com\/exparto.agro\/"]}]}},"_links":{"self":[{"href":"https:\/\/exparto.pl\/hu\/wp-json\/wp\/v2\/product\/9509","targetHints":{"allow":["GET"]}}],"collection":[{"href":"https:\/\/exparto.pl\/hu\/wp-json\/wp\/v2\/product"}],"about":[{"href":"https:\/\/exparto.pl\/hu\/wp-json\/wp\/v2\/types\/product"}],"replies":[{"embeddable":true,"href":"https:\/\/exparto.pl\/hu\/wp-json\/wp\/v2\/comments?post=9509"}],"wp:featuredmedia":[{"embeddable":true,"href":"https:\/\/exparto.pl\/hu\/wp-json\/wp\/v2\/media\/9510"}],"wp:attachment":[{"href":"https:\/\/exparto.pl\/hu\/wp-json\/wp\/v2\/media?parent=9509"}],"wp:term":[{"taxonomy":"product_brand","embeddable":true,"href":"https:\/\/exparto.pl\/hu\/wp-json\/wp\/v2\/product_brand?post=9509"},{"taxonomy":"product_cat","embeddable":true,"href":"https:\/\/exparto.pl\/hu\/wp-json\/wp\/v2\/product_cat?post=9509"},{"taxonomy":"product_tag","embeddable":true,"href":"https:\/\/exparto.pl\/hu\/wp-json\/wp\/v2\/product_tag?post=9509"}],"curies":[{"name":"wp","href":"https:\/\/api.w.org\/{rel}","templated":true}]}}