{"id":9531,"date":"2023-10-06T13:44:38","date_gmt":"2023-10-06T11:44:38","guid":{"rendered":"https:\/\/exparto.pl\/produkt\/uzemanyagszuro-elem-wp415x-massey-ferguson-case-ih\/"},"modified":"2023-10-06T13:44:38","modified_gmt":"2023-10-06T11:44:38","slug":"uzemanyag-szuro-behelyezes-wp415x-massey-ferguson-case-ih","status":"publish","type":"product","link":"https:\/\/exparto.pl\/hu\/produkt\/uzemanyag-szuro-behelyezes-wp415x-massey-ferguson-case-ih\/","title":{"rendered":"\u00dczemanyagsz\u0171r\u0151 elem &#8211; WP415X MASSEY FERGUSON, CASE IH"},"content":{"rendered":"<p style=\"text-align: justify\"><b>Sz\u0171r\u0151 alkalmaz\u00e1sa:<\/b><\/p>\n<ul>\n<li style=\"text-align: justify\">CASE IH &#8211; CS\/CS PRO\/CS KOMPAKT-SOROZAT<\/li>\n<li style=\"text-align: justify\">CASE IH &#8211; CVX SOROZAT<\/li>\n<li style=\"text-align: justify\">FENDT &#8211; 5000 SOROZAT 5160 C, 5180, 5180 C, 5180 C<\/li>\n<li style=\"text-align: justify\">MASSEY FERGUSON &#8211; 1000-ES SOROZAT 1004 TURBO, 1007, 1114<\/li>\n<li style=\"text-align: justify\">MASSEY FERGUSON &#8211; 2000-ES SOROZAT 2620, 2625, 2640, 2645, 2680, 2685, 2720, 2725, 2720, 2725<\/li>\n<li style=\"text-align: justify\">MASSEY FERGUSON &#8211; 240-ES SOROZAT, 260-AS SOROZAT, 270-ES SOROZAT, 280-AS SOROZAT<\/li>\n<li style=\"text-align: justify\">MASSEY FERGUSON &#8211; 3600-AS SZ\u00c9RIA<\/li>\n<li style=\"text-align: justify\">NEW HOLLAND &#8211; 5000-ES SOROZAT, 8000-ES SOROZAT , TW SOROZAT<\/li>\n<\/ul>\n<div style=\"text-align: justify\"><span style=\"font-weight: bold\">\u00d6sszehasonl\u00edt\u00f3 sz\u00e1mok \/ P\u00f3tl\u00e1sok:<\/span><\/div>\n<div style=\"text-align: justify\"><span style=\"font-weight: bold\"> <\/span><\/div>\n<div style=\"text-align: justify\">\n<div>\n<ul>\n<li>ACDelco: ACD519,<\/li>\n<li>AGIP: 401,<\/li>\n<li>ALCO SZ\u0170R\u0150: MD195,<\/li>\n<li>BALDWIN: BF884,<\/li>\n<li>BEDFORD: 7984781,<\/li>\n<li>BOBCAT: 961048,<\/li>\n<li>BOSCH: 1457429678, 1457434200, 1457434220, 9451733006, 9455160328, G03, N4200,<\/li>\n<li>ESET: IH 162000081001, IH 86570171,<\/li>\n<li>L\u00c1NCTALPAS: 2W-3236,<\/li>\n<li>CAV: 7111\/796, 7111\/896, 7176\/902,<\/li>\n<li>CHAMP: FC17,<\/li>\n<li>BAJNOK: L132,<\/li>\n<li>CITRO\u00cbN: 594734, 9401906148, 95503693, 95583693,<\/li>\n<li>CLAAS: CT6005007410,<\/li>\n<li>CLARK: 961048,<\/li>\n<li>TISZTA SZ\u0170R\u0150K: DN222,<\/li>\n<li>COLES: 8772571,<\/li>\n<li>COOPERS: AZF029, AZF086,<\/li>\n<li>CROSLAND: 620,<\/li>\n<li>DAEWOO: 079505081, 54950,<\/li>\n<li>DAF: 37H7937, LBU5319,<\/li>\n<li>DELPHI: FF0007, HDF796, HDF902,<\/li>\n<li>DENCKERMANN: A120011,<\/li>\n<li>DONALDSON: P55-6287,<\/li>\n<li>DONIT SZ\u0170R\u0150: 43.21.34,<\/li>\n<li>EUROREPAR: E148003,<\/li>\n<li>FIAMM: FP4779,<\/li>\n<li>FIAT: 5583693, 5984018, 83917626, 9939229,<\/li>\n<li>FIATAGRI: 1930277,<\/li>\n<li>FILTRON: PM844,<\/li>\n<li>FISPA: FNC052, FNE300,<\/li>\n<li>FLEETGUARD: FF4052, FF4052A,<\/li>\n<li>FOMOCO: 78GB9150AA,<\/li>\n<li>FORD: 1583371, 5020286, 5026 836, 78GB9150AA, 86570171, D8NN9176AA,<\/li>\n<li>KERET: C4161, C4163,<\/li>\n<li>FSO: 54950,<\/li>\n<li>GENERAL MOTORS: 7984781,<\/li>\n<li>GUD SZ\u0170R\u0150K: G912,<\/li>\n<li>HANOMAG: 26560602,<\/li>\n<li>HENGST SZ\u0170R\u0150: E76\/1K, E76KD42,<\/li>\n<li>IVECO: 1930277,<\/li>\n<li>JCB: 32\/400052, 32\/400502,<\/li>\n<li>KNECHT: DF21, KX24D,<\/li>\n<li>KOMATSU: 26566602,<\/li>\n<li>LAMBORGHINI: 2.4319.130.1,<\/li>\n<li>LANDINI: 3541382M1, E3541382M1,<\/li>\n<li>LEYLAND: 37H7937, ABU8555, LBU5319,<\/li>\n<li>LUBERFINER: LFF3501,<\/li>\n<li>LUCAS: 7111\/796, 7176\/902, 796, 902, HDF796, HDF902,<\/li>\n<li>MANN-FILTER: P945x,<\/li>\n<li>H\u00daS: DORIA 4116,<\/li>\n<li>MECAFILTER: ELG5205, ELG5205B,<\/li>\n<li>MFILTER: MP432,<\/li>\n<li>MISFAT: M361,<\/li>\n<li>030784678,<\/li>\n<li>MOTAQUIP: VFF104, VFF114,<\/li>\n<li>Motorcraft: EFG2, EFG24, EFG6013,<\/li>\n<li>NEW HOLLAND: 162000080705, 47377748, 83917626, 86570171,<\/li>\n<li>PBR: 1930277,<\/li>\n<li>PEGASO: 197785, 220994, 770915,<\/li>\n<li>PERKINS: 2650088, 2650097, 2650125, 26560602, 26560607, 26566602,<\/li>\n<li>PEUGEOT: 190612, 190614, 1906E2,<\/li>\n<li>POWERPART: 26566602,<\/li>\n<li>PURFLUX: CS178, CS178A,<\/li>\n<li>PUROLATOR: F57783, MFF707A, MFF783A,<\/li>\n<li>RENAULT: 0003052535, 3052535, 3082657, 6005000895, 6005007410, 7701028181, 7701065610, 7711502907,<\/li>\n<li>ROLLS-ROYCE: FROM18873,<\/li>\n<li>ROVER: WJN10019,<\/li>\n<li>SAME: 243191301,<\/li>\n<li>SLANZI: 2175067, 40.60.42,<\/li>\n<li>SOFIMA: S8111NC,<\/li>\n<li>STEYR: 1620.00.08.1001,<\/li>\n<li>T.J.FRAZIER: FK9314,<\/li>\n<li>TECNOCAR: N1118,<\/li>\n<li>TEHO: D103,<\/li>\n<li>PL. SZ\u0170R\u0150K: FK9314,<\/li>\n<li>UFI: 24.361.00,<\/li>\n<li>UNICO SZ\u0170R\u0150: FP8112X,<\/li>\n<li>UNIPART: GFE5006, GFE5298, GFE5306,<\/li>\n<li>VALTRA: 836339371, V836339371,<\/li>\n<li>VM: 45310059A, 4531059,<\/li>\n<li>VOLVO: 210161, 3210209, 3210209-7,<\/li>\n<li>WIX-CN: 33196, WF8020,<\/li>\n<li>WOODGATE: WGF796,<\/li>\n<li>WP415X: ,<\/li>\n<li>243191301,<\/li>\n<li>ALCO SZ\u0170R\u0150 MD-195<\/li>\n<li>BOSCH 1 457 429 678<\/li>\n<li>BOSCH 1 457 434 200<\/li>\n<li>TISZTA SZ\u0170R\u0150K DN 222<\/li>\n<li>DELPHI HDF796<\/li>\n<li>DELPHI HDF902<\/li>\n<li>DENCKERMANN A120011<\/li>\n<li>DONALDSON P556287<\/li>\n<li>FILTRON PM 844<\/li>\n<li>FLEETGUARD FF4052A<\/li>\n<li>FRAM C4161<\/li>\n<li>FRAM C4163<\/li>\n<li>HENGST SZ\u0170R\u0150 E76K D42<\/li>\n<li>KNECHT KX 24D<\/li>\n<li>MANN-FILTER P 945 x<\/li>\n<li>H\u00daS DORIA 4116<\/li>\n<li>MECAFILTER ELG5205<\/li>\n<li>MISFAT M361<\/li>\n<li>PURFLUX CS178<\/li>\n<li>PURFLUX CS178A<\/li>\n<li>SOFIMA S 8111 NC<\/li>\n<li>UFI 24.361.00<\/li>\n<\/ul>\n<\/div>\n<\/div>\n","protected":false},"excerpt":{"rendered":"<p style=\"text-align: justify\">\u00dczemanyagsz\u0171r\u0151 elem &#8211; WP415X MASSEY FERGUSON<\/p>\n","protected":false},"featured_media":9532,"comment_status":"open","ping_status":"closed","template":"","meta":{"_acf_changed":false,"inline_featured_image":false},"product_brand":[],"product_cat":[276,306],"product_tag":[],"class_list":{"0":"post-9531","1":"product","2":"type-product","3":"status-publish","4":"has-post-thumbnail","6":"product_cat-szurok","7":"product_cat-uzemanyagszuro-betet","9":"first","10":"instock","11":"taxable","12":"shipping-taxable","13":"purchasable","14":"product-type-simple"},"acf":[],"yoast_head":"<!-- This site is optimized with the Yoast SEO plugin v27.3 - https:\/\/yoast.com\/product\/yoast-seo-wordpress\/ -->\n<title>\u00dczemanyagsz\u0171r\u0151 elem - WP415X MASSEY FERGUSON, CASE IH - Exparto.pl<\/title>\n<meta name=\"robots\" content=\"index, follow, max-snippet:-1, max-image-preview:large, max-video-preview:-1\" \/>\n<link rel=\"canonical\" href=\"https:\/\/exparto.pl\/hu\/produkt\/uzemanyag-szuro-behelyezes-wp415x-massey-ferguson-case-ih\/\" \/>\n<meta property=\"og:locale\" content=\"hu_HU\" \/>\n<meta property=\"og:type\" content=\"article\" \/>\n<meta property=\"og:title\" content=\"\u00dczemanyagsz\u0171r\u0151 elem - WP415X MASSEY FERGUSON, CASE IH - Exparto.pl\" \/>\n<meta property=\"og:description\" content=\"\u00dczemanyagsz\u0171r\u0151 elem - WP415X MASSEY FERGUSON\" \/>\n<meta property=\"og:url\" content=\"https:\/\/exparto.pl\/hu\/produkt\/uzemanyag-szuro-behelyezes-wp415x-massey-ferguson-case-ih\/\" \/>\n<meta property=\"og:site_name\" content=\"Exparto.pl\" \/>\n<meta property=\"article:publisher\" content=\"https:\/\/www.facebook.com\/exparto.agro\/\" \/>\n<meta property=\"og:image\" content=\"https:\/\/exparto.pl\/wp-content\/uploads\/2023\/10\/0f0de264aec161f624add69c30091fd5.jpg\" \/>\n\t<meta property=\"og:image:width\" content=\"1000\" \/>\n\t<meta property=\"og:image:height\" content=\"1000\" \/>\n\t<meta property=\"og:image:type\" content=\"image\/jpeg\" \/>\n<meta name=\"twitter:card\" content=\"summary_large_image\" \/>\n<meta name=\"twitter:label1\" content=\"Becs\u00fclt olvas\u00e1si id\u0151\" \/>\n\t<meta name=\"twitter:data1\" content=\"2 perc\" \/>\n<script type=\"application\/ld+json\" class=\"yoast-schema-graph\">{\"@context\":\"https:\\\/\\\/schema.org\",\"@graph\":[{\"@type\":\"WebPage\",\"@id\":\"https:\\\/\\\/exparto.pl\\\/hu\\\/produkt\\\/uzemanyag-szuro-behelyezes-wp415x-massey-ferguson-case-ih\\\/\",\"url\":\"https:\\\/\\\/exparto.pl\\\/hu\\\/produkt\\\/uzemanyag-szuro-behelyezes-wp415x-massey-ferguson-case-ih\\\/\",\"name\":\"\u00dczemanyagsz\u0171r\u0151 elem - WP415X MASSEY FERGUSON, CASE IH - Exparto.pl\",\"isPartOf\":{\"@id\":\"https:\\\/\\\/exparto.pl\\\/hu\\\/#website\"},\"primaryImageOfPage\":{\"@id\":\"https:\\\/\\\/exparto.pl\\\/hu\\\/produkt\\\/uzemanyag-szuro-behelyezes-wp415x-massey-ferguson-case-ih\\\/#primaryimage\"},\"image\":{\"@id\":\"https:\\\/\\\/exparto.pl\\\/hu\\\/produkt\\\/uzemanyag-szuro-behelyezes-wp415x-massey-ferguson-case-ih\\\/#primaryimage\"},\"thumbnailUrl\":\"https:\\\/\\\/exparto.pl\\\/wp-content\\\/uploads\\\/2023\\\/10\\\/0f0de264aec161f624add69c30091fd5.jpg\",\"datePublished\":\"2023-10-06T11:44:38+00:00\",\"breadcrumb\":{\"@id\":\"https:\\\/\\\/exparto.pl\\\/hu\\\/produkt\\\/uzemanyag-szuro-behelyezes-wp415x-massey-ferguson-case-ih\\\/#breadcrumb\"},\"inLanguage\":\"hu\",\"potentialAction\":[{\"@type\":\"ReadAction\",\"target\":[\"https:\\\/\\\/exparto.pl\\\/hu\\\/produkt\\\/uzemanyag-szuro-behelyezes-wp415x-massey-ferguson-case-ih\\\/\"]}]},{\"@type\":\"ImageObject\",\"inLanguage\":\"hu\",\"@id\":\"https:\\\/\\\/exparto.pl\\\/hu\\\/produkt\\\/uzemanyag-szuro-behelyezes-wp415x-massey-ferguson-case-ih\\\/#primaryimage\",\"url\":\"https:\\\/\\\/exparto.pl\\\/wp-content\\\/uploads\\\/2023\\\/10\\\/0f0de264aec161f624add69c30091fd5.jpg\",\"contentUrl\":\"https:\\\/\\\/exparto.pl\\\/wp-content\\\/uploads\\\/2023\\\/10\\\/0f0de264aec161f624add69c30091fd5.jpg\",\"width\":1000,\"height\":1000},{\"@type\":\"BreadcrumbList\",\"@id\":\"https:\\\/\\\/exparto.pl\\\/hu\\\/produkt\\\/uzemanyag-szuro-behelyezes-wp415x-massey-ferguson-case-ih\\\/#breadcrumb\",\"itemListElement\":[{\"@type\":\"ListItem\",\"position\":1,\"name\":\"Honlap\",\"item\":\"https:\\\/\\\/exparto.pl\\\/hu\\\/\"},{\"@type\":\"ListItem\",\"position\":2,\"name\":\"Sklep\",\"item\":\"https:\\\/\\\/exparto.pl\\\/sklep\\\/\"},{\"@type\":\"ListItem\",\"position\":3,\"name\":\"Sz\u0171r\u0151k\",\"item\":\"https:\\\/\\\/exparto.pl\\\/hu\\\/termekkategoria\\\/szurok\\\/\"},{\"@type\":\"ListItem\",\"position\":4,\"name\":\"\u00dczemanyagsz\u0171r\u0151 bet\u00e9t\",\"item\":\"https:\\\/\\\/exparto.pl\\\/hu\\\/termekkategoria\\\/szurok\\\/uzemanyagszuro-betet\\\/\"},{\"@type\":\"ListItem\",\"position\":5,\"name\":\"\u00dczemanyagsz\u0171r\u0151 elem &#8211; WP415X MASSEY FERGUSON, CASE IH\"}]},{\"@type\":\"WebSite\",\"@id\":\"https:\\\/\\\/exparto.pl\\\/hu\\\/#website\",\"url\":\"https:\\\/\\\/exparto.pl\\\/hu\\\/\",\"name\":\"EXPARTO\",\"description\":\"More than agro parts\",\"publisher\":{\"@id\":\"https:\\\/\\\/exparto.pl\\\/hu\\\/#organization\"},\"potentialAction\":[{\"@type\":\"SearchAction\",\"target\":{\"@type\":\"EntryPoint\",\"urlTemplate\":\"https:\\\/\\\/exparto.pl\\\/hu\\\/?s={search_term_string}\"},\"query-input\":{\"@type\":\"PropertyValueSpecification\",\"valueRequired\":true,\"valueName\":\"search_term_string\"}}],\"inLanguage\":\"hu\"},{\"@type\":\"Organization\",\"@id\":\"https:\\\/\\\/exparto.pl\\\/hu\\\/#organization\",\"name\":\"EXPARTO\",\"url\":\"https:\\\/\\\/exparto.pl\\\/hu\\\/\",\"logo\":{\"@type\":\"ImageObject\",\"inLanguage\":\"hu\",\"@id\":\"https:\\\/\\\/exparto.pl\\\/hu\\\/#\\\/schema\\\/logo\\\/image\\\/\",\"url\":\"https:\\\/\\\/exparto.pl\\\/wp-content\\\/uploads\\\/2023\\\/02\\\/logo-wektor.png\",\"contentUrl\":\"https:\\\/\\\/exparto.pl\\\/wp-content\\\/uploads\\\/2023\\\/02\\\/logo-wektor.png\",\"width\":1338,\"height\":143,\"caption\":\"EXPARTO\"},\"image\":{\"@id\":\"https:\\\/\\\/exparto.pl\\\/hu\\\/#\\\/schema\\\/logo\\\/image\\\/\"},\"sameAs\":[\"https:\\\/\\\/www.facebook.com\\\/exparto.agro\\\/\"]}]}<\/script>\n<!-- \/ Yoast SEO plugin. -->","yoast_head_json":{"title":"\u00dczemanyagsz\u0171r\u0151 elem - WP415X MASSEY FERGUSON, CASE IH - Exparto.pl","robots":{"index":"index","follow":"follow","max-snippet":"max-snippet:-1","max-image-preview":"max-image-preview:large","max-video-preview":"max-video-preview:-1"},"canonical":"https:\/\/exparto.pl\/hu\/produkt\/uzemanyag-szuro-behelyezes-wp415x-massey-ferguson-case-ih\/","og_locale":"hu_HU","og_type":"article","og_title":"\u00dczemanyagsz\u0171r\u0151 elem - WP415X MASSEY FERGUSON, CASE IH - Exparto.pl","og_description":"\u00dczemanyagsz\u0171r\u0151 elem - WP415X MASSEY FERGUSON","og_url":"https:\/\/exparto.pl\/hu\/produkt\/uzemanyag-szuro-behelyezes-wp415x-massey-ferguson-case-ih\/","og_site_name":"Exparto.pl","article_publisher":"https:\/\/www.facebook.com\/exparto.agro\/","og_image":[{"width":1000,"height":1000,"url":"https:\/\/exparto.pl\/wp-content\/uploads\/2023\/10\/0f0de264aec161f624add69c30091fd5.jpg","type":"image\/jpeg"}],"twitter_card":"summary_large_image","twitter_misc":{"Becs\u00fclt olvas\u00e1si id\u0151":"2 perc"},"schema":{"@context":"https:\/\/schema.org","@graph":[{"@type":"WebPage","@id":"https:\/\/exparto.pl\/hu\/produkt\/uzemanyag-szuro-behelyezes-wp415x-massey-ferguson-case-ih\/","url":"https:\/\/exparto.pl\/hu\/produkt\/uzemanyag-szuro-behelyezes-wp415x-massey-ferguson-case-ih\/","name":"\u00dczemanyagsz\u0171r\u0151 elem - WP415X MASSEY FERGUSON, CASE IH - Exparto.pl","isPartOf":{"@id":"https:\/\/exparto.pl\/hu\/#website"},"primaryImageOfPage":{"@id":"https:\/\/exparto.pl\/hu\/produkt\/uzemanyag-szuro-behelyezes-wp415x-massey-ferguson-case-ih\/#primaryimage"},"image":{"@id":"https:\/\/exparto.pl\/hu\/produkt\/uzemanyag-szuro-behelyezes-wp415x-massey-ferguson-case-ih\/#primaryimage"},"thumbnailUrl":"https:\/\/exparto.pl\/wp-content\/uploads\/2023\/10\/0f0de264aec161f624add69c30091fd5.jpg","datePublished":"2023-10-06T11:44:38+00:00","breadcrumb":{"@id":"https:\/\/exparto.pl\/hu\/produkt\/uzemanyag-szuro-behelyezes-wp415x-massey-ferguson-case-ih\/#breadcrumb"},"inLanguage":"hu","potentialAction":[{"@type":"ReadAction","target":["https:\/\/exparto.pl\/hu\/produkt\/uzemanyag-szuro-behelyezes-wp415x-massey-ferguson-case-ih\/"]}]},{"@type":"ImageObject","inLanguage":"hu","@id":"https:\/\/exparto.pl\/hu\/produkt\/uzemanyag-szuro-behelyezes-wp415x-massey-ferguson-case-ih\/#primaryimage","url":"https:\/\/exparto.pl\/wp-content\/uploads\/2023\/10\/0f0de264aec161f624add69c30091fd5.jpg","contentUrl":"https:\/\/exparto.pl\/wp-content\/uploads\/2023\/10\/0f0de264aec161f624add69c30091fd5.jpg","width":1000,"height":1000},{"@type":"BreadcrumbList","@id":"https:\/\/exparto.pl\/hu\/produkt\/uzemanyag-szuro-behelyezes-wp415x-massey-ferguson-case-ih\/#breadcrumb","itemListElement":[{"@type":"ListItem","position":1,"name":"Honlap","item":"https:\/\/exparto.pl\/hu\/"},{"@type":"ListItem","position":2,"name":"Sklep","item":"https:\/\/exparto.pl\/sklep\/"},{"@type":"ListItem","position":3,"name":"Sz\u0171r\u0151k","item":"https:\/\/exparto.pl\/hu\/termekkategoria\/szurok\/"},{"@type":"ListItem","position":4,"name":"\u00dczemanyagsz\u0171r\u0151 bet\u00e9t","item":"https:\/\/exparto.pl\/hu\/termekkategoria\/szurok\/uzemanyagszuro-betet\/"},{"@type":"ListItem","position":5,"name":"\u00dczemanyagsz\u0171r\u0151 elem &#8211; WP415X MASSEY FERGUSON, CASE IH"}]},{"@type":"WebSite","@id":"https:\/\/exparto.pl\/hu\/#website","url":"https:\/\/exparto.pl\/hu\/","name":"EXPARTO","description":"More than agro parts","publisher":{"@id":"https:\/\/exparto.pl\/hu\/#organization"},"potentialAction":[{"@type":"SearchAction","target":{"@type":"EntryPoint","urlTemplate":"https:\/\/exparto.pl\/hu\/?s={search_term_string}"},"query-input":{"@type":"PropertyValueSpecification","valueRequired":true,"valueName":"search_term_string"}}],"inLanguage":"hu"},{"@type":"Organization","@id":"https:\/\/exparto.pl\/hu\/#organization","name":"EXPARTO","url":"https:\/\/exparto.pl\/hu\/","logo":{"@type":"ImageObject","inLanguage":"hu","@id":"https:\/\/exparto.pl\/hu\/#\/schema\/logo\/image\/","url":"https:\/\/exparto.pl\/wp-content\/uploads\/2023\/02\/logo-wektor.png","contentUrl":"https:\/\/exparto.pl\/wp-content\/uploads\/2023\/02\/logo-wektor.png","width":1338,"height":143,"caption":"EXPARTO"},"image":{"@id":"https:\/\/exparto.pl\/hu\/#\/schema\/logo\/image\/"},"sameAs":["https:\/\/www.facebook.com\/exparto.agro\/"]}]}},"_links":{"self":[{"href":"https:\/\/exparto.pl\/hu\/wp-json\/wp\/v2\/product\/9531","targetHints":{"allow":["GET"]}}],"collection":[{"href":"https:\/\/exparto.pl\/hu\/wp-json\/wp\/v2\/product"}],"about":[{"href":"https:\/\/exparto.pl\/hu\/wp-json\/wp\/v2\/types\/product"}],"replies":[{"embeddable":true,"href":"https:\/\/exparto.pl\/hu\/wp-json\/wp\/v2\/comments?post=9531"}],"wp:featuredmedia":[{"embeddable":true,"href":"https:\/\/exparto.pl\/hu\/wp-json\/wp\/v2\/media\/9532"}],"wp:attachment":[{"href":"https:\/\/exparto.pl\/hu\/wp-json\/wp\/v2\/media?parent=9531"}],"wp:term":[{"taxonomy":"product_brand","embeddable":true,"href":"https:\/\/exparto.pl\/hu\/wp-json\/wp\/v2\/product_brand?post=9531"},{"taxonomy":"product_cat","embeddable":true,"href":"https:\/\/exparto.pl\/hu\/wp-json\/wp\/v2\/product_cat?post=9531"},{"taxonomy":"product_tag","embeddable":true,"href":"https:\/\/exparto.pl\/hu\/wp-json\/wp\/v2\/product_tag?post=9531"}],"curies":[{"name":"wp","href":"https:\/\/api.w.org\/{rel}","templated":true}]}}