{"id":9541,"date":"2023-10-06T14:40:27","date_gmt":"2023-10-06T12:40:27","guid":{"rendered":"https:\/\/exparto.pl\/produkt\/legszuro-elem-wa201400-new-holland-class\/"},"modified":"2023-10-06T14:40:27","modified_gmt":"2023-10-06T12:40:27","slug":"szuro-levego-belepo-wa201400-new-holland-class","status":"publish","type":"product","link":"https:\/\/exparto.pl\/hu\/produkt\/szuro-levego-belepo-wa201400-new-holland-class\/","title":{"rendered":"L\u00e9gsz\u0171r\u0151 elem &#8211; WA201400 NEW HOLLAND, CLASS"},"content":{"rendered":"<p style=\"text-align: justify\"><b>Sz\u0171r\u0151 alkalmaz\u00e1sa:<\/b><\/p>\n<ul>\n<li style=\"text-align: justify\">CASE IH &#8211; AF SOROZAT, JX SOROZAT, JXC SOROZAT, JXU SOROZAT, MX-C SOROZAT, MX-C SOROZAT<\/li>\n<li style=\"text-align: justify\">OSZT\u00c1LY &#8211; AXOS, CERES, ELIOS, NECTIS, NEXOS, SCORPION, TARGO, NEXOS, SKORPI\u00d3, TARGO<\/li>\n<li style=\"text-align: justify\">DEUTZ-FAHR &#8211; AGROFARM, AGROLUX, AGROPLUS<\/li>\n<li style=\"text-align: justify\">SOK\u00d3\u0141KA GAZDA<\/li>\n<li style=\"text-align: justify\">JOHN DEERE &#8211; 3000 SOROZAT, 5000 SOROZAT, 5E KORL\u00c1TOZOTT SOROZAT, 5E SOROZAT, 5EN SOROZAT, 5G SOROZAT, 5EN SOROZAT<\/li>\n<li style=\"text-align: justify\">KUBOTA &#8211; M SOROZAT, M40 SOROZAT, ME SOROZAT<\/li>\n<li style=\"text-align: justify\">MASSEY FERGUSON &#8211; 3 SOROZAT, 3600 SOROZAT, 5 SOROZAT, 6 SOROZAT, 5400 SOROZAT , 6400 SOROZAT, 6400 SOROZAT<\/li>\n<li style=\"text-align: justify\">NEW HOLLAND &#8211; CR SOROZAT, CX SOROZAT, FX SOROZAT, TD\/TDD SOROZAT, TL\/TL-A-SOROZAT, TL\/TL-A-SOROZAT<\/li>\n<\/ul>\n<div style=\"text-align: justify\"><span style=\"font-weight: bold\">\u00d6sszehasonl\u00edt\u00f3 sz\u00e1mok \/ P\u00f3tl\u00e1sok:<\/span><\/div>\n<div style=\"text-align: justify\"><span style=\"font-weight: bold\"> <\/span><\/div>\n<div style=\"text-align: justify\">\n<ul>\n<li>MANN C17337, FILTRON AR285, HENGST E434L, UFI 27.356.00, FLEETGUARD AF-25557<\/li>\n<\/ul>\n<\/div>\n","protected":false},"excerpt":{"rendered":"<p style=\"text-align: justify\">L\u00e9gsz\u0171r\u0151 elem &#8211; WA201400 NEW HOLLAND, CLASS<\/p>\n","protected":false},"featured_media":9542,"comment_status":"open","ping_status":"closed","template":"","meta":{"_acf_changed":false,"inline_featured_image":false},"product_brand":[],"product_cat":[307,276],"product_tag":[],"class_list":{"0":"post-9541","1":"product","2":"type-product","3":"status-publish","4":"has-post-thumbnail","6":"product_cat-legszurobetet","7":"product_cat-szurok","9":"first","10":"instock","11":"taxable","12":"shipping-taxable","13":"purchasable","14":"product-type-simple"},"acf":[],"yoast_head":"<!-- This site is optimized with the Yoast SEO plugin v27.3 - https:\/\/yoast.com\/product\/yoast-seo-wordpress\/ -->\n<title>L\u00e9gsz\u0171r\u0151 elem - WA201400 NEW HOLLAND, CLASS - Exparto.pl<\/title>\n<meta name=\"robots\" content=\"index, follow, max-snippet:-1, max-image-preview:large, max-video-preview:-1\" \/>\n<link rel=\"canonical\" href=\"https:\/\/exparto.pl\/hu\/produkt\/szuro-levego-belepo-wa201400-new-holland-class\/\" \/>\n<meta property=\"og:locale\" content=\"hu_HU\" \/>\n<meta property=\"og:type\" content=\"article\" \/>\n<meta property=\"og:title\" content=\"L\u00e9gsz\u0171r\u0151 elem - WA201400 NEW HOLLAND, CLASS - Exparto.pl\" \/>\n<meta property=\"og:description\" content=\"L\u00e9gsz\u0171r\u0151 elem - WA201400 NEW HOLLAND, CLASS\" \/>\n<meta property=\"og:url\" content=\"https:\/\/exparto.pl\/hu\/produkt\/szuro-levego-belepo-wa201400-new-holland-class\/\" \/>\n<meta property=\"og:site_name\" content=\"Exparto.pl\" \/>\n<meta property=\"article:publisher\" content=\"https:\/\/www.facebook.com\/exparto.agro\/\" \/>\n<meta property=\"og:image\" content=\"https:\/\/exparto.pl\/wp-content\/uploads\/2023\/10\/20410fd6c341c491ac7d0eaf4d7f3b3f.jpg\" \/>\n\t<meta property=\"og:image:width\" content=\"1000\" \/>\n\t<meta property=\"og:image:height\" content=\"1000\" \/>\n\t<meta property=\"og:image:type\" content=\"image\/jpeg\" \/>\n<meta name=\"twitter:card\" content=\"summary_large_image\" \/>\n<meta name=\"twitter:label1\" content=\"Becs\u00fclt olvas\u00e1si id\u0151\" \/>\n\t<meta name=\"twitter:data1\" content=\"1 perc\" \/>\n<script type=\"application\/ld+json\" class=\"yoast-schema-graph\">{\"@context\":\"https:\\\/\\\/schema.org\",\"@graph\":[{\"@type\":\"WebPage\",\"@id\":\"https:\\\/\\\/exparto.pl\\\/hu\\\/produkt\\\/szuro-levego-belepo-wa201400-new-holland-class\\\/\",\"url\":\"https:\\\/\\\/exparto.pl\\\/hu\\\/produkt\\\/szuro-levego-belepo-wa201400-new-holland-class\\\/\",\"name\":\"L\u00e9gsz\u0171r\u0151 elem - WA201400 NEW HOLLAND, CLASS - Exparto.pl\",\"isPartOf\":{\"@id\":\"https:\\\/\\\/exparto.pl\\\/hu\\\/#website\"},\"primaryImageOfPage\":{\"@id\":\"https:\\\/\\\/exparto.pl\\\/hu\\\/produkt\\\/szuro-levego-belepo-wa201400-new-holland-class\\\/#primaryimage\"},\"image\":{\"@id\":\"https:\\\/\\\/exparto.pl\\\/hu\\\/produkt\\\/szuro-levego-belepo-wa201400-new-holland-class\\\/#primaryimage\"},\"thumbnailUrl\":\"https:\\\/\\\/exparto.pl\\\/wp-content\\\/uploads\\\/2023\\\/10\\\/20410fd6c341c491ac7d0eaf4d7f3b3f.jpg\",\"datePublished\":\"2023-10-06T12:40:27+00:00\",\"breadcrumb\":{\"@id\":\"https:\\\/\\\/exparto.pl\\\/hu\\\/produkt\\\/szuro-levego-belepo-wa201400-new-holland-class\\\/#breadcrumb\"},\"inLanguage\":\"hu\",\"potentialAction\":[{\"@type\":\"ReadAction\",\"target\":[\"https:\\\/\\\/exparto.pl\\\/hu\\\/produkt\\\/szuro-levego-belepo-wa201400-new-holland-class\\\/\"]}]},{\"@type\":\"ImageObject\",\"inLanguage\":\"hu\",\"@id\":\"https:\\\/\\\/exparto.pl\\\/hu\\\/produkt\\\/szuro-levego-belepo-wa201400-new-holland-class\\\/#primaryimage\",\"url\":\"https:\\\/\\\/exparto.pl\\\/wp-content\\\/uploads\\\/2023\\\/10\\\/20410fd6c341c491ac7d0eaf4d7f3b3f.jpg\",\"contentUrl\":\"https:\\\/\\\/exparto.pl\\\/wp-content\\\/uploads\\\/2023\\\/10\\\/20410fd6c341c491ac7d0eaf4d7f3b3f.jpg\",\"width\":1000,\"height\":1000},{\"@type\":\"BreadcrumbList\",\"@id\":\"https:\\\/\\\/exparto.pl\\\/hu\\\/produkt\\\/szuro-levego-belepo-wa201400-new-holland-class\\\/#breadcrumb\",\"itemListElement\":[{\"@type\":\"ListItem\",\"position\":1,\"name\":\"Honlap\",\"item\":\"https:\\\/\\\/exparto.pl\\\/hu\\\/\"},{\"@type\":\"ListItem\",\"position\":2,\"name\":\"Sklep\",\"item\":\"https:\\\/\\\/exparto.pl\\\/sklep\\\/\"},{\"@type\":\"ListItem\",\"position\":3,\"name\":\"Sz\u0171r\u0151k\",\"item\":\"https:\\\/\\\/exparto.pl\\\/hu\\\/termekkategoria\\\/szurok\\\/\"},{\"@type\":\"ListItem\",\"position\":4,\"name\":\"L\u00e9gsz\u0171r\u0151bet\u00e9t\",\"item\":\"https:\\\/\\\/exparto.pl\\\/hu\\\/termekkategoria\\\/szurok\\\/legszurobetet\\\/\"},{\"@type\":\"ListItem\",\"position\":5,\"name\":\"L\u00e9gsz\u0171r\u0151 elem &#8211; WA201400 NEW HOLLAND, CLASS\"}]},{\"@type\":\"WebSite\",\"@id\":\"https:\\\/\\\/exparto.pl\\\/hu\\\/#website\",\"url\":\"https:\\\/\\\/exparto.pl\\\/hu\\\/\",\"name\":\"EXPARTO\",\"description\":\"More than agro parts\",\"publisher\":{\"@id\":\"https:\\\/\\\/exparto.pl\\\/hu\\\/#organization\"},\"potentialAction\":[{\"@type\":\"SearchAction\",\"target\":{\"@type\":\"EntryPoint\",\"urlTemplate\":\"https:\\\/\\\/exparto.pl\\\/hu\\\/?s={search_term_string}\"},\"query-input\":{\"@type\":\"PropertyValueSpecification\",\"valueRequired\":true,\"valueName\":\"search_term_string\"}}],\"inLanguage\":\"hu\"},{\"@type\":\"Organization\",\"@id\":\"https:\\\/\\\/exparto.pl\\\/hu\\\/#organization\",\"name\":\"EXPARTO\",\"url\":\"https:\\\/\\\/exparto.pl\\\/hu\\\/\",\"logo\":{\"@type\":\"ImageObject\",\"inLanguage\":\"hu\",\"@id\":\"https:\\\/\\\/exparto.pl\\\/hu\\\/#\\\/schema\\\/logo\\\/image\\\/\",\"url\":\"https:\\\/\\\/exparto.pl\\\/wp-content\\\/uploads\\\/2023\\\/02\\\/logo-wektor.png\",\"contentUrl\":\"https:\\\/\\\/exparto.pl\\\/wp-content\\\/uploads\\\/2023\\\/02\\\/logo-wektor.png\",\"width\":1338,\"height\":143,\"caption\":\"EXPARTO\"},\"image\":{\"@id\":\"https:\\\/\\\/exparto.pl\\\/hu\\\/#\\\/schema\\\/logo\\\/image\\\/\"},\"sameAs\":[\"https:\\\/\\\/www.facebook.com\\\/exparto.agro\\\/\"]}]}<\/script>\n<!-- \/ Yoast SEO plugin. -->","yoast_head_json":{"title":"L\u00e9gsz\u0171r\u0151 elem - WA201400 NEW HOLLAND, CLASS - Exparto.pl","robots":{"index":"index","follow":"follow","max-snippet":"max-snippet:-1","max-image-preview":"max-image-preview:large","max-video-preview":"max-video-preview:-1"},"canonical":"https:\/\/exparto.pl\/hu\/produkt\/szuro-levego-belepo-wa201400-new-holland-class\/","og_locale":"hu_HU","og_type":"article","og_title":"L\u00e9gsz\u0171r\u0151 elem - WA201400 NEW HOLLAND, CLASS - Exparto.pl","og_description":"L\u00e9gsz\u0171r\u0151 elem - WA201400 NEW HOLLAND, CLASS","og_url":"https:\/\/exparto.pl\/hu\/produkt\/szuro-levego-belepo-wa201400-new-holland-class\/","og_site_name":"Exparto.pl","article_publisher":"https:\/\/www.facebook.com\/exparto.agro\/","og_image":[{"width":1000,"height":1000,"url":"https:\/\/exparto.pl\/wp-content\/uploads\/2023\/10\/20410fd6c341c491ac7d0eaf4d7f3b3f.jpg","type":"image\/jpeg"}],"twitter_card":"summary_large_image","twitter_misc":{"Becs\u00fclt olvas\u00e1si id\u0151":"1 perc"},"schema":{"@context":"https:\/\/schema.org","@graph":[{"@type":"WebPage","@id":"https:\/\/exparto.pl\/hu\/produkt\/szuro-levego-belepo-wa201400-new-holland-class\/","url":"https:\/\/exparto.pl\/hu\/produkt\/szuro-levego-belepo-wa201400-new-holland-class\/","name":"L\u00e9gsz\u0171r\u0151 elem - WA201400 NEW HOLLAND, CLASS - Exparto.pl","isPartOf":{"@id":"https:\/\/exparto.pl\/hu\/#website"},"primaryImageOfPage":{"@id":"https:\/\/exparto.pl\/hu\/produkt\/szuro-levego-belepo-wa201400-new-holland-class\/#primaryimage"},"image":{"@id":"https:\/\/exparto.pl\/hu\/produkt\/szuro-levego-belepo-wa201400-new-holland-class\/#primaryimage"},"thumbnailUrl":"https:\/\/exparto.pl\/wp-content\/uploads\/2023\/10\/20410fd6c341c491ac7d0eaf4d7f3b3f.jpg","datePublished":"2023-10-06T12:40:27+00:00","breadcrumb":{"@id":"https:\/\/exparto.pl\/hu\/produkt\/szuro-levego-belepo-wa201400-new-holland-class\/#breadcrumb"},"inLanguage":"hu","potentialAction":[{"@type":"ReadAction","target":["https:\/\/exparto.pl\/hu\/produkt\/szuro-levego-belepo-wa201400-new-holland-class\/"]}]},{"@type":"ImageObject","inLanguage":"hu","@id":"https:\/\/exparto.pl\/hu\/produkt\/szuro-levego-belepo-wa201400-new-holland-class\/#primaryimage","url":"https:\/\/exparto.pl\/wp-content\/uploads\/2023\/10\/20410fd6c341c491ac7d0eaf4d7f3b3f.jpg","contentUrl":"https:\/\/exparto.pl\/wp-content\/uploads\/2023\/10\/20410fd6c341c491ac7d0eaf4d7f3b3f.jpg","width":1000,"height":1000},{"@type":"BreadcrumbList","@id":"https:\/\/exparto.pl\/hu\/produkt\/szuro-levego-belepo-wa201400-new-holland-class\/#breadcrumb","itemListElement":[{"@type":"ListItem","position":1,"name":"Honlap","item":"https:\/\/exparto.pl\/hu\/"},{"@type":"ListItem","position":2,"name":"Sklep","item":"https:\/\/exparto.pl\/sklep\/"},{"@type":"ListItem","position":3,"name":"Sz\u0171r\u0151k","item":"https:\/\/exparto.pl\/hu\/termekkategoria\/szurok\/"},{"@type":"ListItem","position":4,"name":"L\u00e9gsz\u0171r\u0151bet\u00e9t","item":"https:\/\/exparto.pl\/hu\/termekkategoria\/szurok\/legszurobetet\/"},{"@type":"ListItem","position":5,"name":"L\u00e9gsz\u0171r\u0151 elem &#8211; WA201400 NEW HOLLAND, CLASS"}]},{"@type":"WebSite","@id":"https:\/\/exparto.pl\/hu\/#website","url":"https:\/\/exparto.pl\/hu\/","name":"EXPARTO","description":"More than agro parts","publisher":{"@id":"https:\/\/exparto.pl\/hu\/#organization"},"potentialAction":[{"@type":"SearchAction","target":{"@type":"EntryPoint","urlTemplate":"https:\/\/exparto.pl\/hu\/?s={search_term_string}"},"query-input":{"@type":"PropertyValueSpecification","valueRequired":true,"valueName":"search_term_string"}}],"inLanguage":"hu"},{"@type":"Organization","@id":"https:\/\/exparto.pl\/hu\/#organization","name":"EXPARTO","url":"https:\/\/exparto.pl\/hu\/","logo":{"@type":"ImageObject","inLanguage":"hu","@id":"https:\/\/exparto.pl\/hu\/#\/schema\/logo\/image\/","url":"https:\/\/exparto.pl\/wp-content\/uploads\/2023\/02\/logo-wektor.png","contentUrl":"https:\/\/exparto.pl\/wp-content\/uploads\/2023\/02\/logo-wektor.png","width":1338,"height":143,"caption":"EXPARTO"},"image":{"@id":"https:\/\/exparto.pl\/hu\/#\/schema\/logo\/image\/"},"sameAs":["https:\/\/www.facebook.com\/exparto.agro\/"]}]}},"_links":{"self":[{"href":"https:\/\/exparto.pl\/hu\/wp-json\/wp\/v2\/product\/9541","targetHints":{"allow":["GET"]}}],"collection":[{"href":"https:\/\/exparto.pl\/hu\/wp-json\/wp\/v2\/product"}],"about":[{"href":"https:\/\/exparto.pl\/hu\/wp-json\/wp\/v2\/types\/product"}],"replies":[{"embeddable":true,"href":"https:\/\/exparto.pl\/hu\/wp-json\/wp\/v2\/comments?post=9541"}],"wp:featuredmedia":[{"embeddable":true,"href":"https:\/\/exparto.pl\/hu\/wp-json\/wp\/v2\/media\/9542"}],"wp:attachment":[{"href":"https:\/\/exparto.pl\/hu\/wp-json\/wp\/v2\/media?parent=9541"}],"wp:term":[{"taxonomy":"product_brand","embeddable":true,"href":"https:\/\/exparto.pl\/hu\/wp-json\/wp\/v2\/product_brand?post=9541"},{"taxonomy":"product_cat","embeddable":true,"href":"https:\/\/exparto.pl\/hu\/wp-json\/wp\/v2\/product_cat?post=9541"},{"taxonomy":"product_tag","embeddable":true,"href":"https:\/\/exparto.pl\/hu\/wp-json\/wp\/v2\/product_tag?post=9541"}],"curies":[{"name":"wp","href":"https:\/\/api.w.org\/{rel}","templated":true}]}}