{"id":9543,"date":"2023-10-05T13:55:23","date_gmt":"2023-10-05T11:55:23","guid":{"rendered":"https:\/\/exparto.pl\/produkt\/olajszuro-betet-wo1029-massey-ferguson\/"},"modified":"2023-10-05T13:55:23","modified_gmt":"2023-10-05T11:55:23","slug":"olajszurobetet-wo1029-massey-ferguson","status":"publish","type":"product","link":"https:\/\/exparto.pl\/hu\/produkt\/olajszurobetet-wo1029-massey-ferguson\/","title":{"rendered":"Olajsz\u0171r\u0151 bet\u00e9t &#8211; WO1029 MASSEY-FERGUSON"},"content":{"rendered":"<p style=\"text-align: justify\"><b>Sz\u0171r\u0151 alkalmaz\u00e1sa:<\/b><\/p>\n<ul>\n<li style=\"text-align: justify\">BRAUD &#8211; 100-AS SOROZAT, 1000-ES SOROZAT<\/li>\n<li style=\"text-align: justify\">MASSEY-FERGUSON &#8211; 130-AS SOROZAT, 150-ES SOROZAT, 160-AS SOROZAT, 170-ES SOROZAT, 180-AS SOROZAT, 190-ES SOROZAT, 500-AS SOROZAT, MF10-ES SOROZAT, MF100-AS SOROZAT<\/li>\n<li style=\"text-align: justify\">EGYED\u00dcL &#8211; CENTAURO<\/li>\n<li style=\"text-align: justify\">TIMBERJACK &#8211; 100-AS SOROZAT<\/li>\n<li style=\"text-align: justify\">VALMET &#8211; 300-AS SOROZAT, 500-AS SOROZAT<\/li>\n<\/ul>\n<div style=\"text-align: justify\"><span style=\"font-weight: bold\">\u00d6sszehasonl\u00edt\u00f3 sz\u00e1mok \/ P\u00f3tl\u00e1sok:<\/span><\/div>\n<div style=\"text-align: justify\"><span style=\"font-weight: bold\"> <\/span><\/div>\n<div style=\"text-align: justify\">\n<div>\n<ul>\n<li>  1635636, 1640994, 1851815M1, 1882916, 186149M91, 1881442, 1882916M91, 1896000M91, 1896149, 2120 A15977, 2650090, 26540055, 26540077, 2654154, 2656007, 26560090, 30211, 30217, 30267, 30342, 30347, 35404, 504226, 825664, 825807, 835507, 835562, 835567M91, 835995, 894977, 901472, 980917M1,<\/li>\n<li>VOLVO: 482051-0,<\/li>\n<li>BALDWIN: 29. PONT, 177. OLDAL,<\/li>\n<li>CROSLAND: 403,<\/li>\n<li>MANN-SZ\u0170R\u0150: H727\/4,<\/li>\n<li>PERKINS: 30217,<\/li>\n<li>RENAULT TEHERAUT\u00d3K: 0001226176, 0122577600, 0122596100, 0122617600, 0123123700, 0123135700,<\/li>\n<li>552652350,<\/li>\n<li>VM: 4115006,<\/li>\n<li>MOSZKVA: 412-101-7140,<\/li>\n<li>IHC: 705730R91,<\/li>\n<li>FORD: 5014390,<\/li>\n<li>FOMOCO: A700X6731UA, EPN6731A, E1ADKN6731, 231179, 231308, 231310,<\/li>\n<li>FIAT: B120134R, B12-4934, 1190493, 1190839, 2190839, 2323108, 4964855, 60711871, 81190493, 969052,<\/li>\n<li>CITRO\u00cbN: ND223-1, 5006163,<\/li>\n<li>LEYLAND: 166223, 17H514, 7H2041,<\/li>\n<li>AUSTIN: AJC-5122,<\/li>\n<li>ALFA ROMEO: 105000604000, 105000631700, 105140603000, 105140603003, 105140603003\/30, 105140603004, 105140603004\/06, 105140604000, 10514063003\/30, 10514063004, 10514063005, 10514063006, 10514063030, 105140631700, 131559401, 131559402, 131559405, 131559411, 131559701, 452450000,<\/li>\n<li>VALMET: 836007806,<\/li>\n<li>TALBOT: 0005040646, 5040646,<\/li>\n<li>UGYANEZ: 002.7793.0,<\/li>\n<li>552652350, 556019313,<\/li>\n<li>RENAULT TEHERAUT\u00d3K: 0003082659, 0003082654, 0001231357, 0001225961, 0001225776,<\/li>\n<li>PERKINS: 30347, 30267, 30211, 26560077, 2654055, 26540077, 26540055, 26540005,<\/li>\n<li>MICHIGAN: 7110408,<\/li>\n<li>IHC: 836007806,<\/li>\n<li>GENERAL MOTORS (GM): 7984286,<\/li>\n<li>FORD: 5000836, 5000837, 5000837,<\/li>\n<li>FIAT: 81190839,<\/li>\n<li>FENWICK: 27E5 521,<\/li>\n<li>DORMAN: RB429\/4,<\/li>\n<li>CLAAS: 01472210, 01468510,<\/li>\n<li>CITRO\u00cbN: 3082659, 32223001, 3222300.10,<\/li>\n<li>LEYLAND: AJC5122, AJK5122, 11028, 1526, 164434, 62059, 79400, 95218,<\/li>\n<li>BEDFORD: 7110408,<\/li>\n<li>AVELING-BARFORD: GN616999\/1,<\/li>\n<li>UNIPART: GFE234,<\/li>\n<li>ALCO SZ\u0170R\u0150K: MD113,<\/li>\n<li>MISFAT: L407,<\/li>\n<li>COOPERS: G594, G837,<\/li>\n<li>SOFIMA: S5490PO,<\/li>\n<li>SF-SZ\u0170R\u0150 (SCHUPP): SO1205,<\/li>\n<li>PT29,<\/li>\n<li>DONALDSON: P550183,<\/li>\n<li>HIFI SZ\u0170R\u0150: SO 1594,<\/li>\n<li>EXMOT: WO-182,<\/li>\n<\/ul>\n<\/div>\n<div style=\"font-weight: bold\"><\/div>\n<\/div>\n","protected":false},"excerpt":{"rendered":"<p style=\"text-align: justify\">Olajsz\u0171r\u0151bet\u00e9t &#8211; WO1029 MASSEY-FERGUSON<\/p>\n","protected":false},"featured_media":9544,"comment_status":"open","ping_status":"closed","template":"","meta":{"_acf_changed":false,"inline_featured_image":false},"product_brand":[],"product_cat":[305,276],"product_tag":[],"class_list":{"0":"post-9543","1":"product","2":"type-product","3":"status-publish","4":"has-post-thumbnail","6":"product_cat-olajszurobetet","7":"product_cat-szurok","9":"first","10":"instock","11":"taxable","12":"shipping-taxable","13":"purchasable","14":"product-type-simple"},"acf":[],"yoast_head":"<!-- This site is optimized with the Yoast SEO plugin v27.3 - https:\/\/yoast.com\/product\/yoast-seo-wordpress\/ -->\n<title>Olajsz\u0171r\u0151 bet\u00e9t - WO1029 MASSEY-FERGUSON - Exparto.pl<\/title>\n<meta name=\"robots\" content=\"index, follow, max-snippet:-1, max-image-preview:large, max-video-preview:-1\" \/>\n<link rel=\"canonical\" href=\"https:\/\/exparto.pl\/hu\/produkt\/olajszurobetet-wo1029-massey-ferguson\/\" \/>\n<meta property=\"og:locale\" content=\"hu_HU\" \/>\n<meta property=\"og:type\" content=\"article\" \/>\n<meta property=\"og:title\" content=\"Olajsz\u0171r\u0151 bet\u00e9t - WO1029 MASSEY-FERGUSON - Exparto.pl\" \/>\n<meta property=\"og:description\" content=\"Olajsz\u0171r\u0151bet\u00e9t - WO1029 MASSEY-FERGUSON\" \/>\n<meta property=\"og:url\" content=\"https:\/\/exparto.pl\/hu\/produkt\/olajszurobetet-wo1029-massey-ferguson\/\" \/>\n<meta property=\"og:site_name\" content=\"Exparto.pl\" \/>\n<meta property=\"article:publisher\" content=\"https:\/\/www.facebook.com\/exparto.agro\/\" \/>\n<meta property=\"og:image\" content=\"https:\/\/exparto.pl\/wp-content\/uploads\/2023\/10\/1e226099b7ef7b54ee8fb0843498b1bb.jpg\" \/>\n\t<meta property=\"og:image:width\" content=\"1000\" \/>\n\t<meta property=\"og:image:height\" content=\"1000\" \/>\n\t<meta property=\"og:image:type\" content=\"image\/jpeg\" \/>\n<meta name=\"twitter:card\" content=\"summary_large_image\" \/>\n<meta name=\"twitter:label1\" content=\"Becs\u00fclt olvas\u00e1si id\u0151\" \/>\n\t<meta name=\"twitter:data1\" content=\"1 perc\" \/>\n<script type=\"application\/ld+json\" class=\"yoast-schema-graph\">{\"@context\":\"https:\\\/\\\/schema.org\",\"@graph\":[{\"@type\":\"WebPage\",\"@id\":\"https:\\\/\\\/exparto.pl\\\/hu\\\/produkt\\\/olajszurobetet-wo1029-massey-ferguson\\\/\",\"url\":\"https:\\\/\\\/exparto.pl\\\/hu\\\/produkt\\\/olajszurobetet-wo1029-massey-ferguson\\\/\",\"name\":\"Olajsz\u0171r\u0151 bet\u00e9t - WO1029 MASSEY-FERGUSON - Exparto.pl\",\"isPartOf\":{\"@id\":\"https:\\\/\\\/exparto.pl\\\/hu\\\/#website\"},\"primaryImageOfPage\":{\"@id\":\"https:\\\/\\\/exparto.pl\\\/hu\\\/produkt\\\/olajszurobetet-wo1029-massey-ferguson\\\/#primaryimage\"},\"image\":{\"@id\":\"https:\\\/\\\/exparto.pl\\\/hu\\\/produkt\\\/olajszurobetet-wo1029-massey-ferguson\\\/#primaryimage\"},\"thumbnailUrl\":\"https:\\\/\\\/exparto.pl\\\/wp-content\\\/uploads\\\/2023\\\/10\\\/1e226099b7ef7b54ee8fb0843498b1bb.jpg\",\"datePublished\":\"2023-10-05T11:55:23+00:00\",\"breadcrumb\":{\"@id\":\"https:\\\/\\\/exparto.pl\\\/hu\\\/produkt\\\/olajszurobetet-wo1029-massey-ferguson\\\/#breadcrumb\"},\"inLanguage\":\"hu\",\"potentialAction\":[{\"@type\":\"ReadAction\",\"target\":[\"https:\\\/\\\/exparto.pl\\\/hu\\\/produkt\\\/olajszurobetet-wo1029-massey-ferguson\\\/\"]}]},{\"@type\":\"ImageObject\",\"inLanguage\":\"hu\",\"@id\":\"https:\\\/\\\/exparto.pl\\\/hu\\\/produkt\\\/olajszurobetet-wo1029-massey-ferguson\\\/#primaryimage\",\"url\":\"https:\\\/\\\/exparto.pl\\\/wp-content\\\/uploads\\\/2023\\\/10\\\/1e226099b7ef7b54ee8fb0843498b1bb.jpg\",\"contentUrl\":\"https:\\\/\\\/exparto.pl\\\/wp-content\\\/uploads\\\/2023\\\/10\\\/1e226099b7ef7b54ee8fb0843498b1bb.jpg\",\"width\":1000,\"height\":1000},{\"@type\":\"BreadcrumbList\",\"@id\":\"https:\\\/\\\/exparto.pl\\\/hu\\\/produkt\\\/olajszurobetet-wo1029-massey-ferguson\\\/#breadcrumb\",\"itemListElement\":[{\"@type\":\"ListItem\",\"position\":1,\"name\":\"Honlap\",\"item\":\"https:\\\/\\\/exparto.pl\\\/hu\\\/\"},{\"@type\":\"ListItem\",\"position\":2,\"name\":\"Sklep\",\"item\":\"https:\\\/\\\/exparto.pl\\\/sklep\\\/\"},{\"@type\":\"ListItem\",\"position\":3,\"name\":\"Sz\u0171r\u0151k\",\"item\":\"https:\\\/\\\/exparto.pl\\\/hu\\\/termekkategoria\\\/szurok\\\/\"},{\"@type\":\"ListItem\",\"position\":4,\"name\":\"Olajsz\u0171r\u0151bet\u00e9t\",\"item\":\"https:\\\/\\\/exparto.pl\\\/hu\\\/termekkategoria\\\/szurok\\\/olajszurobetet\\\/\"},{\"@type\":\"ListItem\",\"position\":5,\"name\":\"Olajsz\u0171r\u0151 bet\u00e9t &#8211; WO1029 MASSEY-FERGUSON\"}]},{\"@type\":\"WebSite\",\"@id\":\"https:\\\/\\\/exparto.pl\\\/hu\\\/#website\",\"url\":\"https:\\\/\\\/exparto.pl\\\/hu\\\/\",\"name\":\"EXPARTO\",\"description\":\"More than agro parts\",\"publisher\":{\"@id\":\"https:\\\/\\\/exparto.pl\\\/hu\\\/#organization\"},\"potentialAction\":[{\"@type\":\"SearchAction\",\"target\":{\"@type\":\"EntryPoint\",\"urlTemplate\":\"https:\\\/\\\/exparto.pl\\\/hu\\\/?s={search_term_string}\"},\"query-input\":{\"@type\":\"PropertyValueSpecification\",\"valueRequired\":true,\"valueName\":\"search_term_string\"}}],\"inLanguage\":\"hu\"},{\"@type\":\"Organization\",\"@id\":\"https:\\\/\\\/exparto.pl\\\/hu\\\/#organization\",\"name\":\"EXPARTO\",\"url\":\"https:\\\/\\\/exparto.pl\\\/hu\\\/\",\"logo\":{\"@type\":\"ImageObject\",\"inLanguage\":\"hu\",\"@id\":\"https:\\\/\\\/exparto.pl\\\/hu\\\/#\\\/schema\\\/logo\\\/image\\\/\",\"url\":\"https:\\\/\\\/exparto.pl\\\/wp-content\\\/uploads\\\/2023\\\/02\\\/logo-wektor.png\",\"contentUrl\":\"https:\\\/\\\/exparto.pl\\\/wp-content\\\/uploads\\\/2023\\\/02\\\/logo-wektor.png\",\"width\":1338,\"height\":143,\"caption\":\"EXPARTO\"},\"image\":{\"@id\":\"https:\\\/\\\/exparto.pl\\\/hu\\\/#\\\/schema\\\/logo\\\/image\\\/\"},\"sameAs\":[\"https:\\\/\\\/www.facebook.com\\\/exparto.agro\\\/\"]}]}<\/script>\n<!-- \/ Yoast SEO plugin. -->","yoast_head_json":{"title":"Olajsz\u0171r\u0151 bet\u00e9t - WO1029 MASSEY-FERGUSON - Exparto.pl","robots":{"index":"index","follow":"follow","max-snippet":"max-snippet:-1","max-image-preview":"max-image-preview:large","max-video-preview":"max-video-preview:-1"},"canonical":"https:\/\/exparto.pl\/hu\/produkt\/olajszurobetet-wo1029-massey-ferguson\/","og_locale":"hu_HU","og_type":"article","og_title":"Olajsz\u0171r\u0151 bet\u00e9t - WO1029 MASSEY-FERGUSON - Exparto.pl","og_description":"Olajsz\u0171r\u0151bet\u00e9t - WO1029 MASSEY-FERGUSON","og_url":"https:\/\/exparto.pl\/hu\/produkt\/olajszurobetet-wo1029-massey-ferguson\/","og_site_name":"Exparto.pl","article_publisher":"https:\/\/www.facebook.com\/exparto.agro\/","og_image":[{"width":1000,"height":1000,"url":"https:\/\/exparto.pl\/wp-content\/uploads\/2023\/10\/1e226099b7ef7b54ee8fb0843498b1bb.jpg","type":"image\/jpeg"}],"twitter_card":"summary_large_image","twitter_misc":{"Becs\u00fclt olvas\u00e1si id\u0151":"1 perc"},"schema":{"@context":"https:\/\/schema.org","@graph":[{"@type":"WebPage","@id":"https:\/\/exparto.pl\/hu\/produkt\/olajszurobetet-wo1029-massey-ferguson\/","url":"https:\/\/exparto.pl\/hu\/produkt\/olajszurobetet-wo1029-massey-ferguson\/","name":"Olajsz\u0171r\u0151 bet\u00e9t - WO1029 MASSEY-FERGUSON - Exparto.pl","isPartOf":{"@id":"https:\/\/exparto.pl\/hu\/#website"},"primaryImageOfPage":{"@id":"https:\/\/exparto.pl\/hu\/produkt\/olajszurobetet-wo1029-massey-ferguson\/#primaryimage"},"image":{"@id":"https:\/\/exparto.pl\/hu\/produkt\/olajszurobetet-wo1029-massey-ferguson\/#primaryimage"},"thumbnailUrl":"https:\/\/exparto.pl\/wp-content\/uploads\/2023\/10\/1e226099b7ef7b54ee8fb0843498b1bb.jpg","datePublished":"2023-10-05T11:55:23+00:00","breadcrumb":{"@id":"https:\/\/exparto.pl\/hu\/produkt\/olajszurobetet-wo1029-massey-ferguson\/#breadcrumb"},"inLanguage":"hu","potentialAction":[{"@type":"ReadAction","target":["https:\/\/exparto.pl\/hu\/produkt\/olajszurobetet-wo1029-massey-ferguson\/"]}]},{"@type":"ImageObject","inLanguage":"hu","@id":"https:\/\/exparto.pl\/hu\/produkt\/olajszurobetet-wo1029-massey-ferguson\/#primaryimage","url":"https:\/\/exparto.pl\/wp-content\/uploads\/2023\/10\/1e226099b7ef7b54ee8fb0843498b1bb.jpg","contentUrl":"https:\/\/exparto.pl\/wp-content\/uploads\/2023\/10\/1e226099b7ef7b54ee8fb0843498b1bb.jpg","width":1000,"height":1000},{"@type":"BreadcrumbList","@id":"https:\/\/exparto.pl\/hu\/produkt\/olajszurobetet-wo1029-massey-ferguson\/#breadcrumb","itemListElement":[{"@type":"ListItem","position":1,"name":"Honlap","item":"https:\/\/exparto.pl\/hu\/"},{"@type":"ListItem","position":2,"name":"Sklep","item":"https:\/\/exparto.pl\/sklep\/"},{"@type":"ListItem","position":3,"name":"Sz\u0171r\u0151k","item":"https:\/\/exparto.pl\/hu\/termekkategoria\/szurok\/"},{"@type":"ListItem","position":4,"name":"Olajsz\u0171r\u0151bet\u00e9t","item":"https:\/\/exparto.pl\/hu\/termekkategoria\/szurok\/olajszurobetet\/"},{"@type":"ListItem","position":5,"name":"Olajsz\u0171r\u0151 bet\u00e9t &#8211; WO1029 MASSEY-FERGUSON"}]},{"@type":"WebSite","@id":"https:\/\/exparto.pl\/hu\/#website","url":"https:\/\/exparto.pl\/hu\/","name":"EXPARTO","description":"More than agro parts","publisher":{"@id":"https:\/\/exparto.pl\/hu\/#organization"},"potentialAction":[{"@type":"SearchAction","target":{"@type":"EntryPoint","urlTemplate":"https:\/\/exparto.pl\/hu\/?s={search_term_string}"},"query-input":{"@type":"PropertyValueSpecification","valueRequired":true,"valueName":"search_term_string"}}],"inLanguage":"hu"},{"@type":"Organization","@id":"https:\/\/exparto.pl\/hu\/#organization","name":"EXPARTO","url":"https:\/\/exparto.pl\/hu\/","logo":{"@type":"ImageObject","inLanguage":"hu","@id":"https:\/\/exparto.pl\/hu\/#\/schema\/logo\/image\/","url":"https:\/\/exparto.pl\/wp-content\/uploads\/2023\/02\/logo-wektor.png","contentUrl":"https:\/\/exparto.pl\/wp-content\/uploads\/2023\/02\/logo-wektor.png","width":1338,"height":143,"caption":"EXPARTO"},"image":{"@id":"https:\/\/exparto.pl\/hu\/#\/schema\/logo\/image\/"},"sameAs":["https:\/\/www.facebook.com\/exparto.agro\/"]}]}},"_links":{"self":[{"href":"https:\/\/exparto.pl\/hu\/wp-json\/wp\/v2\/product\/9543","targetHints":{"allow":["GET"]}}],"collection":[{"href":"https:\/\/exparto.pl\/hu\/wp-json\/wp\/v2\/product"}],"about":[{"href":"https:\/\/exparto.pl\/hu\/wp-json\/wp\/v2\/types\/product"}],"replies":[{"embeddable":true,"href":"https:\/\/exparto.pl\/hu\/wp-json\/wp\/v2\/comments?post=9543"}],"wp:featuredmedia":[{"embeddable":true,"href":"https:\/\/exparto.pl\/hu\/wp-json\/wp\/v2\/media\/9544"}],"wp:attachment":[{"href":"https:\/\/exparto.pl\/hu\/wp-json\/wp\/v2\/media?parent=9543"}],"wp:term":[{"taxonomy":"product_brand","embeddable":true,"href":"https:\/\/exparto.pl\/hu\/wp-json\/wp\/v2\/product_brand?post=9543"},{"taxonomy":"product_cat","embeddable":true,"href":"https:\/\/exparto.pl\/hu\/wp-json\/wp\/v2\/product_cat?post=9543"},{"taxonomy":"product_tag","embeddable":true,"href":"https:\/\/exparto.pl\/hu\/wp-json\/wp\/v2\/product_tag?post=9543"}],"curies":[{"name":"wp","href":"https:\/\/api.w.org\/{rel}","templated":true}]}}