{"id":9545,"date":"2023-10-05T13:55:09","date_gmt":"2023-10-05T11:55:09","guid":{"rendered":"https:\/\/exparto.pl\/produkt\/olajszurobetet-wo1047-ursus-zetor\/"},"modified":"2023-10-05T13:55:09","modified_gmt":"2023-10-05T11:55:09","slug":"olajszuro-behelyezes-wo1047-ursus-zetor","status":"publish","type":"product","link":"https:\/\/exparto.pl\/hu\/produkt\/olajszuro-behelyezes-wo1047-ursus-zetor\/","title":{"rendered":"Olajsz\u0171r\u0151bet\u00e9t &#8211; WO1047 URSUS, ZETOR"},"content":{"rendered":"<div style=\"text-align: justify\"><b>Sz\u0171r\u0151 alkalmaz\u00e1sa:<\/b><\/div>\n<div>\n<div style=\"text-align: justify\"><b> <\/b><\/div>\n<div>\n<ul>\n<li style=\"text-align: justify\">KRIST\u00c1LY SIERADZ &#8211; KRIST\u00c1LY 120, 160<\/li>\n<li style=\"text-align: justify\">PRONAR NAREW &#8211; ZTS SOROZAT 16245 SUPER M98<\/li>\n<li style=\"text-align: justify\">URSUS &#8211; 900-AS SOROZAT, 1000-ES SOROZAT<\/li>\n<li style=\"text-align: justify\">ZETOR &#8211; 3000-ES SOROZAT, 4000-ES SOROZAT, 5000-ES SOROZAT, 7000-ES SOROZAT, 8000-ES SOROZAT, 9000-ES SOROZAT, 10000-ES SOROZAT, UR SOROZAT, ZTS SOROZAT<\/li>\n<\/ul>\n<div style=\"text-align: justify\"><span style=\"font-weight: bold\">\u00d6sszehasonl\u00edt\u00f3 sz\u00e1mok \/ P\u00f3tl\u00e1sok:<\/span><\/div>\n<\/div>\n<\/div>\n<div style=\"text-align: justify\"><span style=\"font-weight: bold\"> <\/span><\/div>\n<div style=\"text-align: justify\">\n<div>\n<ul>\n<li>70114566,<\/li>\n<li>URSUS: 89.407.110,<\/li>\n<li>FILTRON: OM659,<\/li>\n<li>EXMOT: WO-122,<\/li>\n<li>HIFI SZ\u0170R\u0150: SH78008,<\/li>\n<li>ZETOR: 70-114566,<\/li>\n<\/ul>\n<\/div>\n<\/div>\n","protected":false},"excerpt":{"rendered":"<p style=\"text-align: justify\">Olajsz\u0171r\u0151bet\u00e9t &#8211; WO1047 URSUS, ZETOR<\/p>\n","protected":false},"featured_media":9546,"comment_status":"open","ping_status":"closed","template":"","meta":{"_acf_changed":false,"inline_featured_image":false},"product_brand":[],"product_cat":[305,276],"product_tag":[],"class_list":{"0":"post-9545","1":"product","2":"type-product","3":"status-publish","4":"has-post-thumbnail","6":"product_cat-olajszurobetet","7":"product_cat-szurok","9":"first","10":"instock","11":"taxable","12":"shipping-taxable","13":"purchasable","14":"product-type-simple"},"acf":[],"yoast_head":"<!-- This site is optimized with the Yoast SEO plugin v27.3 - https:\/\/yoast.com\/product\/yoast-seo-wordpress\/ -->\n<title>Olajsz\u0171r\u0151bet\u00e9t - WO1047 URSUS, ZETOR - Exparto.pl<\/title>\n<meta name=\"robots\" content=\"index, follow, max-snippet:-1, max-image-preview:large, max-video-preview:-1\" \/>\n<link rel=\"canonical\" href=\"https:\/\/exparto.pl\/hu\/produkt\/olajszuro-behelyezes-wo1047-ursus-zetor\/\" \/>\n<meta property=\"og:locale\" content=\"hu_HU\" \/>\n<meta property=\"og:type\" content=\"article\" \/>\n<meta property=\"og:title\" content=\"Olajsz\u0171r\u0151bet\u00e9t - WO1047 URSUS, ZETOR - Exparto.pl\" \/>\n<meta property=\"og:description\" content=\"Olajsz\u0171r\u0151bet\u00e9t - WO1047 URSUS, ZETOR\" \/>\n<meta property=\"og:url\" content=\"https:\/\/exparto.pl\/hu\/produkt\/olajszuro-behelyezes-wo1047-ursus-zetor\/\" \/>\n<meta property=\"og:site_name\" content=\"Exparto.pl\" \/>\n<meta property=\"article:publisher\" content=\"https:\/\/www.facebook.com\/exparto.agro\/\" \/>\n<meta property=\"og:image\" content=\"https:\/\/exparto.pl\/wp-content\/uploads\/2023\/10\/27c855858c342a28a9d4bd968d8f8ed1.jpg\" \/>\n\t<meta property=\"og:image:width\" content=\"1000\" \/>\n\t<meta property=\"og:image:height\" content=\"1000\" \/>\n\t<meta property=\"og:image:type\" content=\"image\/jpeg\" \/>\n<meta name=\"twitter:card\" content=\"summary_large_image\" \/>\n<script type=\"application\/ld+json\" class=\"yoast-schema-graph\">{\"@context\":\"https:\\\/\\\/schema.org\",\"@graph\":[{\"@type\":\"WebPage\",\"@id\":\"https:\\\/\\\/exparto.pl\\\/hu\\\/produkt\\\/olajszuro-behelyezes-wo1047-ursus-zetor\\\/\",\"url\":\"https:\\\/\\\/exparto.pl\\\/hu\\\/produkt\\\/olajszuro-behelyezes-wo1047-ursus-zetor\\\/\",\"name\":\"Olajsz\u0171r\u0151bet\u00e9t - WO1047 URSUS, ZETOR - Exparto.pl\",\"isPartOf\":{\"@id\":\"https:\\\/\\\/exparto.pl\\\/hu\\\/#website\"},\"primaryImageOfPage\":{\"@id\":\"https:\\\/\\\/exparto.pl\\\/hu\\\/produkt\\\/olajszuro-behelyezes-wo1047-ursus-zetor\\\/#primaryimage\"},\"image\":{\"@id\":\"https:\\\/\\\/exparto.pl\\\/hu\\\/produkt\\\/olajszuro-behelyezes-wo1047-ursus-zetor\\\/#primaryimage\"},\"thumbnailUrl\":\"https:\\\/\\\/exparto.pl\\\/wp-content\\\/uploads\\\/2023\\\/10\\\/27c855858c342a28a9d4bd968d8f8ed1.jpg\",\"datePublished\":\"2023-10-05T11:55:09+00:00\",\"breadcrumb\":{\"@id\":\"https:\\\/\\\/exparto.pl\\\/hu\\\/produkt\\\/olajszuro-behelyezes-wo1047-ursus-zetor\\\/#breadcrumb\"},\"inLanguage\":\"hu\",\"potentialAction\":[{\"@type\":\"ReadAction\",\"target\":[\"https:\\\/\\\/exparto.pl\\\/hu\\\/produkt\\\/olajszuro-behelyezes-wo1047-ursus-zetor\\\/\"]}]},{\"@type\":\"ImageObject\",\"inLanguage\":\"hu\",\"@id\":\"https:\\\/\\\/exparto.pl\\\/hu\\\/produkt\\\/olajszuro-behelyezes-wo1047-ursus-zetor\\\/#primaryimage\",\"url\":\"https:\\\/\\\/exparto.pl\\\/wp-content\\\/uploads\\\/2023\\\/10\\\/27c855858c342a28a9d4bd968d8f8ed1.jpg\",\"contentUrl\":\"https:\\\/\\\/exparto.pl\\\/wp-content\\\/uploads\\\/2023\\\/10\\\/27c855858c342a28a9d4bd968d8f8ed1.jpg\",\"width\":1000,\"height\":1000},{\"@type\":\"BreadcrumbList\",\"@id\":\"https:\\\/\\\/exparto.pl\\\/hu\\\/produkt\\\/olajszuro-behelyezes-wo1047-ursus-zetor\\\/#breadcrumb\",\"itemListElement\":[{\"@type\":\"ListItem\",\"position\":1,\"name\":\"Honlap\",\"item\":\"https:\\\/\\\/exparto.pl\\\/hu\\\/\"},{\"@type\":\"ListItem\",\"position\":2,\"name\":\"Sklep\",\"item\":\"https:\\\/\\\/exparto.pl\\\/sklep\\\/\"},{\"@type\":\"ListItem\",\"position\":3,\"name\":\"Sz\u0171r\u0151k\",\"item\":\"https:\\\/\\\/exparto.pl\\\/hu\\\/termekkategoria\\\/szurok\\\/\"},{\"@type\":\"ListItem\",\"position\":4,\"name\":\"Olajsz\u0171r\u0151bet\u00e9t\",\"item\":\"https:\\\/\\\/exparto.pl\\\/hu\\\/termekkategoria\\\/szurok\\\/olajszurobetet\\\/\"},{\"@type\":\"ListItem\",\"position\":5,\"name\":\"Olajsz\u0171r\u0151bet\u00e9t &#8211; WO1047 URSUS, ZETOR\"}]},{\"@type\":\"WebSite\",\"@id\":\"https:\\\/\\\/exparto.pl\\\/hu\\\/#website\",\"url\":\"https:\\\/\\\/exparto.pl\\\/hu\\\/\",\"name\":\"EXPARTO\",\"description\":\"More than agro parts\",\"publisher\":{\"@id\":\"https:\\\/\\\/exparto.pl\\\/hu\\\/#organization\"},\"potentialAction\":[{\"@type\":\"SearchAction\",\"target\":{\"@type\":\"EntryPoint\",\"urlTemplate\":\"https:\\\/\\\/exparto.pl\\\/hu\\\/?s={search_term_string}\"},\"query-input\":{\"@type\":\"PropertyValueSpecification\",\"valueRequired\":true,\"valueName\":\"search_term_string\"}}],\"inLanguage\":\"hu\"},{\"@type\":\"Organization\",\"@id\":\"https:\\\/\\\/exparto.pl\\\/hu\\\/#organization\",\"name\":\"EXPARTO\",\"url\":\"https:\\\/\\\/exparto.pl\\\/hu\\\/\",\"logo\":{\"@type\":\"ImageObject\",\"inLanguage\":\"hu\",\"@id\":\"https:\\\/\\\/exparto.pl\\\/hu\\\/#\\\/schema\\\/logo\\\/image\\\/\",\"url\":\"https:\\\/\\\/exparto.pl\\\/wp-content\\\/uploads\\\/2023\\\/02\\\/logo-wektor.png\",\"contentUrl\":\"https:\\\/\\\/exparto.pl\\\/wp-content\\\/uploads\\\/2023\\\/02\\\/logo-wektor.png\",\"width\":1338,\"height\":143,\"caption\":\"EXPARTO\"},\"image\":{\"@id\":\"https:\\\/\\\/exparto.pl\\\/hu\\\/#\\\/schema\\\/logo\\\/image\\\/\"},\"sameAs\":[\"https:\\\/\\\/www.facebook.com\\\/exparto.agro\\\/\"]}]}<\/script>\n<!-- \/ Yoast SEO plugin. -->","yoast_head_json":{"title":"Olajsz\u0171r\u0151bet\u00e9t - WO1047 URSUS, ZETOR - Exparto.pl","robots":{"index":"index","follow":"follow","max-snippet":"max-snippet:-1","max-image-preview":"max-image-preview:large","max-video-preview":"max-video-preview:-1"},"canonical":"https:\/\/exparto.pl\/hu\/produkt\/olajszuro-behelyezes-wo1047-ursus-zetor\/","og_locale":"hu_HU","og_type":"article","og_title":"Olajsz\u0171r\u0151bet\u00e9t - WO1047 URSUS, ZETOR - Exparto.pl","og_description":"Olajsz\u0171r\u0151bet\u00e9t - WO1047 URSUS, ZETOR","og_url":"https:\/\/exparto.pl\/hu\/produkt\/olajszuro-behelyezes-wo1047-ursus-zetor\/","og_site_name":"Exparto.pl","article_publisher":"https:\/\/www.facebook.com\/exparto.agro\/","og_image":[{"width":1000,"height":1000,"url":"https:\/\/exparto.pl\/wp-content\/uploads\/2023\/10\/27c855858c342a28a9d4bd968d8f8ed1.jpg","type":"image\/jpeg"}],"twitter_card":"summary_large_image","schema":{"@context":"https:\/\/schema.org","@graph":[{"@type":"WebPage","@id":"https:\/\/exparto.pl\/hu\/produkt\/olajszuro-behelyezes-wo1047-ursus-zetor\/","url":"https:\/\/exparto.pl\/hu\/produkt\/olajszuro-behelyezes-wo1047-ursus-zetor\/","name":"Olajsz\u0171r\u0151bet\u00e9t - WO1047 URSUS, ZETOR - Exparto.pl","isPartOf":{"@id":"https:\/\/exparto.pl\/hu\/#website"},"primaryImageOfPage":{"@id":"https:\/\/exparto.pl\/hu\/produkt\/olajszuro-behelyezes-wo1047-ursus-zetor\/#primaryimage"},"image":{"@id":"https:\/\/exparto.pl\/hu\/produkt\/olajszuro-behelyezes-wo1047-ursus-zetor\/#primaryimage"},"thumbnailUrl":"https:\/\/exparto.pl\/wp-content\/uploads\/2023\/10\/27c855858c342a28a9d4bd968d8f8ed1.jpg","datePublished":"2023-10-05T11:55:09+00:00","breadcrumb":{"@id":"https:\/\/exparto.pl\/hu\/produkt\/olajszuro-behelyezes-wo1047-ursus-zetor\/#breadcrumb"},"inLanguage":"hu","potentialAction":[{"@type":"ReadAction","target":["https:\/\/exparto.pl\/hu\/produkt\/olajszuro-behelyezes-wo1047-ursus-zetor\/"]}]},{"@type":"ImageObject","inLanguage":"hu","@id":"https:\/\/exparto.pl\/hu\/produkt\/olajszuro-behelyezes-wo1047-ursus-zetor\/#primaryimage","url":"https:\/\/exparto.pl\/wp-content\/uploads\/2023\/10\/27c855858c342a28a9d4bd968d8f8ed1.jpg","contentUrl":"https:\/\/exparto.pl\/wp-content\/uploads\/2023\/10\/27c855858c342a28a9d4bd968d8f8ed1.jpg","width":1000,"height":1000},{"@type":"BreadcrumbList","@id":"https:\/\/exparto.pl\/hu\/produkt\/olajszuro-behelyezes-wo1047-ursus-zetor\/#breadcrumb","itemListElement":[{"@type":"ListItem","position":1,"name":"Honlap","item":"https:\/\/exparto.pl\/hu\/"},{"@type":"ListItem","position":2,"name":"Sklep","item":"https:\/\/exparto.pl\/sklep\/"},{"@type":"ListItem","position":3,"name":"Sz\u0171r\u0151k","item":"https:\/\/exparto.pl\/hu\/termekkategoria\/szurok\/"},{"@type":"ListItem","position":4,"name":"Olajsz\u0171r\u0151bet\u00e9t","item":"https:\/\/exparto.pl\/hu\/termekkategoria\/szurok\/olajszurobetet\/"},{"@type":"ListItem","position":5,"name":"Olajsz\u0171r\u0151bet\u00e9t &#8211; WO1047 URSUS, ZETOR"}]},{"@type":"WebSite","@id":"https:\/\/exparto.pl\/hu\/#website","url":"https:\/\/exparto.pl\/hu\/","name":"EXPARTO","description":"More than agro parts","publisher":{"@id":"https:\/\/exparto.pl\/hu\/#organization"},"potentialAction":[{"@type":"SearchAction","target":{"@type":"EntryPoint","urlTemplate":"https:\/\/exparto.pl\/hu\/?s={search_term_string}"},"query-input":{"@type":"PropertyValueSpecification","valueRequired":true,"valueName":"search_term_string"}}],"inLanguage":"hu"},{"@type":"Organization","@id":"https:\/\/exparto.pl\/hu\/#organization","name":"EXPARTO","url":"https:\/\/exparto.pl\/hu\/","logo":{"@type":"ImageObject","inLanguage":"hu","@id":"https:\/\/exparto.pl\/hu\/#\/schema\/logo\/image\/","url":"https:\/\/exparto.pl\/wp-content\/uploads\/2023\/02\/logo-wektor.png","contentUrl":"https:\/\/exparto.pl\/wp-content\/uploads\/2023\/02\/logo-wektor.png","width":1338,"height":143,"caption":"EXPARTO"},"image":{"@id":"https:\/\/exparto.pl\/hu\/#\/schema\/logo\/image\/"},"sameAs":["https:\/\/www.facebook.com\/exparto.agro\/"]}]}},"_links":{"self":[{"href":"https:\/\/exparto.pl\/hu\/wp-json\/wp\/v2\/product\/9545","targetHints":{"allow":["GET"]}}],"collection":[{"href":"https:\/\/exparto.pl\/hu\/wp-json\/wp\/v2\/product"}],"about":[{"href":"https:\/\/exparto.pl\/hu\/wp-json\/wp\/v2\/types\/product"}],"replies":[{"embeddable":true,"href":"https:\/\/exparto.pl\/hu\/wp-json\/wp\/v2\/comments?post=9545"}],"wp:featuredmedia":[{"embeddable":true,"href":"https:\/\/exparto.pl\/hu\/wp-json\/wp\/v2\/media\/9546"}],"wp:attachment":[{"href":"https:\/\/exparto.pl\/hu\/wp-json\/wp\/v2\/media?parent=9545"}],"wp:term":[{"taxonomy":"product_brand","embeddable":true,"href":"https:\/\/exparto.pl\/hu\/wp-json\/wp\/v2\/product_brand?post=9545"},{"taxonomy":"product_cat","embeddable":true,"href":"https:\/\/exparto.pl\/hu\/wp-json\/wp\/v2\/product_cat?post=9545"},{"taxonomy":"product_tag","embeddable":true,"href":"https:\/\/exparto.pl\/hu\/wp-json\/wp\/v2\/product_tag?post=9545"}],"curies":[{"name":"wp","href":"https:\/\/api.w.org\/{rel}","templated":true}]}}