{"id":9557,"date":"2023-10-05T12:48:14","date_gmt":"2023-10-05T10:48:14","guid":{"rendered":"https:\/\/exparto.pl\/produkt\/uzemanyag-szuro-pds714-schlueter-fendt\/"},"modified":"2023-10-05T12:48:14","modified_gmt":"2023-10-05T10:48:14","slug":"uzemanyag-szuro-pds714-schlueter-fendt","status":"publish","type":"product","link":"https:\/\/exparto.pl\/hu\/produkt\/uzemanyag-szuro-pds714-schlueter-fendt\/","title":{"rendered":"\u00dczemanyag-sz\u0171r\u0151 &#8211; PDS714 SCHLUETER, FENDT"},"content":{"rendered":"<p style=\"text-align: justify\"><b>Sz\u0171r\u0151 alkalmaz\u00e1sa:<\/b><\/p>\n<ul>\n<li style=\"text-align: justify\">FARMTRAC<\/li>\n<li style=\"text-align: justify\">FENDT &#8211; F (GT) SOROZAT, FAVORIT SOROZAT<\/li>\n<li style=\"text-align: justify\">SCHLUETER &#8211; KOMPAKT SOROZAT, EURO TRAC SOROZAT, SZUPER SOROZAT<\/li>\n<\/ul>\n<div style=\"text-align: justify\"><span style=\"font-weight: bold\">\u00d6sszehasonl\u00edt\u00f3 sz\u00e1mok \/ P\u00f3tl\u00e1sok:<\/span><\/div>\n<div style=\"text-align: justify\"><span style=\"font-weight: bold\"> <\/span><\/div>\n<div style=\"text-align: justify\">\n<div>\n<ul>\n<li>UFI 24.378.00<\/li>\n<li>M.A.N. 51.12501.7126, 51.12501.7194, 51.12503.-0004, 51.12503-0005, 51.12503-0009, 51.12503-0010, 51.12503-0016, 51.12503-0018, 51.12503-0028, 51.12503-0029, 51.12503-0030, 51.12503-0031, 51.12503-0034, 51.12503-0036, 51.12503-0039, 51.12503-0040, 81.12503-0075<\/li>\n<li>NEOPLAN 511250304<\/li>\n<li>FIAAM FT5353, FP4935A<\/li>\n<li>KNECHT\/MAHLE KC74, KC66\/1, KC102, KC66<\/li>\n<li>HENGST H70WK06, H70WK07, H70WDK15, H70WDK13, H70WDK06, HENGST H70WK06<\/li>\n<li>MANN-SZ\u0170R\u0150 WDK724, WK842\/5<\/li>\n<li>TECNOCAR RN145<\/li>\n<li>DAF 190160<\/li>\n<li>KERET P5877, P4183, P5877<\/li>\n<li>BALDWIN BF7772<\/li>\n<li>SOFIMA S4378NR<\/li>\n<li>BOSCH 1457434106, 1457434177, 1457434295, 1457434447, N4106, N4295, 1457434177, 1457434295, 1457434447, N4106, N4295<\/li>\n<li>CHAMPION L111<\/li>\n<li>CROSLAND 5006<\/li>\n<li>DONALDSON P55-0498<\/li>\n<li>SF-SZ\u0170R\u0150 (SCHUPP) SK3462, SK3462\/1<\/li>\n<li>MERCEDES-BENZ A0018354447, 0018354447<\/li>\n<li>FLOTTAV\u00c9D\u0150 FF5139, FF5271<\/li>\n<li>FILTRON PP837\/1<\/li>\n<li>ALCO SZ\u0170R\u0150K SP1019<\/li>\n<li>DEUTZ (KHD) 01182224<\/li>\n<li>EVOBUS\/SETRA 8.311.997.648.0, 8.319.121.610, 8.319.128.161.0<\/li>\n<li>FENDT F816200060010, F816200710060, G311200060010, G311200060050, X810190165<\/li>\n<li>LIEBHERR 7000712, 7008775, 7012763, 7211230, 7382048, 8145894, 9145984, 7000712, 7008775, 7012763, 7211230, 7382048, 8145894, 9145984.<\/li>\n<li>EXMOT PP-1002<\/li>\n<li>HIFI SZ\u0170R\u0150 SN 70142<\/li>\n<li>DENCKERMANN A120271<\/li>\n<li>OE F816200060010, 8.311.997.648.0<\/li>\n<li>MAN 51.12503-0010<\/li>\n<\/ul>\n<\/div>\n<\/div>\n","protected":false},"excerpt":{"rendered":"<p style=\"text-align: justify\">\u00dczemanyag-sz\u0171r\u0151 &#8211; PDS714 SCHLUETER, FENDT<\/p>\n","protected":false},"featured_media":9558,"comment_status":"open","ping_status":"closed","template":"","meta":{"_acf_changed":false,"inline_featured_image":false},"product_brand":[],"product_cat":[276,302],"product_tag":[],"class_list":{"0":"post-9557","1":"product","2":"type-product","3":"status-publish","4":"has-post-thumbnail","6":"product_cat-szurok","7":"product_cat-uzemanyagszuro","9":"first","10":"instock","11":"taxable","12":"shipping-taxable","13":"purchasable","14":"product-type-simple"},"acf":[],"yoast_head":"<!-- This site is optimized with the Yoast SEO plugin v27.3 - https:\/\/yoast.com\/product\/yoast-seo-wordpress\/ -->\n<title>\u00dczemanyag-sz\u0171r\u0151 - PDS714 SCHLUETER, FENDT - Exparto.pl<\/title>\n<meta name=\"robots\" content=\"index, follow, max-snippet:-1, max-image-preview:large, max-video-preview:-1\" \/>\n<link rel=\"canonical\" href=\"https:\/\/exparto.pl\/hu\/produkt\/uzemanyag-szuro-pds714-schlueter-fendt\/\" \/>\n<meta property=\"og:locale\" content=\"hu_HU\" \/>\n<meta property=\"og:type\" content=\"article\" \/>\n<meta property=\"og:title\" content=\"\u00dczemanyag-sz\u0171r\u0151 - PDS714 SCHLUETER, FENDT - Exparto.pl\" \/>\n<meta property=\"og:description\" content=\"\u00dczemanyag-sz\u0171r\u0151 - PDS714 SCHLUETER, FENDT\" \/>\n<meta property=\"og:url\" content=\"https:\/\/exparto.pl\/hu\/produkt\/uzemanyag-szuro-pds714-schlueter-fendt\/\" \/>\n<meta property=\"og:site_name\" content=\"Exparto.pl\" \/>\n<meta property=\"article:publisher\" content=\"https:\/\/www.facebook.com\/exparto.agro\/\" \/>\n<meta property=\"og:image\" content=\"https:\/\/exparto.pl\/wp-content\/uploads\/2023\/10\/64fff1d62afac943592fe177e6fabe20.jpg\" \/>\n\t<meta property=\"og:image:width\" content=\"1000\" \/>\n\t<meta property=\"og:image:height\" content=\"1000\" \/>\n\t<meta property=\"og:image:type\" content=\"image\/jpeg\" \/>\n<meta name=\"twitter:card\" content=\"summary_large_image\" \/>\n<meta name=\"twitter:label1\" content=\"Becs\u00fclt olvas\u00e1si id\u0151\" \/>\n\t<meta name=\"twitter:data1\" content=\"1 perc\" \/>\n<script type=\"application\/ld+json\" class=\"yoast-schema-graph\">{\"@context\":\"https:\\\/\\\/schema.org\",\"@graph\":[{\"@type\":\"WebPage\",\"@id\":\"https:\\\/\\\/exparto.pl\\\/hu\\\/produkt\\\/uzemanyag-szuro-pds714-schlueter-fendt\\\/\",\"url\":\"https:\\\/\\\/exparto.pl\\\/hu\\\/produkt\\\/uzemanyag-szuro-pds714-schlueter-fendt\\\/\",\"name\":\"\u00dczemanyag-sz\u0171r\u0151 - PDS714 SCHLUETER, FENDT - Exparto.pl\",\"isPartOf\":{\"@id\":\"https:\\\/\\\/exparto.pl\\\/hu\\\/#website\"},\"primaryImageOfPage\":{\"@id\":\"https:\\\/\\\/exparto.pl\\\/hu\\\/produkt\\\/uzemanyag-szuro-pds714-schlueter-fendt\\\/#primaryimage\"},\"image\":{\"@id\":\"https:\\\/\\\/exparto.pl\\\/hu\\\/produkt\\\/uzemanyag-szuro-pds714-schlueter-fendt\\\/#primaryimage\"},\"thumbnailUrl\":\"https:\\\/\\\/exparto.pl\\\/wp-content\\\/uploads\\\/2023\\\/10\\\/64fff1d62afac943592fe177e6fabe20.jpg\",\"datePublished\":\"2023-10-05T10:48:14+00:00\",\"breadcrumb\":{\"@id\":\"https:\\\/\\\/exparto.pl\\\/hu\\\/produkt\\\/uzemanyag-szuro-pds714-schlueter-fendt\\\/#breadcrumb\"},\"inLanguage\":\"hu\",\"potentialAction\":[{\"@type\":\"ReadAction\",\"target\":[\"https:\\\/\\\/exparto.pl\\\/hu\\\/produkt\\\/uzemanyag-szuro-pds714-schlueter-fendt\\\/\"]}]},{\"@type\":\"ImageObject\",\"inLanguage\":\"hu\",\"@id\":\"https:\\\/\\\/exparto.pl\\\/hu\\\/produkt\\\/uzemanyag-szuro-pds714-schlueter-fendt\\\/#primaryimage\",\"url\":\"https:\\\/\\\/exparto.pl\\\/wp-content\\\/uploads\\\/2023\\\/10\\\/64fff1d62afac943592fe177e6fabe20.jpg\",\"contentUrl\":\"https:\\\/\\\/exparto.pl\\\/wp-content\\\/uploads\\\/2023\\\/10\\\/64fff1d62afac943592fe177e6fabe20.jpg\",\"width\":1000,\"height\":1000},{\"@type\":\"BreadcrumbList\",\"@id\":\"https:\\\/\\\/exparto.pl\\\/hu\\\/produkt\\\/uzemanyag-szuro-pds714-schlueter-fendt\\\/#breadcrumb\",\"itemListElement\":[{\"@type\":\"ListItem\",\"position\":1,\"name\":\"Honlap\",\"item\":\"https:\\\/\\\/exparto.pl\\\/hu\\\/\"},{\"@type\":\"ListItem\",\"position\":2,\"name\":\"Sklep\",\"item\":\"https:\\\/\\\/exparto.pl\\\/sklep\\\/\"},{\"@type\":\"ListItem\",\"position\":3,\"name\":\"Sz\u0171r\u0151k\",\"item\":\"https:\\\/\\\/exparto.pl\\\/hu\\\/termekkategoria\\\/szurok\\\/\"},{\"@type\":\"ListItem\",\"position\":4,\"name\":\"\u00dczemanyagsz\u0171r\u0151\",\"item\":\"https:\\\/\\\/exparto.pl\\\/hu\\\/termekkategoria\\\/szurok\\\/uzemanyagszuro\\\/\"},{\"@type\":\"ListItem\",\"position\":5,\"name\":\"\u00dczemanyag-sz\u0171r\u0151 &#8211; PDS714 SCHLUETER, FENDT\"}]},{\"@type\":\"WebSite\",\"@id\":\"https:\\\/\\\/exparto.pl\\\/hu\\\/#website\",\"url\":\"https:\\\/\\\/exparto.pl\\\/hu\\\/\",\"name\":\"EXPARTO\",\"description\":\"More than agro parts\",\"publisher\":{\"@id\":\"https:\\\/\\\/exparto.pl\\\/hu\\\/#organization\"},\"potentialAction\":[{\"@type\":\"SearchAction\",\"target\":{\"@type\":\"EntryPoint\",\"urlTemplate\":\"https:\\\/\\\/exparto.pl\\\/hu\\\/?s={search_term_string}\"},\"query-input\":{\"@type\":\"PropertyValueSpecification\",\"valueRequired\":true,\"valueName\":\"search_term_string\"}}],\"inLanguage\":\"hu\"},{\"@type\":\"Organization\",\"@id\":\"https:\\\/\\\/exparto.pl\\\/hu\\\/#organization\",\"name\":\"EXPARTO\",\"url\":\"https:\\\/\\\/exparto.pl\\\/hu\\\/\",\"logo\":{\"@type\":\"ImageObject\",\"inLanguage\":\"hu\",\"@id\":\"https:\\\/\\\/exparto.pl\\\/hu\\\/#\\\/schema\\\/logo\\\/image\\\/\",\"url\":\"https:\\\/\\\/exparto.pl\\\/wp-content\\\/uploads\\\/2023\\\/02\\\/logo-wektor.png\",\"contentUrl\":\"https:\\\/\\\/exparto.pl\\\/wp-content\\\/uploads\\\/2023\\\/02\\\/logo-wektor.png\",\"width\":1338,\"height\":143,\"caption\":\"EXPARTO\"},\"image\":{\"@id\":\"https:\\\/\\\/exparto.pl\\\/hu\\\/#\\\/schema\\\/logo\\\/image\\\/\"},\"sameAs\":[\"https:\\\/\\\/www.facebook.com\\\/exparto.agro\\\/\"]}]}<\/script>\n<!-- \/ Yoast SEO plugin. -->","yoast_head_json":{"title":"\u00dczemanyag-sz\u0171r\u0151 - PDS714 SCHLUETER, FENDT - Exparto.pl","robots":{"index":"index","follow":"follow","max-snippet":"max-snippet:-1","max-image-preview":"max-image-preview:large","max-video-preview":"max-video-preview:-1"},"canonical":"https:\/\/exparto.pl\/hu\/produkt\/uzemanyag-szuro-pds714-schlueter-fendt\/","og_locale":"hu_HU","og_type":"article","og_title":"\u00dczemanyag-sz\u0171r\u0151 - PDS714 SCHLUETER, FENDT - Exparto.pl","og_description":"\u00dczemanyag-sz\u0171r\u0151 - PDS714 SCHLUETER, FENDT","og_url":"https:\/\/exparto.pl\/hu\/produkt\/uzemanyag-szuro-pds714-schlueter-fendt\/","og_site_name":"Exparto.pl","article_publisher":"https:\/\/www.facebook.com\/exparto.agro\/","og_image":[{"width":1000,"height":1000,"url":"https:\/\/exparto.pl\/wp-content\/uploads\/2023\/10\/64fff1d62afac943592fe177e6fabe20.jpg","type":"image\/jpeg"}],"twitter_card":"summary_large_image","twitter_misc":{"Becs\u00fclt olvas\u00e1si id\u0151":"1 perc"},"schema":{"@context":"https:\/\/schema.org","@graph":[{"@type":"WebPage","@id":"https:\/\/exparto.pl\/hu\/produkt\/uzemanyag-szuro-pds714-schlueter-fendt\/","url":"https:\/\/exparto.pl\/hu\/produkt\/uzemanyag-szuro-pds714-schlueter-fendt\/","name":"\u00dczemanyag-sz\u0171r\u0151 - PDS714 SCHLUETER, FENDT - Exparto.pl","isPartOf":{"@id":"https:\/\/exparto.pl\/hu\/#website"},"primaryImageOfPage":{"@id":"https:\/\/exparto.pl\/hu\/produkt\/uzemanyag-szuro-pds714-schlueter-fendt\/#primaryimage"},"image":{"@id":"https:\/\/exparto.pl\/hu\/produkt\/uzemanyag-szuro-pds714-schlueter-fendt\/#primaryimage"},"thumbnailUrl":"https:\/\/exparto.pl\/wp-content\/uploads\/2023\/10\/64fff1d62afac943592fe177e6fabe20.jpg","datePublished":"2023-10-05T10:48:14+00:00","breadcrumb":{"@id":"https:\/\/exparto.pl\/hu\/produkt\/uzemanyag-szuro-pds714-schlueter-fendt\/#breadcrumb"},"inLanguage":"hu","potentialAction":[{"@type":"ReadAction","target":["https:\/\/exparto.pl\/hu\/produkt\/uzemanyag-szuro-pds714-schlueter-fendt\/"]}]},{"@type":"ImageObject","inLanguage":"hu","@id":"https:\/\/exparto.pl\/hu\/produkt\/uzemanyag-szuro-pds714-schlueter-fendt\/#primaryimage","url":"https:\/\/exparto.pl\/wp-content\/uploads\/2023\/10\/64fff1d62afac943592fe177e6fabe20.jpg","contentUrl":"https:\/\/exparto.pl\/wp-content\/uploads\/2023\/10\/64fff1d62afac943592fe177e6fabe20.jpg","width":1000,"height":1000},{"@type":"BreadcrumbList","@id":"https:\/\/exparto.pl\/hu\/produkt\/uzemanyag-szuro-pds714-schlueter-fendt\/#breadcrumb","itemListElement":[{"@type":"ListItem","position":1,"name":"Honlap","item":"https:\/\/exparto.pl\/hu\/"},{"@type":"ListItem","position":2,"name":"Sklep","item":"https:\/\/exparto.pl\/sklep\/"},{"@type":"ListItem","position":3,"name":"Sz\u0171r\u0151k","item":"https:\/\/exparto.pl\/hu\/termekkategoria\/szurok\/"},{"@type":"ListItem","position":4,"name":"\u00dczemanyagsz\u0171r\u0151","item":"https:\/\/exparto.pl\/hu\/termekkategoria\/szurok\/uzemanyagszuro\/"},{"@type":"ListItem","position":5,"name":"\u00dczemanyag-sz\u0171r\u0151 &#8211; PDS714 SCHLUETER, FENDT"}]},{"@type":"WebSite","@id":"https:\/\/exparto.pl\/hu\/#website","url":"https:\/\/exparto.pl\/hu\/","name":"EXPARTO","description":"More than agro parts","publisher":{"@id":"https:\/\/exparto.pl\/hu\/#organization"},"potentialAction":[{"@type":"SearchAction","target":{"@type":"EntryPoint","urlTemplate":"https:\/\/exparto.pl\/hu\/?s={search_term_string}"},"query-input":{"@type":"PropertyValueSpecification","valueRequired":true,"valueName":"search_term_string"}}],"inLanguage":"hu"},{"@type":"Organization","@id":"https:\/\/exparto.pl\/hu\/#organization","name":"EXPARTO","url":"https:\/\/exparto.pl\/hu\/","logo":{"@type":"ImageObject","inLanguage":"hu","@id":"https:\/\/exparto.pl\/hu\/#\/schema\/logo\/image\/","url":"https:\/\/exparto.pl\/wp-content\/uploads\/2023\/02\/logo-wektor.png","contentUrl":"https:\/\/exparto.pl\/wp-content\/uploads\/2023\/02\/logo-wektor.png","width":1338,"height":143,"caption":"EXPARTO"},"image":{"@id":"https:\/\/exparto.pl\/hu\/#\/schema\/logo\/image\/"},"sameAs":["https:\/\/www.facebook.com\/exparto.agro\/"]}]}},"_links":{"self":[{"href":"https:\/\/exparto.pl\/hu\/wp-json\/wp\/v2\/product\/9557","targetHints":{"allow":["GET"]}}],"collection":[{"href":"https:\/\/exparto.pl\/hu\/wp-json\/wp\/v2\/product"}],"about":[{"href":"https:\/\/exparto.pl\/hu\/wp-json\/wp\/v2\/types\/product"}],"replies":[{"embeddable":true,"href":"https:\/\/exparto.pl\/hu\/wp-json\/wp\/v2\/comments?post=9557"}],"wp:featuredmedia":[{"embeddable":true,"href":"https:\/\/exparto.pl\/hu\/wp-json\/wp\/v2\/media\/9558"}],"wp:attachment":[{"href":"https:\/\/exparto.pl\/hu\/wp-json\/wp\/v2\/media?parent=9557"}],"wp:term":[{"taxonomy":"product_brand","embeddable":true,"href":"https:\/\/exparto.pl\/hu\/wp-json\/wp\/v2\/product_brand?post=9557"},{"taxonomy":"product_cat","embeddable":true,"href":"https:\/\/exparto.pl\/hu\/wp-json\/wp\/v2\/product_cat?post=9557"},{"taxonomy":"product_tag","embeddable":true,"href":"https:\/\/exparto.pl\/hu\/wp-json\/wp\/v2\/product_tag?post=9557"}],"curies":[{"name":"wp","href":"https:\/\/api.w.org\/{rel}","templated":true}]}}