{"id":9570,"date":"2023-10-06T13:42:34","date_gmt":"2023-10-06T11:42:34","guid":{"rendered":"https:\/\/exparto.pl\/produkt\/uzemanyagszuro-betet-wp103-zetor\/"},"modified":"2023-10-06T13:42:34","modified_gmt":"2023-10-06T11:42:34","slug":"uzemanyagszuro-betet-wp103-zetor","status":"publish","type":"product","link":"https:\/\/exparto.pl\/hu\/produkt\/uzemanyagszuro-betet-wp103-zetor\/","title":{"rendered":"\u00dczemanyagsz\u0171r\u0151 bet\u00e9t &#8211; WP103 ZETOR"},"content":{"rendered":"<p style=\"text-align: justify\"><b>Sz\u0171r\u0151 alkalmaz\u00e1sa:<\/b><\/p>\n<ul>\n<li style=\"text-align: justify\">BIZON-P\u0141OCK &#8211; BZS 110<\/li>\n<li style=\"text-align: justify\">MEZ\u0150GAZDAS\u00c1GI MUNKAG\u00c9PEK &#8211; UM 53 SOROZAT<\/li>\n<li style=\"text-align: justify\">URSUS &#8211; 1000 SOROZAT,<\/li>\n<li style=\"text-align: justify\">ZETOR &#8211; 1000 SOROZAT, 3000 SOROZAT, 4000 SOROZAT, 5000 SOROZAT, 6000 SOROZAT, 7000 SOROZAT, 8000 SOROZAT, 9000 SOROZAT, 10000 SOROZAT, UR SOROZAT, ZTS SOROZAT, ZTS SOROZAT<\/li>\n<\/ul>\n<div style=\"text-align: justify\">\n<div><span style=\"font-weight: 700 !important\">\u00d6sszehasonl\u00edt\u00f3 sz\u00e1mok \/ P\u00f3tl\u00e1sok<\/span><\/div>\n<div><b> <\/b><\/div>\n<div>\n<ul>\n<li>FILTRON PM 811<\/li>\n<li>MANN-SZ\u0170R\u0150 P 8014<\/li>\n<li>WIX SZ\u0170R\u0150K 95127E<\/li>\n<\/ul>\n<\/div>\n<\/div>\n","protected":false},"excerpt":{"rendered":"<p style=\"text-align: justify\">\u00dczemanyagsz\u0171r\u0151 bet\u00e9t &#8211; WP103 ZETOR<\/p>\n","protected":false},"featured_media":9571,"comment_status":"open","ping_status":"closed","template":"","meta":{"_acf_changed":false,"inline_featured_image":false},"product_brand":[],"product_cat":[276,306],"product_tag":[],"class_list":{"0":"post-9570","1":"product","2":"type-product","3":"status-publish","4":"has-post-thumbnail","6":"product_cat-szurok","7":"product_cat-uzemanyagszuro-betet","9":"first","10":"instock","11":"taxable","12":"shipping-taxable","13":"purchasable","14":"product-type-simple"},"acf":[],"yoast_head":"<!-- This site is optimized with the Yoast SEO plugin v27.2 - https:\/\/yoast.com\/product\/yoast-seo-wordpress\/ -->\n<title>\u00dczemanyagsz\u0171r\u0151 bet\u00e9t - WP103 ZETOR - Exparto.pl<\/title>\n<meta name=\"robots\" content=\"index, follow, max-snippet:-1, max-image-preview:large, max-video-preview:-1\" \/>\n<link rel=\"canonical\" href=\"https:\/\/exparto.pl\/hu\/produkt\/uzemanyagszuro-betet-wp103-zetor\/\" \/>\n<meta property=\"og:locale\" content=\"hu_HU\" \/>\n<meta property=\"og:type\" content=\"article\" \/>\n<meta property=\"og:title\" content=\"\u00dczemanyagsz\u0171r\u0151 bet\u00e9t - WP103 ZETOR - Exparto.pl\" \/>\n<meta property=\"og:description\" content=\"\u00dczemanyagsz\u0171r\u0151 bet\u00e9t - WP103 ZETOR\" \/>\n<meta property=\"og:url\" content=\"https:\/\/exparto.pl\/hu\/produkt\/uzemanyagszuro-betet-wp103-zetor\/\" \/>\n<meta property=\"og:site_name\" content=\"Exparto.pl\" \/>\n<meta property=\"article:publisher\" content=\"https:\/\/www.facebook.com\/exparto.agro\/\" \/>\n<meta property=\"og:image\" content=\"https:\/\/exparto.pl\/wp-content\/uploads\/2023\/10\/92d8abb31b001e1a4cc91c217a4744a2.jpg\" \/>\n\t<meta property=\"og:image:width\" content=\"1000\" \/>\n\t<meta property=\"og:image:height\" content=\"1000\" \/>\n\t<meta property=\"og:image:type\" content=\"image\/jpeg\" \/>\n<meta name=\"twitter:card\" content=\"summary_large_image\" \/>\n<script type=\"application\/ld+json\" class=\"yoast-schema-graph\">{\"@context\":\"https:\/\/schema.org\",\"@graph\":[{\"@type\":\"WebPage\",\"@id\":\"https:\/\/exparto.pl\/hu\/produkt\/uzemanyagszuro-betet-wp103-zetor\/\",\"url\":\"https:\/\/exparto.pl\/hu\/produkt\/uzemanyagszuro-betet-wp103-zetor\/\",\"name\":\"\u00dczemanyagsz\u0171r\u0151 bet\u00e9t - WP103 ZETOR - Exparto.pl\",\"isPartOf\":{\"@id\":\"https:\/\/exparto.pl\/hu\/#website\"},\"primaryImageOfPage\":{\"@id\":\"https:\/\/exparto.pl\/hu\/produkt\/uzemanyagszuro-betet-wp103-zetor\/#primaryimage\"},\"image\":{\"@id\":\"https:\/\/exparto.pl\/hu\/produkt\/uzemanyagszuro-betet-wp103-zetor\/#primaryimage\"},\"thumbnailUrl\":\"https:\/\/exparto.pl\/wp-content\/uploads\/2023\/10\/92d8abb31b001e1a4cc91c217a4744a2.jpg\",\"datePublished\":\"2023-10-06T11:42:34+00:00\",\"breadcrumb\":{\"@id\":\"https:\/\/exparto.pl\/hu\/produkt\/uzemanyagszuro-betet-wp103-zetor\/#breadcrumb\"},\"inLanguage\":\"hu\",\"potentialAction\":[{\"@type\":\"ReadAction\",\"target\":[\"https:\/\/exparto.pl\/hu\/produkt\/uzemanyagszuro-betet-wp103-zetor\/\"]}]},{\"@type\":\"ImageObject\",\"inLanguage\":\"hu\",\"@id\":\"https:\/\/exparto.pl\/hu\/produkt\/uzemanyagszuro-betet-wp103-zetor\/#primaryimage\",\"url\":\"https:\/\/exparto.pl\/wp-content\/uploads\/2023\/10\/92d8abb31b001e1a4cc91c217a4744a2.jpg\",\"contentUrl\":\"https:\/\/exparto.pl\/wp-content\/uploads\/2023\/10\/92d8abb31b001e1a4cc91c217a4744a2.jpg\",\"width\":1000,\"height\":1000},{\"@type\":\"BreadcrumbList\",\"@id\":\"https:\/\/exparto.pl\/hu\/produkt\/uzemanyagszuro-betet-wp103-zetor\/#breadcrumb\",\"itemListElement\":[{\"@type\":\"ListItem\",\"position\":1,\"name\":\"Honlap\",\"item\":\"https:\/\/exparto.pl\/hu\/\"},{\"@type\":\"ListItem\",\"position\":2,\"name\":\"Sklep\",\"item\":\"https:\/\/exparto.pl\/sklep\/\"},{\"@type\":\"ListItem\",\"position\":3,\"name\":\"Sz\u0171r\u0151k\",\"item\":\"https:\/\/exparto.pl\/hu\/termekkategoria\/szurok\/\"},{\"@type\":\"ListItem\",\"position\":4,\"name\":\"\u00dczemanyagsz\u0171r\u0151 bet\u00e9t\",\"item\":\"https:\/\/exparto.pl\/hu\/termekkategoria\/szurok\/uzemanyagszuro-betet\/\"},{\"@type\":\"ListItem\",\"position\":5,\"name\":\"\u00dczemanyagsz\u0171r\u0151 bet\u00e9t &#8211; WP103 ZETOR\"}]},{\"@type\":\"WebSite\",\"@id\":\"https:\/\/exparto.pl\/hu\/#website\",\"url\":\"https:\/\/exparto.pl\/hu\/\",\"name\":\"EXPARTO\",\"description\":\"More than agro parts\",\"publisher\":{\"@id\":\"https:\/\/exparto.pl\/hu\/#organization\"},\"potentialAction\":[{\"@type\":\"SearchAction\",\"target\":{\"@type\":\"EntryPoint\",\"urlTemplate\":\"https:\/\/exparto.pl\/hu\/?s={search_term_string}\"},\"query-input\":{\"@type\":\"PropertyValueSpecification\",\"valueRequired\":true,\"valueName\":\"search_term_string\"}}],\"inLanguage\":\"hu\"},{\"@type\":\"Organization\",\"@id\":\"https:\/\/exparto.pl\/hu\/#organization\",\"name\":\"EXPARTO\",\"url\":\"https:\/\/exparto.pl\/hu\/\",\"logo\":{\"@type\":\"ImageObject\",\"inLanguage\":\"hu\",\"@id\":\"https:\/\/exparto.pl\/hu\/#\/schema\/logo\/image\/\",\"url\":\"https:\/\/exparto.pl\/wp-content\/uploads\/2023\/02\/logo-wektor.png\",\"contentUrl\":\"https:\/\/exparto.pl\/wp-content\/uploads\/2023\/02\/logo-wektor.png\",\"width\":1338,\"height\":143,\"caption\":\"EXPARTO\"},\"image\":{\"@id\":\"https:\/\/exparto.pl\/hu\/#\/schema\/logo\/image\/\"},\"sameAs\":[\"https:\/\/www.facebook.com\/exparto.agro\/\"]}]}<\/script>\n<!-- \/ Yoast SEO plugin. -->","yoast_head_json":{"title":"\u00dczemanyagsz\u0171r\u0151 bet\u00e9t - WP103 ZETOR - Exparto.pl","robots":{"index":"index","follow":"follow","max-snippet":"max-snippet:-1","max-image-preview":"max-image-preview:large","max-video-preview":"max-video-preview:-1"},"canonical":"https:\/\/exparto.pl\/hu\/produkt\/uzemanyagszuro-betet-wp103-zetor\/","og_locale":"hu_HU","og_type":"article","og_title":"\u00dczemanyagsz\u0171r\u0151 bet\u00e9t - WP103 ZETOR - Exparto.pl","og_description":"\u00dczemanyagsz\u0171r\u0151 bet\u00e9t - WP103 ZETOR","og_url":"https:\/\/exparto.pl\/hu\/produkt\/uzemanyagszuro-betet-wp103-zetor\/","og_site_name":"Exparto.pl","article_publisher":"https:\/\/www.facebook.com\/exparto.agro\/","og_image":[{"width":1000,"height":1000,"url":"https:\/\/exparto.pl\/wp-content\/uploads\/2023\/10\/92d8abb31b001e1a4cc91c217a4744a2.jpg","type":"image\/jpeg"}],"twitter_card":"summary_large_image","schema":{"@context":"https:\/\/schema.org","@graph":[{"@type":"WebPage","@id":"https:\/\/exparto.pl\/hu\/produkt\/uzemanyagszuro-betet-wp103-zetor\/","url":"https:\/\/exparto.pl\/hu\/produkt\/uzemanyagszuro-betet-wp103-zetor\/","name":"\u00dczemanyagsz\u0171r\u0151 bet\u00e9t - WP103 ZETOR - Exparto.pl","isPartOf":{"@id":"https:\/\/exparto.pl\/hu\/#website"},"primaryImageOfPage":{"@id":"https:\/\/exparto.pl\/hu\/produkt\/uzemanyagszuro-betet-wp103-zetor\/#primaryimage"},"image":{"@id":"https:\/\/exparto.pl\/hu\/produkt\/uzemanyagszuro-betet-wp103-zetor\/#primaryimage"},"thumbnailUrl":"https:\/\/exparto.pl\/wp-content\/uploads\/2023\/10\/92d8abb31b001e1a4cc91c217a4744a2.jpg","datePublished":"2023-10-06T11:42:34+00:00","breadcrumb":{"@id":"https:\/\/exparto.pl\/hu\/produkt\/uzemanyagszuro-betet-wp103-zetor\/#breadcrumb"},"inLanguage":"hu","potentialAction":[{"@type":"ReadAction","target":["https:\/\/exparto.pl\/hu\/produkt\/uzemanyagszuro-betet-wp103-zetor\/"]}]},{"@type":"ImageObject","inLanguage":"hu","@id":"https:\/\/exparto.pl\/hu\/produkt\/uzemanyagszuro-betet-wp103-zetor\/#primaryimage","url":"https:\/\/exparto.pl\/wp-content\/uploads\/2023\/10\/92d8abb31b001e1a4cc91c217a4744a2.jpg","contentUrl":"https:\/\/exparto.pl\/wp-content\/uploads\/2023\/10\/92d8abb31b001e1a4cc91c217a4744a2.jpg","width":1000,"height":1000},{"@type":"BreadcrumbList","@id":"https:\/\/exparto.pl\/hu\/produkt\/uzemanyagszuro-betet-wp103-zetor\/#breadcrumb","itemListElement":[{"@type":"ListItem","position":1,"name":"Honlap","item":"https:\/\/exparto.pl\/hu\/"},{"@type":"ListItem","position":2,"name":"Sklep","item":"https:\/\/exparto.pl\/sklep\/"},{"@type":"ListItem","position":3,"name":"Sz\u0171r\u0151k","item":"https:\/\/exparto.pl\/hu\/termekkategoria\/szurok\/"},{"@type":"ListItem","position":4,"name":"\u00dczemanyagsz\u0171r\u0151 bet\u00e9t","item":"https:\/\/exparto.pl\/hu\/termekkategoria\/szurok\/uzemanyagszuro-betet\/"},{"@type":"ListItem","position":5,"name":"\u00dczemanyagsz\u0171r\u0151 bet\u00e9t &#8211; WP103 ZETOR"}]},{"@type":"WebSite","@id":"https:\/\/exparto.pl\/hu\/#website","url":"https:\/\/exparto.pl\/hu\/","name":"EXPARTO","description":"More than agro parts","publisher":{"@id":"https:\/\/exparto.pl\/hu\/#organization"},"potentialAction":[{"@type":"SearchAction","target":{"@type":"EntryPoint","urlTemplate":"https:\/\/exparto.pl\/hu\/?s={search_term_string}"},"query-input":{"@type":"PropertyValueSpecification","valueRequired":true,"valueName":"search_term_string"}}],"inLanguage":"hu"},{"@type":"Organization","@id":"https:\/\/exparto.pl\/hu\/#organization","name":"EXPARTO","url":"https:\/\/exparto.pl\/hu\/","logo":{"@type":"ImageObject","inLanguage":"hu","@id":"https:\/\/exparto.pl\/hu\/#\/schema\/logo\/image\/","url":"https:\/\/exparto.pl\/wp-content\/uploads\/2023\/02\/logo-wektor.png","contentUrl":"https:\/\/exparto.pl\/wp-content\/uploads\/2023\/02\/logo-wektor.png","width":1338,"height":143,"caption":"EXPARTO"},"image":{"@id":"https:\/\/exparto.pl\/hu\/#\/schema\/logo\/image\/"},"sameAs":["https:\/\/www.facebook.com\/exparto.agro\/"]}]}},"_links":{"self":[{"href":"https:\/\/exparto.pl\/hu\/wp-json\/wp\/v2\/product\/9570","targetHints":{"allow":["GET"]}}],"collection":[{"href":"https:\/\/exparto.pl\/hu\/wp-json\/wp\/v2\/product"}],"about":[{"href":"https:\/\/exparto.pl\/hu\/wp-json\/wp\/v2\/types\/product"}],"replies":[{"embeddable":true,"href":"https:\/\/exparto.pl\/hu\/wp-json\/wp\/v2\/comments?post=9570"}],"wp:featuredmedia":[{"embeddable":true,"href":"https:\/\/exparto.pl\/hu\/wp-json\/wp\/v2\/media\/9571"}],"wp:attachment":[{"href":"https:\/\/exparto.pl\/hu\/wp-json\/wp\/v2\/media?parent=9570"}],"wp:term":[{"taxonomy":"product_brand","embeddable":true,"href":"https:\/\/exparto.pl\/hu\/wp-json\/wp\/v2\/product_brand?post=9570"},{"taxonomy":"product_cat","embeddable":true,"href":"https:\/\/exparto.pl\/hu\/wp-json\/wp\/v2\/product_cat?post=9570"},{"taxonomy":"product_tag","embeddable":true,"href":"https:\/\/exparto.pl\/hu\/wp-json\/wp\/v2\/product_tag?post=9570"}],"curies":[{"name":"wp","href":"https:\/\/api.w.org\/{rel}","templated":true}]}}