{"id":9605,"date":"2023-10-04T13:59:57","date_gmt":"2023-10-04T11:59:57","guid":{"rendered":"https:\/\/exparto.pl\/produkt\/olajszuro-pp92-deutz-fahr-new-holland-deutz-fahr-new-holland\/"},"modified":"2023-10-04T13:59:57","modified_gmt":"2023-10-04T11:59:57","slug":"olajszuro-pp92-deutz-fahr-new-holland","status":"publish","type":"product","link":"https:\/\/exparto.pl\/hu\/produkt\/olajszuro-pp92-deutz-fahr-new-holland\/","title":{"rendered":"Olajsz\u0171r\u0151 &#8211; PP92 DEUTZ-FAHR NEW HOLLAND DEUTZ-FAHR NEW HOLLAND"},"content":{"rendered":"<p style=\"text-align: justify\"><b>Sz\u0171r\u0151 alkalmaz\u00e1sa:<\/b><\/p>\n<\/p>\n<ul>\n<li style=\"text-align: justify\">ESET IH &#8211; JX SOROZAT, JXU SOROZAT<\/li>\n<li style=\"text-align: justify\">DEUTZ FAHR &#8211; AGROCLIMBER, AGROPLUS<\/li>\n<li style=\"text-align: justify\">EICHER &#8211; 2000-ES SOROZAT<\/li>\n<li style=\"text-align: justify\">NEW HOLLAND &#8211; 1100-AS SOROZAT, 1200-AS SOROZAT, 4000-ES SOROZAT, 8000-ES SOROZAT, TD\/TDD SOROZAT, TL\/TL-A SOROZAT<\/li>\n<\/ul>\n<div style=\"text-align: justify\"><span style=\"font-weight: 700\">\u00d6sszehasonl\u00edt\u00f3 sz\u00e1mok \/ P\u00f3tl\u00e1sok:<\/span><\/div>\n<div style=\"text-align: justify\"><span style=\"font-weight: 700\"><br \/><\/span><\/div>\n<div style=\"text-align: justify\">\n<ul>\n<li>ALCO SZ\u0170R\u0150: SP-855,<\/li>\n<li>ALLIS-CHALMERS: 0451341-1, 4027979, 451341, 4513411, 4513411-1, 74027979, 74513411,<\/li>\n<li>BALDWIN: BT348,<\/li>\n<li>ESET: IH 1931165, IH 925229, IH 925229C91,<\/li>\n<li>TISZTA SZ\u0170R\u0150K: DO822,<\/li>\n<li>COOPERS: LSF5126, LSF5129,<\/li>\n<li>CROSLAND: 2171,<\/li>\n<li>CoopersFiaam: FT4669T, FT4945,<\/li>\n<li>DENCKERMANN: A210123,<\/li>\n<li>DEUTZ-FAHR: 2.4419.340.0\/10,<\/li>\n<li>FIAT: 1901602, 1909102, 2654392, 4027979, 4135600, 41356000, 4222406, 4602186, 4607360, 4608186, 4625546, 4630787, 4730587, 71961003, 74027979, 74513411,<\/li>\n<li>FLEETGUARD: LF682,<\/li>\n<li>FORD: 5001124, A740X6714BA, EFL93,<\/li>\n<li>KERET: P4529, PH4560,<\/li>\n<li>GENERAL MOTORS: 7984919,<\/li>\n<li>HENGST SZ\u0170R\u0150: H208W01,<\/li>\n<li>IVECO: 1901602, 1907567, 1909102, 4602186, 71961003,<\/li>\n<li>KNECHT: OC15,<\/li>\n<li>LAMBORGHINI: 0.0411.553.0\/01, 2.4419.340.0,<\/li>\n<li>LOMBARDINI: 24419.340.0,<\/li>\n<li>MANN-SZ\u0170R\u0150: W1140,<\/li>\n<li>NEW HOLLAND: 1909102, 1909102-1, 84221215, 86546609, 98432642,<\/li>\n<li>PERKINS: 26540215,<\/li>\n<li>PUROLATOR: L34733, L37198, L44796,<\/li>\n<li>UGYANAZ: 041.1556.0, 2.4419.340.0\/, 2.4419.340.0\/10,<\/li>\n<li>SEDPP92: ,<\/li>\n<li>SOFIMA: S0108R, S9610R,<\/li>\n<li>TECNOCAR: R169, R369,<\/li>\n<li>UFI: 23.108.01, 23.108.02,<\/li>\n<li>UNICO SZ\u0170R\u0150: LI10135, LI10140,<\/li>\n<li>ALCO SZ\u0170R\u0150 SP-855<\/li>\n<li>TISZTA SZ\u0170R\u0150K A 822-ESHEZ<\/li>\n<li>DENCKERMANN A210123<\/li>\n<li>FLEETGUARD LF682<\/li>\n<li>HENGST SZ\u0170R\u0150 H208W01<\/li>\n<li>KNECHT OC 15<\/li>\n<li>MANN-SZ\u0170R\u0150 W 1140<\/li>\n<li>SOFIMA S 0108 R<\/li>\n<li>SOFIMA S 9610 R<\/li>\n<li>UFI 23.108.01<\/li>\n<li>UFI 23.108.02<\/li>\n<\/ul>\n<\/div>\n","protected":false},"excerpt":{"rendered":"<p style=\"text-align: justify\">Olajsz\u0171r\u0151 &#8211; PP92 DEUTZ-FAHR, NEW HOLLAND<\/p>\n","protected":false},"featured_media":9606,"comment_status":"open","ping_status":"closed","template":"","meta":{"_acf_changed":false,"inline_featured_image":false},"product_brand":[],"product_cat":[301,276],"product_tag":[],"class_list":{"0":"post-9605","1":"product","2":"type-product","3":"status-publish","4":"has-post-thumbnail","6":"product_cat-olajszuro","7":"product_cat-szurok","9":"first","10":"instock","11":"taxable","12":"shipping-taxable","13":"purchasable","14":"product-type-simple"},"acf":[],"yoast_head":"<!-- This site is optimized with the Yoast SEO plugin v27.2 - https:\/\/yoast.com\/product\/yoast-seo-wordpress\/ -->\n<title>Olajsz\u0171r\u0151 - PP92 DEUTZ-FAHR NEW HOLLAND DEUTZ-FAHR NEW HOLLAND - Exparto.pl<\/title>\n<meta name=\"robots\" content=\"index, follow, max-snippet:-1, max-image-preview:large, max-video-preview:-1\" \/>\n<link rel=\"canonical\" href=\"https:\/\/exparto.pl\/hu\/produkt\/olajszuro-pp92-deutz-fahr-new-holland\/\" \/>\n<meta property=\"og:locale\" content=\"hu_HU\" \/>\n<meta property=\"og:type\" content=\"article\" \/>\n<meta property=\"og:title\" content=\"Olajsz\u0171r\u0151 - PP92 DEUTZ-FAHR NEW HOLLAND DEUTZ-FAHR NEW HOLLAND - Exparto.pl\" \/>\n<meta property=\"og:description\" content=\"Olajsz\u0171r\u0151 - PP92 DEUTZ-FAHR, NEW HOLLAND\" \/>\n<meta property=\"og:url\" content=\"https:\/\/exparto.pl\/hu\/produkt\/olajszuro-pp92-deutz-fahr-new-holland\/\" \/>\n<meta property=\"og:site_name\" content=\"Exparto.pl\" \/>\n<meta property=\"article:publisher\" content=\"https:\/\/www.facebook.com\/exparto.agro\/\" \/>\n<meta property=\"og:image\" content=\"https:\/\/exparto.pl\/wp-content\/uploads\/2023\/10\/f40ba3b2f53f2ff05b4030355bf13ae8.jpg\" \/>\n\t<meta property=\"og:image:width\" content=\"1000\" \/>\n\t<meta property=\"og:image:height\" content=\"1000\" \/>\n\t<meta property=\"og:image:type\" content=\"image\/jpeg\" \/>\n<meta name=\"twitter:card\" content=\"summary_large_image\" \/>\n<meta name=\"twitter:label1\" content=\"Becs\u00fclt olvas\u00e1si id\u0151\" \/>\n\t<meta name=\"twitter:data1\" content=\"1 perc\" \/>\n<script type=\"application\/ld+json\" class=\"yoast-schema-graph\">{\"@context\":\"https:\/\/schema.org\",\"@graph\":[{\"@type\":\"WebPage\",\"@id\":\"https:\/\/exparto.pl\/hu\/produkt\/olajszuro-pp92-deutz-fahr-new-holland\/\",\"url\":\"https:\/\/exparto.pl\/hu\/produkt\/olajszuro-pp92-deutz-fahr-new-holland\/\",\"name\":\"Olajsz\u0171r\u0151 - PP92 DEUTZ-FAHR NEW HOLLAND DEUTZ-FAHR NEW HOLLAND - Exparto.pl\",\"isPartOf\":{\"@id\":\"https:\/\/exparto.pl\/hu\/#website\"},\"primaryImageOfPage\":{\"@id\":\"https:\/\/exparto.pl\/hu\/produkt\/olajszuro-pp92-deutz-fahr-new-holland\/#primaryimage\"},\"image\":{\"@id\":\"https:\/\/exparto.pl\/hu\/produkt\/olajszuro-pp92-deutz-fahr-new-holland\/#primaryimage\"},\"thumbnailUrl\":\"https:\/\/exparto.pl\/wp-content\/uploads\/2023\/10\/f40ba3b2f53f2ff05b4030355bf13ae8.jpg\",\"datePublished\":\"2023-10-04T11:59:57+00:00\",\"breadcrumb\":{\"@id\":\"https:\/\/exparto.pl\/hu\/produkt\/olajszuro-pp92-deutz-fahr-new-holland\/#breadcrumb\"},\"inLanguage\":\"hu\",\"potentialAction\":[{\"@type\":\"ReadAction\",\"target\":[\"https:\/\/exparto.pl\/hu\/produkt\/olajszuro-pp92-deutz-fahr-new-holland\/\"]}]},{\"@type\":\"ImageObject\",\"inLanguage\":\"hu\",\"@id\":\"https:\/\/exparto.pl\/hu\/produkt\/olajszuro-pp92-deutz-fahr-new-holland\/#primaryimage\",\"url\":\"https:\/\/exparto.pl\/wp-content\/uploads\/2023\/10\/f40ba3b2f53f2ff05b4030355bf13ae8.jpg\",\"contentUrl\":\"https:\/\/exparto.pl\/wp-content\/uploads\/2023\/10\/f40ba3b2f53f2ff05b4030355bf13ae8.jpg\",\"width\":1000,\"height\":1000},{\"@type\":\"BreadcrumbList\",\"@id\":\"https:\/\/exparto.pl\/hu\/produkt\/olajszuro-pp92-deutz-fahr-new-holland\/#breadcrumb\",\"itemListElement\":[{\"@type\":\"ListItem\",\"position\":1,\"name\":\"Honlap\",\"item\":\"https:\/\/exparto.pl\/hu\/\"},{\"@type\":\"ListItem\",\"position\":2,\"name\":\"Sklep\",\"item\":\"https:\/\/exparto.pl\/sklep\/\"},{\"@type\":\"ListItem\",\"position\":3,\"name\":\"Sz\u0171r\u0151k\",\"item\":\"https:\/\/exparto.pl\/hu\/termekkategoria\/szurok\/\"},{\"@type\":\"ListItem\",\"position\":4,\"name\":\"Olajsz\u0171r\u0151\",\"item\":\"https:\/\/exparto.pl\/hu\/termekkategoria\/szurok\/olajszuro\/\"},{\"@type\":\"ListItem\",\"position\":5,\"name\":\"Olajsz\u0171r\u0151 &#8211; PP92 DEUTZ-FAHR NEW HOLLAND DEUTZ-FAHR NEW HOLLAND\"}]},{\"@type\":\"WebSite\",\"@id\":\"https:\/\/exparto.pl\/hu\/#website\",\"url\":\"https:\/\/exparto.pl\/hu\/\",\"name\":\"EXPARTO\",\"description\":\"More than agro parts\",\"publisher\":{\"@id\":\"https:\/\/exparto.pl\/hu\/#organization\"},\"potentialAction\":[{\"@type\":\"SearchAction\",\"target\":{\"@type\":\"EntryPoint\",\"urlTemplate\":\"https:\/\/exparto.pl\/hu\/?s={search_term_string}\"},\"query-input\":{\"@type\":\"PropertyValueSpecification\",\"valueRequired\":true,\"valueName\":\"search_term_string\"}}],\"inLanguage\":\"hu\"},{\"@type\":\"Organization\",\"@id\":\"https:\/\/exparto.pl\/hu\/#organization\",\"name\":\"EXPARTO\",\"url\":\"https:\/\/exparto.pl\/hu\/\",\"logo\":{\"@type\":\"ImageObject\",\"inLanguage\":\"hu\",\"@id\":\"https:\/\/exparto.pl\/hu\/#\/schema\/logo\/image\/\",\"url\":\"https:\/\/exparto.pl\/wp-content\/uploads\/2023\/02\/logo-wektor.png\",\"contentUrl\":\"https:\/\/exparto.pl\/wp-content\/uploads\/2023\/02\/logo-wektor.png\",\"width\":1338,\"height\":143,\"caption\":\"EXPARTO\"},\"image\":{\"@id\":\"https:\/\/exparto.pl\/hu\/#\/schema\/logo\/image\/\"},\"sameAs\":[\"https:\/\/www.facebook.com\/exparto.agro\/\"]}]}<\/script>\n<!-- \/ Yoast SEO plugin. -->","yoast_head_json":{"title":"Olajsz\u0171r\u0151 - PP92 DEUTZ-FAHR NEW HOLLAND DEUTZ-FAHR NEW HOLLAND - Exparto.pl","robots":{"index":"index","follow":"follow","max-snippet":"max-snippet:-1","max-image-preview":"max-image-preview:large","max-video-preview":"max-video-preview:-1"},"canonical":"https:\/\/exparto.pl\/hu\/produkt\/olajszuro-pp92-deutz-fahr-new-holland\/","og_locale":"hu_HU","og_type":"article","og_title":"Olajsz\u0171r\u0151 - PP92 DEUTZ-FAHR NEW HOLLAND DEUTZ-FAHR NEW HOLLAND - Exparto.pl","og_description":"Olajsz\u0171r\u0151 - PP92 DEUTZ-FAHR, NEW HOLLAND","og_url":"https:\/\/exparto.pl\/hu\/produkt\/olajszuro-pp92-deutz-fahr-new-holland\/","og_site_name":"Exparto.pl","article_publisher":"https:\/\/www.facebook.com\/exparto.agro\/","og_image":[{"width":1000,"height":1000,"url":"https:\/\/exparto.pl\/wp-content\/uploads\/2023\/10\/f40ba3b2f53f2ff05b4030355bf13ae8.jpg","type":"image\/jpeg"}],"twitter_card":"summary_large_image","twitter_misc":{"Becs\u00fclt olvas\u00e1si id\u0151":"1 perc"},"schema":{"@context":"https:\/\/schema.org","@graph":[{"@type":"WebPage","@id":"https:\/\/exparto.pl\/hu\/produkt\/olajszuro-pp92-deutz-fahr-new-holland\/","url":"https:\/\/exparto.pl\/hu\/produkt\/olajszuro-pp92-deutz-fahr-new-holland\/","name":"Olajsz\u0171r\u0151 - PP92 DEUTZ-FAHR NEW HOLLAND DEUTZ-FAHR NEW HOLLAND - Exparto.pl","isPartOf":{"@id":"https:\/\/exparto.pl\/hu\/#website"},"primaryImageOfPage":{"@id":"https:\/\/exparto.pl\/hu\/produkt\/olajszuro-pp92-deutz-fahr-new-holland\/#primaryimage"},"image":{"@id":"https:\/\/exparto.pl\/hu\/produkt\/olajszuro-pp92-deutz-fahr-new-holland\/#primaryimage"},"thumbnailUrl":"https:\/\/exparto.pl\/wp-content\/uploads\/2023\/10\/f40ba3b2f53f2ff05b4030355bf13ae8.jpg","datePublished":"2023-10-04T11:59:57+00:00","breadcrumb":{"@id":"https:\/\/exparto.pl\/hu\/produkt\/olajszuro-pp92-deutz-fahr-new-holland\/#breadcrumb"},"inLanguage":"hu","potentialAction":[{"@type":"ReadAction","target":["https:\/\/exparto.pl\/hu\/produkt\/olajszuro-pp92-deutz-fahr-new-holland\/"]}]},{"@type":"ImageObject","inLanguage":"hu","@id":"https:\/\/exparto.pl\/hu\/produkt\/olajszuro-pp92-deutz-fahr-new-holland\/#primaryimage","url":"https:\/\/exparto.pl\/wp-content\/uploads\/2023\/10\/f40ba3b2f53f2ff05b4030355bf13ae8.jpg","contentUrl":"https:\/\/exparto.pl\/wp-content\/uploads\/2023\/10\/f40ba3b2f53f2ff05b4030355bf13ae8.jpg","width":1000,"height":1000},{"@type":"BreadcrumbList","@id":"https:\/\/exparto.pl\/hu\/produkt\/olajszuro-pp92-deutz-fahr-new-holland\/#breadcrumb","itemListElement":[{"@type":"ListItem","position":1,"name":"Honlap","item":"https:\/\/exparto.pl\/hu\/"},{"@type":"ListItem","position":2,"name":"Sklep","item":"https:\/\/exparto.pl\/sklep\/"},{"@type":"ListItem","position":3,"name":"Sz\u0171r\u0151k","item":"https:\/\/exparto.pl\/hu\/termekkategoria\/szurok\/"},{"@type":"ListItem","position":4,"name":"Olajsz\u0171r\u0151","item":"https:\/\/exparto.pl\/hu\/termekkategoria\/szurok\/olajszuro\/"},{"@type":"ListItem","position":5,"name":"Olajsz\u0171r\u0151 &#8211; PP92 DEUTZ-FAHR NEW HOLLAND DEUTZ-FAHR NEW HOLLAND"}]},{"@type":"WebSite","@id":"https:\/\/exparto.pl\/hu\/#website","url":"https:\/\/exparto.pl\/hu\/","name":"EXPARTO","description":"More than agro parts","publisher":{"@id":"https:\/\/exparto.pl\/hu\/#organization"},"potentialAction":[{"@type":"SearchAction","target":{"@type":"EntryPoint","urlTemplate":"https:\/\/exparto.pl\/hu\/?s={search_term_string}"},"query-input":{"@type":"PropertyValueSpecification","valueRequired":true,"valueName":"search_term_string"}}],"inLanguage":"hu"},{"@type":"Organization","@id":"https:\/\/exparto.pl\/hu\/#organization","name":"EXPARTO","url":"https:\/\/exparto.pl\/hu\/","logo":{"@type":"ImageObject","inLanguage":"hu","@id":"https:\/\/exparto.pl\/hu\/#\/schema\/logo\/image\/","url":"https:\/\/exparto.pl\/wp-content\/uploads\/2023\/02\/logo-wektor.png","contentUrl":"https:\/\/exparto.pl\/wp-content\/uploads\/2023\/02\/logo-wektor.png","width":1338,"height":143,"caption":"EXPARTO"},"image":{"@id":"https:\/\/exparto.pl\/hu\/#\/schema\/logo\/image\/"},"sameAs":["https:\/\/www.facebook.com\/exparto.agro\/"]}]}},"_links":{"self":[{"href":"https:\/\/exparto.pl\/hu\/wp-json\/wp\/v2\/product\/9605","targetHints":{"allow":["GET"]}}],"collection":[{"href":"https:\/\/exparto.pl\/hu\/wp-json\/wp\/v2\/product"}],"about":[{"href":"https:\/\/exparto.pl\/hu\/wp-json\/wp\/v2\/types\/product"}],"replies":[{"embeddable":true,"href":"https:\/\/exparto.pl\/hu\/wp-json\/wp\/v2\/comments?post=9605"}],"wp:featuredmedia":[{"embeddable":true,"href":"https:\/\/exparto.pl\/hu\/wp-json\/wp\/v2\/media\/9606"}],"wp:attachment":[{"href":"https:\/\/exparto.pl\/hu\/wp-json\/wp\/v2\/media?parent=9605"}],"wp:term":[{"taxonomy":"product_brand","embeddable":true,"href":"https:\/\/exparto.pl\/hu\/wp-json\/wp\/v2\/product_brand?post=9605"},{"taxonomy":"product_cat","embeddable":true,"href":"https:\/\/exparto.pl\/hu\/wp-json\/wp\/v2\/product_cat?post=9605"},{"taxonomy":"product_tag","embeddable":true,"href":"https:\/\/exparto.pl\/hu\/wp-json\/wp\/v2\/product_tag?post=9605"}],"curies":[{"name":"wp","href":"https:\/\/api.w.org\/{rel}","templated":true}]}}