{"id":9613,"date":"2023-10-05T09:43:44","date_gmt":"2023-10-05T07:43:44","guid":{"rendered":"https:\/\/exparto.pl\/produkt\/olajszuro-pp11-bcs-tractors-victor-bcs-tractors-victor\/"},"modified":"2023-10-05T09:43:44","modified_gmt":"2023-10-05T07:43:44","slug":"olajszuro-pp11-bcs-traktorok-victor","status":"publish","type":"product","link":"https:\/\/exparto.pl\/hu\/produkt\/olajszuro-pp11-bcs-traktorok-victor\/","title":{"rendered":"Olajsz\u0171r\u0151 &#8211; PP11 BCS TRACTORS VICTOR BCS TRACTORS VICTOR"},"content":{"rendered":"<p style=\"text-align: justify\"><b>Sz\u0171r\u0151 alkalmaz\u00e1sa:<\/b><\/p>\n<\/p>\n<ul>\n<li style=\"text-align: justify\">BCS TRAKTOROK &#8211; MA.TRA, VICTOR, VIVID<\/li>\n<\/ul>\n<p><span style=\"font-weight: 700;text-align: justify\">\u00d6sszehasonl\u00edt\u00f3 sz\u00e1mok \/ P\u00f3tl\u00e1sok:<\/span><\/p>\n<p style=\"text-align: justify\">\n<ul>\n<li>UFI 23.418.00<\/li>\n<li>MANN-SZ\u0170R\u0150 W75\/2, W75\/3, W75\/4<\/li>\n<li>FIAAM FT5341, FT5902<\/li>\n<li>PURFLUX LS309, LS218, LS288, LS883, LS917, LS932<\/li>\n<li>FILTRON OP643\/3<\/li>\n<li>RENAULT 8200033408, 8200768913, 8200867976, 8933004195, 8983501900, 8983601900, 7700033408, 7700073302, 7700107905, 7700110796, 7700272523, 7700272902, 7700272903, 7700272982, 7700274177, 7700676302, 7700695801, 7700695804, 7700727401, 7700727478, 7700727479, 7700727480, 7700728310, 7700730077, 7700734945, 7700734957, 7700735917, 7700737991, 7700744879, 7700745708, 7700748326, 7700854776, 7700854852, 7700855853, 7700856114, 7700866099, 7700869390, 7700871919, 7700873583, 7700873603, 7701043377, 7701349452, 7701349725, 7701349752, 7701727480, 7702144083, 7708715147<\/li>\n<li>KNECHT\/MAHLE OC309, OC467<\/li>\n<li>KERET PH5796, PH5796<\/li>\n<li>BAJNOK F136, F124<\/li>\n<li>FIAT 73500506<\/li>\n<li>OPEL 4403019, 4402718, 4449274<\/li>\n<li>PEUGEOT 1109A4, 1109A5<\/li>\n<li>TECNOCAR R100, R929, R272<\/li>\n<li>CROSLAND 2257, 2159, 2178<\/li>\n<li>FLEETGUARD HF7615<\/li>\n<li>CITRO\u00cbN MLS000-462A, MLS000-602, 1109-N6<\/li>\n<li>FORD 5006227, 5013388, 5013389, 5016714, 5016715, 5016785, 5016956, 5017317, 5017319, 5016785, 5016956, 5017317, 5017319.<\/li>\n<li>MAZDA AM15-14302<\/li>\n<li>MITSUBISHI M851139, M852065, M883804<\/li>\n<li>NISSAN 15208-BN700, 15208-00QAB, 1520800QAC, 15208-00Q0F, 82000-33468, 15208-00Q0H, 15208-00Q0H<\/li>\n<li>SUZUKI 16510-84CT0, 16510-84CT0-000, 16510-84A10-000, 16510-84A10-000, 16510-84A10<\/li>\n<li>SOFIMA S3418R<\/li>\n<li>BOSCH 0451103233, 0451103336, 0451104503, H35, P3233, P3336<\/li>\n<li>TISZTA SZ\u0170R\u0150K DO1800, DO939<\/li>\n<li>GENERAL MOTORS (GM) 9110718, 9111019, 6439354, 93156290, 93156540, 93198598, 93156540, 93198598<\/li>\n<li>HENGST H11W02<\/li>\n<li>MECAFILTER ELH4196, ELH4317, ELH4391<\/li>\n<li>PUROLATOR L17695, L18366, L37674<\/li>\n<li>ALFA ROMEO 73500506<\/li>\n<li>ALCO SZ\u0170R\u0150K SP1039<\/li>\n<li>AMERICAN MOTORS AMC 8933004195<\/li>\n<li>AMMANN 59-2175107<\/li>\n<li>DACIA 6001543357<\/li>\n<li>DEUTZ (KHD) 105.2175.136, 12850312<\/li>\n<li>GEHL 590102175107<\/li>\n<li>LIGIER 11.2.397<\/li>\n<li>LINDE 7700873583<\/li>\n<li>LOMBARDINI 0021.7510.70, 107.2175.107, 107.2175.107.00, 107.2175.117.06, 107.2175.184, 2175.107, 2175.117, 2175.136, 2175.184<\/li>\n<li>MENZI MUCK 617137<\/li>\n<li>MIKROAUT\u00d3 0640066<\/li>\n<li>PIAGGIO 112397L, 113219L, 850284<\/li>\n<li>RENAULT TEHERAUT\u00d3K 5000791145, 7700730077<\/li>\n<li>SULLAIR 1381<\/li>\n<li>WEIDEMANN 1000231412, 5030850312<\/li>\n<li>COOPERS Z1277<\/li>\n<li>PBR BC1298, BC1309<\/li>\n<li>UNICO SZ\u0170R\u0150 LI750\/2, LI750\/3<\/li>\n<li>AGIP PETROLI 1014<\/li>\n<li>MOTAQUIP VFL344<\/li>\n<li>MISFAT Z418, Z607<\/li>\n<li>ADL (TERVRAJZ) ADC42115<\/li>\n<li>MOTRIO 8671002274<\/li>\n<li>ASHIKA 10-08-891<\/li>\n<li>EUROREPAR E149086<\/li>\n<li>COOPERSFIAAM FT5902<\/li>\n<li>SF-SZ\u0170R\u0150 (SCHUPP) SP4570<\/li>\n<li>WIX 57207<\/li>\n<li>WIX EUROPE WL7254<\/li>\n<li>AB sz\u0171r\u0151 FO-79.287<\/li>\n<li>HIFI SZ\u0170R\u0150 \u00cdGY 131, \u00cdGY 9021<\/li>\n<li>DENCKERMANN A210009, A210277<\/li>\n<li>KAMOKA F100301<\/li>\n<li>OE 6001543357, 7702144083<\/li>\n<\/ul>\n<p><span style=\"text-align: justify\"><\/span><\/p>\n","protected":false},"excerpt":{"rendered":"<p style=\"text-align: justify\">Olajsz\u0171r\u0151 &#8211; PP11 BCS TRACTORS VICTOR BCS TRACTORS VICTOR<\/p>\n","protected":false},"featured_media":9614,"comment_status":"open","ping_status":"closed","template":"","meta":{"_acf_changed":false,"inline_featured_image":false},"product_brand":[],"product_cat":[301,276],"product_tag":[],"class_list":{"0":"post-9613","1":"product","2":"type-product","3":"status-publish","4":"has-post-thumbnail","6":"product_cat-olajszuro","7":"product_cat-szurok","9":"first","10":"instock","11":"taxable","12":"shipping-taxable","13":"purchasable","14":"product-type-simple"},"acf":[],"yoast_head":"<!-- This site is optimized with the Yoast SEO plugin v27.4 - https:\/\/yoast.com\/product\/yoast-seo-wordpress\/ -->\n<title>Olajsz\u0171r\u0151 - PP11 BCS TRACTORS VICTOR BCS TRACTORS VICTOR - Exparto.pl<\/title>\n<meta name=\"robots\" content=\"index, follow, max-snippet:-1, max-image-preview:large, max-video-preview:-1\" \/>\n<link rel=\"canonical\" href=\"https:\/\/exparto.pl\/hu\/produkt\/olajszuro-pp11-bcs-traktorok-victor\/\" \/>\n<meta property=\"og:locale\" content=\"hu_HU\" \/>\n<meta property=\"og:type\" content=\"article\" \/>\n<meta property=\"og:title\" content=\"Olajsz\u0171r\u0151 - PP11 BCS TRACTORS VICTOR BCS TRACTORS VICTOR - Exparto.pl\" \/>\n<meta property=\"og:description\" content=\"Olajsz\u0171r\u0151 - PP11 BCS TRACTORS VICTOR BCS TRACTORS VICTOR\" \/>\n<meta property=\"og:url\" content=\"https:\/\/exparto.pl\/hu\/produkt\/olajszuro-pp11-bcs-traktorok-victor\/\" \/>\n<meta property=\"og:site_name\" content=\"Exparto.pl\" \/>\n<meta property=\"article:publisher\" content=\"https:\/\/www.facebook.com\/exparto.agro\/\" \/>\n<meta property=\"og:image\" content=\"https:\/\/exparto.pl\/wp-content\/uploads\/2023\/10\/179f255bcdd75416c96d427becb28854.jpg\" \/>\n\t<meta property=\"og:image:width\" content=\"1000\" \/>\n\t<meta property=\"og:image:height\" content=\"1000\" \/>\n\t<meta property=\"og:image:type\" content=\"image\/jpeg\" \/>\n<meta name=\"twitter:card\" content=\"summary_large_image\" \/>\n<meta name=\"twitter:label1\" content=\"Becs\u00fclt olvas\u00e1si id\u0151\" \/>\n\t<meta name=\"twitter:data1\" content=\"1 perc\" \/>\n<script type=\"application\/ld+json\" class=\"yoast-schema-graph\">{\"@context\":\"https:\\\/\\\/schema.org\",\"@graph\":[{\"@type\":\"WebPage\",\"@id\":\"https:\\\/\\\/exparto.pl\\\/hu\\\/produkt\\\/olajszuro-pp11-bcs-traktorok-victor\\\/\",\"url\":\"https:\\\/\\\/exparto.pl\\\/hu\\\/produkt\\\/olajszuro-pp11-bcs-traktorok-victor\\\/\",\"name\":\"Olajsz\u0171r\u0151 - PP11 BCS TRACTORS VICTOR BCS TRACTORS VICTOR - Exparto.pl\",\"isPartOf\":{\"@id\":\"https:\\\/\\\/exparto.pl\\\/hu\\\/#website\"},\"primaryImageOfPage\":{\"@id\":\"https:\\\/\\\/exparto.pl\\\/hu\\\/produkt\\\/olajszuro-pp11-bcs-traktorok-victor\\\/#primaryimage\"},\"image\":{\"@id\":\"https:\\\/\\\/exparto.pl\\\/hu\\\/produkt\\\/olajszuro-pp11-bcs-traktorok-victor\\\/#primaryimage\"},\"thumbnailUrl\":\"https:\\\/\\\/exparto.pl\\\/wp-content\\\/uploads\\\/2023\\\/10\\\/179f255bcdd75416c96d427becb28854.jpg\",\"datePublished\":\"2023-10-05T07:43:44+00:00\",\"breadcrumb\":{\"@id\":\"https:\\\/\\\/exparto.pl\\\/hu\\\/produkt\\\/olajszuro-pp11-bcs-traktorok-victor\\\/#breadcrumb\"},\"inLanguage\":\"hu\",\"potentialAction\":[{\"@type\":\"ReadAction\",\"target\":[\"https:\\\/\\\/exparto.pl\\\/hu\\\/produkt\\\/olajszuro-pp11-bcs-traktorok-victor\\\/\"]}]},{\"@type\":\"ImageObject\",\"inLanguage\":\"hu\",\"@id\":\"https:\\\/\\\/exparto.pl\\\/hu\\\/produkt\\\/olajszuro-pp11-bcs-traktorok-victor\\\/#primaryimage\",\"url\":\"https:\\\/\\\/exparto.pl\\\/wp-content\\\/uploads\\\/2023\\\/10\\\/179f255bcdd75416c96d427becb28854.jpg\",\"contentUrl\":\"https:\\\/\\\/exparto.pl\\\/wp-content\\\/uploads\\\/2023\\\/10\\\/179f255bcdd75416c96d427becb28854.jpg\",\"width\":1000,\"height\":1000},{\"@type\":\"BreadcrumbList\",\"@id\":\"https:\\\/\\\/exparto.pl\\\/hu\\\/produkt\\\/olajszuro-pp11-bcs-traktorok-victor\\\/#breadcrumb\",\"itemListElement\":[{\"@type\":\"ListItem\",\"position\":1,\"name\":\"Honlap\",\"item\":\"https:\\\/\\\/exparto.pl\\\/hu\\\/\"},{\"@type\":\"ListItem\",\"position\":2,\"name\":\"Sklep\",\"item\":\"https:\\\/\\\/exparto.pl\\\/sklep\\\/\"},{\"@type\":\"ListItem\",\"position\":3,\"name\":\"Sz\u0171r\u0151k\",\"item\":\"https:\\\/\\\/exparto.pl\\\/hu\\\/termekkategoria\\\/szurok\\\/\"},{\"@type\":\"ListItem\",\"position\":4,\"name\":\"Olajsz\u0171r\u0151\",\"item\":\"https:\\\/\\\/exparto.pl\\\/hu\\\/termekkategoria\\\/szurok\\\/olajszuro\\\/\"},{\"@type\":\"ListItem\",\"position\":5,\"name\":\"Olajsz\u0171r\u0151 &#8211; PP11 BCS TRACTORS VICTOR BCS TRACTORS VICTOR\"}]},{\"@type\":\"WebSite\",\"@id\":\"https:\\\/\\\/exparto.pl\\\/hu\\\/#website\",\"url\":\"https:\\\/\\\/exparto.pl\\\/hu\\\/\",\"name\":\"EXPARTO\",\"description\":\"More than agro parts\",\"publisher\":{\"@id\":\"https:\\\/\\\/exparto.pl\\\/hu\\\/#organization\"},\"potentialAction\":[{\"@type\":\"SearchAction\",\"target\":{\"@type\":\"EntryPoint\",\"urlTemplate\":\"https:\\\/\\\/exparto.pl\\\/hu\\\/?s={search_term_string}\"},\"query-input\":{\"@type\":\"PropertyValueSpecification\",\"valueRequired\":true,\"valueName\":\"search_term_string\"}}],\"inLanguage\":\"hu\"},{\"@type\":\"Organization\",\"@id\":\"https:\\\/\\\/exparto.pl\\\/hu\\\/#organization\",\"name\":\"EXPARTO\",\"url\":\"https:\\\/\\\/exparto.pl\\\/hu\\\/\",\"logo\":{\"@type\":\"ImageObject\",\"inLanguage\":\"hu\",\"@id\":\"https:\\\/\\\/exparto.pl\\\/hu\\\/#\\\/schema\\\/logo\\\/image\\\/\",\"url\":\"https:\\\/\\\/exparto.pl\\\/wp-content\\\/uploads\\\/2023\\\/02\\\/logo-wektor.png\",\"contentUrl\":\"https:\\\/\\\/exparto.pl\\\/wp-content\\\/uploads\\\/2023\\\/02\\\/logo-wektor.png\",\"width\":1338,\"height\":143,\"caption\":\"EXPARTO\"},\"image\":{\"@id\":\"https:\\\/\\\/exparto.pl\\\/hu\\\/#\\\/schema\\\/logo\\\/image\\\/\"},\"sameAs\":[\"https:\\\/\\\/www.facebook.com\\\/exparto.agro\\\/\"]}]}<\/script>\n<!-- \/ Yoast SEO plugin. -->","yoast_head_json":{"title":"Olajsz\u0171r\u0151 - PP11 BCS TRACTORS VICTOR BCS TRACTORS VICTOR - Exparto.pl","robots":{"index":"index","follow":"follow","max-snippet":"max-snippet:-1","max-image-preview":"max-image-preview:large","max-video-preview":"max-video-preview:-1"},"canonical":"https:\/\/exparto.pl\/hu\/produkt\/olajszuro-pp11-bcs-traktorok-victor\/","og_locale":"hu_HU","og_type":"article","og_title":"Olajsz\u0171r\u0151 - PP11 BCS TRACTORS VICTOR BCS TRACTORS VICTOR - Exparto.pl","og_description":"Olajsz\u0171r\u0151 - PP11 BCS TRACTORS VICTOR BCS TRACTORS VICTOR","og_url":"https:\/\/exparto.pl\/hu\/produkt\/olajszuro-pp11-bcs-traktorok-victor\/","og_site_name":"Exparto.pl","article_publisher":"https:\/\/www.facebook.com\/exparto.agro\/","og_image":[{"width":1000,"height":1000,"url":"https:\/\/exparto.pl\/wp-content\/uploads\/2023\/10\/179f255bcdd75416c96d427becb28854.jpg","type":"image\/jpeg"}],"twitter_card":"summary_large_image","twitter_misc":{"Becs\u00fclt olvas\u00e1si id\u0151":"1 perc"},"schema":{"@context":"https:\/\/schema.org","@graph":[{"@type":"WebPage","@id":"https:\/\/exparto.pl\/hu\/produkt\/olajszuro-pp11-bcs-traktorok-victor\/","url":"https:\/\/exparto.pl\/hu\/produkt\/olajszuro-pp11-bcs-traktorok-victor\/","name":"Olajsz\u0171r\u0151 - PP11 BCS TRACTORS VICTOR BCS TRACTORS VICTOR - Exparto.pl","isPartOf":{"@id":"https:\/\/exparto.pl\/hu\/#website"},"primaryImageOfPage":{"@id":"https:\/\/exparto.pl\/hu\/produkt\/olajszuro-pp11-bcs-traktorok-victor\/#primaryimage"},"image":{"@id":"https:\/\/exparto.pl\/hu\/produkt\/olajszuro-pp11-bcs-traktorok-victor\/#primaryimage"},"thumbnailUrl":"https:\/\/exparto.pl\/wp-content\/uploads\/2023\/10\/179f255bcdd75416c96d427becb28854.jpg","datePublished":"2023-10-05T07:43:44+00:00","breadcrumb":{"@id":"https:\/\/exparto.pl\/hu\/produkt\/olajszuro-pp11-bcs-traktorok-victor\/#breadcrumb"},"inLanguage":"hu","potentialAction":[{"@type":"ReadAction","target":["https:\/\/exparto.pl\/hu\/produkt\/olajszuro-pp11-bcs-traktorok-victor\/"]}]},{"@type":"ImageObject","inLanguage":"hu","@id":"https:\/\/exparto.pl\/hu\/produkt\/olajszuro-pp11-bcs-traktorok-victor\/#primaryimage","url":"https:\/\/exparto.pl\/wp-content\/uploads\/2023\/10\/179f255bcdd75416c96d427becb28854.jpg","contentUrl":"https:\/\/exparto.pl\/wp-content\/uploads\/2023\/10\/179f255bcdd75416c96d427becb28854.jpg","width":1000,"height":1000},{"@type":"BreadcrumbList","@id":"https:\/\/exparto.pl\/hu\/produkt\/olajszuro-pp11-bcs-traktorok-victor\/#breadcrumb","itemListElement":[{"@type":"ListItem","position":1,"name":"Honlap","item":"https:\/\/exparto.pl\/hu\/"},{"@type":"ListItem","position":2,"name":"Sklep","item":"https:\/\/exparto.pl\/sklep\/"},{"@type":"ListItem","position":3,"name":"Sz\u0171r\u0151k","item":"https:\/\/exparto.pl\/hu\/termekkategoria\/szurok\/"},{"@type":"ListItem","position":4,"name":"Olajsz\u0171r\u0151","item":"https:\/\/exparto.pl\/hu\/termekkategoria\/szurok\/olajszuro\/"},{"@type":"ListItem","position":5,"name":"Olajsz\u0171r\u0151 &#8211; PP11 BCS TRACTORS VICTOR BCS TRACTORS VICTOR"}]},{"@type":"WebSite","@id":"https:\/\/exparto.pl\/hu\/#website","url":"https:\/\/exparto.pl\/hu\/","name":"EXPARTO","description":"More than agro parts","publisher":{"@id":"https:\/\/exparto.pl\/hu\/#organization"},"potentialAction":[{"@type":"SearchAction","target":{"@type":"EntryPoint","urlTemplate":"https:\/\/exparto.pl\/hu\/?s={search_term_string}"},"query-input":{"@type":"PropertyValueSpecification","valueRequired":true,"valueName":"search_term_string"}}],"inLanguage":"hu"},{"@type":"Organization","@id":"https:\/\/exparto.pl\/hu\/#organization","name":"EXPARTO","url":"https:\/\/exparto.pl\/hu\/","logo":{"@type":"ImageObject","inLanguage":"hu","@id":"https:\/\/exparto.pl\/hu\/#\/schema\/logo\/image\/","url":"https:\/\/exparto.pl\/wp-content\/uploads\/2023\/02\/logo-wektor.png","contentUrl":"https:\/\/exparto.pl\/wp-content\/uploads\/2023\/02\/logo-wektor.png","width":1338,"height":143,"caption":"EXPARTO"},"image":{"@id":"https:\/\/exparto.pl\/hu\/#\/schema\/logo\/image\/"},"sameAs":["https:\/\/www.facebook.com\/exparto.agro\/"]}]}},"_links":{"self":[{"href":"https:\/\/exparto.pl\/hu\/wp-json\/wp\/v2\/product\/9613","targetHints":{"allow":["GET"]}}],"collection":[{"href":"https:\/\/exparto.pl\/hu\/wp-json\/wp\/v2\/product"}],"about":[{"href":"https:\/\/exparto.pl\/hu\/wp-json\/wp\/v2\/types\/product"}],"replies":[{"embeddable":true,"href":"https:\/\/exparto.pl\/hu\/wp-json\/wp\/v2\/comments?post=9613"}],"wp:featuredmedia":[{"embeddable":true,"href":"https:\/\/exparto.pl\/hu\/wp-json\/wp\/v2\/media\/9614"}],"wp:attachment":[{"href":"https:\/\/exparto.pl\/hu\/wp-json\/wp\/v2\/media?parent=9613"}],"wp:term":[{"taxonomy":"product_brand","embeddable":true,"href":"https:\/\/exparto.pl\/hu\/wp-json\/wp\/v2\/product_brand?post=9613"},{"taxonomy":"product_cat","embeddable":true,"href":"https:\/\/exparto.pl\/hu\/wp-json\/wp\/v2\/product_cat?post=9613"},{"taxonomy":"product_tag","embeddable":true,"href":"https:\/\/exparto.pl\/hu\/wp-json\/wp\/v2\/product_tag?post=9613"}],"curies":[{"name":"wp","href":"https:\/\/api.w.org\/{rel}","templated":true}]}}