{"id":9619,"date":"2023-10-05T09:43:07","date_gmt":"2023-10-05T07:43:07","guid":{"rendered":"https:\/\/exparto.pl\/produkt\/olajszuro-pp87-hanomag-renault-d-m-a-pp87-hanomag-renault-d-m-a\/"},"modified":"2023-10-05T09:43:07","modified_gmt":"2023-10-05T07:43:07","slug":"olajszuro-pp87-hanomag-renault-d-m-a","status":"publish","type":"product","link":"https:\/\/exparto.pl\/hu\/produkt\/olajszuro-pp87-hanomag-renault-d-m-a\/","title":{"rendered":"Olajsz\u0171r\u0151 &#8211; PP87 HANOMAG, RENAULT D.M.A., PP87 HANOMAG, RENAULT D.M.A."},"content":{"rendered":"<p style=\"text-align: justify\"><b>Sz\u0171r\u0151 alkalmaz\u00e1sa:<\/b><\/p>\n<ul>\n<li style=\"text-align: justify\">HANOMAG &#8211; BRILLI\u00c1NS, GR\u00c1NIT, T\u00d6K\u00c9LETES, ROBUSZTUS<\/li>\n<li style=\"text-align: justify\">RENAULT D.M.A &#8211; 80-AS SOROZAT, 90-ES SOROZAT, 1000-ES SOROZAT<\/li>\n<\/ul>\n<div style=\"text-align: justify\"><span style=\"font-weight: bold\">\u00d6sszehasonl\u00edt\u00f3 sz\u00e1mok \/ P\u00f3tl\u00e1sok:<\/span><\/div>\n<div style=\"text-align: justify\"><span style=\"font-weight: bold\"> <\/span><\/div>\n<div style=\"text-align: justify\">\n<div>\n<ul>\n<li>MERCEDES-BENZ 21844001<\/li>\n<li>RENAULT 3141914, 3563591, 24151017, 24151018, 5000040870, 5000041045, 5000044064, 5000044487, 5000044959, 7701006374<\/li>\n<li>BOSCH 451103185, 451104001, 451203005, 451203008, 1986452001, 1986452002, 1986452005, 9450732008, 9457282230, 0451103313, 0451103346, 0451103357, 0451104065, 9450732008, 9457282230, 0451103313, 0451103346, 0451103357, 0451104065.<\/li>\n<li>LINDE 68115561<\/li>\n<li>VOLKSWAGEN 068115561A, 068115561B, 078115561A, 078115561A<\/li>\n<li>VOLVO 1257492, 731094, 795097<\/li>\n<li>FIAT 1354823, 1354828, 4119015, 4121392, 4170601, 592602, 592602, 82220425, 82232108, 82241613<\/li>\n<li>FORD 1498028, 1614735, 1794446, 1829195, 5000189, 5000513, 5016960, A700X6714SA, BCNN6714B, C1AZ6731A, C3AE6714A, C77NNN6714B, C7NNN6714B, D0NN6714B, E9AZ6714B, 7984460, 5013148, 5009232, A720X6714CA<\/li>\n<li>IVECO 1930328, 1930329, 4506839, 4523873, 62703506, 70237000, 72370000, 74511629<\/li>\n<li>CROSLAND 2029, 630, 637, 2014<\/li>\n<li>UFI 23.102.03, 23.256.00 Niss., 23.465.00, 23.297.00, 23.241.00<\/li>\n<li>DAF 494133<\/li>\n<li>LEYLAND 554329, 555329, A37189, BFF6535, BFF65353, ERC1444, GFE116<\/li>\n<li>SOFIMA S5600R<\/li>\n<li>CLAAS 572119<\/li>\n<li>ESET A33487, A37189, 405416136<\/li>\n<li>KNECHT\/MAHLE AW56, AW78, FO371, FO371\/10, FO371\/12, FO371\/5, FO410\/1, OC33, OC37, OC485<\/li>\n<li>CHAMPION C105 Toyota<\/li>\n<li>DO225 Nissan, DO242, DO225 Nissan, DO242<\/li>\n<li>MOTORCRAFT EFL149, EFL160, EFL230, EFL291<\/li>\n<li>FIAAM FT4702A, FT4765, FT4905, FT4669<\/li>\n<li>PUROLATOR L30001, L37225, Li2687, Li3855, Li4054, MF45700A, MF53400A, PC225, PC25, PC31, PC34, PC34, PC34\/1, PER1A, PER257, PER83, PIL30, PIL38, PIL62, PMP31\/2, R22.<\/li>\n<li>PURFLUX LS165, LS415 Opel, LS553B, LS582, LS717<\/li>\n<li>AMC NA-291, NO-223<\/li>\n<li>FILTRON OP531, OP526\/5<\/li>\n<li>DONALDSON P55-7780<\/li>\n<li>AC DELCO PF2, X21<\/li>\n<li>KERET PH1, PH12, PH19, PH2802, PH2803-1, PH2803-2, PH2804, PH2806, PH2821, PH2827, PH2828, PH2828, PH2850, PH2858, PH2996, PH2996A, PH4825, PH8<\/li>\n<li>SAVARA SO053<\/li>\n<li>ALCO SZ\u0170R\u0150K SP801, SP920<\/li>\n<li>MANN-SZ\u0170R\u0150 W940\/23, W932\/81, W940\/44, W940\/21, W930\/21, W940\/20, W930\/19<\/li>\n<li>FLEETGUARD LF3314, LF3792<\/li>\n<li>M.A.N. 00.02415.1017<\/li>\n<li>PEUGEOT 1109G9<\/li>\n<li>OPEL 650326, 650372, 650362, 93156336, 93156304, 93156304<\/li>\n<li>BALDWIN BT111<\/li>\n<li>HENGST H17W18, H24W04, H17W08<\/li>\n<li>VW CSOPORT 078115561D, 078115561H, 078115561J, 028115561E, 078115561D, 078115561H, 078115561J, 028115561E<\/li>\n<li>M\u00c9G MINDIG 0155908, 155908<\/li>\n<li>BOMAG 05821206<\/li>\n<li>GENERAL MOTORS (GM) 7984655, 93156304, 93156390, 93156952, 9975153<\/li>\n<li>STEYR 2178582\/1<\/li>\n<li>NISSAN A5208-W3401, A5208-W3403, 15208-U3401, 15208-W1120, 15208-W1123, 15208-W3401, 15208-W3403, 15208-65001, 15208-65002, 15208-65005, 15208-65010, 15208-65011, 15208-65012, 15208-65014, 15208-65016, 15208-65210<\/li>\n<li>SF-SZ\u0170R\u0150 (SCHUPP) SP4680\/30<\/li>\n<li>NEW HOLLAND LF4056<\/li>\n<li>EXMOT PO-010, PO-060<\/li>\n<li>HIFI SZ\u0170R\u0150 SO 053<\/li>\n<li>DENCKERMANN A210105, A210084<\/li>\n<li>OE 5000044487, 078115561D<\/li>\n<\/ul>\n<\/div>\n<\/div>\n","protected":false},"excerpt":{"rendered":"<p style=\"text-align: justify\">Olajsz\u0171r\u0151 &#8211; PP87 HANOMAG, RENAULT D.M.A., PP87 HANOMAG, RENAULT D.M.A.<\/p>\n","protected":false},"featured_media":9620,"comment_status":"open","ping_status":"closed","template":"","meta":{"_acf_changed":false,"inline_featured_image":false},"product_brand":[],"product_cat":[301,276],"product_tag":[],"class_list":{"0":"post-9619","1":"product","2":"type-product","3":"status-publish","4":"has-post-thumbnail","6":"product_cat-olajszuro","7":"product_cat-szurok","9":"first","10":"instock","11":"taxable","12":"shipping-taxable","13":"purchasable","14":"product-type-simple"},"acf":[],"yoast_head":"<!-- This site is optimized with the Yoast SEO plugin v27.4 - https:\/\/yoast.com\/product\/yoast-seo-wordpress\/ -->\n<title>Olajsz\u0171r\u0151 - PP87 HANOMAG, RENAULT D.M.A., PP87 HANOMAG, RENAULT D.M.A. - Exparto.pl<\/title>\n<meta name=\"robots\" content=\"index, follow, max-snippet:-1, max-image-preview:large, max-video-preview:-1\" \/>\n<link rel=\"canonical\" href=\"https:\/\/exparto.pl\/hu\/produkt\/olajszuro-pp87-hanomag-renault-d-m-a\/\" \/>\n<meta property=\"og:locale\" content=\"hu_HU\" \/>\n<meta property=\"og:type\" content=\"article\" \/>\n<meta property=\"og:title\" content=\"Olajsz\u0171r\u0151 - PP87 HANOMAG, RENAULT D.M.A., PP87 HANOMAG, RENAULT D.M.A. - Exparto.pl\" \/>\n<meta property=\"og:description\" content=\"Olajsz\u0171r\u0151 - PP87 HANOMAG, RENAULT D.M.A., PP87 HANOMAG, RENAULT D.M.A.\" \/>\n<meta property=\"og:url\" content=\"https:\/\/exparto.pl\/hu\/produkt\/olajszuro-pp87-hanomag-renault-d-m-a\/\" \/>\n<meta property=\"og:site_name\" content=\"Exparto.pl\" \/>\n<meta property=\"article:publisher\" content=\"https:\/\/www.facebook.com\/exparto.agro\/\" \/>\n<meta property=\"og:image\" content=\"https:\/\/exparto.pl\/wp-content\/uploads\/2023\/10\/5b1da8de1fd1d176b4c9e397240a2cd6.jpg\" \/>\n\t<meta property=\"og:image:width\" content=\"1000\" \/>\n\t<meta property=\"og:image:height\" content=\"1000\" \/>\n\t<meta property=\"og:image:type\" content=\"image\/jpeg\" \/>\n<meta name=\"twitter:card\" content=\"summary_large_image\" \/>\n<meta name=\"twitter:label1\" content=\"Becs\u00fclt olvas\u00e1si id\u0151\" \/>\n\t<meta name=\"twitter:data1\" content=\"1 perc\" \/>\n<script type=\"application\/ld+json\" class=\"yoast-schema-graph\">{\"@context\":\"https:\\\/\\\/schema.org\",\"@graph\":[{\"@type\":\"WebPage\",\"@id\":\"https:\\\/\\\/exparto.pl\\\/hu\\\/produkt\\\/olajszuro-pp87-hanomag-renault-d-m-a\\\/\",\"url\":\"https:\\\/\\\/exparto.pl\\\/hu\\\/produkt\\\/olajszuro-pp87-hanomag-renault-d-m-a\\\/\",\"name\":\"Olajsz\u0171r\u0151 - PP87 HANOMAG, RENAULT D.M.A., PP87 HANOMAG, RENAULT D.M.A. - Exparto.pl\",\"isPartOf\":{\"@id\":\"https:\\\/\\\/exparto.pl\\\/hu\\\/#website\"},\"primaryImageOfPage\":{\"@id\":\"https:\\\/\\\/exparto.pl\\\/hu\\\/produkt\\\/olajszuro-pp87-hanomag-renault-d-m-a\\\/#primaryimage\"},\"image\":{\"@id\":\"https:\\\/\\\/exparto.pl\\\/hu\\\/produkt\\\/olajszuro-pp87-hanomag-renault-d-m-a\\\/#primaryimage\"},\"thumbnailUrl\":\"https:\\\/\\\/exparto.pl\\\/wp-content\\\/uploads\\\/2023\\\/10\\\/5b1da8de1fd1d176b4c9e397240a2cd6.jpg\",\"datePublished\":\"2023-10-05T07:43:07+00:00\",\"breadcrumb\":{\"@id\":\"https:\\\/\\\/exparto.pl\\\/hu\\\/produkt\\\/olajszuro-pp87-hanomag-renault-d-m-a\\\/#breadcrumb\"},\"inLanguage\":\"hu\",\"potentialAction\":[{\"@type\":\"ReadAction\",\"target\":[\"https:\\\/\\\/exparto.pl\\\/hu\\\/produkt\\\/olajszuro-pp87-hanomag-renault-d-m-a\\\/\"]}]},{\"@type\":\"ImageObject\",\"inLanguage\":\"hu\",\"@id\":\"https:\\\/\\\/exparto.pl\\\/hu\\\/produkt\\\/olajszuro-pp87-hanomag-renault-d-m-a\\\/#primaryimage\",\"url\":\"https:\\\/\\\/exparto.pl\\\/wp-content\\\/uploads\\\/2023\\\/10\\\/5b1da8de1fd1d176b4c9e397240a2cd6.jpg\",\"contentUrl\":\"https:\\\/\\\/exparto.pl\\\/wp-content\\\/uploads\\\/2023\\\/10\\\/5b1da8de1fd1d176b4c9e397240a2cd6.jpg\",\"width\":1000,\"height\":1000},{\"@type\":\"BreadcrumbList\",\"@id\":\"https:\\\/\\\/exparto.pl\\\/hu\\\/produkt\\\/olajszuro-pp87-hanomag-renault-d-m-a\\\/#breadcrumb\",\"itemListElement\":[{\"@type\":\"ListItem\",\"position\":1,\"name\":\"Honlap\",\"item\":\"https:\\\/\\\/exparto.pl\\\/hu\\\/\"},{\"@type\":\"ListItem\",\"position\":2,\"name\":\"Sklep\",\"item\":\"https:\\\/\\\/exparto.pl\\\/sklep\\\/\"},{\"@type\":\"ListItem\",\"position\":3,\"name\":\"Sz\u0171r\u0151k\",\"item\":\"https:\\\/\\\/exparto.pl\\\/hu\\\/termekkategoria\\\/szurok\\\/\"},{\"@type\":\"ListItem\",\"position\":4,\"name\":\"Olajsz\u0171r\u0151\",\"item\":\"https:\\\/\\\/exparto.pl\\\/hu\\\/termekkategoria\\\/szurok\\\/olajszuro\\\/\"},{\"@type\":\"ListItem\",\"position\":5,\"name\":\"Olajsz\u0171r\u0151 &#8211; PP87 HANOMAG, RENAULT D.M.A., PP87 HANOMAG, RENAULT D.M.A.\"}]},{\"@type\":\"WebSite\",\"@id\":\"https:\\\/\\\/exparto.pl\\\/hu\\\/#website\",\"url\":\"https:\\\/\\\/exparto.pl\\\/hu\\\/\",\"name\":\"EXPARTO\",\"description\":\"More than agro parts\",\"publisher\":{\"@id\":\"https:\\\/\\\/exparto.pl\\\/hu\\\/#organization\"},\"potentialAction\":[{\"@type\":\"SearchAction\",\"target\":{\"@type\":\"EntryPoint\",\"urlTemplate\":\"https:\\\/\\\/exparto.pl\\\/hu\\\/?s={search_term_string}\"},\"query-input\":{\"@type\":\"PropertyValueSpecification\",\"valueRequired\":true,\"valueName\":\"search_term_string\"}}],\"inLanguage\":\"hu\"},{\"@type\":\"Organization\",\"@id\":\"https:\\\/\\\/exparto.pl\\\/hu\\\/#organization\",\"name\":\"EXPARTO\",\"url\":\"https:\\\/\\\/exparto.pl\\\/hu\\\/\",\"logo\":{\"@type\":\"ImageObject\",\"inLanguage\":\"hu\",\"@id\":\"https:\\\/\\\/exparto.pl\\\/hu\\\/#\\\/schema\\\/logo\\\/image\\\/\",\"url\":\"https:\\\/\\\/exparto.pl\\\/wp-content\\\/uploads\\\/2023\\\/02\\\/logo-wektor.png\",\"contentUrl\":\"https:\\\/\\\/exparto.pl\\\/wp-content\\\/uploads\\\/2023\\\/02\\\/logo-wektor.png\",\"width\":1338,\"height\":143,\"caption\":\"EXPARTO\"},\"image\":{\"@id\":\"https:\\\/\\\/exparto.pl\\\/hu\\\/#\\\/schema\\\/logo\\\/image\\\/\"},\"sameAs\":[\"https:\\\/\\\/www.facebook.com\\\/exparto.agro\\\/\"]}]}<\/script>\n<!-- \/ Yoast SEO plugin. -->","yoast_head_json":{"title":"Olajsz\u0171r\u0151 - PP87 HANOMAG, RENAULT D.M.A., PP87 HANOMAG, RENAULT D.M.A. - Exparto.pl","robots":{"index":"index","follow":"follow","max-snippet":"max-snippet:-1","max-image-preview":"max-image-preview:large","max-video-preview":"max-video-preview:-1"},"canonical":"https:\/\/exparto.pl\/hu\/produkt\/olajszuro-pp87-hanomag-renault-d-m-a\/","og_locale":"hu_HU","og_type":"article","og_title":"Olajsz\u0171r\u0151 - PP87 HANOMAG, RENAULT D.M.A., PP87 HANOMAG, RENAULT D.M.A. - Exparto.pl","og_description":"Olajsz\u0171r\u0151 - PP87 HANOMAG, RENAULT D.M.A., PP87 HANOMAG, RENAULT D.M.A.","og_url":"https:\/\/exparto.pl\/hu\/produkt\/olajszuro-pp87-hanomag-renault-d-m-a\/","og_site_name":"Exparto.pl","article_publisher":"https:\/\/www.facebook.com\/exparto.agro\/","og_image":[{"width":1000,"height":1000,"url":"https:\/\/exparto.pl\/wp-content\/uploads\/2023\/10\/5b1da8de1fd1d176b4c9e397240a2cd6.jpg","type":"image\/jpeg"}],"twitter_card":"summary_large_image","twitter_misc":{"Becs\u00fclt olvas\u00e1si id\u0151":"1 perc"},"schema":{"@context":"https:\/\/schema.org","@graph":[{"@type":"WebPage","@id":"https:\/\/exparto.pl\/hu\/produkt\/olajszuro-pp87-hanomag-renault-d-m-a\/","url":"https:\/\/exparto.pl\/hu\/produkt\/olajszuro-pp87-hanomag-renault-d-m-a\/","name":"Olajsz\u0171r\u0151 - PP87 HANOMAG, RENAULT D.M.A., PP87 HANOMAG, RENAULT D.M.A. - Exparto.pl","isPartOf":{"@id":"https:\/\/exparto.pl\/hu\/#website"},"primaryImageOfPage":{"@id":"https:\/\/exparto.pl\/hu\/produkt\/olajszuro-pp87-hanomag-renault-d-m-a\/#primaryimage"},"image":{"@id":"https:\/\/exparto.pl\/hu\/produkt\/olajszuro-pp87-hanomag-renault-d-m-a\/#primaryimage"},"thumbnailUrl":"https:\/\/exparto.pl\/wp-content\/uploads\/2023\/10\/5b1da8de1fd1d176b4c9e397240a2cd6.jpg","datePublished":"2023-10-05T07:43:07+00:00","breadcrumb":{"@id":"https:\/\/exparto.pl\/hu\/produkt\/olajszuro-pp87-hanomag-renault-d-m-a\/#breadcrumb"},"inLanguage":"hu","potentialAction":[{"@type":"ReadAction","target":["https:\/\/exparto.pl\/hu\/produkt\/olajszuro-pp87-hanomag-renault-d-m-a\/"]}]},{"@type":"ImageObject","inLanguage":"hu","@id":"https:\/\/exparto.pl\/hu\/produkt\/olajszuro-pp87-hanomag-renault-d-m-a\/#primaryimage","url":"https:\/\/exparto.pl\/wp-content\/uploads\/2023\/10\/5b1da8de1fd1d176b4c9e397240a2cd6.jpg","contentUrl":"https:\/\/exparto.pl\/wp-content\/uploads\/2023\/10\/5b1da8de1fd1d176b4c9e397240a2cd6.jpg","width":1000,"height":1000},{"@type":"BreadcrumbList","@id":"https:\/\/exparto.pl\/hu\/produkt\/olajszuro-pp87-hanomag-renault-d-m-a\/#breadcrumb","itemListElement":[{"@type":"ListItem","position":1,"name":"Honlap","item":"https:\/\/exparto.pl\/hu\/"},{"@type":"ListItem","position":2,"name":"Sklep","item":"https:\/\/exparto.pl\/sklep\/"},{"@type":"ListItem","position":3,"name":"Sz\u0171r\u0151k","item":"https:\/\/exparto.pl\/hu\/termekkategoria\/szurok\/"},{"@type":"ListItem","position":4,"name":"Olajsz\u0171r\u0151","item":"https:\/\/exparto.pl\/hu\/termekkategoria\/szurok\/olajszuro\/"},{"@type":"ListItem","position":5,"name":"Olajsz\u0171r\u0151 &#8211; PP87 HANOMAG, RENAULT D.M.A., PP87 HANOMAG, RENAULT D.M.A."}]},{"@type":"WebSite","@id":"https:\/\/exparto.pl\/hu\/#website","url":"https:\/\/exparto.pl\/hu\/","name":"EXPARTO","description":"More than agro parts","publisher":{"@id":"https:\/\/exparto.pl\/hu\/#organization"},"potentialAction":[{"@type":"SearchAction","target":{"@type":"EntryPoint","urlTemplate":"https:\/\/exparto.pl\/hu\/?s={search_term_string}"},"query-input":{"@type":"PropertyValueSpecification","valueRequired":true,"valueName":"search_term_string"}}],"inLanguage":"hu"},{"@type":"Organization","@id":"https:\/\/exparto.pl\/hu\/#organization","name":"EXPARTO","url":"https:\/\/exparto.pl\/hu\/","logo":{"@type":"ImageObject","inLanguage":"hu","@id":"https:\/\/exparto.pl\/hu\/#\/schema\/logo\/image\/","url":"https:\/\/exparto.pl\/wp-content\/uploads\/2023\/02\/logo-wektor.png","contentUrl":"https:\/\/exparto.pl\/wp-content\/uploads\/2023\/02\/logo-wektor.png","width":1338,"height":143,"caption":"EXPARTO"},"image":{"@id":"https:\/\/exparto.pl\/hu\/#\/schema\/logo\/image\/"},"sameAs":["https:\/\/www.facebook.com\/exparto.agro\/"]}]}},"_links":{"self":[{"href":"https:\/\/exparto.pl\/hu\/wp-json\/wp\/v2\/product\/9619","targetHints":{"allow":["GET"]}}],"collection":[{"href":"https:\/\/exparto.pl\/hu\/wp-json\/wp\/v2\/product"}],"about":[{"href":"https:\/\/exparto.pl\/hu\/wp-json\/wp\/v2\/types\/product"}],"replies":[{"embeddable":true,"href":"https:\/\/exparto.pl\/hu\/wp-json\/wp\/v2\/comments?post=9619"}],"wp:featuredmedia":[{"embeddable":true,"href":"https:\/\/exparto.pl\/hu\/wp-json\/wp\/v2\/media\/9620"}],"wp:attachment":[{"href":"https:\/\/exparto.pl\/hu\/wp-json\/wp\/v2\/media?parent=9619"}],"wp:term":[{"taxonomy":"product_brand","embeddable":true,"href":"https:\/\/exparto.pl\/hu\/wp-json\/wp\/v2\/product_brand?post=9619"},{"taxonomy":"product_cat","embeddable":true,"href":"https:\/\/exparto.pl\/hu\/wp-json\/wp\/v2\/product_cat?post=9619"},{"taxonomy":"product_tag","embeddable":true,"href":"https:\/\/exparto.pl\/hu\/wp-json\/wp\/v2\/product_tag?post=9619"}],"curies":[{"name":"wp","href":"https:\/\/api.w.org\/{rel}","templated":true}]}}