{"id":9641,"date":"2023-10-05T09:43:55","date_gmt":"2023-10-05T07:43:55","guid":{"rendered":"https:\/\/exparto.pl\/produkt\/olajszuro-pp873-case-ih-class-john-deere\/"},"modified":"2023-10-05T09:43:55","modified_gmt":"2023-10-05T07:43:55","slug":"olajszuro-pp873-haz-ih-osztaly-john-deere","status":"publish","type":"product","link":"https:\/\/exparto.pl\/hu\/produkt\/olajszuro-pp873-haz-ih-osztaly-john-deere\/","title":{"rendered":"Olajsz\u0171r\u0151 &#8211; PP873 CASE IH, CLASS, JOHN DEERE"},"content":{"rendered":"<p style=\"text-align: justify\"><b>Sz\u0171r\u0151 alkalmaz\u00e1sa:<\/b><\/p>\n<ul>\n<li style=\"text-align: justify\">CASE IH &#8211; CX SOROZAT<\/li>\n<li style=\"text-align: justify\">OSZT\u00c1LY &#8211; KONZUL, DOMIN\u00c1TOR, LEXION, MEDION, MERCATOR, RANGER, TARGO<\/li>\n<li style=\"text-align: justify\">JOHN DEERE &#8211; 700-AS SOROZAT<\/li>\n<li style=\"text-align: justify\">KUBOTA &#8211; M40 SOROZAT, M800 SOROZAT<\/li>\n<li style=\"text-align: justify\">MASSEY FERGUSON &#8211; 1000-ES SOROZAT, 160-AS SOROZAT, 170-ES SOROZAT, 180-AS SOROZAT, 200-AS SOROZAT<\/li>\n<li style=\"text-align: justify\">NEW HOLLAND &#8211; 1400-AS SOROZAT, 1500-AS SOROZAT<\/li>\n<\/ul>\n<div style=\"text-align: justify\"><span style=\"font-weight: bold\">\u00d6sszehasonl\u00edt\u00f3 sz\u00e1mok \/ P\u00f3tl\u00e1sok:<\/span><\/div>\n<div style=\"text-align: justify\"><span style=\"font-weight: bold\"> <\/span><\/div>\n<div style=\"text-align: justify\">\n<div>\n<ul>\n<li>ACDelco X150, X21<\/li>\n<li>ALCO SZ\u0170R\u0150 SP-802<\/li>\n<li>ALFA ROMEO 0060507213, 116760603000<\/li>\n<li>BALDWIN BT216<\/li>\n<li>BOSCH 0451104513, 0451203153, 0451203194, 9450732028, H63, P3194, BOSCH 0451104513, 0451203153, 0451203194, 9450732028, H63, P3194<\/li>\n<li>CASE IH 2654403, 3118119R1<\/li>\n<li>CHAMPION C143<\/li>\n<li>CLAAS 0001472250, 01472230, 01472250, 07520520, 75205202<\/li>\n<li>TISZTA SZ\u0170R\u0150K DO225\/B<\/li>\n<li>COOPERS Z1036<\/li>\n<li>CoopersFiaam FT4863A<\/li>\n<li>CROSLAND 2107<\/li>\n<li>DAEWOO 779059133<\/li>\n<li>DENCKERMANN A210040<\/li>\n<li>DONALDSON P554403<\/li>\n<li>FIAT 60507213, 71736171<\/li>\n<li>FILTRON OP563\/1<\/li>\n<li>FLEETGUARD LF701<\/li>\n<li>FORD 3917694, 3947506, 5001025, 5018351, 7072637, 74HM6714BA, A700 X6714SA, C3AE6714A, C77NN6714B, C7NNN6714B, D8NNN6714GA, D8NNN6714LA, E8NNNN6714BA<\/li>\n<li>FRAM PH4743<\/li>\n<li>\u00c1LTAL\u00c1NOS MOTOROK 7984292<\/li>\n<li>KNECHT OC37<\/li>\n<li>KOMATSU 618-051-5130, 6810-51-5130<\/li>\n<li>LAND ROVER AEU2218<\/li>\n<li>LEYLAND 554329, 555329, BBU2994, STB4953, STB6599, HKJ2208<\/li>\n<li>MANN-SZ\u0170R\u0150 W940\/24<\/li>\n<li>MASSEY-HARRIS 1447048, 1447048M, 1447048M1, 1447048M2, 2654403, 2654404, 2654405, 2654403, 2654404, 2654405<\/li>\n<li>MISFAT Z164B<\/li>\n<li>NEW HOLLAND 84284907, 87800083<\/li>\n<li>RENAULT TEHERAUT\u00d3K 0022714000<\/li>\n<li>ROVER AEU2218EVA<\/li>\n<li>SOFIMA S6040R<\/li>\n<li>TECNOCAR R225, R406<\/li>\n<li>UFI 23.164.02<\/li>\n<li>VOLVO 484074-0<\/li>\n<\/ul>\n<\/div>\n<\/div>\n","protected":false},"excerpt":{"rendered":"<p style=\"text-align: justify\">Olajsz\u0171r\u0151 &#8211; PP873 CASE IH, CLASS, JOHN DEERE<\/p>\n","protected":false},"featured_media":9642,"comment_status":"open","ping_status":"closed","template":"","meta":{"_acf_changed":false,"inline_featured_image":false},"product_brand":[],"product_cat":[301,276],"product_tag":[],"class_list":{"0":"post-9641","1":"product","2":"type-product","3":"status-publish","4":"has-post-thumbnail","6":"product_cat-olajszuro","7":"product_cat-szurok","9":"first","10":"instock","11":"taxable","12":"shipping-taxable","13":"purchasable","14":"product-type-simple"},"acf":[],"yoast_head":"<!-- This site is optimized with the Yoast SEO plugin v27.3 - https:\/\/yoast.com\/product\/yoast-seo-wordpress\/ -->\n<title>Olajsz\u0171r\u0151 - PP873 CASE IH, CLASS, JOHN DEERE - Exparto.pl<\/title>\n<meta name=\"robots\" content=\"index, follow, max-snippet:-1, max-image-preview:large, max-video-preview:-1\" \/>\n<link rel=\"canonical\" href=\"https:\/\/exparto.pl\/hu\/produkt\/olajszuro-pp873-haz-ih-osztaly-john-deere\/\" \/>\n<meta property=\"og:locale\" content=\"hu_HU\" \/>\n<meta property=\"og:type\" content=\"article\" \/>\n<meta property=\"og:title\" content=\"Olajsz\u0171r\u0151 - PP873 CASE IH, CLASS, JOHN DEERE - Exparto.pl\" \/>\n<meta property=\"og:description\" content=\"Olajsz\u0171r\u0151 - PP873 CASE IH, CLASS, JOHN DEERE\" \/>\n<meta property=\"og:url\" content=\"https:\/\/exparto.pl\/hu\/produkt\/olajszuro-pp873-haz-ih-osztaly-john-deere\/\" \/>\n<meta property=\"og:site_name\" content=\"Exparto.pl\" \/>\n<meta property=\"article:publisher\" content=\"https:\/\/www.facebook.com\/exparto.agro\/\" \/>\n<meta property=\"og:image\" content=\"https:\/\/exparto.pl\/wp-content\/uploads\/2023\/10\/e927acc46e9d59464c09afd6c629f4b9.jpg\" \/>\n\t<meta property=\"og:image:width\" content=\"1000\" \/>\n\t<meta property=\"og:image:height\" content=\"1000\" \/>\n\t<meta property=\"og:image:type\" content=\"image\/jpeg\" \/>\n<meta name=\"twitter:card\" content=\"summary_large_image\" \/>\n<meta name=\"twitter:label1\" content=\"Becs\u00fclt olvas\u00e1si id\u0151\" \/>\n\t<meta name=\"twitter:data1\" content=\"1 perc\" \/>\n<script type=\"application\/ld+json\" class=\"yoast-schema-graph\">{\"@context\":\"https:\\\/\\\/schema.org\",\"@graph\":[{\"@type\":\"WebPage\",\"@id\":\"https:\\\/\\\/exparto.pl\\\/hu\\\/produkt\\\/olajszuro-pp873-haz-ih-osztaly-john-deere\\\/\",\"url\":\"https:\\\/\\\/exparto.pl\\\/hu\\\/produkt\\\/olajszuro-pp873-haz-ih-osztaly-john-deere\\\/\",\"name\":\"Olajsz\u0171r\u0151 - PP873 CASE IH, CLASS, JOHN DEERE - Exparto.pl\",\"isPartOf\":{\"@id\":\"https:\\\/\\\/exparto.pl\\\/hu\\\/#website\"},\"primaryImageOfPage\":{\"@id\":\"https:\\\/\\\/exparto.pl\\\/hu\\\/produkt\\\/olajszuro-pp873-haz-ih-osztaly-john-deere\\\/#primaryimage\"},\"image\":{\"@id\":\"https:\\\/\\\/exparto.pl\\\/hu\\\/produkt\\\/olajszuro-pp873-haz-ih-osztaly-john-deere\\\/#primaryimage\"},\"thumbnailUrl\":\"https:\\\/\\\/exparto.pl\\\/wp-content\\\/uploads\\\/2023\\\/10\\\/e927acc46e9d59464c09afd6c629f4b9.jpg\",\"datePublished\":\"2023-10-05T07:43:55+00:00\",\"breadcrumb\":{\"@id\":\"https:\\\/\\\/exparto.pl\\\/hu\\\/produkt\\\/olajszuro-pp873-haz-ih-osztaly-john-deere\\\/#breadcrumb\"},\"inLanguage\":\"hu\",\"potentialAction\":[{\"@type\":\"ReadAction\",\"target\":[\"https:\\\/\\\/exparto.pl\\\/hu\\\/produkt\\\/olajszuro-pp873-haz-ih-osztaly-john-deere\\\/\"]}]},{\"@type\":\"ImageObject\",\"inLanguage\":\"hu\",\"@id\":\"https:\\\/\\\/exparto.pl\\\/hu\\\/produkt\\\/olajszuro-pp873-haz-ih-osztaly-john-deere\\\/#primaryimage\",\"url\":\"https:\\\/\\\/exparto.pl\\\/wp-content\\\/uploads\\\/2023\\\/10\\\/e927acc46e9d59464c09afd6c629f4b9.jpg\",\"contentUrl\":\"https:\\\/\\\/exparto.pl\\\/wp-content\\\/uploads\\\/2023\\\/10\\\/e927acc46e9d59464c09afd6c629f4b9.jpg\",\"width\":1000,\"height\":1000},{\"@type\":\"BreadcrumbList\",\"@id\":\"https:\\\/\\\/exparto.pl\\\/hu\\\/produkt\\\/olajszuro-pp873-haz-ih-osztaly-john-deere\\\/#breadcrumb\",\"itemListElement\":[{\"@type\":\"ListItem\",\"position\":1,\"name\":\"Honlap\",\"item\":\"https:\\\/\\\/exparto.pl\\\/hu\\\/\"},{\"@type\":\"ListItem\",\"position\":2,\"name\":\"Sklep\",\"item\":\"https:\\\/\\\/exparto.pl\\\/sklep\\\/\"},{\"@type\":\"ListItem\",\"position\":3,\"name\":\"Sz\u0171r\u0151k\",\"item\":\"https:\\\/\\\/exparto.pl\\\/hu\\\/termekkategoria\\\/szurok\\\/\"},{\"@type\":\"ListItem\",\"position\":4,\"name\":\"Olajsz\u0171r\u0151\",\"item\":\"https:\\\/\\\/exparto.pl\\\/hu\\\/termekkategoria\\\/szurok\\\/olajszuro\\\/\"},{\"@type\":\"ListItem\",\"position\":5,\"name\":\"Olajsz\u0171r\u0151 &#8211; PP873 CASE IH, CLASS, JOHN DEERE\"}]},{\"@type\":\"WebSite\",\"@id\":\"https:\\\/\\\/exparto.pl\\\/hu\\\/#website\",\"url\":\"https:\\\/\\\/exparto.pl\\\/hu\\\/\",\"name\":\"EXPARTO\",\"description\":\"More than agro parts\",\"publisher\":{\"@id\":\"https:\\\/\\\/exparto.pl\\\/hu\\\/#organization\"},\"potentialAction\":[{\"@type\":\"SearchAction\",\"target\":{\"@type\":\"EntryPoint\",\"urlTemplate\":\"https:\\\/\\\/exparto.pl\\\/hu\\\/?s={search_term_string}\"},\"query-input\":{\"@type\":\"PropertyValueSpecification\",\"valueRequired\":true,\"valueName\":\"search_term_string\"}}],\"inLanguage\":\"hu\"},{\"@type\":\"Organization\",\"@id\":\"https:\\\/\\\/exparto.pl\\\/hu\\\/#organization\",\"name\":\"EXPARTO\",\"url\":\"https:\\\/\\\/exparto.pl\\\/hu\\\/\",\"logo\":{\"@type\":\"ImageObject\",\"inLanguage\":\"hu\",\"@id\":\"https:\\\/\\\/exparto.pl\\\/hu\\\/#\\\/schema\\\/logo\\\/image\\\/\",\"url\":\"https:\\\/\\\/exparto.pl\\\/wp-content\\\/uploads\\\/2023\\\/02\\\/logo-wektor.png\",\"contentUrl\":\"https:\\\/\\\/exparto.pl\\\/wp-content\\\/uploads\\\/2023\\\/02\\\/logo-wektor.png\",\"width\":1338,\"height\":143,\"caption\":\"EXPARTO\"},\"image\":{\"@id\":\"https:\\\/\\\/exparto.pl\\\/hu\\\/#\\\/schema\\\/logo\\\/image\\\/\"},\"sameAs\":[\"https:\\\/\\\/www.facebook.com\\\/exparto.agro\\\/\"]}]}<\/script>\n<!-- \/ Yoast SEO plugin. -->","yoast_head_json":{"title":"Olajsz\u0171r\u0151 - PP873 CASE IH, CLASS, JOHN DEERE - Exparto.pl","robots":{"index":"index","follow":"follow","max-snippet":"max-snippet:-1","max-image-preview":"max-image-preview:large","max-video-preview":"max-video-preview:-1"},"canonical":"https:\/\/exparto.pl\/hu\/produkt\/olajszuro-pp873-haz-ih-osztaly-john-deere\/","og_locale":"hu_HU","og_type":"article","og_title":"Olajsz\u0171r\u0151 - PP873 CASE IH, CLASS, JOHN DEERE - Exparto.pl","og_description":"Olajsz\u0171r\u0151 - PP873 CASE IH, CLASS, JOHN DEERE","og_url":"https:\/\/exparto.pl\/hu\/produkt\/olajszuro-pp873-haz-ih-osztaly-john-deere\/","og_site_name":"Exparto.pl","article_publisher":"https:\/\/www.facebook.com\/exparto.agro\/","og_image":[{"width":1000,"height":1000,"url":"https:\/\/exparto.pl\/wp-content\/uploads\/2023\/10\/e927acc46e9d59464c09afd6c629f4b9.jpg","type":"image\/jpeg"}],"twitter_card":"summary_large_image","twitter_misc":{"Becs\u00fclt olvas\u00e1si id\u0151":"1 perc"},"schema":{"@context":"https:\/\/schema.org","@graph":[{"@type":"WebPage","@id":"https:\/\/exparto.pl\/hu\/produkt\/olajszuro-pp873-haz-ih-osztaly-john-deere\/","url":"https:\/\/exparto.pl\/hu\/produkt\/olajszuro-pp873-haz-ih-osztaly-john-deere\/","name":"Olajsz\u0171r\u0151 - PP873 CASE IH, CLASS, JOHN DEERE - Exparto.pl","isPartOf":{"@id":"https:\/\/exparto.pl\/hu\/#website"},"primaryImageOfPage":{"@id":"https:\/\/exparto.pl\/hu\/produkt\/olajszuro-pp873-haz-ih-osztaly-john-deere\/#primaryimage"},"image":{"@id":"https:\/\/exparto.pl\/hu\/produkt\/olajszuro-pp873-haz-ih-osztaly-john-deere\/#primaryimage"},"thumbnailUrl":"https:\/\/exparto.pl\/wp-content\/uploads\/2023\/10\/e927acc46e9d59464c09afd6c629f4b9.jpg","datePublished":"2023-10-05T07:43:55+00:00","breadcrumb":{"@id":"https:\/\/exparto.pl\/hu\/produkt\/olajszuro-pp873-haz-ih-osztaly-john-deere\/#breadcrumb"},"inLanguage":"hu","potentialAction":[{"@type":"ReadAction","target":["https:\/\/exparto.pl\/hu\/produkt\/olajszuro-pp873-haz-ih-osztaly-john-deere\/"]}]},{"@type":"ImageObject","inLanguage":"hu","@id":"https:\/\/exparto.pl\/hu\/produkt\/olajszuro-pp873-haz-ih-osztaly-john-deere\/#primaryimage","url":"https:\/\/exparto.pl\/wp-content\/uploads\/2023\/10\/e927acc46e9d59464c09afd6c629f4b9.jpg","contentUrl":"https:\/\/exparto.pl\/wp-content\/uploads\/2023\/10\/e927acc46e9d59464c09afd6c629f4b9.jpg","width":1000,"height":1000},{"@type":"BreadcrumbList","@id":"https:\/\/exparto.pl\/hu\/produkt\/olajszuro-pp873-haz-ih-osztaly-john-deere\/#breadcrumb","itemListElement":[{"@type":"ListItem","position":1,"name":"Honlap","item":"https:\/\/exparto.pl\/hu\/"},{"@type":"ListItem","position":2,"name":"Sklep","item":"https:\/\/exparto.pl\/sklep\/"},{"@type":"ListItem","position":3,"name":"Sz\u0171r\u0151k","item":"https:\/\/exparto.pl\/hu\/termekkategoria\/szurok\/"},{"@type":"ListItem","position":4,"name":"Olajsz\u0171r\u0151","item":"https:\/\/exparto.pl\/hu\/termekkategoria\/szurok\/olajszuro\/"},{"@type":"ListItem","position":5,"name":"Olajsz\u0171r\u0151 &#8211; PP873 CASE IH, CLASS, JOHN DEERE"}]},{"@type":"WebSite","@id":"https:\/\/exparto.pl\/hu\/#website","url":"https:\/\/exparto.pl\/hu\/","name":"EXPARTO","description":"More than agro parts","publisher":{"@id":"https:\/\/exparto.pl\/hu\/#organization"},"potentialAction":[{"@type":"SearchAction","target":{"@type":"EntryPoint","urlTemplate":"https:\/\/exparto.pl\/hu\/?s={search_term_string}"},"query-input":{"@type":"PropertyValueSpecification","valueRequired":true,"valueName":"search_term_string"}}],"inLanguage":"hu"},{"@type":"Organization","@id":"https:\/\/exparto.pl\/hu\/#organization","name":"EXPARTO","url":"https:\/\/exparto.pl\/hu\/","logo":{"@type":"ImageObject","inLanguage":"hu","@id":"https:\/\/exparto.pl\/hu\/#\/schema\/logo\/image\/","url":"https:\/\/exparto.pl\/wp-content\/uploads\/2023\/02\/logo-wektor.png","contentUrl":"https:\/\/exparto.pl\/wp-content\/uploads\/2023\/02\/logo-wektor.png","width":1338,"height":143,"caption":"EXPARTO"},"image":{"@id":"https:\/\/exparto.pl\/hu\/#\/schema\/logo\/image\/"},"sameAs":["https:\/\/www.facebook.com\/exparto.agro\/"]}]}},"_links":{"self":[{"href":"https:\/\/exparto.pl\/hu\/wp-json\/wp\/v2\/product\/9641","targetHints":{"allow":["GET"]}}],"collection":[{"href":"https:\/\/exparto.pl\/hu\/wp-json\/wp\/v2\/product"}],"about":[{"href":"https:\/\/exparto.pl\/hu\/wp-json\/wp\/v2\/types\/product"}],"replies":[{"embeddable":true,"href":"https:\/\/exparto.pl\/hu\/wp-json\/wp\/v2\/comments?post=9641"}],"wp:featuredmedia":[{"embeddable":true,"href":"https:\/\/exparto.pl\/hu\/wp-json\/wp\/v2\/media\/9642"}],"wp:attachment":[{"href":"https:\/\/exparto.pl\/hu\/wp-json\/wp\/v2\/media?parent=9641"}],"wp:term":[{"taxonomy":"product_brand","embeddable":true,"href":"https:\/\/exparto.pl\/hu\/wp-json\/wp\/v2\/product_brand?post=9641"},{"taxonomy":"product_cat","embeddable":true,"href":"https:\/\/exparto.pl\/hu\/wp-json\/wp\/v2\/product_cat?post=9641"},{"taxonomy":"product_tag","embeddable":true,"href":"https:\/\/exparto.pl\/hu\/wp-json\/wp\/v2\/product_tag?post=9641"}],"curies":[{"name":"wp","href":"https:\/\/api.w.org\/{rel}","templated":true}]}}