{"id":9671,"date":"2023-09-27T11:22:36","date_gmt":"2023-09-27T09:22:36","guid":{"rendered":"https:\/\/exparto.pl\/produkt\/fej-ap-0-100-g07-k-pro\/"},"modified":"2023-09-27T11:22:36","modified_gmt":"2023-09-27T09:22:36","slug":"glowica-ap-0-100-g07-k-pro","status":"publish","type":"product","link":"https:\/\/exparto.pl\/hu\/produkt\/glowica-ap-0-100-g07-k-pro\/","title":{"rendered":"Fej AP 0-100\/G07\/K PRO"},"content":{"rendered":"<p style=\"text-align: justify\">A PROLINE sorozat\u00fa fejek az egyetlenek a piacon, amelyek alapfelszerelts\u00e9gk\u00e9nt <b>Verdesilb\u0151l<\/b> k\u00e9sz\u00fclt t\u00f6m\u00edt\u00e9sekkel \u00e9s membr\u00e1nnal rendelkeznek &#8211; ez egy speci\u00e1lis szilikonkever\u00e9k, amely sokkal hosszabb \u00e9lettartamot \u00e9s a rendszer t\u00f6m\u00edtetts\u00e9g\u00e9t, deform\u00e1ci\u00f3val szembeni ellen\u00e1ll\u00e1st \u00e9s a z\u00e1r\u00f3szelep kiv\u00e1l\u00f3 pontoss\u00e1g\u00e1t biztos\u00edtja. Ker\u00e1mia porlaszt\u00f3val is rendelkeznek, amely sokkal ellen\u00e1ll\u00f3bb a kop\u00e1ssal szemben, \u00edgy meghosszabb\u00edtja az \u00e9lettartam\u00e1t.<\/p>\n<p style=\"text-align: justify\"><b>Jellemz\u0151k:<\/b><\/p>\n<ul>\n<li style=\"text-align: justify\">A pozicion\u00e1l\u00f3 mechanizmus innovat\u00edv kialak\u00edt\u00e1sa a jellegzetes &#8222;kattan\u00e1ssal&#8221; garant\u00e1lja a fej pontos pozicion\u00e1l\u00e1s\u00e1t, kik\u00fcsz\u00f6b\u00f6lve a folyad\u00e9k egyenetlen eloszl\u00e1s\u00e1nak kock\u00e1zat\u00e1t a fej f\u00fcgg\u0151leges helyzet\u00e9b\u0151l val\u00f3 elt\u00e9r\u00e9s miatt;<\/li>\n<li style=\"text-align: justify\">A 3 magos tiszt\u00edt\u00f3 mechanizmus biztos\u00edtja a fej hossz\u00fa t\u00e1v\u00fa, probl\u00e9mamentes m\u0171k\u00f6d\u00e9s\u00e9t;<\/li>\n<li style=\"text-align: justify\">A szilikonb\u00f3l k\u00e9sz\u00fclt o-gy\u0171r\u0171k haszn\u00e1lata garant\u00e1lja a rendszer t\u00f6k\u00e9letes \u00e9s tart\u00f3s t\u00f6m\u00edt\u00e9s\u00e9t, k\u00f6sz\u00f6nhet\u0151en a p\u00e1ratlanul jobb deform\u00e1ci\u00f3val szembeni ellen\u00e1ll\u00e1suknak;<\/li>\n<li style=\"text-align: justify\">A fejtest \u00fct\u00e9s\u00e1ll\u00f3 kopolimerekb\u0151l k\u00e9sz\u00fclt, \u00edgy t\u00f6bb mint 40%-kal ellen\u00e1ll\u00f3bb a t\u00f6r\u00e9ssel szemben;<\/li>\n<li style=\"text-align: justify\">Az \u00e1r a k\u00e9pen l\u00e1that\u00f3 teljes fejre vonatkozik;<\/li>\n<li style=\"text-align: justify\">Az egyetlen a piacon, amely alapfelszerelts\u00e9gk\u00e9nt ker\u00e1miaf\u00fav\u00f3k\u00e1val rendelkezik;<\/li>\n<li style=\"text-align: justify\">Szoros folyad\u00e9kz\u00e1r\u00e1s a membr\u00e1nszelepnek k\u00f6sz\u00f6nhet\u0151en;<\/li>\n<li style=\"text-align: justify\">A test oldal\u00e1n tal\u00e1lhat\u00f3 elz\u00e1r\u00f3szelep lehet\u0151v\u00e9 teszi a k\u00f6nny\u0171 hozz\u00e1f\u00e9r\u00e9st a m\u0171k\u00f6d\u00e9s ellen\u0151rz\u00e9s\u00e9hez;<\/li>\n<li style=\"text-align: justify\">A csatornaszakaszban M6-os csavarral t\u00f6rt\u00e9n\u0151 r\u00f6gz\u00edt\u00e9s biztos\u00edtja a stabilit\u00e1st;<\/li>\n<li style=\"text-align: justify\">A poroz\u00f3f\u00fav\u00f3ka egyszer\u0171 cser\u00e9je a fej elford\u00edt\u00e1s\u00e1val;<\/li>\n<li style=\"text-align: justify\">A porlaszt\u00f3k k\u00f6z\u00f6tti k\u00f6ztes poz\u00edci\u00f3k folyad\u00e9k\u00e1raml\u00e1s-z\u00e1r\u00f3k;<\/li>\n<li style=\"text-align: justify\">A t\u00f6m\u00edt\u00e9sek \u00e9s a membr\u00e1n Verdesilb\u0151l k\u00e9sz\u00fclnek &#8211; egy speci\u00e1lis szilikonkever\u00e9kb\u0151l, amely kiv\u00e1l\u00f3 rendszerz\u00e1r\u00e1st biztos\u00edt;<\/li>\n<li style=\"text-align: justify\">A fejet egy 7 lyuk\u00fa AUS sz\u00f3r\u00f3fejjel szerelt\u00e9k fel, amely a piros porlaszt\u00f3 helyett egy k\u00e9k polimer ny\u00edl\u00e1ssal van felszerelve.<\/li>\n<\/ul>\n","protected":false},"excerpt":{"rendered":"<p style=\"text-align: justify\">H\u00e1romv\u00e9g\u0171 fej.<\/p>\n","protected":false},"featured_media":9672,"comment_status":"open","ping_status":"closed","template":"","meta":{"_acf_changed":false,"inline_featured_image":false},"product_brand":[],"product_cat":[219,277],"product_tag":[],"class_list":{"0":"post-9671","1":"product","2":"type-product","3":"status-publish","4":"has-post-thumbnail","6":"product_cat-alkatreszek-permetezogepekhez","7":"product_cat-permetezo-landzsak-alkatreszei","9":"first","10":"instock","11":"taxable","12":"shipping-taxable","13":"purchasable","14":"product-type-simple"},"acf":[],"yoast_head":"<!-- This site is optimized with the Yoast SEO plugin v27.4 - https:\/\/yoast.com\/product\/yoast-seo-wordpress\/ -->\n<title>Fej AP 0-100\/G07\/K PRO - Exparto.pl<\/title>\n<meta name=\"robots\" content=\"index, follow, max-snippet:-1, max-image-preview:large, max-video-preview:-1\" \/>\n<link rel=\"canonical\" href=\"https:\/\/exparto.pl\/hu\/produkt\/glowica-ap-0-100-g07-k-pro\/\" \/>\n<meta property=\"og:locale\" content=\"hu_HU\" \/>\n<meta property=\"og:type\" content=\"article\" \/>\n<meta property=\"og:title\" content=\"Fej AP 0-100\/G07\/K PRO - Exparto.pl\" \/>\n<meta property=\"og:description\" content=\"H\u00e1romv\u00e9g\u0171 fej.\" \/>\n<meta property=\"og:url\" content=\"https:\/\/exparto.pl\/hu\/produkt\/glowica-ap-0-100-g07-k-pro\/\" \/>\n<meta property=\"og:site_name\" content=\"Exparto.pl\" \/>\n<meta property=\"article:publisher\" content=\"https:\/\/www.facebook.com\/exparto.agro\/\" \/>\n<meta property=\"og:image\" content=\"https:\/\/exparto.pl\/wp-content\/uploads\/2023\/09\/9fabb1f7232c705751605066e62a3b16.jpg\" \/>\n\t<meta property=\"og:image:width\" content=\"1000\" \/>\n\t<meta property=\"og:image:height\" content=\"1000\" \/>\n\t<meta property=\"og:image:type\" content=\"image\/jpeg\" \/>\n<meta name=\"twitter:card\" content=\"summary_large_image\" \/>\n<meta name=\"twitter:label1\" content=\"Becs\u00fclt olvas\u00e1si id\u0151\" \/>\n\t<meta name=\"twitter:data1\" content=\"2 perc\" \/>\n<script type=\"application\/ld+json\" class=\"yoast-schema-graph\">{\"@context\":\"https:\\\/\\\/schema.org\",\"@graph\":[{\"@type\":\"WebPage\",\"@id\":\"https:\\\/\\\/exparto.pl\\\/hu\\\/produkt\\\/glowica-ap-0-100-g07-k-pro\\\/\",\"url\":\"https:\\\/\\\/exparto.pl\\\/hu\\\/produkt\\\/glowica-ap-0-100-g07-k-pro\\\/\",\"name\":\"Fej AP 0-100\\\/G07\\\/K PRO - Exparto.pl\",\"isPartOf\":{\"@id\":\"https:\\\/\\\/exparto.pl\\\/hu\\\/#website\"},\"primaryImageOfPage\":{\"@id\":\"https:\\\/\\\/exparto.pl\\\/hu\\\/produkt\\\/glowica-ap-0-100-g07-k-pro\\\/#primaryimage\"},\"image\":{\"@id\":\"https:\\\/\\\/exparto.pl\\\/hu\\\/produkt\\\/glowica-ap-0-100-g07-k-pro\\\/#primaryimage\"},\"thumbnailUrl\":\"https:\\\/\\\/exparto.pl\\\/wp-content\\\/uploads\\\/2023\\\/09\\\/9fabb1f7232c705751605066e62a3b16.jpg\",\"datePublished\":\"2023-09-27T09:22:36+00:00\",\"breadcrumb\":{\"@id\":\"https:\\\/\\\/exparto.pl\\\/hu\\\/produkt\\\/glowica-ap-0-100-g07-k-pro\\\/#breadcrumb\"},\"inLanguage\":\"hu\",\"potentialAction\":[{\"@type\":\"ReadAction\",\"target\":[\"https:\\\/\\\/exparto.pl\\\/hu\\\/produkt\\\/glowica-ap-0-100-g07-k-pro\\\/\"]}]},{\"@type\":\"ImageObject\",\"inLanguage\":\"hu\",\"@id\":\"https:\\\/\\\/exparto.pl\\\/hu\\\/produkt\\\/glowica-ap-0-100-g07-k-pro\\\/#primaryimage\",\"url\":\"https:\\\/\\\/exparto.pl\\\/wp-content\\\/uploads\\\/2023\\\/09\\\/9fabb1f7232c705751605066e62a3b16.jpg\",\"contentUrl\":\"https:\\\/\\\/exparto.pl\\\/wp-content\\\/uploads\\\/2023\\\/09\\\/9fabb1f7232c705751605066e62a3b16.jpg\",\"width\":1000,\"height\":1000},{\"@type\":\"BreadcrumbList\",\"@id\":\"https:\\\/\\\/exparto.pl\\\/hu\\\/produkt\\\/glowica-ap-0-100-g07-k-pro\\\/#breadcrumb\",\"itemListElement\":[{\"@type\":\"ListItem\",\"position\":1,\"name\":\"Honlap\",\"item\":\"https:\\\/\\\/exparto.pl\\\/hu\\\/\"},{\"@type\":\"ListItem\",\"position\":2,\"name\":\"Sklep\",\"item\":\"https:\\\/\\\/exparto.pl\\\/sklep\\\/\"},{\"@type\":\"ListItem\",\"position\":3,\"name\":\"Alkatr\u00e9szek permetez\u0151g\u00e9pekhez\",\"item\":\"https:\\\/\\\/exparto.pl\\\/hu\\\/termekkategoria\\\/alkatreszek-permetezogepekhez\\\/\"},{\"@type\":\"ListItem\",\"position\":4,\"name\":\"Permetez\u0151 l\u00e1ndzs\u00e1k alkatr\u00e9szei\",\"item\":\"https:\\\/\\\/exparto.pl\\\/hu\\\/termekkategoria\\\/alkatreszek-permetezogepekhez\\\/permetezo-landzsak-alkatreszei\\\/\"},{\"@type\":\"ListItem\",\"position\":5,\"name\":\"Fej AP 0-100\\\/G07\\\/K PRO\"}]},{\"@type\":\"WebSite\",\"@id\":\"https:\\\/\\\/exparto.pl\\\/hu\\\/#website\",\"url\":\"https:\\\/\\\/exparto.pl\\\/hu\\\/\",\"name\":\"EXPARTO\",\"description\":\"More than agro parts\",\"publisher\":{\"@id\":\"https:\\\/\\\/exparto.pl\\\/hu\\\/#organization\"},\"potentialAction\":[{\"@type\":\"SearchAction\",\"target\":{\"@type\":\"EntryPoint\",\"urlTemplate\":\"https:\\\/\\\/exparto.pl\\\/hu\\\/?s={search_term_string}\"},\"query-input\":{\"@type\":\"PropertyValueSpecification\",\"valueRequired\":true,\"valueName\":\"search_term_string\"}}],\"inLanguage\":\"hu\"},{\"@type\":\"Organization\",\"@id\":\"https:\\\/\\\/exparto.pl\\\/hu\\\/#organization\",\"name\":\"EXPARTO\",\"url\":\"https:\\\/\\\/exparto.pl\\\/hu\\\/\",\"logo\":{\"@type\":\"ImageObject\",\"inLanguage\":\"hu\",\"@id\":\"https:\\\/\\\/exparto.pl\\\/hu\\\/#\\\/schema\\\/logo\\\/image\\\/\",\"url\":\"https:\\\/\\\/exparto.pl\\\/wp-content\\\/uploads\\\/2023\\\/02\\\/logo-wektor.png\",\"contentUrl\":\"https:\\\/\\\/exparto.pl\\\/wp-content\\\/uploads\\\/2023\\\/02\\\/logo-wektor.png\",\"width\":1338,\"height\":143,\"caption\":\"EXPARTO\"},\"image\":{\"@id\":\"https:\\\/\\\/exparto.pl\\\/hu\\\/#\\\/schema\\\/logo\\\/image\\\/\"},\"sameAs\":[\"https:\\\/\\\/www.facebook.com\\\/exparto.agro\\\/\"]}]}<\/script>\n<!-- \/ Yoast SEO plugin. -->","yoast_head_json":{"title":"Fej AP 0-100\/G07\/K PRO - Exparto.pl","robots":{"index":"index","follow":"follow","max-snippet":"max-snippet:-1","max-image-preview":"max-image-preview:large","max-video-preview":"max-video-preview:-1"},"canonical":"https:\/\/exparto.pl\/hu\/produkt\/glowica-ap-0-100-g07-k-pro\/","og_locale":"hu_HU","og_type":"article","og_title":"Fej AP 0-100\/G07\/K PRO - Exparto.pl","og_description":"H\u00e1romv\u00e9g\u0171 fej.","og_url":"https:\/\/exparto.pl\/hu\/produkt\/glowica-ap-0-100-g07-k-pro\/","og_site_name":"Exparto.pl","article_publisher":"https:\/\/www.facebook.com\/exparto.agro\/","og_image":[{"width":1000,"height":1000,"url":"https:\/\/exparto.pl\/wp-content\/uploads\/2023\/09\/9fabb1f7232c705751605066e62a3b16.jpg","type":"image\/jpeg"}],"twitter_card":"summary_large_image","twitter_misc":{"Becs\u00fclt olvas\u00e1si id\u0151":"2 perc"},"schema":{"@context":"https:\/\/schema.org","@graph":[{"@type":"WebPage","@id":"https:\/\/exparto.pl\/hu\/produkt\/glowica-ap-0-100-g07-k-pro\/","url":"https:\/\/exparto.pl\/hu\/produkt\/glowica-ap-0-100-g07-k-pro\/","name":"Fej AP 0-100\/G07\/K PRO - Exparto.pl","isPartOf":{"@id":"https:\/\/exparto.pl\/hu\/#website"},"primaryImageOfPage":{"@id":"https:\/\/exparto.pl\/hu\/produkt\/glowica-ap-0-100-g07-k-pro\/#primaryimage"},"image":{"@id":"https:\/\/exparto.pl\/hu\/produkt\/glowica-ap-0-100-g07-k-pro\/#primaryimage"},"thumbnailUrl":"https:\/\/exparto.pl\/wp-content\/uploads\/2023\/09\/9fabb1f7232c705751605066e62a3b16.jpg","datePublished":"2023-09-27T09:22:36+00:00","breadcrumb":{"@id":"https:\/\/exparto.pl\/hu\/produkt\/glowica-ap-0-100-g07-k-pro\/#breadcrumb"},"inLanguage":"hu","potentialAction":[{"@type":"ReadAction","target":["https:\/\/exparto.pl\/hu\/produkt\/glowica-ap-0-100-g07-k-pro\/"]}]},{"@type":"ImageObject","inLanguage":"hu","@id":"https:\/\/exparto.pl\/hu\/produkt\/glowica-ap-0-100-g07-k-pro\/#primaryimage","url":"https:\/\/exparto.pl\/wp-content\/uploads\/2023\/09\/9fabb1f7232c705751605066e62a3b16.jpg","contentUrl":"https:\/\/exparto.pl\/wp-content\/uploads\/2023\/09\/9fabb1f7232c705751605066e62a3b16.jpg","width":1000,"height":1000},{"@type":"BreadcrumbList","@id":"https:\/\/exparto.pl\/hu\/produkt\/glowica-ap-0-100-g07-k-pro\/#breadcrumb","itemListElement":[{"@type":"ListItem","position":1,"name":"Honlap","item":"https:\/\/exparto.pl\/hu\/"},{"@type":"ListItem","position":2,"name":"Sklep","item":"https:\/\/exparto.pl\/sklep\/"},{"@type":"ListItem","position":3,"name":"Alkatr\u00e9szek permetez\u0151g\u00e9pekhez","item":"https:\/\/exparto.pl\/hu\/termekkategoria\/alkatreszek-permetezogepekhez\/"},{"@type":"ListItem","position":4,"name":"Permetez\u0151 l\u00e1ndzs\u00e1k alkatr\u00e9szei","item":"https:\/\/exparto.pl\/hu\/termekkategoria\/alkatreszek-permetezogepekhez\/permetezo-landzsak-alkatreszei\/"},{"@type":"ListItem","position":5,"name":"Fej AP 0-100\/G07\/K PRO"}]},{"@type":"WebSite","@id":"https:\/\/exparto.pl\/hu\/#website","url":"https:\/\/exparto.pl\/hu\/","name":"EXPARTO","description":"More than agro parts","publisher":{"@id":"https:\/\/exparto.pl\/hu\/#organization"},"potentialAction":[{"@type":"SearchAction","target":{"@type":"EntryPoint","urlTemplate":"https:\/\/exparto.pl\/hu\/?s={search_term_string}"},"query-input":{"@type":"PropertyValueSpecification","valueRequired":true,"valueName":"search_term_string"}}],"inLanguage":"hu"},{"@type":"Organization","@id":"https:\/\/exparto.pl\/hu\/#organization","name":"EXPARTO","url":"https:\/\/exparto.pl\/hu\/","logo":{"@type":"ImageObject","inLanguage":"hu","@id":"https:\/\/exparto.pl\/hu\/#\/schema\/logo\/image\/","url":"https:\/\/exparto.pl\/wp-content\/uploads\/2023\/02\/logo-wektor.png","contentUrl":"https:\/\/exparto.pl\/wp-content\/uploads\/2023\/02\/logo-wektor.png","width":1338,"height":143,"caption":"EXPARTO"},"image":{"@id":"https:\/\/exparto.pl\/hu\/#\/schema\/logo\/image\/"},"sameAs":["https:\/\/www.facebook.com\/exparto.agro\/"]}]}},"_links":{"self":[{"href":"https:\/\/exparto.pl\/hu\/wp-json\/wp\/v2\/product\/9671","targetHints":{"allow":["GET"]}}],"collection":[{"href":"https:\/\/exparto.pl\/hu\/wp-json\/wp\/v2\/product"}],"about":[{"href":"https:\/\/exparto.pl\/hu\/wp-json\/wp\/v2\/types\/product"}],"replies":[{"embeddable":true,"href":"https:\/\/exparto.pl\/hu\/wp-json\/wp\/v2\/comments?post=9671"}],"wp:featuredmedia":[{"embeddable":true,"href":"https:\/\/exparto.pl\/hu\/wp-json\/wp\/v2\/media\/9672"}],"wp:attachment":[{"href":"https:\/\/exparto.pl\/hu\/wp-json\/wp\/v2\/media?parent=9671"}],"wp:term":[{"taxonomy":"product_brand","embeddable":true,"href":"https:\/\/exparto.pl\/hu\/wp-json\/wp\/v2\/product_brand?post=9671"},{"taxonomy":"product_cat","embeddable":true,"href":"https:\/\/exparto.pl\/hu\/wp-json\/wp\/v2\/product_cat?post=9671"},{"taxonomy":"product_tag","embeddable":true,"href":"https:\/\/exparto.pl\/hu\/wp-json\/wp\/v2\/product_tag?post=9671"}],"curies":[{"name":"wp","href":"https:\/\/api.w.org\/{rel}","templated":true}]}}