{"id":9695,"date":"2023-09-26T09:03:48","date_gmt":"2023-09-26T07:03:48","guid":{"rendered":"https:\/\/exparto.pl\/produkt\/kulcs\/"},"modified":"2023-09-26T09:03:48","modified_gmt":"2023-09-26T07:03:48","slug":"kulcs","status":"publish","type":"product","link":"https:\/\/exparto.pl\/hu\/produkt\/kulcs\/","title":{"rendered":"Kulcs"},"content":{"rendered":"<p style=\"text-align: justify\">Kulcs a szelepek r\u00f6gz\u00edt\u0151csavarjainak elt\u00e1vol\u00edt\u00e1s\u00e1hoz a testekben, fejekben \u00e9s az AGROPLAST kupakok felpattint\u00e1s\u00e1hoz. Megk\u00f6nny\u00edti a szelepet a testekhez \u00e9s fejekhez r\u00f6gz\u00edt\u0151 csavarok elt\u00e1vol\u00edt\u00e1s\u00e1t \u00e9s a kupakok felpattint\u00e1s\u00e1t (kapcsol\u00f3d\u00f3 term\u00e9kek).<\/p>\n<p style=\"text-align: justify\"><b>Alkalmaz\u00e1s:<\/b><\/p>\n<\/p>\n<ul>\n<li style=\"text-align: justify\">Cap 103\/07\/K<\/li>\n<li style=\"text-align: justify\">Cap 0-103\/07\/R<\/li>\n<li style=\"text-align: justify\">Sapka 0-103\/08\/W<\/li>\n<li style=\"text-align: justify\">Cap 103\/08\/K<\/li>\n<li style=\"text-align: justify\">Cap 0-103\/08\/R<\/li>\n<li style=\"text-align: justify\">T\u00f6ml\u0151t\u00f6ml\u0151 kupakja 0-100\/08<\/li>\n<li style=\"text-align: justify\">Ki\u00f6ml\u0151t\u00f6ml\u0151 sapka 0-100\/7<\/li>\n<li style=\"text-align: justify\">RSM 2-patakos sapka<\/li>\n<li style=\"text-align: justify\">Cap 0-103\/07<\/li>\n<li style=\"text-align: justify\">Cap 0-103\/08<\/li>\n<li style=\"text-align: justify\">Szelep r\u00f6gz\u00edt\u0151 csavar<\/li>\n<\/ul>\n","protected":false},"excerpt":{"rendered":"<p style=\"text-align: justify\">Kulcs a szelepek r\u00f6gz\u00edt\u0151csavarjainak kicsavar\u00e1s\u00e1hoz a testekben, fejekben \u00e9s az AGROPLAST kupakok felpattint\u00e1s\u00e1hoz.<\/p>\n","protected":false},"featured_media":9696,"comment_status":"open","ping_status":"closed","template":"","meta":{"_acf_changed":false,"inline_featured_image":false},"product_brand":[],"product_cat":[295,219],"product_tag":[],"class_list":{"0":"post-9695","1":"product","2":"type-product","3":"status-publish","4":"has-post-thumbnail","6":"product_cat-alkatreszek-es-tartozekok","7":"product_cat-alkatreszek-permetezogepekhez","9":"first","10":"instock","11":"taxable","12":"shipping-taxable","13":"purchasable","14":"product-type-simple"},"acf":[],"yoast_head":"<!-- This site is optimized with the Yoast SEO plugin v27.2 - https:\/\/yoast.com\/product\/yoast-seo-wordpress\/ -->\n<title>Kulcs - Exparto.pl<\/title>\n<meta name=\"robots\" content=\"index, follow, max-snippet:-1, max-image-preview:large, max-video-preview:-1\" \/>\n<link rel=\"canonical\" href=\"https:\/\/exparto.pl\/hu\/produkt\/kulcs\/\" \/>\n<meta property=\"og:locale\" content=\"hu_HU\" \/>\n<meta property=\"og:type\" content=\"article\" \/>\n<meta property=\"og:title\" content=\"Kulcs - Exparto.pl\" \/>\n<meta property=\"og:description\" content=\"Kulcs a szelepek r\u00f6gz\u00edt\u0151csavarjainak kicsavar\u00e1s\u00e1hoz a testekben, fejekben \u00e9s az AGROPLAST kupakok felpattint\u00e1s\u00e1hoz.\" \/>\n<meta property=\"og:url\" content=\"https:\/\/exparto.pl\/hu\/produkt\/kulcs\/\" \/>\n<meta property=\"og:site_name\" content=\"Exparto.pl\" \/>\n<meta property=\"article:publisher\" content=\"https:\/\/www.facebook.com\/exparto.agro\/\" \/>\n<meta property=\"og:image\" content=\"https:\/\/exparto.pl\/wp-content\/uploads\/2023\/09\/971dad70baa18a41ed0b41dd7f8378fe.jpg\" \/>\n\t<meta property=\"og:image:width\" content=\"1000\" \/>\n\t<meta property=\"og:image:height\" content=\"1000\" \/>\n\t<meta property=\"og:image:type\" content=\"image\/jpeg\" \/>\n<meta name=\"twitter:card\" content=\"summary_large_image\" \/>\n<script type=\"application\/ld+json\" class=\"yoast-schema-graph\">{\"@context\":\"https:\/\/schema.org\",\"@graph\":[{\"@type\":\"WebPage\",\"@id\":\"https:\/\/exparto.pl\/hu\/produkt\/kulcs\/\",\"url\":\"https:\/\/exparto.pl\/hu\/produkt\/kulcs\/\",\"name\":\"Kulcs - Exparto.pl\",\"isPartOf\":{\"@id\":\"https:\/\/exparto.pl\/hu\/#website\"},\"primaryImageOfPage\":{\"@id\":\"https:\/\/exparto.pl\/hu\/produkt\/kulcs\/#primaryimage\"},\"image\":{\"@id\":\"https:\/\/exparto.pl\/hu\/produkt\/kulcs\/#primaryimage\"},\"thumbnailUrl\":\"https:\/\/exparto.pl\/wp-content\/uploads\/2023\/09\/971dad70baa18a41ed0b41dd7f8378fe.jpg\",\"datePublished\":\"2023-09-26T07:03:48+00:00\",\"breadcrumb\":{\"@id\":\"https:\/\/exparto.pl\/hu\/produkt\/kulcs\/#breadcrumb\"},\"inLanguage\":\"hu\",\"potentialAction\":[{\"@type\":\"ReadAction\",\"target\":[\"https:\/\/exparto.pl\/hu\/produkt\/kulcs\/\"]}]},{\"@type\":\"ImageObject\",\"inLanguage\":\"hu\",\"@id\":\"https:\/\/exparto.pl\/hu\/produkt\/kulcs\/#primaryimage\",\"url\":\"https:\/\/exparto.pl\/wp-content\/uploads\/2023\/09\/971dad70baa18a41ed0b41dd7f8378fe.jpg\",\"contentUrl\":\"https:\/\/exparto.pl\/wp-content\/uploads\/2023\/09\/971dad70baa18a41ed0b41dd7f8378fe.jpg\",\"width\":1000,\"height\":1000},{\"@type\":\"BreadcrumbList\",\"@id\":\"https:\/\/exparto.pl\/hu\/produkt\/kulcs\/#breadcrumb\",\"itemListElement\":[{\"@type\":\"ListItem\",\"position\":1,\"name\":\"Honlap\",\"item\":\"https:\/\/exparto.pl\/hu\/\"},{\"@type\":\"ListItem\",\"position\":2,\"name\":\"Sklep\",\"item\":\"https:\/\/exparto.pl\/sklep\/\"},{\"@type\":\"ListItem\",\"position\":3,\"name\":\"Alkatr\u00e9szek permetez\u0151g\u00e9pekhez\",\"item\":\"https:\/\/exparto.pl\/hu\/termekkategoria\/alkatreszek-permetezogepekhez\/\"},{\"@type\":\"ListItem\",\"position\":4,\"name\":\"Permetez\u0151 l\u00e1ndzs\u00e1k alkatr\u00e9szei\",\"item\":\"https:\/\/exparto.pl\/hu\/termekkategoria\/alkatreszek-permetezogepekhez\/permetezo-landzsak-alkatreszei\/\"},{\"@type\":\"ListItem\",\"position\":5,\"name\":\"Alkatr\u00e9szek \u00e9s tartoz\u00e9kok\",\"item\":\"https:\/\/exparto.pl\/hu\/termekkategoria\/alkatreszek-permetezogepekhez\/permetezo-landzsak-alkatreszei\/alkatreszek-es-tartozekok\/\"},{\"@type\":\"ListItem\",\"position\":6,\"name\":\"Kulcs\"}]},{\"@type\":\"WebSite\",\"@id\":\"https:\/\/exparto.pl\/hu\/#website\",\"url\":\"https:\/\/exparto.pl\/hu\/\",\"name\":\"EXPARTO\",\"description\":\"More than agro parts\",\"publisher\":{\"@id\":\"https:\/\/exparto.pl\/hu\/#organization\"},\"potentialAction\":[{\"@type\":\"SearchAction\",\"target\":{\"@type\":\"EntryPoint\",\"urlTemplate\":\"https:\/\/exparto.pl\/hu\/?s={search_term_string}\"},\"query-input\":{\"@type\":\"PropertyValueSpecification\",\"valueRequired\":true,\"valueName\":\"search_term_string\"}}],\"inLanguage\":\"hu\"},{\"@type\":\"Organization\",\"@id\":\"https:\/\/exparto.pl\/hu\/#organization\",\"name\":\"EXPARTO\",\"url\":\"https:\/\/exparto.pl\/hu\/\",\"logo\":{\"@type\":\"ImageObject\",\"inLanguage\":\"hu\",\"@id\":\"https:\/\/exparto.pl\/hu\/#\/schema\/logo\/image\/\",\"url\":\"https:\/\/exparto.pl\/wp-content\/uploads\/2023\/02\/logo-wektor.png\",\"contentUrl\":\"https:\/\/exparto.pl\/wp-content\/uploads\/2023\/02\/logo-wektor.png\",\"width\":1338,\"height\":143,\"caption\":\"EXPARTO\"},\"image\":{\"@id\":\"https:\/\/exparto.pl\/hu\/#\/schema\/logo\/image\/\"},\"sameAs\":[\"https:\/\/www.facebook.com\/exparto.agro\/\"]}]}<\/script>\n<!-- \/ Yoast SEO plugin. -->","yoast_head_json":{"title":"Kulcs - Exparto.pl","robots":{"index":"index","follow":"follow","max-snippet":"max-snippet:-1","max-image-preview":"max-image-preview:large","max-video-preview":"max-video-preview:-1"},"canonical":"https:\/\/exparto.pl\/hu\/produkt\/kulcs\/","og_locale":"hu_HU","og_type":"article","og_title":"Kulcs - Exparto.pl","og_description":"Kulcs a szelepek r\u00f6gz\u00edt\u0151csavarjainak kicsavar\u00e1s\u00e1hoz a testekben, fejekben \u00e9s az AGROPLAST kupakok felpattint\u00e1s\u00e1hoz.","og_url":"https:\/\/exparto.pl\/hu\/produkt\/kulcs\/","og_site_name":"Exparto.pl","article_publisher":"https:\/\/www.facebook.com\/exparto.agro\/","og_image":[{"width":1000,"height":1000,"url":"https:\/\/exparto.pl\/wp-content\/uploads\/2023\/09\/971dad70baa18a41ed0b41dd7f8378fe.jpg","type":"image\/jpeg"}],"twitter_card":"summary_large_image","schema":{"@context":"https:\/\/schema.org","@graph":[{"@type":"WebPage","@id":"https:\/\/exparto.pl\/hu\/produkt\/kulcs\/","url":"https:\/\/exparto.pl\/hu\/produkt\/kulcs\/","name":"Kulcs - Exparto.pl","isPartOf":{"@id":"https:\/\/exparto.pl\/hu\/#website"},"primaryImageOfPage":{"@id":"https:\/\/exparto.pl\/hu\/produkt\/kulcs\/#primaryimage"},"image":{"@id":"https:\/\/exparto.pl\/hu\/produkt\/kulcs\/#primaryimage"},"thumbnailUrl":"https:\/\/exparto.pl\/wp-content\/uploads\/2023\/09\/971dad70baa18a41ed0b41dd7f8378fe.jpg","datePublished":"2023-09-26T07:03:48+00:00","breadcrumb":{"@id":"https:\/\/exparto.pl\/hu\/produkt\/kulcs\/#breadcrumb"},"inLanguage":"hu","potentialAction":[{"@type":"ReadAction","target":["https:\/\/exparto.pl\/hu\/produkt\/kulcs\/"]}]},{"@type":"ImageObject","inLanguage":"hu","@id":"https:\/\/exparto.pl\/hu\/produkt\/kulcs\/#primaryimage","url":"https:\/\/exparto.pl\/wp-content\/uploads\/2023\/09\/971dad70baa18a41ed0b41dd7f8378fe.jpg","contentUrl":"https:\/\/exparto.pl\/wp-content\/uploads\/2023\/09\/971dad70baa18a41ed0b41dd7f8378fe.jpg","width":1000,"height":1000},{"@type":"BreadcrumbList","@id":"https:\/\/exparto.pl\/hu\/produkt\/kulcs\/#breadcrumb","itemListElement":[{"@type":"ListItem","position":1,"name":"Honlap","item":"https:\/\/exparto.pl\/hu\/"},{"@type":"ListItem","position":2,"name":"Sklep","item":"https:\/\/exparto.pl\/sklep\/"},{"@type":"ListItem","position":3,"name":"Alkatr\u00e9szek permetez\u0151g\u00e9pekhez","item":"https:\/\/exparto.pl\/hu\/termekkategoria\/alkatreszek-permetezogepekhez\/"},{"@type":"ListItem","position":4,"name":"Permetez\u0151 l\u00e1ndzs\u00e1k alkatr\u00e9szei","item":"https:\/\/exparto.pl\/hu\/termekkategoria\/alkatreszek-permetezogepekhez\/permetezo-landzsak-alkatreszei\/"},{"@type":"ListItem","position":5,"name":"Alkatr\u00e9szek \u00e9s tartoz\u00e9kok","item":"https:\/\/exparto.pl\/hu\/termekkategoria\/alkatreszek-permetezogepekhez\/permetezo-landzsak-alkatreszei\/alkatreszek-es-tartozekok\/"},{"@type":"ListItem","position":6,"name":"Kulcs"}]},{"@type":"WebSite","@id":"https:\/\/exparto.pl\/hu\/#website","url":"https:\/\/exparto.pl\/hu\/","name":"EXPARTO","description":"More than agro parts","publisher":{"@id":"https:\/\/exparto.pl\/hu\/#organization"},"potentialAction":[{"@type":"SearchAction","target":{"@type":"EntryPoint","urlTemplate":"https:\/\/exparto.pl\/hu\/?s={search_term_string}"},"query-input":{"@type":"PropertyValueSpecification","valueRequired":true,"valueName":"search_term_string"}}],"inLanguage":"hu"},{"@type":"Organization","@id":"https:\/\/exparto.pl\/hu\/#organization","name":"EXPARTO","url":"https:\/\/exparto.pl\/hu\/","logo":{"@type":"ImageObject","inLanguage":"hu","@id":"https:\/\/exparto.pl\/hu\/#\/schema\/logo\/image\/","url":"https:\/\/exparto.pl\/wp-content\/uploads\/2023\/02\/logo-wektor.png","contentUrl":"https:\/\/exparto.pl\/wp-content\/uploads\/2023\/02\/logo-wektor.png","width":1338,"height":143,"caption":"EXPARTO"},"image":{"@id":"https:\/\/exparto.pl\/hu\/#\/schema\/logo\/image\/"},"sameAs":["https:\/\/www.facebook.com\/exparto.agro\/"]}]}},"_links":{"self":[{"href":"https:\/\/exparto.pl\/hu\/wp-json\/wp\/v2\/product\/9695","targetHints":{"allow":["GET"]}}],"collection":[{"href":"https:\/\/exparto.pl\/hu\/wp-json\/wp\/v2\/product"}],"about":[{"href":"https:\/\/exparto.pl\/hu\/wp-json\/wp\/v2\/types\/product"}],"replies":[{"embeddable":true,"href":"https:\/\/exparto.pl\/hu\/wp-json\/wp\/v2\/comments?post=9695"}],"wp:featuredmedia":[{"embeddable":true,"href":"https:\/\/exparto.pl\/hu\/wp-json\/wp\/v2\/media\/9696"}],"wp:attachment":[{"href":"https:\/\/exparto.pl\/hu\/wp-json\/wp\/v2\/media?parent=9695"}],"wp:term":[{"taxonomy":"product_brand","embeddable":true,"href":"https:\/\/exparto.pl\/hu\/wp-json\/wp\/v2\/product_brand?post=9695"},{"taxonomy":"product_cat","embeddable":true,"href":"https:\/\/exparto.pl\/hu\/wp-json\/wp\/v2\/product_cat?post=9695"},{"taxonomy":"product_tag","embeddable":true,"href":"https:\/\/exparto.pl\/hu\/wp-json\/wp\/v2\/product_tag?post=9695"}],"curies":[{"name":"wp","href":"https:\/\/api.w.org\/{rel}","templated":true}]}}