{"id":9697,"date":"2023-09-25T15:31:37","date_gmt":"2023-09-25T13:31:37","guid":{"rendered":"https:\/\/exparto.pl\/produkt\/rsm-fuvoka-5-lyuku\/"},"modified":"2023-09-25T15:31:37","modified_gmt":"2023-09-25T13:31:37","slug":"fuvoka-rsm-5-lyuk","status":"publish","type":"product","link":"https:\/\/exparto.pl\/hu\/produkt\/fuvoka-rsm-5-lyuk\/","title":{"rendered":"RSM f\u00fav\u00f3ka &#8211; 5 lyuk\u00fa"},"content":{"rendered":"<p style=\"text-align: justify\">RSM 5 lyuk\u00fa f\u00fav\u00f3ka RS m\u0171tr\u00e1gy\u00e1khoz.<\/p>\n<p style=\"text-align: justify\"><b>Jellemz\u0151k:<\/b><\/p>\n<ul>\n<li style=\"text-align: justify\">5 lyuk\u00fa f\u00fav\u00f3ka a pontos m\u0171tr\u00e1gyadagol\u00e1shoz<\/li>\n<li style=\"text-align: justify\">Minden RAU, ARAG \u00e9s TEEJET t\u00edpus\u00fa testhez \u00e9s fejhez illeszkedik.<\/li>\n<li style=\"text-align: justify\">Ny\u00edl\u00e1sz\u00e1r\u00f3lemez haszn\u00e1lat\u00e1t ig\u00e9nyli<\/li>\n<li style=\"text-align: justify\">A ny\u00edl\u00e1s m\u00e9rete hat\u00e1rozza meg a m\u0171tr\u00e1gya\u00e1raml\u00e1si sebess\u00e9get.<\/li>\n<li style=\"text-align: justify\">A RAU-testekhez \u00e9s -fejekhez a 0-103\/07\/R AP sapka \u00e9s a 0-101\/07 vagy 101\/07PRO csapt\u00f6m\u00edt\u00e9s sz\u00fcks\u00e9ges,<\/li>\n<li style=\"text-align: justify\">AP 0-103\/08\/R kupak \u00e9s 0-101\/08PRO vagy 101\/08 t\u00f6m\u00edt\u00e9s sz\u00fcks\u00e9ges az ARAG \u00e9s TEEJET karossz\u00e9ri\u00e1khoz \u00e9s fejekhez.<\/li>\n<\/ul>\n","protected":false},"excerpt":{"rendered":"<p style=\"text-align: justify\">RSM 5 lyuk\u00fa f\u00fav\u00f3ka RS m\u0171tr\u00e1gy\u00e1khoz.<\/p>\n","protected":false},"featured_media":9698,"comment_status":"open","ping_status":"closed","template":"","meta":{"_acf_changed":false,"inline_featured_image":false},"product_brand":[],"product_cat":[219,290],"product_tag":[],"class_list":{"0":"post-9697","1":"product","2":"type-product","3":"status-publish","4":"has-post-thumbnail","6":"product_cat-alkatreszek-permetezogepekhez","7":"product_cat-rsm-tartozekok","9":"first","10":"instock","11":"taxable","12":"shipping-taxable","13":"purchasable","14":"product-type-simple"},"acf":[],"yoast_head":"<!-- This site is optimized with the Yoast SEO plugin v27.2 - https:\/\/yoast.com\/product\/yoast-seo-wordpress\/ -->\n<title>RSM f\u00fav\u00f3ka - 5 lyuk\u00fa - Exparto.pl<\/title>\n<meta name=\"robots\" content=\"index, follow, max-snippet:-1, max-image-preview:large, max-video-preview:-1\" \/>\n<link rel=\"canonical\" href=\"https:\/\/exparto.pl\/hu\/produkt\/fuvoka-rsm-5-lyuk\/\" \/>\n<meta property=\"og:locale\" content=\"hu_HU\" \/>\n<meta property=\"og:type\" content=\"article\" \/>\n<meta property=\"og:title\" content=\"RSM f\u00fav\u00f3ka - 5 lyuk\u00fa - Exparto.pl\" \/>\n<meta property=\"og:description\" content=\"RSM 5 lyuk\u00fa f\u00fav\u00f3ka RS m\u0171tr\u00e1gy\u00e1khoz.\" \/>\n<meta property=\"og:url\" content=\"https:\/\/exparto.pl\/hu\/produkt\/fuvoka-rsm-5-lyuk\/\" \/>\n<meta property=\"og:site_name\" content=\"Exparto.pl\" \/>\n<meta property=\"article:publisher\" content=\"https:\/\/www.facebook.com\/exparto.agro\/\" \/>\n<meta property=\"og:image\" content=\"https:\/\/exparto.pl\/wp-content\/uploads\/2023\/09\/1ed4d0d1d6cec33836a35bd2d5973735.jpg\" \/>\n\t<meta property=\"og:image:width\" content=\"1000\" \/>\n\t<meta property=\"og:image:height\" content=\"1000\" \/>\n\t<meta property=\"og:image:type\" content=\"image\/jpeg\" \/>\n<meta name=\"twitter:card\" content=\"summary_large_image\" \/>\n<meta name=\"twitter:label1\" content=\"Becs\u00fclt olvas\u00e1si id\u0151\" \/>\n\t<meta name=\"twitter:data1\" content=\"1 perc\" \/>\n<script type=\"application\/ld+json\" class=\"yoast-schema-graph\">{\"@context\":\"https:\/\/schema.org\",\"@graph\":[{\"@type\":\"WebPage\",\"@id\":\"https:\/\/exparto.pl\/hu\/produkt\/fuvoka-rsm-5-lyuk\/\",\"url\":\"https:\/\/exparto.pl\/hu\/produkt\/fuvoka-rsm-5-lyuk\/\",\"name\":\"RSM f\u00fav\u00f3ka - 5 lyuk\u00fa - Exparto.pl\",\"isPartOf\":{\"@id\":\"https:\/\/exparto.pl\/hu\/#website\"},\"primaryImageOfPage\":{\"@id\":\"https:\/\/exparto.pl\/hu\/produkt\/fuvoka-rsm-5-lyuk\/#primaryimage\"},\"image\":{\"@id\":\"https:\/\/exparto.pl\/hu\/produkt\/fuvoka-rsm-5-lyuk\/#primaryimage\"},\"thumbnailUrl\":\"https:\/\/exparto.pl\/wp-content\/uploads\/2023\/09\/1ed4d0d1d6cec33836a35bd2d5973735.jpg\",\"datePublished\":\"2023-09-25T13:31:37+00:00\",\"breadcrumb\":{\"@id\":\"https:\/\/exparto.pl\/hu\/produkt\/fuvoka-rsm-5-lyuk\/#breadcrumb\"},\"inLanguage\":\"hu\",\"potentialAction\":[{\"@type\":\"ReadAction\",\"target\":[\"https:\/\/exparto.pl\/hu\/produkt\/fuvoka-rsm-5-lyuk\/\"]}]},{\"@type\":\"ImageObject\",\"inLanguage\":\"hu\",\"@id\":\"https:\/\/exparto.pl\/hu\/produkt\/fuvoka-rsm-5-lyuk\/#primaryimage\",\"url\":\"https:\/\/exparto.pl\/wp-content\/uploads\/2023\/09\/1ed4d0d1d6cec33836a35bd2d5973735.jpg\",\"contentUrl\":\"https:\/\/exparto.pl\/wp-content\/uploads\/2023\/09\/1ed4d0d1d6cec33836a35bd2d5973735.jpg\",\"width\":1000,\"height\":1000},{\"@type\":\"BreadcrumbList\",\"@id\":\"https:\/\/exparto.pl\/hu\/produkt\/fuvoka-rsm-5-lyuk\/#breadcrumb\",\"itemListElement\":[{\"@type\":\"ListItem\",\"position\":1,\"name\":\"Honlap\",\"item\":\"https:\/\/exparto.pl\/hu\/\"},{\"@type\":\"ListItem\",\"position\":2,\"name\":\"Sklep\",\"item\":\"https:\/\/exparto.pl\/sklep\/\"},{\"@type\":\"ListItem\",\"position\":3,\"name\":\"Alkatr\u00e9szek permetez\u0151g\u00e9pekhez\",\"item\":\"https:\/\/exparto.pl\/hu\/termekkategoria\/alkatreszek-permetezogepekhez\/\"},{\"@type\":\"ListItem\",\"position\":4,\"name\":\"RSM tartoz\u00e9kok\",\"item\":\"https:\/\/exparto.pl\/hu\/termekkategoria\/alkatreszek-permetezogepekhez\/rsm-tartozekok\/\"},{\"@type\":\"ListItem\",\"position\":5,\"name\":\"RSM f\u00fav\u00f3ka &#8211; 5 lyuk\u00fa\"}]},{\"@type\":\"WebSite\",\"@id\":\"https:\/\/exparto.pl\/hu\/#website\",\"url\":\"https:\/\/exparto.pl\/hu\/\",\"name\":\"EXPARTO\",\"description\":\"More than agro parts\",\"publisher\":{\"@id\":\"https:\/\/exparto.pl\/hu\/#organization\"},\"potentialAction\":[{\"@type\":\"SearchAction\",\"target\":{\"@type\":\"EntryPoint\",\"urlTemplate\":\"https:\/\/exparto.pl\/hu\/?s={search_term_string}\"},\"query-input\":{\"@type\":\"PropertyValueSpecification\",\"valueRequired\":true,\"valueName\":\"search_term_string\"}}],\"inLanguage\":\"hu\"},{\"@type\":\"Organization\",\"@id\":\"https:\/\/exparto.pl\/hu\/#organization\",\"name\":\"EXPARTO\",\"url\":\"https:\/\/exparto.pl\/hu\/\",\"logo\":{\"@type\":\"ImageObject\",\"inLanguage\":\"hu\",\"@id\":\"https:\/\/exparto.pl\/hu\/#\/schema\/logo\/image\/\",\"url\":\"https:\/\/exparto.pl\/wp-content\/uploads\/2023\/02\/logo-wektor.png\",\"contentUrl\":\"https:\/\/exparto.pl\/wp-content\/uploads\/2023\/02\/logo-wektor.png\",\"width\":1338,\"height\":143,\"caption\":\"EXPARTO\"},\"image\":{\"@id\":\"https:\/\/exparto.pl\/hu\/#\/schema\/logo\/image\/\"},\"sameAs\":[\"https:\/\/www.facebook.com\/exparto.agro\/\"]}]}<\/script>\n<!-- \/ Yoast SEO plugin. -->","yoast_head_json":{"title":"RSM f\u00fav\u00f3ka - 5 lyuk\u00fa - Exparto.pl","robots":{"index":"index","follow":"follow","max-snippet":"max-snippet:-1","max-image-preview":"max-image-preview:large","max-video-preview":"max-video-preview:-1"},"canonical":"https:\/\/exparto.pl\/hu\/produkt\/fuvoka-rsm-5-lyuk\/","og_locale":"hu_HU","og_type":"article","og_title":"RSM f\u00fav\u00f3ka - 5 lyuk\u00fa - Exparto.pl","og_description":"RSM 5 lyuk\u00fa f\u00fav\u00f3ka RS m\u0171tr\u00e1gy\u00e1khoz.","og_url":"https:\/\/exparto.pl\/hu\/produkt\/fuvoka-rsm-5-lyuk\/","og_site_name":"Exparto.pl","article_publisher":"https:\/\/www.facebook.com\/exparto.agro\/","og_image":[{"width":1000,"height":1000,"url":"https:\/\/exparto.pl\/wp-content\/uploads\/2023\/09\/1ed4d0d1d6cec33836a35bd2d5973735.jpg","type":"image\/jpeg"}],"twitter_card":"summary_large_image","twitter_misc":{"Becs\u00fclt olvas\u00e1si id\u0151":"1 perc"},"schema":{"@context":"https:\/\/schema.org","@graph":[{"@type":"WebPage","@id":"https:\/\/exparto.pl\/hu\/produkt\/fuvoka-rsm-5-lyuk\/","url":"https:\/\/exparto.pl\/hu\/produkt\/fuvoka-rsm-5-lyuk\/","name":"RSM f\u00fav\u00f3ka - 5 lyuk\u00fa - Exparto.pl","isPartOf":{"@id":"https:\/\/exparto.pl\/hu\/#website"},"primaryImageOfPage":{"@id":"https:\/\/exparto.pl\/hu\/produkt\/fuvoka-rsm-5-lyuk\/#primaryimage"},"image":{"@id":"https:\/\/exparto.pl\/hu\/produkt\/fuvoka-rsm-5-lyuk\/#primaryimage"},"thumbnailUrl":"https:\/\/exparto.pl\/wp-content\/uploads\/2023\/09\/1ed4d0d1d6cec33836a35bd2d5973735.jpg","datePublished":"2023-09-25T13:31:37+00:00","breadcrumb":{"@id":"https:\/\/exparto.pl\/hu\/produkt\/fuvoka-rsm-5-lyuk\/#breadcrumb"},"inLanguage":"hu","potentialAction":[{"@type":"ReadAction","target":["https:\/\/exparto.pl\/hu\/produkt\/fuvoka-rsm-5-lyuk\/"]}]},{"@type":"ImageObject","inLanguage":"hu","@id":"https:\/\/exparto.pl\/hu\/produkt\/fuvoka-rsm-5-lyuk\/#primaryimage","url":"https:\/\/exparto.pl\/wp-content\/uploads\/2023\/09\/1ed4d0d1d6cec33836a35bd2d5973735.jpg","contentUrl":"https:\/\/exparto.pl\/wp-content\/uploads\/2023\/09\/1ed4d0d1d6cec33836a35bd2d5973735.jpg","width":1000,"height":1000},{"@type":"BreadcrumbList","@id":"https:\/\/exparto.pl\/hu\/produkt\/fuvoka-rsm-5-lyuk\/#breadcrumb","itemListElement":[{"@type":"ListItem","position":1,"name":"Honlap","item":"https:\/\/exparto.pl\/hu\/"},{"@type":"ListItem","position":2,"name":"Sklep","item":"https:\/\/exparto.pl\/sklep\/"},{"@type":"ListItem","position":3,"name":"Alkatr\u00e9szek permetez\u0151g\u00e9pekhez","item":"https:\/\/exparto.pl\/hu\/termekkategoria\/alkatreszek-permetezogepekhez\/"},{"@type":"ListItem","position":4,"name":"RSM tartoz\u00e9kok","item":"https:\/\/exparto.pl\/hu\/termekkategoria\/alkatreszek-permetezogepekhez\/rsm-tartozekok\/"},{"@type":"ListItem","position":5,"name":"RSM f\u00fav\u00f3ka &#8211; 5 lyuk\u00fa"}]},{"@type":"WebSite","@id":"https:\/\/exparto.pl\/hu\/#website","url":"https:\/\/exparto.pl\/hu\/","name":"EXPARTO","description":"More than agro parts","publisher":{"@id":"https:\/\/exparto.pl\/hu\/#organization"},"potentialAction":[{"@type":"SearchAction","target":{"@type":"EntryPoint","urlTemplate":"https:\/\/exparto.pl\/hu\/?s={search_term_string}"},"query-input":{"@type":"PropertyValueSpecification","valueRequired":true,"valueName":"search_term_string"}}],"inLanguage":"hu"},{"@type":"Organization","@id":"https:\/\/exparto.pl\/hu\/#organization","name":"EXPARTO","url":"https:\/\/exparto.pl\/hu\/","logo":{"@type":"ImageObject","inLanguage":"hu","@id":"https:\/\/exparto.pl\/hu\/#\/schema\/logo\/image\/","url":"https:\/\/exparto.pl\/wp-content\/uploads\/2023\/02\/logo-wektor.png","contentUrl":"https:\/\/exparto.pl\/wp-content\/uploads\/2023\/02\/logo-wektor.png","width":1338,"height":143,"caption":"EXPARTO"},"image":{"@id":"https:\/\/exparto.pl\/hu\/#\/schema\/logo\/image\/"},"sameAs":["https:\/\/www.facebook.com\/exparto.agro\/"]}]}},"_links":{"self":[{"href":"https:\/\/exparto.pl\/hu\/wp-json\/wp\/v2\/product\/9697","targetHints":{"allow":["GET"]}}],"collection":[{"href":"https:\/\/exparto.pl\/hu\/wp-json\/wp\/v2\/product"}],"about":[{"href":"https:\/\/exparto.pl\/hu\/wp-json\/wp\/v2\/types\/product"}],"replies":[{"embeddable":true,"href":"https:\/\/exparto.pl\/hu\/wp-json\/wp\/v2\/comments?post=9697"}],"wp:featuredmedia":[{"embeddable":true,"href":"https:\/\/exparto.pl\/hu\/wp-json\/wp\/v2\/media\/9698"}],"wp:attachment":[{"href":"https:\/\/exparto.pl\/hu\/wp-json\/wp\/v2\/media?parent=9697"}],"wp:term":[{"taxonomy":"product_brand","embeddable":true,"href":"https:\/\/exparto.pl\/hu\/wp-json\/wp\/v2\/product_brand?post=9697"},{"taxonomy":"product_cat","embeddable":true,"href":"https:\/\/exparto.pl\/hu\/wp-json\/wp\/v2\/product_cat?post=9697"},{"taxonomy":"product_tag","embeddable":true,"href":"https:\/\/exparto.pl\/hu\/wp-json\/wp\/v2\/product_tag?post=9697"}],"curies":[{"name":"wp","href":"https:\/\/api.w.org\/{rel}","templated":true}]}}