{"id":9703,"date":"2023-09-26T10:56:06","date_gmt":"2023-09-26T08:56:06","guid":{"rendered":"https:\/\/exparto.pl\/produkt\/103-hr-sapka\/"},"modified":"2023-09-26T10:56:06","modified_gmt":"2023-09-26T08:56:06","slug":"kolpak-103-hr","status":"publish","type":"product","link":"https:\/\/exparto.pl\/hu\/produkt\/kolpak-103-hr\/","title":{"rendered":"103\/HR sapka"},"content":{"rendered":"<p style=\"text-align: justify\">Hardi 0-103\/HR sz\u00f3r\u00f3fej kupakja<\/p>\n<p style=\"text-align: justify\">Az Agroplast kupakok sz\u00e9les v\u00e1laszt\u00e9ka a lengyel \u00e9s k\u00fclf\u00f6ldi gy\u00e1rt\u00f3k \u00e1ltal k\u00edn\u00e1lt \u00f6sszes szabv\u00e1nyos f\u00fav\u00f3ka- \u00e9s fej t\u00edpushoz illeszkedik, \u00e9s a legt\u00f6bb n\u00f6v\u00e9nyv\u00e9d\u0151szer kijuttat\u00e1s\u00e1hoz haszn\u00e1lhat\u00f3. A ker\u00e9kt\u00e1rcs\u00e1k a legmagasabb min\u0151s\u00e9g\u0171 POM-anyagokb\u00f3l k\u00e9sz\u00fclnek, amelyeket gondosan kiv\u00e1lasztott partnerek sz\u00e1ll\u00edtanak, hogy \u00fcgyfeleink sz\u00e1m\u00e1ra a legmagasabb min\u0151s\u00e9gi szabv\u00e1nyokat biztos\u00edts\u00e1k.<\/p>\n<p style=\"text-align: justify\"><b>Alkalmaz\u00e1s:<\/b><\/p>\n<ul>\n<li style=\"text-align: justify\">Ker\u00e1mia porlaszt\u00f3 porlaszt\u00f3;<\/li>\n<li style=\"text-align: justify\">6MS Ker\u00e1mia porlaszt\u00f3 porlaszt\u00f3;<\/li>\n<li style=\"text-align: justify\">8MS Ejector lapos sz\u00f3r\u00f3fej;<\/li>\n<li style=\"text-align: justify\">S90 RSM 5 lyuk\u00fa porlaszt\u00f3.<\/li>\n<\/ul>\n<p style=\"text-align: justify\">F\u00fav\u00f3katestekre \u00e9s fejekre szerelve:<\/p>\n<ul>\n<li>HARDI t\u00edpus<\/li>\n<\/ul>\n<div><\/div>\n","protected":false},"excerpt":{"rendered":"<p style=\"text-align: justify\">Hardi 0-103\/HR sz\u00f3r\u00f3fej kupakja<\/p>\n","protected":false},"featured_media":9704,"comment_status":"open","ping_status":"closed","template":"","meta":{"_acf_changed":false,"inline_featured_image":false},"product_brand":[],"product_cat":[219,299],"product_tag":[],"class_list":{"0":"post-9703","1":"product","2":"type-product","3":"status-publish","4":"has-post-thumbnail","6":"product_cat-alkatreszek-permetezogepekhez","7":"product_cat-fuvokak-tartozekai","9":"first","10":"instock","11":"taxable","12":"shipping-taxable","13":"purchasable","14":"product-type-simple"},"acf":[],"yoast_head":"<!-- This site is optimized with the Yoast SEO plugin v27.2 - https:\/\/yoast.com\/product\/yoast-seo-wordpress\/ -->\n<title>103\/HR sapka - Exparto.pl<\/title>\n<meta name=\"robots\" content=\"index, follow, max-snippet:-1, max-image-preview:large, max-video-preview:-1\" \/>\n<link rel=\"canonical\" href=\"https:\/\/exparto.pl\/hu\/produkt\/kolpak-103-hr\/\" \/>\n<meta property=\"og:locale\" content=\"hu_HU\" \/>\n<meta property=\"og:type\" content=\"article\" \/>\n<meta property=\"og:title\" content=\"103\/HR sapka - Exparto.pl\" \/>\n<meta property=\"og:description\" content=\"Hardi 0-103\/HR sz\u00f3r\u00f3fej kupakja\" \/>\n<meta property=\"og:url\" content=\"https:\/\/exparto.pl\/hu\/produkt\/kolpak-103-hr\/\" \/>\n<meta property=\"og:site_name\" content=\"Exparto.pl\" \/>\n<meta property=\"article:publisher\" content=\"https:\/\/www.facebook.com\/exparto.agro\/\" \/>\n<meta property=\"og:image\" content=\"https:\/\/exparto.pl\/wp-content\/uploads\/2023\/09\/01befacf51afde6da33488b0416550c4.jpg\" \/>\n\t<meta property=\"og:image:width\" content=\"1000\" \/>\n\t<meta property=\"og:image:height\" content=\"1000\" \/>\n\t<meta property=\"og:image:type\" content=\"image\/jpeg\" \/>\n<meta name=\"twitter:card\" content=\"summary_large_image\" \/>\n<meta name=\"twitter:label1\" content=\"Becs\u00fclt olvas\u00e1si id\u0151\" \/>\n\t<meta name=\"twitter:data1\" content=\"1 perc\" \/>\n<script type=\"application\/ld+json\" class=\"yoast-schema-graph\">{\"@context\":\"https:\/\/schema.org\",\"@graph\":[{\"@type\":\"WebPage\",\"@id\":\"https:\/\/exparto.pl\/hu\/produkt\/kolpak-103-hr\/\",\"url\":\"https:\/\/exparto.pl\/hu\/produkt\/kolpak-103-hr\/\",\"name\":\"103\/HR sapka - Exparto.pl\",\"isPartOf\":{\"@id\":\"https:\/\/exparto.pl\/hu\/#website\"},\"primaryImageOfPage\":{\"@id\":\"https:\/\/exparto.pl\/hu\/produkt\/kolpak-103-hr\/#primaryimage\"},\"image\":{\"@id\":\"https:\/\/exparto.pl\/hu\/produkt\/kolpak-103-hr\/#primaryimage\"},\"thumbnailUrl\":\"https:\/\/exparto.pl\/wp-content\/uploads\/2023\/09\/01befacf51afde6da33488b0416550c4.jpg\",\"datePublished\":\"2023-09-26T08:56:06+00:00\",\"breadcrumb\":{\"@id\":\"https:\/\/exparto.pl\/hu\/produkt\/kolpak-103-hr\/#breadcrumb\"},\"inLanguage\":\"hu\",\"potentialAction\":[{\"@type\":\"ReadAction\",\"target\":[\"https:\/\/exparto.pl\/hu\/produkt\/kolpak-103-hr\/\"]}]},{\"@type\":\"ImageObject\",\"inLanguage\":\"hu\",\"@id\":\"https:\/\/exparto.pl\/hu\/produkt\/kolpak-103-hr\/#primaryimage\",\"url\":\"https:\/\/exparto.pl\/wp-content\/uploads\/2023\/09\/01befacf51afde6da33488b0416550c4.jpg\",\"contentUrl\":\"https:\/\/exparto.pl\/wp-content\/uploads\/2023\/09\/01befacf51afde6da33488b0416550c4.jpg\",\"width\":1000,\"height\":1000},{\"@type\":\"BreadcrumbList\",\"@id\":\"https:\/\/exparto.pl\/hu\/produkt\/kolpak-103-hr\/#breadcrumb\",\"itemListElement\":[{\"@type\":\"ListItem\",\"position\":1,\"name\":\"Honlap\",\"item\":\"https:\/\/exparto.pl\/hu\/\"},{\"@type\":\"ListItem\",\"position\":2,\"name\":\"Sklep\",\"item\":\"https:\/\/exparto.pl\/sklep\/\"},{\"@type\":\"ListItem\",\"position\":3,\"name\":\"Alkatr\u00e9szek permetez\u0151g\u00e9pekhez\",\"item\":\"https:\/\/exparto.pl\/hu\/termekkategoria\/alkatreszek-permetezogepekhez\/\"},{\"@type\":\"ListItem\",\"position\":4,\"name\":\"Sprayk\",\"item\":\"https:\/\/exparto.pl\/hu\/termekkategoria\/alkatreszek-permetezogepekhez\/sprayk\/\"},{\"@type\":\"ListItem\",\"position\":5,\"name\":\"F\u00fav\u00f3k\u00e1k tartoz\u00e9kai\",\"item\":\"https:\/\/exparto.pl\/hu\/termekkategoria\/alkatreszek-permetezogepekhez\/sprayk\/fuvokak-tartozekai\/\"},{\"@type\":\"ListItem\",\"position\":6,\"name\":\"103\/HR sapka\"}]},{\"@type\":\"WebSite\",\"@id\":\"https:\/\/exparto.pl\/hu\/#website\",\"url\":\"https:\/\/exparto.pl\/hu\/\",\"name\":\"EXPARTO\",\"description\":\"More than agro parts\",\"publisher\":{\"@id\":\"https:\/\/exparto.pl\/hu\/#organization\"},\"potentialAction\":[{\"@type\":\"SearchAction\",\"target\":{\"@type\":\"EntryPoint\",\"urlTemplate\":\"https:\/\/exparto.pl\/hu\/?s={search_term_string}\"},\"query-input\":{\"@type\":\"PropertyValueSpecification\",\"valueRequired\":true,\"valueName\":\"search_term_string\"}}],\"inLanguage\":\"hu\"},{\"@type\":\"Organization\",\"@id\":\"https:\/\/exparto.pl\/hu\/#organization\",\"name\":\"EXPARTO\",\"url\":\"https:\/\/exparto.pl\/hu\/\",\"logo\":{\"@type\":\"ImageObject\",\"inLanguage\":\"hu\",\"@id\":\"https:\/\/exparto.pl\/hu\/#\/schema\/logo\/image\/\",\"url\":\"https:\/\/exparto.pl\/wp-content\/uploads\/2023\/02\/logo-wektor.png\",\"contentUrl\":\"https:\/\/exparto.pl\/wp-content\/uploads\/2023\/02\/logo-wektor.png\",\"width\":1338,\"height\":143,\"caption\":\"EXPARTO\"},\"image\":{\"@id\":\"https:\/\/exparto.pl\/hu\/#\/schema\/logo\/image\/\"},\"sameAs\":[\"https:\/\/www.facebook.com\/exparto.agro\/\"]}]}<\/script>\n<!-- \/ Yoast SEO plugin. -->","yoast_head_json":{"title":"103\/HR sapka - Exparto.pl","robots":{"index":"index","follow":"follow","max-snippet":"max-snippet:-1","max-image-preview":"max-image-preview:large","max-video-preview":"max-video-preview:-1"},"canonical":"https:\/\/exparto.pl\/hu\/produkt\/kolpak-103-hr\/","og_locale":"hu_HU","og_type":"article","og_title":"103\/HR sapka - Exparto.pl","og_description":"Hardi 0-103\/HR sz\u00f3r\u00f3fej kupakja","og_url":"https:\/\/exparto.pl\/hu\/produkt\/kolpak-103-hr\/","og_site_name":"Exparto.pl","article_publisher":"https:\/\/www.facebook.com\/exparto.agro\/","og_image":[{"width":1000,"height":1000,"url":"https:\/\/exparto.pl\/wp-content\/uploads\/2023\/09\/01befacf51afde6da33488b0416550c4.jpg","type":"image\/jpeg"}],"twitter_card":"summary_large_image","twitter_misc":{"Becs\u00fclt olvas\u00e1si id\u0151":"1 perc"},"schema":{"@context":"https:\/\/schema.org","@graph":[{"@type":"WebPage","@id":"https:\/\/exparto.pl\/hu\/produkt\/kolpak-103-hr\/","url":"https:\/\/exparto.pl\/hu\/produkt\/kolpak-103-hr\/","name":"103\/HR sapka - Exparto.pl","isPartOf":{"@id":"https:\/\/exparto.pl\/hu\/#website"},"primaryImageOfPage":{"@id":"https:\/\/exparto.pl\/hu\/produkt\/kolpak-103-hr\/#primaryimage"},"image":{"@id":"https:\/\/exparto.pl\/hu\/produkt\/kolpak-103-hr\/#primaryimage"},"thumbnailUrl":"https:\/\/exparto.pl\/wp-content\/uploads\/2023\/09\/01befacf51afde6da33488b0416550c4.jpg","datePublished":"2023-09-26T08:56:06+00:00","breadcrumb":{"@id":"https:\/\/exparto.pl\/hu\/produkt\/kolpak-103-hr\/#breadcrumb"},"inLanguage":"hu","potentialAction":[{"@type":"ReadAction","target":["https:\/\/exparto.pl\/hu\/produkt\/kolpak-103-hr\/"]}]},{"@type":"ImageObject","inLanguage":"hu","@id":"https:\/\/exparto.pl\/hu\/produkt\/kolpak-103-hr\/#primaryimage","url":"https:\/\/exparto.pl\/wp-content\/uploads\/2023\/09\/01befacf51afde6da33488b0416550c4.jpg","contentUrl":"https:\/\/exparto.pl\/wp-content\/uploads\/2023\/09\/01befacf51afde6da33488b0416550c4.jpg","width":1000,"height":1000},{"@type":"BreadcrumbList","@id":"https:\/\/exparto.pl\/hu\/produkt\/kolpak-103-hr\/#breadcrumb","itemListElement":[{"@type":"ListItem","position":1,"name":"Honlap","item":"https:\/\/exparto.pl\/hu\/"},{"@type":"ListItem","position":2,"name":"Sklep","item":"https:\/\/exparto.pl\/sklep\/"},{"@type":"ListItem","position":3,"name":"Alkatr\u00e9szek permetez\u0151g\u00e9pekhez","item":"https:\/\/exparto.pl\/hu\/termekkategoria\/alkatreszek-permetezogepekhez\/"},{"@type":"ListItem","position":4,"name":"Sprayk","item":"https:\/\/exparto.pl\/hu\/termekkategoria\/alkatreszek-permetezogepekhez\/sprayk\/"},{"@type":"ListItem","position":5,"name":"F\u00fav\u00f3k\u00e1k tartoz\u00e9kai","item":"https:\/\/exparto.pl\/hu\/termekkategoria\/alkatreszek-permetezogepekhez\/sprayk\/fuvokak-tartozekai\/"},{"@type":"ListItem","position":6,"name":"103\/HR sapka"}]},{"@type":"WebSite","@id":"https:\/\/exparto.pl\/hu\/#website","url":"https:\/\/exparto.pl\/hu\/","name":"EXPARTO","description":"More than agro parts","publisher":{"@id":"https:\/\/exparto.pl\/hu\/#organization"},"potentialAction":[{"@type":"SearchAction","target":{"@type":"EntryPoint","urlTemplate":"https:\/\/exparto.pl\/hu\/?s={search_term_string}"},"query-input":{"@type":"PropertyValueSpecification","valueRequired":true,"valueName":"search_term_string"}}],"inLanguage":"hu"},{"@type":"Organization","@id":"https:\/\/exparto.pl\/hu\/#organization","name":"EXPARTO","url":"https:\/\/exparto.pl\/hu\/","logo":{"@type":"ImageObject","inLanguage":"hu","@id":"https:\/\/exparto.pl\/hu\/#\/schema\/logo\/image\/","url":"https:\/\/exparto.pl\/wp-content\/uploads\/2023\/02\/logo-wektor.png","contentUrl":"https:\/\/exparto.pl\/wp-content\/uploads\/2023\/02\/logo-wektor.png","width":1338,"height":143,"caption":"EXPARTO"},"image":{"@id":"https:\/\/exparto.pl\/hu\/#\/schema\/logo\/image\/"},"sameAs":["https:\/\/www.facebook.com\/exparto.agro\/"]}]}},"_links":{"self":[{"href":"https:\/\/exparto.pl\/hu\/wp-json\/wp\/v2\/product\/9703","targetHints":{"allow":["GET"]}}],"collection":[{"href":"https:\/\/exparto.pl\/hu\/wp-json\/wp\/v2\/product"}],"about":[{"href":"https:\/\/exparto.pl\/hu\/wp-json\/wp\/v2\/types\/product"}],"replies":[{"embeddable":true,"href":"https:\/\/exparto.pl\/hu\/wp-json\/wp\/v2\/comments?post=9703"}],"wp:featuredmedia":[{"embeddable":true,"href":"https:\/\/exparto.pl\/hu\/wp-json\/wp\/v2\/media\/9704"}],"wp:attachment":[{"href":"https:\/\/exparto.pl\/hu\/wp-json\/wp\/v2\/media?parent=9703"}],"wp:term":[{"taxonomy":"product_brand","embeddable":true,"href":"https:\/\/exparto.pl\/hu\/wp-json\/wp\/v2\/product_brand?post=9703"},{"taxonomy":"product_cat","embeddable":true,"href":"https:\/\/exparto.pl\/hu\/wp-json\/wp\/v2\/product_cat?post=9703"},{"taxonomy":"product_tag","embeddable":true,"href":"https:\/\/exparto.pl\/hu\/wp-json\/wp\/v2\/product_tag?post=9703"}],"curies":[{"name":"wp","href":"https:\/\/api.w.org\/{rel}","templated":true}]}}