{"id":9757,"date":"2023-09-25T11:37:07","date_gmt":"2023-09-25T09:37:07","guid":{"rendered":"https:\/\/exparto.pl\/produkt\/nagy-halos-szuroszita-80-sarga\/"},"modified":"2023-09-25T11:37:07","modified_gmt":"2023-09-25T09:37:07","slug":"szitaszuro-nagymeretu-mesh-80-arany","status":"publish","type":"product","link":"https:\/\/exparto.pl\/hu\/produkt\/szitaszuro-nagymeretu-mesh-80-arany\/","title":{"rendered":"Nagy h\u00e1l\u00f3s sz\u0171r\u0151szita 80 s\u00e1rga"},"content":{"rendered":"<p style=\"text-align: justify\">Nagym\u00e9ret\u0171 sz\u0171r\u0151szita 80 s\u00e1rga<\/p>\n<p style=\"text-align: justify\">Jellemz\u0151k:<\/p>\n<ul>\n<li style=\"text-align: justify\">Sav\u00e1ll\u00f3 ac\u00e9lb\u00f3l k\u00e9sz\u00fclt;<\/li>\n<li style=\"text-align: justify\">T\u00f6bbsz\u00f6r hosszabb \u00e9lettartam, mint a k\u00f6z\u00f6ns\u00e9ges h\u00e1l\u00f3b\u00f3l k\u00e9sz\u00fclt sz\u0171r\u0151k;<\/li>\n<li style=\"text-align: justify\">T\u00f6bbsz\u00f6r is tiszt\u00edthat\u00f3 a h\u00e1l\u00f3 s\u00e9r\u00fcl\u00e9s\u00e9t\u0151l val\u00f3 f\u00e9lelem n\u00e9lk\u00fcl;<\/li>\n<li style=\"text-align: justify\">K\u00f6nny\u0171 sz\u00e9tszerelhet\u0151s\u00e9g a k\u00f6nny\u0171 tiszt\u00edt\u00e1s \u00e9rdek\u00e9ben;<\/li>\n<li style=\"text-align: justify\">N\u00e9gyf\u00e9le h\u00e1l\u00f3s\u0171r\u0171s\u00e9g k\u00f6z\u00fcl v\u00e1laszthat: h\u00e1l\u00f3*32 h\u00e1l\u00f3*50, h\u00e1l\u00f3*80 \u00e9s h\u00e1l\u00f3*100.*a h\u00e1l\u00f3 az 1&#8242; hossz\u00fas\u00e1gban l\u00e9v\u0151 h\u00e1l\u00f3szemek sz\u00e1m\u00e1t jelzi.<\/li>\n<\/ul>\n","protected":false},"excerpt":{"rendered":"<p style=\"text-align: justify\">Nagym\u00e9ret\u0171 sz\u0171r\u0151szita 80 s\u00e1rga<\/p>\n","protected":false},"featured_media":9758,"comment_status":"open","ping_status":"closed","template":"","meta":{"_acf_changed":false,"inline_featured_image":false},"product_brand":[],"product_cat":[291],"product_tag":[],"class_list":{"0":"post-9757","1":"product","2":"type-product","3":"status-publish","4":"has-post-thumbnail","6":"product_cat-szurok-es-szuroalkatreszek","8":"first","9":"instock","10":"taxable","11":"shipping-taxable","12":"purchasable","13":"product-type-simple"},"acf":[],"yoast_head":"<!-- This site is optimized with the Yoast SEO plugin v27.2 - https:\/\/yoast.com\/product\/yoast-seo-wordpress\/ -->\n<title>Nagy h\u00e1l\u00f3s sz\u0171r\u0151szita 80 s\u00e1rga - Exparto.pl<\/title>\n<meta name=\"robots\" content=\"index, follow, max-snippet:-1, max-image-preview:large, max-video-preview:-1\" \/>\n<link rel=\"canonical\" href=\"https:\/\/exparto.pl\/hu\/produkt\/szitaszuro-nagymeretu-mesh-80-arany\/\" \/>\n<meta property=\"og:locale\" content=\"hu_HU\" \/>\n<meta property=\"og:type\" content=\"article\" \/>\n<meta property=\"og:title\" content=\"Nagy h\u00e1l\u00f3s sz\u0171r\u0151szita 80 s\u00e1rga - Exparto.pl\" \/>\n<meta property=\"og:description\" content=\"Nagym\u00e9ret\u0171 sz\u0171r\u0151szita 80 s\u00e1rga\" \/>\n<meta property=\"og:url\" content=\"https:\/\/exparto.pl\/hu\/produkt\/szitaszuro-nagymeretu-mesh-80-arany\/\" \/>\n<meta property=\"og:site_name\" content=\"Exparto.pl\" \/>\n<meta property=\"article:publisher\" content=\"https:\/\/www.facebook.com\/exparto.agro\/\" \/>\n<meta property=\"og:image\" content=\"https:\/\/exparto.pl\/wp-content\/uploads\/2023\/09\/d2794fccdb1edd86803a763ac6ee305b.jpg\" \/>\n\t<meta property=\"og:image:width\" content=\"1000\" \/>\n\t<meta property=\"og:image:height\" content=\"1000\" \/>\n\t<meta property=\"og:image:type\" content=\"image\/jpeg\" \/>\n<meta name=\"twitter:card\" content=\"summary_large_image\" \/>\n<meta name=\"twitter:label1\" content=\"Becs\u00fclt olvas\u00e1si id\u0151\" \/>\n\t<meta name=\"twitter:data1\" content=\"1 perc\" \/>\n<script type=\"application\/ld+json\" class=\"yoast-schema-graph\">{\"@context\":\"https:\/\/schema.org\",\"@graph\":[{\"@type\":\"WebPage\",\"@id\":\"https:\/\/exparto.pl\/hu\/produkt\/szitaszuro-nagymeretu-mesh-80-arany\/\",\"url\":\"https:\/\/exparto.pl\/hu\/produkt\/szitaszuro-nagymeretu-mesh-80-arany\/\",\"name\":\"Nagy h\u00e1l\u00f3s sz\u0171r\u0151szita 80 s\u00e1rga - Exparto.pl\",\"isPartOf\":{\"@id\":\"https:\/\/exparto.pl\/hu\/#website\"},\"primaryImageOfPage\":{\"@id\":\"https:\/\/exparto.pl\/hu\/produkt\/szitaszuro-nagymeretu-mesh-80-arany\/#primaryimage\"},\"image\":{\"@id\":\"https:\/\/exparto.pl\/hu\/produkt\/szitaszuro-nagymeretu-mesh-80-arany\/#primaryimage\"},\"thumbnailUrl\":\"https:\/\/exparto.pl\/wp-content\/uploads\/2023\/09\/d2794fccdb1edd86803a763ac6ee305b.jpg\",\"datePublished\":\"2023-09-25T09:37:07+00:00\",\"breadcrumb\":{\"@id\":\"https:\/\/exparto.pl\/hu\/produkt\/szitaszuro-nagymeretu-mesh-80-arany\/#breadcrumb\"},\"inLanguage\":\"hu\",\"potentialAction\":[{\"@type\":\"ReadAction\",\"target\":[\"https:\/\/exparto.pl\/hu\/produkt\/szitaszuro-nagymeretu-mesh-80-arany\/\"]}]},{\"@type\":\"ImageObject\",\"inLanguage\":\"hu\",\"@id\":\"https:\/\/exparto.pl\/hu\/produkt\/szitaszuro-nagymeretu-mesh-80-arany\/#primaryimage\",\"url\":\"https:\/\/exparto.pl\/wp-content\/uploads\/2023\/09\/d2794fccdb1edd86803a763ac6ee305b.jpg\",\"contentUrl\":\"https:\/\/exparto.pl\/wp-content\/uploads\/2023\/09\/d2794fccdb1edd86803a763ac6ee305b.jpg\",\"width\":1000,\"height\":1000},{\"@type\":\"BreadcrumbList\",\"@id\":\"https:\/\/exparto.pl\/hu\/produkt\/szitaszuro-nagymeretu-mesh-80-arany\/#breadcrumb\",\"itemListElement\":[{\"@type\":\"ListItem\",\"position\":1,\"name\":\"Honlap\",\"item\":\"https:\/\/exparto.pl\/hu\/\"},{\"@type\":\"ListItem\",\"position\":2,\"name\":\"Sklep\",\"item\":\"https:\/\/exparto.pl\/sklep\/\"},{\"@type\":\"ListItem\",\"position\":3,\"name\":\"Alkatr\u00e9szek permetez\u0151g\u00e9pekhez\",\"item\":\"https:\/\/exparto.pl\/hu\/termekkategoria\/alkatreszek-permetezogepekhez\/\"},{\"@type\":\"ListItem\",\"position\":4,\"name\":\"Sz\u0171r\u0151k \u00e9s sz\u0171r\u0151alkatr\u00e9szek\",\"item\":\"https:\/\/exparto.pl\/hu\/termekkategoria\/alkatreszek-permetezogepekhez\/szurok-es-szuroalkatreszek\/\"},{\"@type\":\"ListItem\",\"position\":5,\"name\":\"Nagy h\u00e1l\u00f3s sz\u0171r\u0151szita 80 s\u00e1rga\"}]},{\"@type\":\"WebSite\",\"@id\":\"https:\/\/exparto.pl\/hu\/#website\",\"url\":\"https:\/\/exparto.pl\/hu\/\",\"name\":\"EXPARTO\",\"description\":\"More than agro parts\",\"publisher\":{\"@id\":\"https:\/\/exparto.pl\/hu\/#organization\"},\"potentialAction\":[{\"@type\":\"SearchAction\",\"target\":{\"@type\":\"EntryPoint\",\"urlTemplate\":\"https:\/\/exparto.pl\/hu\/?s={search_term_string}\"},\"query-input\":{\"@type\":\"PropertyValueSpecification\",\"valueRequired\":true,\"valueName\":\"search_term_string\"}}],\"inLanguage\":\"hu\"},{\"@type\":\"Organization\",\"@id\":\"https:\/\/exparto.pl\/hu\/#organization\",\"name\":\"EXPARTO\",\"url\":\"https:\/\/exparto.pl\/hu\/\",\"logo\":{\"@type\":\"ImageObject\",\"inLanguage\":\"hu\",\"@id\":\"https:\/\/exparto.pl\/hu\/#\/schema\/logo\/image\/\",\"url\":\"https:\/\/exparto.pl\/wp-content\/uploads\/2023\/02\/logo-wektor.png\",\"contentUrl\":\"https:\/\/exparto.pl\/wp-content\/uploads\/2023\/02\/logo-wektor.png\",\"width\":1338,\"height\":143,\"caption\":\"EXPARTO\"},\"image\":{\"@id\":\"https:\/\/exparto.pl\/hu\/#\/schema\/logo\/image\/\"},\"sameAs\":[\"https:\/\/www.facebook.com\/exparto.agro\/\"]}]}<\/script>\n<!-- \/ Yoast SEO plugin. -->","yoast_head_json":{"title":"Nagy h\u00e1l\u00f3s sz\u0171r\u0151szita 80 s\u00e1rga - Exparto.pl","robots":{"index":"index","follow":"follow","max-snippet":"max-snippet:-1","max-image-preview":"max-image-preview:large","max-video-preview":"max-video-preview:-1"},"canonical":"https:\/\/exparto.pl\/hu\/produkt\/szitaszuro-nagymeretu-mesh-80-arany\/","og_locale":"hu_HU","og_type":"article","og_title":"Nagy h\u00e1l\u00f3s sz\u0171r\u0151szita 80 s\u00e1rga - Exparto.pl","og_description":"Nagym\u00e9ret\u0171 sz\u0171r\u0151szita 80 s\u00e1rga","og_url":"https:\/\/exparto.pl\/hu\/produkt\/szitaszuro-nagymeretu-mesh-80-arany\/","og_site_name":"Exparto.pl","article_publisher":"https:\/\/www.facebook.com\/exparto.agro\/","og_image":[{"width":1000,"height":1000,"url":"https:\/\/exparto.pl\/wp-content\/uploads\/2023\/09\/d2794fccdb1edd86803a763ac6ee305b.jpg","type":"image\/jpeg"}],"twitter_card":"summary_large_image","twitter_misc":{"Becs\u00fclt olvas\u00e1si id\u0151":"1 perc"},"schema":{"@context":"https:\/\/schema.org","@graph":[{"@type":"WebPage","@id":"https:\/\/exparto.pl\/hu\/produkt\/szitaszuro-nagymeretu-mesh-80-arany\/","url":"https:\/\/exparto.pl\/hu\/produkt\/szitaszuro-nagymeretu-mesh-80-arany\/","name":"Nagy h\u00e1l\u00f3s sz\u0171r\u0151szita 80 s\u00e1rga - Exparto.pl","isPartOf":{"@id":"https:\/\/exparto.pl\/hu\/#website"},"primaryImageOfPage":{"@id":"https:\/\/exparto.pl\/hu\/produkt\/szitaszuro-nagymeretu-mesh-80-arany\/#primaryimage"},"image":{"@id":"https:\/\/exparto.pl\/hu\/produkt\/szitaszuro-nagymeretu-mesh-80-arany\/#primaryimage"},"thumbnailUrl":"https:\/\/exparto.pl\/wp-content\/uploads\/2023\/09\/d2794fccdb1edd86803a763ac6ee305b.jpg","datePublished":"2023-09-25T09:37:07+00:00","breadcrumb":{"@id":"https:\/\/exparto.pl\/hu\/produkt\/szitaszuro-nagymeretu-mesh-80-arany\/#breadcrumb"},"inLanguage":"hu","potentialAction":[{"@type":"ReadAction","target":["https:\/\/exparto.pl\/hu\/produkt\/szitaszuro-nagymeretu-mesh-80-arany\/"]}]},{"@type":"ImageObject","inLanguage":"hu","@id":"https:\/\/exparto.pl\/hu\/produkt\/szitaszuro-nagymeretu-mesh-80-arany\/#primaryimage","url":"https:\/\/exparto.pl\/wp-content\/uploads\/2023\/09\/d2794fccdb1edd86803a763ac6ee305b.jpg","contentUrl":"https:\/\/exparto.pl\/wp-content\/uploads\/2023\/09\/d2794fccdb1edd86803a763ac6ee305b.jpg","width":1000,"height":1000},{"@type":"BreadcrumbList","@id":"https:\/\/exparto.pl\/hu\/produkt\/szitaszuro-nagymeretu-mesh-80-arany\/#breadcrumb","itemListElement":[{"@type":"ListItem","position":1,"name":"Honlap","item":"https:\/\/exparto.pl\/hu\/"},{"@type":"ListItem","position":2,"name":"Sklep","item":"https:\/\/exparto.pl\/sklep\/"},{"@type":"ListItem","position":3,"name":"Alkatr\u00e9szek permetez\u0151g\u00e9pekhez","item":"https:\/\/exparto.pl\/hu\/termekkategoria\/alkatreszek-permetezogepekhez\/"},{"@type":"ListItem","position":4,"name":"Sz\u0171r\u0151k \u00e9s sz\u0171r\u0151alkatr\u00e9szek","item":"https:\/\/exparto.pl\/hu\/termekkategoria\/alkatreszek-permetezogepekhez\/szurok-es-szuroalkatreszek\/"},{"@type":"ListItem","position":5,"name":"Nagy h\u00e1l\u00f3s sz\u0171r\u0151szita 80 s\u00e1rga"}]},{"@type":"WebSite","@id":"https:\/\/exparto.pl\/hu\/#website","url":"https:\/\/exparto.pl\/hu\/","name":"EXPARTO","description":"More than agro parts","publisher":{"@id":"https:\/\/exparto.pl\/hu\/#organization"},"potentialAction":[{"@type":"SearchAction","target":{"@type":"EntryPoint","urlTemplate":"https:\/\/exparto.pl\/hu\/?s={search_term_string}"},"query-input":{"@type":"PropertyValueSpecification","valueRequired":true,"valueName":"search_term_string"}}],"inLanguage":"hu"},{"@type":"Organization","@id":"https:\/\/exparto.pl\/hu\/#organization","name":"EXPARTO","url":"https:\/\/exparto.pl\/hu\/","logo":{"@type":"ImageObject","inLanguage":"hu","@id":"https:\/\/exparto.pl\/hu\/#\/schema\/logo\/image\/","url":"https:\/\/exparto.pl\/wp-content\/uploads\/2023\/02\/logo-wektor.png","contentUrl":"https:\/\/exparto.pl\/wp-content\/uploads\/2023\/02\/logo-wektor.png","width":1338,"height":143,"caption":"EXPARTO"},"image":{"@id":"https:\/\/exparto.pl\/hu\/#\/schema\/logo\/image\/"},"sameAs":["https:\/\/www.facebook.com\/exparto.agro\/"]}]}},"_links":{"self":[{"href":"https:\/\/exparto.pl\/hu\/wp-json\/wp\/v2\/product\/9757","targetHints":{"allow":["GET"]}}],"collection":[{"href":"https:\/\/exparto.pl\/hu\/wp-json\/wp\/v2\/product"}],"about":[{"href":"https:\/\/exparto.pl\/hu\/wp-json\/wp\/v2\/types\/product"}],"replies":[{"embeddable":true,"href":"https:\/\/exparto.pl\/hu\/wp-json\/wp\/v2\/comments?post=9757"}],"wp:featuredmedia":[{"embeddable":true,"href":"https:\/\/exparto.pl\/hu\/wp-json\/wp\/v2\/media\/9758"}],"wp:attachment":[{"href":"https:\/\/exparto.pl\/hu\/wp-json\/wp\/v2\/media?parent=9757"}],"wp:term":[{"taxonomy":"product_brand","embeddable":true,"href":"https:\/\/exparto.pl\/hu\/wp-json\/wp\/v2\/product_brand?post=9757"},{"taxonomy":"product_cat","embeddable":true,"href":"https:\/\/exparto.pl\/hu\/wp-json\/wp\/v2\/product_cat?post=9757"},{"taxonomy":"product_tag","embeddable":true,"href":"https:\/\/exparto.pl\/hu\/wp-json\/wp\/v2\/product_tag?post=9757"}],"curies":[{"name":"wp","href":"https:\/\/api.w.org\/{rel}","templated":true}]}}