{"id":9763,"date":"2023-09-17T23:56:27","date_gmt":"2023-09-17T21:56:27","guid":{"rendered":"https:\/\/exparto.pl\/produkt\/kompakt-keramia-porlaszto-porlaszto-04-piros\/"},"modified":"2023-09-17T23:56:27","modified_gmt":"2023-09-17T21:56:27","slug":"szorofej-kompakt-keramia-04-voros","status":"publish","type":"product","link":"https:\/\/exparto.pl\/hu\/produkt\/szorofej-kompakt-keramia-04-voros\/","title":{"rendered":"Kompakt ker\u00e1mia porlaszt\u00f3 porlaszt\u00f3 04 piros"},"content":{"rendered":"<p style=\"text-align: justify\">A porlaszt\u00f3 porlaszt\u00f3k a nagy cseppekben l\u00e9v\u0151 l\u00e9gbubor\u00e9kokat az alj\u00e1n l\u00e9v\u0151 lyukakon kereszt\u00fcl besz\u00edvott l\u00e9g\u00e1ram seg\u00edts\u00e9g\u00e9vel \u00e1ll\u00edtj\u00e1k el\u0151. Ahogy a permetcseppek a n\u00f6v\u00e9ny fel\u00fclet\u00e9re esnek, finomabb cseppekre bomlanak, ami n\u00f6veli a kezel\u00e9s hat\u00e9konys\u00e1g\u00e1t \u00e9s egyenletess\u00e9g\u00e9t.<\/p>\n<p style=\"text-align: justify\">Nagy sodr\u00f3d\u00e1s\u00e1ll\u00f3s\u00e1g\u00fa, durva vagy nagyon durva cseppeket termel, ez\u00e9rt lehet\u0151v\u00e9 teszi a permetez\u00e9st kedvez\u0151tlen k\u00f6r\u00fclm\u00e9nyek k\u00f6z\u00f6tt is (ak\u00e1r 8 m\/s-os sz\u00e9l, alacsony p\u00e1ratartalom, magasabb h\u0151m\u00e9rs\u00e9klet).<\/p>\n<p style=\"text-align: justify\">N\u00f6v\u00e9nyv\u00e9d\u0151 szerekhez, n\u00f6veked\u00e9sszab\u00e1lyoz\u00f3khoz, sz\u00e1nt\u00f3f\u00f6ldi n\u00f6v\u00e9nyekhez val\u00f3 felhaszn\u00e1l\u00e1s.<\/p>\n<p style=\"text-align: justify\">Kompakt kidob\u00f3 f\u00fav\u00f3k\u00e1k ker\u00e1mia bet\u00e9tekkel<\/p>\n<ul>\n<li style=\"text-align: justify\"><span style=\"color: inherit;font-weight: 700 !important\">els\u0151 cs\u00facsmin\u0151s\u00e9g\u0171 lengyel f\u00fav\u00f3k\u00e1k ker\u00e1mia bet\u00e9ttel<\/span><\/li>\n<li style=\"text-align: justify\"><span style=\"color: inherit;font-weight: 700 !important\">99,8%-os tisztas\u00e1g\u00fa, tan\u00fas\u00edtott ker\u00e1mia a leghosszabb \u00e9lettartam \u00e9rdek\u00e9ben.<\/span><\/li>\n<li style=\"text-align: justify\"><span style=\"color: inherit;font-weight: 700 !important\">a nagym\u00e9ret\u0171, leveg\u0151ztetett cseppek a lehet\u0151 legnagyobb m\u00e9rt\u00e9kben cs\u00f6kkentik az elsodr\u00f3d\u00e1st, \u00e9s a n\u00f6v\u00e9nnyel val\u00f3 \u00e9rintkez\u00e9skor sok finom cseppre sz\u00e9tporladnak az egyenletes lefedetts\u00e9g \u00e9rdek\u00e9ben.<\/span><\/li>\n<li style=\"text-align: justify\"><span style=\"color: inherit;font-weight: 700 !important\">110\u00b0-os sz\u00f6g\u0171 lapos sug\u00e1r<\/span><\/li>\n<li style=\"text-align: justify\"><span style=\"color: inherit;font-weight: 700 !important\">a kompakt kialak\u00edt\u00e1s cs\u00f6kkenti a s\u00e9r\u00fcl\u00e9s kock\u00e1zat\u00e1t<\/span><\/li>\n<li style=\"text-align: justify\"><span style=\"color: inherit;font-weight: 700 !important\">K\u00e9nyelmes \u00e1talak\u00edt\u00e1s &#8211; kupak \u00e9s kidob\u00f3 f\u00fav\u00f3ka egyben<\/span><\/li>\n<li style=\"text-align: justify\"><span style=\"color: inherit;font-weight: 700 !important\">\u00fczemi nyom\u00e1startom\u00e1ny 2,5-8 bar<\/span><\/li>\n<li style=\"text-align: justify\"><span style=\"color: inherit;font-weight: 700 !important\">Arag t\u00edpus\u00fa szabv\u00e1nyos r\u00f6gz\u00edt\u00e9s, TeeJet t\u00edpus<\/span><\/li>\n<li style=\"text-align: justify\"><span style=\"color: inherit;font-weight: 700 !important\">t\u00f6m\u00edt\u00e9s mell\u00e9kelve<\/span><\/li>\n<\/ul>\n<ul>\n<li style=\"text-align: justify\"><span style=\"color: inherit;font-weight: 700 !important\">k\u00e9t sz\u00edv\u00f3ny\u00edl\u00e1s az \u00f6nelt\u00f6m\u0151d\u00e9s megakad\u00e1lyoz\u00e1s\u00e1ra tervezve<\/span><\/li>\n<\/ul>\n","protected":false},"excerpt":{"rendered":"<p style=\"text-align: justify\">Kompakt porlaszt\u00f3 porlaszt\u00f3 ker\u00e1mia bet\u00e9ttel.<\/p>\n","protected":false},"featured_media":9764,"comment_status":"open","ping_status":"closed","template":"","meta":{"_acf_changed":false,"inline_featured_image":false},"product_brand":[],"product_cat":[286],"product_tag":[],"class_list":{"0":"post-9763","1":"product","2":"type-product","3":"status-publish","4":"has-post-thumbnail","6":"product_cat-sprayk","8":"first","9":"instock","10":"taxable","11":"shipping-taxable","12":"purchasable","13":"product-type-simple"},"acf":[],"yoast_head":"<!-- This site is optimized with the Yoast SEO plugin v27.4 - https:\/\/yoast.com\/product\/yoast-seo-wordpress\/ -->\n<title>Kompakt ker\u00e1mia porlaszt\u00f3 porlaszt\u00f3 04 piros - Exparto.pl<\/title>\n<meta name=\"robots\" content=\"index, follow, max-snippet:-1, max-image-preview:large, max-video-preview:-1\" \/>\n<link rel=\"canonical\" href=\"https:\/\/exparto.pl\/hu\/produkt\/szorofej-kompakt-keramia-04-voros\/\" \/>\n<meta property=\"og:locale\" content=\"hu_HU\" \/>\n<meta property=\"og:type\" content=\"article\" \/>\n<meta property=\"og:title\" content=\"Kompakt ker\u00e1mia porlaszt\u00f3 porlaszt\u00f3 04 piros - Exparto.pl\" \/>\n<meta property=\"og:description\" content=\"Kompakt porlaszt\u00f3 porlaszt\u00f3 ker\u00e1mia bet\u00e9ttel.\" \/>\n<meta property=\"og:url\" content=\"https:\/\/exparto.pl\/hu\/produkt\/szorofej-kompakt-keramia-04-voros\/\" \/>\n<meta property=\"og:site_name\" content=\"Exparto.pl\" \/>\n<meta property=\"article:publisher\" content=\"https:\/\/www.facebook.com\/exparto.agro\/\" \/>\n<meta property=\"og:image\" content=\"https:\/\/exparto.pl\/wp-content\/uploads\/2023\/09\/4512b23e0c185e751e501099c2f55c0b.jpg\" \/>\n\t<meta property=\"og:image:width\" content=\"1000\" \/>\n\t<meta property=\"og:image:height\" content=\"1000\" \/>\n\t<meta property=\"og:image:type\" content=\"image\/jpeg\" \/>\n<meta name=\"twitter:card\" content=\"summary_large_image\" \/>\n<meta name=\"twitter:label1\" content=\"Becs\u00fclt olvas\u00e1si id\u0151\" \/>\n\t<meta name=\"twitter:data1\" content=\"1 perc\" \/>\n<script type=\"application\/ld+json\" class=\"yoast-schema-graph\">{\"@context\":\"https:\\\/\\\/schema.org\",\"@graph\":[{\"@type\":\"WebPage\",\"@id\":\"https:\\\/\\\/exparto.pl\\\/hu\\\/produkt\\\/szorofej-kompakt-keramia-04-voros\\\/\",\"url\":\"https:\\\/\\\/exparto.pl\\\/hu\\\/produkt\\\/szorofej-kompakt-keramia-04-voros\\\/\",\"name\":\"Kompakt ker\u00e1mia porlaszt\u00f3 porlaszt\u00f3 04 piros - Exparto.pl\",\"isPartOf\":{\"@id\":\"https:\\\/\\\/exparto.pl\\\/hu\\\/#website\"},\"primaryImageOfPage\":{\"@id\":\"https:\\\/\\\/exparto.pl\\\/hu\\\/produkt\\\/szorofej-kompakt-keramia-04-voros\\\/#primaryimage\"},\"image\":{\"@id\":\"https:\\\/\\\/exparto.pl\\\/hu\\\/produkt\\\/szorofej-kompakt-keramia-04-voros\\\/#primaryimage\"},\"thumbnailUrl\":\"https:\\\/\\\/exparto.pl\\\/wp-content\\\/uploads\\\/2023\\\/09\\\/4512b23e0c185e751e501099c2f55c0b.jpg\",\"datePublished\":\"2023-09-17T21:56:27+00:00\",\"breadcrumb\":{\"@id\":\"https:\\\/\\\/exparto.pl\\\/hu\\\/produkt\\\/szorofej-kompakt-keramia-04-voros\\\/#breadcrumb\"},\"inLanguage\":\"hu\",\"potentialAction\":[{\"@type\":\"ReadAction\",\"target\":[\"https:\\\/\\\/exparto.pl\\\/hu\\\/produkt\\\/szorofej-kompakt-keramia-04-voros\\\/\"]}]},{\"@type\":\"ImageObject\",\"inLanguage\":\"hu\",\"@id\":\"https:\\\/\\\/exparto.pl\\\/hu\\\/produkt\\\/szorofej-kompakt-keramia-04-voros\\\/#primaryimage\",\"url\":\"https:\\\/\\\/exparto.pl\\\/wp-content\\\/uploads\\\/2023\\\/09\\\/4512b23e0c185e751e501099c2f55c0b.jpg\",\"contentUrl\":\"https:\\\/\\\/exparto.pl\\\/wp-content\\\/uploads\\\/2023\\\/09\\\/4512b23e0c185e751e501099c2f55c0b.jpg\",\"width\":1000,\"height\":1000},{\"@type\":\"BreadcrumbList\",\"@id\":\"https:\\\/\\\/exparto.pl\\\/hu\\\/produkt\\\/szorofej-kompakt-keramia-04-voros\\\/#breadcrumb\",\"itemListElement\":[{\"@type\":\"ListItem\",\"position\":1,\"name\":\"Honlap\",\"item\":\"https:\\\/\\\/exparto.pl\\\/hu\\\/\"},{\"@type\":\"ListItem\",\"position\":2,\"name\":\"Sklep\",\"item\":\"https:\\\/\\\/exparto.pl\\\/sklep\\\/\"},{\"@type\":\"ListItem\",\"position\":3,\"name\":\"Alkatr\u00e9szek permetez\u0151g\u00e9pekhez\",\"item\":\"https:\\\/\\\/exparto.pl\\\/hu\\\/termekkategoria\\\/alkatreszek-permetezogepekhez\\\/\"},{\"@type\":\"ListItem\",\"position\":4,\"name\":\"Sprayk\",\"item\":\"https:\\\/\\\/exparto.pl\\\/hu\\\/termekkategoria\\\/alkatreszek-permetezogepekhez\\\/sprayk\\\/\"},{\"@type\":\"ListItem\",\"position\":5,\"name\":\"Kompakt ker\u00e1mia porlaszt\u00f3 porlaszt\u00f3 04 piros\"}]},{\"@type\":\"WebSite\",\"@id\":\"https:\\\/\\\/exparto.pl\\\/hu\\\/#website\",\"url\":\"https:\\\/\\\/exparto.pl\\\/hu\\\/\",\"name\":\"EXPARTO\",\"description\":\"More than agro parts\",\"publisher\":{\"@id\":\"https:\\\/\\\/exparto.pl\\\/hu\\\/#organization\"},\"potentialAction\":[{\"@type\":\"SearchAction\",\"target\":{\"@type\":\"EntryPoint\",\"urlTemplate\":\"https:\\\/\\\/exparto.pl\\\/hu\\\/?s={search_term_string}\"},\"query-input\":{\"@type\":\"PropertyValueSpecification\",\"valueRequired\":true,\"valueName\":\"search_term_string\"}}],\"inLanguage\":\"hu\"},{\"@type\":\"Organization\",\"@id\":\"https:\\\/\\\/exparto.pl\\\/hu\\\/#organization\",\"name\":\"EXPARTO\",\"url\":\"https:\\\/\\\/exparto.pl\\\/hu\\\/\",\"logo\":{\"@type\":\"ImageObject\",\"inLanguage\":\"hu\",\"@id\":\"https:\\\/\\\/exparto.pl\\\/hu\\\/#\\\/schema\\\/logo\\\/image\\\/\",\"url\":\"https:\\\/\\\/exparto.pl\\\/wp-content\\\/uploads\\\/2023\\\/02\\\/logo-wektor.png\",\"contentUrl\":\"https:\\\/\\\/exparto.pl\\\/wp-content\\\/uploads\\\/2023\\\/02\\\/logo-wektor.png\",\"width\":1338,\"height\":143,\"caption\":\"EXPARTO\"},\"image\":{\"@id\":\"https:\\\/\\\/exparto.pl\\\/hu\\\/#\\\/schema\\\/logo\\\/image\\\/\"},\"sameAs\":[\"https:\\\/\\\/www.facebook.com\\\/exparto.agro\\\/\"]}]}<\/script>\n<!-- \/ Yoast SEO plugin. -->","yoast_head_json":{"title":"Kompakt ker\u00e1mia porlaszt\u00f3 porlaszt\u00f3 04 piros - Exparto.pl","robots":{"index":"index","follow":"follow","max-snippet":"max-snippet:-1","max-image-preview":"max-image-preview:large","max-video-preview":"max-video-preview:-1"},"canonical":"https:\/\/exparto.pl\/hu\/produkt\/szorofej-kompakt-keramia-04-voros\/","og_locale":"hu_HU","og_type":"article","og_title":"Kompakt ker\u00e1mia porlaszt\u00f3 porlaszt\u00f3 04 piros - Exparto.pl","og_description":"Kompakt porlaszt\u00f3 porlaszt\u00f3 ker\u00e1mia bet\u00e9ttel.","og_url":"https:\/\/exparto.pl\/hu\/produkt\/szorofej-kompakt-keramia-04-voros\/","og_site_name":"Exparto.pl","article_publisher":"https:\/\/www.facebook.com\/exparto.agro\/","og_image":[{"width":1000,"height":1000,"url":"https:\/\/exparto.pl\/wp-content\/uploads\/2023\/09\/4512b23e0c185e751e501099c2f55c0b.jpg","type":"image\/jpeg"}],"twitter_card":"summary_large_image","twitter_misc":{"Becs\u00fclt olvas\u00e1si id\u0151":"1 perc"},"schema":{"@context":"https:\/\/schema.org","@graph":[{"@type":"WebPage","@id":"https:\/\/exparto.pl\/hu\/produkt\/szorofej-kompakt-keramia-04-voros\/","url":"https:\/\/exparto.pl\/hu\/produkt\/szorofej-kompakt-keramia-04-voros\/","name":"Kompakt ker\u00e1mia porlaszt\u00f3 porlaszt\u00f3 04 piros - Exparto.pl","isPartOf":{"@id":"https:\/\/exparto.pl\/hu\/#website"},"primaryImageOfPage":{"@id":"https:\/\/exparto.pl\/hu\/produkt\/szorofej-kompakt-keramia-04-voros\/#primaryimage"},"image":{"@id":"https:\/\/exparto.pl\/hu\/produkt\/szorofej-kompakt-keramia-04-voros\/#primaryimage"},"thumbnailUrl":"https:\/\/exparto.pl\/wp-content\/uploads\/2023\/09\/4512b23e0c185e751e501099c2f55c0b.jpg","datePublished":"2023-09-17T21:56:27+00:00","breadcrumb":{"@id":"https:\/\/exparto.pl\/hu\/produkt\/szorofej-kompakt-keramia-04-voros\/#breadcrumb"},"inLanguage":"hu","potentialAction":[{"@type":"ReadAction","target":["https:\/\/exparto.pl\/hu\/produkt\/szorofej-kompakt-keramia-04-voros\/"]}]},{"@type":"ImageObject","inLanguage":"hu","@id":"https:\/\/exparto.pl\/hu\/produkt\/szorofej-kompakt-keramia-04-voros\/#primaryimage","url":"https:\/\/exparto.pl\/wp-content\/uploads\/2023\/09\/4512b23e0c185e751e501099c2f55c0b.jpg","contentUrl":"https:\/\/exparto.pl\/wp-content\/uploads\/2023\/09\/4512b23e0c185e751e501099c2f55c0b.jpg","width":1000,"height":1000},{"@type":"BreadcrumbList","@id":"https:\/\/exparto.pl\/hu\/produkt\/szorofej-kompakt-keramia-04-voros\/#breadcrumb","itemListElement":[{"@type":"ListItem","position":1,"name":"Honlap","item":"https:\/\/exparto.pl\/hu\/"},{"@type":"ListItem","position":2,"name":"Sklep","item":"https:\/\/exparto.pl\/sklep\/"},{"@type":"ListItem","position":3,"name":"Alkatr\u00e9szek permetez\u0151g\u00e9pekhez","item":"https:\/\/exparto.pl\/hu\/termekkategoria\/alkatreszek-permetezogepekhez\/"},{"@type":"ListItem","position":4,"name":"Sprayk","item":"https:\/\/exparto.pl\/hu\/termekkategoria\/alkatreszek-permetezogepekhez\/sprayk\/"},{"@type":"ListItem","position":5,"name":"Kompakt ker\u00e1mia porlaszt\u00f3 porlaszt\u00f3 04 piros"}]},{"@type":"WebSite","@id":"https:\/\/exparto.pl\/hu\/#website","url":"https:\/\/exparto.pl\/hu\/","name":"EXPARTO","description":"More than agro parts","publisher":{"@id":"https:\/\/exparto.pl\/hu\/#organization"},"potentialAction":[{"@type":"SearchAction","target":{"@type":"EntryPoint","urlTemplate":"https:\/\/exparto.pl\/hu\/?s={search_term_string}"},"query-input":{"@type":"PropertyValueSpecification","valueRequired":true,"valueName":"search_term_string"}}],"inLanguage":"hu"},{"@type":"Organization","@id":"https:\/\/exparto.pl\/hu\/#organization","name":"EXPARTO","url":"https:\/\/exparto.pl\/hu\/","logo":{"@type":"ImageObject","inLanguage":"hu","@id":"https:\/\/exparto.pl\/hu\/#\/schema\/logo\/image\/","url":"https:\/\/exparto.pl\/wp-content\/uploads\/2023\/02\/logo-wektor.png","contentUrl":"https:\/\/exparto.pl\/wp-content\/uploads\/2023\/02\/logo-wektor.png","width":1338,"height":143,"caption":"EXPARTO"},"image":{"@id":"https:\/\/exparto.pl\/hu\/#\/schema\/logo\/image\/"},"sameAs":["https:\/\/www.facebook.com\/exparto.agro\/"]}]}},"_links":{"self":[{"href":"https:\/\/exparto.pl\/hu\/wp-json\/wp\/v2\/product\/9763","targetHints":{"allow":["GET"]}}],"collection":[{"href":"https:\/\/exparto.pl\/hu\/wp-json\/wp\/v2\/product"}],"about":[{"href":"https:\/\/exparto.pl\/hu\/wp-json\/wp\/v2\/types\/product"}],"replies":[{"embeddable":true,"href":"https:\/\/exparto.pl\/hu\/wp-json\/wp\/v2\/comments?post=9763"}],"wp:featuredmedia":[{"embeddable":true,"href":"https:\/\/exparto.pl\/hu\/wp-json\/wp\/v2\/media\/9764"}],"wp:attachment":[{"href":"https:\/\/exparto.pl\/hu\/wp-json\/wp\/v2\/media?parent=9763"}],"wp:term":[{"taxonomy":"product_brand","embeddable":true,"href":"https:\/\/exparto.pl\/hu\/wp-json\/wp\/v2\/product_brand?post=9763"},{"taxonomy":"product_cat","embeddable":true,"href":"https:\/\/exparto.pl\/hu\/wp-json\/wp\/v2\/product_cat?post=9763"},{"taxonomy":"product_tag","embeddable":true,"href":"https:\/\/exparto.pl\/hu\/wp-json\/wp\/v2\/product_tag?post=9763"}],"curies":[{"name":"wp","href":"https:\/\/api.w.org\/{rel}","templated":true}]}}