{"id":9816,"date":"2023-09-17T23:39:40","date_gmt":"2023-09-17T21:39:40","guid":{"rendered":"https:\/\/exparto.pl\/produkt\/8ms-110-01-narancssarga-szinu-porlaszto-porlaszto\/"},"modified":"2023-09-17T23:39:40","modified_gmt":"2023-09-17T21:39:40","slug":"atomiser-zector-8ms-110-01-orange","status":"publish","type":"product","link":"https:\/\/exparto.pl\/hu\/produkt\/atomiser-zector-8ms-110-01-orange\/","title":{"rendered":"8MS 110 01 narancss\u00e1rga sz\u00edn\u0171 porlaszt\u00f3 porlaszt\u00f3"},"content":{"rendered":"<p>A porlaszt\u00f3 porlaszt\u00f3k a nagy cseppekben l\u00e9v\u0151 l\u00e9gbubor\u00e9kokat az alj\u00e1n l\u00e9v\u0151 lyukakon kereszt\u00fcl besz\u00edvott l\u00e9g\u00e1ram seg\u00edts\u00e9g\u00e9vel \u00e1ll\u00edtj\u00e1k el\u0151. Ahogy a permetcseppek a n\u00f6v\u00e9nyek fel\u00fclet\u00e9re esnek, finomabb cseppekre bomlanak, ami n\u00f6veli a kezel\u00e9s hat\u00e9konys\u00e1g\u00e1t \u00e9s egyenletess\u00e9g\u00e9t.<\/p>\n<p>Nagy sodr\u00f3d\u00e1s\u00e1ll\u00f3s\u00e1g\u00fa, durva vagy nagyon durva cseppeket termel, ami lehet\u0151v\u00e9 teszi a permetez\u00e9st kedvez\u0151tlen k\u00f6r\u00fclm\u00e9nyek k\u00f6z\u00f6tt (ak\u00e1r 8 m\/s sz\u00e9l, alacsony p\u00e1ratartalom, magasabb h\u0151m\u00e9rs\u00e9klet).<\/p>\n<p><span style=\"color: inherit;font-weight: 700 !important\">Felhaszn\u00e1l\u00e1s:<\/span> n\u00f6v\u00e9nyv\u00e9d\u0151 szerekhez, n\u00f6veked\u00e9sszab\u00e1lyoz\u00f3khoz, sz\u00e1nt\u00f3f\u00f6ldi n\u00f6v\u00e9nyekhez.<\/p>\n<ul>\n<li><span style=\"color: inherit;font-weight: 700 !important\">Folyad\u00e9k terjed\u00e9si sz\u00f6ge &#8211; 110\u00ba;<\/span><\/li>\n<li><span style=\"color: inherit;font-weight: 700 !important\">Illeszkedik a piacon kaphat\u00f3 \u00f6sszes szabv\u00e1nyos ker\u00e9kt\u00e1rcs\u00e1hoz;<\/span><\/li>\n<li><span style=\"color: inherit;font-weight: 700 !important\">Megfelel a mez\u0151gazdas\u00e1gi f\u00fav\u00f3k\u00e1kra vonatkoz\u00f3 ISO-k\u00f6vetelm\u00e9nyeknek;<\/span><\/li>\n<li><span style=\"color: inherit;font-weight: 700 !important\">Folyad\u00e9kkibocs\u00e1t\u00e1s az ISO 10625 szabv\u00e1ny szerint;<\/span><\/li>\n<li><span style=\"color: inherit;font-weight: 700 !important\">Ezek ak\u00e1r 8 m\/s sz\u00e9lsebess\u00e9g\u0171 kezel\u00e9st is lehet\u0151v\u00e9 tesznek.<\/span><\/li>\n<\/ul>\n","protected":false},"excerpt":{"rendered":"<p style=\"text-align: justify\"><span style=\"text-align: justify\">A porlaszt\u00f3 porlaszt\u00f3k a nagy cseppekben l\u00e9v\u0151 l\u00e9gbubor\u00e9kokat az alj\u00e1n l\u00e9v\u0151 lyukakon kereszt\u00fcl besz\u00edvott l\u00e9g\u00e1ram seg\u00edts\u00e9g\u00e9vel \u00e1ll\u00edtj\u00e1k el\u0151.<\/span><\/p>\n<p>&nbsp;<\/p>\n","protected":false},"featured_media":9817,"comment_status":"open","ping_status":"closed","template":"","meta":{"_acf_changed":false,"inline_featured_image":false},"product_brand":[],"product_cat":[219,286],"product_tag":[],"class_list":{"0":"post-9816","1":"product","2":"type-product","3":"status-publish","4":"has-post-thumbnail","6":"product_cat-alkatreszek-permetezogepekhez","7":"product_cat-sprayk","9":"first","10":"instock","11":"taxable","12":"shipping-taxable","13":"purchasable","14":"product-type-simple"},"acf":[],"yoast_head":"<!-- This site is optimized with the Yoast SEO plugin v27.4 - https:\/\/yoast.com\/product\/yoast-seo-wordpress\/ -->\n<title>8MS 110 01 narancss\u00e1rga sz\u00edn\u0171 porlaszt\u00f3 porlaszt\u00f3 - Exparto.pl<\/title>\n<meta name=\"robots\" content=\"index, follow, max-snippet:-1, max-image-preview:large, max-video-preview:-1\" \/>\n<link rel=\"canonical\" href=\"https:\/\/exparto.pl\/hu\/produkt\/atomiser-zector-8ms-110-01-orange\/\" \/>\n<meta property=\"og:locale\" content=\"hu_HU\" \/>\n<meta property=\"og:type\" content=\"article\" \/>\n<meta property=\"og:title\" content=\"8MS 110 01 narancss\u00e1rga sz\u00edn\u0171 porlaszt\u00f3 porlaszt\u00f3 - Exparto.pl\" \/>\n<meta property=\"og:description\" content=\"A porlaszt\u00f3 porlaszt\u00f3k a nagy cseppekben l\u00e9v\u0151 l\u00e9gbubor\u00e9kokat az alj\u00e1n l\u00e9v\u0151 lyukakon kereszt\u00fcl besz\u00edvott l\u00e9g\u00e1ram seg\u00edts\u00e9g\u00e9vel \u00e1ll\u00edtj\u00e1k el\u0151. &nbsp;\" \/>\n<meta property=\"og:url\" content=\"https:\/\/exparto.pl\/hu\/produkt\/atomiser-zector-8ms-110-01-orange\/\" \/>\n<meta property=\"og:site_name\" content=\"Exparto.pl\" \/>\n<meta property=\"article:publisher\" content=\"https:\/\/www.facebook.com\/exparto.agro\/\" \/>\n<meta property=\"og:image\" content=\"https:\/\/exparto.pl\/wp-content\/uploads\/2023\/09\/8a93a8760bda678c09a1ac083c11e6d3.jpg\" \/>\n\t<meta property=\"og:image:width\" content=\"1000\" \/>\n\t<meta property=\"og:image:height\" content=\"1000\" \/>\n\t<meta property=\"og:image:type\" content=\"image\/jpeg\" \/>\n<meta name=\"twitter:card\" content=\"summary_large_image\" \/>\n<meta name=\"twitter:label1\" content=\"Becs\u00fclt olvas\u00e1si id\u0151\" \/>\n\t<meta name=\"twitter:data1\" content=\"1 perc\" \/>\n<script type=\"application\/ld+json\" class=\"yoast-schema-graph\">{\"@context\":\"https:\\\/\\\/schema.org\",\"@graph\":[{\"@type\":\"WebPage\",\"@id\":\"https:\\\/\\\/exparto.pl\\\/hu\\\/produkt\\\/atomiser-zector-8ms-110-01-orange\\\/\",\"url\":\"https:\\\/\\\/exparto.pl\\\/hu\\\/produkt\\\/atomiser-zector-8ms-110-01-orange\\\/\",\"name\":\"8MS 110 01 narancss\u00e1rga sz\u00edn\u0171 porlaszt\u00f3 porlaszt\u00f3 - Exparto.pl\",\"isPartOf\":{\"@id\":\"https:\\\/\\\/exparto.pl\\\/hu\\\/#website\"},\"primaryImageOfPage\":{\"@id\":\"https:\\\/\\\/exparto.pl\\\/hu\\\/produkt\\\/atomiser-zector-8ms-110-01-orange\\\/#primaryimage\"},\"image\":{\"@id\":\"https:\\\/\\\/exparto.pl\\\/hu\\\/produkt\\\/atomiser-zector-8ms-110-01-orange\\\/#primaryimage\"},\"thumbnailUrl\":\"https:\\\/\\\/exparto.pl\\\/wp-content\\\/uploads\\\/2023\\\/09\\\/8a93a8760bda678c09a1ac083c11e6d3.jpg\",\"datePublished\":\"2023-09-17T21:39:40+00:00\",\"breadcrumb\":{\"@id\":\"https:\\\/\\\/exparto.pl\\\/hu\\\/produkt\\\/atomiser-zector-8ms-110-01-orange\\\/#breadcrumb\"},\"inLanguage\":\"hu\",\"potentialAction\":[{\"@type\":\"ReadAction\",\"target\":[\"https:\\\/\\\/exparto.pl\\\/hu\\\/produkt\\\/atomiser-zector-8ms-110-01-orange\\\/\"]}]},{\"@type\":\"ImageObject\",\"inLanguage\":\"hu\",\"@id\":\"https:\\\/\\\/exparto.pl\\\/hu\\\/produkt\\\/atomiser-zector-8ms-110-01-orange\\\/#primaryimage\",\"url\":\"https:\\\/\\\/exparto.pl\\\/wp-content\\\/uploads\\\/2023\\\/09\\\/8a93a8760bda678c09a1ac083c11e6d3.jpg\",\"contentUrl\":\"https:\\\/\\\/exparto.pl\\\/wp-content\\\/uploads\\\/2023\\\/09\\\/8a93a8760bda678c09a1ac083c11e6d3.jpg\",\"width\":1000,\"height\":1000},{\"@type\":\"BreadcrumbList\",\"@id\":\"https:\\\/\\\/exparto.pl\\\/hu\\\/produkt\\\/atomiser-zector-8ms-110-01-orange\\\/#breadcrumb\",\"itemListElement\":[{\"@type\":\"ListItem\",\"position\":1,\"name\":\"Honlap\",\"item\":\"https:\\\/\\\/exparto.pl\\\/hu\\\/\"},{\"@type\":\"ListItem\",\"position\":2,\"name\":\"Sklep\",\"item\":\"https:\\\/\\\/exparto.pl\\\/sklep\\\/\"},{\"@type\":\"ListItem\",\"position\":3,\"name\":\"Alkatr\u00e9szek permetez\u0151g\u00e9pekhez\",\"item\":\"https:\\\/\\\/exparto.pl\\\/hu\\\/termekkategoria\\\/alkatreszek-permetezogepekhez\\\/\"},{\"@type\":\"ListItem\",\"position\":4,\"name\":\"Sprayk\",\"item\":\"https:\\\/\\\/exparto.pl\\\/hu\\\/termekkategoria\\\/alkatreszek-permetezogepekhez\\\/sprayk\\\/\"},{\"@type\":\"ListItem\",\"position\":5,\"name\":\"8MS 110 01 narancss\u00e1rga sz\u00edn\u0171 porlaszt\u00f3 porlaszt\u00f3\"}]},{\"@type\":\"WebSite\",\"@id\":\"https:\\\/\\\/exparto.pl\\\/hu\\\/#website\",\"url\":\"https:\\\/\\\/exparto.pl\\\/hu\\\/\",\"name\":\"EXPARTO\",\"description\":\"More than agro parts\",\"publisher\":{\"@id\":\"https:\\\/\\\/exparto.pl\\\/hu\\\/#organization\"},\"potentialAction\":[{\"@type\":\"SearchAction\",\"target\":{\"@type\":\"EntryPoint\",\"urlTemplate\":\"https:\\\/\\\/exparto.pl\\\/hu\\\/?s={search_term_string}\"},\"query-input\":{\"@type\":\"PropertyValueSpecification\",\"valueRequired\":true,\"valueName\":\"search_term_string\"}}],\"inLanguage\":\"hu\"},{\"@type\":\"Organization\",\"@id\":\"https:\\\/\\\/exparto.pl\\\/hu\\\/#organization\",\"name\":\"EXPARTO\",\"url\":\"https:\\\/\\\/exparto.pl\\\/hu\\\/\",\"logo\":{\"@type\":\"ImageObject\",\"inLanguage\":\"hu\",\"@id\":\"https:\\\/\\\/exparto.pl\\\/hu\\\/#\\\/schema\\\/logo\\\/image\\\/\",\"url\":\"https:\\\/\\\/exparto.pl\\\/wp-content\\\/uploads\\\/2023\\\/02\\\/logo-wektor.png\",\"contentUrl\":\"https:\\\/\\\/exparto.pl\\\/wp-content\\\/uploads\\\/2023\\\/02\\\/logo-wektor.png\",\"width\":1338,\"height\":143,\"caption\":\"EXPARTO\"},\"image\":{\"@id\":\"https:\\\/\\\/exparto.pl\\\/hu\\\/#\\\/schema\\\/logo\\\/image\\\/\"},\"sameAs\":[\"https:\\\/\\\/www.facebook.com\\\/exparto.agro\\\/\"]}]}<\/script>\n<!-- \/ Yoast SEO plugin. -->","yoast_head_json":{"title":"8MS 110 01 narancss\u00e1rga sz\u00edn\u0171 porlaszt\u00f3 porlaszt\u00f3 - Exparto.pl","robots":{"index":"index","follow":"follow","max-snippet":"max-snippet:-1","max-image-preview":"max-image-preview:large","max-video-preview":"max-video-preview:-1"},"canonical":"https:\/\/exparto.pl\/hu\/produkt\/atomiser-zector-8ms-110-01-orange\/","og_locale":"hu_HU","og_type":"article","og_title":"8MS 110 01 narancss\u00e1rga sz\u00edn\u0171 porlaszt\u00f3 porlaszt\u00f3 - Exparto.pl","og_description":"A porlaszt\u00f3 porlaszt\u00f3k a nagy cseppekben l\u00e9v\u0151 l\u00e9gbubor\u00e9kokat az alj\u00e1n l\u00e9v\u0151 lyukakon kereszt\u00fcl besz\u00edvott l\u00e9g\u00e1ram seg\u00edts\u00e9g\u00e9vel \u00e1ll\u00edtj\u00e1k el\u0151. &nbsp;","og_url":"https:\/\/exparto.pl\/hu\/produkt\/atomiser-zector-8ms-110-01-orange\/","og_site_name":"Exparto.pl","article_publisher":"https:\/\/www.facebook.com\/exparto.agro\/","og_image":[{"width":1000,"height":1000,"url":"https:\/\/exparto.pl\/wp-content\/uploads\/2023\/09\/8a93a8760bda678c09a1ac083c11e6d3.jpg","type":"image\/jpeg"}],"twitter_card":"summary_large_image","twitter_misc":{"Becs\u00fclt olvas\u00e1si id\u0151":"1 perc"},"schema":{"@context":"https:\/\/schema.org","@graph":[{"@type":"WebPage","@id":"https:\/\/exparto.pl\/hu\/produkt\/atomiser-zector-8ms-110-01-orange\/","url":"https:\/\/exparto.pl\/hu\/produkt\/atomiser-zector-8ms-110-01-orange\/","name":"8MS 110 01 narancss\u00e1rga sz\u00edn\u0171 porlaszt\u00f3 porlaszt\u00f3 - Exparto.pl","isPartOf":{"@id":"https:\/\/exparto.pl\/hu\/#website"},"primaryImageOfPage":{"@id":"https:\/\/exparto.pl\/hu\/produkt\/atomiser-zector-8ms-110-01-orange\/#primaryimage"},"image":{"@id":"https:\/\/exparto.pl\/hu\/produkt\/atomiser-zector-8ms-110-01-orange\/#primaryimage"},"thumbnailUrl":"https:\/\/exparto.pl\/wp-content\/uploads\/2023\/09\/8a93a8760bda678c09a1ac083c11e6d3.jpg","datePublished":"2023-09-17T21:39:40+00:00","breadcrumb":{"@id":"https:\/\/exparto.pl\/hu\/produkt\/atomiser-zector-8ms-110-01-orange\/#breadcrumb"},"inLanguage":"hu","potentialAction":[{"@type":"ReadAction","target":["https:\/\/exparto.pl\/hu\/produkt\/atomiser-zector-8ms-110-01-orange\/"]}]},{"@type":"ImageObject","inLanguage":"hu","@id":"https:\/\/exparto.pl\/hu\/produkt\/atomiser-zector-8ms-110-01-orange\/#primaryimage","url":"https:\/\/exparto.pl\/wp-content\/uploads\/2023\/09\/8a93a8760bda678c09a1ac083c11e6d3.jpg","contentUrl":"https:\/\/exparto.pl\/wp-content\/uploads\/2023\/09\/8a93a8760bda678c09a1ac083c11e6d3.jpg","width":1000,"height":1000},{"@type":"BreadcrumbList","@id":"https:\/\/exparto.pl\/hu\/produkt\/atomiser-zector-8ms-110-01-orange\/#breadcrumb","itemListElement":[{"@type":"ListItem","position":1,"name":"Honlap","item":"https:\/\/exparto.pl\/hu\/"},{"@type":"ListItem","position":2,"name":"Sklep","item":"https:\/\/exparto.pl\/sklep\/"},{"@type":"ListItem","position":3,"name":"Alkatr\u00e9szek permetez\u0151g\u00e9pekhez","item":"https:\/\/exparto.pl\/hu\/termekkategoria\/alkatreszek-permetezogepekhez\/"},{"@type":"ListItem","position":4,"name":"Sprayk","item":"https:\/\/exparto.pl\/hu\/termekkategoria\/alkatreszek-permetezogepekhez\/sprayk\/"},{"@type":"ListItem","position":5,"name":"8MS 110 01 narancss\u00e1rga sz\u00edn\u0171 porlaszt\u00f3 porlaszt\u00f3"}]},{"@type":"WebSite","@id":"https:\/\/exparto.pl\/hu\/#website","url":"https:\/\/exparto.pl\/hu\/","name":"EXPARTO","description":"More than agro parts","publisher":{"@id":"https:\/\/exparto.pl\/hu\/#organization"},"potentialAction":[{"@type":"SearchAction","target":{"@type":"EntryPoint","urlTemplate":"https:\/\/exparto.pl\/hu\/?s={search_term_string}"},"query-input":{"@type":"PropertyValueSpecification","valueRequired":true,"valueName":"search_term_string"}}],"inLanguage":"hu"},{"@type":"Organization","@id":"https:\/\/exparto.pl\/hu\/#organization","name":"EXPARTO","url":"https:\/\/exparto.pl\/hu\/","logo":{"@type":"ImageObject","inLanguage":"hu","@id":"https:\/\/exparto.pl\/hu\/#\/schema\/logo\/image\/","url":"https:\/\/exparto.pl\/wp-content\/uploads\/2023\/02\/logo-wektor.png","contentUrl":"https:\/\/exparto.pl\/wp-content\/uploads\/2023\/02\/logo-wektor.png","width":1338,"height":143,"caption":"EXPARTO"},"image":{"@id":"https:\/\/exparto.pl\/hu\/#\/schema\/logo\/image\/"},"sameAs":["https:\/\/www.facebook.com\/exparto.agro\/"]}]}},"_links":{"self":[{"href":"https:\/\/exparto.pl\/hu\/wp-json\/wp\/v2\/product\/9816","targetHints":{"allow":["GET"]}}],"collection":[{"href":"https:\/\/exparto.pl\/hu\/wp-json\/wp\/v2\/product"}],"about":[{"href":"https:\/\/exparto.pl\/hu\/wp-json\/wp\/v2\/types\/product"}],"replies":[{"embeddable":true,"href":"https:\/\/exparto.pl\/hu\/wp-json\/wp\/v2\/comments?post=9816"}],"wp:featuredmedia":[{"embeddable":true,"href":"https:\/\/exparto.pl\/hu\/wp-json\/wp\/v2\/media\/9817"}],"wp:attachment":[{"href":"https:\/\/exparto.pl\/hu\/wp-json\/wp\/v2\/media?parent=9816"}],"wp:term":[{"taxonomy":"product_brand","embeddable":true,"href":"https:\/\/exparto.pl\/hu\/wp-json\/wp\/v2\/product_brand?post=9816"},{"taxonomy":"product_cat","embeddable":true,"href":"https:\/\/exparto.pl\/hu\/wp-json\/wp\/v2\/product_cat?post=9816"},{"taxonomy":"product_tag","embeddable":true,"href":"https:\/\/exparto.pl\/hu\/wp-json\/wp\/v2\/product_tag?post=9816"}],"curies":[{"name":"wp","href":"https:\/\/api.w.org\/{rel}","templated":true}]}}