{"id":9830,"date":"2023-09-17T23:48:46","date_gmt":"2023-09-17T21:48:46","guid":{"rendered":"https:\/\/exparto.pl\/produkt\/ejektoros-ventilator-spray-s90c-sarga\/"},"modified":"2023-09-17T23:48:46","modified_gmt":"2023-09-17T21:48:46","slug":"fuvoka-fuvoka-s90c-szines","status":"publish","type":"product","link":"https:\/\/exparto.pl\/hu\/produkt\/fuvoka-fuvoka-s90c-szines\/","title":{"rendered":"Ejektoros ventil\u00e1tor spray S90C s\u00e1rga"},"content":{"rendered":"<div style=\"text-align: justify\"><span style=\"color: inherit;font-weight: 700 !important\">Ejektoros ventil\u00e1tor spray S90C s\u00e1rga<\/span><\/div>\n<div style=\"text-align: justify\"><\/div>\n<ul>\n<li style=\"text-align: justify\">Lapos sug\u00e1r 90 fokos sz\u00f6gben;<\/li>\n<li style=\"text-align: justify\">Az alkalmazott Venturi cs\u0151 leveg\u0151zteti a cseppeket, amelyek a n\u00f6v\u00e9nnyel \u00e9rintkezve sok finomabb cseppre bomlanak sz\u00e9t;<\/li>\n<li style=\"text-align: justify\">Aj\u00e1nlott \u00fczemi nyom\u00e1s 5-15 bar;<\/li>\n<li style=\"text-align: justify\">A ker\u00e1mia bet\u00e9t 99,98%-os tisztas\u00e1g\u00fa cirk\u00f3nium-dioxidb\u00f3l k\u00e9sz\u00fcl, ez\u00e9rt a legmagasabb szil\u00e1rds\u00e1gi param\u00e9terekkel rendelkezik;<\/li>\n<\/ul>\n<p style=\"text-align: justify\"><span style=\"color: inherit;font-weight: 700 !important\">Felhaszn\u00e1l\u00e1s:&nbsp;<\/span>Gy\u00fcm\u00f6lcs\u00f6s\u00f6k \u00e9s k\u00fcl\u00f6nleges kult\u00far\u00e1k v\u00e9delme;<\/p>\n<p style=\"text-align: justify\"><span style=\"color: inherit;font-weight: 700 !important\">N\u00f6v\u00e9nyv\u00e9d\u0151 szerek:<\/span>&nbsp;gomba\u00f6l\u0151 szerek, rovar\u00f6l\u0151 szerek.&nbsp;<\/p>\n","protected":false},"excerpt":{"rendered":"<p style=\"text-align: justify\">Ejektoros ventil\u00e1tor spray S90C s\u00e1rga<\/p>\n","protected":false},"featured_media":9831,"comment_status":"open","ping_status":"closed","template":"","meta":{"_acf_changed":false,"inline_featured_image":false},"product_brand":[],"product_cat":[286],"product_tag":[],"class_list":{"0":"post-9830","1":"product","2":"type-product","3":"status-publish","4":"has-post-thumbnail","6":"product_cat-sprayk","8":"first","9":"instock","10":"taxable","11":"shipping-taxable","12":"purchasable","13":"product-type-simple"},"acf":[],"yoast_head":"<!-- This site is optimized with the Yoast SEO plugin v27.4 - https:\/\/yoast.com\/product\/yoast-seo-wordpress\/ -->\n<title>Ejektoros ventil\u00e1tor spray S90C s\u00e1rga - Exparto.pl<\/title>\n<meta name=\"robots\" content=\"index, follow, max-snippet:-1, max-image-preview:large, max-video-preview:-1\" \/>\n<link rel=\"canonical\" href=\"https:\/\/exparto.pl\/hu\/produkt\/fuvoka-fuvoka-s90c-szines\/\" \/>\n<meta property=\"og:locale\" content=\"hu_HU\" \/>\n<meta property=\"og:type\" content=\"article\" \/>\n<meta property=\"og:title\" content=\"Ejektoros ventil\u00e1tor spray S90C s\u00e1rga - Exparto.pl\" \/>\n<meta property=\"og:description\" content=\"Ejektoros ventil\u00e1tor spray S90C s\u00e1rga\" \/>\n<meta property=\"og:url\" content=\"https:\/\/exparto.pl\/hu\/produkt\/fuvoka-fuvoka-s90c-szines\/\" \/>\n<meta property=\"og:site_name\" content=\"Exparto.pl\" \/>\n<meta property=\"article:publisher\" content=\"https:\/\/www.facebook.com\/exparto.agro\/\" \/>\n<meta property=\"og:image\" content=\"https:\/\/exparto.pl\/wp-content\/uploads\/2023\/09\/90c413747e41e5e4cf21ded84165ed43.jpg\" \/>\n\t<meta property=\"og:image:width\" content=\"1000\" \/>\n\t<meta property=\"og:image:height\" content=\"1000\" \/>\n\t<meta property=\"og:image:type\" content=\"image\/jpeg\" \/>\n<meta name=\"twitter:card\" content=\"summary_large_image\" \/>\n<script type=\"application\/ld+json\" class=\"yoast-schema-graph\">{\"@context\":\"https:\\\/\\\/schema.org\",\"@graph\":[{\"@type\":\"WebPage\",\"@id\":\"https:\\\/\\\/exparto.pl\\\/hu\\\/produkt\\\/fuvoka-fuvoka-s90c-szines\\\/\",\"url\":\"https:\\\/\\\/exparto.pl\\\/hu\\\/produkt\\\/fuvoka-fuvoka-s90c-szines\\\/\",\"name\":\"Ejektoros ventil\u00e1tor spray S90C s\u00e1rga - Exparto.pl\",\"isPartOf\":{\"@id\":\"https:\\\/\\\/exparto.pl\\\/hu\\\/#website\"},\"primaryImageOfPage\":{\"@id\":\"https:\\\/\\\/exparto.pl\\\/hu\\\/produkt\\\/fuvoka-fuvoka-s90c-szines\\\/#primaryimage\"},\"image\":{\"@id\":\"https:\\\/\\\/exparto.pl\\\/hu\\\/produkt\\\/fuvoka-fuvoka-s90c-szines\\\/#primaryimage\"},\"thumbnailUrl\":\"https:\\\/\\\/exparto.pl\\\/wp-content\\\/uploads\\\/2023\\\/09\\\/90c413747e41e5e4cf21ded84165ed43.jpg\",\"datePublished\":\"2023-09-17T21:48:46+00:00\",\"breadcrumb\":{\"@id\":\"https:\\\/\\\/exparto.pl\\\/hu\\\/produkt\\\/fuvoka-fuvoka-s90c-szines\\\/#breadcrumb\"},\"inLanguage\":\"hu\",\"potentialAction\":[{\"@type\":\"ReadAction\",\"target\":[\"https:\\\/\\\/exparto.pl\\\/hu\\\/produkt\\\/fuvoka-fuvoka-s90c-szines\\\/\"]}]},{\"@type\":\"ImageObject\",\"inLanguage\":\"hu\",\"@id\":\"https:\\\/\\\/exparto.pl\\\/hu\\\/produkt\\\/fuvoka-fuvoka-s90c-szines\\\/#primaryimage\",\"url\":\"https:\\\/\\\/exparto.pl\\\/wp-content\\\/uploads\\\/2023\\\/09\\\/90c413747e41e5e4cf21ded84165ed43.jpg\",\"contentUrl\":\"https:\\\/\\\/exparto.pl\\\/wp-content\\\/uploads\\\/2023\\\/09\\\/90c413747e41e5e4cf21ded84165ed43.jpg\",\"width\":1000,\"height\":1000},{\"@type\":\"BreadcrumbList\",\"@id\":\"https:\\\/\\\/exparto.pl\\\/hu\\\/produkt\\\/fuvoka-fuvoka-s90c-szines\\\/#breadcrumb\",\"itemListElement\":[{\"@type\":\"ListItem\",\"position\":1,\"name\":\"Honlap\",\"item\":\"https:\\\/\\\/exparto.pl\\\/hu\\\/\"},{\"@type\":\"ListItem\",\"position\":2,\"name\":\"Sklep\",\"item\":\"https:\\\/\\\/exparto.pl\\\/sklep\\\/\"},{\"@type\":\"ListItem\",\"position\":3,\"name\":\"Alkatr\u00e9szek permetez\u0151g\u00e9pekhez\",\"item\":\"https:\\\/\\\/exparto.pl\\\/hu\\\/termekkategoria\\\/alkatreszek-permetezogepekhez\\\/\"},{\"@type\":\"ListItem\",\"position\":4,\"name\":\"Sprayk\",\"item\":\"https:\\\/\\\/exparto.pl\\\/hu\\\/termekkategoria\\\/alkatreszek-permetezogepekhez\\\/sprayk\\\/\"},{\"@type\":\"ListItem\",\"position\":5,\"name\":\"Ejektoros ventil\u00e1tor spray S90C s\u00e1rga\"}]},{\"@type\":\"WebSite\",\"@id\":\"https:\\\/\\\/exparto.pl\\\/hu\\\/#website\",\"url\":\"https:\\\/\\\/exparto.pl\\\/hu\\\/\",\"name\":\"EXPARTO\",\"description\":\"More than agro parts\",\"publisher\":{\"@id\":\"https:\\\/\\\/exparto.pl\\\/hu\\\/#organization\"},\"potentialAction\":[{\"@type\":\"SearchAction\",\"target\":{\"@type\":\"EntryPoint\",\"urlTemplate\":\"https:\\\/\\\/exparto.pl\\\/hu\\\/?s={search_term_string}\"},\"query-input\":{\"@type\":\"PropertyValueSpecification\",\"valueRequired\":true,\"valueName\":\"search_term_string\"}}],\"inLanguage\":\"hu\"},{\"@type\":\"Organization\",\"@id\":\"https:\\\/\\\/exparto.pl\\\/hu\\\/#organization\",\"name\":\"EXPARTO\",\"url\":\"https:\\\/\\\/exparto.pl\\\/hu\\\/\",\"logo\":{\"@type\":\"ImageObject\",\"inLanguage\":\"hu\",\"@id\":\"https:\\\/\\\/exparto.pl\\\/hu\\\/#\\\/schema\\\/logo\\\/image\\\/\",\"url\":\"https:\\\/\\\/exparto.pl\\\/wp-content\\\/uploads\\\/2023\\\/02\\\/logo-wektor.png\",\"contentUrl\":\"https:\\\/\\\/exparto.pl\\\/wp-content\\\/uploads\\\/2023\\\/02\\\/logo-wektor.png\",\"width\":1338,\"height\":143,\"caption\":\"EXPARTO\"},\"image\":{\"@id\":\"https:\\\/\\\/exparto.pl\\\/hu\\\/#\\\/schema\\\/logo\\\/image\\\/\"},\"sameAs\":[\"https:\\\/\\\/www.facebook.com\\\/exparto.agro\\\/\"]}]}<\/script>\n<!-- \/ Yoast SEO plugin. -->","yoast_head_json":{"title":"Ejektoros ventil\u00e1tor spray S90C s\u00e1rga - Exparto.pl","robots":{"index":"index","follow":"follow","max-snippet":"max-snippet:-1","max-image-preview":"max-image-preview:large","max-video-preview":"max-video-preview:-1"},"canonical":"https:\/\/exparto.pl\/hu\/produkt\/fuvoka-fuvoka-s90c-szines\/","og_locale":"hu_HU","og_type":"article","og_title":"Ejektoros ventil\u00e1tor spray S90C s\u00e1rga - Exparto.pl","og_description":"Ejektoros ventil\u00e1tor spray S90C s\u00e1rga","og_url":"https:\/\/exparto.pl\/hu\/produkt\/fuvoka-fuvoka-s90c-szines\/","og_site_name":"Exparto.pl","article_publisher":"https:\/\/www.facebook.com\/exparto.agro\/","og_image":[{"width":1000,"height":1000,"url":"https:\/\/exparto.pl\/wp-content\/uploads\/2023\/09\/90c413747e41e5e4cf21ded84165ed43.jpg","type":"image\/jpeg"}],"twitter_card":"summary_large_image","schema":{"@context":"https:\/\/schema.org","@graph":[{"@type":"WebPage","@id":"https:\/\/exparto.pl\/hu\/produkt\/fuvoka-fuvoka-s90c-szines\/","url":"https:\/\/exparto.pl\/hu\/produkt\/fuvoka-fuvoka-s90c-szines\/","name":"Ejektoros ventil\u00e1tor spray S90C s\u00e1rga - Exparto.pl","isPartOf":{"@id":"https:\/\/exparto.pl\/hu\/#website"},"primaryImageOfPage":{"@id":"https:\/\/exparto.pl\/hu\/produkt\/fuvoka-fuvoka-s90c-szines\/#primaryimage"},"image":{"@id":"https:\/\/exparto.pl\/hu\/produkt\/fuvoka-fuvoka-s90c-szines\/#primaryimage"},"thumbnailUrl":"https:\/\/exparto.pl\/wp-content\/uploads\/2023\/09\/90c413747e41e5e4cf21ded84165ed43.jpg","datePublished":"2023-09-17T21:48:46+00:00","breadcrumb":{"@id":"https:\/\/exparto.pl\/hu\/produkt\/fuvoka-fuvoka-s90c-szines\/#breadcrumb"},"inLanguage":"hu","potentialAction":[{"@type":"ReadAction","target":["https:\/\/exparto.pl\/hu\/produkt\/fuvoka-fuvoka-s90c-szines\/"]}]},{"@type":"ImageObject","inLanguage":"hu","@id":"https:\/\/exparto.pl\/hu\/produkt\/fuvoka-fuvoka-s90c-szines\/#primaryimage","url":"https:\/\/exparto.pl\/wp-content\/uploads\/2023\/09\/90c413747e41e5e4cf21ded84165ed43.jpg","contentUrl":"https:\/\/exparto.pl\/wp-content\/uploads\/2023\/09\/90c413747e41e5e4cf21ded84165ed43.jpg","width":1000,"height":1000},{"@type":"BreadcrumbList","@id":"https:\/\/exparto.pl\/hu\/produkt\/fuvoka-fuvoka-s90c-szines\/#breadcrumb","itemListElement":[{"@type":"ListItem","position":1,"name":"Honlap","item":"https:\/\/exparto.pl\/hu\/"},{"@type":"ListItem","position":2,"name":"Sklep","item":"https:\/\/exparto.pl\/sklep\/"},{"@type":"ListItem","position":3,"name":"Alkatr\u00e9szek permetez\u0151g\u00e9pekhez","item":"https:\/\/exparto.pl\/hu\/termekkategoria\/alkatreszek-permetezogepekhez\/"},{"@type":"ListItem","position":4,"name":"Sprayk","item":"https:\/\/exparto.pl\/hu\/termekkategoria\/alkatreszek-permetezogepekhez\/sprayk\/"},{"@type":"ListItem","position":5,"name":"Ejektoros ventil\u00e1tor spray S90C s\u00e1rga"}]},{"@type":"WebSite","@id":"https:\/\/exparto.pl\/hu\/#website","url":"https:\/\/exparto.pl\/hu\/","name":"EXPARTO","description":"More than agro parts","publisher":{"@id":"https:\/\/exparto.pl\/hu\/#organization"},"potentialAction":[{"@type":"SearchAction","target":{"@type":"EntryPoint","urlTemplate":"https:\/\/exparto.pl\/hu\/?s={search_term_string}"},"query-input":{"@type":"PropertyValueSpecification","valueRequired":true,"valueName":"search_term_string"}}],"inLanguage":"hu"},{"@type":"Organization","@id":"https:\/\/exparto.pl\/hu\/#organization","name":"EXPARTO","url":"https:\/\/exparto.pl\/hu\/","logo":{"@type":"ImageObject","inLanguage":"hu","@id":"https:\/\/exparto.pl\/hu\/#\/schema\/logo\/image\/","url":"https:\/\/exparto.pl\/wp-content\/uploads\/2023\/02\/logo-wektor.png","contentUrl":"https:\/\/exparto.pl\/wp-content\/uploads\/2023\/02\/logo-wektor.png","width":1338,"height":143,"caption":"EXPARTO"},"image":{"@id":"https:\/\/exparto.pl\/hu\/#\/schema\/logo\/image\/"},"sameAs":["https:\/\/www.facebook.com\/exparto.agro\/"]}]}},"_links":{"self":[{"href":"https:\/\/exparto.pl\/hu\/wp-json\/wp\/v2\/product\/9830","targetHints":{"allow":["GET"]}}],"collection":[{"href":"https:\/\/exparto.pl\/hu\/wp-json\/wp\/v2\/product"}],"about":[{"href":"https:\/\/exparto.pl\/hu\/wp-json\/wp\/v2\/types\/product"}],"replies":[{"embeddable":true,"href":"https:\/\/exparto.pl\/hu\/wp-json\/wp\/v2\/comments?post=9830"}],"wp:featuredmedia":[{"embeddable":true,"href":"https:\/\/exparto.pl\/hu\/wp-json\/wp\/v2\/media\/9831"}],"wp:attachment":[{"href":"https:\/\/exparto.pl\/hu\/wp-json\/wp\/v2\/media?parent=9830"}],"wp:term":[{"taxonomy":"product_brand","embeddable":true,"href":"https:\/\/exparto.pl\/hu\/wp-json\/wp\/v2\/product_brand?post=9830"},{"taxonomy":"product_cat","embeddable":true,"href":"https:\/\/exparto.pl\/hu\/wp-json\/wp\/v2\/product_cat?post=9830"},{"taxonomy":"product_tag","embeddable":true,"href":"https:\/\/exparto.pl\/hu\/wp-json\/wp\/v2\/product_tag?post=9830"}],"curies":[{"name":"wp","href":"https:\/\/api.w.org\/{rel}","templated":true}]}}