{"id":9862,"date":"2023-09-17T23:37:25","date_gmt":"2023-09-17T21:37:25","guid":{"rendered":"https:\/\/exparto.pl\/produkt\/ketaramu-porlaszto-porlaszto-6msp2-kek\/"},"modified":"2023-09-17T23:37:25","modified_gmt":"2023-09-17T21:37:25","slug":"fuvoka-fuvoka-dupla-csepp-6msp2-kek","status":"publish","type":"product","link":"https:\/\/exparto.pl\/hu\/produkt\/fuvoka-fuvoka-dupla-csepp-6msp2-kek\/","title":{"rendered":"K\u00e9t\u00e1ram\u00fa porlaszt\u00f3 porlaszt\u00f3 6MSP2 k\u00e9k"},"content":{"rendered":"<p style=\"text-align: justify\">K\u00e9t\u00e1ram\u00fa porlaszt\u00f3 porlaszt\u00f3 r\u00f3zsasz\u00edn\u0171, szervetlen molekul\u00e1kkal meger\u0151s\u00edtett polimer bet\u00e9ttel. Ez az \u00faj, innovat\u00edv gy\u00e1rt\u00e1si technol\u00f3gia, amely egy k\u00e9tkomponens\u0171, h\u00e1zb\u00f3l \u00e9s egy speci\u00e1lisan szervetlen molekul\u00e1kkal meger\u0151s\u00edtett bet\u00e9tb\u0151l \u00e1ll\u00f3 f\u00fav\u00f3kaszerkezetb\u0151l \u00e1ll, lehet\u0151v\u00e9 teszi a f\u00fav\u00f3ka kop\u00e1s\u00e1nak n\u00e9gyszeres cs\u00f6kkent\u00e9s\u00e9t, mik\u00f6zben a jelenlegi szabv\u00e1nyoknak megfelel\u0151 legmagasabb sz\u00f3r\u00e1si param\u00e9tereket tartja fenn. A szervetlen sz\u00e1lakkal er\u0151s\u00edtett f\u00fav\u00f3k\u00e1k \u00faj term\u00e9kcsal\u00e1dja ide\u00e1lis megold\u00e1s a k\u00f6zepes term\u0151ter\u00fclettel rendelkez\u0151 gazd\u00e1lkod\u00f3k sz\u00e1m\u00e1ra, ahol a hagyom\u00e1nyos m\u0171anyag f\u00fav\u00f3k\u00e1k nem el\u00e9g tart\u00f3sak \u00e9s t\u00fal gyorsan kimos\u00f3dnak.<\/p>\n<ul>\n<li> A porlaszt\u00f3 a sz\u00f3r\u00f3fejet kett\u00e9osztja &#8211; a f\u00fcgg\u0151leges tengelyt\u0151l 30\u00ba-kal el\u0151re \u00e9s 30\u00ba-kal h\u00e1trafel\u00e9, ami a permetezett n\u00f6v\u00e9ny jobb lefedetts\u00e9g\u00e9t eredm\u00e9nyezi;<\/li>\n<li>  Ak\u00e1r 6 m\/s sz\u00e9lsebess\u00e9g\u0171 kezel\u00e9st is lehet\u0151v\u00e9 tesz;<\/li>\n<li> Az innovat\u00edv k\u00e9tr\u00e9szes f\u00fav\u00f3ka-technol\u00f3gia kiv\u00e1l\u00f3 sz\u00f3r\u00e1segyenletess\u00e9get biztos\u00edt;<\/li>\n<li> A kifejezetten szervetlen molekul\u00e1kkal meger\u0151s\u00edtett r\u00f3zsasz\u00edn bet\u00e9t t\u00f6bb mint n\u00e9gyszeres\u00e9re n\u00f6veli az \u00e9lettartam\u00e1t;<\/li>\n<li> Kiz\u00e1r\u00f3lag gondosan kiv\u00e1lasztott besz\u00e1ll\u00edt\u00f3kt\u00f3l sz\u00e1rmaz\u00f3, kiv\u00e1l\u00f3 min\u0151s\u00e9g\u0171 anyagokb\u00f3l k\u00e9sz\u00fcl;<\/li>\n<li> S\u0171r\u0171 \u00e9s nagyon s\u0171r\u0171 leveg\u0151j\u0171 cseppeket termel, amelyek ellen\u00e1llnak a sodr\u00f3d\u00e1snak;<\/li>\n<li> Szigor\u00fa min\u0151s\u00e9gi vizsg\u00e1latoknak vetik al\u00e1;<\/li>\n<li> Az univerz\u00e1lis kialak\u00edt\u00e1s minden szabv\u00e1nyos fej- \u00e9s testt\u00edpushoz illeszkedik;<\/li>\n<li> Sz\u00edn \u00e9s teljes\u00edtm\u00e9ny a sz\u00e1nt\u00f3f\u00f6ldi permetez\u00e9sekre vonatkoz\u00f3 ISO-szabv\u00e1nynak megfelel\u0151en;<\/li>\n<li>  Felhaszn\u00e1l\u00e1s: N\u00f6v\u00e9nyv\u00e9d\u0151 szerekhez \u00e9s n\u00f6veked\u00e9sszab\u00e1lyoz\u00f3khoz.<\/li>\n<\/ul>\n","protected":false},"excerpt":{"rendered":"<p style=\"text-align: justify\">K\u00e9t\u00e1ram\u00fa porlaszt\u00f3 porlaszt\u00f3 r\u00f3zsasz\u00edn\u0171, szervetlen molekul\u00e1kkal meger\u0151s\u00edtett polimer bet\u00e9ttel.<\/p>\n","protected":false},"featured_media":9863,"comment_status":"open","ping_status":"closed","template":"","meta":{"_acf_changed":false,"inline_featured_image":false},"product_brand":[],"product_cat":[219,286],"product_tag":[],"class_list":{"0":"post-9862","1":"product","2":"type-product","3":"status-publish","4":"has-post-thumbnail","6":"product_cat-alkatreszek-permetezogepekhez","7":"product_cat-sprayk","9":"first","10":"instock","11":"taxable","12":"shipping-taxable","13":"purchasable","14":"product-type-simple"},"acf":[],"yoast_head":"<!-- This site is optimized with the Yoast SEO plugin v27.4 - https:\/\/yoast.com\/product\/yoast-seo-wordpress\/ -->\n<title>K\u00e9t\u00e1ram\u00fa porlaszt\u00f3 porlaszt\u00f3 6MSP2 k\u00e9k - Exparto.pl<\/title>\n<meta name=\"robots\" content=\"index, follow, max-snippet:-1, max-image-preview:large, max-video-preview:-1\" \/>\n<link rel=\"canonical\" href=\"https:\/\/exparto.pl\/hu\/produkt\/fuvoka-fuvoka-dupla-csepp-6msp2-kek\/\" \/>\n<meta property=\"og:locale\" content=\"hu_HU\" \/>\n<meta property=\"og:type\" content=\"article\" \/>\n<meta property=\"og:title\" content=\"K\u00e9t\u00e1ram\u00fa porlaszt\u00f3 porlaszt\u00f3 6MSP2 k\u00e9k - Exparto.pl\" \/>\n<meta property=\"og:description\" content=\"K\u00e9t\u00e1ram\u00fa porlaszt\u00f3 porlaszt\u00f3 r\u00f3zsasz\u00edn\u0171, szervetlen molekul\u00e1kkal meger\u0151s\u00edtett polimer bet\u00e9ttel.\" \/>\n<meta property=\"og:url\" content=\"https:\/\/exparto.pl\/hu\/produkt\/fuvoka-fuvoka-dupla-csepp-6msp2-kek\/\" \/>\n<meta property=\"og:site_name\" content=\"Exparto.pl\" \/>\n<meta property=\"article:publisher\" content=\"https:\/\/www.facebook.com\/exparto.agro\/\" \/>\n<meta property=\"og:image\" content=\"https:\/\/exparto.pl\/wp-content\/uploads\/2023\/09\/881df4896d06b263db1cbe2e0afeb0fd.jpg\" \/>\n\t<meta property=\"og:image:width\" content=\"1000\" \/>\n\t<meta property=\"og:image:height\" content=\"1000\" \/>\n\t<meta property=\"og:image:type\" content=\"image\/jpeg\" \/>\n<meta name=\"twitter:card\" content=\"summary_large_image\" \/>\n<meta name=\"twitter:label1\" content=\"Becs\u00fclt olvas\u00e1si id\u0151\" \/>\n\t<meta name=\"twitter:data1\" content=\"2 perc\" \/>\n<script type=\"application\/ld+json\" class=\"yoast-schema-graph\">{\"@context\":\"https:\\\/\\\/schema.org\",\"@graph\":[{\"@type\":\"WebPage\",\"@id\":\"https:\\\/\\\/exparto.pl\\\/hu\\\/produkt\\\/fuvoka-fuvoka-dupla-csepp-6msp2-kek\\\/\",\"url\":\"https:\\\/\\\/exparto.pl\\\/hu\\\/produkt\\\/fuvoka-fuvoka-dupla-csepp-6msp2-kek\\\/\",\"name\":\"K\u00e9t\u00e1ram\u00fa porlaszt\u00f3 porlaszt\u00f3 6MSP2 k\u00e9k - Exparto.pl\",\"isPartOf\":{\"@id\":\"https:\\\/\\\/exparto.pl\\\/hu\\\/#website\"},\"primaryImageOfPage\":{\"@id\":\"https:\\\/\\\/exparto.pl\\\/hu\\\/produkt\\\/fuvoka-fuvoka-dupla-csepp-6msp2-kek\\\/#primaryimage\"},\"image\":{\"@id\":\"https:\\\/\\\/exparto.pl\\\/hu\\\/produkt\\\/fuvoka-fuvoka-dupla-csepp-6msp2-kek\\\/#primaryimage\"},\"thumbnailUrl\":\"https:\\\/\\\/exparto.pl\\\/wp-content\\\/uploads\\\/2023\\\/09\\\/881df4896d06b263db1cbe2e0afeb0fd.jpg\",\"datePublished\":\"2023-09-17T21:37:25+00:00\",\"breadcrumb\":{\"@id\":\"https:\\\/\\\/exparto.pl\\\/hu\\\/produkt\\\/fuvoka-fuvoka-dupla-csepp-6msp2-kek\\\/#breadcrumb\"},\"inLanguage\":\"hu\",\"potentialAction\":[{\"@type\":\"ReadAction\",\"target\":[\"https:\\\/\\\/exparto.pl\\\/hu\\\/produkt\\\/fuvoka-fuvoka-dupla-csepp-6msp2-kek\\\/\"]}]},{\"@type\":\"ImageObject\",\"inLanguage\":\"hu\",\"@id\":\"https:\\\/\\\/exparto.pl\\\/hu\\\/produkt\\\/fuvoka-fuvoka-dupla-csepp-6msp2-kek\\\/#primaryimage\",\"url\":\"https:\\\/\\\/exparto.pl\\\/wp-content\\\/uploads\\\/2023\\\/09\\\/881df4896d06b263db1cbe2e0afeb0fd.jpg\",\"contentUrl\":\"https:\\\/\\\/exparto.pl\\\/wp-content\\\/uploads\\\/2023\\\/09\\\/881df4896d06b263db1cbe2e0afeb0fd.jpg\",\"width\":1000,\"height\":1000},{\"@type\":\"BreadcrumbList\",\"@id\":\"https:\\\/\\\/exparto.pl\\\/hu\\\/produkt\\\/fuvoka-fuvoka-dupla-csepp-6msp2-kek\\\/#breadcrumb\",\"itemListElement\":[{\"@type\":\"ListItem\",\"position\":1,\"name\":\"Honlap\",\"item\":\"https:\\\/\\\/exparto.pl\\\/hu\\\/\"},{\"@type\":\"ListItem\",\"position\":2,\"name\":\"Sklep\",\"item\":\"https:\\\/\\\/exparto.pl\\\/sklep\\\/\"},{\"@type\":\"ListItem\",\"position\":3,\"name\":\"Alkatr\u00e9szek permetez\u0151g\u00e9pekhez\",\"item\":\"https:\\\/\\\/exparto.pl\\\/hu\\\/termekkategoria\\\/alkatreszek-permetezogepekhez\\\/\"},{\"@type\":\"ListItem\",\"position\":4,\"name\":\"Sprayk\",\"item\":\"https:\\\/\\\/exparto.pl\\\/hu\\\/termekkategoria\\\/alkatreszek-permetezogepekhez\\\/sprayk\\\/\"},{\"@type\":\"ListItem\",\"position\":5,\"name\":\"K\u00e9t\u00e1ram\u00fa porlaszt\u00f3 porlaszt\u00f3 6MSP2 k\u00e9k\"}]},{\"@type\":\"WebSite\",\"@id\":\"https:\\\/\\\/exparto.pl\\\/hu\\\/#website\",\"url\":\"https:\\\/\\\/exparto.pl\\\/hu\\\/\",\"name\":\"EXPARTO\",\"description\":\"More than agro parts\",\"publisher\":{\"@id\":\"https:\\\/\\\/exparto.pl\\\/hu\\\/#organization\"},\"potentialAction\":[{\"@type\":\"SearchAction\",\"target\":{\"@type\":\"EntryPoint\",\"urlTemplate\":\"https:\\\/\\\/exparto.pl\\\/hu\\\/?s={search_term_string}\"},\"query-input\":{\"@type\":\"PropertyValueSpecification\",\"valueRequired\":true,\"valueName\":\"search_term_string\"}}],\"inLanguage\":\"hu\"},{\"@type\":\"Organization\",\"@id\":\"https:\\\/\\\/exparto.pl\\\/hu\\\/#organization\",\"name\":\"EXPARTO\",\"url\":\"https:\\\/\\\/exparto.pl\\\/hu\\\/\",\"logo\":{\"@type\":\"ImageObject\",\"inLanguage\":\"hu\",\"@id\":\"https:\\\/\\\/exparto.pl\\\/hu\\\/#\\\/schema\\\/logo\\\/image\\\/\",\"url\":\"https:\\\/\\\/exparto.pl\\\/wp-content\\\/uploads\\\/2023\\\/02\\\/logo-wektor.png\",\"contentUrl\":\"https:\\\/\\\/exparto.pl\\\/wp-content\\\/uploads\\\/2023\\\/02\\\/logo-wektor.png\",\"width\":1338,\"height\":143,\"caption\":\"EXPARTO\"},\"image\":{\"@id\":\"https:\\\/\\\/exparto.pl\\\/hu\\\/#\\\/schema\\\/logo\\\/image\\\/\"},\"sameAs\":[\"https:\\\/\\\/www.facebook.com\\\/exparto.agro\\\/\"]}]}<\/script>\n<!-- \/ Yoast SEO plugin. -->","yoast_head_json":{"title":"K\u00e9t\u00e1ram\u00fa porlaszt\u00f3 porlaszt\u00f3 6MSP2 k\u00e9k - Exparto.pl","robots":{"index":"index","follow":"follow","max-snippet":"max-snippet:-1","max-image-preview":"max-image-preview:large","max-video-preview":"max-video-preview:-1"},"canonical":"https:\/\/exparto.pl\/hu\/produkt\/fuvoka-fuvoka-dupla-csepp-6msp2-kek\/","og_locale":"hu_HU","og_type":"article","og_title":"K\u00e9t\u00e1ram\u00fa porlaszt\u00f3 porlaszt\u00f3 6MSP2 k\u00e9k - Exparto.pl","og_description":"K\u00e9t\u00e1ram\u00fa porlaszt\u00f3 porlaszt\u00f3 r\u00f3zsasz\u00edn\u0171, szervetlen molekul\u00e1kkal meger\u0151s\u00edtett polimer bet\u00e9ttel.","og_url":"https:\/\/exparto.pl\/hu\/produkt\/fuvoka-fuvoka-dupla-csepp-6msp2-kek\/","og_site_name":"Exparto.pl","article_publisher":"https:\/\/www.facebook.com\/exparto.agro\/","og_image":[{"width":1000,"height":1000,"url":"https:\/\/exparto.pl\/wp-content\/uploads\/2023\/09\/881df4896d06b263db1cbe2e0afeb0fd.jpg","type":"image\/jpeg"}],"twitter_card":"summary_large_image","twitter_misc":{"Becs\u00fclt olvas\u00e1si id\u0151":"2 perc"},"schema":{"@context":"https:\/\/schema.org","@graph":[{"@type":"WebPage","@id":"https:\/\/exparto.pl\/hu\/produkt\/fuvoka-fuvoka-dupla-csepp-6msp2-kek\/","url":"https:\/\/exparto.pl\/hu\/produkt\/fuvoka-fuvoka-dupla-csepp-6msp2-kek\/","name":"K\u00e9t\u00e1ram\u00fa porlaszt\u00f3 porlaszt\u00f3 6MSP2 k\u00e9k - Exparto.pl","isPartOf":{"@id":"https:\/\/exparto.pl\/hu\/#website"},"primaryImageOfPage":{"@id":"https:\/\/exparto.pl\/hu\/produkt\/fuvoka-fuvoka-dupla-csepp-6msp2-kek\/#primaryimage"},"image":{"@id":"https:\/\/exparto.pl\/hu\/produkt\/fuvoka-fuvoka-dupla-csepp-6msp2-kek\/#primaryimage"},"thumbnailUrl":"https:\/\/exparto.pl\/wp-content\/uploads\/2023\/09\/881df4896d06b263db1cbe2e0afeb0fd.jpg","datePublished":"2023-09-17T21:37:25+00:00","breadcrumb":{"@id":"https:\/\/exparto.pl\/hu\/produkt\/fuvoka-fuvoka-dupla-csepp-6msp2-kek\/#breadcrumb"},"inLanguage":"hu","potentialAction":[{"@type":"ReadAction","target":["https:\/\/exparto.pl\/hu\/produkt\/fuvoka-fuvoka-dupla-csepp-6msp2-kek\/"]}]},{"@type":"ImageObject","inLanguage":"hu","@id":"https:\/\/exparto.pl\/hu\/produkt\/fuvoka-fuvoka-dupla-csepp-6msp2-kek\/#primaryimage","url":"https:\/\/exparto.pl\/wp-content\/uploads\/2023\/09\/881df4896d06b263db1cbe2e0afeb0fd.jpg","contentUrl":"https:\/\/exparto.pl\/wp-content\/uploads\/2023\/09\/881df4896d06b263db1cbe2e0afeb0fd.jpg","width":1000,"height":1000},{"@type":"BreadcrumbList","@id":"https:\/\/exparto.pl\/hu\/produkt\/fuvoka-fuvoka-dupla-csepp-6msp2-kek\/#breadcrumb","itemListElement":[{"@type":"ListItem","position":1,"name":"Honlap","item":"https:\/\/exparto.pl\/hu\/"},{"@type":"ListItem","position":2,"name":"Sklep","item":"https:\/\/exparto.pl\/sklep\/"},{"@type":"ListItem","position":3,"name":"Alkatr\u00e9szek permetez\u0151g\u00e9pekhez","item":"https:\/\/exparto.pl\/hu\/termekkategoria\/alkatreszek-permetezogepekhez\/"},{"@type":"ListItem","position":4,"name":"Sprayk","item":"https:\/\/exparto.pl\/hu\/termekkategoria\/alkatreszek-permetezogepekhez\/sprayk\/"},{"@type":"ListItem","position":5,"name":"K\u00e9t\u00e1ram\u00fa porlaszt\u00f3 porlaszt\u00f3 6MSP2 k\u00e9k"}]},{"@type":"WebSite","@id":"https:\/\/exparto.pl\/hu\/#website","url":"https:\/\/exparto.pl\/hu\/","name":"EXPARTO","description":"More than agro parts","publisher":{"@id":"https:\/\/exparto.pl\/hu\/#organization"},"potentialAction":[{"@type":"SearchAction","target":{"@type":"EntryPoint","urlTemplate":"https:\/\/exparto.pl\/hu\/?s={search_term_string}"},"query-input":{"@type":"PropertyValueSpecification","valueRequired":true,"valueName":"search_term_string"}}],"inLanguage":"hu"},{"@type":"Organization","@id":"https:\/\/exparto.pl\/hu\/#organization","name":"EXPARTO","url":"https:\/\/exparto.pl\/hu\/","logo":{"@type":"ImageObject","inLanguage":"hu","@id":"https:\/\/exparto.pl\/hu\/#\/schema\/logo\/image\/","url":"https:\/\/exparto.pl\/wp-content\/uploads\/2023\/02\/logo-wektor.png","contentUrl":"https:\/\/exparto.pl\/wp-content\/uploads\/2023\/02\/logo-wektor.png","width":1338,"height":143,"caption":"EXPARTO"},"image":{"@id":"https:\/\/exparto.pl\/hu\/#\/schema\/logo\/image\/"},"sameAs":["https:\/\/www.facebook.com\/exparto.agro\/"]}]}},"_links":{"self":[{"href":"https:\/\/exparto.pl\/hu\/wp-json\/wp\/v2\/product\/9862","targetHints":{"allow":["GET"]}}],"collection":[{"href":"https:\/\/exparto.pl\/hu\/wp-json\/wp\/v2\/product"}],"about":[{"href":"https:\/\/exparto.pl\/hu\/wp-json\/wp\/v2\/types\/product"}],"replies":[{"embeddable":true,"href":"https:\/\/exparto.pl\/hu\/wp-json\/wp\/v2\/comments?post=9862"}],"wp:featuredmedia":[{"embeddable":true,"href":"https:\/\/exparto.pl\/hu\/wp-json\/wp\/v2\/media\/9863"}],"wp:attachment":[{"href":"https:\/\/exparto.pl\/hu\/wp-json\/wp\/v2\/media?parent=9862"}],"wp:term":[{"taxonomy":"product_brand","embeddable":true,"href":"https:\/\/exparto.pl\/hu\/wp-json\/wp\/v2\/product_brand?post=9862"},{"taxonomy":"product_cat","embeddable":true,"href":"https:\/\/exparto.pl\/hu\/wp-json\/wp\/v2\/product_cat?post=9862"},{"taxonomy":"product_tag","embeddable":true,"href":"https:\/\/exparto.pl\/hu\/wp-json\/wp\/v2\/product_tag?post=9862"}],"curies":[{"name":"wp","href":"https:\/\/api.w.org\/{rel}","templated":true}]}}