{"id":9864,"date":"2023-09-09T20:03:41","date_gmt":"2023-09-09T18:03:41","guid":{"rendered":"https:\/\/exparto.pl\/produkt\/kabel-2000-mm-gombfelszereles\/"},"modified":"2023-09-09T20:03:41","modified_gmt":"2023-09-09T18:03:41","slug":"lines-2m-osszeszerelo-keszlet-eloszto","status":"publish","type":"product","link":"https:\/\/exparto.pl\/hu\/produkt\/lines-2m-osszeszerelo-keszlet-eloszto\/","title":{"rendered":"K\u00e1bel 2000 mm &#8211; g\u00f6mbfelszerel\u00e9s"},"content":{"rendered":"<p class=\"MsoNormal\" style=\"text-align: justify;\">A hidraulikus rendszerekben a mez\u0151gazdas\u00e1gban, az iparban \u00e9s az \u00e9p\u00edt\u0151iparban <span style=\"color: inherit;\">is jelent\u0151s m\u00e9rt\u00e9kben alkalmazz\u00e1k<\/span>.<\/p>\n<p class=\"MsoNormal\" style=\"text-align: justify;\">A vonalak alkalmasak k\u00fcl\u00f6nb\u00f6z\u0151 t\u00edpus\u00fa g\u00e9pek <span style=\"color: inherit;\">hidraulikus eloszt\u00f3inak vez\u00e9rl\u00e9s\u00e9re<\/span>, mint p\u00e9ld\u00e1ul: mez\u0151gazdas\u00e1gi g\u00e9pek, HDS rakod\u00f3k, permetez\u0151k, ciklopszok, aurok, traktorok, \u00e9p\u00edt\u0151ipari g\u00e9pek, rakod\u00f3k, kotr\u00f3g\u00e9pek, ipari g\u00e9pek, sepr\u0151g\u00e9pek \u00e9s egy\u00e9b joystickkal vez\u00e9relt hidraulikus berendez\u00e9sek.<\/p>\n","protected":false},"excerpt":{"rendered":"<p class=\"MsoNormal\" style=\"text-align: justify;\">A hidraulikus rendszerekben a mez\u0151gazdas\u00e1gban, az iparban \u00e9s az \u00e9p\u00edt\u0151iparban <span style=\"color: inherit;\">is jelent\u0151s m\u00e9rt\u00e9kben alkalmazz\u00e1k<\/span>.<\/p>\n<p class=\"MsoNormal\" style=\"text-align: justify;\">A vonalak alkalmasak k\u00fcl\u00f6nb\u00f6z\u0151 t\u00edpus\u00fa g\u00e9pek <span style=\"color: inherit;\">hidraulikus eloszt\u00f3inak vez\u00e9rl\u00e9s\u00e9re<\/span>, mint p\u00e9ld\u00e1ul: mez\u0151gazdas\u00e1gi g\u00e9pek, HDS rakod\u00f3k, permetez\u0151k, ciklopszok, aurok, traktorok, \u00e9p\u00edt\u0151ipari g\u00e9pek, rakod\u00f3k, kotr\u00f3g\u00e9pek, ipari g\u00e9pek, sepr\u0151g\u00e9pek \u00e9s egy\u00e9b joystickkal vez\u00e9relt hidraulikus berendez\u00e9sek.<\/p>\n","protected":false},"featured_media":9865,"comment_status":"open","ping_status":"closed","template":"","meta":{"_acf_changed":false,"inline_featured_image":false},"product_brand":[],"product_cat":[288,289],"product_tag":[],"class_list":{"0":"post-9864","1":"product","2":"type-product","3":"status-publish","4":"has-post-thumbnail","6":"product_cat-linkek-a-gyujtocsovekhez","7":"product_cat-linkek-gombtartoval","9":"first","10":"instock","11":"taxable","12":"shipping-taxable","13":"purchasable","14":"product-type-simple"},"acf":[],"yoast_head":"<!-- This site is optimized with the Yoast SEO plugin v27.4 - https:\/\/yoast.com\/product\/yoast-seo-wordpress\/ -->\n<title>K\u00e1bel 2000 mm - g\u00f6mbfelszerel\u00e9s - Exparto.pl<\/title>\n<meta name=\"robots\" content=\"index, follow, max-snippet:-1, max-image-preview:large, max-video-preview:-1\" \/>\n<link rel=\"canonical\" href=\"https:\/\/exparto.pl\/hu\/produkt\/lines-2m-osszeszerelo-keszlet-eloszto\/\" \/>\n<meta property=\"og:locale\" content=\"hu_HU\" \/>\n<meta property=\"og:type\" content=\"article\" \/>\n<meta property=\"og:title\" content=\"K\u00e1bel 2000 mm - g\u00f6mbfelszerel\u00e9s - Exparto.pl\" \/>\n<meta property=\"og:description\" content=\"A hidraulikus rendszerekben a mez\u0151gazdas\u00e1gban, az iparban \u00e9s az \u00e9p\u00edt\u0151iparban is jelent\u0151s m\u00e9rt\u00e9kben alkalmazz\u00e1k. A vonalak alkalmasak k\u00fcl\u00f6nb\u00f6z\u0151 t\u00edpus\u00fa g\u00e9pek hidraulikus eloszt\u00f3inak vez\u00e9rl\u00e9s\u00e9re, mint p\u00e9ld\u00e1ul: mez\u0151gazdas\u00e1gi g\u00e9pek, HDS rakod\u00f3k, permetez\u0151k, ciklopszok, aurok, traktorok, \u00e9p\u00edt\u0151ipari g\u00e9pek, rakod\u00f3k, kotr\u00f3g\u00e9pek, ipari g\u00e9pek, sepr\u0151g\u00e9pek \u00e9s egy\u00e9b joystickkal vez\u00e9relt hidraulikus berendez\u00e9sek.\" \/>\n<meta property=\"og:url\" content=\"https:\/\/exparto.pl\/hu\/produkt\/lines-2m-osszeszerelo-keszlet-eloszto\/\" \/>\n<meta property=\"og:site_name\" content=\"Exparto.pl\" \/>\n<meta property=\"article:publisher\" content=\"https:\/\/www.facebook.com\/exparto.agro\/\" \/>\n<meta property=\"og:image\" content=\"https:\/\/exparto.pl\/wp-content\/uploads\/2023\/09\/3e13f4ba4aff38ff40ef5f8de620f2ce.jpg\" \/>\n\t<meta property=\"og:image:width\" content=\"1000\" \/>\n\t<meta property=\"og:image:height\" content=\"1000\" \/>\n\t<meta property=\"og:image:type\" content=\"image\/jpeg\" \/>\n<meta name=\"twitter:card\" content=\"summary_large_image\" \/>\n<script type=\"application\/ld+json\" class=\"yoast-schema-graph\">{\"@context\":\"https:\\\/\\\/schema.org\",\"@graph\":[{\"@type\":\"WebPage\",\"@id\":\"https:\\\/\\\/exparto.pl\\\/hu\\\/produkt\\\/lines-2m-osszeszerelo-keszlet-eloszto\\\/\",\"url\":\"https:\\\/\\\/exparto.pl\\\/hu\\\/produkt\\\/lines-2m-osszeszerelo-keszlet-eloszto\\\/\",\"name\":\"K\u00e1bel 2000 mm - g\u00f6mbfelszerel\u00e9s - Exparto.pl\",\"isPartOf\":{\"@id\":\"https:\\\/\\\/exparto.pl\\\/hu\\\/#website\"},\"primaryImageOfPage\":{\"@id\":\"https:\\\/\\\/exparto.pl\\\/hu\\\/produkt\\\/lines-2m-osszeszerelo-keszlet-eloszto\\\/#primaryimage\"},\"image\":{\"@id\":\"https:\\\/\\\/exparto.pl\\\/hu\\\/produkt\\\/lines-2m-osszeszerelo-keszlet-eloszto\\\/#primaryimage\"},\"thumbnailUrl\":\"https:\\\/\\\/exparto.pl\\\/wp-content\\\/uploads\\\/2023\\\/09\\\/3e13f4ba4aff38ff40ef5f8de620f2ce.jpg\",\"datePublished\":\"2023-09-09T18:03:41+00:00\",\"breadcrumb\":{\"@id\":\"https:\\\/\\\/exparto.pl\\\/hu\\\/produkt\\\/lines-2m-osszeszerelo-keszlet-eloszto\\\/#breadcrumb\"},\"inLanguage\":\"hu\",\"potentialAction\":[{\"@type\":\"ReadAction\",\"target\":[\"https:\\\/\\\/exparto.pl\\\/hu\\\/produkt\\\/lines-2m-osszeszerelo-keszlet-eloszto\\\/\"]}]},{\"@type\":\"ImageObject\",\"inLanguage\":\"hu\",\"@id\":\"https:\\\/\\\/exparto.pl\\\/hu\\\/produkt\\\/lines-2m-osszeszerelo-keszlet-eloszto\\\/#primaryimage\",\"url\":\"https:\\\/\\\/exparto.pl\\\/wp-content\\\/uploads\\\/2023\\\/09\\\/3e13f4ba4aff38ff40ef5f8de620f2ce.jpg\",\"contentUrl\":\"https:\\\/\\\/exparto.pl\\\/wp-content\\\/uploads\\\/2023\\\/09\\\/3e13f4ba4aff38ff40ef5f8de620f2ce.jpg\",\"width\":1000,\"height\":1000},{\"@type\":\"BreadcrumbList\",\"@id\":\"https:\\\/\\\/exparto.pl\\\/hu\\\/produkt\\\/lines-2m-osszeszerelo-keszlet-eloszto\\\/#breadcrumb\",\"itemListElement\":[{\"@type\":\"ListItem\",\"position\":1,\"name\":\"Honlap\",\"item\":\"https:\\\/\\\/exparto.pl\\\/hu\\\/\"},{\"@type\":\"ListItem\",\"position\":2,\"name\":\"Sklep\",\"item\":\"https:\\\/\\\/exparto.pl\\\/sklep\\\/\"},{\"@type\":\"ListItem\",\"position\":3,\"name\":\"Alkatr\u00e9szek el\u00fcls\u0151 rakod\u00f3khoz\",\"item\":\"https:\\\/\\\/exparto.pl\\\/hu\\\/termekkategoria\\\/alkatreszek-elulso-rakodokhoz\\\/\"},{\"@type\":\"ListItem\",\"position\":4,\"name\":\"Linkek a gy\u0171jt\u0151cs\u00f6vekhez\",\"item\":\"https:\\\/\\\/exparto.pl\\\/hu\\\/termekkategoria\\\/alkatreszek-elulso-rakodokhoz\\\/linkek-a-gyujtocsovekhez\\\/\"},{\"@type\":\"ListItem\",\"position\":5,\"name\":\"K\u00e1bel 2000 mm &#8211; g\u00f6mbfelszerel\u00e9s\"}]},{\"@type\":\"WebSite\",\"@id\":\"https:\\\/\\\/exparto.pl\\\/hu\\\/#website\",\"url\":\"https:\\\/\\\/exparto.pl\\\/hu\\\/\",\"name\":\"EXPARTO\",\"description\":\"More than agro parts\",\"publisher\":{\"@id\":\"https:\\\/\\\/exparto.pl\\\/hu\\\/#organization\"},\"potentialAction\":[{\"@type\":\"SearchAction\",\"target\":{\"@type\":\"EntryPoint\",\"urlTemplate\":\"https:\\\/\\\/exparto.pl\\\/hu\\\/?s={search_term_string}\"},\"query-input\":{\"@type\":\"PropertyValueSpecification\",\"valueRequired\":true,\"valueName\":\"search_term_string\"}}],\"inLanguage\":\"hu\"},{\"@type\":\"Organization\",\"@id\":\"https:\\\/\\\/exparto.pl\\\/hu\\\/#organization\",\"name\":\"EXPARTO\",\"url\":\"https:\\\/\\\/exparto.pl\\\/hu\\\/\",\"logo\":{\"@type\":\"ImageObject\",\"inLanguage\":\"hu\",\"@id\":\"https:\\\/\\\/exparto.pl\\\/hu\\\/#\\\/schema\\\/logo\\\/image\\\/\",\"url\":\"https:\\\/\\\/exparto.pl\\\/wp-content\\\/uploads\\\/2023\\\/02\\\/logo-wektor.png\",\"contentUrl\":\"https:\\\/\\\/exparto.pl\\\/wp-content\\\/uploads\\\/2023\\\/02\\\/logo-wektor.png\",\"width\":1338,\"height\":143,\"caption\":\"EXPARTO\"},\"image\":{\"@id\":\"https:\\\/\\\/exparto.pl\\\/hu\\\/#\\\/schema\\\/logo\\\/image\\\/\"},\"sameAs\":[\"https:\\\/\\\/www.facebook.com\\\/exparto.agro\\\/\"]}]}<\/script>\n<!-- \/ Yoast SEO plugin. -->","yoast_head_json":{"title":"K\u00e1bel 2000 mm - g\u00f6mbfelszerel\u00e9s - Exparto.pl","robots":{"index":"index","follow":"follow","max-snippet":"max-snippet:-1","max-image-preview":"max-image-preview:large","max-video-preview":"max-video-preview:-1"},"canonical":"https:\/\/exparto.pl\/hu\/produkt\/lines-2m-osszeszerelo-keszlet-eloszto\/","og_locale":"hu_HU","og_type":"article","og_title":"K\u00e1bel 2000 mm - g\u00f6mbfelszerel\u00e9s - Exparto.pl","og_description":"A hidraulikus rendszerekben a mez\u0151gazdas\u00e1gban, az iparban \u00e9s az \u00e9p\u00edt\u0151iparban is jelent\u0151s m\u00e9rt\u00e9kben alkalmazz\u00e1k. A vonalak alkalmasak k\u00fcl\u00f6nb\u00f6z\u0151 t\u00edpus\u00fa g\u00e9pek hidraulikus eloszt\u00f3inak vez\u00e9rl\u00e9s\u00e9re, mint p\u00e9ld\u00e1ul: mez\u0151gazdas\u00e1gi g\u00e9pek, HDS rakod\u00f3k, permetez\u0151k, ciklopszok, aurok, traktorok, \u00e9p\u00edt\u0151ipari g\u00e9pek, rakod\u00f3k, kotr\u00f3g\u00e9pek, ipari g\u00e9pek, sepr\u0151g\u00e9pek \u00e9s egy\u00e9b joystickkal vez\u00e9relt hidraulikus berendez\u00e9sek.","og_url":"https:\/\/exparto.pl\/hu\/produkt\/lines-2m-osszeszerelo-keszlet-eloszto\/","og_site_name":"Exparto.pl","article_publisher":"https:\/\/www.facebook.com\/exparto.agro\/","og_image":[{"width":1000,"height":1000,"url":"https:\/\/exparto.pl\/wp-content\/uploads\/2023\/09\/3e13f4ba4aff38ff40ef5f8de620f2ce.jpg","type":"image\/jpeg"}],"twitter_card":"summary_large_image","schema":{"@context":"https:\/\/schema.org","@graph":[{"@type":"WebPage","@id":"https:\/\/exparto.pl\/hu\/produkt\/lines-2m-osszeszerelo-keszlet-eloszto\/","url":"https:\/\/exparto.pl\/hu\/produkt\/lines-2m-osszeszerelo-keszlet-eloszto\/","name":"K\u00e1bel 2000 mm - g\u00f6mbfelszerel\u00e9s - Exparto.pl","isPartOf":{"@id":"https:\/\/exparto.pl\/hu\/#website"},"primaryImageOfPage":{"@id":"https:\/\/exparto.pl\/hu\/produkt\/lines-2m-osszeszerelo-keszlet-eloszto\/#primaryimage"},"image":{"@id":"https:\/\/exparto.pl\/hu\/produkt\/lines-2m-osszeszerelo-keszlet-eloszto\/#primaryimage"},"thumbnailUrl":"https:\/\/exparto.pl\/wp-content\/uploads\/2023\/09\/3e13f4ba4aff38ff40ef5f8de620f2ce.jpg","datePublished":"2023-09-09T18:03:41+00:00","breadcrumb":{"@id":"https:\/\/exparto.pl\/hu\/produkt\/lines-2m-osszeszerelo-keszlet-eloszto\/#breadcrumb"},"inLanguage":"hu","potentialAction":[{"@type":"ReadAction","target":["https:\/\/exparto.pl\/hu\/produkt\/lines-2m-osszeszerelo-keszlet-eloszto\/"]}]},{"@type":"ImageObject","inLanguage":"hu","@id":"https:\/\/exparto.pl\/hu\/produkt\/lines-2m-osszeszerelo-keszlet-eloszto\/#primaryimage","url":"https:\/\/exparto.pl\/wp-content\/uploads\/2023\/09\/3e13f4ba4aff38ff40ef5f8de620f2ce.jpg","contentUrl":"https:\/\/exparto.pl\/wp-content\/uploads\/2023\/09\/3e13f4ba4aff38ff40ef5f8de620f2ce.jpg","width":1000,"height":1000},{"@type":"BreadcrumbList","@id":"https:\/\/exparto.pl\/hu\/produkt\/lines-2m-osszeszerelo-keszlet-eloszto\/#breadcrumb","itemListElement":[{"@type":"ListItem","position":1,"name":"Honlap","item":"https:\/\/exparto.pl\/hu\/"},{"@type":"ListItem","position":2,"name":"Sklep","item":"https:\/\/exparto.pl\/sklep\/"},{"@type":"ListItem","position":3,"name":"Alkatr\u00e9szek el\u00fcls\u0151 rakod\u00f3khoz","item":"https:\/\/exparto.pl\/hu\/termekkategoria\/alkatreszek-elulso-rakodokhoz\/"},{"@type":"ListItem","position":4,"name":"Linkek a gy\u0171jt\u0151cs\u00f6vekhez","item":"https:\/\/exparto.pl\/hu\/termekkategoria\/alkatreszek-elulso-rakodokhoz\/linkek-a-gyujtocsovekhez\/"},{"@type":"ListItem","position":5,"name":"K\u00e1bel 2000 mm &#8211; g\u00f6mbfelszerel\u00e9s"}]},{"@type":"WebSite","@id":"https:\/\/exparto.pl\/hu\/#website","url":"https:\/\/exparto.pl\/hu\/","name":"EXPARTO","description":"More than agro parts","publisher":{"@id":"https:\/\/exparto.pl\/hu\/#organization"},"potentialAction":[{"@type":"SearchAction","target":{"@type":"EntryPoint","urlTemplate":"https:\/\/exparto.pl\/hu\/?s={search_term_string}"},"query-input":{"@type":"PropertyValueSpecification","valueRequired":true,"valueName":"search_term_string"}}],"inLanguage":"hu"},{"@type":"Organization","@id":"https:\/\/exparto.pl\/hu\/#organization","name":"EXPARTO","url":"https:\/\/exparto.pl\/hu\/","logo":{"@type":"ImageObject","inLanguage":"hu","@id":"https:\/\/exparto.pl\/hu\/#\/schema\/logo\/image\/","url":"https:\/\/exparto.pl\/wp-content\/uploads\/2023\/02\/logo-wektor.png","contentUrl":"https:\/\/exparto.pl\/wp-content\/uploads\/2023\/02\/logo-wektor.png","width":1338,"height":143,"caption":"EXPARTO"},"image":{"@id":"https:\/\/exparto.pl\/hu\/#\/schema\/logo\/image\/"},"sameAs":["https:\/\/www.facebook.com\/exparto.agro\/"]}]}},"_links":{"self":[{"href":"https:\/\/exparto.pl\/hu\/wp-json\/wp\/v2\/product\/9864","targetHints":{"allow":["GET"]}}],"collection":[{"href":"https:\/\/exparto.pl\/hu\/wp-json\/wp\/v2\/product"}],"about":[{"href":"https:\/\/exparto.pl\/hu\/wp-json\/wp\/v2\/types\/product"}],"replies":[{"embeddable":true,"href":"https:\/\/exparto.pl\/hu\/wp-json\/wp\/v2\/comments?post=9864"}],"wp:featuredmedia":[{"embeddable":true,"href":"https:\/\/exparto.pl\/hu\/wp-json\/wp\/v2\/media\/9865"}],"wp:attachment":[{"href":"https:\/\/exparto.pl\/hu\/wp-json\/wp\/v2\/media?parent=9864"}],"wp:term":[{"taxonomy":"product_brand","embeddable":true,"href":"https:\/\/exparto.pl\/hu\/wp-json\/wp\/v2\/product_brand?post=9864"},{"taxonomy":"product_cat","embeddable":true,"href":"https:\/\/exparto.pl\/hu\/wp-json\/wp\/v2\/product_cat?post=9864"},{"taxonomy":"product_tag","embeddable":true,"href":"https:\/\/exparto.pl\/hu\/wp-json\/wp\/v2\/product_tag?post=9864"}],"curies":[{"name":"wp","href":"https:\/\/api.w.org\/{rel}","templated":true}]}}