{"id":9874,"date":"2023-09-17T23:38:30","date_gmt":"2023-09-17T21:38:30","guid":{"rendered":"https:\/\/exparto.pl\/produkt\/keramia-ketaramu-porlaszto-porlaszto-6ms-04c2-piros\/"},"modified":"2023-09-17T23:38:30","modified_gmt":"2023-09-17T21:38:30","slug":"porlaszto-levegoszoro-dupla-aramu-keramia-6ms-04c2-piros","status":"publish","type":"product","link":"https:\/\/exparto.pl\/hu\/produkt\/porlaszto-levegoszoro-dupla-aramu-keramia-6ms-04c2-piros\/","title":{"rendered":"Ker\u00e1mia k\u00e9t\u00e1ram\u00fa porlaszt\u00f3 porlaszt\u00f3 6MS 04C2 piros"},"content":{"rendered":"<p style=\"text-align: justify\">Az <span style=\"color: inherit;font-weight: 700 !important\">Ejektoros porlaszt\u00f3k<\/span>&nbsp;a nagy cseppek belsej\u00e9ben l\u00e9gbubor\u00e9kokat hoznak l\u00e9tre, az alj\u00e1n l\u00e9v\u0151 lyukakon kereszt\u00fcl besz\u00edvott l\u00e9g\u00e1ramnak k\u00f6sz\u00f6nhet\u0151en. Ez\u00e1ltal a permetcseppek nagyobbak lesznek, \u00e9s a n\u00f6v\u00e9ny fel\u00fclet\u00e9vel \u00e9rintkezve finomabb cseppekre bomlanak, n\u00f6velve a kezel\u00e9s hat\u00e9konys\u00e1g\u00e1t \u00e9s egyenletess\u00e9g\u00e9t. Az ejektoros porlaszt\u00f3 durva \u00e9s extra durva cseppeket termel, amelyek nagym\u00e9rt\u00e9k\u0171 elsodr\u00f3d\u00e1s\u00e1ll\u00f3s\u00e1got biztos\u00edtanak, \u00edgy a kezel\u00e9sek m\u00e9g kedvez\u0151tlen id\u0151j\u00e1r\u00e1si k\u00f6r\u00fclm\u00e9nyek k\u00f6z\u00f6tt is elv\u00e9gezhet\u0151k.<\/p>\n<p style=\"text-align: justify\">A ker\u00e1miabet\u00e9t \u00e1ltal gener\u00e1lt kett\u0151s sz\u00f3r\u00e1sk\u00e9p alkalmaz\u00e1sa gyakorlatilag kik\u00fcsz\u00f6b\u00f6li annak vesz\u00e9ly\u00e9t, hogy a legkisebb ter\u00fcleteket is elsz\u00f3rj\u00e1k, mik\u00f6zben garant\u00e1lja a n\u00f6v\u00e9nyek biztons\u00e1g\u00e1t. A ker\u00e1miabet\u00e9t haszn\u00e1lata nagyon hossz\u00fa \u00e9lettartamot biztos\u00edt a f\u00fav\u00f3ka sz\u00e1m\u00e1ra, mik\u00f6zben meg\u0151rzi az eredeti sz\u00f3r\u00e1si param\u00e9tereket.<\/p>\n<p style=\"text-align: justify\"><\/p>\n<\/p>\n<ul>\n<li style=\"text-align: justify\"><span style=\"color: inherit\">N\u00c9LK\u00dcL\u00d6ZHETETLEN A GOMBA \u00c9S A F\u00c9RGEK ELLENI K\u00dcZDELEMBEN;<\/span><\/li>\n<li style=\"text-align: justify\"><span style=\"color: inherit\">A kett\u0151s sz\u00f3r\u00e1sk\u00e9p kiv\u00e9teles egyenletess\u00e9get \u00e9s pontoss\u00e1got biztos\u00edt;<\/span><\/li>\n<li style=\"text-align: justify\"><span style=\"color: inherit\">A rendk\u00edv\u00fcl tart\u00f3s ker\u00e1mi\u00e1t alkalmaz\u00f3, \u00fatt\u00f6r\u0151 technol\u00f3gia hossz\u00fa \u00e9vekig tart\u00f3 \u00e9lettartamot garant\u00e1l a magas sz\u00f3r\u00e1si teljes\u00edtm\u00e9ny fenntart\u00e1sa mellett;<\/span><\/li>\n<li style=\"text-align: justify\"><span style=\"color: inherit\">Megfelel a mez\u0151gazdas\u00e1gi f\u00fav\u00f3k\u00e1kra vonatkoz\u00f3 ISO-k\u00f6vetelm\u00e9nyeknek;<\/span><\/li>\n<li style=\"text-align: justify\"><span style=\"color: inherit\">Permetez\u00e9s ak\u00e1r 6 m\/s sz\u00e9lsebess\u00e9g \u00e9s h\u0151m\u00e9rs\u00e9klet mellett. m\u00e9g 20C felett is;<\/span><\/li>\n<li style=\"text-align: justify\"><span style=\"color: inherit\">Legal\u00e1bb 90 szemb\u0151s\u00e9g\u0171 sz\u0171r\u0151sz\u0171r\u0151kre van sz\u00fcks\u00e9g.<\/span><\/li>\n<\/ul>\n","protected":false},"excerpt":{"rendered":"<p style=\"text-align: justify\">Az Ejektoros porlaszt\u00f3k a nagy cseppek belsej\u00e9ben l\u00e9gbubor\u00e9kokat hoznak l\u00e9tre, az alj\u00e1n l\u00e9v\u0151 lyukakon kereszt\u00fcl besz\u00edvott l\u00e9g\u00e1ramnak k\u00f6sz\u00f6nhet\u0151en.<\/p>\n","protected":false},"featured_media":9875,"comment_status":"open","ping_status":"closed","template":"","meta":{"_acf_changed":false,"inline_featured_image":false},"product_brand":[],"product_cat":[286],"product_tag":[],"class_list":{"0":"post-9874","1":"product","2":"type-product","3":"status-publish","4":"has-post-thumbnail","6":"product_cat-sprayk","8":"first","9":"instock","10":"taxable","11":"shipping-taxable","12":"purchasable","13":"product-type-simple"},"acf":[],"yoast_head":"<!-- This site is optimized with the Yoast SEO plugin v27.4 - https:\/\/yoast.com\/product\/yoast-seo-wordpress\/ -->\n<title>Ker\u00e1mia k\u00e9t\u00e1ram\u00fa porlaszt\u00f3 porlaszt\u00f3 6MS 04C2 piros - Exparto.pl<\/title>\n<meta name=\"robots\" content=\"index, follow, max-snippet:-1, max-image-preview:large, max-video-preview:-1\" \/>\n<link rel=\"canonical\" href=\"https:\/\/exparto.pl\/hu\/produkt\/porlaszto-levegoszoro-dupla-aramu-keramia-6ms-04c2-piros\/\" \/>\n<meta property=\"og:locale\" content=\"hu_HU\" \/>\n<meta property=\"og:type\" content=\"article\" \/>\n<meta property=\"og:title\" content=\"Ker\u00e1mia k\u00e9t\u00e1ram\u00fa porlaszt\u00f3 porlaszt\u00f3 6MS 04C2 piros - Exparto.pl\" \/>\n<meta property=\"og:description\" content=\"Az Ejektoros porlaszt\u00f3k a nagy cseppek belsej\u00e9ben l\u00e9gbubor\u00e9kokat hoznak l\u00e9tre, az alj\u00e1n l\u00e9v\u0151 lyukakon kereszt\u00fcl besz\u00edvott l\u00e9g\u00e1ramnak k\u00f6sz\u00f6nhet\u0151en.\" \/>\n<meta property=\"og:url\" content=\"https:\/\/exparto.pl\/hu\/produkt\/porlaszto-levegoszoro-dupla-aramu-keramia-6ms-04c2-piros\/\" \/>\n<meta property=\"og:site_name\" content=\"Exparto.pl\" \/>\n<meta property=\"article:publisher\" content=\"https:\/\/www.facebook.com\/exparto.agro\/\" \/>\n<meta property=\"og:image\" content=\"https:\/\/exparto.pl\/wp-content\/uploads\/2023\/09\/3ce3a58d9dba1dec3f2730eeb8109596.jpg\" \/>\n\t<meta property=\"og:image:width\" content=\"1000\" \/>\n\t<meta property=\"og:image:height\" content=\"1000\" \/>\n\t<meta property=\"og:image:type\" content=\"image\/jpeg\" \/>\n<meta name=\"twitter:card\" content=\"summary_large_image\" \/>\n<meta name=\"twitter:label1\" content=\"Becs\u00fclt olvas\u00e1si id\u0151\" \/>\n\t<meta name=\"twitter:data1\" content=\"1 perc\" \/>\n<script type=\"application\/ld+json\" class=\"yoast-schema-graph\">{\"@context\":\"https:\\\/\\\/schema.org\",\"@graph\":[{\"@type\":\"WebPage\",\"@id\":\"https:\\\/\\\/exparto.pl\\\/hu\\\/produkt\\\/porlaszto-levegoszoro-dupla-aramu-keramia-6ms-04c2-piros\\\/\",\"url\":\"https:\\\/\\\/exparto.pl\\\/hu\\\/produkt\\\/porlaszto-levegoszoro-dupla-aramu-keramia-6ms-04c2-piros\\\/\",\"name\":\"Ker\u00e1mia k\u00e9t\u00e1ram\u00fa porlaszt\u00f3 porlaszt\u00f3 6MS 04C2 piros - Exparto.pl\",\"isPartOf\":{\"@id\":\"https:\\\/\\\/exparto.pl\\\/hu\\\/#website\"},\"primaryImageOfPage\":{\"@id\":\"https:\\\/\\\/exparto.pl\\\/hu\\\/produkt\\\/porlaszto-levegoszoro-dupla-aramu-keramia-6ms-04c2-piros\\\/#primaryimage\"},\"image\":{\"@id\":\"https:\\\/\\\/exparto.pl\\\/hu\\\/produkt\\\/porlaszto-levegoszoro-dupla-aramu-keramia-6ms-04c2-piros\\\/#primaryimage\"},\"thumbnailUrl\":\"https:\\\/\\\/exparto.pl\\\/wp-content\\\/uploads\\\/2023\\\/09\\\/3ce3a58d9dba1dec3f2730eeb8109596.jpg\",\"datePublished\":\"2023-09-17T21:38:30+00:00\",\"breadcrumb\":{\"@id\":\"https:\\\/\\\/exparto.pl\\\/hu\\\/produkt\\\/porlaszto-levegoszoro-dupla-aramu-keramia-6ms-04c2-piros\\\/#breadcrumb\"},\"inLanguage\":\"hu\",\"potentialAction\":[{\"@type\":\"ReadAction\",\"target\":[\"https:\\\/\\\/exparto.pl\\\/hu\\\/produkt\\\/porlaszto-levegoszoro-dupla-aramu-keramia-6ms-04c2-piros\\\/\"]}]},{\"@type\":\"ImageObject\",\"inLanguage\":\"hu\",\"@id\":\"https:\\\/\\\/exparto.pl\\\/hu\\\/produkt\\\/porlaszto-levegoszoro-dupla-aramu-keramia-6ms-04c2-piros\\\/#primaryimage\",\"url\":\"https:\\\/\\\/exparto.pl\\\/wp-content\\\/uploads\\\/2023\\\/09\\\/3ce3a58d9dba1dec3f2730eeb8109596.jpg\",\"contentUrl\":\"https:\\\/\\\/exparto.pl\\\/wp-content\\\/uploads\\\/2023\\\/09\\\/3ce3a58d9dba1dec3f2730eeb8109596.jpg\",\"width\":1000,\"height\":1000},{\"@type\":\"BreadcrumbList\",\"@id\":\"https:\\\/\\\/exparto.pl\\\/hu\\\/produkt\\\/porlaszto-levegoszoro-dupla-aramu-keramia-6ms-04c2-piros\\\/#breadcrumb\",\"itemListElement\":[{\"@type\":\"ListItem\",\"position\":1,\"name\":\"Honlap\",\"item\":\"https:\\\/\\\/exparto.pl\\\/hu\\\/\"},{\"@type\":\"ListItem\",\"position\":2,\"name\":\"Sklep\",\"item\":\"https:\\\/\\\/exparto.pl\\\/sklep\\\/\"},{\"@type\":\"ListItem\",\"position\":3,\"name\":\"Alkatr\u00e9szek permetez\u0151g\u00e9pekhez\",\"item\":\"https:\\\/\\\/exparto.pl\\\/hu\\\/termekkategoria\\\/alkatreszek-permetezogepekhez\\\/\"},{\"@type\":\"ListItem\",\"position\":4,\"name\":\"Sprayk\",\"item\":\"https:\\\/\\\/exparto.pl\\\/hu\\\/termekkategoria\\\/alkatreszek-permetezogepekhez\\\/sprayk\\\/\"},{\"@type\":\"ListItem\",\"position\":5,\"name\":\"Ker\u00e1mia k\u00e9t\u00e1ram\u00fa porlaszt\u00f3 porlaszt\u00f3 6MS 04C2 piros\"}]},{\"@type\":\"WebSite\",\"@id\":\"https:\\\/\\\/exparto.pl\\\/hu\\\/#website\",\"url\":\"https:\\\/\\\/exparto.pl\\\/hu\\\/\",\"name\":\"EXPARTO\",\"description\":\"More than agro parts\",\"publisher\":{\"@id\":\"https:\\\/\\\/exparto.pl\\\/hu\\\/#organization\"},\"potentialAction\":[{\"@type\":\"SearchAction\",\"target\":{\"@type\":\"EntryPoint\",\"urlTemplate\":\"https:\\\/\\\/exparto.pl\\\/hu\\\/?s={search_term_string}\"},\"query-input\":{\"@type\":\"PropertyValueSpecification\",\"valueRequired\":true,\"valueName\":\"search_term_string\"}}],\"inLanguage\":\"hu\"},{\"@type\":\"Organization\",\"@id\":\"https:\\\/\\\/exparto.pl\\\/hu\\\/#organization\",\"name\":\"EXPARTO\",\"url\":\"https:\\\/\\\/exparto.pl\\\/hu\\\/\",\"logo\":{\"@type\":\"ImageObject\",\"inLanguage\":\"hu\",\"@id\":\"https:\\\/\\\/exparto.pl\\\/hu\\\/#\\\/schema\\\/logo\\\/image\\\/\",\"url\":\"https:\\\/\\\/exparto.pl\\\/wp-content\\\/uploads\\\/2023\\\/02\\\/logo-wektor.png\",\"contentUrl\":\"https:\\\/\\\/exparto.pl\\\/wp-content\\\/uploads\\\/2023\\\/02\\\/logo-wektor.png\",\"width\":1338,\"height\":143,\"caption\":\"EXPARTO\"},\"image\":{\"@id\":\"https:\\\/\\\/exparto.pl\\\/hu\\\/#\\\/schema\\\/logo\\\/image\\\/\"},\"sameAs\":[\"https:\\\/\\\/www.facebook.com\\\/exparto.agro\\\/\"]}]}<\/script>\n<!-- \/ Yoast SEO plugin. -->","yoast_head_json":{"title":"Ker\u00e1mia k\u00e9t\u00e1ram\u00fa porlaszt\u00f3 porlaszt\u00f3 6MS 04C2 piros - Exparto.pl","robots":{"index":"index","follow":"follow","max-snippet":"max-snippet:-1","max-image-preview":"max-image-preview:large","max-video-preview":"max-video-preview:-1"},"canonical":"https:\/\/exparto.pl\/hu\/produkt\/porlaszto-levegoszoro-dupla-aramu-keramia-6ms-04c2-piros\/","og_locale":"hu_HU","og_type":"article","og_title":"Ker\u00e1mia k\u00e9t\u00e1ram\u00fa porlaszt\u00f3 porlaszt\u00f3 6MS 04C2 piros - Exparto.pl","og_description":"Az Ejektoros porlaszt\u00f3k a nagy cseppek belsej\u00e9ben l\u00e9gbubor\u00e9kokat hoznak l\u00e9tre, az alj\u00e1n l\u00e9v\u0151 lyukakon kereszt\u00fcl besz\u00edvott l\u00e9g\u00e1ramnak k\u00f6sz\u00f6nhet\u0151en.","og_url":"https:\/\/exparto.pl\/hu\/produkt\/porlaszto-levegoszoro-dupla-aramu-keramia-6ms-04c2-piros\/","og_site_name":"Exparto.pl","article_publisher":"https:\/\/www.facebook.com\/exparto.agro\/","og_image":[{"width":1000,"height":1000,"url":"https:\/\/exparto.pl\/wp-content\/uploads\/2023\/09\/3ce3a58d9dba1dec3f2730eeb8109596.jpg","type":"image\/jpeg"}],"twitter_card":"summary_large_image","twitter_misc":{"Becs\u00fclt olvas\u00e1si id\u0151":"1 perc"},"schema":{"@context":"https:\/\/schema.org","@graph":[{"@type":"WebPage","@id":"https:\/\/exparto.pl\/hu\/produkt\/porlaszto-levegoszoro-dupla-aramu-keramia-6ms-04c2-piros\/","url":"https:\/\/exparto.pl\/hu\/produkt\/porlaszto-levegoszoro-dupla-aramu-keramia-6ms-04c2-piros\/","name":"Ker\u00e1mia k\u00e9t\u00e1ram\u00fa porlaszt\u00f3 porlaszt\u00f3 6MS 04C2 piros - Exparto.pl","isPartOf":{"@id":"https:\/\/exparto.pl\/hu\/#website"},"primaryImageOfPage":{"@id":"https:\/\/exparto.pl\/hu\/produkt\/porlaszto-levegoszoro-dupla-aramu-keramia-6ms-04c2-piros\/#primaryimage"},"image":{"@id":"https:\/\/exparto.pl\/hu\/produkt\/porlaszto-levegoszoro-dupla-aramu-keramia-6ms-04c2-piros\/#primaryimage"},"thumbnailUrl":"https:\/\/exparto.pl\/wp-content\/uploads\/2023\/09\/3ce3a58d9dba1dec3f2730eeb8109596.jpg","datePublished":"2023-09-17T21:38:30+00:00","breadcrumb":{"@id":"https:\/\/exparto.pl\/hu\/produkt\/porlaszto-levegoszoro-dupla-aramu-keramia-6ms-04c2-piros\/#breadcrumb"},"inLanguage":"hu","potentialAction":[{"@type":"ReadAction","target":["https:\/\/exparto.pl\/hu\/produkt\/porlaszto-levegoszoro-dupla-aramu-keramia-6ms-04c2-piros\/"]}]},{"@type":"ImageObject","inLanguage":"hu","@id":"https:\/\/exparto.pl\/hu\/produkt\/porlaszto-levegoszoro-dupla-aramu-keramia-6ms-04c2-piros\/#primaryimage","url":"https:\/\/exparto.pl\/wp-content\/uploads\/2023\/09\/3ce3a58d9dba1dec3f2730eeb8109596.jpg","contentUrl":"https:\/\/exparto.pl\/wp-content\/uploads\/2023\/09\/3ce3a58d9dba1dec3f2730eeb8109596.jpg","width":1000,"height":1000},{"@type":"BreadcrumbList","@id":"https:\/\/exparto.pl\/hu\/produkt\/porlaszto-levegoszoro-dupla-aramu-keramia-6ms-04c2-piros\/#breadcrumb","itemListElement":[{"@type":"ListItem","position":1,"name":"Honlap","item":"https:\/\/exparto.pl\/hu\/"},{"@type":"ListItem","position":2,"name":"Sklep","item":"https:\/\/exparto.pl\/sklep\/"},{"@type":"ListItem","position":3,"name":"Alkatr\u00e9szek permetez\u0151g\u00e9pekhez","item":"https:\/\/exparto.pl\/hu\/termekkategoria\/alkatreszek-permetezogepekhez\/"},{"@type":"ListItem","position":4,"name":"Sprayk","item":"https:\/\/exparto.pl\/hu\/termekkategoria\/alkatreszek-permetezogepekhez\/sprayk\/"},{"@type":"ListItem","position":5,"name":"Ker\u00e1mia k\u00e9t\u00e1ram\u00fa porlaszt\u00f3 porlaszt\u00f3 6MS 04C2 piros"}]},{"@type":"WebSite","@id":"https:\/\/exparto.pl\/hu\/#website","url":"https:\/\/exparto.pl\/hu\/","name":"EXPARTO","description":"More than agro parts","publisher":{"@id":"https:\/\/exparto.pl\/hu\/#organization"},"potentialAction":[{"@type":"SearchAction","target":{"@type":"EntryPoint","urlTemplate":"https:\/\/exparto.pl\/hu\/?s={search_term_string}"},"query-input":{"@type":"PropertyValueSpecification","valueRequired":true,"valueName":"search_term_string"}}],"inLanguage":"hu"},{"@type":"Organization","@id":"https:\/\/exparto.pl\/hu\/#organization","name":"EXPARTO","url":"https:\/\/exparto.pl\/hu\/","logo":{"@type":"ImageObject","inLanguage":"hu","@id":"https:\/\/exparto.pl\/hu\/#\/schema\/logo\/image\/","url":"https:\/\/exparto.pl\/wp-content\/uploads\/2023\/02\/logo-wektor.png","contentUrl":"https:\/\/exparto.pl\/wp-content\/uploads\/2023\/02\/logo-wektor.png","width":1338,"height":143,"caption":"EXPARTO"},"image":{"@id":"https:\/\/exparto.pl\/hu\/#\/schema\/logo\/image\/"},"sameAs":["https:\/\/www.facebook.com\/exparto.agro\/"]}]}},"_links":{"self":[{"href":"https:\/\/exparto.pl\/hu\/wp-json\/wp\/v2\/product\/9874","targetHints":{"allow":["GET"]}}],"collection":[{"href":"https:\/\/exparto.pl\/hu\/wp-json\/wp\/v2\/product"}],"about":[{"href":"https:\/\/exparto.pl\/hu\/wp-json\/wp\/v2\/types\/product"}],"replies":[{"embeddable":true,"href":"https:\/\/exparto.pl\/hu\/wp-json\/wp\/v2\/comments?post=9874"}],"wp:featuredmedia":[{"embeddable":true,"href":"https:\/\/exparto.pl\/hu\/wp-json\/wp\/v2\/media\/9875"}],"wp:attachment":[{"href":"https:\/\/exparto.pl\/hu\/wp-json\/wp\/v2\/media?parent=9874"}],"wp:term":[{"taxonomy":"product_brand","embeddable":true,"href":"https:\/\/exparto.pl\/hu\/wp-json\/wp\/v2\/product_brand?post=9874"},{"taxonomy":"product_cat","embeddable":true,"href":"https:\/\/exparto.pl\/hu\/wp-json\/wp\/v2\/product_cat?post=9874"},{"taxonomy":"product_tag","embeddable":true,"href":"https:\/\/exparto.pl\/hu\/wp-json\/wp\/v2\/product_tag?post=9874"}],"curies":[{"name":"wp","href":"https:\/\/api.w.org\/{rel}","templated":true}]}}