{"id":9978,"date":"2023-05-29T18:20:28","date_gmt":"2023-05-29T16:20:28","guid":{"rendered":"https:\/\/exparto.pl\/produkt\/rendszamtabla-lampa-ltd-665\/"},"modified":"2023-05-29T18:20:28","modified_gmt":"2023-05-29T16:20:28","slug":"rendszamtabla-lampa-ltd-665","status":"publish","type":"product","link":"https:\/\/exparto.pl\/hu\/produkt\/rendszamtabla-lampa-ltd-665\/","title":{"rendered":"Rendsz\u00e1mt\u00e1bla l\u00e1mpa &#8211; LTD 665"},"content":{"rendered":"<p style=\"margin-bottom: 1rem;text-align: justify\">Univerz\u00e1lis rendsz\u00e1mt\u00e1bla l\u00e1mpa &#8211; kicsi.<\/p>\n<p style=\"margin-bottom: 1rem;text-align: justify\"><b>L\u00e1mpa t\u00edpusa:<\/b> LED<\/p>\n","protected":false},"excerpt":{"rendered":"<p style=\"text-align: justify\">Univerz\u00e1lis rendsz\u00e1mt\u00e1bla l\u00e1mpa &#8211; kicsi.<\/p>\n","protected":false},"featured_media":7187,"comment_status":"open","ping_status":"closed","template":"","meta":{"_acf_changed":false,"inline_featured_image":false},"product_brand":[],"product_cat":[268],"product_tag":[],"class_list":{"0":"post-9978","1":"product","2":"type-product","3":"status-publish","4":"has-post-thumbnail","6":"product_cat-rendszamtabla-lampak","8":"first","9":"outofstock","10":"taxable","11":"shipping-taxable","12":"purchasable","13":"product-type-simple"},"acf":[],"yoast_head":"<!-- This site is optimized with the Yoast SEO plugin v27.2 - https:\/\/yoast.com\/product\/yoast-seo-wordpress\/ -->\n<title>Rendsz\u00e1mt\u00e1bla l\u00e1mpa - LTD 665 - Exparto.pl<\/title>\n<meta name=\"robots\" content=\"index, follow, max-snippet:-1, max-image-preview:large, max-video-preview:-1\" \/>\n<link rel=\"canonical\" href=\"https:\/\/exparto.pl\/hu\/produkt\/rendszamtabla-lampa-ltd-665\/\" \/>\n<meta property=\"og:locale\" content=\"hu_HU\" \/>\n<meta property=\"og:type\" content=\"article\" \/>\n<meta property=\"og:title\" content=\"Rendsz\u00e1mt\u00e1bla l\u00e1mpa - LTD 665 - Exparto.pl\" \/>\n<meta property=\"og:description\" content=\"Univerz\u00e1lis rendsz\u00e1mt\u00e1bla l\u00e1mpa - kicsi.\" \/>\n<meta property=\"og:url\" content=\"https:\/\/exparto.pl\/hu\/produkt\/rendszamtabla-lampa-ltd-665\/\" \/>\n<meta property=\"og:site_name\" content=\"Exparto.pl\" \/>\n<meta property=\"article:publisher\" content=\"https:\/\/www.facebook.com\/exparto.agro\/\" \/>\n<meta property=\"og:image\" content=\"https:\/\/exparto.pl\/wp-content\/uploads\/2023\/05\/e4e05d041fd4efcc186763c9a82c62e0.jpg\" \/>\n\t<meta property=\"og:image:width\" content=\"1000\" \/>\n\t<meta property=\"og:image:height\" content=\"1000\" \/>\n\t<meta property=\"og:image:type\" content=\"image\/jpeg\" \/>\n<meta name=\"twitter:card\" content=\"summary_large_image\" \/>\n<script type=\"application\/ld+json\" class=\"yoast-schema-graph\">{\"@context\":\"https:\/\/schema.org\",\"@graph\":[{\"@type\":\"WebPage\",\"@id\":\"https:\/\/exparto.pl\/hu\/produkt\/rendszamtabla-lampa-ltd-665\/\",\"url\":\"https:\/\/exparto.pl\/hu\/produkt\/rendszamtabla-lampa-ltd-665\/\",\"name\":\"Rendsz\u00e1mt\u00e1bla l\u00e1mpa - LTD 665 - Exparto.pl\",\"isPartOf\":{\"@id\":\"https:\/\/exparto.pl\/hu\/#website\"},\"primaryImageOfPage\":{\"@id\":\"https:\/\/exparto.pl\/hu\/produkt\/rendszamtabla-lampa-ltd-665\/#primaryimage\"},\"image\":{\"@id\":\"https:\/\/exparto.pl\/hu\/produkt\/rendszamtabla-lampa-ltd-665\/#primaryimage\"},\"thumbnailUrl\":\"https:\/\/exparto.pl\/wp-content\/uploads\/2023\/05\/e4e05d041fd4efcc186763c9a82c62e0.jpg\",\"datePublished\":\"2023-05-29T16:20:28+00:00\",\"breadcrumb\":{\"@id\":\"https:\/\/exparto.pl\/hu\/produkt\/rendszamtabla-lampa-ltd-665\/#breadcrumb\"},\"inLanguage\":\"hu\",\"potentialAction\":[{\"@type\":\"ReadAction\",\"target\":[\"https:\/\/exparto.pl\/hu\/produkt\/rendszamtabla-lampa-ltd-665\/\"]}]},{\"@type\":\"ImageObject\",\"inLanguage\":\"hu\",\"@id\":\"https:\/\/exparto.pl\/hu\/produkt\/rendszamtabla-lampa-ltd-665\/#primaryimage\",\"url\":\"https:\/\/exparto.pl\/wp-content\/uploads\/2023\/05\/e4e05d041fd4efcc186763c9a82c62e0.jpg\",\"contentUrl\":\"https:\/\/exparto.pl\/wp-content\/uploads\/2023\/05\/e4e05d041fd4efcc186763c9a82c62e0.jpg\",\"width\":1000,\"height\":1000},{\"@type\":\"BreadcrumbList\",\"@id\":\"https:\/\/exparto.pl\/hu\/produkt\/rendszamtabla-lampa-ltd-665\/#breadcrumb\",\"itemListElement\":[{\"@type\":\"ListItem\",\"position\":1,\"name\":\"Honlap\",\"item\":\"https:\/\/exparto.pl\/hu\/\"},{\"@type\":\"ListItem\",\"position\":2,\"name\":\"Sklep\",\"item\":\"https:\/\/exparto.pl\/sklep\/\"},{\"@type\":\"ListItem\",\"position\":3,\"name\":\"Vil\u00e1g\u00edt\u00e1s\",\"item\":\"https:\/\/exparto.pl\/hu\/termekkategoria\/vilagitas\/\"},{\"@type\":\"ListItem\",\"position\":4,\"name\":\"Rendsz\u00e1mt\u00e1bla l\u00e1mp\u00e1k\",\"item\":\"https:\/\/exparto.pl\/hu\/termekkategoria\/vilagitas\/rendszamtabla-lampak\/\"},{\"@type\":\"ListItem\",\"position\":5,\"name\":\"Rendsz\u00e1mt\u00e1bla l\u00e1mpa &#8211; LTD 665\"}]},{\"@type\":\"WebSite\",\"@id\":\"https:\/\/exparto.pl\/hu\/#website\",\"url\":\"https:\/\/exparto.pl\/hu\/\",\"name\":\"EXPARTO\",\"description\":\"More than agro parts\",\"publisher\":{\"@id\":\"https:\/\/exparto.pl\/hu\/#organization\"},\"potentialAction\":[{\"@type\":\"SearchAction\",\"target\":{\"@type\":\"EntryPoint\",\"urlTemplate\":\"https:\/\/exparto.pl\/hu\/?s={search_term_string}\"},\"query-input\":{\"@type\":\"PropertyValueSpecification\",\"valueRequired\":true,\"valueName\":\"search_term_string\"}}],\"inLanguage\":\"hu\"},{\"@type\":\"Organization\",\"@id\":\"https:\/\/exparto.pl\/hu\/#organization\",\"name\":\"EXPARTO\",\"url\":\"https:\/\/exparto.pl\/hu\/\",\"logo\":{\"@type\":\"ImageObject\",\"inLanguage\":\"hu\",\"@id\":\"https:\/\/exparto.pl\/hu\/#\/schema\/logo\/image\/\",\"url\":\"https:\/\/exparto.pl\/wp-content\/uploads\/2023\/02\/logo-wektor.png\",\"contentUrl\":\"https:\/\/exparto.pl\/wp-content\/uploads\/2023\/02\/logo-wektor.png\",\"width\":1338,\"height\":143,\"caption\":\"EXPARTO\"},\"image\":{\"@id\":\"https:\/\/exparto.pl\/hu\/#\/schema\/logo\/image\/\"},\"sameAs\":[\"https:\/\/www.facebook.com\/exparto.agro\/\"]}]}<\/script>\n<!-- \/ Yoast SEO plugin. -->","yoast_head_json":{"title":"Rendsz\u00e1mt\u00e1bla l\u00e1mpa - LTD 665 - Exparto.pl","robots":{"index":"index","follow":"follow","max-snippet":"max-snippet:-1","max-image-preview":"max-image-preview:large","max-video-preview":"max-video-preview:-1"},"canonical":"https:\/\/exparto.pl\/hu\/produkt\/rendszamtabla-lampa-ltd-665\/","og_locale":"hu_HU","og_type":"article","og_title":"Rendsz\u00e1mt\u00e1bla l\u00e1mpa - LTD 665 - Exparto.pl","og_description":"Univerz\u00e1lis rendsz\u00e1mt\u00e1bla l\u00e1mpa - kicsi.","og_url":"https:\/\/exparto.pl\/hu\/produkt\/rendszamtabla-lampa-ltd-665\/","og_site_name":"Exparto.pl","article_publisher":"https:\/\/www.facebook.com\/exparto.agro\/","og_image":[{"width":1000,"height":1000,"url":"https:\/\/exparto.pl\/wp-content\/uploads\/2023\/05\/e4e05d041fd4efcc186763c9a82c62e0.jpg","type":"image\/jpeg"}],"twitter_card":"summary_large_image","schema":{"@context":"https:\/\/schema.org","@graph":[{"@type":"WebPage","@id":"https:\/\/exparto.pl\/hu\/produkt\/rendszamtabla-lampa-ltd-665\/","url":"https:\/\/exparto.pl\/hu\/produkt\/rendszamtabla-lampa-ltd-665\/","name":"Rendsz\u00e1mt\u00e1bla l\u00e1mpa - LTD 665 - Exparto.pl","isPartOf":{"@id":"https:\/\/exparto.pl\/hu\/#website"},"primaryImageOfPage":{"@id":"https:\/\/exparto.pl\/hu\/produkt\/rendszamtabla-lampa-ltd-665\/#primaryimage"},"image":{"@id":"https:\/\/exparto.pl\/hu\/produkt\/rendszamtabla-lampa-ltd-665\/#primaryimage"},"thumbnailUrl":"https:\/\/exparto.pl\/wp-content\/uploads\/2023\/05\/e4e05d041fd4efcc186763c9a82c62e0.jpg","datePublished":"2023-05-29T16:20:28+00:00","breadcrumb":{"@id":"https:\/\/exparto.pl\/hu\/produkt\/rendszamtabla-lampa-ltd-665\/#breadcrumb"},"inLanguage":"hu","potentialAction":[{"@type":"ReadAction","target":["https:\/\/exparto.pl\/hu\/produkt\/rendszamtabla-lampa-ltd-665\/"]}]},{"@type":"ImageObject","inLanguage":"hu","@id":"https:\/\/exparto.pl\/hu\/produkt\/rendszamtabla-lampa-ltd-665\/#primaryimage","url":"https:\/\/exparto.pl\/wp-content\/uploads\/2023\/05\/e4e05d041fd4efcc186763c9a82c62e0.jpg","contentUrl":"https:\/\/exparto.pl\/wp-content\/uploads\/2023\/05\/e4e05d041fd4efcc186763c9a82c62e0.jpg","width":1000,"height":1000},{"@type":"BreadcrumbList","@id":"https:\/\/exparto.pl\/hu\/produkt\/rendszamtabla-lampa-ltd-665\/#breadcrumb","itemListElement":[{"@type":"ListItem","position":1,"name":"Honlap","item":"https:\/\/exparto.pl\/hu\/"},{"@type":"ListItem","position":2,"name":"Sklep","item":"https:\/\/exparto.pl\/sklep\/"},{"@type":"ListItem","position":3,"name":"Vil\u00e1g\u00edt\u00e1s","item":"https:\/\/exparto.pl\/hu\/termekkategoria\/vilagitas\/"},{"@type":"ListItem","position":4,"name":"Rendsz\u00e1mt\u00e1bla l\u00e1mp\u00e1k","item":"https:\/\/exparto.pl\/hu\/termekkategoria\/vilagitas\/rendszamtabla-lampak\/"},{"@type":"ListItem","position":5,"name":"Rendsz\u00e1mt\u00e1bla l\u00e1mpa &#8211; LTD 665"}]},{"@type":"WebSite","@id":"https:\/\/exparto.pl\/hu\/#website","url":"https:\/\/exparto.pl\/hu\/","name":"EXPARTO","description":"More than agro parts","publisher":{"@id":"https:\/\/exparto.pl\/hu\/#organization"},"potentialAction":[{"@type":"SearchAction","target":{"@type":"EntryPoint","urlTemplate":"https:\/\/exparto.pl\/hu\/?s={search_term_string}"},"query-input":{"@type":"PropertyValueSpecification","valueRequired":true,"valueName":"search_term_string"}}],"inLanguage":"hu"},{"@type":"Organization","@id":"https:\/\/exparto.pl\/hu\/#organization","name":"EXPARTO","url":"https:\/\/exparto.pl\/hu\/","logo":{"@type":"ImageObject","inLanguage":"hu","@id":"https:\/\/exparto.pl\/hu\/#\/schema\/logo\/image\/","url":"https:\/\/exparto.pl\/wp-content\/uploads\/2023\/02\/logo-wektor.png","contentUrl":"https:\/\/exparto.pl\/wp-content\/uploads\/2023\/02\/logo-wektor.png","width":1338,"height":143,"caption":"EXPARTO"},"image":{"@id":"https:\/\/exparto.pl\/hu\/#\/schema\/logo\/image\/"},"sameAs":["https:\/\/www.facebook.com\/exparto.agro\/"]}]}},"_links":{"self":[{"href":"https:\/\/exparto.pl\/hu\/wp-json\/wp\/v2\/product\/9978","targetHints":{"allow":["GET"]}}],"collection":[{"href":"https:\/\/exparto.pl\/hu\/wp-json\/wp\/v2\/product"}],"about":[{"href":"https:\/\/exparto.pl\/hu\/wp-json\/wp\/v2\/types\/product"}],"replies":[{"embeddable":true,"href":"https:\/\/exparto.pl\/hu\/wp-json\/wp\/v2\/comments?post=9978"}],"wp:featuredmedia":[{"embeddable":true,"href":"https:\/\/exparto.pl\/hu\/wp-json\/wp\/v2\/media\/7187"}],"wp:attachment":[{"href":"https:\/\/exparto.pl\/hu\/wp-json\/wp\/v2\/media?parent=9978"}],"wp:term":[{"taxonomy":"product_brand","embeddable":true,"href":"https:\/\/exparto.pl\/hu\/wp-json\/wp\/v2\/product_brand?post=9978"},{"taxonomy":"product_cat","embeddable":true,"href":"https:\/\/exparto.pl\/hu\/wp-json\/wp\/v2\/product_cat?post=9978"},{"taxonomy":"product_tag","embeddable":true,"href":"https:\/\/exparto.pl\/hu\/wp-json\/wp\/v2\/product_tag?post=9978"}],"curies":[{"name":"wp","href":"https:\/\/api.w.org\/{rel}","templated":true}]}}