{"id":9984,"date":"2023-06-23T08:58:23","date_gmt":"2023-06-23T06:58:23","guid":{"rendered":"https:\/\/exparto.pl\/produkt\/hidraulikus-apritogep-cyklon-130\/"},"modified":"2023-06-23T08:58:23","modified_gmt":"2023-06-23T06:58:23","slug":"rebak-hidraulikus-ciklon-130","status":"publish","type":"product","link":"https:\/\/exparto.pl\/hu\/produkt\/rebak-hidraulikus-ciklon-130\/","title":{"rendered":"Hidraulikus apr\u00edt\u00f3g\u00e9p CYKLON 130"},"content":{"rendered":"<h2 style=\"margin-right: 0px; margin-bottom: var(--wd-tags-mb); margin-left: 0px; padding: 0px; border: 0px; vertical-align: baseline; line-height: 1.4; text-align: justify;\"><span style=\"margin: 0px; padding: 0px; border: 0px; vertical-align: baseline; line-height: inherit;\">Cyklon 130 hidraulikus faapr\u00edt\u00f3 <\/span><span style=\"margin: 0px; padding: 0px; border: 0px; vertical-align: baseline; line-height: inherit;\">&#8211;<\/span><span style=\"margin: 0px; padding: 0px; border: 0px; vertical-align: baseline; line-height: inherit;\"> n\u00e9lk\u00fcl\u00f6zhetetlen az erd\u0151k, kertek \u00e9s z\u00f6ldter\u00fcletek rendbet\u00e9tel\u00e9hez<\/span><\/h2>\n<p style=\"margin-bottom: var(--wd-tags-mb); padding: 0px; border: 0px; vertical-align: baseline; line-height: inherit; text-align: justify;\"><span style=\"margin: 0px; padding: 0px; border: 0px; vertical-align: baseline; line-height: inherit;\">A z\u00f6ld\u00edt\u00e9shez folyamatos hullad\u00e9k t\u00e1rsul fa- \u00e9s bokor\u00e1gak form\u00e1j\u00e1ban. Hossz\u00fa t\u00e1v\u00fa t\u00e1rol\u00e1suk nem lehets\u00e9ges. Hogyan kezelj\u00fck? A probl\u00e9ma megold\u00e1sa a k\u00f6vetkez\u0151  <\/span><span style=\"margin: 0px; padding: 0px; border: 0px; vertical-align: baseline; line-height: inherit;\">faapr\u00edt\u00f3<\/span><span style=\"margin: 0px; padding: 0px; border: 0px; vertical-align: baseline; line-height: inherit;\">. <\/span><span style=\"margin: 0px; padding: 0px; border: 0px; vertical-align: baseline; line-height: inherit;\">Apr\u00edt\u00f3g\u00e9p \u00e1gak apr\u00edt\u00e1s\u00e1ra<\/span><span style=\"margin: 0px; padding: 0px; border: 0px; vertical-align: baseline; line-height: inherit;\">  a fahullad\u00e9kot faforg\u00e1ccs\u00e1 alak\u00edtja. Fontos, hogy a  <\/span><span style=\"margin: 0px; padding: 0px; border: 0px; vertical-align: baseline; line-height: inherit;\">faapr\u00edt\u00f3<\/span><span style=\"margin: 0px; padding: 0px; border: 0px; vertical-align: baseline; line-height: inherit;\">, nemcsak megszabadul a lappang\u00f3 \u00e1gakt\u00f3l, hanem hasznos, felhaszn\u00e1lhat\u00f3 anyagot is nyer. A faapr\u00edt\u00e9kot sokf\u00e9lek\u00e9ppen lehet felhaszn\u00e1lni: a kertben \u00e1gy\u00e1sok, vir\u00e1g\u00e1gy\u00e1sok \u00e9s utak mulcsoz\u00e1s\u00e1ra, bokrok \u00e1gyaz\u00e1s\u00e1ra vagy saj\u00e1t komposzt k\u00e9sz\u00edt\u00e9s\u00e9re, valamint t\u00fczel\u0151anyagk\u00e9nt is.  <\/span><\/p>\n<p style=\"margin-bottom: var(--wd-tags-mb); padding: 0px; border: 0px; vertical-align: baseline; line-height: inherit; text-align: justify;\"><span style=\"margin: 0px; padding: 0px; border: 0px; vertical-align: baseline; line-height: inherit;\">Hat\u00e9kony \u00e9s hat\u00e9kony<\/span><span style=\"margin: 0px; padding: 0px; border: 0px; vertical-align: baseline; line-height: inherit;\"> \u00e1gapr\u00edt\u00f3<\/span><span style=\"margin: 0px; padding: 0px; border: 0px; vertical-align: baseline; line-height: inherit;\">? Ismerje meg  <\/span><span style=\"margin: 0px; padding: 0px; border: 0px; vertical-align: baseline; line-height: inherit;\">hidraulikus apr\u00edt\u00f3g\u00e9p <\/span><span style=\"margin: 0px; padding: 0px; border: 0px; vertical-align: baseline; line-height: inherit;\">Ciklon 130, amely seg\u00edt b\u00e1rmilyen helysz\u00edn hat\u00e9kony megtiszt\u00edt\u00e1s\u00e1ban.<\/span><\/p>\n<h2 style=\"margin-right: 0px; margin-bottom: var(--wd-tags-mb); margin-left: 0px; padding: 0px; border: 0px; vertical-align: baseline; line-height: 1.4; text-align: justify;\"><span style=\"margin: 0px; padding: 0px; border: 0px; vertical-align: baseline; line-height: inherit;\">Mi\u00e9rt v\u00e1lassza a Cyclone 130 hidraulikus apr\u00edt\u00f3g\u00e9pet?<\/span><\/h2>\n<p style=\"margin-bottom: var(--wd-tags-mb); padding: 0px; border: 0px; vertical-align: baseline; line-height: inherit; text-align: justify;\"><span style=\"margin: 0px; padding: 0px; border: 0px; vertical-align: baseline; line-height: inherit;\">18 LE <\/span><span style=\"margin: 0px; padding: 0px; border: 0px; vertical-align: baseline; line-height: inherit;\">i<\/span><span style=\"margin: 0px; padding: 0px; border: 0px; vertical-align: baseline; line-height: inherit;\"> 4 k\u00e9s<\/span><span style=\"margin: 0px; padding: 0px; border: 0px; vertical-align: baseline; line-height: inherit;\">  a nagysebess\u00e9g\u0171 ac\u00e9lb\u00f3l k\u00e9sz\u00fclt f\u0171r\u00e9szg\u00e9pek minden fafajt\u00e1val megbirk\u00f3znak. Az \u00e1gakat \u00e9s a t\u00f6rzseket 13 cm \u00e1tm\u00e9r\u0151ig feldolgozz\u00e1k. Nagy teljes\u00edtm\u00e9ny\u00e9nek \u00e9s kapacit\u00e1s\u00e1nak k\u00f6sz\u00f6nhet\u0151en m\u00e9g a vastagabb \u00e1gak is hat\u00e9konyan apr\u00edthat\u00f3k, an\u00e9lk\u00fcl, hogy a v\u00e1g\u00e1st el\u0151zetesen el\u0151 kellene k\u00e9sz\u00edteni.<\/span><\/p>\n<p style=\"margin-bottom: var(--wd-tags-mb); padding: 0px; border: 0px; vertical-align: baseline; line-height: inherit; text-align: justify;\"><span style=\"margin: 0px; padding: 0px; border: 0px; vertical-align: baseline; line-height: inherit;\">Ez a modell <\/span><span style=\"margin: 0px; padding: 0px; border: 0px; vertical-align: baseline; line-height: inherit;\">faapr\u00edt\u00f3 modell<\/span><span style=\"margin: 0px; padding: 0px; border: 0px; vertical-align: baseline; line-height: inherit;\"> a k\u00f6vetkez\u0151kkel van felszerelve <\/span><span style=\"margin: 0px; padding: 0px; border: 0px; vertical-align: baseline; line-height: inherit;\">hidraulikus rakod\u00f3g\u00f6rg\u0151<\/span><span style=\"margin: 0px; padding: 0px; border: 0px; vertical-align: baseline; line-height: inherit;\">. Ez egyszer\u0171bb\u00e9 \u00e9s kev\u00e9sb\u00e9 er\u0151ltetett\u00e9 teszi a g\u00e9pen val\u00f3 munk\u00e1t &#8211; egyszer\u0171en helyezze be az anyagot az adagol\u00f3ba, \u00e9s a g\u00f6rg\u0151 tov\u00e1bb mozgatja azt. A g\u00f6rg\u0151 jelenl\u00e9te mag\u00e1nak a g\u00e9pnek a m\u0171k\u00f6d\u00e9s\u00e9re is hat\u00e1ssal van, \u00edgy az hat\u00e9konyabb\u00e1 v\u00e1lik.<\/span><\/p>\n<p style=\"margin-bottom: var(--wd-tags-mb); padding: 0px; border: 0px; vertical-align: baseline; line-height: inherit; text-align: justify;\"><span style=\"margin: 0px; padding: 0px; border: 0px; vertical-align: baseline; line-height: inherit;\">Hidraulikus apr\u00edt\u00f3g\u00e9p<\/span><span style=\"margin: 0px; padding: 0px; border: 0px; vertical-align: baseline; line-height: inherit;\"> A Cyklon 130 felszerelts\u00e9ge <\/span><span style=\"margin: 0px; padding: 0px; border: 0px; vertical-align: baseline; line-height: inherit;\">nagym\u00e9ret\u0171 tart\u00e1ly<\/span><span style=\"margin: 0px; padding: 0px; border: 0px; vertical-align: baseline; line-height: inherit;\">  az alja fel\u00e9 k\u00faposodik, ami megk\u00f6nny\u00edti \u00e9s hat\u00e9konyabb\u00e1 teszi a munk\u00e1t. A be\u00e1ll\u00edt\u00e1sa t\u00e1mogatja, hogy a g\u00e9p \u00f6n\u00e1ll\u00f3an vegye ki az anyagot, miut\u00e1n az a tart\u00e1lyba ker\u00fclt.<\/span><\/p>\n<p style=\"margin-bottom: var(--wd-tags-mb); padding: 0px; border: 0px; vertical-align: baseline; line-height: inherit; text-align: justify;\"><span style=\"margin: 0px; padding: 0px; border: 0px; vertical-align: baseline; line-height: inherit;\">A robusztus hegesztett h\u00e1z<\/span><span style=\"margin: 0px; padding: 0px; border: 0px; vertical-align: baseline; line-height: inherit;\"> porsz\u00f3rtan ellen\u00e1ll a nedvess\u00e9gnek \u00e9s a mechanikai s\u00e9r\u00fcl\u00e9seknek, \u00e9s biztons\u00e1gos m\u0171k\u00f6d\u00e9st biztos\u00edt. <\/span> <\/p>\n<p style=\"margin-bottom: var(--wd-tags-mb); padding: 0px; border: 0px; vertical-align: baseline; line-height: inherit; text-align: justify;\"><span style=\"margin: 0px; padding: 0px; border: 0px; vertical-align: baseline; line-height: inherit;\">Magas kil\u00f6v\u0151 k\u00e9m\u00e9ny <\/span><span style=\"margin: 0px; padding: 0px; border: 0px; vertical-align: baseline; line-height: inherit;\">360\u00b0-ban \u00e1ll\u00edthat\u00f3<\/span><span style=\"margin: 0px; padding: 0px; border: 0px; vertical-align: baseline; line-height: inherit;\">o <\/span><span style=\"margin: 0px; padding: 0px; border: 0px; vertical-align: baseline; line-height: inherit;\">lehet\u0151v\u00e9 teszi a forg\u00e1cskidob\u00e1s \u00e1raml\u00e1s\u00e1nak pontos szab\u00e1lyoz\u00e1s\u00e1t, m\u00edg a mozgathat\u00f3 fels\u0151 v\u00e9delem megakad\u00e1lyozza, hogy a forg\u00e1cs minden ir\u00e1nyba sz\u00e9tsz\u00f3r\u00f3djon. <\/span> <\/p>\n<h2 style=\"margin-right: 0px; margin-bottom: var(--wd-tags-mb); margin-left: 0px; padding: 0px; border: 0px; vertical-align: baseline; line-height: 1.4; text-align: justify;\"><span style=\"margin: 0px; padding: 0px; border: 0px; vertical-align: baseline; line-height: inherit;\">Foszladoz\u00f3 k\u00e9nyelem \u00e9s biztons\u00e1g a Cyclone 130-mal<\/span><\/h2>\n<p style=\"margin-bottom: var(--wd-tags-mb); padding: 0px; border: 0px; vertical-align: baseline; line-height: inherit; text-align: justify;\"><span style=\"margin: 0px; padding: 0px; border: 0px; vertical-align: baseline; line-height: inherit;\">\u00e1gapr\u00edt\u00f3  <\/span><span style=\"margin: 0px; padding: 0px; border: 0px; vertical-align: baseline; line-height: inherit;\">zord k\u00f6rnyezetben m\u0171k\u00f6dnek, \u00e9s m\u0171k\u00f6d\u00e9s k\u00f6zben mechanikai s\u00e9r\u00fcl\u00e9seknek \u00e9s nedvess\u00e9gnek vannak kit\u00e9ve. A k\u00e1rok kock\u00e1zat\u00e1nak minimaliz\u00e1l\u00e1sa \u00e9rdek\u00e9ben a mi  <\/span><span style=\"margin: 0px; padding: 0px; border: 0px; vertical-align: baseline; line-height: inherit;\">hidraulikus apr\u00edt\u00f3g\u00e9p<\/span><span style=\"margin: 0px; padding: 0px; border: 0px; vertical-align: baseline; line-height: inherit;\">  robusztus hegesztett h\u00e1zban, porsz\u00f3rt bevonat\u00fa alkatr\u00e9szekkel. Ez a gy\u00e1rt\u00e1si m\u00f3dszer biztos\u00edtja a maxim\u00e1lis tart\u00f3ss\u00e1got \u00e9s v\u00e9d a korr\u00f3zi\u00f3 ellen. Ezenk\u00edv\u00fcl minden g\u00e9p\u00fcnk alapos min\u0151s\u00e9gellen\u0151rz\u00e9sen esik \u00e1t.  <\/span><\/p>\n<p style=\"margin-bottom: var(--wd-tags-mb); padding: 0px; border: 0px; vertical-align: baseline; line-height: inherit; text-align: justify;\"><span style=\"margin: 0px; padding: 0px; border: 0px; vertical-align: baseline; line-height: inherit;\">E modell megn\u00f6velt funkcionalit\u00e1sa az adagol\u00f3 hidraulikus henger jelenl\u00e9t\u00e9nek k\u00f6sz\u00f6nhet\u0151, amely jelent\u0151sen megk\u00f6nny\u00edti \u00e9s felgyors\u00edtja a munk\u00e1t, \u00e9s n\u00f6veli a g\u00e9p termel\u00e9kenys\u00e9g\u00e9t. A magas felhaszn\u00e1l\u00f3i k\u00e9nyelem \u00e9rdek\u00e9ben<\/span> <span style=\"margin: 0px; padding: 0px; border: 0px; vertical-align: baseline; line-height: inherit;\"> hidraulikus apr\u00edt\u00f3g\u00e9p <\/span><span style=\"margin: 0px; padding: 0px; border: 0px; vertical-align: baseline; line-height: inherit;\">A Cyclone 130-at olyan megold\u00e1sok is befoly\u00e1solj\u00e1k, mint a sz\u00e9les adagol\u00f3ny\u00edl\u00e1s, a mozgathat\u00f3 \u00fcr\u00edt\u0151k\u00e9m\u00e9ny, a nagy teljes\u00edtm\u00e9ny\u0171 motor vagy a hat\u00e9kony v\u00e1g\u00f3szerkezet. <\/span> <\/p>\n<h2 style=\"margin-right: 0px; margin-bottom: var(--wd-tags-mb); margin-left: 0px; padding: 0px; border: 0px; vertical-align: baseline; line-height: 1.4; text-align: justify;\"><span style=\"margin: 0px; padding: 0px; border: 0px; vertical-align: baseline; line-height: inherit;\">Cyklon 130 hidraulikus apr\u00edt\u00f3g\u00e9p &#8211; teljes\u00edtm\u00e9ny \u00e9s teljes\u00edtm\u00e9ny<\/span><\/h2>\n<p style=\"margin-bottom: var(--wd-tags-mb); padding: 0px; border: 0px; vertical-align: baseline; line-height: inherit; text-align: justify;\"><span style=\"margin: 0px; padding: 0px; border: 0px; vertical-align: baseline; line-height: inherit;\">A nagy teljes\u00edtm\u00e9ny\u0171 18 LE, a 4 \u00e9les, kop\u00e1s\u00e1ll\u00f3 k\u00e9s \u00e9s a meger\u0151s\u00edtett nagy teherb\u00edr\u00e1s\u00fa t\u00e1rcsa hat\u00e9kony \u00e9s eredm\u00e9nyes munk\u00e1t biztos\u00edt minden kem\u00e9nys\u00e9g\u0171 f\u00e1val. <\/span><span style=\"margin: 0px; padding: 0px; border: 0px; vertical-align: baseline; line-height: inherit;\">Hidraulikus faapr\u00edt\u00f3 <\/span><span style=\"margin: 0px; padding: 0px; border: 0px; vertical-align: baseline; line-height: inherit;\">A Cyclone 130 nemcsak v\u00e9kony \u00e1gakat, hanem vastag \u00e1gakat, s\u0151t ak\u00e1r 13 cm \u00e1tm\u00e9r\u0151j\u0171 t\u00f6rzseket is felapr\u00edt. <\/span> <\/p>\n<p style=\"margin-bottom: var(--wd-tags-mb); padding: 0px; border: 0px; vertical-align: baseline; line-height: inherit; text-align: justify;\"><span style=\"margin: 0px; padding: 0px; border: 0px; vertical-align: baseline; line-height: inherit;\">A nagym\u00e9ret\u0171, t\u00f6lcs\u00e9r alak\u00fa tart\u00e1ly \u00e9s az anyagadagol\u00f3 mechanizmusnak k\u00f6sz\u00f6nhet\u0151en nincs sz\u00fcks\u00e9g a fa speci\u00e1lis el\u0151k\u00e9sz\u00edt\u00e9s\u00e9re az apr\u00edt\u00e1s el\u0151tt &#8211; a g\u00e9p maga veszi fel az anyagot, amint az a tart\u00e1lyba ker\u00fcl.  <\/span><span style=\"margin: 0px; padding: 0px; border: 0px; vertical-align: baseline; line-height: inherit;\">Hidraulikus apr\u00edt\u00f3g\u00e9p  <\/span><span style=\"margin: 0px; padding: 0px; border: 0px; vertical-align: baseline; line-height: inherit;\">A Cyclone 130 mind a professzion\u00e1lis haszn\u00e1latban, p\u00e9ld\u00e1ul az erd\u00e9szetben vagy a z\u00f6ldter\u00fclet-gazd\u00e1lkod\u00e1sban, mind az egy\u00e9ni haszn\u00e1latban bizony\u00edtani fogja \u00e9rt\u00e9k\u00e9t, seg\u00edts\u00e9get ny\u00fajtva minden gazdas\u00e1gban.<\/span><\/p>\n","protected":false},"excerpt":{"rendered":"<p style=\"text-align: justify;\">Ez a faapr\u00edt\u00f3 modell hidraulikus adagol\u00f3hengerrel van felszerelve. Ez egyszer\u0171bb\u00e9 \u00e9s kev\u00e9sb\u00e9 er\u0151ltetett\u00e9 teszi a g\u00e9pen val\u00f3 munk\u00e1t &#8211; egyszer\u0171en helyezze be az anyagot az adagol\u00f3ba, \u00e9s a g\u00f6rg\u0151 tov\u00e1bb mozgatja azt. A g\u00f6rg\u0151 jelenl\u00e9te mag\u00e1nak a g\u00e9pnek a m\u0171k\u00f6d\u00e9s\u00e9re is hat\u00e1ssal van, \u00edgy az hat\u00e9konyabb\u00e1 v\u00e1lik.<\/p>\n","protected":false},"featured_media":7563,"comment_status":"open","ping_status":"closed","template":"","meta":{"_acf_changed":false,"inline_featured_image":false},"product_brand":[],"product_cat":[274,224],"product_tag":[],"class_list":{"0":"post-9984","1":"product","2":"type-product","3":"status-publish","4":"has-post-thumbnail","6":"product_cat-chippers-cyklon-130","7":"product_cat-faaprito-gepek","9":"first","10":"onbackorder","11":"taxable","12":"shipping-taxable","13":"purchasable","14":"product-type-simple"},"acf":[],"yoast_head":"<!-- This site is optimized with the Yoast SEO plugin v27.3 - https:\/\/yoast.com\/product\/yoast-seo-wordpress\/ -->\n<title>Hidraulikus apr\u00edt\u00f3g\u00e9p CYKLON 130 - Exparto.pl<\/title>\n<meta name=\"robots\" content=\"index, follow, max-snippet:-1, max-image-preview:large, max-video-preview:-1\" \/>\n<link rel=\"canonical\" href=\"https:\/\/exparto.pl\/hu\/produkt\/rebak-hidraulikus-ciklon-130\/\" \/>\n<meta property=\"og:locale\" content=\"hu_HU\" \/>\n<meta property=\"og:type\" content=\"article\" \/>\n<meta property=\"og:title\" content=\"Hidraulikus apr\u00edt\u00f3g\u00e9p CYKLON 130 - Exparto.pl\" \/>\n<meta property=\"og:description\" content=\"Ez a faapr\u00edt\u00f3 modell hidraulikus adagol\u00f3hengerrel van felszerelve. Ez egyszer\u0171bb\u00e9 \u00e9s kev\u00e9sb\u00e9 er\u0151ltetett\u00e9 teszi a g\u00e9pen val\u00f3 munk\u00e1t - egyszer\u0171en helyezze be az anyagot az adagol\u00f3ba, \u00e9s a g\u00f6rg\u0151 tov\u00e1bb mozgatja azt. A g\u00f6rg\u0151 jelenl\u00e9te mag\u00e1nak a g\u00e9pnek a m\u0171k\u00f6d\u00e9s\u00e9re is hat\u00e1ssal van, \u00edgy az hat\u00e9konyabb\u00e1 v\u00e1lik.\" \/>\n<meta property=\"og:url\" content=\"https:\/\/exparto.pl\/hu\/produkt\/rebak-hidraulikus-ciklon-130\/\" \/>\n<meta property=\"og:site_name\" content=\"Exparto.pl\" \/>\n<meta property=\"article:publisher\" content=\"https:\/\/www.facebook.com\/exparto.agro\/\" \/>\n<meta property=\"og:image\" content=\"https:\/\/exparto.pl\/wp-content\/uploads\/2023\/06\/99a3bf672be9f4fdcd6cb1253f6210f2.jpg\" \/>\n\t<meta property=\"og:image:width\" content=\"1000\" \/>\n\t<meta property=\"og:image:height\" content=\"1000\" \/>\n\t<meta property=\"og:image:type\" content=\"image\/jpeg\" \/>\n<meta name=\"twitter:card\" content=\"summary_large_image\" \/>\n<meta name=\"twitter:label1\" content=\"Becs\u00fclt olvas\u00e1si id\u0151\" \/>\n\t<meta name=\"twitter:data1\" content=\"4 perc\" \/>\n<script type=\"application\/ld+json\" class=\"yoast-schema-graph\">{\"@context\":\"https:\\\/\\\/schema.org\",\"@graph\":[{\"@type\":\"WebPage\",\"@id\":\"https:\\\/\\\/exparto.pl\\\/hu\\\/produkt\\\/rebak-hidraulikus-ciklon-130\\\/\",\"url\":\"https:\\\/\\\/exparto.pl\\\/hu\\\/produkt\\\/rebak-hidraulikus-ciklon-130\\\/\",\"name\":\"Hidraulikus apr\u00edt\u00f3g\u00e9p CYKLON 130 - Exparto.pl\",\"isPartOf\":{\"@id\":\"https:\\\/\\\/exparto.pl\\\/hu\\\/#website\"},\"primaryImageOfPage\":{\"@id\":\"https:\\\/\\\/exparto.pl\\\/hu\\\/produkt\\\/rebak-hidraulikus-ciklon-130\\\/#primaryimage\"},\"image\":{\"@id\":\"https:\\\/\\\/exparto.pl\\\/hu\\\/produkt\\\/rebak-hidraulikus-ciklon-130\\\/#primaryimage\"},\"thumbnailUrl\":\"https:\\\/\\\/exparto.pl\\\/wp-content\\\/uploads\\\/2023\\\/06\\\/99a3bf672be9f4fdcd6cb1253f6210f2.jpg\",\"datePublished\":\"2023-06-23T06:58:23+00:00\",\"breadcrumb\":{\"@id\":\"https:\\\/\\\/exparto.pl\\\/hu\\\/produkt\\\/rebak-hidraulikus-ciklon-130\\\/#breadcrumb\"},\"inLanguage\":\"hu\",\"potentialAction\":[{\"@type\":\"ReadAction\",\"target\":[\"https:\\\/\\\/exparto.pl\\\/hu\\\/produkt\\\/rebak-hidraulikus-ciklon-130\\\/\"]}]},{\"@type\":\"ImageObject\",\"inLanguage\":\"hu\",\"@id\":\"https:\\\/\\\/exparto.pl\\\/hu\\\/produkt\\\/rebak-hidraulikus-ciklon-130\\\/#primaryimage\",\"url\":\"https:\\\/\\\/exparto.pl\\\/wp-content\\\/uploads\\\/2023\\\/06\\\/99a3bf672be9f4fdcd6cb1253f6210f2.jpg\",\"contentUrl\":\"https:\\\/\\\/exparto.pl\\\/wp-content\\\/uploads\\\/2023\\\/06\\\/99a3bf672be9f4fdcd6cb1253f6210f2.jpg\",\"width\":1000,\"height\":1000},{\"@type\":\"BreadcrumbList\",\"@id\":\"https:\\\/\\\/exparto.pl\\\/hu\\\/produkt\\\/rebak-hidraulikus-ciklon-130\\\/#breadcrumb\",\"itemListElement\":[{\"@type\":\"ListItem\",\"position\":1,\"name\":\"Honlap\",\"item\":\"https:\\\/\\\/exparto.pl\\\/hu\\\/\"},{\"@type\":\"ListItem\",\"position\":2,\"name\":\"Sklep\",\"item\":\"https:\\\/\\\/exparto.pl\\\/sklep\\\/\"},{\"@type\":\"ListItem\",\"position\":3,\"name\":\"Faapr\u00edt\u00f3 g\u00e9pek\",\"item\":\"https:\\\/\\\/exparto.pl\\\/hu\\\/termekkategoria\\\/faaprito-gepek\\\/\"},{\"@type\":\"ListItem\",\"position\":4,\"name\":\"Chippers Cyklon 130\",\"item\":\"https:\\\/\\\/exparto.pl\\\/hu\\\/termekkategoria\\\/faaprito-gepek\\\/chippers-cyklon-130\\\/\"},{\"@type\":\"ListItem\",\"position\":5,\"name\":\"Hidraulikus apr\u00edt\u00f3g\u00e9p CYKLON 130\"}]},{\"@type\":\"WebSite\",\"@id\":\"https:\\\/\\\/exparto.pl\\\/hu\\\/#website\",\"url\":\"https:\\\/\\\/exparto.pl\\\/hu\\\/\",\"name\":\"EXPARTO\",\"description\":\"More than agro parts\",\"publisher\":{\"@id\":\"https:\\\/\\\/exparto.pl\\\/hu\\\/#organization\"},\"potentialAction\":[{\"@type\":\"SearchAction\",\"target\":{\"@type\":\"EntryPoint\",\"urlTemplate\":\"https:\\\/\\\/exparto.pl\\\/hu\\\/?s={search_term_string}\"},\"query-input\":{\"@type\":\"PropertyValueSpecification\",\"valueRequired\":true,\"valueName\":\"search_term_string\"}}],\"inLanguage\":\"hu\"},{\"@type\":\"Organization\",\"@id\":\"https:\\\/\\\/exparto.pl\\\/hu\\\/#organization\",\"name\":\"EXPARTO\",\"url\":\"https:\\\/\\\/exparto.pl\\\/hu\\\/\",\"logo\":{\"@type\":\"ImageObject\",\"inLanguage\":\"hu\",\"@id\":\"https:\\\/\\\/exparto.pl\\\/hu\\\/#\\\/schema\\\/logo\\\/image\\\/\",\"url\":\"https:\\\/\\\/exparto.pl\\\/wp-content\\\/uploads\\\/2023\\\/02\\\/logo-wektor.png\",\"contentUrl\":\"https:\\\/\\\/exparto.pl\\\/wp-content\\\/uploads\\\/2023\\\/02\\\/logo-wektor.png\",\"width\":1338,\"height\":143,\"caption\":\"EXPARTO\"},\"image\":{\"@id\":\"https:\\\/\\\/exparto.pl\\\/hu\\\/#\\\/schema\\\/logo\\\/image\\\/\"},\"sameAs\":[\"https:\\\/\\\/www.facebook.com\\\/exparto.agro\\\/\"]}]}<\/script>\n<!-- \/ Yoast SEO plugin. -->","yoast_head_json":{"title":"Hidraulikus apr\u00edt\u00f3g\u00e9p CYKLON 130 - Exparto.pl","robots":{"index":"index","follow":"follow","max-snippet":"max-snippet:-1","max-image-preview":"max-image-preview:large","max-video-preview":"max-video-preview:-1"},"canonical":"https:\/\/exparto.pl\/hu\/produkt\/rebak-hidraulikus-ciklon-130\/","og_locale":"hu_HU","og_type":"article","og_title":"Hidraulikus apr\u00edt\u00f3g\u00e9p CYKLON 130 - Exparto.pl","og_description":"Ez a faapr\u00edt\u00f3 modell hidraulikus adagol\u00f3hengerrel van felszerelve. Ez egyszer\u0171bb\u00e9 \u00e9s kev\u00e9sb\u00e9 er\u0151ltetett\u00e9 teszi a g\u00e9pen val\u00f3 munk\u00e1t - egyszer\u0171en helyezze be az anyagot az adagol\u00f3ba, \u00e9s a g\u00f6rg\u0151 tov\u00e1bb mozgatja azt. A g\u00f6rg\u0151 jelenl\u00e9te mag\u00e1nak a g\u00e9pnek a m\u0171k\u00f6d\u00e9s\u00e9re is hat\u00e1ssal van, \u00edgy az hat\u00e9konyabb\u00e1 v\u00e1lik.","og_url":"https:\/\/exparto.pl\/hu\/produkt\/rebak-hidraulikus-ciklon-130\/","og_site_name":"Exparto.pl","article_publisher":"https:\/\/www.facebook.com\/exparto.agro\/","og_image":[{"width":1000,"height":1000,"url":"https:\/\/exparto.pl\/wp-content\/uploads\/2023\/06\/99a3bf672be9f4fdcd6cb1253f6210f2.jpg","type":"image\/jpeg"}],"twitter_card":"summary_large_image","twitter_misc":{"Becs\u00fclt olvas\u00e1si id\u0151":"4 perc"},"schema":{"@context":"https:\/\/schema.org","@graph":[{"@type":"WebPage","@id":"https:\/\/exparto.pl\/hu\/produkt\/rebak-hidraulikus-ciklon-130\/","url":"https:\/\/exparto.pl\/hu\/produkt\/rebak-hidraulikus-ciklon-130\/","name":"Hidraulikus apr\u00edt\u00f3g\u00e9p CYKLON 130 - Exparto.pl","isPartOf":{"@id":"https:\/\/exparto.pl\/hu\/#website"},"primaryImageOfPage":{"@id":"https:\/\/exparto.pl\/hu\/produkt\/rebak-hidraulikus-ciklon-130\/#primaryimage"},"image":{"@id":"https:\/\/exparto.pl\/hu\/produkt\/rebak-hidraulikus-ciklon-130\/#primaryimage"},"thumbnailUrl":"https:\/\/exparto.pl\/wp-content\/uploads\/2023\/06\/99a3bf672be9f4fdcd6cb1253f6210f2.jpg","datePublished":"2023-06-23T06:58:23+00:00","breadcrumb":{"@id":"https:\/\/exparto.pl\/hu\/produkt\/rebak-hidraulikus-ciklon-130\/#breadcrumb"},"inLanguage":"hu","potentialAction":[{"@type":"ReadAction","target":["https:\/\/exparto.pl\/hu\/produkt\/rebak-hidraulikus-ciklon-130\/"]}]},{"@type":"ImageObject","inLanguage":"hu","@id":"https:\/\/exparto.pl\/hu\/produkt\/rebak-hidraulikus-ciklon-130\/#primaryimage","url":"https:\/\/exparto.pl\/wp-content\/uploads\/2023\/06\/99a3bf672be9f4fdcd6cb1253f6210f2.jpg","contentUrl":"https:\/\/exparto.pl\/wp-content\/uploads\/2023\/06\/99a3bf672be9f4fdcd6cb1253f6210f2.jpg","width":1000,"height":1000},{"@type":"BreadcrumbList","@id":"https:\/\/exparto.pl\/hu\/produkt\/rebak-hidraulikus-ciklon-130\/#breadcrumb","itemListElement":[{"@type":"ListItem","position":1,"name":"Honlap","item":"https:\/\/exparto.pl\/hu\/"},{"@type":"ListItem","position":2,"name":"Sklep","item":"https:\/\/exparto.pl\/sklep\/"},{"@type":"ListItem","position":3,"name":"Faapr\u00edt\u00f3 g\u00e9pek","item":"https:\/\/exparto.pl\/hu\/termekkategoria\/faaprito-gepek\/"},{"@type":"ListItem","position":4,"name":"Chippers Cyklon 130","item":"https:\/\/exparto.pl\/hu\/termekkategoria\/faaprito-gepek\/chippers-cyklon-130\/"},{"@type":"ListItem","position":5,"name":"Hidraulikus apr\u00edt\u00f3g\u00e9p CYKLON 130"}]},{"@type":"WebSite","@id":"https:\/\/exparto.pl\/hu\/#website","url":"https:\/\/exparto.pl\/hu\/","name":"EXPARTO","description":"More than agro parts","publisher":{"@id":"https:\/\/exparto.pl\/hu\/#organization"},"potentialAction":[{"@type":"SearchAction","target":{"@type":"EntryPoint","urlTemplate":"https:\/\/exparto.pl\/hu\/?s={search_term_string}"},"query-input":{"@type":"PropertyValueSpecification","valueRequired":true,"valueName":"search_term_string"}}],"inLanguage":"hu"},{"@type":"Organization","@id":"https:\/\/exparto.pl\/hu\/#organization","name":"EXPARTO","url":"https:\/\/exparto.pl\/hu\/","logo":{"@type":"ImageObject","inLanguage":"hu","@id":"https:\/\/exparto.pl\/hu\/#\/schema\/logo\/image\/","url":"https:\/\/exparto.pl\/wp-content\/uploads\/2023\/02\/logo-wektor.png","contentUrl":"https:\/\/exparto.pl\/wp-content\/uploads\/2023\/02\/logo-wektor.png","width":1338,"height":143,"caption":"EXPARTO"},"image":{"@id":"https:\/\/exparto.pl\/hu\/#\/schema\/logo\/image\/"},"sameAs":["https:\/\/www.facebook.com\/exparto.agro\/"]}]}},"_links":{"self":[{"href":"https:\/\/exparto.pl\/hu\/wp-json\/wp\/v2\/product\/9984","targetHints":{"allow":["GET"]}}],"collection":[{"href":"https:\/\/exparto.pl\/hu\/wp-json\/wp\/v2\/product"}],"about":[{"href":"https:\/\/exparto.pl\/hu\/wp-json\/wp\/v2\/types\/product"}],"replies":[{"embeddable":true,"href":"https:\/\/exparto.pl\/hu\/wp-json\/wp\/v2\/comments?post=9984"}],"wp:featuredmedia":[{"embeddable":true,"href":"https:\/\/exparto.pl\/hu\/wp-json\/wp\/v2\/media\/7563"}],"wp:attachment":[{"href":"https:\/\/exparto.pl\/hu\/wp-json\/wp\/v2\/media?parent=9984"}],"wp:term":[{"taxonomy":"product_brand","embeddable":true,"href":"https:\/\/exparto.pl\/hu\/wp-json\/wp\/v2\/product_brand?post=9984"},{"taxonomy":"product_cat","embeddable":true,"href":"https:\/\/exparto.pl\/hu\/wp-json\/wp\/v2\/product_cat?post=9984"},{"taxonomy":"product_tag","embeddable":true,"href":"https:\/\/exparto.pl\/hu\/wp-json\/wp\/v2\/product_tag?post=9984"}],"curies":[{"name":"wp","href":"https:\/\/api.w.org\/{rel}","templated":true}]}}