{"id":9985,"date":"2023-06-22T15:53:28","date_gmt":"2023-06-22T13:53:28","guid":{"rendered":"https:\/\/exparto.pl\/produkt\/daralo-cyklon-130\/"},"modified":"2023-06-22T15:53:28","modified_gmt":"2023-06-22T13:53:28","slug":"rebak-ciklon-130","status":"publish","type":"product","link":"https:\/\/exparto.pl\/hu\/produkt\/rebak-ciklon-130\/","title":{"rendered":"Dar\u00e1l\u00f3 CYKLON 130"},"content":{"rendered":"<h2 style=\"margin-right: 0px; margin-bottom: var(--wd-tags-mb); margin-left: 0px; padding: 0px; border: 0px; vertical-align: baseline; line-height: 1.4; text-align: justify;\"><span style=\"margin: 0px; padding: 0px; border: 0px; vertical-align: baseline; line-height: inherit;\">A Cyklon 130 t\u00e1rcs\u00e1s apr\u00edt\u00f3g\u00e9p hat\u00e9kony seg\u00edts\u00e9g a fa apr\u00edt\u00e1s\u00e1hoz.<\/span><\/h2>\n<p style=\"margin-bottom: var(--wd-tags-mb); padding: 0px; border: 0px; vertical-align: baseline; line-height: inherit; text-align: justify;\"><span style=\"margin: 0px; padding: 0px; border: 0px; vertical-align: baseline; line-height: inherit;\">\u00e1gapr\u00edt\u00f3 g\u00e9pek<\/span><span style=\"margin: 0px; padding: 0px; border: 0px; vertical-align: baseline; line-height: inherit;\">  olyan berendez\u00e9sek, amelyek a faanyagot faforg\u00e1ccs\u00e1 alak\u00edtj\u00e1k. Megoldj\u00e1k a fa- \u00e9s cserje\u00e1gak form\u00e1j\u00e1ban keletkez\u0151 hullad\u00e9k probl\u00e9m\u00e1j\u00e1t, amely folyamatosan el\u0151fordul az erd\u0151kben, kertekben, gy\u00fcm\u00f6lcs\u00f6s\u00f6kben \u00e9s parkos\u00edtott ter\u00fcleteken.<\/span><\/p>\n<p style=\"margin-bottom: var(--wd-tags-mb); padding: 0px; border: 0px; vertical-align: baseline; line-height: inherit; text-align: justify;\"><span style=\"margin: 0px; padding: 0px; border: 0px; vertical-align: baseline; line-height: inherit;\">T\u00e1rcs\u00e1s apr\u00edt\u00f3g\u00e9p<\/span><span style=\"margin: 0px; padding: 0px; border: 0px; vertical-align: baseline; line-height: inherit;\">  peng\u00e9ket tartalmaz\u00f3 forg\u00f3 t\u00e1rcs\u00e1s mechanizmussal van ell\u00e1tva. Kiv\u00e1l\u00f3 min\u0151s\u00e9g  <\/span><span style=\"margin: 0px; padding: 0px; border: 0px; vertical-align: baseline; line-height: inherit;\">t\u00e1rcs\u00e1s apr\u00edt\u00f3g\u00e9p<\/span><span style=\"margin: 0px; padding: 0px; border: 0px; vertical-align: baseline; line-height: inherit;\"> A nagy teljes\u00edtm\u00e9ny\u0171 apr\u00edt\u00f3g\u00e9p gyorsan megsemmis\u00edti a megmaradt f\u00e1t, \u00e9s megfelel\u0151 haszn\u00e1lat \u00e9s karbantart\u00e1s mellett hossz\u00fa \u00e9vekig haszn\u00e1lhat\u00f3.<\/span><\/p>\n<p style=\"margin-bottom: var(--wd-tags-mb); padding: 0px; border: 0px; vertical-align: baseline; line-height: inherit; text-align: justify;\"><span style=\"margin: 0px; padding: 0px; border: 0px; vertical-align: baseline; line-height: inherit;\">Keres<\/span><span style=\"margin: 0px; padding: 0px; border: 0px; vertical-align: baseline; line-height: inherit;\"> faapr\u00edt\u00f3t<\/span><span style=\"margin: 0px; padding: 0px; border: 0px; vertical-align: baseline; line-height: inherit;\">  magas min\u0151s\u00e9get, amely seg\u00edt a fahullad\u00e9k hat\u00e9kony \u00e1rtalmatlan\u00edt\u00e1s\u00e1ban? Fedezze fel a  oldalt.  <\/span><span style=\"margin: 0px; padding: 0px; border: 0px; vertical-align: baseline; line-height: inherit;\">Cyklon t\u00e1rcs\u00e1s apr\u00edt\u00f3g\u00e9p 130<\/span><span style=\"margin: 0px; padding: 0px; border: 0px; vertical-align: baseline; line-height: inherit;\">. Ez egy PTO tengely meghajt\u00e1s\u00fa g\u00e9p a gy\u00e1rt\u00e1sunkb\u00f3l, amely nagy munkakapacit\u00e1ssal rendelkezik.  <\/span><span style=\"margin: 0px; padding: 0px; border: 0px; vertical-align: baseline; line-height: inherit;\">\u00e1gapr\u00edt\u00f3 <\/span><span style=\"margin: 0px; padding: 0px; border: 0px; vertical-align: baseline; line-height: inherit;\">A Cyclone 130 megfelel a sz\u00fcks\u00e9ges biztons\u00e1gi el\u0151\u00edr\u00e1soknak, \u00e9s mind egy\u00e9ni, mind professzion\u00e1lis haszn\u00e1latra alkalmas. <\/span> <\/p>\n<h2 style=\"margin-right: 0px; margin-bottom: var(--wd-tags-mb); margin-left: 0px; padding: 0px; border: 0px; vertical-align: baseline; line-height: 1.4; text-align: justify;\"><span style=\"margin: 0px; padding: 0px; border: 0px; vertical-align: baseline; line-height: inherit;\">Mi\u00e9rt v\u00e1lassza a Cyklon 130 t\u00e1rcs\u00e1s apr\u00edt\u00f3g\u00e9pet?<\/span><\/h2>\n<p style=\"margin-bottom: var(--wd-tags-mb); padding: 0px; border: 0px; vertical-align: baseline; line-height: inherit; text-align: justify;\"><span style=\"margin: 0px; padding: 0px; border: 0px; vertical-align: baseline; line-height: inherit;\">T\u00e1rcs\u00e1s apr\u00edt\u00f3g\u00e9p<\/span><span style=\"margin: 0px; padding: 0px; border: 0px; vertical-align: baseline; line-height: inherit;\">  p\u00f3tolhatatlan a t\u00f6rzsek \u00e9s \u00e1gak form\u00e1j\u00e1ban keletkez\u0151 fahullad\u00e9k feldolgoz\u00e1s\u00e1ban.  <\/span><span style=\"margin: 0px; padding: 0px; border: 0px; vertical-align: baseline; line-height: inherit;\">\u00e1gapr\u00edt\u00f3<\/span><span style=\"margin: 0px; padding: 0px; border: 0px; vertical-align: baseline; line-height: inherit;\">  A Cyclone 130 \u00f3ri\u00e1si seg\u00edts\u00e9g lesz mindazoknak, akik hivat\u00e1sszer\u0171en foglalkoznak f\u00e1val, valamint azoknak, akiknek kert\u00e9szete \u00e9s kertje van &#8211; felbecs\u00fclhetetlen seg\u00edts\u00e9g lesz b\u00e1rmelyik gazdas\u00e1gban.  <\/span><span style=\"margin: 0px; padding: 0px; border: 0px; vertical-align: baseline; line-height: inherit;\">Cyklon t\u00e1rcs\u00e1s apr\u00edt\u00f3g\u00e9p 130<\/span><span style=\"margin: 0px; padding: 0px; border: 0px; vertical-align: baseline; line-height: inherit;\">  nem csak a tiszt\u00edt\u00e1si munk\u00e1t jav\u00edtja, hanem lehet\u0151v\u00e9 teszi a visszamaradt fahullad\u00e9k hasznos faforg\u00e1ccs\u00e1 t\u00f6rt\u00e9n\u0151 \u00fajrahasznos\u00edt\u00e1s\u00e1t is.  <\/span><\/p>\n<h3 style=\"margin-right: 0px; margin-bottom: var(--wd-tags-mb); margin-left: 0px; padding: 0px; border: 0px; vertical-align: baseline; line-height: 1.4; text-align: justify;\"><span style=\"margin: 0px; padding: 0px; border: 0px; vertical-align: baseline; line-height: inherit;\">Teljes\u00edtm\u00e9ny, teljes\u00edtm\u00e9ny, biztons\u00e1g<\/span><\/h3>\n<p style=\"margin-bottom: var(--wd-tags-mb); padding: 0px; border: 0px; vertical-align: baseline; line-height: inherit; text-align: justify;\"><span style=\"margin: 0px; padding: 0px; border: 0px; vertical-align: baseline; line-height: inherit;\">Cyklon t\u00e1rcs\u00e1s apr\u00edt\u00f3g\u00e9p 130<\/span><span style=\"margin: 0px; padding: 0px; border: 0px; vertical-align: baseline; line-height: inherit;\">  a legfeljebb 13 cm \u00e1tm\u00e9r\u0151j\u0171 \u00e1gak \u00e9s ak\u00e1r fat\u00f6rzsek apr\u00edt\u00e1s\u00e1ra is alkalmas. A v\u00e1g\u00f3t\u00e1rcsa hat\u00e9konyan m\u0171k\u00f6dik a n\u00e9gy ac\u00e9lk\u00e9snek \u00e9s a nagy s\u00falynak k\u00f6sz\u00f6nhet\u0151en, amely a nagy nyomat\u00e9k\u00e9rt felel\u0151s. A  <\/span><span style=\"margin: 0px; padding: 0px; border: 0px; vertical-align: baseline; line-height: inherit;\">faapr\u00edt\u00f3<\/span><span style=\"margin: 0px; padding: 0px; border: 0px; vertical-align: baseline; line-height: inherit;\">  ac\u00e9l karossz\u00e9riav\u00e9d\u0151vel rendelkezik, amely robusztus \u00e9s biztons\u00e1gos m\u0171k\u00f6d\u00e9st biztos\u00edt. A g\u00e9p 360\u00b0-os mozg\u00e9konys\u00e1g\u00fa kidob\u00f3k\u00e9m\u00e9nyt tartalmaz.<\/span><span style=\"margin: 0px; padding: 0px; border: 0px; vertical-align: baseline; line-height: inherit;\">o<\/span><span style=\"margin: 0px; padding: 0px; border: 0px; vertical-align: baseline; line-height: inherit;\"> lehet\u0151v\u00e9 teszi a chipek ir\u00e1ny\u00e1nak be\u00e1ll\u00edt\u00e1s\u00e1t. <\/span> <\/p>\n<h3 style=\"margin-right: 0px; margin-bottom: var(--wd-tags-mb); margin-left: 0px; padding: 0px; border: 0px; vertical-align: baseline; line-height: 1.4; text-align: justify;\"><span style=\"margin: 0px; padding: 0px; border: 0px; vertical-align: baseline; line-height: inherit;\">Haszn\u00e1lhat\u00f3s\u00e1g<\/span><\/h3>\n<p style=\"margin-bottom: var(--wd-tags-mb); padding: 0px; border: 0px; vertical-align: baseline; line-height: inherit; text-align: justify;\"><span style=\"margin: 0px; padding: 0px; border: 0px; vertical-align: baseline; line-height: inherit;\">Cyklon 130 t\u00e1rcs\u00e1s apr\u00edt\u00f3g\u00e9p<\/span><span style=\"margin: 0px; padding: 0px; border: 0px; vertical-align: baseline; line-height: inherit;\"> 18 l\u00f3er\u0151vel<\/span> <span style=\"margin: 0px; padding: 0px; border: 0px; vertical-align: baseline; line-height: inherit;\">Hat\u00e9konyan apr\u00edtja fel a tusk\u00f3kat \u00e9s \u00e1gakat, finom faforg\u00e1csk\u00e1 alak\u00edtva azokat. Ez a  <\/span><span style=\"margin: 0px; padding: 0px; border: 0px; vertical-align: baseline; line-height: inherit;\">faapr\u00edt\u00f3<\/span><span style=\"margin: 0px; padding: 0px; border: 0px; vertical-align: baseline; line-height: inherit;\"> b\u00e1rmilyen fafajt\u00e1val megbirk\u00f3zik &#8211; a n\u00e9gy v\u00e1g\u00f3k\u00e9s a puha ny\u00edr- vagy feny\u0151f\u00e1val \u00e9s a kem\u00e9nyebb fajt\u00e1kkal, p\u00e9ld\u00e1ul juharral, mogyor\u00f3val vagy alm\u00e1val egyar\u00e1nt z\u00f6kken\u0151mentesen m\u0171k\u00f6dik. <\/span> <\/p>\n<p style=\"margin-bottom: var(--wd-tags-mb); padding: 0px; border: 0px; vertical-align: baseline; line-height: inherit; text-align: justify;\"><span style=\"margin: 0px; padding: 0px; border: 0px; vertical-align: baseline; line-height: inherit;\">\u00e1gapr\u00edt\u00f3  <\/span><span style=\"margin: 0px; padding: 0px; border: 0px; vertical-align: baseline; line-height: inherit;\">A Cyclone 130 seg\u00edts\u00e9g\u00e9vel sokkal gyorsabban rendbe teheti a helyis\u00e9get, \u00e9s megszabadulhat az elmaradt f\u00e1t\u00f3l. A faforg\u00e1cs form\u00e1j\u00e1ban feldolgozott fa t\u00f6bbf\u00e9lek\u00e9ppen felhaszn\u00e1lhat\u00f3:<\/span><\/p>\n<ul style=\"margin-right: 0px; margin-bottom: var(--list-mb); margin-left: 0px; border: 0px; vertical-align: baseline; line-height: inherit; --list-mb: 20px; --li-mb: 10px; --li-pl: 17px; text-align: justify; padding: 0px 0px 0px var(--li-pl);\">\n<li style=\"padding: 0px; border: 0px; vertical-align: baseline; line-height: inherit; margin: 0px 0px var(--li-mb) 0px;\"><span style=\"margin: 0px; padding: 0px; border: 0px; vertical-align: baseline; line-height: inherit;\">t\u00fczel\u0151anyagk\u00e9nt az adagol\u00f3val ell\u00e1tott t\u0171zhelyekben,  <\/span><\/li>\n<li style=\"padding: 0px; border: 0px; vertical-align: baseline; line-height: inherit; margin: 0px 0px var(--li-mb) 0px;\"><span style=\"margin: 0px; padding: 0px; border: 0px; vertical-align: baseline; line-height: inherit;\">mulcsoz\u00f3 \u00e1gy\u00e1sokhoz \u00e9s \u00fcltet\u0151\u00e1gy\u00e1sokhoz,<\/span><\/li>\n<li style=\"padding: 0px; border: 0px; vertical-align: baseline; line-height: inherit; margin: 0px 0px var(--li-mb) 0px;\"><span style=\"margin: 0px; padding: 0px; border: 0px; vertical-align: baseline; line-height: inherit;\">bokor\u00e1gy\u00e1shoz,<\/span><\/li>\n<li style=\"padding: 0px; border: 0px; vertical-align: baseline; line-height: inherit; margin: 0px 0px var(--li-mb) 0px;\"><span style=\"margin: 0px; padding: 0px; border: 0px; vertical-align: baseline; line-height: inherit;\">az utak mulcsoz\u00e1s\u00e1hoz,<\/span><\/li>\n<li style=\"margin: 0px; padding: 0px; border: 0px; vertical-align: baseline; line-height: inherit;\"><span style=\"margin: 0px; padding: 0px; border: 0px; vertical-align: baseline; line-height: inherit;\">komposzt el\u0151\u00e1ll\u00edt\u00e1s\u00e1hoz.<\/span><\/li>\n<\/ul>\n<h2 style=\"margin-right: 0px; margin-bottom: var(--wd-tags-mb); margin-left: 0px; padding: 0px; border: 0px; vertical-align: baseline; line-height: 1.4; text-align: justify;\"><span style=\"margin: 0px; padding: 0px; border: 0px; vertical-align: baseline; line-height: inherit;\">Cyklon 130 t\u00e1rcs\u00e1s apr\u00edt\u00f3g\u00e9p &#8211; kiv\u00e1l\u00f3 min\u0151s\u00e9g k\u00f6zvetlen\u00fcl a lengyel gy\u00e1rt\u00f3t\u00f3l<\/span><\/h2>\n<p style=\"margin-bottom: var(--wd-tags-mb); padding: 0px; border: 0px; vertical-align: baseline; line-height: inherit; text-align: justify;\"><span style=\"margin: 0px; padding: 0px; border: 0px; vertical-align: baseline; line-height: inherit;\">A nagy teljes\u00edtm\u00e9ny a mi <\/span><span style=\"margin: 0px; padding: 0px; border: 0px; vertical-align: baseline; line-height: inherit;\">Cyklon 130 t\u00e1rcs\u00e1s apr\u00edt\u00f3g\u00e9p<\/span><span style=\"margin: 0px; padding: 0px; border: 0px; vertical-align: baseline; line-height: inherit;\">  \u00e9s az ak\u00e1r 13 cm \u00e1tm\u00e9r\u0151j\u0171 r\u00f6nk\u00f6k \u00e9s \u00e1gak feldolgoz\u00e1s\u00e1nak k\u00e9pess\u00e9ge m\u00e9g a legig\u00e9nyesebb \u00fcgyfelek ig\u00e9nyeit is kiel\u00e9g\u00edti. A g\u00e9pet hossz\u00fa t\u00e1v\u00fa, zord k\u00f6r\u00fclm\u00e9nyek k\u00f6z\u00f6tti m\u0171k\u00f6d\u00e9sre tervezt\u00e9k. A  haszn\u00e1lata  <\/span><span style=\"margin: 0px; padding: 0px; border: 0px; vertical-align: baseline; line-height: inherit;\">\u00e1gapr\u00edt\u00f3 g\u00e9pek<\/span><span style=\"margin: 0px; padding: 0px; border: 0px; vertical-align: baseline; line-height: inherit;\"> A Cyclone 130 seg\u00edts\u00e9g\u00e9vel k\u00f6nnyed\u00e9n \u00e1rtalmatlan\u00edthatja az elmaradt fahullad\u00e9kot. <\/span> <\/p>\n<p style=\"margin-bottom: var(--wd-tags-mb); padding: 0px; border: 0px; vertical-align: baseline; line-height: inherit; text-align: justify;\"><span style=\"margin: 0px; padding: 0px; border: 0px; vertical-align: baseline; line-height: inherit;\">A <\/span><span style=\"margin: 0px; padding: 0px; border: 0px; vertical-align: baseline; line-height: inherit;\">\u00e1gapr\u00edt\u00f3ink <\/span> <span style=\"margin: 0px; padding: 0px; border: 0px; vertical-align: baseline; line-height: inherit;\">A Cyclone 130-at a funkcionalit\u00e1s, a k\u00e9nyelem \u00e9s a biztons\u00e1g jellemzi. Ezeket az elemeket priorit\u00e1sk\u00e9nt kezelj\u00fck. Ez\u00e9rt ford\u00edtunk nagy figyelmet a gy\u00e1rt\u00e1si folyamatra, fel\u00fcgyelj\u00fck a gy\u00e1rt\u00e1si folyamat minden szakasz\u00e1t &#8211; hegeszt\u00e9s, fest\u00e9s \u00e9s \u00f6sszeszerel\u00e9s -, \u00e9s v\u00e9g\u00fcl minden egyes elk\u00e9sz\u00fclt darabot r\u00e9szletes min\u0151s\u00e9gellen\u0151rz\u00e9snek vet\u00fcnk al\u00e1. V\u00e1s\u00e1rl\u00e1s  <\/span><span style=\"margin: 0px; padding: 0px; border: 0px; vertical-align: baseline; line-height: inherit;\">Cyklon 130 t\u00e1rcs\u00e1s apr\u00edt\u00f3g\u00e9p<\/span><span style=\"margin: 0px; padding: 0px; border: 0px; vertical-align: baseline; line-height: inherit;\"> a v\u00e1s\u00e1rl\u00e1st k\u00f6vet\u0151en megb\u00edzhat\u00f3 t\u00e1mogat\u00e1sban r\u00e9szes\u00fcl &#8211; m\u0171szaki seg\u00edts\u00e9get ny\u00fajtunk, valamint k\u00f6nny\u0171 hozz\u00e1f\u00e9r\u00e9st biztos\u00edtunk a p\u00f3talkatr\u00e9szekhez \u00e9s a fogy\u00f3eszk\u00f6z\u00f6kh\u00f6z.<\/span><\/p>\n","protected":false},"excerpt":{"rendered":"<p style=\"text-align: justify;\"><span style=\"margin: 0px; padding: 0px; border: 0px; vertical-align: baseline; line-height: inherit; text-align: justify;\">\u00e1gapr\u00edt\u00f3 g\u00e9pek<\/span><span style=\"margin: 0px; padding: 0px; border: 0px; vertical-align: baseline; line-height: inherit; text-align: justify;\">  olyan berendez\u00e9sek, amelyek a faanyagot faforg\u00e1ccs\u00e1 alak\u00edtj\u00e1k. Megoldj\u00e1k a fa- \u00e9s cserje\u00e1gak form\u00e1j\u00e1ban keletkez\u0151 hullad\u00e9k probl\u00e9m\u00e1j\u00e1t, amely folyamatosan el\u0151fordul az erd\u0151kben, kertekben, gy\u00fcm\u00f6lcs\u00f6s\u00f6kben \u00e9s parkos\u00edtott ter\u00fcleteken.<\/span><\/p>\n","protected":false},"featured_media":7503,"comment_status":"open","ping_status":"closed","template":"","meta":{"_acf_changed":false,"inline_featured_image":false},"product_brand":[],"product_cat":[274,224],"product_tag":[],"class_list":{"0":"post-9985","1":"product","2":"type-product","3":"status-publish","4":"has-post-thumbnail","6":"product_cat-chippers-cyklon-130","7":"product_cat-faaprito-gepek","9":"first","10":"onbackorder","11":"taxable","12":"shipping-taxable","13":"purchasable","14":"product-type-simple"},"acf":[],"yoast_head":"<!-- This site is optimized with the Yoast SEO plugin v27.3 - https:\/\/yoast.com\/product\/yoast-seo-wordpress\/ -->\n<title>Dar\u00e1l\u00f3 CYKLON 130 - Exparto.pl<\/title>\n<meta name=\"robots\" content=\"index, follow, max-snippet:-1, max-image-preview:large, max-video-preview:-1\" \/>\n<link rel=\"canonical\" href=\"https:\/\/exparto.pl\/hu\/produkt\/rebak-ciklon-130\/\" \/>\n<meta property=\"og:locale\" content=\"hu_HU\" \/>\n<meta property=\"og:type\" content=\"article\" \/>\n<meta property=\"og:title\" content=\"Dar\u00e1l\u00f3 CYKLON 130 - Exparto.pl\" \/>\n<meta property=\"og:description\" content=\"\u00e1gapr\u00edt\u00f3 g\u00e9pek olyan berendez\u00e9sek, amelyek a faanyagot faforg\u00e1ccs\u00e1 alak\u00edtj\u00e1k. Megoldj\u00e1k a fa- \u00e9s cserje\u00e1gak form\u00e1j\u00e1ban keletkez\u0151 hullad\u00e9k probl\u00e9m\u00e1j\u00e1t, amely folyamatosan el\u0151fordul az erd\u0151kben, kertekben, gy\u00fcm\u00f6lcs\u00f6s\u00f6kben \u00e9s parkos\u00edtott ter\u00fcleteken.\" \/>\n<meta property=\"og:url\" content=\"https:\/\/exparto.pl\/hu\/produkt\/rebak-ciklon-130\/\" \/>\n<meta property=\"og:site_name\" content=\"Exparto.pl\" \/>\n<meta property=\"article:publisher\" content=\"https:\/\/www.facebook.com\/exparto.agro\/\" \/>\n<meta property=\"og:image\" content=\"https:\/\/exparto.pl\/wp-content\/uploads\/2023\/06\/37a89f333a5924884f2f667f282432ec.jpg\" \/>\n\t<meta property=\"og:image:width\" content=\"1000\" \/>\n\t<meta property=\"og:image:height\" content=\"1000\" \/>\n\t<meta property=\"og:image:type\" content=\"image\/jpeg\" \/>\n<meta name=\"twitter:card\" content=\"summary_large_image\" \/>\n<meta name=\"twitter:label1\" content=\"Becs\u00fclt olvas\u00e1si id\u0151\" \/>\n\t<meta name=\"twitter:data1\" content=\"4 perc\" \/>\n<script type=\"application\/ld+json\" class=\"yoast-schema-graph\">{\"@context\":\"https:\\\/\\\/schema.org\",\"@graph\":[{\"@type\":\"WebPage\",\"@id\":\"https:\\\/\\\/exparto.pl\\\/hu\\\/produkt\\\/rebak-ciklon-130\\\/\",\"url\":\"https:\\\/\\\/exparto.pl\\\/hu\\\/produkt\\\/rebak-ciklon-130\\\/\",\"name\":\"Dar\u00e1l\u00f3 CYKLON 130 - Exparto.pl\",\"isPartOf\":{\"@id\":\"https:\\\/\\\/exparto.pl\\\/hu\\\/#website\"},\"primaryImageOfPage\":{\"@id\":\"https:\\\/\\\/exparto.pl\\\/hu\\\/produkt\\\/rebak-ciklon-130\\\/#primaryimage\"},\"image\":{\"@id\":\"https:\\\/\\\/exparto.pl\\\/hu\\\/produkt\\\/rebak-ciklon-130\\\/#primaryimage\"},\"thumbnailUrl\":\"https:\\\/\\\/exparto.pl\\\/wp-content\\\/uploads\\\/2023\\\/06\\\/37a89f333a5924884f2f667f282432ec.jpg\",\"datePublished\":\"2023-06-22T13:53:28+00:00\",\"breadcrumb\":{\"@id\":\"https:\\\/\\\/exparto.pl\\\/hu\\\/produkt\\\/rebak-ciklon-130\\\/#breadcrumb\"},\"inLanguage\":\"hu\",\"potentialAction\":[{\"@type\":\"ReadAction\",\"target\":[\"https:\\\/\\\/exparto.pl\\\/hu\\\/produkt\\\/rebak-ciklon-130\\\/\"]}]},{\"@type\":\"ImageObject\",\"inLanguage\":\"hu\",\"@id\":\"https:\\\/\\\/exparto.pl\\\/hu\\\/produkt\\\/rebak-ciklon-130\\\/#primaryimage\",\"url\":\"https:\\\/\\\/exparto.pl\\\/wp-content\\\/uploads\\\/2023\\\/06\\\/37a89f333a5924884f2f667f282432ec.jpg\",\"contentUrl\":\"https:\\\/\\\/exparto.pl\\\/wp-content\\\/uploads\\\/2023\\\/06\\\/37a89f333a5924884f2f667f282432ec.jpg\",\"width\":1000,\"height\":1000},{\"@type\":\"BreadcrumbList\",\"@id\":\"https:\\\/\\\/exparto.pl\\\/hu\\\/produkt\\\/rebak-ciklon-130\\\/#breadcrumb\",\"itemListElement\":[{\"@type\":\"ListItem\",\"position\":1,\"name\":\"Honlap\",\"item\":\"https:\\\/\\\/exparto.pl\\\/hu\\\/\"},{\"@type\":\"ListItem\",\"position\":2,\"name\":\"Sklep\",\"item\":\"https:\\\/\\\/exparto.pl\\\/sklep\\\/\"},{\"@type\":\"ListItem\",\"position\":3,\"name\":\"Faapr\u00edt\u00f3 g\u00e9pek\",\"item\":\"https:\\\/\\\/exparto.pl\\\/hu\\\/termekkategoria\\\/faaprito-gepek\\\/\"},{\"@type\":\"ListItem\",\"position\":4,\"name\":\"Chippers Cyklon 130\",\"item\":\"https:\\\/\\\/exparto.pl\\\/hu\\\/termekkategoria\\\/faaprito-gepek\\\/chippers-cyklon-130\\\/\"},{\"@type\":\"ListItem\",\"position\":5,\"name\":\"Dar\u00e1l\u00f3 CYKLON 130\"}]},{\"@type\":\"WebSite\",\"@id\":\"https:\\\/\\\/exparto.pl\\\/hu\\\/#website\",\"url\":\"https:\\\/\\\/exparto.pl\\\/hu\\\/\",\"name\":\"EXPARTO\",\"description\":\"More than agro parts\",\"publisher\":{\"@id\":\"https:\\\/\\\/exparto.pl\\\/hu\\\/#organization\"},\"potentialAction\":[{\"@type\":\"SearchAction\",\"target\":{\"@type\":\"EntryPoint\",\"urlTemplate\":\"https:\\\/\\\/exparto.pl\\\/hu\\\/?s={search_term_string}\"},\"query-input\":{\"@type\":\"PropertyValueSpecification\",\"valueRequired\":true,\"valueName\":\"search_term_string\"}}],\"inLanguage\":\"hu\"},{\"@type\":\"Organization\",\"@id\":\"https:\\\/\\\/exparto.pl\\\/hu\\\/#organization\",\"name\":\"EXPARTO\",\"url\":\"https:\\\/\\\/exparto.pl\\\/hu\\\/\",\"logo\":{\"@type\":\"ImageObject\",\"inLanguage\":\"hu\",\"@id\":\"https:\\\/\\\/exparto.pl\\\/hu\\\/#\\\/schema\\\/logo\\\/image\\\/\",\"url\":\"https:\\\/\\\/exparto.pl\\\/wp-content\\\/uploads\\\/2023\\\/02\\\/logo-wektor.png\",\"contentUrl\":\"https:\\\/\\\/exparto.pl\\\/wp-content\\\/uploads\\\/2023\\\/02\\\/logo-wektor.png\",\"width\":1338,\"height\":143,\"caption\":\"EXPARTO\"},\"image\":{\"@id\":\"https:\\\/\\\/exparto.pl\\\/hu\\\/#\\\/schema\\\/logo\\\/image\\\/\"},\"sameAs\":[\"https:\\\/\\\/www.facebook.com\\\/exparto.agro\\\/\"]}]}<\/script>\n<!-- \/ Yoast SEO plugin. -->","yoast_head_json":{"title":"Dar\u00e1l\u00f3 CYKLON 130 - Exparto.pl","robots":{"index":"index","follow":"follow","max-snippet":"max-snippet:-1","max-image-preview":"max-image-preview:large","max-video-preview":"max-video-preview:-1"},"canonical":"https:\/\/exparto.pl\/hu\/produkt\/rebak-ciklon-130\/","og_locale":"hu_HU","og_type":"article","og_title":"Dar\u00e1l\u00f3 CYKLON 130 - Exparto.pl","og_description":"\u00e1gapr\u00edt\u00f3 g\u00e9pek olyan berendez\u00e9sek, amelyek a faanyagot faforg\u00e1ccs\u00e1 alak\u00edtj\u00e1k. Megoldj\u00e1k a fa- \u00e9s cserje\u00e1gak form\u00e1j\u00e1ban keletkez\u0151 hullad\u00e9k probl\u00e9m\u00e1j\u00e1t, amely folyamatosan el\u0151fordul az erd\u0151kben, kertekben, gy\u00fcm\u00f6lcs\u00f6s\u00f6kben \u00e9s parkos\u00edtott ter\u00fcleteken.","og_url":"https:\/\/exparto.pl\/hu\/produkt\/rebak-ciklon-130\/","og_site_name":"Exparto.pl","article_publisher":"https:\/\/www.facebook.com\/exparto.agro\/","og_image":[{"width":1000,"height":1000,"url":"https:\/\/exparto.pl\/wp-content\/uploads\/2023\/06\/37a89f333a5924884f2f667f282432ec.jpg","type":"image\/jpeg"}],"twitter_card":"summary_large_image","twitter_misc":{"Becs\u00fclt olvas\u00e1si id\u0151":"4 perc"},"schema":{"@context":"https:\/\/schema.org","@graph":[{"@type":"WebPage","@id":"https:\/\/exparto.pl\/hu\/produkt\/rebak-ciklon-130\/","url":"https:\/\/exparto.pl\/hu\/produkt\/rebak-ciklon-130\/","name":"Dar\u00e1l\u00f3 CYKLON 130 - Exparto.pl","isPartOf":{"@id":"https:\/\/exparto.pl\/hu\/#website"},"primaryImageOfPage":{"@id":"https:\/\/exparto.pl\/hu\/produkt\/rebak-ciklon-130\/#primaryimage"},"image":{"@id":"https:\/\/exparto.pl\/hu\/produkt\/rebak-ciklon-130\/#primaryimage"},"thumbnailUrl":"https:\/\/exparto.pl\/wp-content\/uploads\/2023\/06\/37a89f333a5924884f2f667f282432ec.jpg","datePublished":"2023-06-22T13:53:28+00:00","breadcrumb":{"@id":"https:\/\/exparto.pl\/hu\/produkt\/rebak-ciklon-130\/#breadcrumb"},"inLanguage":"hu","potentialAction":[{"@type":"ReadAction","target":["https:\/\/exparto.pl\/hu\/produkt\/rebak-ciklon-130\/"]}]},{"@type":"ImageObject","inLanguage":"hu","@id":"https:\/\/exparto.pl\/hu\/produkt\/rebak-ciklon-130\/#primaryimage","url":"https:\/\/exparto.pl\/wp-content\/uploads\/2023\/06\/37a89f333a5924884f2f667f282432ec.jpg","contentUrl":"https:\/\/exparto.pl\/wp-content\/uploads\/2023\/06\/37a89f333a5924884f2f667f282432ec.jpg","width":1000,"height":1000},{"@type":"BreadcrumbList","@id":"https:\/\/exparto.pl\/hu\/produkt\/rebak-ciklon-130\/#breadcrumb","itemListElement":[{"@type":"ListItem","position":1,"name":"Honlap","item":"https:\/\/exparto.pl\/hu\/"},{"@type":"ListItem","position":2,"name":"Sklep","item":"https:\/\/exparto.pl\/sklep\/"},{"@type":"ListItem","position":3,"name":"Faapr\u00edt\u00f3 g\u00e9pek","item":"https:\/\/exparto.pl\/hu\/termekkategoria\/faaprito-gepek\/"},{"@type":"ListItem","position":4,"name":"Chippers Cyklon 130","item":"https:\/\/exparto.pl\/hu\/termekkategoria\/faaprito-gepek\/chippers-cyklon-130\/"},{"@type":"ListItem","position":5,"name":"Dar\u00e1l\u00f3 CYKLON 130"}]},{"@type":"WebSite","@id":"https:\/\/exparto.pl\/hu\/#website","url":"https:\/\/exparto.pl\/hu\/","name":"EXPARTO","description":"More than agro parts","publisher":{"@id":"https:\/\/exparto.pl\/hu\/#organization"},"potentialAction":[{"@type":"SearchAction","target":{"@type":"EntryPoint","urlTemplate":"https:\/\/exparto.pl\/hu\/?s={search_term_string}"},"query-input":{"@type":"PropertyValueSpecification","valueRequired":true,"valueName":"search_term_string"}}],"inLanguage":"hu"},{"@type":"Organization","@id":"https:\/\/exparto.pl\/hu\/#organization","name":"EXPARTO","url":"https:\/\/exparto.pl\/hu\/","logo":{"@type":"ImageObject","inLanguage":"hu","@id":"https:\/\/exparto.pl\/hu\/#\/schema\/logo\/image\/","url":"https:\/\/exparto.pl\/wp-content\/uploads\/2023\/02\/logo-wektor.png","contentUrl":"https:\/\/exparto.pl\/wp-content\/uploads\/2023\/02\/logo-wektor.png","width":1338,"height":143,"caption":"EXPARTO"},"image":{"@id":"https:\/\/exparto.pl\/hu\/#\/schema\/logo\/image\/"},"sameAs":["https:\/\/www.facebook.com\/exparto.agro\/"]}]}},"_links":{"self":[{"href":"https:\/\/exparto.pl\/hu\/wp-json\/wp\/v2\/product\/9985","targetHints":{"allow":["GET"]}}],"collection":[{"href":"https:\/\/exparto.pl\/hu\/wp-json\/wp\/v2\/product"}],"about":[{"href":"https:\/\/exparto.pl\/hu\/wp-json\/wp\/v2\/types\/product"}],"replies":[{"embeddable":true,"href":"https:\/\/exparto.pl\/hu\/wp-json\/wp\/v2\/comments?post=9985"}],"wp:featuredmedia":[{"embeddable":true,"href":"https:\/\/exparto.pl\/hu\/wp-json\/wp\/v2\/media\/7503"}],"wp:attachment":[{"href":"https:\/\/exparto.pl\/hu\/wp-json\/wp\/v2\/media?parent=9985"}],"wp:term":[{"taxonomy":"product_brand","embeddable":true,"href":"https:\/\/exparto.pl\/hu\/wp-json\/wp\/v2\/product_brand?post=9985"},{"taxonomy":"product_cat","embeddable":true,"href":"https:\/\/exparto.pl\/hu\/wp-json\/wp\/v2\/product_cat?post=9985"},{"taxonomy":"product_tag","embeddable":true,"href":"https:\/\/exparto.pl\/hu\/wp-json\/wp\/v2\/product_tag?post=9985"}],"curies":[{"name":"wp","href":"https:\/\/api.w.org\/{rel}","templated":true}]}}