{"id":9990,"date":"2023-07-05T14:49:15","date_gmt":"2023-07-05T12:49:15","guid":{"rendered":"https:\/\/exparto.pl\/produkt\/surlodo-tengelykapcsolo\/"},"modified":"2023-07-05T14:49:15","modified_gmt":"2023-07-05T12:49:15","slug":"surlodo-tengelykapcsolo","status":"publish","type":"product","link":"https:\/\/exparto.pl\/hu\/produkt\/surlodo-tengelykapcsolo\/","title":{"rendered":"S\u00farl\u00f3d\u00f3 tengelykapcsol\u00f3"},"content":{"rendered":"<p class=\"Paragraph SCXW64072587 BCX9\" style=\"margin-bottom: 0px; color: windowtext; background-color: transparent; padding: 0px; vertical-align: baseline; text-align: justify;\"><span class=\"normaltextrun\"><br \/>\n  <span style=\"color: inherit;\">S\u00farl\u00f3d\u00f3 tengelykapcsol\u00f3 <\/span><br \/>\n<\/span>a mell\u00e9ktengelyhez <span lang=\"PL-PL\" data-contrast=\"auto\"> egyfajta tengelykapcsol\u00f3, amely v\u00e9di <\/span><span class=\"textrun\"><br \/>\n  <span style=\"color: inherit;\"><br \/>\n    <span lang=\"PL-PL\" data-contrast=\"auto\">a hajt\u00e1sl\u00e1ncot<\/span><br \/>\n  <\/span><br \/>\n  <span lang=\"PL-PL\" data-contrast=\"auto\"> a <\/span><br \/>\n  <span style=\"color: inherit;\"><br \/>\n    <span lang=\"PL-PL\" data-contrast=\"auto\">a sz\u00fcks\u00e9gtelen t\u00falterhel\u00e9st\u0151l<\/span><br \/>\n  <\/span><br \/>\n<\/span><span class=\"normaltextrun\"><span lang=\"PL-PL\" data-contrast=\"auto\">.<\/span> Ez az\u00e9rt fontos, mert ezek gyakran vezetnek az akt\u00edv g\u00e9palkatr\u00e9szek meghib\u00e1sod\u00e1s\u00e1hoz, azaz azokhoz, amelyeket a  <\/span><span class=\"textrun\"><br \/>\n  <span style=\"color: inherit;\"><br \/>\n    <span lang=\"PL-PL\" data-contrast=\"auto\">teljes\u00edtm\u00e9nylead\u00e1s<\/span><br \/>\n  <\/span><br \/>\n<\/span><span class=\"normaltextrun\"><span lang=\"PL-PL\" data-contrast=\"auto\">. <\/span>Minden\u00fctt haszn\u00e1lj\u00e1k, ahol <\/span> <span class=\"textrun\"><br \/>\n  <span style=\"color: inherit;\"><br \/>\n    <span lang=\"PL-PL\" data-contrast=\"auto\">m\u0171k\u00f6d\u0151 alkatr\u00e9szek <\/span><br \/>\n  <\/span><br \/>\n<\/span><span class=\"normaltextrun\"><span lang=\"PL-PL\" data-contrast=\"auto\">a g\u00e9p gyors<\/span>\u00e9s <\/span> <span class=\"textrun\"><br \/>\n  <span style=\"color: inherit;\"><br \/>\n    <span lang=\"PL-PL\" data-contrast=\"auto\">terhel\u00e9sv\u00e1ltoz\u00e1sok<\/span><br \/>\n  <\/span><br \/>\n<\/span><span class=\"normaltextrun\"><span lang=\"PL-PL\" data-contrast=\"auto\">. <\/span>Ezeket \u00fan. <\/span> <span class=\"textrun\"><br \/>\n  <span style=\"color: inherit;\"><br \/>\n    <span lang=\"PL-PL\" data-contrast=\"auto\">t\u00falterhel\u00e9ses tengelykapcsol\u00f3 <\/span><br \/>\n  <\/span><br \/>\n<\/span><span class=\"normaltextrun\">nagy tehetetlens\u00e9gi nyomat\u00e9k\u00fa<span lang=\"PL-PL\" data-contrast=\"auto\">alkatr\u00e9szekkel rendelkez\u0151 g\u00e9pek meghajt\u00e1s\u00e1hoz<\/span>vagy ind\u00edt\u00f3 tengelykapcsol\u00f3k\u00e9nt. <\/span> <span class=\"eop\"><br \/>\n  <span class=\"textrun\"><br \/>\n    <span style=\"color: inherit;\">Kuplung <\/span><br \/>\n  <\/span><br \/>\n<\/span><span class=\"normaltextrun\">Az<span lang=\"PL-PL\" data-contrast=\"auto\">ilyen <\/span>t\u00edpus\u00fa g\u00e9p a k\u00f6vetkez\u0151k\u00e9rt felel\u0151s <\/span> <span class=\"textrun\"><span style=\"color: inherit;\"><br \/>\n  <span lang=\"PL-PL\" data-contrast=\"auto\">nyomat\u00e9k\u00e1tvitel <\/span><br \/>\n<\/span><span lang=\"PL-PL\" data-contrast=\"auto\">a hajt\u00e1s lekapcsol\u00e1sa n\u00e9lk\u00fcl, amikor a t\u00falterhel\u00e9s el\u00e9ri a <\/span><span style=\"color: inherit;\"><br \/>\n  <span lang=\"PL-PL\" data-contrast=\"auto\">egy el\u0151re meghat\u00e1rozott \u00e9rt\u00e9ket<\/span><br \/>\n<\/span><\/span><span class=\"normaltextrun\"><span xml:lang=\"PL-PL\" data-contrast=\"auto\">. Tov\u00e1bb\u00e1, a<\/span>Fel van szerelve  <\/span><span class=\"textrun\"><span style=\"color: inherit;\"><span xml:lang=\"PL-PL\" data-contrast=\"auto\">s\u00farl\u00f3d\u00f3 t\u00e1rcsa<\/span><\/span><\/span><span class=\"normaltextrun\"><span xml:lang=\"PL-PL\" data-contrast=\"auto\">amelyek kicser\u00e9lhet\u0151k. Ez lehet\u0151v\u00e9 teszi, hogy sok \u00e9ven \u00e1t sikeresen szolg\u00e1lja a c\u00e9lj\u00e1t.<\/span>  Hozz\u00e1 kell tenn\u00fcnk, hogy telep\u00edtve vannak  <\/span><span class=\"textrun\"><span style=\"color: inherit;\"><br \/>\n  <span lang=\"PL-PL\" data-contrast=\"auto\">sorozatban <\/span><br \/>\n<\/span><span lang=\"PL-PL\" data-contrast=\"auto\">egyedi rendszerekben.<\/span><\/span><span class=\"eop\"><span data-ccp-props=\"{\"> <\/span><\/span> A <span class=\"normaltextrun\">mell\u00e9ktengely s\u00farl\u00f3d\u00f3 tengelykapcsol\u00f3t<\/span> leggyakrabban a <span lang=\"PL-PL\" data-contrast=\"auto\">rot\u00e1ci\u00f3s eke<\/span><span class=\"normaltextrun\"><span lang=\"PL-PL\" data-contrast=\"auto\">, a <\/span>kasz\u00e1l\u00f3g\u00e9pek, a<span style=\"color: inherit;\"><span lang=\"PL-PL\" data-contrast=\"auto\"> kultiv\u00e1torok<\/span><\/span><\/span><span lang=\"PL-PL\" data-contrast=\"auto\"> \u00e9s az apr\u00edt\u00f3g\u00e9pek <\/span> eset\u00e9ben haszn\u00e1lj\u00e1k, <span class=\"textrun\"><br \/>\n  <span style=\"color: inherit;\"><br \/>\n    <span lang=\"PL-PL\" data-contrast=\"auto\">tr\u00e1gyasz\u00f3r\u00f3k<\/span><br \/>\n  <\/span><br \/>\n<\/span><span class=\"normaltextrun\"><br \/>\n  <span lang=\"PL-PL\" data-contrast=\"auto\">, <\/span><br \/>\n  <span class=\"spellingerror\">mulcsoz\u00f3g\u00e9pek<\/span><br \/>\n  <span class=\"normaltextrun\">\u00e9s traktorokon is.<\/span><br \/>\n<\/span><span class=\"eop\"><span data-ccp-props=\"{\"> <\/span><\/span><b><br \/>\n<\/b><\/p>\n<div style=\"text-align: justify;\"><span class=\"eop\"><span data-ccp-props=\"{\"> <\/span><\/span><\/div>\n","protected":false},"excerpt":{"rendered":"<p class=\"Paragraph SCXW64072587 BCX9\" style=\"margin-bottom: 0px; color: windowtext; background-color: transparent; padding: 0px; vertical-align: baseline;\"><span class=\"normaltextrun\"><br \/>\n  <span style=\"color: inherit;\">S\u00farl\u00f3d\u00f3 tengelykapcsol\u00f3 <\/span><br \/>\n<\/span>a mell\u00e9ktengelyhez<span lang=\"PL-PL\" data-contrast=\"auto\"> egy olyan t\u00edpus\u00fa tengelykapcsol\u00f3, amely v\u00e9di <\/span> a <span class=\"textrun\"><br \/>\n  <span style=\"color: inherit;\"><br \/>\n    <span lang=\"PL-PL\" data-contrast=\"auto\">a hajt\u00e1sl\u00e1ncot<\/span><br \/>\n  <\/span><br \/>\n  <span lang=\"PL-PL\" data-contrast=\"auto\"> a <\/span><br \/>\n  <span style=\"color: inherit;\"><br \/>\n    <span lang=\"PL-PL\" data-contrast=\"auto\">a sz\u00fcks\u00e9gtelen t\u00falterhel\u00e9st\u0151l<\/span><br \/>\n  <\/span><br \/>\n<\/span><span class=\"normaltextrun\"><span lang=\"PL-PL\" data-contrast=\"auto\">.<\/span> <\/span> <\/p>\n","protected":false},"featured_media":35065,"comment_status":"open","ping_status":"closed","template":"","meta":{"_acf_changed":false,"inline_featured_image":false},"product_brand":[],"product_cat":[264,225],"product_tag":[],"class_list":{"0":"post-9990","1":"product","2":"type-product","3":"status-publish","4":"has-post-thumbnail","6":"product_cat-a-tengely-alkatreszei","7":"product_cat-teleszkopos-mellektengelyek","9":"first","10":"instock","11":"taxable","12":"shipping-taxable","13":"purchasable","14":"product-type-simple"},"acf":[],"yoast_head":"<!-- This site is optimized with the Yoast SEO plugin v27.3 - https:\/\/yoast.com\/product\/yoast-seo-wordpress\/ -->\n<title>S\u00farl\u00f3d\u00f3 tengelykapcsol\u00f3 - Exparto.pl<\/title>\n<meta name=\"robots\" content=\"index, follow, max-snippet:-1, max-image-preview:large, max-video-preview:-1\" \/>\n<link rel=\"canonical\" href=\"https:\/\/exparto.pl\/hu\/produkt\/surlodo-tengelykapcsolo\/\" \/>\n<meta property=\"og:locale\" content=\"hu_HU\" \/>\n<meta property=\"og:type\" content=\"article\" \/>\n<meta property=\"og:title\" content=\"S\u00farl\u00f3d\u00f3 tengelykapcsol\u00f3 - Exparto.pl\" \/>\n<meta property=\"og:description\" content=\"S\u00farl\u00f3d\u00f3 tengelykapcsol\u00f3 a mell\u00e9ktengelyhez egy olyan t\u00edpus\u00fa tengelykapcsol\u00f3, amely v\u00e9di a     a hajt\u00e1sl\u00e1ncot    a     a sz\u00fcks\u00e9gtelen t\u00falterhel\u00e9st\u0151l  .\" \/>\n<meta property=\"og:url\" content=\"https:\/\/exparto.pl\/hu\/produkt\/surlodo-tengelykapcsolo\/\" \/>\n<meta property=\"og:site_name\" content=\"Exparto.pl\" \/>\n<meta property=\"article:publisher\" content=\"https:\/\/www.facebook.com\/exparto.agro\/\" \/>\n<meta property=\"og:image\" content=\"https:\/\/exparto.pl\/wp-content\/uploads\/2024\/11\/eb6232f9827bf80e019c697710b1be72-2.jpg\" \/>\n\t<meta property=\"og:image:width\" content=\"1000\" \/>\n\t<meta property=\"og:image:height\" content=\"1000\" \/>\n\t<meta property=\"og:image:type\" content=\"image\/jpeg\" \/>\n<meta name=\"twitter:card\" content=\"summary_large_image\" \/>\n<meta name=\"twitter:label1\" content=\"Becs\u00fclt olvas\u00e1si id\u0151\" \/>\n\t<meta name=\"twitter:data1\" content=\"1 perc\" \/>\n<script type=\"application\/ld+json\" class=\"yoast-schema-graph\">{\"@context\":\"https:\\\/\\\/schema.org\",\"@graph\":[{\"@type\":\"WebPage\",\"@id\":\"https:\\\/\\\/exparto.pl\\\/hu\\\/produkt\\\/surlodo-tengelykapcsolo\\\/\",\"url\":\"https:\\\/\\\/exparto.pl\\\/hu\\\/produkt\\\/surlodo-tengelykapcsolo\\\/\",\"name\":\"S\u00farl\u00f3d\u00f3 tengelykapcsol\u00f3 - Exparto.pl\",\"isPartOf\":{\"@id\":\"https:\\\/\\\/exparto.pl\\\/hu\\\/#website\"},\"primaryImageOfPage\":{\"@id\":\"https:\\\/\\\/exparto.pl\\\/hu\\\/produkt\\\/surlodo-tengelykapcsolo\\\/#primaryimage\"},\"image\":{\"@id\":\"https:\\\/\\\/exparto.pl\\\/hu\\\/produkt\\\/surlodo-tengelykapcsolo\\\/#primaryimage\"},\"thumbnailUrl\":\"https:\\\/\\\/exparto.pl\\\/wp-content\\\/uploads\\\/2024\\\/11\\\/eb6232f9827bf80e019c697710b1be72-2.jpg\",\"datePublished\":\"2023-07-05T12:49:15+00:00\",\"breadcrumb\":{\"@id\":\"https:\\\/\\\/exparto.pl\\\/hu\\\/produkt\\\/surlodo-tengelykapcsolo\\\/#breadcrumb\"},\"inLanguage\":\"hu\",\"potentialAction\":[{\"@type\":\"ReadAction\",\"target\":[\"https:\\\/\\\/exparto.pl\\\/hu\\\/produkt\\\/surlodo-tengelykapcsolo\\\/\"]}]},{\"@type\":\"ImageObject\",\"inLanguage\":\"hu\",\"@id\":\"https:\\\/\\\/exparto.pl\\\/hu\\\/produkt\\\/surlodo-tengelykapcsolo\\\/#primaryimage\",\"url\":\"https:\\\/\\\/exparto.pl\\\/wp-content\\\/uploads\\\/2024\\\/11\\\/eb6232f9827bf80e019c697710b1be72-2.jpg\",\"contentUrl\":\"https:\\\/\\\/exparto.pl\\\/wp-content\\\/uploads\\\/2024\\\/11\\\/eb6232f9827bf80e019c697710b1be72-2.jpg\",\"width\":1000,\"height\":1000},{\"@type\":\"BreadcrumbList\",\"@id\":\"https:\\\/\\\/exparto.pl\\\/hu\\\/produkt\\\/surlodo-tengelykapcsolo\\\/#breadcrumb\",\"itemListElement\":[{\"@type\":\"ListItem\",\"position\":1,\"name\":\"Honlap\",\"item\":\"https:\\\/\\\/exparto.pl\\\/hu\\\/\"},{\"@type\":\"ListItem\",\"position\":2,\"name\":\"Sklep\",\"item\":\"https:\\\/\\\/exparto.pl\\\/sklep\\\/\"},{\"@type\":\"ListItem\",\"position\":3,\"name\":\"Teleszk\u00f3pos mell\u00e9ktengelyek\",\"item\":\"https:\\\/\\\/exparto.pl\\\/hu\\\/termekkategoria\\\/teleszkopos-mellektengelyek\\\/\"},{\"@type\":\"ListItem\",\"position\":4,\"name\":\"S\u00farl\u00f3d\u00f3 tengelykapcsol\u00f3\"}]},{\"@type\":\"WebSite\",\"@id\":\"https:\\\/\\\/exparto.pl\\\/hu\\\/#website\",\"url\":\"https:\\\/\\\/exparto.pl\\\/hu\\\/\",\"name\":\"EXPARTO\",\"description\":\"More than agro parts\",\"publisher\":{\"@id\":\"https:\\\/\\\/exparto.pl\\\/hu\\\/#organization\"},\"potentialAction\":[{\"@type\":\"SearchAction\",\"target\":{\"@type\":\"EntryPoint\",\"urlTemplate\":\"https:\\\/\\\/exparto.pl\\\/hu\\\/?s={search_term_string}\"},\"query-input\":{\"@type\":\"PropertyValueSpecification\",\"valueRequired\":true,\"valueName\":\"search_term_string\"}}],\"inLanguage\":\"hu\"},{\"@type\":\"Organization\",\"@id\":\"https:\\\/\\\/exparto.pl\\\/hu\\\/#organization\",\"name\":\"EXPARTO\",\"url\":\"https:\\\/\\\/exparto.pl\\\/hu\\\/\",\"logo\":{\"@type\":\"ImageObject\",\"inLanguage\":\"hu\",\"@id\":\"https:\\\/\\\/exparto.pl\\\/hu\\\/#\\\/schema\\\/logo\\\/image\\\/\",\"url\":\"https:\\\/\\\/exparto.pl\\\/wp-content\\\/uploads\\\/2023\\\/02\\\/logo-wektor.png\",\"contentUrl\":\"https:\\\/\\\/exparto.pl\\\/wp-content\\\/uploads\\\/2023\\\/02\\\/logo-wektor.png\",\"width\":1338,\"height\":143,\"caption\":\"EXPARTO\"},\"image\":{\"@id\":\"https:\\\/\\\/exparto.pl\\\/hu\\\/#\\\/schema\\\/logo\\\/image\\\/\"},\"sameAs\":[\"https:\\\/\\\/www.facebook.com\\\/exparto.agro\\\/\"]}]}<\/script>\n<!-- \/ Yoast SEO plugin. -->","yoast_head_json":{"title":"S\u00farl\u00f3d\u00f3 tengelykapcsol\u00f3 - Exparto.pl","robots":{"index":"index","follow":"follow","max-snippet":"max-snippet:-1","max-image-preview":"max-image-preview:large","max-video-preview":"max-video-preview:-1"},"canonical":"https:\/\/exparto.pl\/hu\/produkt\/surlodo-tengelykapcsolo\/","og_locale":"hu_HU","og_type":"article","og_title":"S\u00farl\u00f3d\u00f3 tengelykapcsol\u00f3 - Exparto.pl","og_description":"S\u00farl\u00f3d\u00f3 tengelykapcsol\u00f3 a mell\u00e9ktengelyhez egy olyan t\u00edpus\u00fa tengelykapcsol\u00f3, amely v\u00e9di a     a hajt\u00e1sl\u00e1ncot    a     a sz\u00fcks\u00e9gtelen t\u00falterhel\u00e9st\u0151l  .","og_url":"https:\/\/exparto.pl\/hu\/produkt\/surlodo-tengelykapcsolo\/","og_site_name":"Exparto.pl","article_publisher":"https:\/\/www.facebook.com\/exparto.agro\/","og_image":[{"width":1000,"height":1000,"url":"https:\/\/exparto.pl\/wp-content\/uploads\/2024\/11\/eb6232f9827bf80e019c697710b1be72-2.jpg","type":"image\/jpeg"}],"twitter_card":"summary_large_image","twitter_misc":{"Becs\u00fclt olvas\u00e1si id\u0151":"1 perc"},"schema":{"@context":"https:\/\/schema.org","@graph":[{"@type":"WebPage","@id":"https:\/\/exparto.pl\/hu\/produkt\/surlodo-tengelykapcsolo\/","url":"https:\/\/exparto.pl\/hu\/produkt\/surlodo-tengelykapcsolo\/","name":"S\u00farl\u00f3d\u00f3 tengelykapcsol\u00f3 - Exparto.pl","isPartOf":{"@id":"https:\/\/exparto.pl\/hu\/#website"},"primaryImageOfPage":{"@id":"https:\/\/exparto.pl\/hu\/produkt\/surlodo-tengelykapcsolo\/#primaryimage"},"image":{"@id":"https:\/\/exparto.pl\/hu\/produkt\/surlodo-tengelykapcsolo\/#primaryimage"},"thumbnailUrl":"https:\/\/exparto.pl\/wp-content\/uploads\/2024\/11\/eb6232f9827bf80e019c697710b1be72-2.jpg","datePublished":"2023-07-05T12:49:15+00:00","breadcrumb":{"@id":"https:\/\/exparto.pl\/hu\/produkt\/surlodo-tengelykapcsolo\/#breadcrumb"},"inLanguage":"hu","potentialAction":[{"@type":"ReadAction","target":["https:\/\/exparto.pl\/hu\/produkt\/surlodo-tengelykapcsolo\/"]}]},{"@type":"ImageObject","inLanguage":"hu","@id":"https:\/\/exparto.pl\/hu\/produkt\/surlodo-tengelykapcsolo\/#primaryimage","url":"https:\/\/exparto.pl\/wp-content\/uploads\/2024\/11\/eb6232f9827bf80e019c697710b1be72-2.jpg","contentUrl":"https:\/\/exparto.pl\/wp-content\/uploads\/2024\/11\/eb6232f9827bf80e019c697710b1be72-2.jpg","width":1000,"height":1000},{"@type":"BreadcrumbList","@id":"https:\/\/exparto.pl\/hu\/produkt\/surlodo-tengelykapcsolo\/#breadcrumb","itemListElement":[{"@type":"ListItem","position":1,"name":"Honlap","item":"https:\/\/exparto.pl\/hu\/"},{"@type":"ListItem","position":2,"name":"Sklep","item":"https:\/\/exparto.pl\/sklep\/"},{"@type":"ListItem","position":3,"name":"Teleszk\u00f3pos mell\u00e9ktengelyek","item":"https:\/\/exparto.pl\/hu\/termekkategoria\/teleszkopos-mellektengelyek\/"},{"@type":"ListItem","position":4,"name":"S\u00farl\u00f3d\u00f3 tengelykapcsol\u00f3"}]},{"@type":"WebSite","@id":"https:\/\/exparto.pl\/hu\/#website","url":"https:\/\/exparto.pl\/hu\/","name":"EXPARTO","description":"More than agro parts","publisher":{"@id":"https:\/\/exparto.pl\/hu\/#organization"},"potentialAction":[{"@type":"SearchAction","target":{"@type":"EntryPoint","urlTemplate":"https:\/\/exparto.pl\/hu\/?s={search_term_string}"},"query-input":{"@type":"PropertyValueSpecification","valueRequired":true,"valueName":"search_term_string"}}],"inLanguage":"hu"},{"@type":"Organization","@id":"https:\/\/exparto.pl\/hu\/#organization","name":"EXPARTO","url":"https:\/\/exparto.pl\/hu\/","logo":{"@type":"ImageObject","inLanguage":"hu","@id":"https:\/\/exparto.pl\/hu\/#\/schema\/logo\/image\/","url":"https:\/\/exparto.pl\/wp-content\/uploads\/2023\/02\/logo-wektor.png","contentUrl":"https:\/\/exparto.pl\/wp-content\/uploads\/2023\/02\/logo-wektor.png","width":1338,"height":143,"caption":"EXPARTO"},"image":{"@id":"https:\/\/exparto.pl\/hu\/#\/schema\/logo\/image\/"},"sameAs":["https:\/\/www.facebook.com\/exparto.agro\/"]}]}},"_links":{"self":[{"href":"https:\/\/exparto.pl\/hu\/wp-json\/wp\/v2\/product\/9990","targetHints":{"allow":["GET"]}}],"collection":[{"href":"https:\/\/exparto.pl\/hu\/wp-json\/wp\/v2\/product"}],"about":[{"href":"https:\/\/exparto.pl\/hu\/wp-json\/wp\/v2\/types\/product"}],"replies":[{"embeddable":true,"href":"https:\/\/exparto.pl\/hu\/wp-json\/wp\/v2\/comments?post=9990"}],"wp:featuredmedia":[{"embeddable":true,"href":"https:\/\/exparto.pl\/hu\/wp-json\/wp\/v2\/media\/35065"}],"wp:attachment":[{"href":"https:\/\/exparto.pl\/hu\/wp-json\/wp\/v2\/media?parent=9990"}],"wp:term":[{"taxonomy":"product_brand","embeddable":true,"href":"https:\/\/exparto.pl\/hu\/wp-json\/wp\/v2\/product_brand?post=9990"},{"taxonomy":"product_cat","embeddable":true,"href":"https:\/\/exparto.pl\/hu\/wp-json\/wp\/v2\/product_cat?post=9990"},{"taxonomy":"product_tag","embeddable":true,"href":"https:\/\/exparto.pl\/hu\/wp-json\/wp\/v2\/product_tag?post=9990"}],"curies":[{"name":"wp","href":"https:\/\/api.w.org\/{rel}","templated":true}]}}