{"id":10354,"date":"2022-11-25T11:54:51","date_gmt":"2022-11-25T10:54:51","guid":{"rendered":"https:\/\/exparto.pl\/contactati\/"},"modified":"2023-11-13T14:07:44","modified_gmt":"2023-11-13T13:07:44","slug":"contactati","status":"publish","type":"page","link":"https:\/\/exparto.pl\/ro\/contactati\/","title":{"rendered":"Contacta\u021bi"},"content":{"rendered":"\n<h2 class=\"wp-block-heading\"><\/h2>\n\n<div class=\"wp-block-columns is-layout-flex wp-container-core-columns-is-layout-9d6595d7 wp-block-columns-is-layout-flex\">\n<div class=\"wp-block-column is-layout-flow wp-block-column-is-layout-flow\">\n<h2 class=\"wp-block-heading\">Formular de contact<\/h2>\n<\/div>\n\n\n\n<div class=\"wp-block-column is-layout-flow wp-block-column-is-layout-flow\">\n<h2 class=\"wp-block-heading\">Detalii de contact<\/h2>\n<\/div>\n<\/div>\n\n<div class=\"wp-block-columns is-layout-flex wp-container-core-columns-is-layout-9d6595d7 wp-block-columns-is-layout-flex\">\n<div class=\"wp-block-column is-layout-flow wp-block-column-is-layout-flow\">\n<div class=\"wp-block-columns is-layout-flex wp-container-core-columns-is-layout-9d6595d7 wp-block-columns-is-layout-flex\">\n<div class=\"wp-block-column is-layout-flow wp-block-column-is-layout-flow\">\n<div class=\"wp-block-contact-form-7-contact-form-selector\">\n<div class=\"wpcf7 no-js\" id=\"wpcf7-f430-o1\" lang=\"pl-PL\" dir=\"ltr\" data-wpcf7-id=\"430\">\n<div class=\"screen-reader-response\"><p role=\"status\" aria-live=\"polite\" aria-atomic=\"true\"><\/p> <ul><\/ul><\/div>\n<form action=\"\/ro\/wp-json\/wp\/v2\/pages\/10354#wpcf7-f430-o1\" method=\"post\" class=\"wpcf7-form init\" aria-label=\"Formularz kontaktowy\" novalidate=\"novalidate\" data-status=\"init\">\n<fieldset class=\"hidden-fields-container\"><input type=\"hidden\" name=\"_wpcf7\" value=\"430\" \/><input type=\"hidden\" name=\"_wpcf7_version\" value=\"6.1.5\" \/><input type=\"hidden\" name=\"_wpcf7_locale\" value=\"pl_PL\" \/><input type=\"hidden\" name=\"_wpcf7_unit_tag\" value=\"wpcf7-f430-o1\" \/><input type=\"hidden\" name=\"_wpcf7_container_post\" value=\"0\" \/><input type=\"hidden\" name=\"_wpcf7_posted_data_hash\" value=\"\" \/>\n<\/fieldset>\n<label> Twoje imi\u0119 i nazwisko\n    <span class=\"wpcf7-form-control-wrap\" data-name=\"your-name\"><input size=\"40\" maxlength=\"400\" class=\"wpcf7-form-control wpcf7-text wpcf7-validates-as-required\" aria-required=\"true\" aria-invalid=\"false\" value=\"\" type=\"text\" name=\"your-name\" \/><\/span> <\/label>\n\n<label> Tw\u00f3j adres e-mail\n    <span class=\"wpcf7-form-control-wrap\" data-name=\"your-email\"><input size=\"40\" maxlength=\"400\" class=\"wpcf7-form-control wpcf7-email wpcf7-validates-as-required wpcf7-text wpcf7-validates-as-email\" aria-required=\"true\" aria-invalid=\"false\" value=\"\" type=\"email\" name=\"your-email\" \/><\/span> <\/label>\n\n<label> Temat\n    <span class=\"wpcf7-form-control-wrap\" data-name=\"your-subject\"><input size=\"40\" maxlength=\"400\" class=\"wpcf7-form-control wpcf7-text wpcf7-validates-as-required\" aria-required=\"true\" aria-invalid=\"false\" value=\"\" type=\"text\" name=\"your-subject\" \/><\/span> <\/label>\n\n<label> Twoja wiadomo\u015bci (opcjonalne)\n    <span class=\"wpcf7-form-control-wrap\" data-name=\"your-message\"><textarea cols=\"40\" rows=\"10\" maxlength=\"2000\" class=\"wpcf7-form-control wpcf7-textarea\" aria-invalid=\"false\" name=\"your-message\"><\/textarea><\/span> <\/label>\n\n<div class=\"cf7-cf-turnstile\" style=\"margin-top: 0px; margin-bottom: -15px;\"> <div id=\"cf-turnstile-cf7-1851451611\" class=\"cf-turnstile\" data-sitekey=\"0x4AAAAAAAb49pUvZJuEl9ca\" data-theme=\"light\" data-language=\"auto\" data-size=\"normal\" data-retry=\"auto\" data-retry-interval=\"1000\" data-refresh-expired=\"auto\" data-action=\"contact-form-7\" data-appearance=\"always\"><\/div> <script>document.addEventListener(\"DOMContentLoaded\", function() { setTimeout(function(){ var e=document.getElementById(\"cf-turnstile-cf7-1851451611\"); e&&!e.innerHTML.trim()&&(turnstile.remove(\"#cf-turnstile-cf7-1851451611\"), turnstile.render(\"#cf-turnstile-cf7-1851451611\", {sitekey:\"0x4AAAAAAAb49pUvZJuEl9ca\"})); }, 100); });<\/script> <br class=\"cf-turnstile-br cf-turnstile-br-cf7-1851451611\"> <style>#cf-turnstile-cf7-1851451611 { margin-left: -15px; }<\/style> <script>document.addEventListener(\"DOMContentLoaded\",function(){document.querySelectorAll('.wpcf7-form').forEach(function(e){e.addEventListener('submit',function(){if(document.getElementById('cf-turnstile-cf7-1851451611')){setTimeout(function(){turnstile.reset('#cf-turnstile-cf7-1851451611');},1000)}})})});<\/script> <\/div><br\/><input class=\"wpcf7-form-control wpcf7-submit has-spinner\" type=\"submit\" value=\"Wy\u015blij\" \/><div class=\"wpcf7-response-output\" aria-hidden=\"true\"><\/div>\n<\/form>\n<\/div>\n<\/div>\n<\/div>\n\n\n\n<div class=\"wp-block-column is-layout-flow wp-block-column-is-layout-flow\">\n<p><\/p>\n\n\n\n<div style=\"height:9px\" aria-hidden=\"true\" class=\"wp-block-spacer\"><\/div>\n\n\n\n<p><strong>EXPARTO Societatea \u00een comandit\u0103 simpl\u0103 Agata \u0219i Ireneusz Skonieczni<\/strong><br\/>ul. C.K. Norwida 8, 16-100 Sok\u00f3\u0142ka<br\/><br\/><strong>NIP:<\/strong> 545-181-36-99<br\/><strong>KRS:<\/strong> 0001009988<br\/><strong>REGON:<\/strong> 200724625<\/p>\n\n\n\n<p>Program <strong>de lucru:<\/strong> luni &#8211; vineri 08:00 &#8211; 16:00<\/p>\n\n\n\n<div class=\"wp-block-group\"><div class=\"wp-block-group__inner-container is-layout-constrained wp-block-group-is-layout-constrained\">\n<div class=\"wp-block-group\"><div class=\"wp-block-group__inner-container is-layout-constrained wp-block-group-is-layout-constrained\">\n<div class=\"wp-block-columns is-layout-flex wp-container-core-columns-is-layout-9d6595d7 wp-block-columns-is-layout-flex\">\n<div class=\"wp-block-column is-layout-flow wp-block-column-is-layout-flow\">\n<p><strong><strong>Secretariat<\/strong><br\/><strong>Telefon:<\/strong> <\/strong>+48 570 099 777<strong><br\/><strong>E-mail:<\/strong> <\/strong><a href=\"mailto:biuro@exparto.pl\">biuro@exparto.pl<\/a><br\/><\/p>\n<\/div>\n\n\n\n<div class=\"wp-block-column is-layout-flow wp-block-column-is-layout-flow\">\n<p><\/p>\n<\/div>\n<\/div>\n\n\n\n<div class=\"wp-block-group\"><div class=\"wp-block-group__inner-container is-layout-constrained wp-block-group-is-layout-constrained\">\n<div class=\"wp-block-columns is-layout-flex wp-container-core-columns-is-layout-9d6595d7 wp-block-columns-is-layout-flex\">\n<div class=\"wp-block-column is-layout-flow wp-block-column-is-layout-flow\">\n<p><strong>Manager E-commerce<\/strong><br\/><strong>Telefon:<\/strong> +48 570 003 909<br\/><strong>E-mail:<\/strong> mszoka@exparto.pl<\/p>\n<\/div>\n\n\n\n<div class=\"wp-block-column is-layout-flow wp-block-column-is-layout-flow\">\n<p><strong>Departamentul de v\u00e2nz\u0103ri<\/strong><br\/><strong>Telefon:<\/strong> +48 730 331 777<br\/><strong>E-mail:<\/strong> sklep@exparto.pl<\/p>\n<\/div>\n<\/div>\n<\/div><\/div>\n<\/div><\/div>\n<\/div><\/div>\n<\/div>\n<\/div>\n\n\n\n<p><\/p>\n<\/div>\n<\/div>\n","protected":false},"excerpt":{"rendered":"<p>Formular de contact Detalii de contact EXPARTO Societatea \u00een comandit\u0103 simpl\u0103 Agata \u0219i Ireneusz Skonieczniul. C.K. Norwida 8, 16-100 Sok\u00f3\u0142ka NIP: 545-181-36-99KRS: 0001009988REGON: 200724625 Program de lucru: luni &#8211; vineri 08:00 &#8211; 16:00 SecretariatTelefon: +48 570 099 777E-mail: biuro@exparto.pl Manager E-commerceTelefon: +48 570 003 909E-mail: mszoka@exparto.pl Departamentul de v\u00e2nz\u0103riTelefon: +48 730 331 777E-mail: sklep@exparto.pl<\/p>\n","protected":false},"author":1,"featured_media":0,"parent":0,"menu_order":0,"comment_status":"closed","ping_status":"closed","template":"","meta":{"_acf_changed":false,"inline_featured_image":false,"footnotes":""},"class_list":["post-10354","page","type-page","status-publish","hentry"],"acf":[],"yoast_head":"<!-- This site is optimized with the Yoast SEO plugin v27.2 - https:\/\/yoast.com\/product\/yoast-seo-wordpress\/ -->\n<title>Contacta\u021bi - Exparto.pl<\/title>\n<meta name=\"robots\" content=\"index, follow, max-snippet:-1, max-image-preview:large, max-video-preview:-1\" \/>\n<link rel=\"canonical\" href=\"https:\/\/exparto.pl\/ro\/contactati\/\" \/>\n<meta property=\"og:locale\" content=\"ro_RO\" \/>\n<meta property=\"og:type\" content=\"article\" \/>\n<meta property=\"og:title\" content=\"Contacta\u021bi - Exparto.pl\" \/>\n<meta property=\"og:description\" content=\"Formular de contact Detalii de contact EXPARTO Societatea \u00een comandit\u0103 simpl\u0103 Agata \u0219i Ireneusz Skonieczniul. C.K. Norwida 8, 16-100 Sok\u00f3\u0142ka NIP: 545-181-36-99KRS: 0001009988REGON: 200724625 Program de lucru: luni &#8211; vineri 08:00 &#8211; 16:00 SecretariatTelefon: +48 570 099 777E-mail: biuro@exparto.pl Manager E-commerceTelefon: +48 570 003 909E-mail: mszoka@exparto.pl Departamentul de v\u00e2nz\u0103riTelefon: +48 730 331 777E-mail: sklep@exparto.pl\" \/>\n<meta property=\"og:url\" content=\"https:\/\/exparto.pl\/ro\/contactati\/\" \/>\n<meta property=\"og:site_name\" content=\"Exparto.pl\" \/>\n<meta property=\"article:publisher\" content=\"https:\/\/www.facebook.com\/exparto.agro\/\" \/>\n<meta property=\"article:modified_time\" content=\"2023-11-13T13:07:44+00:00\" \/>\n<meta name=\"twitter:card\" content=\"summary_large_image\" \/>\n<script type=\"application\/ld+json\" class=\"yoast-schema-graph\">{\"@context\":\"https:\/\/schema.org\",\"@graph\":[{\"@type\":\"WebPage\",\"@id\":\"https:\/\/exparto.pl\/ro\/contactati\/\",\"url\":\"https:\/\/exparto.pl\/ro\/contactati\/\",\"name\":\"Contacta\u021bi - Exparto.pl\",\"isPartOf\":{\"@id\":\"https:\/\/exparto.pl\/ro\/#website\"},\"datePublished\":\"2022-11-25T10:54:51+00:00\",\"dateModified\":\"2023-11-13T13:07:44+00:00\",\"breadcrumb\":{\"@id\":\"https:\/\/exparto.pl\/ro\/contactati\/#breadcrumb\"},\"inLanguage\":\"ro-RO\",\"potentialAction\":[{\"@type\":\"ReadAction\",\"target\":[\"https:\/\/exparto.pl\/ro\/contactati\/\"]}]},{\"@type\":\"BreadcrumbList\",\"@id\":\"https:\/\/exparto.pl\/ro\/contactati\/#breadcrumb\",\"itemListElement\":[{\"@type\":\"ListItem\",\"position\":1,\"name\":\"Pagina de start\",\"item\":\"https:\/\/exparto.pl\/ro\/pagina-de-start\/\"},{\"@type\":\"ListItem\",\"position\":2,\"name\":\"Contacta\u021bi\"}]},{\"@type\":\"WebSite\",\"@id\":\"https:\/\/exparto.pl\/ro\/#website\",\"url\":\"https:\/\/exparto.pl\/ro\/\",\"name\":\"EXPARTO\",\"description\":\"More than agro parts\",\"publisher\":{\"@id\":\"https:\/\/exparto.pl\/ro\/#organization\"},\"potentialAction\":[{\"@type\":\"SearchAction\",\"target\":{\"@type\":\"EntryPoint\",\"urlTemplate\":\"https:\/\/exparto.pl\/ro\/?s={search_term_string}\"},\"query-input\":{\"@type\":\"PropertyValueSpecification\",\"valueRequired\":true,\"valueName\":\"search_term_string\"}}],\"inLanguage\":\"ro-RO\"},{\"@type\":\"Organization\",\"@id\":\"https:\/\/exparto.pl\/ro\/#organization\",\"name\":\"EXPARTO\",\"url\":\"https:\/\/exparto.pl\/ro\/\",\"logo\":{\"@type\":\"ImageObject\",\"inLanguage\":\"ro-RO\",\"@id\":\"https:\/\/exparto.pl\/ro\/#\/schema\/logo\/image\/\",\"url\":\"https:\/\/exparto.pl\/wp-content\/uploads\/2023\/02\/logo-wektor.png\",\"contentUrl\":\"https:\/\/exparto.pl\/wp-content\/uploads\/2023\/02\/logo-wektor.png\",\"width\":1338,\"height\":143,\"caption\":\"EXPARTO\"},\"image\":{\"@id\":\"https:\/\/exparto.pl\/ro\/#\/schema\/logo\/image\/\"},\"sameAs\":[\"https:\/\/www.facebook.com\/exparto.agro\/\"]}]}<\/script>\n<!-- \/ Yoast SEO plugin. -->","yoast_head_json":{"title":"Contacta\u021bi - Exparto.pl","robots":{"index":"index","follow":"follow","max-snippet":"max-snippet:-1","max-image-preview":"max-image-preview:large","max-video-preview":"max-video-preview:-1"},"canonical":"https:\/\/exparto.pl\/ro\/contactati\/","og_locale":"ro_RO","og_type":"article","og_title":"Contacta\u021bi - Exparto.pl","og_description":"Formular de contact Detalii de contact EXPARTO Societatea \u00een comandit\u0103 simpl\u0103 Agata \u0219i Ireneusz Skonieczniul. C.K. Norwida 8, 16-100 Sok\u00f3\u0142ka NIP: 545-181-36-99KRS: 0001009988REGON: 200724625 Program de lucru: luni &#8211; vineri 08:00 &#8211; 16:00 SecretariatTelefon: +48 570 099 777E-mail: biuro@exparto.pl Manager E-commerceTelefon: +48 570 003 909E-mail: mszoka@exparto.pl Departamentul de v\u00e2nz\u0103riTelefon: +48 730 331 777E-mail: sklep@exparto.pl","og_url":"https:\/\/exparto.pl\/ro\/contactati\/","og_site_name":"Exparto.pl","article_publisher":"https:\/\/www.facebook.com\/exparto.agro\/","article_modified_time":"2023-11-13T13:07:44+00:00","twitter_card":"summary_large_image","schema":{"@context":"https:\/\/schema.org","@graph":[{"@type":"WebPage","@id":"https:\/\/exparto.pl\/ro\/contactati\/","url":"https:\/\/exparto.pl\/ro\/contactati\/","name":"Contacta\u021bi - Exparto.pl","isPartOf":{"@id":"https:\/\/exparto.pl\/ro\/#website"},"datePublished":"2022-11-25T10:54:51+00:00","dateModified":"2023-11-13T13:07:44+00:00","breadcrumb":{"@id":"https:\/\/exparto.pl\/ro\/contactati\/#breadcrumb"},"inLanguage":"ro-RO","potentialAction":[{"@type":"ReadAction","target":["https:\/\/exparto.pl\/ro\/contactati\/"]}]},{"@type":"BreadcrumbList","@id":"https:\/\/exparto.pl\/ro\/contactati\/#breadcrumb","itemListElement":[{"@type":"ListItem","position":1,"name":"Pagina de start","item":"https:\/\/exparto.pl\/ro\/pagina-de-start\/"},{"@type":"ListItem","position":2,"name":"Contacta\u021bi"}]},{"@type":"WebSite","@id":"https:\/\/exparto.pl\/ro\/#website","url":"https:\/\/exparto.pl\/ro\/","name":"EXPARTO","description":"More than agro parts","publisher":{"@id":"https:\/\/exparto.pl\/ro\/#organization"},"potentialAction":[{"@type":"SearchAction","target":{"@type":"EntryPoint","urlTemplate":"https:\/\/exparto.pl\/ro\/?s={search_term_string}"},"query-input":{"@type":"PropertyValueSpecification","valueRequired":true,"valueName":"search_term_string"}}],"inLanguage":"ro-RO"},{"@type":"Organization","@id":"https:\/\/exparto.pl\/ro\/#organization","name":"EXPARTO","url":"https:\/\/exparto.pl\/ro\/","logo":{"@type":"ImageObject","inLanguage":"ro-RO","@id":"https:\/\/exparto.pl\/ro\/#\/schema\/logo\/image\/","url":"https:\/\/exparto.pl\/wp-content\/uploads\/2023\/02\/logo-wektor.png","contentUrl":"https:\/\/exparto.pl\/wp-content\/uploads\/2023\/02\/logo-wektor.png","width":1338,"height":143,"caption":"EXPARTO"},"image":{"@id":"https:\/\/exparto.pl\/ro\/#\/schema\/logo\/image\/"},"sameAs":["https:\/\/www.facebook.com\/exparto.agro\/"]}]}},"_links":{"self":[{"href":"https:\/\/exparto.pl\/ro\/wp-json\/wp\/v2\/pages\/10354","targetHints":{"allow":["GET"]}}],"collection":[{"href":"https:\/\/exparto.pl\/ro\/wp-json\/wp\/v2\/pages"}],"about":[{"href":"https:\/\/exparto.pl\/ro\/wp-json\/wp\/v2\/types\/page"}],"author":[{"embeddable":true,"href":"https:\/\/exparto.pl\/ro\/wp-json\/wp\/v2\/users\/1"}],"replies":[{"embeddable":true,"href":"https:\/\/exparto.pl\/ro\/wp-json\/wp\/v2\/comments?post=10354"}],"version-history":[{"count":0,"href":"https:\/\/exparto.pl\/ro\/wp-json\/wp\/v2\/pages\/10354\/revisions"}],"wp:attachment":[{"href":"https:\/\/exparto.pl\/ro\/wp-json\/wp\/v2\/media?parent=10354"}],"curies":[{"name":"wp","href":"https:\/\/api.w.org\/{rel}","templated":true}]}}