{"id":10370,"date":"2022-11-25T13:05:44","date_gmt":"2022-11-25T12:05:44","guid":{"rendered":"https:\/\/exparto.pl\/politica-de-confidentialitate\/"},"modified":"2023-11-13T14:08:23","modified_gmt":"2023-11-13T13:08:23","slug":"politica-de-confidentialitate","status":"publish","type":"page","link":"https:\/\/exparto.pl\/ro\/politica-de-confidentialitate\/","title":{"rendered":"Politica de confiden\u021bialitate"},"content":{"rendered":"\n<h2 class=\"wp-block-heading\"><strong>1. Informa\u021bii generale<\/strong><\/h2>\n\n<ol class=\"wp-block-list\">\n<li>Aceast\u0103 politic\u0103 se aplic\u0103 site-ului web, care func\u021bioneaz\u0103 sub url-ul: <strong>exparto.pl<\/strong>.<\/li>\n\n\n\n<li>Operatorul serviciului \u0219i administratorul datelor cu caracter personal este: EXPARTO Agata i Ireneusz Skonieczni sp\u00f3\u0142ka komandytowa Norwida 8, 16-100 Sok\u00f3\u0142ka.<\/li>\n\n\n\n<li>Adresa de e-mail de contact a operatorului: sklep@exparto.pl<\/li>\n\n\n\n<li>Operatorul este administratorul datelor dumneavoastr\u0103 cu caracter personal \u00een ceea ce prive\u0219te datele pe care le furniza\u021bi \u00een mod voluntar pe site-ul web.<\/li>\n\n\n\n<li>Serviciul utilizeaz\u0103 datele cu caracter personal \u00een urm\u0103toarele scopuri:\n<ul class=\"wp-block-list\">\n<li>Administrarea unui buletin informativ<\/li>\n\n\n\n<li>Rularea unui sistem de comentarii<\/li>\n\n\n\n<li>Efectuarea de chat online<\/li>\n\n\n\n<li>Tratarea cererilor de informa\u021bii prin intermediul formularului<\/li>\n\n\n\n<li>Preg\u0103tirea, ambalarea, expedierea m\u0103rfurilor<\/li>\n\n\n\n<li>Furnizarea serviciilor solicitate<\/li>\n\n\n\n<li>Colectarea datoriilor<\/li>\n\n\n\n<li>Prezentarea unei oferte sau a unor informa\u021bii<\/li>\n<\/ul>\n<\/li>\n\n\n\n<li>Serviciul \u00eendepline\u0219te func\u021bii pentru a ob\u021bine informa\u021bii despre utilizatori \u0219i comportamentul acestora \u00een urm\u0103toarele moduri:\n<ol class=\"wp-block-list\">\n<li>Prin intermediul datelor introduse \u00een mod voluntar \u00een formulare, care sunt introduse \u00een sistemele operatorului.<\/li>\n\n\n\n<li>Prin stocarea de module cookie (a\u0219a-numitele &#8222;cookies&#8221;) pe dispozitivele finale.<\/li>\n<\/ol>\n<\/li>\n<\/ol>\n\n<h2 class=\"wp-block-heading\"><strong>2. Metode selectate de protec\u021bie a datelor utilizate de operator<\/strong><\/h2>\n\n<ol class=\"wp-block-list\">\n<li>Zonele de autentificare \u0219i de introducere a datelor personale sunt protejate \u00een stratul de transmisie (certificat SSL). Acest lucru garanteaz\u0103 c\u0103 datele personale \u0219i de conectare introduse pe site-ul web sunt criptate pe computerul utilizatorului \u0219i pot fi citite doar pe serverul \u021bint\u0103.<\/li>\n\n\n\n<li>Pentru a proteja datele, operatorul face backup-uri regulate.<\/li>\n\n\n\n<li>Un element important al protec\u021biei datelor este actualizarea periodic\u0103 a tuturor programelor informatice utilizate de operator pentru prelucrarea datelor cu caracter personal, ceea ce \u00eenseamn\u0103, \u00een special, actualiz\u0103ri periodice ale componentelor software.<\/li>\n<\/ol>\n\n<h2 class=\"wp-block-heading\"><strong>3. G\u0103zduire<\/strong><\/h2>\n\n<ol class=\"wp-block-list\">\n<li>Serviciul este g\u0103zduit (\u00eentre\u021binut din punct de vedere tehnic) pe serverele operatorului: cyberFolks.pl<\/li>\n<\/ol>\n\n<h2 class=\"wp-block-heading\"><strong>4. Drepturile dumneavoastr\u0103 \u0219i informa\u021bii suplimentare privind modul \u00een care vor fi utilizate datele dumneavoastr\u0103<\/strong><\/h2>\n\n<ol class=\"wp-block-list\">\n<li>\u00cen anumite situa\u021bii, administratorul are dreptul de a transfera datele dumneavoastr\u0103 cu caracter personal c\u0103tre al\u021bi destinatari, dac\u0103 acest lucru este necesar pentru executarea unui contract \u00eencheiat cu dumneavoastr\u0103 sau pentru \u00eendeplinirea obliga\u021biilor care \u00eei revin administratorului. Acest lucru este valabil pentru astfel de grupuri de public:\n<ul class=\"wp-block-list\">\n<li>societatea de g\u0103zduire pe baz\u0103 de delegare<\/li>\n\n\n\n<li>curieri<\/li>\n\n\n\n<li>operatori po\u0219tali<\/li>\n\n\n\n<li>firme de avocatur\u0103 \u0219i recuperatori de crean\u021be<\/li>\n\n\n\n<li>b\u0103nci<\/li>\n\n\n\n<li>operatori de pl\u0103\u021bi<\/li>\n\n\n\n<li>operatori ai sistemului de comentarii<\/li>\n\n\n\n<li>operatori de solu\u021bii de chat online<\/li>\n\n\n\n<li>angaja\u021bii \u0219i asocia\u021bii autoriza\u021bi care utilizeaz\u0103 datele pentru a \u00eendeplini scopul site-ului web<\/li>\n\n\n\n<li>societ\u0103\u021bile care furnizeaz\u0103 servicii de marketing administratorului<\/li>\n<\/ul>\n<\/li>\n\n\n\n<li>Datele dumneavoastr\u0103 cu caracter personal prelucrate de c\u0103tre Administrator pentru o perioad\u0103 de timp care nu dep\u0103\u0219e\u0219te perioada necesar\u0103 pentru desf\u0103\u0219urarea activit\u0103\u021bilor conexe definite prin reglement\u0103ri separate (de exemplu, privind contabilitatea). \u00cen ceea ce prive\u0219te datele de marketing, datele nu vor fi prelucrate pentru o perioad\u0103 mai mare de 3 ani.<\/li>\n\n\n\n<li>Ave\u021bi dreptul de a solicita administratorului:\n<ul class=\"wp-block-list\">\n<li>accesul la datele cu caracter personal care v\u0103 privesc,<\/li>\n\n\n\n<li>rectificarea acestora,<\/li>\n\n\n\n<li>\u0219tergeri,<\/li>\n\n\n\n<li>limitarea prelucr\u0103rii,<\/li>\n\n\n\n<li>\u0219i portabilitatea datelor.<\/li>\n<\/ul>\n<\/li>\n\n\n\n<li>Ave\u021bi dreptul de a v\u0103 opune prelucr\u0103rii indicate la punctul 3.3 c) la prelucrarea datelor dumneavoastr\u0103 cu caracter personal \u00een scopul intereselor legitime urm\u0103rite de operator, inclusiv crearea de profiluri, dreptul de a v\u0103 opune neput\u00e2nd fi exercitat \u00een cazul \u00een care exist\u0103 motive legitime \u0219i valabile pentru prelucrare care prevaleaz\u0103 asupra intereselor, drepturilor \u0219i libert\u0103\u021bilor dumneavoastr\u0103, \u00een special \u00een ceea ce prive\u0219te stabilirea, revendicarea sau ap\u0103rarea crean\u021belor.<\/li>\n\n\n\n<li>Ac\u021biunile administratorului pot face obiectul unei pl\u00e2ngeri adresate pre\u0219edintelui Oficiului pentru protec\u021bia datelor cu caracter personal, ul. Stawki 2, 00-193 Var\u0219ovia.<\/li>\n\n\n\n<li>Furnizarea datelor cu caracter personal este voluntar\u0103, dar este necesar\u0103 pentru func\u021bionarea Serviciului.<\/li>\n\n\n\n<li>Procesul decizional automatizat, inclusiv crearea de profiluri, poate fi realizat \u00een leg\u0103tur\u0103 cu dumneavoastr\u0103 \u00een scopul furniz\u0103rii de servicii \u00een temeiul contractului \u00eencheiat \u0219i \u00een scopul marketingului direct de c\u0103tre administrator.<\/li>\n\n\n\n<li>Datele cu caracter personal nu sunt transferate din \u021b\u0103ri ter\u021be \u00een sensul legisla\u021biei privind protec\u021bia datelor. Acest lucru \u00eenseamn\u0103 c\u0103 nu le trimitem \u00een afara Uniunii Europene.<\/li>\n<\/ol>\n\n<h2 class=\"wp-block-heading\"><strong>5. informa\u021bii privind formularele<\/strong><\/h2>\n\n<ol class=\"wp-block-list\">\n<li>Site-ul web colecteaz\u0103 informa\u021bii furnizate \u00een mod voluntar de c\u0103tre utilizator, inclusiv date cu caracter personal, \u00een cazul \u00een care acestea sunt furnizate.<\/li>\n\n\n\n<li>Serviciul poate salva informa\u021bii despre parametrii de conectare (data \u0219i ora, adresa IP).<\/li>\n\n\n\n<li>\u00cen unele cazuri, serviciul poate \u00eenregistra informa\u021bii care s\u0103 ajute la stabilirea unei leg\u0103turi \u00eentre datele din formular \u0219i adresa de e-mail a utilizatorului care completeaz\u0103 formularul. \u00cen acest caz, adresa de e-mail a utilizatorului apare \u00een interiorul adresei URL a paginii care con\u021bine formularul.<\/li>\n\n\n\n<li>Datele furnizate \u00een formular sunt prelucrate \u00een scopul care rezult\u0103 din func\u021bia formularului specific, de exemplu, pentru a procesa o cerere de servicii sau un contact comercial, \u00eenregistrarea serviciilor etc. De fiecare dat\u0103, contextul \u0219i descrierea formularului comunic\u0103 \u00een mod clar la ce folose\u0219te.<\/li>\n<\/ol>\n\n<h2 class=\"wp-block-heading\"><strong>6 Jurnalele administratorului<\/strong><\/h2>\n\n<ol class=\"wp-block-list\">\n<li>Informa\u021biile privind comportamentul utilizatorului pe site pot fi \u00eenregistrate. Aceste date sunt utilizate pentru administrarea site-ului web.<\/li>\n<\/ol>\n\n<h2 class=\"wp-block-heading\"><strong>7 Tehnici de marketing relevante<\/strong><\/h2>\n\n<ol class=\"wp-block-list\">\n<li>Operatorul utilizeaz\u0103 analiza statistic\u0103 a traficului pe site-ul web prin intermediul Google Analytics (Google Inc., cu sediul \u00een SUA). Operatorul nu transmite date cu caracter personal c\u0103tre operatorul acestui serviciu, ci doar informa\u021bii anonime. Serviciul se bazeaz\u0103 pe utilizarea de cookie-uri pe dispozitivul terminal al utilizatorului. \u00cen ceea ce prive\u0219te informa\u021biile privind preferin\u021bele utilizatorului colectate de re\u021beaua de publicitate Google, utilizatorul poate vizualiza \u0219i modifica informa\u021biile rezultate din cookie-uri utiliz\u00e2nd urm\u0103torul instrument: https:\/\/www.google.com\/ads\/preferences\/.<\/li>\n\n\n\n<li>Operatorul utilizeaz\u0103 tehnici de remarketing pentru a corela mesajele publicitare cu comportamentul utilizatorului pe site-ul web, ceea ce poate da iluzia c\u0103 datele cu caracter personal ale utilizatorului sunt utilizate pentru a urm\u0103ri utilizatorul, dar, \u00een practic\u0103, niciun fel de date cu caracter personal nu este transferat de la operator c\u0103tre operatorii de publicitate. O condi\u021bie tehnologic\u0103 prealabil\u0103 pentru acest lucru este ca modulele cookie s\u0103 fie activate.<\/li>\n\n\n\n<li>Operatorul utilizeaz\u0103 pixelul Facebook. Aceast\u0103 tehnologie \u00eenseamn\u0103 c\u0103 Facebook (Facebook Inc., cu sediul \u00een SUA) \u0219tie c\u0103 o persoan\u0103 \u00eenregistrat\u0103 la ea folose\u0219te serviciul. \u00cen acest caz, operatorul nu transmite niciun fel de date personale suplimentare c\u0103tre Facebook. Serviciul se bazeaz\u0103 pe utilizarea de cookie-uri pe dispozitivul terminal al utilizatorului.<\/li>\n\n\n\n<li>Operatorul utilizeaz\u0103 o solu\u021bie care automatizeaz\u0103 func\u021bionarea site-ului web \u00een raport cu utilizatorii, de exemplu, poate trimite un e-mail unui utilizator dup\u0103 ce viziteaz\u0103 o anumit\u0103 subpagin\u0103, cu condi\u021bia ca utilizatorul s\u0103 fi fost de acord s\u0103 primeasc\u0103 coresponden\u021b\u0103 comercial\u0103 din partea operatorului.<\/li>\n<\/ol>\n\n<h2 class=\"wp-block-heading\"><strong>8 Informa\u021bii privind cookie-urile<\/strong><\/h2>\n\n<ol class=\"wp-block-list\">\n<li>Site-ul web utilizeaz\u0103 cookie-uri.<\/li>\n\n\n\n<li>Cookie-urile (a\u0219a-numitele &#8222;cookie-uri&#8221;) sunt date IT, \u00een special fi\u0219iere text, care sunt stocate \u00een echipamentul terminal al utilizatorului de servicii \u0219i sunt destinate utiliz\u0103rii pe site-ul web. Cookie-urile con\u021bin, de obicei, numele site-ului web de pe care provin, perioada de timp \u00een care sunt stocate pe dispozitivul final \u0219i un num\u0103r unic.<\/li>\n\n\n\n<li>Entitatea care plaseaz\u0103 cookie-uri pe echipamentul terminal al utilizatorului serviciului \u0219i care le acceseaz\u0103 este operatorul serviciului.<\/li>\n\n\n\n<li>Cookie-urile sunt utilizate \u00een urm\u0103toarele scopuri:\n<ol class=\"wp-block-list\">\n<li>men\u021binerea unei sesiuni a utilizatorului site-ului web (dup\u0103 conectare), datorit\u0103 c\u0103reia utilizatorul nu trebuie s\u0103 \u00ee\u0219i introduc\u0103 din nou numele de utilizator \u0219i parola pe fiecare subpagin\u0103 a site-ului web;<\/li>\n\n\n\n<li>pentru a atinge obiectivele stabilite mai sus la rubrica &#8222;Tehnici esen\u021biale de marketing&#8221;;<\/li>\n<\/ol>\n<\/li>\n\n\n\n<li>Site-ul utilizeaz\u0103 dou\u0103 tipuri principale de module cookie: &#8222;cookie-uri de sesiune&#8221; \u0219i &#8222;cookie-uri permanente&#8221; (cookie-uri persistente). Cookie-urile &#8222;de sesiune&#8221; sunt fi\u0219iere temporare care sunt stocate pe echipamentul terminal al utilizatorului p\u00e2n\u0103 c\u00e2nd acesta se deconecteaz\u0103, p\u0103r\u0103se\u0219te site-ul web sau opre\u0219te software-ul (browserul web). Cookie-urile &#8222;permanente&#8221; sunt stocate pe echipamentul terminal al utilizatorului pentru perioada de timp specificat\u0103 \u00een parametrii cookie-urilor sau p\u00e2n\u0103 c\u00e2nd sunt \u0219terse de c\u0103tre utilizator.<\/li>\n\n\n\n<li>Software-ul de navigare pe internet (browser web) permite, de obicei, stocarea \u00een mod implicit a cookie-urilor pe dispozitivul terminal al utilizatorului. Utilizatorii serviciului \u00ee\u0219i pot modifica set\u0103rile \u00een acest sens. Browserul dvs. web v\u0103 permite s\u0103 \u0219terge\u021bi cookie-urile. De asemenea, este posibil\u0103 blocarea automat\u0103 a modulelor cookie Pentru detalii, v\u0103 rug\u0103m s\u0103 consulta\u021bi ajutorul sau documenta\u021bia browserului dumneavoastr\u0103.<\/li>\n\n\n\n<li>Restric\u021biile privind utilizarea modulelor cookie pot afecta unele dintre func\u021bionalit\u0103\u021bile disponibile pe site-ul web.<\/li>\n\n\n\n<li>Cookie-urile plasate \u00een echipamentul terminal al utilizatorului serviciului pot fi utilizate \u0219i de c\u0103tre entit\u0103\u021bile care coopereaz\u0103 cu operatorul de servicii, \u00een special de c\u0103tre companii: Google (Google Inc. cu sediul \u00een SUA), Facebook (Facebook Inc. cu sediul \u00een SUA), Twitter (Twitter Inc. cu sediul \u00een SUA).<\/li>\n<\/ol>\n\n<h2 class=\"wp-block-heading\"><strong>9. Gestionarea cookie-urilor &#8211; cum se acord\u0103 \u0219i se retrage consim\u021b\u0103m\u00e2ntul \u00een practic\u0103?<\/strong><\/h2>\n\n<ol class=\"wp-block-list\">\n<li>Dac\u0103 nu dori\u021bi s\u0103 primi\u021bi cookie-uri, v\u0103 pute\u021bi modifica set\u0103rile browserului dumneavoastr\u0103. V\u0103 rug\u0103m s\u0103 re\u021bine\u021bi c\u0103 dezactivarea modulelor cookie care sunt esen\u021biale pentru procesele de autentificare, securitate, men\u021binerea preferin\u021belor utilizatorilor poate \u00eengreuna \u0219i, \u00een cazuri extreme, poate face imposibil\u0103 utilizarea site-urilor web.<\/li>\n\n\n\n<li>Pentru a v\u0103 gestiona set\u0103rile cookie-urilor, selecta\u021bi browserul web pe care \u00eel utiliza\u021bi din lista de mai jos \u0219i urma\u021bi instruc\u021biunile:<ul><li><a href=\"https:\/\/support.microsoft.com\/pl-pl\/help\/10607\/microsoft-edge-view-delete-browser-history\">Marginea<\/a><\/li><li><a href=\"https:\/\/support.microsoft.com\/pl-pl\/help\/278835\/how-to-delete-cookie-files-in-internet-explorer\">Internet Explorer<\/a><\/li><li><a href=\"http:\/\/support.google.com\/chrome\/bin\/answer.py?hl=pl&amp;answer=95647\">Chrome<\/a><\/li><li><a href=\"http:\/\/support.apple.com\/kb\/PH5042\">Safari<\/a><\/li><li><a href=\"http:\/\/support.mozilla.org\/pl\/kb\/W%C5%82%C4%85czanie%20i%20wy%C5%82%C4%85czanie%20obs%C5%82ugi%20ciasteczek\">Firefox<\/a><\/li><li><a href=\"http:\/\/help.opera.com\/Windows\/12.10\/pl\/cookies.html\">Opera<\/a><\/li><\/ul>Dispozitive mobile:\n<ul class=\"wp-block-list\">\n<li><a href=\"http:\/\/support.google.com\/chrome\/bin\/answer.py?hl=pl&amp;answer=95647\">Android<\/a><\/li>\n\n\n\n<li><a href=\"http:\/\/support.apple.com\/kb\/HT1677?viewlocale=pl_PL\">Safari (iOS)<\/a><\/li>\n\n\n\n<li><a href=\"http:\/\/www.windowsphone.com\/pl-pl\/how-to\/wp7\/web\/changing-privacy-and-other-browser-settings\">Windows Phone<\/a><\/li>\n<\/ul>\n<\/li>\n<\/ol>\n\n<p><\/p>\n","protected":false},"excerpt":{"rendered":"<p>1. Informa\u021bii generale 2. Metode selectate de protec\u021bie a datelor utilizate de operator 3. G\u0103zduire 4. Drepturile dumneavoastr\u0103 \u0219i informa\u021bii suplimentare privind modul \u00een care vor fi utilizate datele dumneavoastr\u0103 5. informa\u021bii privind formularele 6 Jurnalele administratorului 7 Tehnici de marketing relevante 8 Informa\u021bii privind cookie-urile 9. Gestionarea cookie-urilor &#8211; cum se acord\u0103 \u0219i se [&hellip;]<\/p>\n","protected":false},"author":1,"featured_media":0,"parent":0,"menu_order":0,"comment_status":"closed","ping_status":"closed","template":"","meta":{"_acf_changed":false,"inline_featured_image":false,"footnotes":""},"class_list":["post-10370","page","type-page","status-publish","hentry"],"acf":[],"yoast_head":"<!-- This site is optimized with the Yoast SEO plugin v27.3 - https:\/\/yoast.com\/product\/yoast-seo-wordpress\/ -->\n<title>Politica de confiden\u021bialitate - Exparto.pl<\/title>\n<meta name=\"robots\" content=\"index, follow, max-snippet:-1, max-image-preview:large, max-video-preview:-1\" \/>\n<link rel=\"canonical\" href=\"https:\/\/exparto.pl\/ro\/politica-de-confidentialitate\/\" \/>\n<meta property=\"og:locale\" content=\"ro_RO\" \/>\n<meta property=\"og:type\" content=\"article\" \/>\n<meta property=\"og:title\" content=\"Politica de confiden\u021bialitate - Exparto.pl\" \/>\n<meta property=\"og:description\" content=\"1. Informa\u021bii generale 2. Metode selectate de protec\u021bie a datelor utilizate de operator 3. G\u0103zduire 4. Drepturile dumneavoastr\u0103 \u0219i informa\u021bii suplimentare privind modul \u00een care vor fi utilizate datele dumneavoastr\u0103 5. informa\u021bii privind formularele 6 Jurnalele administratorului 7 Tehnici de marketing relevante 8 Informa\u021bii privind cookie-urile 9. Gestionarea cookie-urilor &#8211; cum se acord\u0103 \u0219i se [&hellip;]\" \/>\n<meta property=\"og:url\" content=\"https:\/\/exparto.pl\/ro\/politica-de-confidentialitate\/\" \/>\n<meta property=\"og:site_name\" content=\"Exparto.pl\" \/>\n<meta property=\"article:publisher\" content=\"https:\/\/www.facebook.com\/exparto.agro\/\" \/>\n<meta property=\"article:modified_time\" content=\"2023-11-13T13:08:23+00:00\" \/>\n<meta name=\"twitter:card\" content=\"summary_large_image\" \/>\n<meta name=\"twitter:label1\" content=\"Timp estimat pentru citire\" \/>\n\t<meta name=\"twitter:data1\" content=\"8 minute\" \/>\n<script type=\"application\/ld+json\" class=\"yoast-schema-graph\">{\"@context\":\"https:\\\/\\\/schema.org\",\"@graph\":[{\"@type\":\"WebPage\",\"@id\":\"https:\\\/\\\/exparto.pl\\\/ro\\\/politica-de-confidentialitate\\\/\",\"url\":\"https:\\\/\\\/exparto.pl\\\/ro\\\/politica-de-confidentialitate\\\/\",\"name\":\"Politica de confiden\u021bialitate - Exparto.pl\",\"isPartOf\":{\"@id\":\"https:\\\/\\\/exparto.pl\\\/ro\\\/#website\"},\"datePublished\":\"2022-11-25T12:05:44+00:00\",\"dateModified\":\"2023-11-13T13:08:23+00:00\",\"breadcrumb\":{\"@id\":\"https:\\\/\\\/exparto.pl\\\/ro\\\/politica-de-confidentialitate\\\/#breadcrumb\"},\"inLanguage\":\"ro-RO\",\"potentialAction\":[{\"@type\":\"ReadAction\",\"target\":[\"https:\\\/\\\/exparto.pl\\\/ro\\\/politica-de-confidentialitate\\\/\"]}]},{\"@type\":\"BreadcrumbList\",\"@id\":\"https:\\\/\\\/exparto.pl\\\/ro\\\/politica-de-confidentialitate\\\/#breadcrumb\",\"itemListElement\":[{\"@type\":\"ListItem\",\"position\":1,\"name\":\"Pagina de start\",\"item\":\"https:\\\/\\\/exparto.pl\\\/ro\\\/pagina-de-start\\\/\"},{\"@type\":\"ListItem\",\"position\":2,\"name\":\"Politica de confiden\u021bialitate\"}]},{\"@type\":\"WebSite\",\"@id\":\"https:\\\/\\\/exparto.pl\\\/ro\\\/#website\",\"url\":\"https:\\\/\\\/exparto.pl\\\/ro\\\/\",\"name\":\"EXPARTO\",\"description\":\"More than agro parts\",\"publisher\":{\"@id\":\"https:\\\/\\\/exparto.pl\\\/ro\\\/#organization\"},\"potentialAction\":[{\"@type\":\"SearchAction\",\"target\":{\"@type\":\"EntryPoint\",\"urlTemplate\":\"https:\\\/\\\/exparto.pl\\\/ro\\\/?s={search_term_string}\"},\"query-input\":{\"@type\":\"PropertyValueSpecification\",\"valueRequired\":true,\"valueName\":\"search_term_string\"}}],\"inLanguage\":\"ro-RO\"},{\"@type\":\"Organization\",\"@id\":\"https:\\\/\\\/exparto.pl\\\/ro\\\/#organization\",\"name\":\"EXPARTO\",\"url\":\"https:\\\/\\\/exparto.pl\\\/ro\\\/\",\"logo\":{\"@type\":\"ImageObject\",\"inLanguage\":\"ro-RO\",\"@id\":\"https:\\\/\\\/exparto.pl\\\/ro\\\/#\\\/schema\\\/logo\\\/image\\\/\",\"url\":\"https:\\\/\\\/exparto.pl\\\/wp-content\\\/uploads\\\/2023\\\/02\\\/logo-wektor.png\",\"contentUrl\":\"https:\\\/\\\/exparto.pl\\\/wp-content\\\/uploads\\\/2023\\\/02\\\/logo-wektor.png\",\"width\":1338,\"height\":143,\"caption\":\"EXPARTO\"},\"image\":{\"@id\":\"https:\\\/\\\/exparto.pl\\\/ro\\\/#\\\/schema\\\/logo\\\/image\\\/\"},\"sameAs\":[\"https:\\\/\\\/www.facebook.com\\\/exparto.agro\\\/\"]}]}<\/script>\n<!-- \/ Yoast SEO plugin. -->","yoast_head_json":{"title":"Politica de confiden\u021bialitate - Exparto.pl","robots":{"index":"index","follow":"follow","max-snippet":"max-snippet:-1","max-image-preview":"max-image-preview:large","max-video-preview":"max-video-preview:-1"},"canonical":"https:\/\/exparto.pl\/ro\/politica-de-confidentialitate\/","og_locale":"ro_RO","og_type":"article","og_title":"Politica de confiden\u021bialitate - Exparto.pl","og_description":"1. Informa\u021bii generale 2. Metode selectate de protec\u021bie a datelor utilizate de operator 3. G\u0103zduire 4. Drepturile dumneavoastr\u0103 \u0219i informa\u021bii suplimentare privind modul \u00een care vor fi utilizate datele dumneavoastr\u0103 5. informa\u021bii privind formularele 6 Jurnalele administratorului 7 Tehnici de marketing relevante 8 Informa\u021bii privind cookie-urile 9. Gestionarea cookie-urilor &#8211; cum se acord\u0103 \u0219i se [&hellip;]","og_url":"https:\/\/exparto.pl\/ro\/politica-de-confidentialitate\/","og_site_name":"Exparto.pl","article_publisher":"https:\/\/www.facebook.com\/exparto.agro\/","article_modified_time":"2023-11-13T13:08:23+00:00","twitter_card":"summary_large_image","twitter_misc":{"Timp estimat pentru citire":"8 minute"},"schema":{"@context":"https:\/\/schema.org","@graph":[{"@type":"WebPage","@id":"https:\/\/exparto.pl\/ro\/politica-de-confidentialitate\/","url":"https:\/\/exparto.pl\/ro\/politica-de-confidentialitate\/","name":"Politica de confiden\u021bialitate - Exparto.pl","isPartOf":{"@id":"https:\/\/exparto.pl\/ro\/#website"},"datePublished":"2022-11-25T12:05:44+00:00","dateModified":"2023-11-13T13:08:23+00:00","breadcrumb":{"@id":"https:\/\/exparto.pl\/ro\/politica-de-confidentialitate\/#breadcrumb"},"inLanguage":"ro-RO","potentialAction":[{"@type":"ReadAction","target":["https:\/\/exparto.pl\/ro\/politica-de-confidentialitate\/"]}]},{"@type":"BreadcrumbList","@id":"https:\/\/exparto.pl\/ro\/politica-de-confidentialitate\/#breadcrumb","itemListElement":[{"@type":"ListItem","position":1,"name":"Pagina de start","item":"https:\/\/exparto.pl\/ro\/pagina-de-start\/"},{"@type":"ListItem","position":2,"name":"Politica de confiden\u021bialitate"}]},{"@type":"WebSite","@id":"https:\/\/exparto.pl\/ro\/#website","url":"https:\/\/exparto.pl\/ro\/","name":"EXPARTO","description":"More than agro parts","publisher":{"@id":"https:\/\/exparto.pl\/ro\/#organization"},"potentialAction":[{"@type":"SearchAction","target":{"@type":"EntryPoint","urlTemplate":"https:\/\/exparto.pl\/ro\/?s={search_term_string}"},"query-input":{"@type":"PropertyValueSpecification","valueRequired":true,"valueName":"search_term_string"}}],"inLanguage":"ro-RO"},{"@type":"Organization","@id":"https:\/\/exparto.pl\/ro\/#organization","name":"EXPARTO","url":"https:\/\/exparto.pl\/ro\/","logo":{"@type":"ImageObject","inLanguage":"ro-RO","@id":"https:\/\/exparto.pl\/ro\/#\/schema\/logo\/image\/","url":"https:\/\/exparto.pl\/wp-content\/uploads\/2023\/02\/logo-wektor.png","contentUrl":"https:\/\/exparto.pl\/wp-content\/uploads\/2023\/02\/logo-wektor.png","width":1338,"height":143,"caption":"EXPARTO"},"image":{"@id":"https:\/\/exparto.pl\/ro\/#\/schema\/logo\/image\/"},"sameAs":["https:\/\/www.facebook.com\/exparto.agro\/"]}]}},"_links":{"self":[{"href":"https:\/\/exparto.pl\/ro\/wp-json\/wp\/v2\/pages\/10370","targetHints":{"allow":["GET"]}}],"collection":[{"href":"https:\/\/exparto.pl\/ro\/wp-json\/wp\/v2\/pages"}],"about":[{"href":"https:\/\/exparto.pl\/ro\/wp-json\/wp\/v2\/types\/page"}],"author":[{"embeddable":true,"href":"https:\/\/exparto.pl\/ro\/wp-json\/wp\/v2\/users\/1"}],"replies":[{"embeddable":true,"href":"https:\/\/exparto.pl\/ro\/wp-json\/wp\/v2\/comments?post=10370"}],"version-history":[{"count":0,"href":"https:\/\/exparto.pl\/ro\/wp-json\/wp\/v2\/pages\/10370\/revisions"}],"wp:attachment":[{"href":"https:\/\/exparto.pl\/ro\/wp-json\/wp\/v2\/media?parent=10370"}],"curies":[{"name":"wp","href":"https:\/\/api.w.org\/{rel}","templated":true}]}}