{"id":10386,"date":"2023-11-13T10:52:33","date_gmt":"2023-11-13T09:52:33","guid":{"rendered":"https:\/\/exparto.pl\/produkt\/transpalet-euro-100x40x1200-udz-25t\/"},"modified":"2023-11-13T10:52:33","modified_gmt":"2023-11-13T09:52:33","slug":"paleciak-euro-100x40x1200-udz-25t","status":"publish","type":"product","link":"https:\/\/exparto.pl\/ro\/produkt\/paleciak-euro-100x40x1200-udz-25t\/","title":{"rendered":"Transpalet EURO 100x40x1200 UD\u0179 2,5T"},"content":{"rendered":"<p style=\"text-align: justify;\"><span style=\"color: inherit; font-weight: 700 !important;\">Cadrul<\/span> este fabricat din o\u021bel de \u00eenalt\u0103 calitate, ceea ce garanteaz\u0103 rezisten\u021ba \u0219i durabilitatea produsului. Designul robust asigur\u0103 stabilitate la ridicarea, deplasarea \u0219i depozitarea pale\u021bilor, reduc\u00e2nd la minimum riscul de deteriorare a bunurilor \u0219i asigur\u00e2nd condi\u021bii de lucru sigure.<\/p>\n<div style=\"text-align: justify;\"><span style=\"font-weight: 700 !important;\">Cerere:<\/span><\/div>\n<div style=\"text-align: justify;\">\u00een \u00eenc\u0103rc\u0103toare frontale, excavatoare, excavatoare, excavatoare, \u00eenc\u0103rc\u0103toare, minic\u0103rgatoare \u0219i stivuitoare.<\/div>\n<p class=\"MsoNormal\">\n<p class=\"MsoNormal\">Dimensiunea furcii: 2A 100x40x1200<\/p>\n<p class=\"MsoNormal\">Capacitate de \u00eenc\u0103rcare: 2,5 tone ( pereche)<\/p>\n<p class=\"MsoNormal\">\n<p class=\"MsoNormal\">\n<div><\/div>\n","protected":false},"excerpt":{"rendered":"<p style=\"margin: 0px 0px 10px; , helvetica, arial, sans-serif;font-size: 14px; font-style: normal; font-weight: 400; letter-spacing: normal; text-align: start; text-indent: 0px; text-transform: none;\">\n<p style=\"margin: 0px 0px 10px; , helvetica, arial, sans-serif;font-size: 14px; font-style: normal; letter-spacing: normal; text-indent: 0px; text-transform: none; text-align: justify;\"><span style=\"color: inherit;\">Cadrul<\/span> este fabricat din o\u021bel de \u00eenalt\u0103 calitate, ceea ce garanteaz\u0103 rezisten\u021ba \u0219i durabilitatea produsului. Designul robust asigur\u0103 stabilitate la ridicarea, deplasarea \u0219i depozitarea pale\u021bilor, reduc\u00e2nd la minimum riscul de deteriorare a bunurilor \u0219i asigur\u00e2nd condi\u021bii de lucru sigure.<\/p>\n","protected":false},"featured_media":14646,"comment_status":"open","ping_status":"closed","template":"","meta":{"_acf_changed":false,"inline_featured_image":false},"product_brand":[],"product_cat":[337],"product_tag":[],"class_list":{"0":"post-10386","1":"product","2":"type-product","3":"status-publish","4":"has-post-thumbnail","6":"product_cat-carucior-pentru-paleti-complet","8":"first","9":"outofstock","10":"taxable","11":"shipping-taxable","12":"purchasable","13":"product-type-simple"},"acf":[],"yoast_head":"<!-- This site is optimized with the Yoast SEO plugin v27.2 - https:\/\/yoast.com\/product\/yoast-seo-wordpress\/ -->\n<title>Transpalet EURO 100x40x1200 UD\u0179 2,5T - Exparto.pl<\/title>\n<meta name=\"robots\" content=\"index, follow, max-snippet:-1, max-image-preview:large, max-video-preview:-1\" \/>\n<link rel=\"canonical\" href=\"https:\/\/exparto.pl\/ro\/produkt\/paleciak-euro-100x40x1200-udz-25t\/\" \/>\n<meta property=\"og:locale\" content=\"ro_RO\" \/>\n<meta property=\"og:type\" content=\"article\" \/>\n<meta property=\"og:title\" content=\"Transpalet EURO 100x40x1200 UD\u0179 2,5T - Exparto.pl\" \/>\n<meta property=\"og:description\" content=\"Cadrul este fabricat din o\u021bel de \u00eenalt\u0103 calitate, ceea ce garanteaz\u0103 rezisten\u021ba \u0219i durabilitatea produsului. Designul robust asigur\u0103 stabilitate la ridicarea, deplasarea \u0219i depozitarea pale\u021bilor, reduc\u00e2nd la minimum riscul de deteriorare a bunurilor \u0219i asigur\u00e2nd condi\u021bii de lucru sigure.\" \/>\n<meta property=\"og:url\" content=\"https:\/\/exparto.pl\/ro\/produkt\/paleciak-euro-100x40x1200-udz-25t\/\" \/>\n<meta property=\"og:site_name\" content=\"Exparto.pl\" \/>\n<meta property=\"article:publisher\" content=\"https:\/\/www.facebook.com\/exparto.agro\/\" \/>\n<meta property=\"og:image\" content=\"https:\/\/exparto.pl\/wp-content\/uploads\/2023\/11\/0be2e30684ed8996dd52897adf1d5af0-1.jpg\" \/>\n\t<meta property=\"og:image:width\" content=\"1000\" \/>\n\t<meta property=\"og:image:height\" content=\"1000\" \/>\n\t<meta property=\"og:image:type\" content=\"image\/jpeg\" \/>\n<meta name=\"twitter:card\" content=\"summary_large_image\" \/>\n<script type=\"application\/ld+json\" class=\"yoast-schema-graph\">{\"@context\":\"https:\/\/schema.org\",\"@graph\":[{\"@type\":\"WebPage\",\"@id\":\"https:\/\/exparto.pl\/ro\/produkt\/paleciak-euro-100x40x1200-udz-25t\/\",\"url\":\"https:\/\/exparto.pl\/ro\/produkt\/paleciak-euro-100x40x1200-udz-25t\/\",\"name\":\"Transpalet EURO 100x40x1200 UD\u0179 2,5T - Exparto.pl\",\"isPartOf\":{\"@id\":\"https:\/\/exparto.pl\/ro\/#website\"},\"primaryImageOfPage\":{\"@id\":\"https:\/\/exparto.pl\/ro\/produkt\/paleciak-euro-100x40x1200-udz-25t\/#primaryimage\"},\"image\":{\"@id\":\"https:\/\/exparto.pl\/ro\/produkt\/paleciak-euro-100x40x1200-udz-25t\/#primaryimage\"},\"thumbnailUrl\":\"https:\/\/exparto.pl\/wp-content\/uploads\/2023\/11\/0be2e30684ed8996dd52897adf1d5af0-1.jpg\",\"datePublished\":\"2023-11-13T09:52:33+00:00\",\"breadcrumb\":{\"@id\":\"https:\/\/exparto.pl\/ro\/produkt\/paleciak-euro-100x40x1200-udz-25t\/#breadcrumb\"},\"inLanguage\":\"ro-RO\",\"potentialAction\":[{\"@type\":\"ReadAction\",\"target\":[\"https:\/\/exparto.pl\/ro\/produkt\/paleciak-euro-100x40x1200-udz-25t\/\"]}]},{\"@type\":\"ImageObject\",\"inLanguage\":\"ro-RO\",\"@id\":\"https:\/\/exparto.pl\/ro\/produkt\/paleciak-euro-100x40x1200-udz-25t\/#primaryimage\",\"url\":\"https:\/\/exparto.pl\/wp-content\/uploads\/2023\/11\/0be2e30684ed8996dd52897adf1d5af0-1.jpg\",\"contentUrl\":\"https:\/\/exparto.pl\/wp-content\/uploads\/2023\/11\/0be2e30684ed8996dd52897adf1d5af0-1.jpg\",\"width\":1000,\"height\":1000},{\"@type\":\"BreadcrumbList\",\"@id\":\"https:\/\/exparto.pl\/ro\/produkt\/paleciak-euro-100x40x1200-udz-25t\/#breadcrumb\",\"itemListElement\":[{\"@type\":\"ListItem\",\"position\":1,\"name\":\"Pagina de start\",\"item\":\"https:\/\/exparto.pl\/ro\/pagina-de-start\/\"},{\"@type\":\"ListItem\",\"position\":2,\"name\":\"Sklep\",\"item\":\"https:\/\/exparto.pl\/sklep\/\"},{\"@type\":\"ListItem\",\"position\":3,\"name\":\"Piese pentru \u00eenc\u0103rc\u0103toare frontale\",\"item\":\"https:\/\/exparto.pl\/ro\/categoria-de-produse\/piese-pentru-incarcatoare-frontale\/\"},{\"@type\":\"ListItem\",\"position\":4,\"name\":\"Furci, cadre de transport\",\"item\":\"https:\/\/exparto.pl\/ro\/categoria-de-produse\/piese-pentru-incarcatoare-frontale\/furci-cadre-de-transport\/\"},{\"@type\":\"ListItem\",\"position\":5,\"name\":\"C\u0103rucior pentru pale\u021bi complet\",\"item\":\"https:\/\/exparto.pl\/ro\/categoria-de-produse\/piese-pentru-incarcatoare-frontale\/furci-cadre-de-transport\/carucior-pentru-paleti-complet\/\"},{\"@type\":\"ListItem\",\"position\":6,\"name\":\"Transpalet EURO 100x40x1200 UD\u0179 2,5T\"}]},{\"@type\":\"WebSite\",\"@id\":\"https:\/\/exparto.pl\/ro\/#website\",\"url\":\"https:\/\/exparto.pl\/ro\/\",\"name\":\"EXPARTO\",\"description\":\"More than agro parts\",\"publisher\":{\"@id\":\"https:\/\/exparto.pl\/ro\/#organization\"},\"potentialAction\":[{\"@type\":\"SearchAction\",\"target\":{\"@type\":\"EntryPoint\",\"urlTemplate\":\"https:\/\/exparto.pl\/ro\/?s={search_term_string}\"},\"query-input\":{\"@type\":\"PropertyValueSpecification\",\"valueRequired\":true,\"valueName\":\"search_term_string\"}}],\"inLanguage\":\"ro-RO\"},{\"@type\":\"Organization\",\"@id\":\"https:\/\/exparto.pl\/ro\/#organization\",\"name\":\"EXPARTO\",\"url\":\"https:\/\/exparto.pl\/ro\/\",\"logo\":{\"@type\":\"ImageObject\",\"inLanguage\":\"ro-RO\",\"@id\":\"https:\/\/exparto.pl\/ro\/#\/schema\/logo\/image\/\",\"url\":\"https:\/\/exparto.pl\/wp-content\/uploads\/2023\/02\/logo-wektor.png\",\"contentUrl\":\"https:\/\/exparto.pl\/wp-content\/uploads\/2023\/02\/logo-wektor.png\",\"width\":1338,\"height\":143,\"caption\":\"EXPARTO\"},\"image\":{\"@id\":\"https:\/\/exparto.pl\/ro\/#\/schema\/logo\/image\/\"},\"sameAs\":[\"https:\/\/www.facebook.com\/exparto.agro\/\"]}]}<\/script>\n<!-- \/ Yoast SEO plugin. -->","yoast_head_json":{"title":"Transpalet EURO 100x40x1200 UD\u0179 2,5T - Exparto.pl","robots":{"index":"index","follow":"follow","max-snippet":"max-snippet:-1","max-image-preview":"max-image-preview:large","max-video-preview":"max-video-preview:-1"},"canonical":"https:\/\/exparto.pl\/ro\/produkt\/paleciak-euro-100x40x1200-udz-25t\/","og_locale":"ro_RO","og_type":"article","og_title":"Transpalet EURO 100x40x1200 UD\u0179 2,5T - Exparto.pl","og_description":"Cadrul este fabricat din o\u021bel de \u00eenalt\u0103 calitate, ceea ce garanteaz\u0103 rezisten\u021ba \u0219i durabilitatea produsului. Designul robust asigur\u0103 stabilitate la ridicarea, deplasarea \u0219i depozitarea pale\u021bilor, reduc\u00e2nd la minimum riscul de deteriorare a bunurilor \u0219i asigur\u00e2nd condi\u021bii de lucru sigure.","og_url":"https:\/\/exparto.pl\/ro\/produkt\/paleciak-euro-100x40x1200-udz-25t\/","og_site_name":"Exparto.pl","article_publisher":"https:\/\/www.facebook.com\/exparto.agro\/","og_image":[{"width":1000,"height":1000,"url":"https:\/\/exparto.pl\/wp-content\/uploads\/2023\/11\/0be2e30684ed8996dd52897adf1d5af0-1.jpg","type":"image\/jpeg"}],"twitter_card":"summary_large_image","schema":{"@context":"https:\/\/schema.org","@graph":[{"@type":"WebPage","@id":"https:\/\/exparto.pl\/ro\/produkt\/paleciak-euro-100x40x1200-udz-25t\/","url":"https:\/\/exparto.pl\/ro\/produkt\/paleciak-euro-100x40x1200-udz-25t\/","name":"Transpalet EURO 100x40x1200 UD\u0179 2,5T - Exparto.pl","isPartOf":{"@id":"https:\/\/exparto.pl\/ro\/#website"},"primaryImageOfPage":{"@id":"https:\/\/exparto.pl\/ro\/produkt\/paleciak-euro-100x40x1200-udz-25t\/#primaryimage"},"image":{"@id":"https:\/\/exparto.pl\/ro\/produkt\/paleciak-euro-100x40x1200-udz-25t\/#primaryimage"},"thumbnailUrl":"https:\/\/exparto.pl\/wp-content\/uploads\/2023\/11\/0be2e30684ed8996dd52897adf1d5af0-1.jpg","datePublished":"2023-11-13T09:52:33+00:00","breadcrumb":{"@id":"https:\/\/exparto.pl\/ro\/produkt\/paleciak-euro-100x40x1200-udz-25t\/#breadcrumb"},"inLanguage":"ro-RO","potentialAction":[{"@type":"ReadAction","target":["https:\/\/exparto.pl\/ro\/produkt\/paleciak-euro-100x40x1200-udz-25t\/"]}]},{"@type":"ImageObject","inLanguage":"ro-RO","@id":"https:\/\/exparto.pl\/ro\/produkt\/paleciak-euro-100x40x1200-udz-25t\/#primaryimage","url":"https:\/\/exparto.pl\/wp-content\/uploads\/2023\/11\/0be2e30684ed8996dd52897adf1d5af0-1.jpg","contentUrl":"https:\/\/exparto.pl\/wp-content\/uploads\/2023\/11\/0be2e30684ed8996dd52897adf1d5af0-1.jpg","width":1000,"height":1000},{"@type":"BreadcrumbList","@id":"https:\/\/exparto.pl\/ro\/produkt\/paleciak-euro-100x40x1200-udz-25t\/#breadcrumb","itemListElement":[{"@type":"ListItem","position":1,"name":"Pagina de start","item":"https:\/\/exparto.pl\/ro\/pagina-de-start\/"},{"@type":"ListItem","position":2,"name":"Sklep","item":"https:\/\/exparto.pl\/sklep\/"},{"@type":"ListItem","position":3,"name":"Piese pentru \u00eenc\u0103rc\u0103toare frontale","item":"https:\/\/exparto.pl\/ro\/categoria-de-produse\/piese-pentru-incarcatoare-frontale\/"},{"@type":"ListItem","position":4,"name":"Furci, cadre de transport","item":"https:\/\/exparto.pl\/ro\/categoria-de-produse\/piese-pentru-incarcatoare-frontale\/furci-cadre-de-transport\/"},{"@type":"ListItem","position":5,"name":"C\u0103rucior pentru pale\u021bi complet","item":"https:\/\/exparto.pl\/ro\/categoria-de-produse\/piese-pentru-incarcatoare-frontale\/furci-cadre-de-transport\/carucior-pentru-paleti-complet\/"},{"@type":"ListItem","position":6,"name":"Transpalet EURO 100x40x1200 UD\u0179 2,5T"}]},{"@type":"WebSite","@id":"https:\/\/exparto.pl\/ro\/#website","url":"https:\/\/exparto.pl\/ro\/","name":"EXPARTO","description":"More than agro parts","publisher":{"@id":"https:\/\/exparto.pl\/ro\/#organization"},"potentialAction":[{"@type":"SearchAction","target":{"@type":"EntryPoint","urlTemplate":"https:\/\/exparto.pl\/ro\/?s={search_term_string}"},"query-input":{"@type":"PropertyValueSpecification","valueRequired":true,"valueName":"search_term_string"}}],"inLanguage":"ro-RO"},{"@type":"Organization","@id":"https:\/\/exparto.pl\/ro\/#organization","name":"EXPARTO","url":"https:\/\/exparto.pl\/ro\/","logo":{"@type":"ImageObject","inLanguage":"ro-RO","@id":"https:\/\/exparto.pl\/ro\/#\/schema\/logo\/image\/","url":"https:\/\/exparto.pl\/wp-content\/uploads\/2023\/02\/logo-wektor.png","contentUrl":"https:\/\/exparto.pl\/wp-content\/uploads\/2023\/02\/logo-wektor.png","width":1338,"height":143,"caption":"EXPARTO"},"image":{"@id":"https:\/\/exparto.pl\/ro\/#\/schema\/logo\/image\/"},"sameAs":["https:\/\/www.facebook.com\/exparto.agro\/"]}]}},"_links":{"self":[{"href":"https:\/\/exparto.pl\/ro\/wp-json\/wp\/v2\/product\/10386","targetHints":{"allow":["GET"]}}],"collection":[{"href":"https:\/\/exparto.pl\/ro\/wp-json\/wp\/v2\/product"}],"about":[{"href":"https:\/\/exparto.pl\/ro\/wp-json\/wp\/v2\/types\/product"}],"replies":[{"embeddable":true,"href":"https:\/\/exparto.pl\/ro\/wp-json\/wp\/v2\/comments?post=10386"}],"wp:featuredmedia":[{"embeddable":true,"href":"https:\/\/exparto.pl\/ro\/wp-json\/wp\/v2\/media\/14646"}],"wp:attachment":[{"href":"https:\/\/exparto.pl\/ro\/wp-json\/wp\/v2\/media?parent=10386"}],"wp:term":[{"taxonomy":"product_brand","embeddable":true,"href":"https:\/\/exparto.pl\/ro\/wp-json\/wp\/v2\/product_brand?post=10386"},{"taxonomy":"product_cat","embeddable":true,"href":"https:\/\/exparto.pl\/ro\/wp-json\/wp\/v2\/product_cat?post=10386"},{"taxonomy":"product_tag","embeddable":true,"href":"https:\/\/exparto.pl\/ro\/wp-json\/wp\/v2\/product_tag?post=10386"}],"curies":[{"name":"wp","href":"https:\/\/api.w.org\/{rel}","templated":true}]}}