{"id":10422,"date":"2023-11-09T12:42:08","date_gmt":"2023-11-09T11:42:08","guid":{"rendered":"https:\/\/exparto.pl\/produkt\/cilindru-de-frana-fi-125-d35-d47-d50-d732-hl-8011-hl-6011\/"},"modified":"2023-11-09T12:42:08","modified_gmt":"2023-11-09T11:42:08","slug":"silownik-hamulcowy-fi-125-d35-d47-d50-d732-hl-8011-hl-6011","status":"publish","type":"product","link":"https:\/\/exparto.pl\/ro\/produkt\/silownik-hamulcowy-fi-125-d35-d47-d50-d732-hl-8011-hl-6011\/","title":{"rendered":"Cilindru de fr\u00e2n\u0103 Fi-125 D35, D47, D50, D732, HL 8011, HL 6011"},"content":{"rendered":"<p style=\"text-align: justify\">Actuator universal de fr\u00e2n\u0103 cu piston, proiectat pentru <span style=\"color: inherit\"><br \/>\n  <b>control pneumatic<\/b><br \/>\n<\/span> axelor de fr\u00e2nare.  <span style=\"color: var(--gray-800)\">Utilizare versatil\u0103, inclusiv \u00een fabricarea de remorci pentru agricultur\u0103, pomicultur\u0103, silvicultur\u0103 \u0219i construc\u021bii,  <\/span><span style=\"color: var(--gray-800)\">camioane, vehicule cu destina\u021bie special\u0103, cum ar fi \u00eempr\u0103\u0219tiatoare, cisterne pentru suspensie, pulverizatoare, camioane cu butoaie \u0219i altele.<\/span><span style=\"color: var(--gray-800)\"> cu propriul <b><span style=\"color: inherit\">sistem de fr\u00e2nare pneumatic\u0103<\/span><\/b>.<\/span><\/p>\n<p style=\"text-align: justify\"><span style=\"color: inherit\"><b>Actuatorul se potrive\u0219te  <\/b><\/span><span style=\"color: var(--gray-800)\"><span style=\"color: inherit\"><b>m. \u00een. pentru remorci agricole:  <\/b><\/span>Autosan Sanok D-35 , D-47 , D-50 D-732 , HL 8011 , HL 6011<\/span><\/p>\n<p style=\"text-align: justify\"><span style=\"color: var(--gray-800)\">precum \u0219i<b><span style=\"color: inherit\">pentru remorcile m\u0103rcilor<\/span><\/b> DAF, Krone , Scania , RVI , MB , MAN. <\/span> JELCZ, SKODA, <span style=\"color: var(--gray-800)\">\u0141200 \u00eenc\u0103rc\u0103tor, distribuitor de \u00eengr\u0103\u0219\u0103minte<\/span>.<\/p>\n<p style=\"text-align: justify\"><span style=\"color: inherit\"><b>Numere de compara\u021bie:<\/b><\/span><\/p>\n<ul>\n<li style=\"text-align: justify\">X53.32.00\/A<\/li>\n<li style=\"text-align: justify\">7030111000<\/li>\n<li style=\"text-align: justify\">7030\/11-100\/0<\/li>\n<li style=\"text-align: justify\">340008<\/li>\n<\/ul>\n","protected":false},"excerpt":{"rendered":"<p style=\"text-align: justify\">Actuator pneumatic Fi-125 Polonez<\/p>\n","protected":false},"featured_media":10423,"comment_status":"open","ping_status":"closed","template":"","meta":{"_acf_changed":false,"inline_featured_image":false},"product_brand":[],"product_cat":[340,847,339],"product_tag":[],"class_list":{"0":"post-10422","1":"product","2":"type-product","3":"status-publish","4":"has-post-thumbnail","6":"product_cat-cilindri-de-frana","7":"product_cat-cilindri-pneumatici","8":"product_cat-piese-de-remorca","10":"first","11":"instock","12":"taxable","13":"shipping-taxable","14":"purchasable","15":"product-type-simple"},"acf":[],"yoast_head":"<!-- This site is optimized with the Yoast SEO plugin v27.3 - https:\/\/yoast.com\/product\/yoast-seo-wordpress\/ -->\n<title>Cilindru de fr\u00e2n\u0103 Fi-125 D35, D47, D50, D732, HL 8011, HL 6011 - Exparto.pl<\/title>\n<meta name=\"robots\" content=\"index, follow, max-snippet:-1, max-image-preview:large, max-video-preview:-1\" \/>\n<link rel=\"canonical\" href=\"https:\/\/exparto.pl\/ro\/produkt\/silownik-hamulcowy-fi-125-d35-d47-d50-d732-hl-8011-hl-6011\/\" \/>\n<meta property=\"og:locale\" content=\"ro_RO\" \/>\n<meta property=\"og:type\" content=\"article\" \/>\n<meta property=\"og:title\" content=\"Cilindru de fr\u00e2n\u0103 Fi-125 D35, D47, D50, D732, HL 8011, HL 6011 - Exparto.pl\" \/>\n<meta property=\"og:description\" content=\"Actuator pneumatic Fi-125 Polonez\" \/>\n<meta property=\"og:url\" content=\"https:\/\/exparto.pl\/ro\/produkt\/silownik-hamulcowy-fi-125-d35-d47-d50-d732-hl-8011-hl-6011\/\" \/>\n<meta property=\"og:site_name\" content=\"Exparto.pl\" \/>\n<meta property=\"article:publisher\" content=\"https:\/\/www.facebook.com\/exparto.agro\/\" \/>\n<meta property=\"og:image\" content=\"https:\/\/exparto.pl\/wp-content\/uploads\/2023\/11\/3044f9c1c7b9f2795579fec0041d73e7.jpg\" \/>\n\t<meta property=\"og:image:width\" content=\"1000\" \/>\n\t<meta property=\"og:image:height\" content=\"1000\" \/>\n\t<meta property=\"og:image:type\" content=\"image\/jpeg\" \/>\n<meta name=\"twitter:card\" content=\"summary_large_image\" \/>\n<meta name=\"twitter:label1\" content=\"Timp estimat pentru citire\" \/>\n\t<meta name=\"twitter:data1\" content=\"1 minut\" \/>\n<script type=\"application\/ld+json\" class=\"yoast-schema-graph\">{\"@context\":\"https:\\\/\\\/schema.org\",\"@graph\":[{\"@type\":\"WebPage\",\"@id\":\"https:\\\/\\\/exparto.pl\\\/ro\\\/produkt\\\/silownik-hamulcowy-fi-125-d35-d47-d50-d732-hl-8011-hl-6011\\\/\",\"url\":\"https:\\\/\\\/exparto.pl\\\/ro\\\/produkt\\\/silownik-hamulcowy-fi-125-d35-d47-d50-d732-hl-8011-hl-6011\\\/\",\"name\":\"Cilindru de fr\u00e2n\u0103 Fi-125 D35, D47, D50, D732, HL 8011, HL 6011 - Exparto.pl\",\"isPartOf\":{\"@id\":\"https:\\\/\\\/exparto.pl\\\/ro\\\/#website\"},\"primaryImageOfPage\":{\"@id\":\"https:\\\/\\\/exparto.pl\\\/ro\\\/produkt\\\/silownik-hamulcowy-fi-125-d35-d47-d50-d732-hl-8011-hl-6011\\\/#primaryimage\"},\"image\":{\"@id\":\"https:\\\/\\\/exparto.pl\\\/ro\\\/produkt\\\/silownik-hamulcowy-fi-125-d35-d47-d50-d732-hl-8011-hl-6011\\\/#primaryimage\"},\"thumbnailUrl\":\"https:\\\/\\\/exparto.pl\\\/wp-content\\\/uploads\\\/2023\\\/11\\\/3044f9c1c7b9f2795579fec0041d73e7.jpg\",\"datePublished\":\"2023-11-09T11:42:08+00:00\",\"breadcrumb\":{\"@id\":\"https:\\\/\\\/exparto.pl\\\/ro\\\/produkt\\\/silownik-hamulcowy-fi-125-d35-d47-d50-d732-hl-8011-hl-6011\\\/#breadcrumb\"},\"inLanguage\":\"ro-RO\",\"potentialAction\":[{\"@type\":\"ReadAction\",\"target\":[\"https:\\\/\\\/exparto.pl\\\/ro\\\/produkt\\\/silownik-hamulcowy-fi-125-d35-d47-d50-d732-hl-8011-hl-6011\\\/\"]}]},{\"@type\":\"ImageObject\",\"inLanguage\":\"ro-RO\",\"@id\":\"https:\\\/\\\/exparto.pl\\\/ro\\\/produkt\\\/silownik-hamulcowy-fi-125-d35-d47-d50-d732-hl-8011-hl-6011\\\/#primaryimage\",\"url\":\"https:\\\/\\\/exparto.pl\\\/wp-content\\\/uploads\\\/2023\\\/11\\\/3044f9c1c7b9f2795579fec0041d73e7.jpg\",\"contentUrl\":\"https:\\\/\\\/exparto.pl\\\/wp-content\\\/uploads\\\/2023\\\/11\\\/3044f9c1c7b9f2795579fec0041d73e7.jpg\",\"width\":1000,\"height\":1000},{\"@type\":\"BreadcrumbList\",\"@id\":\"https:\\\/\\\/exparto.pl\\\/ro\\\/produkt\\\/silownik-hamulcowy-fi-125-d35-d47-d50-d732-hl-8011-hl-6011\\\/#breadcrumb\",\"itemListElement\":[{\"@type\":\"ListItem\",\"position\":1,\"name\":\"Pagina de start\",\"item\":\"https:\\\/\\\/exparto.pl\\\/ro\\\/pagina-de-start\\\/\"},{\"@type\":\"ListItem\",\"position\":2,\"name\":\"Sklep\",\"item\":\"https:\\\/\\\/exparto.pl\\\/sklep\\\/\"},{\"@type\":\"ListItem\",\"position\":3,\"name\":\"Piese de remorc\u0103\",\"item\":\"https:\\\/\\\/exparto.pl\\\/ro\\\/categoria-de-produse\\\/piese-de-remorca\\\/\"},{\"@type\":\"ListItem\",\"position\":4,\"name\":\"Cilindri de fr\u00e2n\u0103\",\"item\":\"https:\\\/\\\/exparto.pl\\\/ro\\\/categoria-de-produse\\\/piese-de-remorca\\\/cilindri-de-frana\\\/\"},{\"@type\":\"ListItem\",\"position\":5,\"name\":\"Cilindri pneumatici\",\"item\":\"https:\\\/\\\/exparto.pl\\\/ro\\\/categoria-de-produse\\\/piese-de-remorca\\\/cilindri-de-frana\\\/cilindri-pneumatici\\\/\"},{\"@type\":\"ListItem\",\"position\":6,\"name\":\"Cilindru de fr\u00e2n\u0103 Fi-125 D35, D47, D50, D732, HL 8011, HL 6011\"}]},{\"@type\":\"WebSite\",\"@id\":\"https:\\\/\\\/exparto.pl\\\/ro\\\/#website\",\"url\":\"https:\\\/\\\/exparto.pl\\\/ro\\\/\",\"name\":\"EXPARTO\",\"description\":\"More than agro parts\",\"publisher\":{\"@id\":\"https:\\\/\\\/exparto.pl\\\/ro\\\/#organization\"},\"potentialAction\":[{\"@type\":\"SearchAction\",\"target\":{\"@type\":\"EntryPoint\",\"urlTemplate\":\"https:\\\/\\\/exparto.pl\\\/ro\\\/?s={search_term_string}\"},\"query-input\":{\"@type\":\"PropertyValueSpecification\",\"valueRequired\":true,\"valueName\":\"search_term_string\"}}],\"inLanguage\":\"ro-RO\"},{\"@type\":\"Organization\",\"@id\":\"https:\\\/\\\/exparto.pl\\\/ro\\\/#organization\",\"name\":\"EXPARTO\",\"url\":\"https:\\\/\\\/exparto.pl\\\/ro\\\/\",\"logo\":{\"@type\":\"ImageObject\",\"inLanguage\":\"ro-RO\",\"@id\":\"https:\\\/\\\/exparto.pl\\\/ro\\\/#\\\/schema\\\/logo\\\/image\\\/\",\"url\":\"https:\\\/\\\/exparto.pl\\\/wp-content\\\/uploads\\\/2023\\\/02\\\/logo-wektor.png\",\"contentUrl\":\"https:\\\/\\\/exparto.pl\\\/wp-content\\\/uploads\\\/2023\\\/02\\\/logo-wektor.png\",\"width\":1338,\"height\":143,\"caption\":\"EXPARTO\"},\"image\":{\"@id\":\"https:\\\/\\\/exparto.pl\\\/ro\\\/#\\\/schema\\\/logo\\\/image\\\/\"},\"sameAs\":[\"https:\\\/\\\/www.facebook.com\\\/exparto.agro\\\/\"]}]}<\/script>\n<!-- \/ Yoast SEO plugin. -->","yoast_head_json":{"title":"Cilindru de fr\u00e2n\u0103 Fi-125 D35, D47, D50, D732, HL 8011, HL 6011 - Exparto.pl","robots":{"index":"index","follow":"follow","max-snippet":"max-snippet:-1","max-image-preview":"max-image-preview:large","max-video-preview":"max-video-preview:-1"},"canonical":"https:\/\/exparto.pl\/ro\/produkt\/silownik-hamulcowy-fi-125-d35-d47-d50-d732-hl-8011-hl-6011\/","og_locale":"ro_RO","og_type":"article","og_title":"Cilindru de fr\u00e2n\u0103 Fi-125 D35, D47, D50, D732, HL 8011, HL 6011 - Exparto.pl","og_description":"Actuator pneumatic Fi-125 Polonez","og_url":"https:\/\/exparto.pl\/ro\/produkt\/silownik-hamulcowy-fi-125-d35-d47-d50-d732-hl-8011-hl-6011\/","og_site_name":"Exparto.pl","article_publisher":"https:\/\/www.facebook.com\/exparto.agro\/","og_image":[{"width":1000,"height":1000,"url":"https:\/\/exparto.pl\/wp-content\/uploads\/2023\/11\/3044f9c1c7b9f2795579fec0041d73e7.jpg","type":"image\/jpeg"}],"twitter_card":"summary_large_image","twitter_misc":{"Timp estimat pentru citire":"1 minut"},"schema":{"@context":"https:\/\/schema.org","@graph":[{"@type":"WebPage","@id":"https:\/\/exparto.pl\/ro\/produkt\/silownik-hamulcowy-fi-125-d35-d47-d50-d732-hl-8011-hl-6011\/","url":"https:\/\/exparto.pl\/ro\/produkt\/silownik-hamulcowy-fi-125-d35-d47-d50-d732-hl-8011-hl-6011\/","name":"Cilindru de fr\u00e2n\u0103 Fi-125 D35, D47, D50, D732, HL 8011, HL 6011 - Exparto.pl","isPartOf":{"@id":"https:\/\/exparto.pl\/ro\/#website"},"primaryImageOfPage":{"@id":"https:\/\/exparto.pl\/ro\/produkt\/silownik-hamulcowy-fi-125-d35-d47-d50-d732-hl-8011-hl-6011\/#primaryimage"},"image":{"@id":"https:\/\/exparto.pl\/ro\/produkt\/silownik-hamulcowy-fi-125-d35-d47-d50-d732-hl-8011-hl-6011\/#primaryimage"},"thumbnailUrl":"https:\/\/exparto.pl\/wp-content\/uploads\/2023\/11\/3044f9c1c7b9f2795579fec0041d73e7.jpg","datePublished":"2023-11-09T11:42:08+00:00","breadcrumb":{"@id":"https:\/\/exparto.pl\/ro\/produkt\/silownik-hamulcowy-fi-125-d35-d47-d50-d732-hl-8011-hl-6011\/#breadcrumb"},"inLanguage":"ro-RO","potentialAction":[{"@type":"ReadAction","target":["https:\/\/exparto.pl\/ro\/produkt\/silownik-hamulcowy-fi-125-d35-d47-d50-d732-hl-8011-hl-6011\/"]}]},{"@type":"ImageObject","inLanguage":"ro-RO","@id":"https:\/\/exparto.pl\/ro\/produkt\/silownik-hamulcowy-fi-125-d35-d47-d50-d732-hl-8011-hl-6011\/#primaryimage","url":"https:\/\/exparto.pl\/wp-content\/uploads\/2023\/11\/3044f9c1c7b9f2795579fec0041d73e7.jpg","contentUrl":"https:\/\/exparto.pl\/wp-content\/uploads\/2023\/11\/3044f9c1c7b9f2795579fec0041d73e7.jpg","width":1000,"height":1000},{"@type":"BreadcrumbList","@id":"https:\/\/exparto.pl\/ro\/produkt\/silownik-hamulcowy-fi-125-d35-d47-d50-d732-hl-8011-hl-6011\/#breadcrumb","itemListElement":[{"@type":"ListItem","position":1,"name":"Pagina de start","item":"https:\/\/exparto.pl\/ro\/pagina-de-start\/"},{"@type":"ListItem","position":2,"name":"Sklep","item":"https:\/\/exparto.pl\/sklep\/"},{"@type":"ListItem","position":3,"name":"Piese de remorc\u0103","item":"https:\/\/exparto.pl\/ro\/categoria-de-produse\/piese-de-remorca\/"},{"@type":"ListItem","position":4,"name":"Cilindri de fr\u00e2n\u0103","item":"https:\/\/exparto.pl\/ro\/categoria-de-produse\/piese-de-remorca\/cilindri-de-frana\/"},{"@type":"ListItem","position":5,"name":"Cilindri pneumatici","item":"https:\/\/exparto.pl\/ro\/categoria-de-produse\/piese-de-remorca\/cilindri-de-frana\/cilindri-pneumatici\/"},{"@type":"ListItem","position":6,"name":"Cilindru de fr\u00e2n\u0103 Fi-125 D35, D47, D50, D732, HL 8011, HL 6011"}]},{"@type":"WebSite","@id":"https:\/\/exparto.pl\/ro\/#website","url":"https:\/\/exparto.pl\/ro\/","name":"EXPARTO","description":"More than agro parts","publisher":{"@id":"https:\/\/exparto.pl\/ro\/#organization"},"potentialAction":[{"@type":"SearchAction","target":{"@type":"EntryPoint","urlTemplate":"https:\/\/exparto.pl\/ro\/?s={search_term_string}"},"query-input":{"@type":"PropertyValueSpecification","valueRequired":true,"valueName":"search_term_string"}}],"inLanguage":"ro-RO"},{"@type":"Organization","@id":"https:\/\/exparto.pl\/ro\/#organization","name":"EXPARTO","url":"https:\/\/exparto.pl\/ro\/","logo":{"@type":"ImageObject","inLanguage":"ro-RO","@id":"https:\/\/exparto.pl\/ro\/#\/schema\/logo\/image\/","url":"https:\/\/exparto.pl\/wp-content\/uploads\/2023\/02\/logo-wektor.png","contentUrl":"https:\/\/exparto.pl\/wp-content\/uploads\/2023\/02\/logo-wektor.png","width":1338,"height":143,"caption":"EXPARTO"},"image":{"@id":"https:\/\/exparto.pl\/ro\/#\/schema\/logo\/image\/"},"sameAs":["https:\/\/www.facebook.com\/exparto.agro\/"]}]}},"_links":{"self":[{"href":"https:\/\/exparto.pl\/ro\/wp-json\/wp\/v2\/product\/10422","targetHints":{"allow":["GET"]}}],"collection":[{"href":"https:\/\/exparto.pl\/ro\/wp-json\/wp\/v2\/product"}],"about":[{"href":"https:\/\/exparto.pl\/ro\/wp-json\/wp\/v2\/types\/product"}],"replies":[{"embeddable":true,"href":"https:\/\/exparto.pl\/ro\/wp-json\/wp\/v2\/comments?post=10422"}],"wp:featuredmedia":[{"embeddable":true,"href":"https:\/\/exparto.pl\/ro\/wp-json\/wp\/v2\/media\/10423"}],"wp:attachment":[{"href":"https:\/\/exparto.pl\/ro\/wp-json\/wp\/v2\/media?parent=10422"}],"wp:term":[{"taxonomy":"product_brand","embeddable":true,"href":"https:\/\/exparto.pl\/ro\/wp-json\/wp\/v2\/product_brand?post=10422"},{"taxonomy":"product_cat","embeddable":true,"href":"https:\/\/exparto.pl\/ro\/wp-json\/wp\/v2\/product_cat?post=10422"},{"taxonomy":"product_tag","embeddable":true,"href":"https:\/\/exparto.pl\/ro\/wp-json\/wp\/v2\/product_tag?post=10422"}],"curies":[{"name":"wp","href":"https:\/\/api.w.org\/{rel}","templated":true}]}}