{"id":10428,"date":"2023-11-09T09:48:47","date_gmt":"2023-11-09T08:48:47","guid":{"rendered":"https:\/\/exparto.pl\/produkt\/betivan-universal-pentru-vite-si-cai-capacitate-2l\/"},"modified":"2023-11-09T09:48:47","modified_gmt":"2023-11-09T08:48:47","slug":"betivan-universal-pentru-bivoli-si-cal-si-capacitate-2l","status":"publish","type":"product","link":"https:\/\/exparto.pl\/ro\/produkt\/betivan-universal-pentru-bivoli-si-cal-si-capacitate-2l\/","title":{"rendered":"Be\u021bivan universal pentru vite \u0219i cai, capacitate 2L"},"content":{"rendered":"<p style=\"text-align: justify\">Vas de ad\u0103pare pentru vite \u0219i cai, vasul de ad\u0103pare este turnat din font\u0103 cenu\u0219ie vopsit\u0103 cu vopsea pulverizat\u0103 Fierul turnat este astfel protejat \u00eempotriva coroziunii \u0219i nu reac\u021bioneaz\u0103 cu apa sau cu reziduurile de hran\u0103 l\u0103sate de animale atunci c\u00e2nd beau. Beutorul are dou\u0103 conexiuni de trecere a apei, astfel \u00eenc\u00e2t poate fi conectat la un circuit \u00eenchis de ap\u0103 cu o pomp\u0103 de pre\u00eenc\u0103lzire.<\/p>\n","protected":false},"excerpt":{"rendered":"<p style=\"text-align: justify\">Be\u021bivan ad\u00e2nc de 3L<\/p>\n","protected":false},"featured_media":10429,"comment_status":"open","ping_status":"closed","template":"","meta":{"_acf_changed":false,"inline_featured_image":false},"product_brand":[],"product_cat":[347,341],"product_tag":[],"class_list":{"0":"post-10428","1":"product","2":"type-product","3":"status-publish","4":"has-post-thumbnail","6":"product_cat-bautorii","7":"product_cat-reproductie","9":"first","10":"instock","11":"taxable","12":"shipping-taxable","13":"purchasable","14":"product-type-simple"},"acf":[],"yoast_head":"<!-- This site is optimized with the Yoast SEO plugin v27.4 - https:\/\/yoast.com\/product\/yoast-seo-wordpress\/ -->\n<title>Be\u021bivan universal pentru vite \u0219i cai, capacitate 2L - Exparto.pl<\/title>\n<meta name=\"robots\" content=\"index, follow, max-snippet:-1, max-image-preview:large, max-video-preview:-1\" \/>\n<link rel=\"canonical\" href=\"https:\/\/exparto.pl\/ro\/produkt\/betivan-universal-pentru-bivoli-si-cal-si-capacitate-2l\/\" \/>\n<meta property=\"og:locale\" content=\"ro_RO\" \/>\n<meta property=\"og:type\" content=\"article\" \/>\n<meta property=\"og:title\" content=\"Be\u021bivan universal pentru vite \u0219i cai, capacitate 2L - Exparto.pl\" \/>\n<meta property=\"og:description\" content=\"Be\u021bivan ad\u00e2nc de 3L\" \/>\n<meta property=\"og:url\" content=\"https:\/\/exparto.pl\/ro\/produkt\/betivan-universal-pentru-bivoli-si-cal-si-capacitate-2l\/\" \/>\n<meta property=\"og:site_name\" content=\"Exparto.pl\" \/>\n<meta property=\"article:publisher\" content=\"https:\/\/www.facebook.com\/exparto.agro\/\" \/>\n<meta property=\"og:image\" content=\"https:\/\/exparto.pl\/wp-content\/uploads\/2023\/11\/3b7d70bbd491cb41825394a0e0cd3ae4.jpg\" \/>\n\t<meta property=\"og:image:width\" content=\"1000\" \/>\n\t<meta property=\"og:image:height\" content=\"1000\" \/>\n\t<meta property=\"og:image:type\" content=\"image\/jpeg\" \/>\n<meta name=\"twitter:card\" content=\"summary_large_image\" \/>\n<script type=\"application\/ld+json\" class=\"yoast-schema-graph\">{\"@context\":\"https:\\\/\\\/schema.org\",\"@graph\":[{\"@type\":\"WebPage\",\"@id\":\"https:\\\/\\\/exparto.pl\\\/ro\\\/produkt\\\/betivan-universal-pentru-bivoli-si-cal-si-capacitate-2l\\\/\",\"url\":\"https:\\\/\\\/exparto.pl\\\/ro\\\/produkt\\\/betivan-universal-pentru-bivoli-si-cal-si-capacitate-2l\\\/\",\"name\":\"Be\u021bivan universal pentru vite \u0219i cai, capacitate 2L - Exparto.pl\",\"isPartOf\":{\"@id\":\"https:\\\/\\\/exparto.pl\\\/ro\\\/#website\"},\"primaryImageOfPage\":{\"@id\":\"https:\\\/\\\/exparto.pl\\\/ro\\\/produkt\\\/betivan-universal-pentru-bivoli-si-cal-si-capacitate-2l\\\/#primaryimage\"},\"image\":{\"@id\":\"https:\\\/\\\/exparto.pl\\\/ro\\\/produkt\\\/betivan-universal-pentru-bivoli-si-cal-si-capacitate-2l\\\/#primaryimage\"},\"thumbnailUrl\":\"https:\\\/\\\/exparto.pl\\\/wp-content\\\/uploads\\\/2023\\\/11\\\/3b7d70bbd491cb41825394a0e0cd3ae4.jpg\",\"datePublished\":\"2023-11-09T08:48:47+00:00\",\"breadcrumb\":{\"@id\":\"https:\\\/\\\/exparto.pl\\\/ro\\\/produkt\\\/betivan-universal-pentru-bivoli-si-cal-si-capacitate-2l\\\/#breadcrumb\"},\"inLanguage\":\"ro-RO\",\"potentialAction\":[{\"@type\":\"ReadAction\",\"target\":[\"https:\\\/\\\/exparto.pl\\\/ro\\\/produkt\\\/betivan-universal-pentru-bivoli-si-cal-si-capacitate-2l\\\/\"]}]},{\"@type\":\"ImageObject\",\"inLanguage\":\"ro-RO\",\"@id\":\"https:\\\/\\\/exparto.pl\\\/ro\\\/produkt\\\/betivan-universal-pentru-bivoli-si-cal-si-capacitate-2l\\\/#primaryimage\",\"url\":\"https:\\\/\\\/exparto.pl\\\/wp-content\\\/uploads\\\/2023\\\/11\\\/3b7d70bbd491cb41825394a0e0cd3ae4.jpg\",\"contentUrl\":\"https:\\\/\\\/exparto.pl\\\/wp-content\\\/uploads\\\/2023\\\/11\\\/3b7d70bbd491cb41825394a0e0cd3ae4.jpg\",\"width\":1000,\"height\":1000},{\"@type\":\"BreadcrumbList\",\"@id\":\"https:\\\/\\\/exparto.pl\\\/ro\\\/produkt\\\/betivan-universal-pentru-bivoli-si-cal-si-capacitate-2l\\\/#breadcrumb\",\"itemListElement\":[{\"@type\":\"ListItem\",\"position\":1,\"name\":\"Pagina de start\",\"item\":\"https:\\\/\\\/exparto.pl\\\/ro\\\/pagina-de-start\\\/\"},{\"@type\":\"ListItem\",\"position\":2,\"name\":\"Sklep\",\"item\":\"https:\\\/\\\/exparto.pl\\\/sklep\\\/\"},{\"@type\":\"ListItem\",\"position\":3,\"name\":\"Reproduc\u021bie\",\"item\":\"https:\\\/\\\/exparto.pl\\\/ro\\\/categoria-de-produse\\\/reproductie\\\/\"},{\"@type\":\"ListItem\",\"position\":4,\"name\":\"B\u0103utorii\",\"item\":\"https:\\\/\\\/exparto.pl\\\/ro\\\/categoria-de-produse\\\/reproductie\\\/bautorii\\\/\"},{\"@type\":\"ListItem\",\"position\":5,\"name\":\"Be\u021bivan universal pentru vite \u0219i cai, capacitate 2L\"}]},{\"@type\":\"WebSite\",\"@id\":\"https:\\\/\\\/exparto.pl\\\/ro\\\/#website\",\"url\":\"https:\\\/\\\/exparto.pl\\\/ro\\\/\",\"name\":\"EXPARTO\",\"description\":\"More than agro parts\",\"publisher\":{\"@id\":\"https:\\\/\\\/exparto.pl\\\/ro\\\/#organization\"},\"potentialAction\":[{\"@type\":\"SearchAction\",\"target\":{\"@type\":\"EntryPoint\",\"urlTemplate\":\"https:\\\/\\\/exparto.pl\\\/ro\\\/?s={search_term_string}\"},\"query-input\":{\"@type\":\"PropertyValueSpecification\",\"valueRequired\":true,\"valueName\":\"search_term_string\"}}],\"inLanguage\":\"ro-RO\"},{\"@type\":\"Organization\",\"@id\":\"https:\\\/\\\/exparto.pl\\\/ro\\\/#organization\",\"name\":\"EXPARTO\",\"url\":\"https:\\\/\\\/exparto.pl\\\/ro\\\/\",\"logo\":{\"@type\":\"ImageObject\",\"inLanguage\":\"ro-RO\",\"@id\":\"https:\\\/\\\/exparto.pl\\\/ro\\\/#\\\/schema\\\/logo\\\/image\\\/\",\"url\":\"https:\\\/\\\/exparto.pl\\\/wp-content\\\/uploads\\\/2023\\\/02\\\/logo-wektor.png\",\"contentUrl\":\"https:\\\/\\\/exparto.pl\\\/wp-content\\\/uploads\\\/2023\\\/02\\\/logo-wektor.png\",\"width\":1338,\"height\":143,\"caption\":\"EXPARTO\"},\"image\":{\"@id\":\"https:\\\/\\\/exparto.pl\\\/ro\\\/#\\\/schema\\\/logo\\\/image\\\/\"},\"sameAs\":[\"https:\\\/\\\/www.facebook.com\\\/exparto.agro\\\/\"]}]}<\/script>\n<!-- \/ Yoast SEO plugin. -->","yoast_head_json":{"title":"Be\u021bivan universal pentru vite \u0219i cai, capacitate 2L - Exparto.pl","robots":{"index":"index","follow":"follow","max-snippet":"max-snippet:-1","max-image-preview":"max-image-preview:large","max-video-preview":"max-video-preview:-1"},"canonical":"https:\/\/exparto.pl\/ro\/produkt\/betivan-universal-pentru-bivoli-si-cal-si-capacitate-2l\/","og_locale":"ro_RO","og_type":"article","og_title":"Be\u021bivan universal pentru vite \u0219i cai, capacitate 2L - Exparto.pl","og_description":"Be\u021bivan ad\u00e2nc de 3L","og_url":"https:\/\/exparto.pl\/ro\/produkt\/betivan-universal-pentru-bivoli-si-cal-si-capacitate-2l\/","og_site_name":"Exparto.pl","article_publisher":"https:\/\/www.facebook.com\/exparto.agro\/","og_image":[{"width":1000,"height":1000,"url":"https:\/\/exparto.pl\/wp-content\/uploads\/2023\/11\/3b7d70bbd491cb41825394a0e0cd3ae4.jpg","type":"image\/jpeg"}],"twitter_card":"summary_large_image","schema":{"@context":"https:\/\/schema.org","@graph":[{"@type":"WebPage","@id":"https:\/\/exparto.pl\/ro\/produkt\/betivan-universal-pentru-bivoli-si-cal-si-capacitate-2l\/","url":"https:\/\/exparto.pl\/ro\/produkt\/betivan-universal-pentru-bivoli-si-cal-si-capacitate-2l\/","name":"Be\u021bivan universal pentru vite \u0219i cai, capacitate 2L - Exparto.pl","isPartOf":{"@id":"https:\/\/exparto.pl\/ro\/#website"},"primaryImageOfPage":{"@id":"https:\/\/exparto.pl\/ro\/produkt\/betivan-universal-pentru-bivoli-si-cal-si-capacitate-2l\/#primaryimage"},"image":{"@id":"https:\/\/exparto.pl\/ro\/produkt\/betivan-universal-pentru-bivoli-si-cal-si-capacitate-2l\/#primaryimage"},"thumbnailUrl":"https:\/\/exparto.pl\/wp-content\/uploads\/2023\/11\/3b7d70bbd491cb41825394a0e0cd3ae4.jpg","datePublished":"2023-11-09T08:48:47+00:00","breadcrumb":{"@id":"https:\/\/exparto.pl\/ro\/produkt\/betivan-universal-pentru-bivoli-si-cal-si-capacitate-2l\/#breadcrumb"},"inLanguage":"ro-RO","potentialAction":[{"@type":"ReadAction","target":["https:\/\/exparto.pl\/ro\/produkt\/betivan-universal-pentru-bivoli-si-cal-si-capacitate-2l\/"]}]},{"@type":"ImageObject","inLanguage":"ro-RO","@id":"https:\/\/exparto.pl\/ro\/produkt\/betivan-universal-pentru-bivoli-si-cal-si-capacitate-2l\/#primaryimage","url":"https:\/\/exparto.pl\/wp-content\/uploads\/2023\/11\/3b7d70bbd491cb41825394a0e0cd3ae4.jpg","contentUrl":"https:\/\/exparto.pl\/wp-content\/uploads\/2023\/11\/3b7d70bbd491cb41825394a0e0cd3ae4.jpg","width":1000,"height":1000},{"@type":"BreadcrumbList","@id":"https:\/\/exparto.pl\/ro\/produkt\/betivan-universal-pentru-bivoli-si-cal-si-capacitate-2l\/#breadcrumb","itemListElement":[{"@type":"ListItem","position":1,"name":"Pagina de start","item":"https:\/\/exparto.pl\/ro\/pagina-de-start\/"},{"@type":"ListItem","position":2,"name":"Sklep","item":"https:\/\/exparto.pl\/sklep\/"},{"@type":"ListItem","position":3,"name":"Reproduc\u021bie","item":"https:\/\/exparto.pl\/ro\/categoria-de-produse\/reproductie\/"},{"@type":"ListItem","position":4,"name":"B\u0103utorii","item":"https:\/\/exparto.pl\/ro\/categoria-de-produse\/reproductie\/bautorii\/"},{"@type":"ListItem","position":5,"name":"Be\u021bivan universal pentru vite \u0219i cai, capacitate 2L"}]},{"@type":"WebSite","@id":"https:\/\/exparto.pl\/ro\/#website","url":"https:\/\/exparto.pl\/ro\/","name":"EXPARTO","description":"More than agro parts","publisher":{"@id":"https:\/\/exparto.pl\/ro\/#organization"},"potentialAction":[{"@type":"SearchAction","target":{"@type":"EntryPoint","urlTemplate":"https:\/\/exparto.pl\/ro\/?s={search_term_string}"},"query-input":{"@type":"PropertyValueSpecification","valueRequired":true,"valueName":"search_term_string"}}],"inLanguage":"ro-RO"},{"@type":"Organization","@id":"https:\/\/exparto.pl\/ro\/#organization","name":"EXPARTO","url":"https:\/\/exparto.pl\/ro\/","logo":{"@type":"ImageObject","inLanguage":"ro-RO","@id":"https:\/\/exparto.pl\/ro\/#\/schema\/logo\/image\/","url":"https:\/\/exparto.pl\/wp-content\/uploads\/2023\/02\/logo-wektor.png","contentUrl":"https:\/\/exparto.pl\/wp-content\/uploads\/2023\/02\/logo-wektor.png","width":1338,"height":143,"caption":"EXPARTO"},"image":{"@id":"https:\/\/exparto.pl\/ro\/#\/schema\/logo\/image\/"},"sameAs":["https:\/\/www.facebook.com\/exparto.agro\/"]}]}},"_links":{"self":[{"href":"https:\/\/exparto.pl\/ro\/wp-json\/wp\/v2\/product\/10428","targetHints":{"allow":["GET"]}}],"collection":[{"href":"https:\/\/exparto.pl\/ro\/wp-json\/wp\/v2\/product"}],"about":[{"href":"https:\/\/exparto.pl\/ro\/wp-json\/wp\/v2\/types\/product"}],"replies":[{"embeddable":true,"href":"https:\/\/exparto.pl\/ro\/wp-json\/wp\/v2\/comments?post=10428"}],"wp:featuredmedia":[{"embeddable":true,"href":"https:\/\/exparto.pl\/ro\/wp-json\/wp\/v2\/media\/10429"}],"wp:attachment":[{"href":"https:\/\/exparto.pl\/ro\/wp-json\/wp\/v2\/media?parent=10428"}],"wp:term":[{"taxonomy":"product_brand","embeddable":true,"href":"https:\/\/exparto.pl\/ro\/wp-json\/wp\/v2\/product_brand?post=10428"},{"taxonomy":"product_cat","embeddable":true,"href":"https:\/\/exparto.pl\/ro\/wp-json\/wp\/v2\/product_cat?post=10428"},{"taxonomy":"product_tag","embeddable":true,"href":"https:\/\/exparto.pl\/ro\/wp-json\/wp\/v2\/product_tag?post=10428"}],"curies":[{"name":"wp","href":"https:\/\/api.w.org\/{rel}","templated":true}]}}