{"id":10444,"date":"2023-11-08T14:09:33","date_gmt":"2023-11-08T13:09:33","guid":{"rendered":"https:\/\/exparto.pl\/produkt\/roata-conica-pentru-cositoare-mica-1-65-z-16\/"},"modified":"2023-11-08T14:09:33","modified_gmt":"2023-11-08T13:09:33","slug":"kolo-stozkowe-do-kosiarki-male-165-z-16","status":"publish","type":"product","link":"https:\/\/exparto.pl\/ro\/produkt\/kolo-stozkowe-do-kosiarki-male-165-z-16\/","title":{"rendered":"Roat\u0103 conic\u0103 pentru cositoare mic\u0103 1.65 Z-16"},"content":{"rendered":"<p class=\"MsoNormal\" style=\"text-align: justify\">Ro\u021bile conice \u0219i pinioanele au asigurat pozi\u021bia Exparto ca unul dintre liderii de v\u00e2nz\u0103ri pe pia\u021ba polonez\u0103 a componentelor de transmisie a puterii. Instrumentarul de m\u0103surare specializat \u0219i cuno\u0219tin\u021bele dob\u00e2ndite de-a lungul anilor ne permit s\u0103 furniz\u0103m ro\u021bi pentru aproape orice echipament agricol la standardul prev\u0103zut pentru industria auto, potrivite pentru utilizarea \u00een transmisii mecanice \u00een cazul \u00een care sunt necesare sarcini grele \u0219i transmisie perpendicular\u0103, adic\u0103 atunci c\u00e2nd este necesar\u0103 o transmisie unghiular\u0103. Datorit\u0103 designului lor, acestea pot <span style=\"color: inherit\">transmite<\/span> cu succes transmisia <span style=\"color: inherit\">la unghiuri diferite<\/span> \u0219i pot fi montate \u0219i pe un arbore sau pe un distan\u021bier.<\/p>\n<p class=\"MsoNormal\" style=\"text-align: justify\">Echipamente pentru: prese de balotat, prese de balotat, \u00eenf\u0103\u0219ur\u0103toare de balo\u021bi, cositori cu discuri, greble, fane de f\u00e2n.<\/p>\n","protected":false},"excerpt":{"rendered":"<p class=\"MsoNormal\" style=\"text-align: justify\">Ro\u021bi conice pentru cositoare de 1,65 m<\/p>\n","protected":false},"featured_media":53952,"comment_status":"open","ping_status":"closed","template":"","meta":{"_acf_changed":false,"inline_featured_image":false},"product_brand":[],"product_cat":[345,346],"product_tag":[],"class_list":{"0":"post-10444","1":"product","2":"type-product","3":"status-publish","4":"has-post-thumbnail","6":"product_cat-piese-pentru-masini-de-tuns-iarba","7":"product_cat-roti-conice","9":"first","10":"instock","11":"taxable","12":"shipping-taxable","13":"purchasable","14":"product-type-simple"},"acf":[],"yoast_head":"<!-- This site is optimized with the Yoast SEO plugin v27.2 - https:\/\/yoast.com\/product\/yoast-seo-wordpress\/ -->\n<title>Roat\u0103 conic\u0103 pentru cositoare mic\u0103 1.65 Z-16 - Exparto.pl<\/title>\n<meta name=\"robots\" content=\"index, follow, max-snippet:-1, max-image-preview:large, max-video-preview:-1\" \/>\n<link rel=\"canonical\" href=\"https:\/\/exparto.pl\/ro\/produkt\/kolo-stozkowe-do-kosiarki-male-165-z-16\/\" \/>\n<meta property=\"og:locale\" content=\"ro_RO\" \/>\n<meta property=\"og:type\" content=\"article\" \/>\n<meta property=\"og:title\" content=\"Roat\u0103 conic\u0103 pentru cositoare mic\u0103 1.65 Z-16 - Exparto.pl\" \/>\n<meta property=\"og:description\" content=\"Ro\u021bi conice pentru cositoare de 1,65 m\" \/>\n<meta property=\"og:url\" content=\"https:\/\/exparto.pl\/ro\/produkt\/kolo-stozkowe-do-kosiarki-male-165-z-16\/\" \/>\n<meta property=\"og:site_name\" content=\"Exparto.pl\" \/>\n<meta property=\"article:publisher\" content=\"https:\/\/www.facebook.com\/exparto.agro\/\" \/>\n<meta property=\"og:image\" content=\"https:\/\/exparto.pl\/wp-content\/uploads\/2023\/11\/a2ed52db72388779af7a255f7ce3ab2f.jpg\" \/>\n\t<meta property=\"og:image:width\" content=\"1000\" \/>\n\t<meta property=\"og:image:height\" content=\"1000\" \/>\n\t<meta property=\"og:image:type\" content=\"image\/jpeg\" \/>\n<meta name=\"twitter:card\" content=\"summary_large_image\" \/>\n<meta name=\"twitter:label1\" content=\"Timp estimat pentru citire\" \/>\n\t<meta name=\"twitter:data1\" content=\"1 minut\" \/>\n<script type=\"application\/ld+json\" class=\"yoast-schema-graph\">{\"@context\":\"https:\/\/schema.org\",\"@graph\":[{\"@type\":\"WebPage\",\"@id\":\"https:\/\/exparto.pl\/ro\/produkt\/kolo-stozkowe-do-kosiarki-male-165-z-16\/\",\"url\":\"https:\/\/exparto.pl\/ro\/produkt\/kolo-stozkowe-do-kosiarki-male-165-z-16\/\",\"name\":\"Roat\u0103 conic\u0103 pentru cositoare mic\u0103 1.65 Z-16 - Exparto.pl\",\"isPartOf\":{\"@id\":\"https:\/\/exparto.pl\/ro\/#website\"},\"primaryImageOfPage\":{\"@id\":\"https:\/\/exparto.pl\/ro\/produkt\/kolo-stozkowe-do-kosiarki-male-165-z-16\/#primaryimage\"},\"image\":{\"@id\":\"https:\/\/exparto.pl\/ro\/produkt\/kolo-stozkowe-do-kosiarki-male-165-z-16\/#primaryimage\"},\"thumbnailUrl\":\"https:\/\/exparto.pl\/wp-content\/uploads\/2023\/11\/m_02c.jpg\",\"datePublished\":\"2023-11-08T13:09:33+00:00\",\"breadcrumb\":{\"@id\":\"https:\/\/exparto.pl\/ro\/produkt\/kolo-stozkowe-do-kosiarki-male-165-z-16\/#breadcrumb\"},\"inLanguage\":\"ro-RO\",\"potentialAction\":[{\"@type\":\"ReadAction\",\"target\":[\"https:\/\/exparto.pl\/ro\/produkt\/kolo-stozkowe-do-kosiarki-male-165-z-16\/\"]}]},{\"@type\":\"ImageObject\",\"inLanguage\":\"ro-RO\",\"@id\":\"https:\/\/exparto.pl\/ro\/produkt\/kolo-stozkowe-do-kosiarki-male-165-z-16\/#primaryimage\",\"url\":\"https:\/\/exparto.pl\/wp-content\/uploads\/2023\/11\/m_02c.jpg\",\"contentUrl\":\"https:\/\/exparto.pl\/wp-content\/uploads\/2023\/11\/m_02c.jpg\",\"width\":1200,\"height\":1200},{\"@type\":\"BreadcrumbList\",\"@id\":\"https:\/\/exparto.pl\/ro\/produkt\/kolo-stozkowe-do-kosiarki-male-165-z-16\/#breadcrumb\",\"itemListElement\":[{\"@type\":\"ListItem\",\"position\":1,\"name\":\"Pagina de start\",\"item\":\"https:\/\/exparto.pl\/ro\/pagina-de-start\/\"},{\"@type\":\"ListItem\",\"position\":2,\"name\":\"Sklep\",\"item\":\"https:\/\/exparto.pl\/sklep\/\"},{\"@type\":\"ListItem\",\"position\":3,\"name\":\"Piese pentru ma\u0219ini de tuns iarba\",\"item\":\"https:\/\/exparto.pl\/ro\/categoria-de-produse\/piese-pentru-masini-de-tuns-iarba\/\"},{\"@type\":\"ListItem\",\"position\":4,\"name\":\"Roat\u0103 conic\u0103 pentru cositoare mic\u0103 1.65 Z-16\"}]},{\"@type\":\"WebSite\",\"@id\":\"https:\/\/exparto.pl\/ro\/#website\",\"url\":\"https:\/\/exparto.pl\/ro\/\",\"name\":\"EXPARTO\",\"description\":\"More than agro parts\",\"publisher\":{\"@id\":\"https:\/\/exparto.pl\/ro\/#organization\"},\"potentialAction\":[{\"@type\":\"SearchAction\",\"target\":{\"@type\":\"EntryPoint\",\"urlTemplate\":\"https:\/\/exparto.pl\/ro\/?s={search_term_string}\"},\"query-input\":{\"@type\":\"PropertyValueSpecification\",\"valueRequired\":true,\"valueName\":\"search_term_string\"}}],\"inLanguage\":\"ro-RO\"},{\"@type\":\"Organization\",\"@id\":\"https:\/\/exparto.pl\/ro\/#organization\",\"name\":\"EXPARTO\",\"url\":\"https:\/\/exparto.pl\/ro\/\",\"logo\":{\"@type\":\"ImageObject\",\"inLanguage\":\"ro-RO\",\"@id\":\"https:\/\/exparto.pl\/ro\/#\/schema\/logo\/image\/\",\"url\":\"https:\/\/exparto.pl\/wp-content\/uploads\/2023\/02\/logo-wektor.png\",\"contentUrl\":\"https:\/\/exparto.pl\/wp-content\/uploads\/2023\/02\/logo-wektor.png\",\"width\":1338,\"height\":143,\"caption\":\"EXPARTO\"},\"image\":{\"@id\":\"https:\/\/exparto.pl\/ro\/#\/schema\/logo\/image\/\"},\"sameAs\":[\"https:\/\/www.facebook.com\/exparto.agro\/\"]}]}<\/script>\n<!-- \/ Yoast SEO plugin. -->","yoast_head_json":{"title":"Roat\u0103 conic\u0103 pentru cositoare mic\u0103 1.65 Z-16 - Exparto.pl","robots":{"index":"index","follow":"follow","max-snippet":"max-snippet:-1","max-image-preview":"max-image-preview:large","max-video-preview":"max-video-preview:-1"},"canonical":"https:\/\/exparto.pl\/ro\/produkt\/kolo-stozkowe-do-kosiarki-male-165-z-16\/","og_locale":"ro_RO","og_type":"article","og_title":"Roat\u0103 conic\u0103 pentru cositoare mic\u0103 1.65 Z-16 - Exparto.pl","og_description":"Ro\u021bi conice pentru cositoare de 1,65 m","og_url":"https:\/\/exparto.pl\/ro\/produkt\/kolo-stozkowe-do-kosiarki-male-165-z-16\/","og_site_name":"Exparto.pl","article_publisher":"https:\/\/www.facebook.com\/exparto.agro\/","og_image":[{"width":1000,"height":1000,"url":"https:\/\/exparto.pl\/wp-content\/uploads\/2023\/11\/a2ed52db72388779af7a255f7ce3ab2f.jpg","type":"image\/jpeg"}],"twitter_card":"summary_large_image","twitter_misc":{"Timp estimat pentru citire":"1 minut"},"schema":{"@context":"https:\/\/schema.org","@graph":[{"@type":"WebPage","@id":"https:\/\/exparto.pl\/ro\/produkt\/kolo-stozkowe-do-kosiarki-male-165-z-16\/","url":"https:\/\/exparto.pl\/ro\/produkt\/kolo-stozkowe-do-kosiarki-male-165-z-16\/","name":"Roat\u0103 conic\u0103 pentru cositoare mic\u0103 1.65 Z-16 - Exparto.pl","isPartOf":{"@id":"https:\/\/exparto.pl\/ro\/#website"},"primaryImageOfPage":{"@id":"https:\/\/exparto.pl\/ro\/produkt\/kolo-stozkowe-do-kosiarki-male-165-z-16\/#primaryimage"},"image":{"@id":"https:\/\/exparto.pl\/ro\/produkt\/kolo-stozkowe-do-kosiarki-male-165-z-16\/#primaryimage"},"thumbnailUrl":"https:\/\/exparto.pl\/wp-content\/uploads\/2023\/11\/m_02c.jpg","datePublished":"2023-11-08T13:09:33+00:00","breadcrumb":{"@id":"https:\/\/exparto.pl\/ro\/produkt\/kolo-stozkowe-do-kosiarki-male-165-z-16\/#breadcrumb"},"inLanguage":"ro-RO","potentialAction":[{"@type":"ReadAction","target":["https:\/\/exparto.pl\/ro\/produkt\/kolo-stozkowe-do-kosiarki-male-165-z-16\/"]}]},{"@type":"ImageObject","inLanguage":"ro-RO","@id":"https:\/\/exparto.pl\/ro\/produkt\/kolo-stozkowe-do-kosiarki-male-165-z-16\/#primaryimage","url":"https:\/\/exparto.pl\/wp-content\/uploads\/2023\/11\/m_02c.jpg","contentUrl":"https:\/\/exparto.pl\/wp-content\/uploads\/2023\/11\/m_02c.jpg","width":1200,"height":1200},{"@type":"BreadcrumbList","@id":"https:\/\/exparto.pl\/ro\/produkt\/kolo-stozkowe-do-kosiarki-male-165-z-16\/#breadcrumb","itemListElement":[{"@type":"ListItem","position":1,"name":"Pagina de start","item":"https:\/\/exparto.pl\/ro\/pagina-de-start\/"},{"@type":"ListItem","position":2,"name":"Sklep","item":"https:\/\/exparto.pl\/sklep\/"},{"@type":"ListItem","position":3,"name":"Piese pentru ma\u0219ini de tuns iarba","item":"https:\/\/exparto.pl\/ro\/categoria-de-produse\/piese-pentru-masini-de-tuns-iarba\/"},{"@type":"ListItem","position":4,"name":"Roat\u0103 conic\u0103 pentru cositoare mic\u0103 1.65 Z-16"}]},{"@type":"WebSite","@id":"https:\/\/exparto.pl\/ro\/#website","url":"https:\/\/exparto.pl\/ro\/","name":"EXPARTO","description":"More than agro parts","publisher":{"@id":"https:\/\/exparto.pl\/ro\/#organization"},"potentialAction":[{"@type":"SearchAction","target":{"@type":"EntryPoint","urlTemplate":"https:\/\/exparto.pl\/ro\/?s={search_term_string}"},"query-input":{"@type":"PropertyValueSpecification","valueRequired":true,"valueName":"search_term_string"}}],"inLanguage":"ro-RO"},{"@type":"Organization","@id":"https:\/\/exparto.pl\/ro\/#organization","name":"EXPARTO","url":"https:\/\/exparto.pl\/ro\/","logo":{"@type":"ImageObject","inLanguage":"ro-RO","@id":"https:\/\/exparto.pl\/ro\/#\/schema\/logo\/image\/","url":"https:\/\/exparto.pl\/wp-content\/uploads\/2023\/02\/logo-wektor.png","contentUrl":"https:\/\/exparto.pl\/wp-content\/uploads\/2023\/02\/logo-wektor.png","width":1338,"height":143,"caption":"EXPARTO"},"image":{"@id":"https:\/\/exparto.pl\/ro\/#\/schema\/logo\/image\/"},"sameAs":["https:\/\/www.facebook.com\/exparto.agro\/"]}]}},"_links":{"self":[{"href":"https:\/\/exparto.pl\/ro\/wp-json\/wp\/v2\/product\/10444","targetHints":{"allow":["GET"]}}],"collection":[{"href":"https:\/\/exparto.pl\/ro\/wp-json\/wp\/v2\/product"}],"about":[{"href":"https:\/\/exparto.pl\/ro\/wp-json\/wp\/v2\/types\/product"}],"replies":[{"embeddable":true,"href":"https:\/\/exparto.pl\/ro\/wp-json\/wp\/v2\/comments?post=10444"}],"wp:featuredmedia":[{"embeddable":true,"href":"https:\/\/exparto.pl\/ro\/wp-json\/wp\/v2\/media\/53952"}],"wp:attachment":[{"href":"https:\/\/exparto.pl\/ro\/wp-json\/wp\/v2\/media?parent=10444"}],"wp:term":[{"taxonomy":"product_brand","embeddable":true,"href":"https:\/\/exparto.pl\/ro\/wp-json\/wp\/v2\/product_brand?post=10444"},{"taxonomy":"product_cat","embeddable":true,"href":"https:\/\/exparto.pl\/ro\/wp-json\/wp\/v2\/product_cat?post=10444"},{"taxonomy":"product_tag","embeddable":true,"href":"https:\/\/exparto.pl\/ro\/wp-json\/wp\/v2\/product_tag?post=10444"}],"curies":[{"name":"wp","href":"https:\/\/api.w.org\/{rel}","templated":true}]}}