{"id":10446,"date":"2023-11-08T08:40:01","date_gmt":"2023-11-08T07:40:01","guid":{"rendered":"https:\/\/exparto.pl\/produkt\/plug-de-zapada-2-m-cu-atasament-cu-sistem-hidraulic\/"},"modified":"2023-11-08T08:40:01","modified_gmt":"2023-11-08T07:40:01","slug":"plug-to-slide-2-m-cu-hidraulica","status":"publish","type":"product","link":"https:\/\/exparto.pl\/ro\/produkt\/plug-to-slide-2-m-cu-hidraulica\/","title":{"rendered":"Plug de z\u0103pad\u0103 2 m cu ata\u0219ament cu sistem hidraulic"},"content":{"rendered":"<p style=\"text-align: justify\"><b>Set 2 \u00een 1 de pluguri de z\u0103pad\u0103 \u0219i de leg\u0103turi pentru tractor<\/b><\/p>\n<p style=\"text-align: justify\">Ninsoarea de iarn\u0103 poate fi o adev\u0103rat\u0103 provocare pentru proprietarii de imobile, fermieri, companiile de administrare a parc\u0103rilor \u0219i autorit\u0103\u021bile de \u00eentre\u021binere a drumurilor. Plugul de z\u0103pad\u0103 de 2 m l\u0103\u021bime cu ata\u0219ament hidraulic este o solu\u021bie profesional\u0103 pentru o <b>cur\u0103\u021bare rapid\u0103 \u0219i eficient\u0103 a z\u0103pezii<\/b>. Construc\u021bia sa robust\u0103 \u0219i u\u0219urin\u021ba de utilizare \u00eel fac instrumentul ideal pentru a combate nepl\u0103cerile iernii. Fabricat\u0103 din cauciuc, lama asigur\u0103 o munc\u0103 f\u0103r\u0103 teama de a deteriora solul.<\/p>\n<p style=\"text-align: justify\"><b>Acesta este reglabil:<\/b><\/p>\n<ul style=\"text-align: justify\">\n<li style=\"text-align: justify\">Mecanic\u0103 \u00een trei planuri<\/li>\n<li style=\"text-align: justify\">Hidraulic ( pe cilindru )<\/li>\n<\/ul>\n<p style=\"text-align: justify\"><b>Setul include:<\/b><\/p>\n<ul style=\"text-align: justify\">\n<li style=\"text-align: justify\">Actuator 50x28x200 RW6 fi25<\/li>\n<li style=\"text-align: justify\">Montare 2\u00een1 tuz\/euro<\/li>\n<li style=\"text-align: justify\">Plug de z\u0103pad\u0103 2 m<\/li>\n<\/ul>\n<p style=\"text-align: justify\">De asemenea, avem o gam\u0103 de pluguri cu l\u0103\u021bimi de 1,5 m, 2,5 m \u0219i 3 m.<\/p>\n<div style=\"text-align: justify\">Expediere la nivel na\u021bional posibil!!!!<\/div>\n","protected":false},"excerpt":{"rendered":"<p><span style=\"text-align: justify\">Set 2 \u00een 1 de pluguri de z\u0103pad\u0103 \u0219i de leg\u0103turi pentru tractor<\/span><\/p>\n","protected":false},"featured_media":8380,"comment_status":"open","ping_status":"closed","template":"","meta":{"_acf_changed":false,"inline_featured_image":false},"product_brand":[],"product_cat":[348],"product_tag":[],"class_list":{"0":"post-10446","1":"product","2":"type-product","3":"status-publish","4":"has-post-thumbnail","6":"product_cat-pluguri-de-zapada","8":"first","9":"outofstock","10":"taxable","11":"shipping-taxable","12":"purchasable","13":"product-type-simple"},"acf":[],"yoast_head":"<!-- This site is optimized with the Yoast SEO plugin v27.2 - https:\/\/yoast.com\/product\/yoast-seo-wordpress\/ -->\n<title>Plug de z\u0103pad\u0103 2 m cu ata\u0219ament cu sistem hidraulic - Exparto.pl<\/title>\n<meta name=\"robots\" content=\"index, follow, max-snippet:-1, max-image-preview:large, max-video-preview:-1\" \/>\n<link rel=\"canonical\" href=\"https:\/\/exparto.pl\/ro\/produkt\/plug-to-slide-2-m-cu-hidraulica\/\" \/>\n<meta property=\"og:locale\" content=\"ro_RO\" \/>\n<meta property=\"og:type\" content=\"article\" \/>\n<meta property=\"og:title\" content=\"Plug de z\u0103pad\u0103 2 m cu ata\u0219ament cu sistem hidraulic - Exparto.pl\" \/>\n<meta property=\"og:description\" content=\"Set 2 \u00een 1 de pluguri de z\u0103pad\u0103 \u0219i de leg\u0103turi pentru tractor\" \/>\n<meta property=\"og:url\" content=\"https:\/\/exparto.pl\/ro\/produkt\/plug-to-slide-2-m-cu-hidraulica\/\" \/>\n<meta property=\"og:site_name\" content=\"Exparto.pl\" \/>\n<meta property=\"article:publisher\" content=\"https:\/\/www.facebook.com\/exparto.agro\/\" \/>\n<meta property=\"og:image\" content=\"https:\/\/exparto.pl\/wp-content\/uploads\/2023\/11\/01ecf696f86b5bc0a0d68863565c0c23.jpg\" \/>\n\t<meta property=\"og:image:width\" content=\"1000\" \/>\n\t<meta property=\"og:image:height\" content=\"1000\" \/>\n\t<meta property=\"og:image:type\" content=\"image\/jpeg\" \/>\n<meta name=\"twitter:card\" content=\"summary_large_image\" \/>\n<meta name=\"twitter:label1\" content=\"Timp estimat pentru citire\" \/>\n\t<meta name=\"twitter:data1\" content=\"1 minut\" \/>\n<script type=\"application\/ld+json\" class=\"yoast-schema-graph\">{\"@context\":\"https:\/\/schema.org\",\"@graph\":[{\"@type\":\"WebPage\",\"@id\":\"https:\/\/exparto.pl\/ro\/produkt\/plug-to-slide-2-m-cu-hidraulica\/\",\"url\":\"https:\/\/exparto.pl\/ro\/produkt\/plug-to-slide-2-m-cu-hidraulica\/\",\"name\":\"Plug de z\u0103pad\u0103 2 m cu ata\u0219ament cu sistem hidraulic - Exparto.pl\",\"isPartOf\":{\"@id\":\"https:\/\/exparto.pl\/ro\/#website\"},\"primaryImageOfPage\":{\"@id\":\"https:\/\/exparto.pl\/ro\/produkt\/plug-to-slide-2-m-cu-hidraulica\/#primaryimage\"},\"image\":{\"@id\":\"https:\/\/exparto.pl\/ro\/produkt\/plug-to-slide-2-m-cu-hidraulica\/#primaryimage\"},\"thumbnailUrl\":\"https:\/\/exparto.pl\/wp-content\/uploads\/2023\/11\/01ecf696f86b5bc0a0d68863565c0c23.jpg\",\"datePublished\":\"2023-11-08T07:40:01+00:00\",\"breadcrumb\":{\"@id\":\"https:\/\/exparto.pl\/ro\/produkt\/plug-to-slide-2-m-cu-hidraulica\/#breadcrumb\"},\"inLanguage\":\"ro-RO\",\"potentialAction\":[{\"@type\":\"ReadAction\",\"target\":[\"https:\/\/exparto.pl\/ro\/produkt\/plug-to-slide-2-m-cu-hidraulica\/\"]}]},{\"@type\":\"ImageObject\",\"inLanguage\":\"ro-RO\",\"@id\":\"https:\/\/exparto.pl\/ro\/produkt\/plug-to-slide-2-m-cu-hidraulica\/#primaryimage\",\"url\":\"https:\/\/exparto.pl\/wp-content\/uploads\/2023\/11\/01ecf696f86b5bc0a0d68863565c0c23.jpg\",\"contentUrl\":\"https:\/\/exparto.pl\/wp-content\/uploads\/2023\/11\/01ecf696f86b5bc0a0d68863565c0c23.jpg\",\"width\":1000,\"height\":1000},{\"@type\":\"BreadcrumbList\",\"@id\":\"https:\/\/exparto.pl\/ro\/produkt\/plug-to-slide-2-m-cu-hidraulica\/#breadcrumb\",\"itemListElement\":[{\"@type\":\"ListItem\",\"position\":1,\"name\":\"Pagina de start\",\"item\":\"https:\/\/exparto.pl\/ro\/pagina-de-start\/\"},{\"@type\":\"ListItem\",\"position\":2,\"name\":\"Sklep\",\"item\":\"https:\/\/exparto.pl\/sklep\/\"},{\"@type\":\"ListItem\",\"position\":3,\"name\":\"Pluguri de z\u0103pad\u0103\",\"item\":\"https:\/\/exparto.pl\/ro\/categoria-de-produse\/pluguri-de-zapada\/\"},{\"@type\":\"ListItem\",\"position\":4,\"name\":\"Plug de z\u0103pad\u0103 2 m cu ata\u0219ament cu sistem hidraulic\"}]},{\"@type\":\"WebSite\",\"@id\":\"https:\/\/exparto.pl\/ro\/#website\",\"url\":\"https:\/\/exparto.pl\/ro\/\",\"name\":\"EXPARTO\",\"description\":\"More than agro parts\",\"publisher\":{\"@id\":\"https:\/\/exparto.pl\/ro\/#organization\"},\"potentialAction\":[{\"@type\":\"SearchAction\",\"target\":{\"@type\":\"EntryPoint\",\"urlTemplate\":\"https:\/\/exparto.pl\/ro\/?s={search_term_string}\"},\"query-input\":{\"@type\":\"PropertyValueSpecification\",\"valueRequired\":true,\"valueName\":\"search_term_string\"}}],\"inLanguage\":\"ro-RO\"},{\"@type\":\"Organization\",\"@id\":\"https:\/\/exparto.pl\/ro\/#organization\",\"name\":\"EXPARTO\",\"url\":\"https:\/\/exparto.pl\/ro\/\",\"logo\":{\"@type\":\"ImageObject\",\"inLanguage\":\"ro-RO\",\"@id\":\"https:\/\/exparto.pl\/ro\/#\/schema\/logo\/image\/\",\"url\":\"https:\/\/exparto.pl\/wp-content\/uploads\/2023\/02\/logo-wektor.png\",\"contentUrl\":\"https:\/\/exparto.pl\/wp-content\/uploads\/2023\/02\/logo-wektor.png\",\"width\":1338,\"height\":143,\"caption\":\"EXPARTO\"},\"image\":{\"@id\":\"https:\/\/exparto.pl\/ro\/#\/schema\/logo\/image\/\"},\"sameAs\":[\"https:\/\/www.facebook.com\/exparto.agro\/\"]}]}<\/script>\n<!-- \/ Yoast SEO plugin. -->","yoast_head_json":{"title":"Plug de z\u0103pad\u0103 2 m cu ata\u0219ament cu sistem hidraulic - Exparto.pl","robots":{"index":"index","follow":"follow","max-snippet":"max-snippet:-1","max-image-preview":"max-image-preview:large","max-video-preview":"max-video-preview:-1"},"canonical":"https:\/\/exparto.pl\/ro\/produkt\/plug-to-slide-2-m-cu-hidraulica\/","og_locale":"ro_RO","og_type":"article","og_title":"Plug de z\u0103pad\u0103 2 m cu ata\u0219ament cu sistem hidraulic - Exparto.pl","og_description":"Set 2 \u00een 1 de pluguri de z\u0103pad\u0103 \u0219i de leg\u0103turi pentru tractor","og_url":"https:\/\/exparto.pl\/ro\/produkt\/plug-to-slide-2-m-cu-hidraulica\/","og_site_name":"Exparto.pl","article_publisher":"https:\/\/www.facebook.com\/exparto.agro\/","og_image":[{"width":1000,"height":1000,"url":"https:\/\/exparto.pl\/wp-content\/uploads\/2023\/11\/01ecf696f86b5bc0a0d68863565c0c23.jpg","type":"image\/jpeg"}],"twitter_card":"summary_large_image","twitter_misc":{"Timp estimat pentru citire":"1 minut"},"schema":{"@context":"https:\/\/schema.org","@graph":[{"@type":"WebPage","@id":"https:\/\/exparto.pl\/ro\/produkt\/plug-to-slide-2-m-cu-hidraulica\/","url":"https:\/\/exparto.pl\/ro\/produkt\/plug-to-slide-2-m-cu-hidraulica\/","name":"Plug de z\u0103pad\u0103 2 m cu ata\u0219ament cu sistem hidraulic - Exparto.pl","isPartOf":{"@id":"https:\/\/exparto.pl\/ro\/#website"},"primaryImageOfPage":{"@id":"https:\/\/exparto.pl\/ro\/produkt\/plug-to-slide-2-m-cu-hidraulica\/#primaryimage"},"image":{"@id":"https:\/\/exparto.pl\/ro\/produkt\/plug-to-slide-2-m-cu-hidraulica\/#primaryimage"},"thumbnailUrl":"https:\/\/exparto.pl\/wp-content\/uploads\/2023\/11\/01ecf696f86b5bc0a0d68863565c0c23.jpg","datePublished":"2023-11-08T07:40:01+00:00","breadcrumb":{"@id":"https:\/\/exparto.pl\/ro\/produkt\/plug-to-slide-2-m-cu-hidraulica\/#breadcrumb"},"inLanguage":"ro-RO","potentialAction":[{"@type":"ReadAction","target":["https:\/\/exparto.pl\/ro\/produkt\/plug-to-slide-2-m-cu-hidraulica\/"]}]},{"@type":"ImageObject","inLanguage":"ro-RO","@id":"https:\/\/exparto.pl\/ro\/produkt\/plug-to-slide-2-m-cu-hidraulica\/#primaryimage","url":"https:\/\/exparto.pl\/wp-content\/uploads\/2023\/11\/01ecf696f86b5bc0a0d68863565c0c23.jpg","contentUrl":"https:\/\/exparto.pl\/wp-content\/uploads\/2023\/11\/01ecf696f86b5bc0a0d68863565c0c23.jpg","width":1000,"height":1000},{"@type":"BreadcrumbList","@id":"https:\/\/exparto.pl\/ro\/produkt\/plug-to-slide-2-m-cu-hidraulica\/#breadcrumb","itemListElement":[{"@type":"ListItem","position":1,"name":"Pagina de start","item":"https:\/\/exparto.pl\/ro\/pagina-de-start\/"},{"@type":"ListItem","position":2,"name":"Sklep","item":"https:\/\/exparto.pl\/sklep\/"},{"@type":"ListItem","position":3,"name":"Pluguri de z\u0103pad\u0103","item":"https:\/\/exparto.pl\/ro\/categoria-de-produse\/pluguri-de-zapada\/"},{"@type":"ListItem","position":4,"name":"Plug de z\u0103pad\u0103 2 m cu ata\u0219ament cu sistem hidraulic"}]},{"@type":"WebSite","@id":"https:\/\/exparto.pl\/ro\/#website","url":"https:\/\/exparto.pl\/ro\/","name":"EXPARTO","description":"More than agro parts","publisher":{"@id":"https:\/\/exparto.pl\/ro\/#organization"},"potentialAction":[{"@type":"SearchAction","target":{"@type":"EntryPoint","urlTemplate":"https:\/\/exparto.pl\/ro\/?s={search_term_string}"},"query-input":{"@type":"PropertyValueSpecification","valueRequired":true,"valueName":"search_term_string"}}],"inLanguage":"ro-RO"},{"@type":"Organization","@id":"https:\/\/exparto.pl\/ro\/#organization","name":"EXPARTO","url":"https:\/\/exparto.pl\/ro\/","logo":{"@type":"ImageObject","inLanguage":"ro-RO","@id":"https:\/\/exparto.pl\/ro\/#\/schema\/logo\/image\/","url":"https:\/\/exparto.pl\/wp-content\/uploads\/2023\/02\/logo-wektor.png","contentUrl":"https:\/\/exparto.pl\/wp-content\/uploads\/2023\/02\/logo-wektor.png","width":1338,"height":143,"caption":"EXPARTO"},"image":{"@id":"https:\/\/exparto.pl\/ro\/#\/schema\/logo\/image\/"},"sameAs":["https:\/\/www.facebook.com\/exparto.agro\/"]}]}},"_links":{"self":[{"href":"https:\/\/exparto.pl\/ro\/wp-json\/wp\/v2\/product\/10446","targetHints":{"allow":["GET"]}}],"collection":[{"href":"https:\/\/exparto.pl\/ro\/wp-json\/wp\/v2\/product"}],"about":[{"href":"https:\/\/exparto.pl\/ro\/wp-json\/wp\/v2\/types\/product"}],"replies":[{"embeddable":true,"href":"https:\/\/exparto.pl\/ro\/wp-json\/wp\/v2\/comments?post=10446"}],"wp:featuredmedia":[{"embeddable":true,"href":"https:\/\/exparto.pl\/ro\/wp-json\/wp\/v2\/media\/8380"}],"wp:attachment":[{"href":"https:\/\/exparto.pl\/ro\/wp-json\/wp\/v2\/media?parent=10446"}],"wp:term":[{"taxonomy":"product_brand","embeddable":true,"href":"https:\/\/exparto.pl\/ro\/wp-json\/wp\/v2\/product_brand?post=10446"},{"taxonomy":"product_cat","embeddable":true,"href":"https:\/\/exparto.pl\/ro\/wp-json\/wp\/v2\/product_cat?post=10446"},{"taxonomy":"product_tag","embeddable":true,"href":"https:\/\/exparto.pl\/ro\/wp-json\/wp\/v2\/product_tag?post=10446"}],"curies":[{"name":"wp","href":"https:\/\/api.w.org\/{rel}","templated":true}]}}