{"id":10498,"date":"2023-10-25T15:16:49","date_gmt":"2023-10-25T13:16:49","guid":{"rendered":"https:\/\/exparto.pl\/produkt\/pompa-p-110d\/"},"modified":"2023-10-25T15:16:49","modified_gmt":"2023-10-25T13:16:49","slug":"pompa-p-110d","status":"publish","type":"product","link":"https:\/\/exparto.pl\/ro\/produkt\/pompa-p-110d\/","title":{"rendered":"Pomp\u0103 P-110D"},"content":{"rendered":"<p><span style=\"text-align: justify;\">Pomp\u0103 AGROPLAST P-110D AGROPLAST pentru pulverizatoare de c\u00e2mp de p\u00e2n\u0103 la 120 l\/min.<\/span><\/p>\n<p><span style=\"text-align: justify;\"><b>Caracteristici:<\/b><\/span><\/p>\n<ul>\n<li><span style=\"text-align: justify;\">Alimentarea dubl\u0103 permite ca lichidul s\u0103 fie aspirat din dou\u0103 rezervoare \u00een acela\u0219i timp, oferind mai multe op\u021biuni de configurare \u0219i o performan\u021b\u0103 sporit\u0103 pentru aceia\u0219i parametri;<\/span><\/li>\n<li style=\"text-align: justify;\">U\u0219or de montat pe majoritatea modelelor de pulverizatoare de pe pia\u021b\u0103 datorit\u0103 distan\u021bei standard a \u0219uruburilor de fixare \u0219i a posibilit\u0103\u021bii de a ata\u0219a cotul de aspira\u021bie \u00een partea frontal\u0103 sau lateral\u0103;<\/li>\n<li style=\"text-align: justify;\">Echipament standard cu dou\u0103 coturi \u0219i un opritor;<\/li>\n<li style=\"text-align: justify;\">Componentele sistemului de aspira\u021bie \u0219i de evacuare sunt rezistente la RSM datorit\u0103 utiliz\u0103rii unui material tehnic nedegradabil, cum ar fi aluminiul;<\/li>\n<li style=\"text-align: justify;\">Verificarea sau \u00eenlocuirea supapelor de admisie \u0219i de evacuare nu necesit\u0103 dezasamblarea capetelor \u0219i golirea uleiului;<\/li>\n<li style=\"text-align: justify;\">Direc\u021bia de rota\u021bie a arborelui este arbitrar\u0103;<\/li>\n<li style=\"text-align: justify;\">Disponibilitatea pieselor 24 de ore online;<\/li>\n<li style=\"text-align: justify;\">Poate fi deservit prin comand\u0103 prin po\u0219t\u0103;<\/li>\n<li style=\"text-align: justify;\">Se utilizeaz\u0103 pe pulverizatoare de c\u00e2mp cu l\u0103\u021bimi de lance de p\u00e2n\u0103 la 15 m;<\/li>\n<li style=\"text-align: justify;\">Aplica\u021bii pentru orice capacitate a rezervorului pulverizatorului.<\/li>\n<\/ul>\n","protected":false},"excerpt":{"rendered":"<p><span style=\"text-align: justify;\">Pomp\u0103 AGROPLAST P-110D AGROPLAST pentru pulverizatoare de c\u00e2mp de p\u00e2n\u0103 la 120 l\/min.<\/span><\/p>\n","protected":false},"featured_media":10499,"comment_status":"open","ping_status":"closed","template":"","meta":{"_acf_changed":false,"inline_featured_image":false},"product_brand":[],"product_cat":[376,360],"product_tag":[],"class_list":{"0":"post-10498","1":"product","2":"type-product","3":"status-publish","4":"has-post-thumbnail","6":"product_cat-piese-pentru-pulverizatoare","7":"product_cat-pompe-pentru-pulverizatoare","9":"first","10":"outofstock","11":"taxable","12":"shipping-taxable","13":"purchasable","14":"product-type-simple"},"acf":[],"yoast_head":"<!-- This site is optimized with the Yoast SEO plugin v27.4 - https:\/\/yoast.com\/product\/yoast-seo-wordpress\/ -->\n<title>Pomp\u0103 P-110D - Exparto.pl<\/title>\n<meta name=\"robots\" content=\"index, follow, max-snippet:-1, max-image-preview:large, max-video-preview:-1\" \/>\n<link rel=\"canonical\" href=\"https:\/\/exparto.pl\/ro\/produkt\/pompa-p-110d\/\" \/>\n<meta property=\"og:locale\" content=\"ro_RO\" \/>\n<meta property=\"og:type\" content=\"article\" \/>\n<meta property=\"og:title\" content=\"Pomp\u0103 P-110D - Exparto.pl\" \/>\n<meta property=\"og:description\" content=\"Pomp\u0103 AGROPLAST P-110D AGROPLAST pentru pulverizatoare de c\u00e2mp de p\u00e2n\u0103 la 120 l\/min.\" \/>\n<meta property=\"og:url\" content=\"https:\/\/exparto.pl\/ro\/produkt\/pompa-p-110d\/\" \/>\n<meta property=\"og:site_name\" content=\"Exparto.pl\" \/>\n<meta property=\"article:publisher\" content=\"https:\/\/www.facebook.com\/exparto.agro\/\" \/>\n<meta property=\"og:image\" content=\"https:\/\/exparto.pl\/wp-content\/uploads\/2023\/10\/00ccf0223ca53d564fd70f17fe41cfa9.jpg\" \/>\n\t<meta property=\"og:image:width\" content=\"1000\" \/>\n\t<meta property=\"og:image:height\" content=\"1000\" \/>\n\t<meta property=\"og:image:type\" content=\"image\/jpeg\" \/>\n<meta name=\"twitter:card\" content=\"summary_large_image\" \/>\n<meta name=\"twitter:label1\" content=\"Timp estimat pentru citire\" \/>\n\t<meta name=\"twitter:data1\" content=\"1 minut\" \/>\n<script type=\"application\/ld+json\" class=\"yoast-schema-graph\">{\"@context\":\"https:\\\/\\\/schema.org\",\"@graph\":[{\"@type\":\"WebPage\",\"@id\":\"https:\\\/\\\/exparto.pl\\\/ro\\\/produkt\\\/pompa-p-110d\\\/\",\"url\":\"https:\\\/\\\/exparto.pl\\\/ro\\\/produkt\\\/pompa-p-110d\\\/\",\"name\":\"Pomp\u0103 P-110D - Exparto.pl\",\"isPartOf\":{\"@id\":\"https:\\\/\\\/exparto.pl\\\/ro\\\/#website\"},\"primaryImageOfPage\":{\"@id\":\"https:\\\/\\\/exparto.pl\\\/ro\\\/produkt\\\/pompa-p-110d\\\/#primaryimage\"},\"image\":{\"@id\":\"https:\\\/\\\/exparto.pl\\\/ro\\\/produkt\\\/pompa-p-110d\\\/#primaryimage\"},\"thumbnailUrl\":\"https:\\\/\\\/exparto.pl\\\/wp-content\\\/uploads\\\/2023\\\/10\\\/00ccf0223ca53d564fd70f17fe41cfa9.jpg\",\"datePublished\":\"2023-10-25T13:16:49+00:00\",\"breadcrumb\":{\"@id\":\"https:\\\/\\\/exparto.pl\\\/ro\\\/produkt\\\/pompa-p-110d\\\/#breadcrumb\"},\"inLanguage\":\"ro-RO\",\"potentialAction\":[{\"@type\":\"ReadAction\",\"target\":[\"https:\\\/\\\/exparto.pl\\\/ro\\\/produkt\\\/pompa-p-110d\\\/\"]}]},{\"@type\":\"ImageObject\",\"inLanguage\":\"ro-RO\",\"@id\":\"https:\\\/\\\/exparto.pl\\\/ro\\\/produkt\\\/pompa-p-110d\\\/#primaryimage\",\"url\":\"https:\\\/\\\/exparto.pl\\\/wp-content\\\/uploads\\\/2023\\\/10\\\/00ccf0223ca53d564fd70f17fe41cfa9.jpg\",\"contentUrl\":\"https:\\\/\\\/exparto.pl\\\/wp-content\\\/uploads\\\/2023\\\/10\\\/00ccf0223ca53d564fd70f17fe41cfa9.jpg\",\"width\":1000,\"height\":1000},{\"@type\":\"BreadcrumbList\",\"@id\":\"https:\\\/\\\/exparto.pl\\\/ro\\\/produkt\\\/pompa-p-110d\\\/#breadcrumb\",\"itemListElement\":[{\"@type\":\"ListItem\",\"position\":1,\"name\":\"Pagina de start\",\"item\":\"https:\\\/\\\/exparto.pl\\\/ro\\\/pagina-de-start\\\/\"},{\"@type\":\"ListItem\",\"position\":2,\"name\":\"Sklep\",\"item\":\"https:\\\/\\\/exparto.pl\\\/sklep\\\/\"},{\"@type\":\"ListItem\",\"position\":3,\"name\":\"Piese pentru pulverizatoare\",\"item\":\"https:\\\/\\\/exparto.pl\\\/ro\\\/categoria-de-produse\\\/piese-pentru-pulverizatoare\\\/\"},{\"@type\":\"ListItem\",\"position\":4,\"name\":\"Pompe pentru pulverizatoare\",\"item\":\"https:\\\/\\\/exparto.pl\\\/ro\\\/categoria-de-produse\\\/piese-pentru-pulverizatoare\\\/pompe-pentru-pulverizatoare\\\/\"},{\"@type\":\"ListItem\",\"position\":5,\"name\":\"Pomp\u0103 P-110D\"}]},{\"@type\":\"WebSite\",\"@id\":\"https:\\\/\\\/exparto.pl\\\/ro\\\/#website\",\"url\":\"https:\\\/\\\/exparto.pl\\\/ro\\\/\",\"name\":\"EXPARTO\",\"description\":\"More than agro parts\",\"publisher\":{\"@id\":\"https:\\\/\\\/exparto.pl\\\/ro\\\/#organization\"},\"potentialAction\":[{\"@type\":\"SearchAction\",\"target\":{\"@type\":\"EntryPoint\",\"urlTemplate\":\"https:\\\/\\\/exparto.pl\\\/ro\\\/?s={search_term_string}\"},\"query-input\":{\"@type\":\"PropertyValueSpecification\",\"valueRequired\":true,\"valueName\":\"search_term_string\"}}],\"inLanguage\":\"ro-RO\"},{\"@type\":\"Organization\",\"@id\":\"https:\\\/\\\/exparto.pl\\\/ro\\\/#organization\",\"name\":\"EXPARTO\",\"url\":\"https:\\\/\\\/exparto.pl\\\/ro\\\/\",\"logo\":{\"@type\":\"ImageObject\",\"inLanguage\":\"ro-RO\",\"@id\":\"https:\\\/\\\/exparto.pl\\\/ro\\\/#\\\/schema\\\/logo\\\/image\\\/\",\"url\":\"https:\\\/\\\/exparto.pl\\\/wp-content\\\/uploads\\\/2023\\\/02\\\/logo-wektor.png\",\"contentUrl\":\"https:\\\/\\\/exparto.pl\\\/wp-content\\\/uploads\\\/2023\\\/02\\\/logo-wektor.png\",\"width\":1338,\"height\":143,\"caption\":\"EXPARTO\"},\"image\":{\"@id\":\"https:\\\/\\\/exparto.pl\\\/ro\\\/#\\\/schema\\\/logo\\\/image\\\/\"},\"sameAs\":[\"https:\\\/\\\/www.facebook.com\\\/exparto.agro\\\/\"]}]}<\/script>\n<!-- \/ Yoast SEO plugin. -->","yoast_head_json":{"title":"Pomp\u0103 P-110D - Exparto.pl","robots":{"index":"index","follow":"follow","max-snippet":"max-snippet:-1","max-image-preview":"max-image-preview:large","max-video-preview":"max-video-preview:-1"},"canonical":"https:\/\/exparto.pl\/ro\/produkt\/pompa-p-110d\/","og_locale":"ro_RO","og_type":"article","og_title":"Pomp\u0103 P-110D - Exparto.pl","og_description":"Pomp\u0103 AGROPLAST P-110D AGROPLAST pentru pulverizatoare de c\u00e2mp de p\u00e2n\u0103 la 120 l\/min.","og_url":"https:\/\/exparto.pl\/ro\/produkt\/pompa-p-110d\/","og_site_name":"Exparto.pl","article_publisher":"https:\/\/www.facebook.com\/exparto.agro\/","og_image":[{"width":1000,"height":1000,"url":"https:\/\/exparto.pl\/wp-content\/uploads\/2023\/10\/00ccf0223ca53d564fd70f17fe41cfa9.jpg","type":"image\/jpeg"}],"twitter_card":"summary_large_image","twitter_misc":{"Timp estimat pentru citire":"1 minut"},"schema":{"@context":"https:\/\/schema.org","@graph":[{"@type":"WebPage","@id":"https:\/\/exparto.pl\/ro\/produkt\/pompa-p-110d\/","url":"https:\/\/exparto.pl\/ro\/produkt\/pompa-p-110d\/","name":"Pomp\u0103 P-110D - Exparto.pl","isPartOf":{"@id":"https:\/\/exparto.pl\/ro\/#website"},"primaryImageOfPage":{"@id":"https:\/\/exparto.pl\/ro\/produkt\/pompa-p-110d\/#primaryimage"},"image":{"@id":"https:\/\/exparto.pl\/ro\/produkt\/pompa-p-110d\/#primaryimage"},"thumbnailUrl":"https:\/\/exparto.pl\/wp-content\/uploads\/2023\/10\/00ccf0223ca53d564fd70f17fe41cfa9.jpg","datePublished":"2023-10-25T13:16:49+00:00","breadcrumb":{"@id":"https:\/\/exparto.pl\/ro\/produkt\/pompa-p-110d\/#breadcrumb"},"inLanguage":"ro-RO","potentialAction":[{"@type":"ReadAction","target":["https:\/\/exparto.pl\/ro\/produkt\/pompa-p-110d\/"]}]},{"@type":"ImageObject","inLanguage":"ro-RO","@id":"https:\/\/exparto.pl\/ro\/produkt\/pompa-p-110d\/#primaryimage","url":"https:\/\/exparto.pl\/wp-content\/uploads\/2023\/10\/00ccf0223ca53d564fd70f17fe41cfa9.jpg","contentUrl":"https:\/\/exparto.pl\/wp-content\/uploads\/2023\/10\/00ccf0223ca53d564fd70f17fe41cfa9.jpg","width":1000,"height":1000},{"@type":"BreadcrumbList","@id":"https:\/\/exparto.pl\/ro\/produkt\/pompa-p-110d\/#breadcrumb","itemListElement":[{"@type":"ListItem","position":1,"name":"Pagina de start","item":"https:\/\/exparto.pl\/ro\/pagina-de-start\/"},{"@type":"ListItem","position":2,"name":"Sklep","item":"https:\/\/exparto.pl\/sklep\/"},{"@type":"ListItem","position":3,"name":"Piese pentru pulverizatoare","item":"https:\/\/exparto.pl\/ro\/categoria-de-produse\/piese-pentru-pulverizatoare\/"},{"@type":"ListItem","position":4,"name":"Pompe pentru pulverizatoare","item":"https:\/\/exparto.pl\/ro\/categoria-de-produse\/piese-pentru-pulverizatoare\/pompe-pentru-pulverizatoare\/"},{"@type":"ListItem","position":5,"name":"Pomp\u0103 P-110D"}]},{"@type":"WebSite","@id":"https:\/\/exparto.pl\/ro\/#website","url":"https:\/\/exparto.pl\/ro\/","name":"EXPARTO","description":"More than agro parts","publisher":{"@id":"https:\/\/exparto.pl\/ro\/#organization"},"potentialAction":[{"@type":"SearchAction","target":{"@type":"EntryPoint","urlTemplate":"https:\/\/exparto.pl\/ro\/?s={search_term_string}"},"query-input":{"@type":"PropertyValueSpecification","valueRequired":true,"valueName":"search_term_string"}}],"inLanguage":"ro-RO"},{"@type":"Organization","@id":"https:\/\/exparto.pl\/ro\/#organization","name":"EXPARTO","url":"https:\/\/exparto.pl\/ro\/","logo":{"@type":"ImageObject","inLanguage":"ro-RO","@id":"https:\/\/exparto.pl\/ro\/#\/schema\/logo\/image\/","url":"https:\/\/exparto.pl\/wp-content\/uploads\/2023\/02\/logo-wektor.png","contentUrl":"https:\/\/exparto.pl\/wp-content\/uploads\/2023\/02\/logo-wektor.png","width":1338,"height":143,"caption":"EXPARTO"},"image":{"@id":"https:\/\/exparto.pl\/ro\/#\/schema\/logo\/image\/"},"sameAs":["https:\/\/www.facebook.com\/exparto.agro\/"]}]}},"_links":{"self":[{"href":"https:\/\/exparto.pl\/ro\/wp-json\/wp\/v2\/product\/10498","targetHints":{"allow":["GET"]}}],"collection":[{"href":"https:\/\/exparto.pl\/ro\/wp-json\/wp\/v2\/product"}],"about":[{"href":"https:\/\/exparto.pl\/ro\/wp-json\/wp\/v2\/types\/product"}],"replies":[{"embeddable":true,"href":"https:\/\/exparto.pl\/ro\/wp-json\/wp\/v2\/comments?post=10498"}],"wp:featuredmedia":[{"embeddable":true,"href":"https:\/\/exparto.pl\/ro\/wp-json\/wp\/v2\/media\/10499"}],"wp:attachment":[{"href":"https:\/\/exparto.pl\/ro\/wp-json\/wp\/v2\/media?parent=10498"}],"wp:term":[{"taxonomy":"product_brand","embeddable":true,"href":"https:\/\/exparto.pl\/ro\/wp-json\/wp\/v2\/product_brand?post=10498"},{"taxonomy":"product_cat","embeddable":true,"href":"https:\/\/exparto.pl\/ro\/wp-json\/wp\/v2\/product_cat?post=10498"},{"taxonomy":"product_tag","embeddable":true,"href":"https:\/\/exparto.pl\/ro\/wp-json\/wp\/v2\/product_tag?post=10498"}],"curies":[{"name":"wp","href":"https:\/\/api.w.org\/{rel}","templated":true}]}}