{"id":10651,"date":"2023-09-27T11:22:36","date_gmt":"2023-09-27T09:22:36","guid":{"rendered":"https:\/\/exparto.pl\/produkt\/cap-ap-0-100-g07-k-pro\/"},"modified":"2023-09-27T11:22:36","modified_gmt":"2023-09-27T09:22:36","slug":"glowica-ap-0-100-g07-k-pro","status":"publish","type":"product","link":"https:\/\/exparto.pl\/ro\/produkt\/glowica-ap-0-100-g07-k-pro\/","title":{"rendered":"Cap AP 0-100\/G07\/K PRO"},"content":{"rendered":"<p style=\"text-align: justify\">Capacele din seria PROLINE sunt singurele de pe pia\u021b\u0103 cu garnituri \u0219i diafragm\u0103 din <b>Verdesil<\/b> ca standard &#8211; un compus special de silicon care asigur\u0103 o durat\u0103 de via\u021b\u0103 mult mai lung\u0103 \u0219i etan\u0219eitate a sistemului, rezisten\u021b\u0103 la deformare \u0219i o precizie excelent\u0103 a supapei de \u00eenchidere. De asemenea, acestea au un atomizor ceramic, care este mult mai rezistent la abraziune, prelungindu-i astfel durata de via\u021b\u0103.<\/p>\n<p style=\"text-align: justify\"><b>Caracteristici:<\/b><\/p>\n<ul>\n<li style=\"text-align: justify\">Designul inovator al mecanismului de pozi\u021bionare, cu &#8222;clic&#8221; caracteristic, garanteaz\u0103 pozi\u021bionarea precis\u0103 a capului, elimin\u00e2nd riscul unei distribu\u021bii neuniforme a lichidului din cauza devierii capului de la pozi\u021bia sa vertical\u0103;<\/li>\n<li style=\"text-align: justify\">Mecanismul de cur\u0103\u021bare cu 3 nuclee asigur\u0103 o func\u021bionare de lung\u0103 durat\u0103 \u0219i f\u0103r\u0103 probleme a capului;<\/li>\n<li style=\"text-align: justify\">Utilizarea de o-ringuri din silicon garanteaz\u0103 o etan\u0219are perfect\u0103 \u0219i de lung\u0103 durat\u0103 a sistemului, datorit\u0103 rezisten\u021bei incomparabil mai bune la deformare;<\/li>\n<li style=\"text-align: justify\">Corpul capului este fabricat din copolimeri rezisten\u021bi la impact, ceea ce \u00eel face cu peste 40% mai rezistent la rupere;<\/li>\n<li style=\"text-align: justify\">Pre\u021bul se refer\u0103 la capul complet prezentat \u00een fotografie;<\/li>\n<li style=\"text-align: justify\">Singurul de pe pia\u021b\u0103 cu o duz\u0103 ceramic\u0103 standard;<\/li>\n<li style=\"text-align: justify\">\u00cenchidere etan\u0219\u0103 a lichidului datorit\u0103 unei supape cu diafragm\u0103;<\/li>\n<li style=\"text-align: justify\">O supap\u0103 de \u00eenchidere amplasat\u0103 pe partea lateral\u0103 a corpului permite accesul u\u0219or pentru inspectarea func\u021bion\u0103rii sale;<\/li>\n<li style=\"text-align: justify\">Fixarea \u00een sec\u021biunea canalului cu un \u0219urub M6 asigur\u0103 stabilitatea;<\/li>\n<li style=\"text-align: justify\">Schimbarea u\u0219oar\u0103 a duzei de praf prin rotirea capului;<\/li>\n<li style=\"text-align: justify\">Pozi\u021biile intermediare dintre prafuli\u021be sunt \u00eenchideri ale fluxului de fluid;<\/li>\n<li style=\"text-align: justify\">Garniturile \u0219i diafragma sunt realizate din Verdesil &#8211; un compus special de silicon pentru o etan\u0219are excelent\u0103 a sistemului;<\/li>\n<li style=\"text-align: justify\">Capul este echipat cu un r\u0103sp\u00e2nditor AUS cu 7 g\u0103uri montat \u00eempreun\u0103 cu un orificiu albastru din polimer, \u00een locul atomizorului ro\u0219u.<\/li>\n<\/ul>\n","protected":false},"excerpt":{"rendered":"<p style=\"text-align: justify\">Cap cu trei capete.<\/p>\n","protected":false},"featured_media":10652,"comment_status":"open","ping_status":"closed","template":"","meta":{"_acf_changed":false,"inline_featured_image":false},"product_brand":[],"product_cat":[372,376],"product_tag":[],"class_list":{"0":"post-10651","1":"product","2":"type-product","3":"status-publish","4":"has-post-thumbnail","6":"product_cat-componente-ale-lancii-de-pulverizare","7":"product_cat-piese-pentru-pulverizatoare","9":"first","10":"instock","11":"taxable","12":"shipping-taxable","13":"purchasable","14":"product-type-simple"},"acf":[],"yoast_head":"<!-- This site is optimized with the Yoast SEO plugin v27.4 - https:\/\/yoast.com\/product\/yoast-seo-wordpress\/ -->\n<title>Cap AP 0-100\/G07\/K PRO - Exparto.pl<\/title>\n<meta name=\"robots\" content=\"index, follow, max-snippet:-1, max-image-preview:large, max-video-preview:-1\" \/>\n<link rel=\"canonical\" href=\"https:\/\/exparto.pl\/ro\/produkt\/glowica-ap-0-100-g07-k-pro\/\" \/>\n<meta property=\"og:locale\" content=\"ro_RO\" \/>\n<meta property=\"og:type\" content=\"article\" \/>\n<meta property=\"og:title\" content=\"Cap AP 0-100\/G07\/K PRO - Exparto.pl\" \/>\n<meta property=\"og:description\" content=\"Cap cu trei capete.\" \/>\n<meta property=\"og:url\" content=\"https:\/\/exparto.pl\/ro\/produkt\/glowica-ap-0-100-g07-k-pro\/\" \/>\n<meta property=\"og:site_name\" content=\"Exparto.pl\" \/>\n<meta property=\"article:publisher\" content=\"https:\/\/www.facebook.com\/exparto.agro\/\" \/>\n<meta property=\"og:image\" content=\"https:\/\/exparto.pl\/wp-content\/uploads\/2023\/09\/9fabb1f7232c705751605066e62a3b16.jpg\" \/>\n\t<meta property=\"og:image:width\" content=\"1000\" \/>\n\t<meta property=\"og:image:height\" content=\"1000\" \/>\n\t<meta property=\"og:image:type\" content=\"image\/jpeg\" \/>\n<meta name=\"twitter:card\" content=\"summary_large_image\" \/>\n<meta name=\"twitter:label1\" content=\"Timp estimat pentru citire\" \/>\n\t<meta name=\"twitter:data1\" content=\"1 minut\" \/>\n<script type=\"application\/ld+json\" class=\"yoast-schema-graph\">{\"@context\":\"https:\\\/\\\/schema.org\",\"@graph\":[{\"@type\":\"WebPage\",\"@id\":\"https:\\\/\\\/exparto.pl\\\/ro\\\/produkt\\\/glowica-ap-0-100-g07-k-pro\\\/\",\"url\":\"https:\\\/\\\/exparto.pl\\\/ro\\\/produkt\\\/glowica-ap-0-100-g07-k-pro\\\/\",\"name\":\"Cap AP 0-100\\\/G07\\\/K PRO - Exparto.pl\",\"isPartOf\":{\"@id\":\"https:\\\/\\\/exparto.pl\\\/ro\\\/#website\"},\"primaryImageOfPage\":{\"@id\":\"https:\\\/\\\/exparto.pl\\\/ro\\\/produkt\\\/glowica-ap-0-100-g07-k-pro\\\/#primaryimage\"},\"image\":{\"@id\":\"https:\\\/\\\/exparto.pl\\\/ro\\\/produkt\\\/glowica-ap-0-100-g07-k-pro\\\/#primaryimage\"},\"thumbnailUrl\":\"https:\\\/\\\/exparto.pl\\\/wp-content\\\/uploads\\\/2023\\\/09\\\/9fabb1f7232c705751605066e62a3b16.jpg\",\"datePublished\":\"2023-09-27T09:22:36+00:00\",\"breadcrumb\":{\"@id\":\"https:\\\/\\\/exparto.pl\\\/ro\\\/produkt\\\/glowica-ap-0-100-g07-k-pro\\\/#breadcrumb\"},\"inLanguage\":\"ro-RO\",\"potentialAction\":[{\"@type\":\"ReadAction\",\"target\":[\"https:\\\/\\\/exparto.pl\\\/ro\\\/produkt\\\/glowica-ap-0-100-g07-k-pro\\\/\"]}]},{\"@type\":\"ImageObject\",\"inLanguage\":\"ro-RO\",\"@id\":\"https:\\\/\\\/exparto.pl\\\/ro\\\/produkt\\\/glowica-ap-0-100-g07-k-pro\\\/#primaryimage\",\"url\":\"https:\\\/\\\/exparto.pl\\\/wp-content\\\/uploads\\\/2023\\\/09\\\/9fabb1f7232c705751605066e62a3b16.jpg\",\"contentUrl\":\"https:\\\/\\\/exparto.pl\\\/wp-content\\\/uploads\\\/2023\\\/09\\\/9fabb1f7232c705751605066e62a3b16.jpg\",\"width\":1000,\"height\":1000},{\"@type\":\"BreadcrumbList\",\"@id\":\"https:\\\/\\\/exparto.pl\\\/ro\\\/produkt\\\/glowica-ap-0-100-g07-k-pro\\\/#breadcrumb\",\"itemListElement\":[{\"@type\":\"ListItem\",\"position\":1,\"name\":\"Pagina de start\",\"item\":\"https:\\\/\\\/exparto.pl\\\/ro\\\/pagina-de-start\\\/\"},{\"@type\":\"ListItem\",\"position\":2,\"name\":\"Sklep\",\"item\":\"https:\\\/\\\/exparto.pl\\\/sklep\\\/\"},{\"@type\":\"ListItem\",\"position\":3,\"name\":\"Piese pentru pulverizatoare\",\"item\":\"https:\\\/\\\/exparto.pl\\\/ro\\\/categoria-de-produse\\\/piese-pentru-pulverizatoare\\\/\"},{\"@type\":\"ListItem\",\"position\":4,\"name\":\"Componente ale l\u0103ncii de pulverizare\",\"item\":\"https:\\\/\\\/exparto.pl\\\/ro\\\/categoria-de-produse\\\/piese-pentru-pulverizatoare\\\/componente-ale-lancii-de-pulverizare\\\/\"},{\"@type\":\"ListItem\",\"position\":5,\"name\":\"Cap AP 0-100\\\/G07\\\/K PRO\"}]},{\"@type\":\"WebSite\",\"@id\":\"https:\\\/\\\/exparto.pl\\\/ro\\\/#website\",\"url\":\"https:\\\/\\\/exparto.pl\\\/ro\\\/\",\"name\":\"EXPARTO\",\"description\":\"More than agro parts\",\"publisher\":{\"@id\":\"https:\\\/\\\/exparto.pl\\\/ro\\\/#organization\"},\"potentialAction\":[{\"@type\":\"SearchAction\",\"target\":{\"@type\":\"EntryPoint\",\"urlTemplate\":\"https:\\\/\\\/exparto.pl\\\/ro\\\/?s={search_term_string}\"},\"query-input\":{\"@type\":\"PropertyValueSpecification\",\"valueRequired\":true,\"valueName\":\"search_term_string\"}}],\"inLanguage\":\"ro-RO\"},{\"@type\":\"Organization\",\"@id\":\"https:\\\/\\\/exparto.pl\\\/ro\\\/#organization\",\"name\":\"EXPARTO\",\"url\":\"https:\\\/\\\/exparto.pl\\\/ro\\\/\",\"logo\":{\"@type\":\"ImageObject\",\"inLanguage\":\"ro-RO\",\"@id\":\"https:\\\/\\\/exparto.pl\\\/ro\\\/#\\\/schema\\\/logo\\\/image\\\/\",\"url\":\"https:\\\/\\\/exparto.pl\\\/wp-content\\\/uploads\\\/2023\\\/02\\\/logo-wektor.png\",\"contentUrl\":\"https:\\\/\\\/exparto.pl\\\/wp-content\\\/uploads\\\/2023\\\/02\\\/logo-wektor.png\",\"width\":1338,\"height\":143,\"caption\":\"EXPARTO\"},\"image\":{\"@id\":\"https:\\\/\\\/exparto.pl\\\/ro\\\/#\\\/schema\\\/logo\\\/image\\\/\"},\"sameAs\":[\"https:\\\/\\\/www.facebook.com\\\/exparto.agro\\\/\"]}]}<\/script>\n<!-- \/ Yoast SEO plugin. -->","yoast_head_json":{"title":"Cap AP 0-100\/G07\/K PRO - Exparto.pl","robots":{"index":"index","follow":"follow","max-snippet":"max-snippet:-1","max-image-preview":"max-image-preview:large","max-video-preview":"max-video-preview:-1"},"canonical":"https:\/\/exparto.pl\/ro\/produkt\/glowica-ap-0-100-g07-k-pro\/","og_locale":"ro_RO","og_type":"article","og_title":"Cap AP 0-100\/G07\/K PRO - Exparto.pl","og_description":"Cap cu trei capete.","og_url":"https:\/\/exparto.pl\/ro\/produkt\/glowica-ap-0-100-g07-k-pro\/","og_site_name":"Exparto.pl","article_publisher":"https:\/\/www.facebook.com\/exparto.agro\/","og_image":[{"width":1000,"height":1000,"url":"https:\/\/exparto.pl\/wp-content\/uploads\/2023\/09\/9fabb1f7232c705751605066e62a3b16.jpg","type":"image\/jpeg"}],"twitter_card":"summary_large_image","twitter_misc":{"Timp estimat pentru citire":"1 minut"},"schema":{"@context":"https:\/\/schema.org","@graph":[{"@type":"WebPage","@id":"https:\/\/exparto.pl\/ro\/produkt\/glowica-ap-0-100-g07-k-pro\/","url":"https:\/\/exparto.pl\/ro\/produkt\/glowica-ap-0-100-g07-k-pro\/","name":"Cap AP 0-100\/G07\/K PRO - Exparto.pl","isPartOf":{"@id":"https:\/\/exparto.pl\/ro\/#website"},"primaryImageOfPage":{"@id":"https:\/\/exparto.pl\/ro\/produkt\/glowica-ap-0-100-g07-k-pro\/#primaryimage"},"image":{"@id":"https:\/\/exparto.pl\/ro\/produkt\/glowica-ap-0-100-g07-k-pro\/#primaryimage"},"thumbnailUrl":"https:\/\/exparto.pl\/wp-content\/uploads\/2023\/09\/9fabb1f7232c705751605066e62a3b16.jpg","datePublished":"2023-09-27T09:22:36+00:00","breadcrumb":{"@id":"https:\/\/exparto.pl\/ro\/produkt\/glowica-ap-0-100-g07-k-pro\/#breadcrumb"},"inLanguage":"ro-RO","potentialAction":[{"@type":"ReadAction","target":["https:\/\/exparto.pl\/ro\/produkt\/glowica-ap-0-100-g07-k-pro\/"]}]},{"@type":"ImageObject","inLanguage":"ro-RO","@id":"https:\/\/exparto.pl\/ro\/produkt\/glowica-ap-0-100-g07-k-pro\/#primaryimage","url":"https:\/\/exparto.pl\/wp-content\/uploads\/2023\/09\/9fabb1f7232c705751605066e62a3b16.jpg","contentUrl":"https:\/\/exparto.pl\/wp-content\/uploads\/2023\/09\/9fabb1f7232c705751605066e62a3b16.jpg","width":1000,"height":1000},{"@type":"BreadcrumbList","@id":"https:\/\/exparto.pl\/ro\/produkt\/glowica-ap-0-100-g07-k-pro\/#breadcrumb","itemListElement":[{"@type":"ListItem","position":1,"name":"Pagina de start","item":"https:\/\/exparto.pl\/ro\/pagina-de-start\/"},{"@type":"ListItem","position":2,"name":"Sklep","item":"https:\/\/exparto.pl\/sklep\/"},{"@type":"ListItem","position":3,"name":"Piese pentru pulverizatoare","item":"https:\/\/exparto.pl\/ro\/categoria-de-produse\/piese-pentru-pulverizatoare\/"},{"@type":"ListItem","position":4,"name":"Componente ale l\u0103ncii de pulverizare","item":"https:\/\/exparto.pl\/ro\/categoria-de-produse\/piese-pentru-pulverizatoare\/componente-ale-lancii-de-pulverizare\/"},{"@type":"ListItem","position":5,"name":"Cap AP 0-100\/G07\/K PRO"}]},{"@type":"WebSite","@id":"https:\/\/exparto.pl\/ro\/#website","url":"https:\/\/exparto.pl\/ro\/","name":"EXPARTO","description":"More than agro parts","publisher":{"@id":"https:\/\/exparto.pl\/ro\/#organization"},"potentialAction":[{"@type":"SearchAction","target":{"@type":"EntryPoint","urlTemplate":"https:\/\/exparto.pl\/ro\/?s={search_term_string}"},"query-input":{"@type":"PropertyValueSpecification","valueRequired":true,"valueName":"search_term_string"}}],"inLanguage":"ro-RO"},{"@type":"Organization","@id":"https:\/\/exparto.pl\/ro\/#organization","name":"EXPARTO","url":"https:\/\/exparto.pl\/ro\/","logo":{"@type":"ImageObject","inLanguage":"ro-RO","@id":"https:\/\/exparto.pl\/ro\/#\/schema\/logo\/image\/","url":"https:\/\/exparto.pl\/wp-content\/uploads\/2023\/02\/logo-wektor.png","contentUrl":"https:\/\/exparto.pl\/wp-content\/uploads\/2023\/02\/logo-wektor.png","width":1338,"height":143,"caption":"EXPARTO"},"image":{"@id":"https:\/\/exparto.pl\/ro\/#\/schema\/logo\/image\/"},"sameAs":["https:\/\/www.facebook.com\/exparto.agro\/"]}]}},"_links":{"self":[{"href":"https:\/\/exparto.pl\/ro\/wp-json\/wp\/v2\/product\/10651","targetHints":{"allow":["GET"]}}],"collection":[{"href":"https:\/\/exparto.pl\/ro\/wp-json\/wp\/v2\/product"}],"about":[{"href":"https:\/\/exparto.pl\/ro\/wp-json\/wp\/v2\/types\/product"}],"replies":[{"embeddable":true,"href":"https:\/\/exparto.pl\/ro\/wp-json\/wp\/v2\/comments?post=10651"}],"wp:featuredmedia":[{"embeddable":true,"href":"https:\/\/exparto.pl\/ro\/wp-json\/wp\/v2\/media\/10652"}],"wp:attachment":[{"href":"https:\/\/exparto.pl\/ro\/wp-json\/wp\/v2\/media?parent=10651"}],"wp:term":[{"taxonomy":"product_brand","embeddable":true,"href":"https:\/\/exparto.pl\/ro\/wp-json\/wp\/v2\/product_brand?post=10651"},{"taxonomy":"product_cat","embeddable":true,"href":"https:\/\/exparto.pl\/ro\/wp-json\/wp\/v2\/product_cat?post=10651"},{"taxonomy":"product_tag","embeddable":true,"href":"https:\/\/exparto.pl\/ro\/wp-json\/wp\/v2\/product_tag?post=10651"}],"curies":[{"name":"wp","href":"https:\/\/api.w.org\/{rel}","templated":true}]}}