{"id":10707,"date":"2023-09-25T14:29:32","date_gmt":"2023-09-25T12:29:32","guid":{"rendered":"https:\/\/exparto.pl\/produkt\/splitter-hd-cu-5-sectiuni\/"},"modified":"2023-09-25T14:29:32","modified_gmt":"2023-09-25T12:29:32","slug":"manifold-5-sectiune-hd","status":"publish","type":"product","link":"https:\/\/exparto.pl\/ro\/produkt\/manifold-5-sectiune-hd\/","title":{"rendered":"Splitter HD cu 5 sec\u021biuni"},"content":{"rendered":"<p><span style=\"text-align: justify\">Splitter HD cu 5 sec\u021biuni. Acesta este echipat cu copolimeri special \u00eent\u0103ri\u021bi care asigur\u0103 o rezisten\u021b\u0103 ridicat\u0103 la deterior\u0103ri mecanice sau cu garnituri de etan\u0219are realizate din  <\/span><span style=\"text-align: justify;font-weight: 700 !important\">Verdesilu<\/span><span style=\"text-align: justify\">  &#8211; material inovator pe baz\u0103 de silicon cu memorie de form\u0103 \u00eembun\u0103t\u0103\u021bit\u0103 pentru o func\u021bionare de lung\u0103 durat\u0103, f\u0103r\u0103 scurgeri. Colectorul se distinge prin cea mai mare suprafa\u021b\u0103 de filtrare \u00een compara\u021bie cu alte dispozitive de acest tip. \u00cen plus, am utilizat un filtru de o\u021bel inoxidabil cu trei densit\u0103\u021bi la alegere &#8211; MESH 50, MESH 80 \u0219i MESH 100.<\/span><\/p>\n","protected":false},"excerpt":{"rendered":"<p><span style=\"text-align: justify\">Splitter HD cu 5 sec\u021biuni. Acesta este echipat cu copolimeri special \u00eent\u0103ri\u021bi care asigur\u0103 o rezisten\u021b\u0103 ridicat\u0103 la deterior\u0103ri mecanice sau cu garnituri de etan\u0219are realizate din  <\/span><span style=\"text-align: justify\">Verdesilu<\/span><\/p>\n","protected":false},"featured_media":10708,"comment_status":"open","ping_status":"closed","template":"","meta":{"_acf_changed":false,"inline_featured_image":false},"product_brand":[],"product_cat":[377,376],"product_tag":[],"class_list":{"0":"post-10707","1":"product","2":"type-product","3":"status-publish","4":"has-post-thumbnail","6":"product_cat-colectoare","7":"product_cat-piese-pentru-pulverizatoare","9":"first","10":"instock","11":"taxable","12":"shipping-taxable","13":"purchasable","14":"product-type-simple"},"acf":[],"yoast_head":"<!-- This site is optimized with the Yoast SEO plugin v27.2 - https:\/\/yoast.com\/product\/yoast-seo-wordpress\/ -->\n<title>Splitter HD cu 5 sec\u021biuni - Exparto.pl<\/title>\n<meta name=\"robots\" content=\"index, follow, max-snippet:-1, max-image-preview:large, max-video-preview:-1\" \/>\n<link rel=\"canonical\" href=\"https:\/\/exparto.pl\/ro\/produkt\/manifold-5-sectiune-hd\/\" \/>\n<meta property=\"og:locale\" content=\"ro_RO\" \/>\n<meta property=\"og:type\" content=\"article\" \/>\n<meta property=\"og:title\" content=\"Splitter HD cu 5 sec\u021biuni - Exparto.pl\" \/>\n<meta property=\"og:description\" content=\"Splitter HD cu 5 sec\u021biuni. Acesta este echipat cu copolimeri special \u00eent\u0103ri\u021bi care asigur\u0103 o rezisten\u021b\u0103 ridicat\u0103 la deterior\u0103ri mecanice sau cu garnituri de etan\u0219are realizate din Verdesilu\" \/>\n<meta property=\"og:url\" content=\"https:\/\/exparto.pl\/ro\/produkt\/manifold-5-sectiune-hd\/\" \/>\n<meta property=\"og:site_name\" content=\"Exparto.pl\" \/>\n<meta property=\"article:publisher\" content=\"https:\/\/www.facebook.com\/exparto.agro\/\" \/>\n<meta property=\"og:image\" content=\"https:\/\/exparto.pl\/wp-content\/uploads\/2023\/09\/a7b461f38b83a1800d3fbcfc19428c9d.jpg\" \/>\n\t<meta property=\"og:image:width\" content=\"1000\" \/>\n\t<meta property=\"og:image:height\" content=\"1000\" \/>\n\t<meta property=\"og:image:type\" content=\"image\/jpeg\" \/>\n<meta name=\"twitter:card\" content=\"summary_large_image\" \/>\n<script type=\"application\/ld+json\" class=\"yoast-schema-graph\">{\"@context\":\"https:\/\/schema.org\",\"@graph\":[{\"@type\":\"WebPage\",\"@id\":\"https:\/\/exparto.pl\/ro\/produkt\/manifold-5-sectiune-hd\/\",\"url\":\"https:\/\/exparto.pl\/ro\/produkt\/manifold-5-sectiune-hd\/\",\"name\":\"Splitter HD cu 5 sec\u021biuni - Exparto.pl\",\"isPartOf\":{\"@id\":\"https:\/\/exparto.pl\/ro\/#website\"},\"primaryImageOfPage\":{\"@id\":\"https:\/\/exparto.pl\/ro\/produkt\/manifold-5-sectiune-hd\/#primaryimage\"},\"image\":{\"@id\":\"https:\/\/exparto.pl\/ro\/produkt\/manifold-5-sectiune-hd\/#primaryimage\"},\"thumbnailUrl\":\"https:\/\/exparto.pl\/wp-content\/uploads\/2023\/09\/a7b461f38b83a1800d3fbcfc19428c9d.jpg\",\"datePublished\":\"2023-09-25T12:29:32+00:00\",\"breadcrumb\":{\"@id\":\"https:\/\/exparto.pl\/ro\/produkt\/manifold-5-sectiune-hd\/#breadcrumb\"},\"inLanguage\":\"ro-RO\",\"potentialAction\":[{\"@type\":\"ReadAction\",\"target\":[\"https:\/\/exparto.pl\/ro\/produkt\/manifold-5-sectiune-hd\/\"]}]},{\"@type\":\"ImageObject\",\"inLanguage\":\"ro-RO\",\"@id\":\"https:\/\/exparto.pl\/ro\/produkt\/manifold-5-sectiune-hd\/#primaryimage\",\"url\":\"https:\/\/exparto.pl\/wp-content\/uploads\/2023\/09\/a7b461f38b83a1800d3fbcfc19428c9d.jpg\",\"contentUrl\":\"https:\/\/exparto.pl\/wp-content\/uploads\/2023\/09\/a7b461f38b83a1800d3fbcfc19428c9d.jpg\",\"width\":1000,\"height\":1000},{\"@type\":\"BreadcrumbList\",\"@id\":\"https:\/\/exparto.pl\/ro\/produkt\/manifold-5-sectiune-hd\/#breadcrumb\",\"itemListElement\":[{\"@type\":\"ListItem\",\"position\":1,\"name\":\"Pagina de start\",\"item\":\"https:\/\/exparto.pl\/ro\/pagina-de-start\/\"},{\"@type\":\"ListItem\",\"position\":2,\"name\":\"Sklep\",\"item\":\"https:\/\/exparto.pl\/sklep\/\"},{\"@type\":\"ListItem\",\"position\":3,\"name\":\"Piese pentru pulverizatoare\",\"item\":\"https:\/\/exparto.pl\/ro\/categoria-de-produse\/piese-pentru-pulverizatoare\/\"},{\"@type\":\"ListItem\",\"position\":4,\"name\":\"Colectoare\",\"item\":\"https:\/\/exparto.pl\/ro\/categoria-de-produse\/piese-pentru-pulverizatoare\/colectoare\/\"},{\"@type\":\"ListItem\",\"position\":5,\"name\":\"Splitter HD cu 5 sec\u021biuni\"}]},{\"@type\":\"WebSite\",\"@id\":\"https:\/\/exparto.pl\/ro\/#website\",\"url\":\"https:\/\/exparto.pl\/ro\/\",\"name\":\"EXPARTO\",\"description\":\"More than agro parts\",\"publisher\":{\"@id\":\"https:\/\/exparto.pl\/ro\/#organization\"},\"potentialAction\":[{\"@type\":\"SearchAction\",\"target\":{\"@type\":\"EntryPoint\",\"urlTemplate\":\"https:\/\/exparto.pl\/ro\/?s={search_term_string}\"},\"query-input\":{\"@type\":\"PropertyValueSpecification\",\"valueRequired\":true,\"valueName\":\"search_term_string\"}}],\"inLanguage\":\"ro-RO\"},{\"@type\":\"Organization\",\"@id\":\"https:\/\/exparto.pl\/ro\/#organization\",\"name\":\"EXPARTO\",\"url\":\"https:\/\/exparto.pl\/ro\/\",\"logo\":{\"@type\":\"ImageObject\",\"inLanguage\":\"ro-RO\",\"@id\":\"https:\/\/exparto.pl\/ro\/#\/schema\/logo\/image\/\",\"url\":\"https:\/\/exparto.pl\/wp-content\/uploads\/2023\/02\/logo-wektor.png\",\"contentUrl\":\"https:\/\/exparto.pl\/wp-content\/uploads\/2023\/02\/logo-wektor.png\",\"width\":1338,\"height\":143,\"caption\":\"EXPARTO\"},\"image\":{\"@id\":\"https:\/\/exparto.pl\/ro\/#\/schema\/logo\/image\/\"},\"sameAs\":[\"https:\/\/www.facebook.com\/exparto.agro\/\"]}]}<\/script>\n<!-- \/ Yoast SEO plugin. -->","yoast_head_json":{"title":"Splitter HD cu 5 sec\u021biuni - Exparto.pl","robots":{"index":"index","follow":"follow","max-snippet":"max-snippet:-1","max-image-preview":"max-image-preview:large","max-video-preview":"max-video-preview:-1"},"canonical":"https:\/\/exparto.pl\/ro\/produkt\/manifold-5-sectiune-hd\/","og_locale":"ro_RO","og_type":"article","og_title":"Splitter HD cu 5 sec\u021biuni - Exparto.pl","og_description":"Splitter HD cu 5 sec\u021biuni. Acesta este echipat cu copolimeri special \u00eent\u0103ri\u021bi care asigur\u0103 o rezisten\u021b\u0103 ridicat\u0103 la deterior\u0103ri mecanice sau cu garnituri de etan\u0219are realizate din Verdesilu","og_url":"https:\/\/exparto.pl\/ro\/produkt\/manifold-5-sectiune-hd\/","og_site_name":"Exparto.pl","article_publisher":"https:\/\/www.facebook.com\/exparto.agro\/","og_image":[{"width":1000,"height":1000,"url":"https:\/\/exparto.pl\/wp-content\/uploads\/2023\/09\/a7b461f38b83a1800d3fbcfc19428c9d.jpg","type":"image\/jpeg"}],"twitter_card":"summary_large_image","schema":{"@context":"https:\/\/schema.org","@graph":[{"@type":"WebPage","@id":"https:\/\/exparto.pl\/ro\/produkt\/manifold-5-sectiune-hd\/","url":"https:\/\/exparto.pl\/ro\/produkt\/manifold-5-sectiune-hd\/","name":"Splitter HD cu 5 sec\u021biuni - Exparto.pl","isPartOf":{"@id":"https:\/\/exparto.pl\/ro\/#website"},"primaryImageOfPage":{"@id":"https:\/\/exparto.pl\/ro\/produkt\/manifold-5-sectiune-hd\/#primaryimage"},"image":{"@id":"https:\/\/exparto.pl\/ro\/produkt\/manifold-5-sectiune-hd\/#primaryimage"},"thumbnailUrl":"https:\/\/exparto.pl\/wp-content\/uploads\/2023\/09\/a7b461f38b83a1800d3fbcfc19428c9d.jpg","datePublished":"2023-09-25T12:29:32+00:00","breadcrumb":{"@id":"https:\/\/exparto.pl\/ro\/produkt\/manifold-5-sectiune-hd\/#breadcrumb"},"inLanguage":"ro-RO","potentialAction":[{"@type":"ReadAction","target":["https:\/\/exparto.pl\/ro\/produkt\/manifold-5-sectiune-hd\/"]}]},{"@type":"ImageObject","inLanguage":"ro-RO","@id":"https:\/\/exparto.pl\/ro\/produkt\/manifold-5-sectiune-hd\/#primaryimage","url":"https:\/\/exparto.pl\/wp-content\/uploads\/2023\/09\/a7b461f38b83a1800d3fbcfc19428c9d.jpg","contentUrl":"https:\/\/exparto.pl\/wp-content\/uploads\/2023\/09\/a7b461f38b83a1800d3fbcfc19428c9d.jpg","width":1000,"height":1000},{"@type":"BreadcrumbList","@id":"https:\/\/exparto.pl\/ro\/produkt\/manifold-5-sectiune-hd\/#breadcrumb","itemListElement":[{"@type":"ListItem","position":1,"name":"Pagina de start","item":"https:\/\/exparto.pl\/ro\/pagina-de-start\/"},{"@type":"ListItem","position":2,"name":"Sklep","item":"https:\/\/exparto.pl\/sklep\/"},{"@type":"ListItem","position":3,"name":"Piese pentru pulverizatoare","item":"https:\/\/exparto.pl\/ro\/categoria-de-produse\/piese-pentru-pulverizatoare\/"},{"@type":"ListItem","position":4,"name":"Colectoare","item":"https:\/\/exparto.pl\/ro\/categoria-de-produse\/piese-pentru-pulverizatoare\/colectoare\/"},{"@type":"ListItem","position":5,"name":"Splitter HD cu 5 sec\u021biuni"}]},{"@type":"WebSite","@id":"https:\/\/exparto.pl\/ro\/#website","url":"https:\/\/exparto.pl\/ro\/","name":"EXPARTO","description":"More than agro parts","publisher":{"@id":"https:\/\/exparto.pl\/ro\/#organization"},"potentialAction":[{"@type":"SearchAction","target":{"@type":"EntryPoint","urlTemplate":"https:\/\/exparto.pl\/ro\/?s={search_term_string}"},"query-input":{"@type":"PropertyValueSpecification","valueRequired":true,"valueName":"search_term_string"}}],"inLanguage":"ro-RO"},{"@type":"Organization","@id":"https:\/\/exparto.pl\/ro\/#organization","name":"EXPARTO","url":"https:\/\/exparto.pl\/ro\/","logo":{"@type":"ImageObject","inLanguage":"ro-RO","@id":"https:\/\/exparto.pl\/ro\/#\/schema\/logo\/image\/","url":"https:\/\/exparto.pl\/wp-content\/uploads\/2023\/02\/logo-wektor.png","contentUrl":"https:\/\/exparto.pl\/wp-content\/uploads\/2023\/02\/logo-wektor.png","width":1338,"height":143,"caption":"EXPARTO"},"image":{"@id":"https:\/\/exparto.pl\/ro\/#\/schema\/logo\/image\/"},"sameAs":["https:\/\/www.facebook.com\/exparto.agro\/"]}]}},"_links":{"self":[{"href":"https:\/\/exparto.pl\/ro\/wp-json\/wp\/v2\/product\/10707","targetHints":{"allow":["GET"]}}],"collection":[{"href":"https:\/\/exparto.pl\/ro\/wp-json\/wp\/v2\/product"}],"about":[{"href":"https:\/\/exparto.pl\/ro\/wp-json\/wp\/v2\/types\/product"}],"replies":[{"embeddable":true,"href":"https:\/\/exparto.pl\/ro\/wp-json\/wp\/v2\/comments?post=10707"}],"wp:featuredmedia":[{"embeddable":true,"href":"https:\/\/exparto.pl\/ro\/wp-json\/wp\/v2\/media\/10708"}],"wp:attachment":[{"href":"https:\/\/exparto.pl\/ro\/wp-json\/wp\/v2\/media?parent=10707"}],"wp:term":[{"taxonomy":"product_brand","embeddable":true,"href":"https:\/\/exparto.pl\/ro\/wp-json\/wp\/v2\/product_brand?post=10707"},{"taxonomy":"product_cat","embeddable":true,"href":"https:\/\/exparto.pl\/ro\/wp-json\/wp\/v2\/product_cat?post=10707"},{"taxonomy":"product_tag","embeddable":true,"href":"https:\/\/exparto.pl\/ro\/wp-json\/wp\/v2\/product_tag?post=10707"}],"curies":[{"name":"wp","href":"https:\/\/api.w.org\/{rel}","templated":true}]}}