{"id":10744,"date":"2023-09-25T09:16:19","date_gmt":"2023-09-25T07:16:19","guid":{"rendered":"https:\/\/exparto.pl\/produkt\/corp-de-pulverizare-0-100-08-k-pro\/"},"modified":"2023-09-25T09:16:19","modified_gmt":"2023-09-25T07:16:19","slug":"korpus-rozpylacza-0-100-08-k-pro","status":"publish","type":"product","link":"https:\/\/exparto.pl\/ro\/produkt\/korpus-rozpylacza-0-100-08-k-pro\/","title":{"rendered":"Corp de pulverizare 0-100\/08\/K PRO"},"content":{"rendered":"<p>Corp de pulverizare cu supap\u0103 de \u00eenchidere PROLINE. Carcasele din linia PROLINE se caracterizeaz\u0103 printr-o durabilitate ridicat\u0103, datorit\u0103 utiliz\u0103rii unui plastic special armat. <b>Diafragma<\/b> din supapa de \u00eenchidere \u0219i garnitura capacului din <b>Verdesil <\/b>garanteaz\u0103 o func\u021bionare de lung\u0103 durat\u0103 \u0219i f\u0103r\u0103 probleme a corpului. Compatibil cu toate tipurile standard de <b>duze \u0219i capace<\/b>.<\/p>\n<ul>\n<li>Garnitura \u0219i membrana sunt fabricate din VERDESIL &#8211; un compus special de silicon care asigur\u0103 o etan\u0219eitate pe termen lung;<\/li>\n<li>\u00cenchidere etan\u0219\u0103 a lichidului datorit\u0103 unei supape cu diafragm\u0103;<\/li>\n<li>O supap\u0103 de \u00eenchidere amplasat\u0103 pe partea lateral\u0103 a corpului permite accesul u\u0219or pentru inspectarea func\u021bion\u0103rii sale;<\/li>\n<li>Fixarea \u00een sec\u021biunea canalului cu \u0219urub \u0219i piuli\u021b\u0103 M6;<\/li>\n<li>Posibilitatea de a utiliza capace de puc, duze RSM \u0219i, de asemenea, deversori de capace RSM \u0219i furtunuri de deversare disponibile la noi.<\/li>\n<\/ul>\n<div><\/div>\n","protected":false},"excerpt":{"rendered":"<p style=\"text-align: justify\">Corp de pulverizare cu supap\u0103 de \u00eenchidere PROLINE<\/p>\n","protected":false},"featured_media":10745,"comment_status":"open","ping_status":"closed","template":"","meta":{"_acf_changed":false,"inline_featured_image":false},"product_brand":[],"product_cat":[372,379,376],"product_tag":[],"class_list":{"0":"post-10744","1":"product","2":"type-product","3":"status-publish","4":"has-post-thumbnail","6":"product_cat-componente-ale-lancii-de-pulverizare","7":"product_cat-corpuri","8":"product_cat-piese-pentru-pulverizatoare","10":"first","11":"instock","12":"taxable","13":"shipping-taxable","14":"purchasable","15":"product-type-simple"},"acf":[],"yoast_head":"<!-- This site is optimized with the Yoast SEO plugin v27.2 - https:\/\/yoast.com\/product\/yoast-seo-wordpress\/ -->\n<title>Corp de pulverizare 0-100\/08\/K PRO - Exparto.pl<\/title>\n<meta name=\"robots\" content=\"index, follow, max-snippet:-1, max-image-preview:large, max-video-preview:-1\" \/>\n<link rel=\"canonical\" href=\"https:\/\/exparto.pl\/ro\/produkt\/korpus-rozpylacza-0-100-08-k-pro\/\" \/>\n<meta property=\"og:locale\" content=\"ro_RO\" \/>\n<meta property=\"og:type\" content=\"article\" \/>\n<meta property=\"og:title\" content=\"Corp de pulverizare 0-100\/08\/K PRO - Exparto.pl\" \/>\n<meta property=\"og:description\" content=\"Corp de pulverizare cu supap\u0103 de \u00eenchidere PROLINE\" \/>\n<meta property=\"og:url\" content=\"https:\/\/exparto.pl\/ro\/produkt\/korpus-rozpylacza-0-100-08-k-pro\/\" \/>\n<meta property=\"og:site_name\" content=\"Exparto.pl\" \/>\n<meta property=\"article:publisher\" content=\"https:\/\/www.facebook.com\/exparto.agro\/\" \/>\n<meta property=\"og:image\" content=\"https:\/\/exparto.pl\/wp-content\/uploads\/2023\/09\/0218a4ee66af31648ec4f56163d822db.jpg\" \/>\n\t<meta property=\"og:image:width\" content=\"1000\" \/>\n\t<meta property=\"og:image:height\" content=\"1000\" \/>\n\t<meta property=\"og:image:type\" content=\"image\/jpeg\" \/>\n<meta name=\"twitter:card\" content=\"summary_large_image\" \/>\n<meta name=\"twitter:label1\" content=\"Timp estimat pentru citire\" \/>\n\t<meta name=\"twitter:data1\" content=\"1 minut\" \/>\n<script type=\"application\/ld+json\" class=\"yoast-schema-graph\">{\"@context\":\"https:\/\/schema.org\",\"@graph\":[{\"@type\":\"WebPage\",\"@id\":\"https:\/\/exparto.pl\/ro\/produkt\/korpus-rozpylacza-0-100-08-k-pro\/\",\"url\":\"https:\/\/exparto.pl\/ro\/produkt\/korpus-rozpylacza-0-100-08-k-pro\/\",\"name\":\"Corp de pulverizare 0-100\/08\/K PRO - Exparto.pl\",\"isPartOf\":{\"@id\":\"https:\/\/exparto.pl\/ro\/#website\"},\"primaryImageOfPage\":{\"@id\":\"https:\/\/exparto.pl\/ro\/produkt\/korpus-rozpylacza-0-100-08-k-pro\/#primaryimage\"},\"image\":{\"@id\":\"https:\/\/exparto.pl\/ro\/produkt\/korpus-rozpylacza-0-100-08-k-pro\/#primaryimage\"},\"thumbnailUrl\":\"https:\/\/exparto.pl\/wp-content\/uploads\/2023\/09\/0218a4ee66af31648ec4f56163d822db.jpg\",\"datePublished\":\"2023-09-25T07:16:19+00:00\",\"breadcrumb\":{\"@id\":\"https:\/\/exparto.pl\/ro\/produkt\/korpus-rozpylacza-0-100-08-k-pro\/#breadcrumb\"},\"inLanguage\":\"ro-RO\",\"potentialAction\":[{\"@type\":\"ReadAction\",\"target\":[\"https:\/\/exparto.pl\/ro\/produkt\/korpus-rozpylacza-0-100-08-k-pro\/\"]}]},{\"@type\":\"ImageObject\",\"inLanguage\":\"ro-RO\",\"@id\":\"https:\/\/exparto.pl\/ro\/produkt\/korpus-rozpylacza-0-100-08-k-pro\/#primaryimage\",\"url\":\"https:\/\/exparto.pl\/wp-content\/uploads\/2023\/09\/0218a4ee66af31648ec4f56163d822db.jpg\",\"contentUrl\":\"https:\/\/exparto.pl\/wp-content\/uploads\/2023\/09\/0218a4ee66af31648ec4f56163d822db.jpg\",\"width\":1000,\"height\":1000},{\"@type\":\"BreadcrumbList\",\"@id\":\"https:\/\/exparto.pl\/ro\/produkt\/korpus-rozpylacza-0-100-08-k-pro\/#breadcrumb\",\"itemListElement\":[{\"@type\":\"ListItem\",\"position\":1,\"name\":\"Pagina de start\",\"item\":\"https:\/\/exparto.pl\/ro\/pagina-de-start\/\"},{\"@type\":\"ListItem\",\"position\":2,\"name\":\"Sklep\",\"item\":\"https:\/\/exparto.pl\/sklep\/\"},{\"@type\":\"ListItem\",\"position\":3,\"name\":\"Piese pentru pulverizatoare\",\"item\":\"https:\/\/exparto.pl\/ro\/categoria-de-produse\/piese-pentru-pulverizatoare\/\"},{\"@type\":\"ListItem\",\"position\":4,\"name\":\"Componente ale l\u0103ncii de pulverizare\",\"item\":\"https:\/\/exparto.pl\/ro\/categoria-de-produse\/piese-pentru-pulverizatoare\/componente-ale-lancii-de-pulverizare\/\"},{\"@type\":\"ListItem\",\"position\":5,\"name\":\"Corpuri\",\"item\":\"https:\/\/exparto.pl\/ro\/categoria-de-produse\/piese-pentru-pulverizatoare\/componente-ale-lancii-de-pulverizare\/corpuri\/\"},{\"@type\":\"ListItem\",\"position\":6,\"name\":\"Corp de pulverizare 0-100\/08\/K PRO\"}]},{\"@type\":\"WebSite\",\"@id\":\"https:\/\/exparto.pl\/ro\/#website\",\"url\":\"https:\/\/exparto.pl\/ro\/\",\"name\":\"EXPARTO\",\"description\":\"More than agro parts\",\"publisher\":{\"@id\":\"https:\/\/exparto.pl\/ro\/#organization\"},\"potentialAction\":[{\"@type\":\"SearchAction\",\"target\":{\"@type\":\"EntryPoint\",\"urlTemplate\":\"https:\/\/exparto.pl\/ro\/?s={search_term_string}\"},\"query-input\":{\"@type\":\"PropertyValueSpecification\",\"valueRequired\":true,\"valueName\":\"search_term_string\"}}],\"inLanguage\":\"ro-RO\"},{\"@type\":\"Organization\",\"@id\":\"https:\/\/exparto.pl\/ro\/#organization\",\"name\":\"EXPARTO\",\"url\":\"https:\/\/exparto.pl\/ro\/\",\"logo\":{\"@type\":\"ImageObject\",\"inLanguage\":\"ro-RO\",\"@id\":\"https:\/\/exparto.pl\/ro\/#\/schema\/logo\/image\/\",\"url\":\"https:\/\/exparto.pl\/wp-content\/uploads\/2023\/02\/logo-wektor.png\",\"contentUrl\":\"https:\/\/exparto.pl\/wp-content\/uploads\/2023\/02\/logo-wektor.png\",\"width\":1338,\"height\":143,\"caption\":\"EXPARTO\"},\"image\":{\"@id\":\"https:\/\/exparto.pl\/ro\/#\/schema\/logo\/image\/\"},\"sameAs\":[\"https:\/\/www.facebook.com\/exparto.agro\/\"]}]}<\/script>\n<!-- \/ Yoast SEO plugin. -->","yoast_head_json":{"title":"Corp de pulverizare 0-100\/08\/K PRO - Exparto.pl","robots":{"index":"index","follow":"follow","max-snippet":"max-snippet:-1","max-image-preview":"max-image-preview:large","max-video-preview":"max-video-preview:-1"},"canonical":"https:\/\/exparto.pl\/ro\/produkt\/korpus-rozpylacza-0-100-08-k-pro\/","og_locale":"ro_RO","og_type":"article","og_title":"Corp de pulverizare 0-100\/08\/K PRO - Exparto.pl","og_description":"Corp de pulverizare cu supap\u0103 de \u00eenchidere PROLINE","og_url":"https:\/\/exparto.pl\/ro\/produkt\/korpus-rozpylacza-0-100-08-k-pro\/","og_site_name":"Exparto.pl","article_publisher":"https:\/\/www.facebook.com\/exparto.agro\/","og_image":[{"width":1000,"height":1000,"url":"https:\/\/exparto.pl\/wp-content\/uploads\/2023\/09\/0218a4ee66af31648ec4f56163d822db.jpg","type":"image\/jpeg"}],"twitter_card":"summary_large_image","twitter_misc":{"Timp estimat pentru citire":"1 minut"},"schema":{"@context":"https:\/\/schema.org","@graph":[{"@type":"WebPage","@id":"https:\/\/exparto.pl\/ro\/produkt\/korpus-rozpylacza-0-100-08-k-pro\/","url":"https:\/\/exparto.pl\/ro\/produkt\/korpus-rozpylacza-0-100-08-k-pro\/","name":"Corp de pulverizare 0-100\/08\/K PRO - Exparto.pl","isPartOf":{"@id":"https:\/\/exparto.pl\/ro\/#website"},"primaryImageOfPage":{"@id":"https:\/\/exparto.pl\/ro\/produkt\/korpus-rozpylacza-0-100-08-k-pro\/#primaryimage"},"image":{"@id":"https:\/\/exparto.pl\/ro\/produkt\/korpus-rozpylacza-0-100-08-k-pro\/#primaryimage"},"thumbnailUrl":"https:\/\/exparto.pl\/wp-content\/uploads\/2023\/09\/0218a4ee66af31648ec4f56163d822db.jpg","datePublished":"2023-09-25T07:16:19+00:00","breadcrumb":{"@id":"https:\/\/exparto.pl\/ro\/produkt\/korpus-rozpylacza-0-100-08-k-pro\/#breadcrumb"},"inLanguage":"ro-RO","potentialAction":[{"@type":"ReadAction","target":["https:\/\/exparto.pl\/ro\/produkt\/korpus-rozpylacza-0-100-08-k-pro\/"]}]},{"@type":"ImageObject","inLanguage":"ro-RO","@id":"https:\/\/exparto.pl\/ro\/produkt\/korpus-rozpylacza-0-100-08-k-pro\/#primaryimage","url":"https:\/\/exparto.pl\/wp-content\/uploads\/2023\/09\/0218a4ee66af31648ec4f56163d822db.jpg","contentUrl":"https:\/\/exparto.pl\/wp-content\/uploads\/2023\/09\/0218a4ee66af31648ec4f56163d822db.jpg","width":1000,"height":1000},{"@type":"BreadcrumbList","@id":"https:\/\/exparto.pl\/ro\/produkt\/korpus-rozpylacza-0-100-08-k-pro\/#breadcrumb","itemListElement":[{"@type":"ListItem","position":1,"name":"Pagina de start","item":"https:\/\/exparto.pl\/ro\/pagina-de-start\/"},{"@type":"ListItem","position":2,"name":"Sklep","item":"https:\/\/exparto.pl\/sklep\/"},{"@type":"ListItem","position":3,"name":"Piese pentru pulverizatoare","item":"https:\/\/exparto.pl\/ro\/categoria-de-produse\/piese-pentru-pulverizatoare\/"},{"@type":"ListItem","position":4,"name":"Componente ale l\u0103ncii de pulverizare","item":"https:\/\/exparto.pl\/ro\/categoria-de-produse\/piese-pentru-pulverizatoare\/componente-ale-lancii-de-pulverizare\/"},{"@type":"ListItem","position":5,"name":"Corpuri","item":"https:\/\/exparto.pl\/ro\/categoria-de-produse\/piese-pentru-pulverizatoare\/componente-ale-lancii-de-pulverizare\/corpuri\/"},{"@type":"ListItem","position":6,"name":"Corp de pulverizare 0-100\/08\/K PRO"}]},{"@type":"WebSite","@id":"https:\/\/exparto.pl\/ro\/#website","url":"https:\/\/exparto.pl\/ro\/","name":"EXPARTO","description":"More than agro parts","publisher":{"@id":"https:\/\/exparto.pl\/ro\/#organization"},"potentialAction":[{"@type":"SearchAction","target":{"@type":"EntryPoint","urlTemplate":"https:\/\/exparto.pl\/ro\/?s={search_term_string}"},"query-input":{"@type":"PropertyValueSpecification","valueRequired":true,"valueName":"search_term_string"}}],"inLanguage":"ro-RO"},{"@type":"Organization","@id":"https:\/\/exparto.pl\/ro\/#organization","name":"EXPARTO","url":"https:\/\/exparto.pl\/ro\/","logo":{"@type":"ImageObject","inLanguage":"ro-RO","@id":"https:\/\/exparto.pl\/ro\/#\/schema\/logo\/image\/","url":"https:\/\/exparto.pl\/wp-content\/uploads\/2023\/02\/logo-wektor.png","contentUrl":"https:\/\/exparto.pl\/wp-content\/uploads\/2023\/02\/logo-wektor.png","width":1338,"height":143,"caption":"EXPARTO"},"image":{"@id":"https:\/\/exparto.pl\/ro\/#\/schema\/logo\/image\/"},"sameAs":["https:\/\/www.facebook.com\/exparto.agro\/"]}]}},"_links":{"self":[{"href":"https:\/\/exparto.pl\/ro\/wp-json\/wp\/v2\/product\/10744","targetHints":{"allow":["GET"]}}],"collection":[{"href":"https:\/\/exparto.pl\/ro\/wp-json\/wp\/v2\/product"}],"about":[{"href":"https:\/\/exparto.pl\/ro\/wp-json\/wp\/v2\/types\/product"}],"replies":[{"embeddable":true,"href":"https:\/\/exparto.pl\/ro\/wp-json\/wp\/v2\/comments?post=10744"}],"wp:featuredmedia":[{"embeddable":true,"href":"https:\/\/exparto.pl\/ro\/wp-json\/wp\/v2\/media\/10745"}],"wp:attachment":[{"href":"https:\/\/exparto.pl\/ro\/wp-json\/wp\/v2\/media?parent=10744"}],"wp:term":[{"taxonomy":"product_brand","embeddable":true,"href":"https:\/\/exparto.pl\/ro\/wp-json\/wp\/v2\/product_brand?post=10744"},{"taxonomy":"product_cat","embeddable":true,"href":"https:\/\/exparto.pl\/ro\/wp-json\/wp\/v2\/product_cat?post=10744"},{"taxonomy":"product_tag","embeddable":true,"href":"https:\/\/exparto.pl\/ro\/wp-json\/wp\/v2\/product_tag?post=10744"}],"curies":[{"name":"wp","href":"https:\/\/api.w.org\/{rel}","templated":true}]}}