{"id":10748,"date":"2023-09-17T23:42:51","date_gmt":"2023-09-17T21:42:51","guid":{"rendered":"https:\/\/exparto.pl\/produkt\/atomizor-cu-ejector-8ms-110-05-maro\/"},"modified":"2023-09-17T23:42:51","modified_gmt":"2023-09-17T21:42:51","slug":"spray-nozzle-8ms-110-05-brown","status":"publish","type":"product","link":"https:\/\/exparto.pl\/ro\/produkt\/spray-nozzle-8ms-110-05-brown\/","title":{"rendered":"Atomizor cu ejector 8MS 110 05 maro"},"content":{"rendered":"<p style=\"text-align: justify\"><span style=\"color: inherit;font-weight: 700 !important\">Atomizoarele cu ejector<\/span> produc bule de aer \u00een interiorul pic\u0103turilor mari prin intermediul unui curent de aer aspirat prin g\u0103urile de la baz\u0103. Pe m\u0103sur\u0103 ce pic\u0103turile de pulverizare cad pe suprafa\u021ba plantelor, se sparg \u00een pic\u0103turi mai fine, ceea ce spore\u0219te eficacitatea \u0219i uniformitatea tratamentului.<\/p>\n<p style=\"text-align: justify\">Produce pic\u0103turi grosiere p\u00e2n\u0103 la foarte grosiere cu rezisten\u021b\u0103 ridicat\u0103 la deriv\u0103, ceea ce face posibil\u0103 pulverizarea \u00een condi\u021bii nefavorabile (v\u00e2nt de p\u00e2n\u0103 la 8 m\/s, umiditate sc\u0103zut\u0103, temperaturi ridicate).<\/p>\n<p style=\"text-align: justify\"><span style=\"color: inherit;font-weight: 700 !important\">Utilizare:<\/span> pentru produse de protec\u021bie a plantelor, regulatori de cre\u0219tere, culturi de c\u00e2mp.<\/p>\n<ul>\n<li style=\"text-align: justify\"><span style=\"color: inherit;font-weight: 700 !important\">Unghiul de propagare a lichidului &#8211; 110\u00ba;<\/span><\/li>\n<li style=\"text-align: justify\"><span style=\"color: inherit;font-weight: 700 !important\">Se potrive\u0219te la toate capacele de butuc standard de pe pia\u021b\u0103;<\/span><\/li>\n<li style=\"text-align: justify\"><span style=\"color: inherit;font-weight: 700 !important\">\u00cendepline\u0219te cerin\u021bele ISO pentru duzele agricole;<\/span><\/li>\n<li style=\"text-align: justify\"><span style=\"color: inherit;font-weight: 700 !important\">Ie\u0219irea fluidului \u00een conformitate cu standardul ISO 10625;<\/span><\/li>\n<li style=\"text-align: justify\"><span style=\"color: inherit;font-weight: 700 !important\">Acestea permit tratamente la viteze ale v\u00e2ntului de p\u00e2n\u0103 la 8 m\/s.<\/span><\/li>\n<\/ul>\n","protected":false},"excerpt":{"rendered":"<p style=\"text-align: justify\"><span style=\"text-align: justify\">Atomizoarele cu ejector produc bule de aer \u00een interiorul pic\u0103turilor mari prin intermediul unui curent de aer aspirat prin g\u0103urile de la baz\u0103.<\/span><\/p>\n<p>&nbsp;<\/p>\n","protected":false},"featured_media":10749,"comment_status":"open","ping_status":"closed","template":"","meta":{"_acf_changed":false,"inline_featured_image":false},"product_brand":[],"product_cat":[376,361],"product_tag":[],"class_list":{"0":"post-10748","1":"product","2":"type-product","3":"status-publish","4":"has-post-thumbnail","6":"product_cat-piese-pentru-pulverizatoare","7":"product_cat-spray-uri","9":"first","10":"outofstock","11":"taxable","12":"shipping-taxable","13":"purchasable","14":"product-type-simple"},"acf":[],"yoast_head":"<!-- This site is optimized with the Yoast SEO plugin v27.4 - https:\/\/yoast.com\/product\/yoast-seo-wordpress\/ -->\n<title>Atomizor cu ejector 8MS 110 05 maro - Exparto.pl<\/title>\n<meta name=\"robots\" content=\"index, follow, max-snippet:-1, max-image-preview:large, max-video-preview:-1\" \/>\n<link rel=\"canonical\" href=\"https:\/\/exparto.pl\/ro\/produkt\/spray-nozzle-8ms-110-05-brown\/\" \/>\n<meta property=\"og:locale\" content=\"ro_RO\" \/>\n<meta property=\"og:type\" content=\"article\" \/>\n<meta property=\"og:title\" content=\"Atomizor cu ejector 8MS 110 05 maro - Exparto.pl\" \/>\n<meta property=\"og:description\" content=\"Atomizoarele cu ejector produc bule de aer \u00een interiorul pic\u0103turilor mari prin intermediul unui curent de aer aspirat prin g\u0103urile de la baz\u0103. &nbsp;\" \/>\n<meta property=\"og:url\" content=\"https:\/\/exparto.pl\/ro\/produkt\/spray-nozzle-8ms-110-05-brown\/\" \/>\n<meta property=\"og:site_name\" content=\"Exparto.pl\" \/>\n<meta property=\"article:publisher\" content=\"https:\/\/www.facebook.com\/exparto.agro\/\" \/>\n<meta property=\"og:image\" content=\"https:\/\/exparto.pl\/wp-content\/uploads\/2023\/09\/f203ffeb7da2ba44ab875b1ff9e1f7a8.jpg\" \/>\n\t<meta property=\"og:image:width\" content=\"1000\" \/>\n\t<meta property=\"og:image:height\" content=\"1000\" \/>\n\t<meta property=\"og:image:type\" content=\"image\/jpeg\" \/>\n<meta name=\"twitter:card\" content=\"summary_large_image\" \/>\n<meta name=\"twitter:label1\" content=\"Timp estimat pentru citire\" \/>\n\t<meta name=\"twitter:data1\" content=\"1 minut\" \/>\n<script type=\"application\/ld+json\" class=\"yoast-schema-graph\">{\"@context\":\"https:\\\/\\\/schema.org\",\"@graph\":[{\"@type\":\"WebPage\",\"@id\":\"https:\\\/\\\/exparto.pl\\\/ro\\\/produkt\\\/spray-nozzle-8ms-110-05-brown\\\/\",\"url\":\"https:\\\/\\\/exparto.pl\\\/ro\\\/produkt\\\/spray-nozzle-8ms-110-05-brown\\\/\",\"name\":\"Atomizor cu ejector 8MS 110 05 maro - Exparto.pl\",\"isPartOf\":{\"@id\":\"https:\\\/\\\/exparto.pl\\\/ro\\\/#website\"},\"primaryImageOfPage\":{\"@id\":\"https:\\\/\\\/exparto.pl\\\/ro\\\/produkt\\\/spray-nozzle-8ms-110-05-brown\\\/#primaryimage\"},\"image\":{\"@id\":\"https:\\\/\\\/exparto.pl\\\/ro\\\/produkt\\\/spray-nozzle-8ms-110-05-brown\\\/#primaryimage\"},\"thumbnailUrl\":\"https:\\\/\\\/exparto.pl\\\/wp-content\\\/uploads\\\/2023\\\/09\\\/f203ffeb7da2ba44ab875b1ff9e1f7a8.jpg\",\"datePublished\":\"2023-09-17T21:42:51+00:00\",\"breadcrumb\":{\"@id\":\"https:\\\/\\\/exparto.pl\\\/ro\\\/produkt\\\/spray-nozzle-8ms-110-05-brown\\\/#breadcrumb\"},\"inLanguage\":\"ro-RO\",\"potentialAction\":[{\"@type\":\"ReadAction\",\"target\":[\"https:\\\/\\\/exparto.pl\\\/ro\\\/produkt\\\/spray-nozzle-8ms-110-05-brown\\\/\"]}]},{\"@type\":\"ImageObject\",\"inLanguage\":\"ro-RO\",\"@id\":\"https:\\\/\\\/exparto.pl\\\/ro\\\/produkt\\\/spray-nozzle-8ms-110-05-brown\\\/#primaryimage\",\"url\":\"https:\\\/\\\/exparto.pl\\\/wp-content\\\/uploads\\\/2023\\\/09\\\/f203ffeb7da2ba44ab875b1ff9e1f7a8.jpg\",\"contentUrl\":\"https:\\\/\\\/exparto.pl\\\/wp-content\\\/uploads\\\/2023\\\/09\\\/f203ffeb7da2ba44ab875b1ff9e1f7a8.jpg\",\"width\":1000,\"height\":1000},{\"@type\":\"BreadcrumbList\",\"@id\":\"https:\\\/\\\/exparto.pl\\\/ro\\\/produkt\\\/spray-nozzle-8ms-110-05-brown\\\/#breadcrumb\",\"itemListElement\":[{\"@type\":\"ListItem\",\"position\":1,\"name\":\"Pagina de start\",\"item\":\"https:\\\/\\\/exparto.pl\\\/ro\\\/pagina-de-start\\\/\"},{\"@type\":\"ListItem\",\"position\":2,\"name\":\"Sklep\",\"item\":\"https:\\\/\\\/exparto.pl\\\/sklep\\\/\"},{\"@type\":\"ListItem\",\"position\":3,\"name\":\"Piese pentru pulverizatoare\",\"item\":\"https:\\\/\\\/exparto.pl\\\/ro\\\/categoria-de-produse\\\/piese-pentru-pulverizatoare\\\/\"},{\"@type\":\"ListItem\",\"position\":4,\"name\":\"Spray-uri\",\"item\":\"https:\\\/\\\/exparto.pl\\\/ro\\\/categoria-de-produse\\\/piese-pentru-pulverizatoare\\\/spray-uri\\\/\"},{\"@type\":\"ListItem\",\"position\":5,\"name\":\"Atomizor cu ejector 8MS 110 05 maro\"}]},{\"@type\":\"WebSite\",\"@id\":\"https:\\\/\\\/exparto.pl\\\/ro\\\/#website\",\"url\":\"https:\\\/\\\/exparto.pl\\\/ro\\\/\",\"name\":\"EXPARTO\",\"description\":\"More than agro parts\",\"publisher\":{\"@id\":\"https:\\\/\\\/exparto.pl\\\/ro\\\/#organization\"},\"potentialAction\":[{\"@type\":\"SearchAction\",\"target\":{\"@type\":\"EntryPoint\",\"urlTemplate\":\"https:\\\/\\\/exparto.pl\\\/ro\\\/?s={search_term_string}\"},\"query-input\":{\"@type\":\"PropertyValueSpecification\",\"valueRequired\":true,\"valueName\":\"search_term_string\"}}],\"inLanguage\":\"ro-RO\"},{\"@type\":\"Organization\",\"@id\":\"https:\\\/\\\/exparto.pl\\\/ro\\\/#organization\",\"name\":\"EXPARTO\",\"url\":\"https:\\\/\\\/exparto.pl\\\/ro\\\/\",\"logo\":{\"@type\":\"ImageObject\",\"inLanguage\":\"ro-RO\",\"@id\":\"https:\\\/\\\/exparto.pl\\\/ro\\\/#\\\/schema\\\/logo\\\/image\\\/\",\"url\":\"https:\\\/\\\/exparto.pl\\\/wp-content\\\/uploads\\\/2023\\\/02\\\/logo-wektor.png\",\"contentUrl\":\"https:\\\/\\\/exparto.pl\\\/wp-content\\\/uploads\\\/2023\\\/02\\\/logo-wektor.png\",\"width\":1338,\"height\":143,\"caption\":\"EXPARTO\"},\"image\":{\"@id\":\"https:\\\/\\\/exparto.pl\\\/ro\\\/#\\\/schema\\\/logo\\\/image\\\/\"},\"sameAs\":[\"https:\\\/\\\/www.facebook.com\\\/exparto.agro\\\/\"]}]}<\/script>\n<!-- \/ Yoast SEO plugin. -->","yoast_head_json":{"title":"Atomizor cu ejector 8MS 110 05 maro - Exparto.pl","robots":{"index":"index","follow":"follow","max-snippet":"max-snippet:-1","max-image-preview":"max-image-preview:large","max-video-preview":"max-video-preview:-1"},"canonical":"https:\/\/exparto.pl\/ro\/produkt\/spray-nozzle-8ms-110-05-brown\/","og_locale":"ro_RO","og_type":"article","og_title":"Atomizor cu ejector 8MS 110 05 maro - Exparto.pl","og_description":"Atomizoarele cu ejector produc bule de aer \u00een interiorul pic\u0103turilor mari prin intermediul unui curent de aer aspirat prin g\u0103urile de la baz\u0103. &nbsp;","og_url":"https:\/\/exparto.pl\/ro\/produkt\/spray-nozzle-8ms-110-05-brown\/","og_site_name":"Exparto.pl","article_publisher":"https:\/\/www.facebook.com\/exparto.agro\/","og_image":[{"width":1000,"height":1000,"url":"https:\/\/exparto.pl\/wp-content\/uploads\/2023\/09\/f203ffeb7da2ba44ab875b1ff9e1f7a8.jpg","type":"image\/jpeg"}],"twitter_card":"summary_large_image","twitter_misc":{"Timp estimat pentru citire":"1 minut"},"schema":{"@context":"https:\/\/schema.org","@graph":[{"@type":"WebPage","@id":"https:\/\/exparto.pl\/ro\/produkt\/spray-nozzle-8ms-110-05-brown\/","url":"https:\/\/exparto.pl\/ro\/produkt\/spray-nozzle-8ms-110-05-brown\/","name":"Atomizor cu ejector 8MS 110 05 maro - Exparto.pl","isPartOf":{"@id":"https:\/\/exparto.pl\/ro\/#website"},"primaryImageOfPage":{"@id":"https:\/\/exparto.pl\/ro\/produkt\/spray-nozzle-8ms-110-05-brown\/#primaryimage"},"image":{"@id":"https:\/\/exparto.pl\/ro\/produkt\/spray-nozzle-8ms-110-05-brown\/#primaryimage"},"thumbnailUrl":"https:\/\/exparto.pl\/wp-content\/uploads\/2023\/09\/f203ffeb7da2ba44ab875b1ff9e1f7a8.jpg","datePublished":"2023-09-17T21:42:51+00:00","breadcrumb":{"@id":"https:\/\/exparto.pl\/ro\/produkt\/spray-nozzle-8ms-110-05-brown\/#breadcrumb"},"inLanguage":"ro-RO","potentialAction":[{"@type":"ReadAction","target":["https:\/\/exparto.pl\/ro\/produkt\/spray-nozzle-8ms-110-05-brown\/"]}]},{"@type":"ImageObject","inLanguage":"ro-RO","@id":"https:\/\/exparto.pl\/ro\/produkt\/spray-nozzle-8ms-110-05-brown\/#primaryimage","url":"https:\/\/exparto.pl\/wp-content\/uploads\/2023\/09\/f203ffeb7da2ba44ab875b1ff9e1f7a8.jpg","contentUrl":"https:\/\/exparto.pl\/wp-content\/uploads\/2023\/09\/f203ffeb7da2ba44ab875b1ff9e1f7a8.jpg","width":1000,"height":1000},{"@type":"BreadcrumbList","@id":"https:\/\/exparto.pl\/ro\/produkt\/spray-nozzle-8ms-110-05-brown\/#breadcrumb","itemListElement":[{"@type":"ListItem","position":1,"name":"Pagina de start","item":"https:\/\/exparto.pl\/ro\/pagina-de-start\/"},{"@type":"ListItem","position":2,"name":"Sklep","item":"https:\/\/exparto.pl\/sklep\/"},{"@type":"ListItem","position":3,"name":"Piese pentru pulverizatoare","item":"https:\/\/exparto.pl\/ro\/categoria-de-produse\/piese-pentru-pulverizatoare\/"},{"@type":"ListItem","position":4,"name":"Spray-uri","item":"https:\/\/exparto.pl\/ro\/categoria-de-produse\/piese-pentru-pulverizatoare\/spray-uri\/"},{"@type":"ListItem","position":5,"name":"Atomizor cu ejector 8MS 110 05 maro"}]},{"@type":"WebSite","@id":"https:\/\/exparto.pl\/ro\/#website","url":"https:\/\/exparto.pl\/ro\/","name":"EXPARTO","description":"More than agro parts","publisher":{"@id":"https:\/\/exparto.pl\/ro\/#organization"},"potentialAction":[{"@type":"SearchAction","target":{"@type":"EntryPoint","urlTemplate":"https:\/\/exparto.pl\/ro\/?s={search_term_string}"},"query-input":{"@type":"PropertyValueSpecification","valueRequired":true,"valueName":"search_term_string"}}],"inLanguage":"ro-RO"},{"@type":"Organization","@id":"https:\/\/exparto.pl\/ro\/#organization","name":"EXPARTO","url":"https:\/\/exparto.pl\/ro\/","logo":{"@type":"ImageObject","inLanguage":"ro-RO","@id":"https:\/\/exparto.pl\/ro\/#\/schema\/logo\/image\/","url":"https:\/\/exparto.pl\/wp-content\/uploads\/2023\/02\/logo-wektor.png","contentUrl":"https:\/\/exparto.pl\/wp-content\/uploads\/2023\/02\/logo-wektor.png","width":1338,"height":143,"caption":"EXPARTO"},"image":{"@id":"https:\/\/exparto.pl\/ro\/#\/schema\/logo\/image\/"},"sameAs":["https:\/\/www.facebook.com\/exparto.agro\/"]}]}},"_links":{"self":[{"href":"https:\/\/exparto.pl\/ro\/wp-json\/wp\/v2\/product\/10748","targetHints":{"allow":["GET"]}}],"collection":[{"href":"https:\/\/exparto.pl\/ro\/wp-json\/wp\/v2\/product"}],"about":[{"href":"https:\/\/exparto.pl\/ro\/wp-json\/wp\/v2\/types\/product"}],"replies":[{"embeddable":true,"href":"https:\/\/exparto.pl\/ro\/wp-json\/wp\/v2\/comments?post=10748"}],"wp:featuredmedia":[{"embeddable":true,"href":"https:\/\/exparto.pl\/ro\/wp-json\/wp\/v2\/media\/10749"}],"wp:attachment":[{"href":"https:\/\/exparto.pl\/ro\/wp-json\/wp\/v2\/media?parent=10748"}],"wp:term":[{"taxonomy":"product_brand","embeddable":true,"href":"https:\/\/exparto.pl\/ro\/wp-json\/wp\/v2\/product_brand?post=10748"},{"taxonomy":"product_cat","embeddable":true,"href":"https:\/\/exparto.pl\/ro\/wp-json\/wp\/v2\/product_cat?post=10748"},{"taxonomy":"product_tag","embeddable":true,"href":"https:\/\/exparto.pl\/ro\/wp-json\/wp\/v2\/product_tag?post=10748"}],"curies":[{"name":"wp","href":"https:\/\/api.w.org\/{rel}","templated":true}]}}