{"id":10775,"date":"2023-09-17T23:47:25","date_gmt":"2023-09-17T21:47:25","guid":{"rendered":"https:\/\/exparto.pl\/produkt\/atomizor-cu-ejector-cu-doua-fluxuri-8ms11004p2-rosu\/"},"modified":"2023-09-17T23:47:25","modified_gmt":"2023-09-17T21:47:25","slug":"atomizor-ezector-double-stream-8ms11004p2-red","status":"publish","type":"product","link":"https:\/\/exparto.pl\/ro\/produkt\/atomizor-ezector-double-stream-8ms11004p2-red\/","title":{"rendered":"Atomizor cu ejector cu dou\u0103 fluxuri 8MS11004P2 ro\u0219u"},"content":{"rendered":"<p style=\"text-align: justify\"><span style=\"color: inherit;font-weight: 700 !important\">Atomizor cu ejector cu dou\u0103 fluxuri<\/span>&nbsp;cu o inser\u021bie din polimer roz \u00eent\u0103rit\u0103 cu molecule anorganice. Aceast\u0103 tehnologie de produc\u021bie nou\u0103 \u0219i inovatoare, care const\u0103 \u00eentr-o structur\u0103 de duz\u0103 cu dou\u0103 componente, format\u0103 dintr-o carcas\u0103 \u0219i o inser\u021bie, special \u00eent\u0103rit\u0103 cu molecule anorganice, permite o reducere de patru ori a abraziunii duzei, men\u021bin\u00e2nd \u00een acela\u0219i timp cei mai buni parametri de pulverizare, \u00een conformitate cu standardele actuale. Noua linie de duze ranforsate cu fibre anorganice este solu\u021bia ideal\u0103 pentru fermierii cu suprafe\u021be de cultur\u0103 de dimensiuni medii, unde duzele obi\u0219nuite din plastic nu sunt suficient de durabile \u0219i se spal\u0103 prea repede.<\/p>\n<p style=\"text-align: justify\"><\/p>\n<\/p>\n<ul>\n<li><b>Atomizorul \u00eemparte jetul de pulverizare \u00een dou\u0103 &#8211; 30\u00ba de la axa vertical\u0103 \u00een fa\u021b\u0103 \u0219i 30\u00ba \u00een spate, ceea ce are ca rezultat o mai bun\u0103 acoperire a plantei care este pulverizat\u0103;<\/b><\/li>\n<li><b>Permite tratamente la viteze ale v\u00e2ntului de p\u00e2n\u0103 la 8 m\/s;<\/b><\/li>\n<li><b>Tehnologia inovatoare a duzei din dou\u0103 piese asigur\u0103 o uniformitate excelent\u0103 a pulveriz\u0103rii;<\/b><\/li>\n<li><b>O inser\u021bie de culoare roz, special \u00eent\u0103rit\u0103 cu molecule anorganice, \u00eei tripleaz\u0103 de peste patru ori durata de via\u021b\u0103;<\/b><\/li>\n<li><b>Fabricat din materiale de cea mai \u00eenalt\u0103 calitate, ob\u021binute exclusiv de la furnizori atent selec\u021biona\u021bi;<\/b><\/li>\n<li><b>Produce pic\u0103turi aerisite groase \u0219i foarte groase, rezistente la deriv\u0103;<\/b><\/li>\n<li><b>Supus unor teste stricte de calitate;<\/b><\/li>\n<li><b>Designul universal se potrive\u0219te tuturor tipurilor standard de cap \u0219i de corp;<\/b><\/li>\n<li><b>Culoare \u0219i performan\u021b\u0103 \u00een conformitate cu standardul ISO pentru pulveriz\u0103ri \u00een c\u00e2mp;<\/b><\/li>\n<li><b>Utilizare: Pentru produse de protec\u021bie a plantelor \u0219i regulatori de cre\u0219tere;<\/b><\/li>\n<li><b>Pentru acest tip de duz\u0103, recomand\u0103m utilizarea unei filtr\u0103ri suplimentare sub forma unor filtre \u00eentre sec\u021biuni (montate pe fiecare sec\u021biune) sau a unor filtre din o\u021bel inoxidabil PROLINE (montate pe fiecare duz\u0103) cu o densitate de cel pu\u021bin 100 de ochiuri, disponibile \u00een oferta noastr\u0103;<\/b><\/li>\n<\/ul>\n","protected":false},"excerpt":{"rendered":"<p style=\"text-align: justify\">Atomizor cu ejector cu dou\u0103 fluxuri, cu o inser\u021bie din polimer roz \u00eent\u0103rit\u0103 cu molecule anorganice.<\/p>\n","protected":false},"featured_media":10776,"comment_status":"open","ping_status":"closed","template":"","meta":{"_acf_changed":false,"inline_featured_image":false},"product_brand":[],"product_cat":[361],"product_tag":[],"class_list":{"0":"post-10775","1":"product","2":"type-product","3":"status-publish","4":"has-post-thumbnail","6":"product_cat-spray-uri","8":"first","9":"instock","10":"taxable","11":"shipping-taxable","12":"purchasable","13":"product-type-simple"},"acf":[],"yoast_head":"<!-- This site is optimized with the Yoast SEO plugin v27.4 - https:\/\/yoast.com\/product\/yoast-seo-wordpress\/ -->\n<title>Atomizor cu ejector cu dou\u0103 fluxuri 8MS11004P2 ro\u0219u - Exparto.pl<\/title>\n<meta name=\"robots\" content=\"index, follow, max-snippet:-1, max-image-preview:large, max-video-preview:-1\" \/>\n<link rel=\"canonical\" href=\"https:\/\/exparto.pl\/ro\/produkt\/atomizor-ezector-double-stream-8ms11004p2-red\/\" \/>\n<meta property=\"og:locale\" content=\"ro_RO\" \/>\n<meta property=\"og:type\" content=\"article\" \/>\n<meta property=\"og:title\" content=\"Atomizor cu ejector cu dou\u0103 fluxuri 8MS11004P2 ro\u0219u - Exparto.pl\" \/>\n<meta property=\"og:description\" content=\"Atomizor cu ejector cu dou\u0103 fluxuri, cu o inser\u021bie din polimer roz \u00eent\u0103rit\u0103 cu molecule anorganice.\" \/>\n<meta property=\"og:url\" content=\"https:\/\/exparto.pl\/ro\/produkt\/atomizor-ezector-double-stream-8ms11004p2-red\/\" \/>\n<meta property=\"og:site_name\" content=\"Exparto.pl\" \/>\n<meta property=\"article:publisher\" content=\"https:\/\/www.facebook.com\/exparto.agro\/\" \/>\n<meta property=\"og:image\" content=\"https:\/\/exparto.pl\/wp-content\/uploads\/2023\/09\/196b5901b1d9cac4522c07f292b7c183.jpg\" \/>\n\t<meta property=\"og:image:width\" content=\"1000\" \/>\n\t<meta property=\"og:image:height\" content=\"1000\" \/>\n\t<meta property=\"og:image:type\" content=\"image\/jpeg\" \/>\n<meta name=\"twitter:card\" content=\"summary_large_image\" \/>\n<meta name=\"twitter:label1\" content=\"Timp estimat pentru citire\" \/>\n\t<meta name=\"twitter:data1\" content=\"2 minute\" \/>\n<script type=\"application\/ld+json\" class=\"yoast-schema-graph\">{\"@context\":\"https:\\\/\\\/schema.org\",\"@graph\":[{\"@type\":\"WebPage\",\"@id\":\"https:\\\/\\\/exparto.pl\\\/ro\\\/produkt\\\/atomizor-ezector-double-stream-8ms11004p2-red\\\/\",\"url\":\"https:\\\/\\\/exparto.pl\\\/ro\\\/produkt\\\/atomizor-ezector-double-stream-8ms11004p2-red\\\/\",\"name\":\"Atomizor cu ejector cu dou\u0103 fluxuri 8MS11004P2 ro\u0219u - Exparto.pl\",\"isPartOf\":{\"@id\":\"https:\\\/\\\/exparto.pl\\\/ro\\\/#website\"},\"primaryImageOfPage\":{\"@id\":\"https:\\\/\\\/exparto.pl\\\/ro\\\/produkt\\\/atomizor-ezector-double-stream-8ms11004p2-red\\\/#primaryimage\"},\"image\":{\"@id\":\"https:\\\/\\\/exparto.pl\\\/ro\\\/produkt\\\/atomizor-ezector-double-stream-8ms11004p2-red\\\/#primaryimage\"},\"thumbnailUrl\":\"https:\\\/\\\/exparto.pl\\\/wp-content\\\/uploads\\\/2023\\\/09\\\/196b5901b1d9cac4522c07f292b7c183.jpg\",\"datePublished\":\"2023-09-17T21:47:25+00:00\",\"breadcrumb\":{\"@id\":\"https:\\\/\\\/exparto.pl\\\/ro\\\/produkt\\\/atomizor-ezector-double-stream-8ms11004p2-red\\\/#breadcrumb\"},\"inLanguage\":\"ro-RO\",\"potentialAction\":[{\"@type\":\"ReadAction\",\"target\":[\"https:\\\/\\\/exparto.pl\\\/ro\\\/produkt\\\/atomizor-ezector-double-stream-8ms11004p2-red\\\/\"]}]},{\"@type\":\"ImageObject\",\"inLanguage\":\"ro-RO\",\"@id\":\"https:\\\/\\\/exparto.pl\\\/ro\\\/produkt\\\/atomizor-ezector-double-stream-8ms11004p2-red\\\/#primaryimage\",\"url\":\"https:\\\/\\\/exparto.pl\\\/wp-content\\\/uploads\\\/2023\\\/09\\\/196b5901b1d9cac4522c07f292b7c183.jpg\",\"contentUrl\":\"https:\\\/\\\/exparto.pl\\\/wp-content\\\/uploads\\\/2023\\\/09\\\/196b5901b1d9cac4522c07f292b7c183.jpg\",\"width\":1000,\"height\":1000},{\"@type\":\"BreadcrumbList\",\"@id\":\"https:\\\/\\\/exparto.pl\\\/ro\\\/produkt\\\/atomizor-ezector-double-stream-8ms11004p2-red\\\/#breadcrumb\",\"itemListElement\":[{\"@type\":\"ListItem\",\"position\":1,\"name\":\"Pagina de start\",\"item\":\"https:\\\/\\\/exparto.pl\\\/ro\\\/pagina-de-start\\\/\"},{\"@type\":\"ListItem\",\"position\":2,\"name\":\"Sklep\",\"item\":\"https:\\\/\\\/exparto.pl\\\/sklep\\\/\"},{\"@type\":\"ListItem\",\"position\":3,\"name\":\"Piese pentru pulverizatoare\",\"item\":\"https:\\\/\\\/exparto.pl\\\/ro\\\/categoria-de-produse\\\/piese-pentru-pulverizatoare\\\/\"},{\"@type\":\"ListItem\",\"position\":4,\"name\":\"Spray-uri\",\"item\":\"https:\\\/\\\/exparto.pl\\\/ro\\\/categoria-de-produse\\\/piese-pentru-pulverizatoare\\\/spray-uri\\\/\"},{\"@type\":\"ListItem\",\"position\":5,\"name\":\"Atomizor cu ejector cu dou\u0103 fluxuri 8MS11004P2 ro\u0219u\"}]},{\"@type\":\"WebSite\",\"@id\":\"https:\\\/\\\/exparto.pl\\\/ro\\\/#website\",\"url\":\"https:\\\/\\\/exparto.pl\\\/ro\\\/\",\"name\":\"EXPARTO\",\"description\":\"More than agro parts\",\"publisher\":{\"@id\":\"https:\\\/\\\/exparto.pl\\\/ro\\\/#organization\"},\"potentialAction\":[{\"@type\":\"SearchAction\",\"target\":{\"@type\":\"EntryPoint\",\"urlTemplate\":\"https:\\\/\\\/exparto.pl\\\/ro\\\/?s={search_term_string}\"},\"query-input\":{\"@type\":\"PropertyValueSpecification\",\"valueRequired\":true,\"valueName\":\"search_term_string\"}}],\"inLanguage\":\"ro-RO\"},{\"@type\":\"Organization\",\"@id\":\"https:\\\/\\\/exparto.pl\\\/ro\\\/#organization\",\"name\":\"EXPARTO\",\"url\":\"https:\\\/\\\/exparto.pl\\\/ro\\\/\",\"logo\":{\"@type\":\"ImageObject\",\"inLanguage\":\"ro-RO\",\"@id\":\"https:\\\/\\\/exparto.pl\\\/ro\\\/#\\\/schema\\\/logo\\\/image\\\/\",\"url\":\"https:\\\/\\\/exparto.pl\\\/wp-content\\\/uploads\\\/2023\\\/02\\\/logo-wektor.png\",\"contentUrl\":\"https:\\\/\\\/exparto.pl\\\/wp-content\\\/uploads\\\/2023\\\/02\\\/logo-wektor.png\",\"width\":1338,\"height\":143,\"caption\":\"EXPARTO\"},\"image\":{\"@id\":\"https:\\\/\\\/exparto.pl\\\/ro\\\/#\\\/schema\\\/logo\\\/image\\\/\"},\"sameAs\":[\"https:\\\/\\\/www.facebook.com\\\/exparto.agro\\\/\"]}]}<\/script>\n<!-- \/ Yoast SEO plugin. -->","yoast_head_json":{"title":"Atomizor cu ejector cu dou\u0103 fluxuri 8MS11004P2 ro\u0219u - Exparto.pl","robots":{"index":"index","follow":"follow","max-snippet":"max-snippet:-1","max-image-preview":"max-image-preview:large","max-video-preview":"max-video-preview:-1"},"canonical":"https:\/\/exparto.pl\/ro\/produkt\/atomizor-ezector-double-stream-8ms11004p2-red\/","og_locale":"ro_RO","og_type":"article","og_title":"Atomizor cu ejector cu dou\u0103 fluxuri 8MS11004P2 ro\u0219u - Exparto.pl","og_description":"Atomizor cu ejector cu dou\u0103 fluxuri, cu o inser\u021bie din polimer roz \u00eent\u0103rit\u0103 cu molecule anorganice.","og_url":"https:\/\/exparto.pl\/ro\/produkt\/atomizor-ezector-double-stream-8ms11004p2-red\/","og_site_name":"Exparto.pl","article_publisher":"https:\/\/www.facebook.com\/exparto.agro\/","og_image":[{"width":1000,"height":1000,"url":"https:\/\/exparto.pl\/wp-content\/uploads\/2023\/09\/196b5901b1d9cac4522c07f292b7c183.jpg","type":"image\/jpeg"}],"twitter_card":"summary_large_image","twitter_misc":{"Timp estimat pentru citire":"2 minute"},"schema":{"@context":"https:\/\/schema.org","@graph":[{"@type":"WebPage","@id":"https:\/\/exparto.pl\/ro\/produkt\/atomizor-ezector-double-stream-8ms11004p2-red\/","url":"https:\/\/exparto.pl\/ro\/produkt\/atomizor-ezector-double-stream-8ms11004p2-red\/","name":"Atomizor cu ejector cu dou\u0103 fluxuri 8MS11004P2 ro\u0219u - Exparto.pl","isPartOf":{"@id":"https:\/\/exparto.pl\/ro\/#website"},"primaryImageOfPage":{"@id":"https:\/\/exparto.pl\/ro\/produkt\/atomizor-ezector-double-stream-8ms11004p2-red\/#primaryimage"},"image":{"@id":"https:\/\/exparto.pl\/ro\/produkt\/atomizor-ezector-double-stream-8ms11004p2-red\/#primaryimage"},"thumbnailUrl":"https:\/\/exparto.pl\/wp-content\/uploads\/2023\/09\/196b5901b1d9cac4522c07f292b7c183.jpg","datePublished":"2023-09-17T21:47:25+00:00","breadcrumb":{"@id":"https:\/\/exparto.pl\/ro\/produkt\/atomizor-ezector-double-stream-8ms11004p2-red\/#breadcrumb"},"inLanguage":"ro-RO","potentialAction":[{"@type":"ReadAction","target":["https:\/\/exparto.pl\/ro\/produkt\/atomizor-ezector-double-stream-8ms11004p2-red\/"]}]},{"@type":"ImageObject","inLanguage":"ro-RO","@id":"https:\/\/exparto.pl\/ro\/produkt\/atomizor-ezector-double-stream-8ms11004p2-red\/#primaryimage","url":"https:\/\/exparto.pl\/wp-content\/uploads\/2023\/09\/196b5901b1d9cac4522c07f292b7c183.jpg","contentUrl":"https:\/\/exparto.pl\/wp-content\/uploads\/2023\/09\/196b5901b1d9cac4522c07f292b7c183.jpg","width":1000,"height":1000},{"@type":"BreadcrumbList","@id":"https:\/\/exparto.pl\/ro\/produkt\/atomizor-ezector-double-stream-8ms11004p2-red\/#breadcrumb","itemListElement":[{"@type":"ListItem","position":1,"name":"Pagina de start","item":"https:\/\/exparto.pl\/ro\/pagina-de-start\/"},{"@type":"ListItem","position":2,"name":"Sklep","item":"https:\/\/exparto.pl\/sklep\/"},{"@type":"ListItem","position":3,"name":"Piese pentru pulverizatoare","item":"https:\/\/exparto.pl\/ro\/categoria-de-produse\/piese-pentru-pulverizatoare\/"},{"@type":"ListItem","position":4,"name":"Spray-uri","item":"https:\/\/exparto.pl\/ro\/categoria-de-produse\/piese-pentru-pulverizatoare\/spray-uri\/"},{"@type":"ListItem","position":5,"name":"Atomizor cu ejector cu dou\u0103 fluxuri 8MS11004P2 ro\u0219u"}]},{"@type":"WebSite","@id":"https:\/\/exparto.pl\/ro\/#website","url":"https:\/\/exparto.pl\/ro\/","name":"EXPARTO","description":"More than agro parts","publisher":{"@id":"https:\/\/exparto.pl\/ro\/#organization"},"potentialAction":[{"@type":"SearchAction","target":{"@type":"EntryPoint","urlTemplate":"https:\/\/exparto.pl\/ro\/?s={search_term_string}"},"query-input":{"@type":"PropertyValueSpecification","valueRequired":true,"valueName":"search_term_string"}}],"inLanguage":"ro-RO"},{"@type":"Organization","@id":"https:\/\/exparto.pl\/ro\/#organization","name":"EXPARTO","url":"https:\/\/exparto.pl\/ro\/","logo":{"@type":"ImageObject","inLanguage":"ro-RO","@id":"https:\/\/exparto.pl\/ro\/#\/schema\/logo\/image\/","url":"https:\/\/exparto.pl\/wp-content\/uploads\/2023\/02\/logo-wektor.png","contentUrl":"https:\/\/exparto.pl\/wp-content\/uploads\/2023\/02\/logo-wektor.png","width":1338,"height":143,"caption":"EXPARTO"},"image":{"@id":"https:\/\/exparto.pl\/ro\/#\/schema\/logo\/image\/"},"sameAs":["https:\/\/www.facebook.com\/exparto.agro\/"]}]}},"_links":{"self":[{"href":"https:\/\/exparto.pl\/ro\/wp-json\/wp\/v2\/product\/10775","targetHints":{"allow":["GET"]}}],"collection":[{"href":"https:\/\/exparto.pl\/ro\/wp-json\/wp\/v2\/product"}],"about":[{"href":"https:\/\/exparto.pl\/ro\/wp-json\/wp\/v2\/types\/product"}],"replies":[{"embeddable":true,"href":"https:\/\/exparto.pl\/ro\/wp-json\/wp\/v2\/comments?post=10775"}],"wp:featuredmedia":[{"embeddable":true,"href":"https:\/\/exparto.pl\/ro\/wp-json\/wp\/v2\/media\/10776"}],"wp:attachment":[{"href":"https:\/\/exparto.pl\/ro\/wp-json\/wp\/v2\/media?parent=10775"}],"wp:term":[{"taxonomy":"product_brand","embeddable":true,"href":"https:\/\/exparto.pl\/ro\/wp-json\/wp\/v2\/product_brand?post=10775"},{"taxonomy":"product_cat","embeddable":true,"href":"https:\/\/exparto.pl\/ro\/wp-json\/wp\/v2\/product_cat?post=10775"},{"taxonomy":"product_tag","embeddable":true,"href":"https:\/\/exparto.pl\/ro\/wp-json\/wp\/v2\/product_tag?post=10775"}],"curies":[{"name":"wp","href":"https:\/\/api.w.org\/{rel}","templated":true}]}}