{"id":10777,"date":"2023-09-17T23:55:23","date_gmt":"2023-09-17T21:55:23","guid":{"rendered":"https:\/\/exparto.pl\/produkt\/atomizor-compact-cu-ejector-ceramic-02-galben\/"},"modified":"2023-09-17T23:55:23","modified_gmt":"2023-09-17T21:55:23","slug":"duza-de-pulverizare-compact-ceramica-02-aur","status":"publish","type":"product","link":"https:\/\/exparto.pl\/ro\/produkt\/duza-de-pulverizare-compact-ceramica-02-aur\/","title":{"rendered":"Atomizor compact cu ejector ceramic 02 galben"},"content":{"rendered":"<p style=\"text-align: justify\">Atomizoarele cu ejector produc bule de aer \u00een interiorul pic\u0103turilor mari prin intermediul unui curent de aer aspirat prin g\u0103urile de la baz\u0103. Pe m\u0103sur\u0103 ce pic\u0103turile de pulverizare cad pe suprafa\u021ba plantei, ele sunt fragmentate \u00een pic\u0103turi mai fine, ceea ce spore\u0219te eficacitatea \u0219i uniformitatea tratamentului.<\/p>\n<p style=\"text-align: justify\">Produce pic\u0103turi grosiere p\u00e2n\u0103 la foarte grosiere cu o rezisten\u021b\u0103 ridicat\u0103 la deriv\u0103 \u0219i, prin urmare, permite pulverizarea \u00een condi\u021bii nefavorabile (v\u00e2nt de p\u00e2n\u0103 la 8 m\/s, umiditate sc\u0103zut\u0103, temperaturi ridicate).<\/p>\n<p style=\"text-align: justify\">Se utilizeaz\u0103 pentru produse de protec\u021bie a plantelor, regulatori de cre\u0219tere, culturi de c\u00e2mp.<\/p>\n<p style=\"text-align: justify\">Duze ejectoare compacte cu inser\u021bii ceramice<\/p>\n<\/p>\n<ul>\n<li style=\"text-align: justify\"><b>primele duze poloneze de calitate superioar\u0103 cu inser\u021bie ceramic\u0103<\/b><\/li>\n<li style=\"text-align: justify\"><b>ceramic\u0103 certificat\u0103 cu o puritate de 99,8% pentru cea mai lung\u0103 durat\u0103 de via\u021b\u0103<\/b><\/li>\n<li style=\"text-align: justify\"><b>pic\u0103turile mari aerisite reduc c\u00e2t mai mult posibil deriva \u0219i, la contactul cu planta, se transform\u0103 \u00een multe pic\u0103turi fine pentru o acoperire uniform\u0103.<\/b><\/li>\n<li style=\"text-align: justify\"><b>jet plat cu un unghi de 110\u00b0.<\/b><\/li>\n<li style=\"text-align: justify\"><b>designul compact reduce riscul de deteriorare<\/b><\/li>\n<li style=\"text-align: justify\"><b>Conversie convenabil\u0103 &#8211; capac \u0219i duz\u0103 de ejec\u021bie \u00eentr-unul singur<\/b><\/li>\n<li style=\"text-align: justify\"><b>Gama de presiune de lucru 2,5-8 bar<\/b><\/li>\n<li style=\"text-align: justify\"><b>standard de fixare tip Arag, tip TeeJet<\/b><\/li>\n<li style=\"text-align: justify\"><b>garnitur\u0103 inclus\u0103<\/b><\/li>\n<\/ul>\n<\/p>\n<ul>\n<li style=\"text-align: justify\"><b>dou\u0103 orificii de aspira\u021bie concepute pentru a preveni auto\u00eenfundarea<\/b><\/li>\n<\/ul>\n","protected":false},"excerpt":{"rendered":"<p style=\"text-align: justify\">Atomizor ejector compact cu inser\u021bie ceramic\u0103.<\/p>\n","protected":false},"featured_media":10778,"comment_status":"open","ping_status":"closed","template":"","meta":{"_acf_changed":false,"inline_featured_image":false},"product_brand":[],"product_cat":[361],"product_tag":[],"class_list":{"0":"post-10777","1":"product","2":"type-product","3":"status-publish","4":"has-post-thumbnail","6":"product_cat-spray-uri","8":"first","9":"instock","10":"taxable","11":"shipping-taxable","12":"purchasable","13":"product-type-simple"},"acf":[],"yoast_head":"<!-- This site is optimized with the Yoast SEO plugin v27.4 - https:\/\/yoast.com\/product\/yoast-seo-wordpress\/ -->\n<title>Atomizor compact cu ejector ceramic 02 galben - Exparto.pl<\/title>\n<meta name=\"robots\" content=\"index, follow, max-snippet:-1, max-image-preview:large, max-video-preview:-1\" \/>\n<link rel=\"canonical\" href=\"https:\/\/exparto.pl\/ro\/produkt\/duza-de-pulverizare-compact-ceramica-02-aur\/\" \/>\n<meta property=\"og:locale\" content=\"ro_RO\" \/>\n<meta property=\"og:type\" content=\"article\" \/>\n<meta property=\"og:title\" content=\"Atomizor compact cu ejector ceramic 02 galben - Exparto.pl\" \/>\n<meta property=\"og:description\" content=\"Atomizor ejector compact cu inser\u021bie ceramic\u0103.\" \/>\n<meta property=\"og:url\" content=\"https:\/\/exparto.pl\/ro\/produkt\/duza-de-pulverizare-compact-ceramica-02-aur\/\" \/>\n<meta property=\"og:site_name\" content=\"Exparto.pl\" \/>\n<meta property=\"article:publisher\" content=\"https:\/\/www.facebook.com\/exparto.agro\/\" \/>\n<meta property=\"og:image\" content=\"https:\/\/exparto.pl\/wp-content\/uploads\/2023\/09\/0f15125d7f4e026ea312577e36975401.jpg\" \/>\n\t<meta property=\"og:image:width\" content=\"1000\" \/>\n\t<meta property=\"og:image:height\" content=\"1000\" \/>\n\t<meta property=\"og:image:type\" content=\"image\/jpeg\" \/>\n<meta name=\"twitter:card\" content=\"summary_large_image\" \/>\n<meta name=\"twitter:label1\" content=\"Timp estimat pentru citire\" \/>\n\t<meta name=\"twitter:data1\" content=\"1 minut\" \/>\n<script type=\"application\/ld+json\" class=\"yoast-schema-graph\">{\"@context\":\"https:\\\/\\\/schema.org\",\"@graph\":[{\"@type\":\"WebPage\",\"@id\":\"https:\\\/\\\/exparto.pl\\\/ro\\\/produkt\\\/duza-de-pulverizare-compact-ceramica-02-aur\\\/\",\"url\":\"https:\\\/\\\/exparto.pl\\\/ro\\\/produkt\\\/duza-de-pulverizare-compact-ceramica-02-aur\\\/\",\"name\":\"Atomizor compact cu ejector ceramic 02 galben - Exparto.pl\",\"isPartOf\":{\"@id\":\"https:\\\/\\\/exparto.pl\\\/ro\\\/#website\"},\"primaryImageOfPage\":{\"@id\":\"https:\\\/\\\/exparto.pl\\\/ro\\\/produkt\\\/duza-de-pulverizare-compact-ceramica-02-aur\\\/#primaryimage\"},\"image\":{\"@id\":\"https:\\\/\\\/exparto.pl\\\/ro\\\/produkt\\\/duza-de-pulverizare-compact-ceramica-02-aur\\\/#primaryimage\"},\"thumbnailUrl\":\"https:\\\/\\\/exparto.pl\\\/wp-content\\\/uploads\\\/2023\\\/09\\\/0f15125d7f4e026ea312577e36975401.jpg\",\"datePublished\":\"2023-09-17T21:55:23+00:00\",\"breadcrumb\":{\"@id\":\"https:\\\/\\\/exparto.pl\\\/ro\\\/produkt\\\/duza-de-pulverizare-compact-ceramica-02-aur\\\/#breadcrumb\"},\"inLanguage\":\"ro-RO\",\"potentialAction\":[{\"@type\":\"ReadAction\",\"target\":[\"https:\\\/\\\/exparto.pl\\\/ro\\\/produkt\\\/duza-de-pulverizare-compact-ceramica-02-aur\\\/\"]}]},{\"@type\":\"ImageObject\",\"inLanguage\":\"ro-RO\",\"@id\":\"https:\\\/\\\/exparto.pl\\\/ro\\\/produkt\\\/duza-de-pulverizare-compact-ceramica-02-aur\\\/#primaryimage\",\"url\":\"https:\\\/\\\/exparto.pl\\\/wp-content\\\/uploads\\\/2023\\\/09\\\/0f15125d7f4e026ea312577e36975401.jpg\",\"contentUrl\":\"https:\\\/\\\/exparto.pl\\\/wp-content\\\/uploads\\\/2023\\\/09\\\/0f15125d7f4e026ea312577e36975401.jpg\",\"width\":1000,\"height\":1000},{\"@type\":\"BreadcrumbList\",\"@id\":\"https:\\\/\\\/exparto.pl\\\/ro\\\/produkt\\\/duza-de-pulverizare-compact-ceramica-02-aur\\\/#breadcrumb\",\"itemListElement\":[{\"@type\":\"ListItem\",\"position\":1,\"name\":\"Pagina de start\",\"item\":\"https:\\\/\\\/exparto.pl\\\/ro\\\/pagina-de-start\\\/\"},{\"@type\":\"ListItem\",\"position\":2,\"name\":\"Sklep\",\"item\":\"https:\\\/\\\/exparto.pl\\\/sklep\\\/\"},{\"@type\":\"ListItem\",\"position\":3,\"name\":\"Piese pentru pulverizatoare\",\"item\":\"https:\\\/\\\/exparto.pl\\\/ro\\\/categoria-de-produse\\\/piese-pentru-pulverizatoare\\\/\"},{\"@type\":\"ListItem\",\"position\":4,\"name\":\"Spray-uri\",\"item\":\"https:\\\/\\\/exparto.pl\\\/ro\\\/categoria-de-produse\\\/piese-pentru-pulverizatoare\\\/spray-uri\\\/\"},{\"@type\":\"ListItem\",\"position\":5,\"name\":\"Atomizor compact cu ejector ceramic 02 galben\"}]},{\"@type\":\"WebSite\",\"@id\":\"https:\\\/\\\/exparto.pl\\\/ro\\\/#website\",\"url\":\"https:\\\/\\\/exparto.pl\\\/ro\\\/\",\"name\":\"EXPARTO\",\"description\":\"More than agro parts\",\"publisher\":{\"@id\":\"https:\\\/\\\/exparto.pl\\\/ro\\\/#organization\"},\"potentialAction\":[{\"@type\":\"SearchAction\",\"target\":{\"@type\":\"EntryPoint\",\"urlTemplate\":\"https:\\\/\\\/exparto.pl\\\/ro\\\/?s={search_term_string}\"},\"query-input\":{\"@type\":\"PropertyValueSpecification\",\"valueRequired\":true,\"valueName\":\"search_term_string\"}}],\"inLanguage\":\"ro-RO\"},{\"@type\":\"Organization\",\"@id\":\"https:\\\/\\\/exparto.pl\\\/ro\\\/#organization\",\"name\":\"EXPARTO\",\"url\":\"https:\\\/\\\/exparto.pl\\\/ro\\\/\",\"logo\":{\"@type\":\"ImageObject\",\"inLanguage\":\"ro-RO\",\"@id\":\"https:\\\/\\\/exparto.pl\\\/ro\\\/#\\\/schema\\\/logo\\\/image\\\/\",\"url\":\"https:\\\/\\\/exparto.pl\\\/wp-content\\\/uploads\\\/2023\\\/02\\\/logo-wektor.png\",\"contentUrl\":\"https:\\\/\\\/exparto.pl\\\/wp-content\\\/uploads\\\/2023\\\/02\\\/logo-wektor.png\",\"width\":1338,\"height\":143,\"caption\":\"EXPARTO\"},\"image\":{\"@id\":\"https:\\\/\\\/exparto.pl\\\/ro\\\/#\\\/schema\\\/logo\\\/image\\\/\"},\"sameAs\":[\"https:\\\/\\\/www.facebook.com\\\/exparto.agro\\\/\"]}]}<\/script>\n<!-- \/ Yoast SEO plugin. -->","yoast_head_json":{"title":"Atomizor compact cu ejector ceramic 02 galben - Exparto.pl","robots":{"index":"index","follow":"follow","max-snippet":"max-snippet:-1","max-image-preview":"max-image-preview:large","max-video-preview":"max-video-preview:-1"},"canonical":"https:\/\/exparto.pl\/ro\/produkt\/duza-de-pulverizare-compact-ceramica-02-aur\/","og_locale":"ro_RO","og_type":"article","og_title":"Atomizor compact cu ejector ceramic 02 galben - Exparto.pl","og_description":"Atomizor ejector compact cu inser\u021bie ceramic\u0103.","og_url":"https:\/\/exparto.pl\/ro\/produkt\/duza-de-pulverizare-compact-ceramica-02-aur\/","og_site_name":"Exparto.pl","article_publisher":"https:\/\/www.facebook.com\/exparto.agro\/","og_image":[{"width":1000,"height":1000,"url":"https:\/\/exparto.pl\/wp-content\/uploads\/2023\/09\/0f15125d7f4e026ea312577e36975401.jpg","type":"image\/jpeg"}],"twitter_card":"summary_large_image","twitter_misc":{"Timp estimat pentru citire":"1 minut"},"schema":{"@context":"https:\/\/schema.org","@graph":[{"@type":"WebPage","@id":"https:\/\/exparto.pl\/ro\/produkt\/duza-de-pulverizare-compact-ceramica-02-aur\/","url":"https:\/\/exparto.pl\/ro\/produkt\/duza-de-pulverizare-compact-ceramica-02-aur\/","name":"Atomizor compact cu ejector ceramic 02 galben - Exparto.pl","isPartOf":{"@id":"https:\/\/exparto.pl\/ro\/#website"},"primaryImageOfPage":{"@id":"https:\/\/exparto.pl\/ro\/produkt\/duza-de-pulverizare-compact-ceramica-02-aur\/#primaryimage"},"image":{"@id":"https:\/\/exparto.pl\/ro\/produkt\/duza-de-pulverizare-compact-ceramica-02-aur\/#primaryimage"},"thumbnailUrl":"https:\/\/exparto.pl\/wp-content\/uploads\/2023\/09\/0f15125d7f4e026ea312577e36975401.jpg","datePublished":"2023-09-17T21:55:23+00:00","breadcrumb":{"@id":"https:\/\/exparto.pl\/ro\/produkt\/duza-de-pulverizare-compact-ceramica-02-aur\/#breadcrumb"},"inLanguage":"ro-RO","potentialAction":[{"@type":"ReadAction","target":["https:\/\/exparto.pl\/ro\/produkt\/duza-de-pulverizare-compact-ceramica-02-aur\/"]}]},{"@type":"ImageObject","inLanguage":"ro-RO","@id":"https:\/\/exparto.pl\/ro\/produkt\/duza-de-pulverizare-compact-ceramica-02-aur\/#primaryimage","url":"https:\/\/exparto.pl\/wp-content\/uploads\/2023\/09\/0f15125d7f4e026ea312577e36975401.jpg","contentUrl":"https:\/\/exparto.pl\/wp-content\/uploads\/2023\/09\/0f15125d7f4e026ea312577e36975401.jpg","width":1000,"height":1000},{"@type":"BreadcrumbList","@id":"https:\/\/exparto.pl\/ro\/produkt\/duza-de-pulverizare-compact-ceramica-02-aur\/#breadcrumb","itemListElement":[{"@type":"ListItem","position":1,"name":"Pagina de start","item":"https:\/\/exparto.pl\/ro\/pagina-de-start\/"},{"@type":"ListItem","position":2,"name":"Sklep","item":"https:\/\/exparto.pl\/sklep\/"},{"@type":"ListItem","position":3,"name":"Piese pentru pulverizatoare","item":"https:\/\/exparto.pl\/ro\/categoria-de-produse\/piese-pentru-pulverizatoare\/"},{"@type":"ListItem","position":4,"name":"Spray-uri","item":"https:\/\/exparto.pl\/ro\/categoria-de-produse\/piese-pentru-pulverizatoare\/spray-uri\/"},{"@type":"ListItem","position":5,"name":"Atomizor compact cu ejector ceramic 02 galben"}]},{"@type":"WebSite","@id":"https:\/\/exparto.pl\/ro\/#website","url":"https:\/\/exparto.pl\/ro\/","name":"EXPARTO","description":"More than agro parts","publisher":{"@id":"https:\/\/exparto.pl\/ro\/#organization"},"potentialAction":[{"@type":"SearchAction","target":{"@type":"EntryPoint","urlTemplate":"https:\/\/exparto.pl\/ro\/?s={search_term_string}"},"query-input":{"@type":"PropertyValueSpecification","valueRequired":true,"valueName":"search_term_string"}}],"inLanguage":"ro-RO"},{"@type":"Organization","@id":"https:\/\/exparto.pl\/ro\/#organization","name":"EXPARTO","url":"https:\/\/exparto.pl\/ro\/","logo":{"@type":"ImageObject","inLanguage":"ro-RO","@id":"https:\/\/exparto.pl\/ro\/#\/schema\/logo\/image\/","url":"https:\/\/exparto.pl\/wp-content\/uploads\/2023\/02\/logo-wektor.png","contentUrl":"https:\/\/exparto.pl\/wp-content\/uploads\/2023\/02\/logo-wektor.png","width":1338,"height":143,"caption":"EXPARTO"},"image":{"@id":"https:\/\/exparto.pl\/ro\/#\/schema\/logo\/image\/"},"sameAs":["https:\/\/www.facebook.com\/exparto.agro\/"]}]}},"_links":{"self":[{"href":"https:\/\/exparto.pl\/ro\/wp-json\/wp\/v2\/product\/10777","targetHints":{"allow":["GET"]}}],"collection":[{"href":"https:\/\/exparto.pl\/ro\/wp-json\/wp\/v2\/product"}],"about":[{"href":"https:\/\/exparto.pl\/ro\/wp-json\/wp\/v2\/types\/product"}],"replies":[{"embeddable":true,"href":"https:\/\/exparto.pl\/ro\/wp-json\/wp\/v2\/comments?post=10777"}],"wp:featuredmedia":[{"embeddable":true,"href":"https:\/\/exparto.pl\/ro\/wp-json\/wp\/v2\/media\/10778"}],"wp:attachment":[{"href":"https:\/\/exparto.pl\/ro\/wp-json\/wp\/v2\/media?parent=10777"}],"wp:term":[{"taxonomy":"product_brand","embeddable":true,"href":"https:\/\/exparto.pl\/ro\/wp-json\/wp\/v2\/product_brand?post=10777"},{"taxonomy":"product_cat","embeddable":true,"href":"https:\/\/exparto.pl\/ro\/wp-json\/wp\/v2\/product_cat?post=10777"},{"taxonomy":"product_tag","embeddable":true,"href":"https:\/\/exparto.pl\/ro\/wp-json\/wp\/v2\/product_tag?post=10777"}],"curies":[{"name":"wp","href":"https:\/\/api.w.org\/{rel}","templated":true}]}}