{"id":10783,"date":"2023-09-17T23:53:41","date_gmt":"2023-09-17T21:53:41","guid":{"rendered":"https:\/\/exparto.pl\/produkt\/atomizor-ceramic-compact-cu-doua-fluxuri-03-albastru\/"},"modified":"2023-09-17T23:53:41","modified_gmt":"2023-09-17T21:53:41","slug":"two-stream-compact-ceramic-spray-03-blue","status":"publish","type":"product","link":"https:\/\/exparto.pl\/ro\/produkt\/two-stream-compact-ceramic-spray-03-blue\/","title":{"rendered":"Atomizor ceramic compact cu dou\u0103 fluxuri 03 albastru"},"content":{"rendered":"<p style=\"text-align: justify\"><b>Duzele compacte<\/b> asigur\u0103 o instalare u\u0219oar\u0103 \u0219i o utilizare convenabil\u0103, men\u021bin\u00e2nd \u00een acela\u0219i timp o performan\u021b\u0103 excelent\u0103. Utilizarea unui model dublu de pulverizare, generat de o inser\u021bie ceramic\u0103, elimin\u0103 practic pericolul de a omite chiar \u0219i cele mai mici zone de pulverizare, garant\u00e2nd \u00een acela\u0219i timp siguran\u021ba instala\u021biei. Utilizarea unei inser\u021bii fabricate din cel mai pur zirconiu asigur\u0103 o durat\u0103 de via\u021b\u0103 foarte lung\u0103 a duzei, men\u021bin\u00e2nd \u00een acela\u0219i timp parametrii de pulverizare originali.<\/p>\n<ul>\n<li style=\"text-align: justify\">Modelul de pulverizare dubl\u0103 de 110\u00ba asigur\u0103 o uniformitate excelent\u0103 a acoperirii plantelor;<\/li>\n<li style=\"text-align: justify\">Pic\u0103turile aerate asigur\u0103 o rezisten\u021b\u0103 foarte mare la deriv\u0103;<\/li>\n<li style=\"text-align: justify\">Produce pic\u0103turi groase \u0219i foarte groase;<\/li>\n<li style=\"text-align: justify\">Designul compact al atomizorului asigur\u0103 o potrivire perfect\u0103 cu toate tipurile de capete \u0219i corpuri standard (tip Arag, tip TeeJet);<\/li>\n<li style=\"text-align: justify\">Presiunea recomandat\u0103: 2-6 bar;<\/li>\n<li style=\"text-align: justify\">\u00cendepline\u0219te cerin\u021bele ISO pentru duzele agricole;<\/li>\n<li style=\"text-align: justify\">Cur\u0103\u021bare u\u0219oar\u0103 f\u0103r\u0103 risc de deteriorare \u0219i decalibrare a atomizorului;<\/li>\n<li style=\"text-align: justify\">Inser\u021bie ceramic\u0103 fabricat\u0103 din cel mai pur zirconiu, care garanteaz\u0103 o duritate \u0219i o rezisten\u021b\u0103 la uzur\u0103 excep\u021bionale (HRC~81);<\/li>\n<li style=\"text-align: justify\">Carcasa, fabricat\u0103 din materiale plastice tehnice ranforsate, ofer\u0103 cu 30% mai mult\u0103 rezisten\u021b\u0103 la deterior\u0103ri mecanice dec\u00e2t materialele utilizate \u00een mod obi\u0219nuit.<\/li>\n<\/ul>\n<p style=\"text-align: justify\">\n<p style=\"text-align: justify\">Utilizare: pentru produse de protec\u021bie a plantelor \u0219i regulatori de cre\u0219tere pentru culturile de c\u00e2mp.<\/p>\n","protected":false},"excerpt":{"rendered":"<p style=\"text-align: justify\">Duzele compacte asigur\u0103 o instalare u\u0219oar\u0103 \u0219i o utilizare convenabil\u0103, men\u021bin\u00e2nd \u00een acela\u0219i timp o performan\u021b\u0103 excelent\u0103.<\/p>\n","protected":false},"featured_media":10784,"comment_status":"open","ping_status":"closed","template":"","meta":{"_acf_changed":false,"inline_featured_image":false},"product_brand":[],"product_cat":[361],"product_tag":[],"class_list":{"0":"post-10783","1":"product","2":"type-product","3":"status-publish","4":"has-post-thumbnail","6":"product_cat-spray-uri","8":"first","9":"instock","10":"taxable","11":"shipping-taxable","12":"purchasable","13":"product-type-simple"},"acf":[],"yoast_head":"<!-- This site is optimized with the Yoast SEO plugin v27.4 - https:\/\/yoast.com\/product\/yoast-seo-wordpress\/ -->\n<title>Atomizor ceramic compact cu dou\u0103 fluxuri 03 albastru - Exparto.pl<\/title>\n<meta name=\"robots\" content=\"index, follow, max-snippet:-1, max-image-preview:large, max-video-preview:-1\" \/>\n<link rel=\"canonical\" href=\"https:\/\/exparto.pl\/ro\/produkt\/two-stream-compact-ceramic-spray-03-blue\/\" \/>\n<meta property=\"og:locale\" content=\"ro_RO\" \/>\n<meta property=\"og:type\" content=\"article\" \/>\n<meta property=\"og:title\" content=\"Atomizor ceramic compact cu dou\u0103 fluxuri 03 albastru - Exparto.pl\" \/>\n<meta property=\"og:description\" content=\"Duzele compacte asigur\u0103 o instalare u\u0219oar\u0103 \u0219i o utilizare convenabil\u0103, men\u021bin\u00e2nd \u00een acela\u0219i timp o performan\u021b\u0103 excelent\u0103.\" \/>\n<meta property=\"og:url\" content=\"https:\/\/exparto.pl\/ro\/produkt\/two-stream-compact-ceramic-spray-03-blue\/\" \/>\n<meta property=\"og:site_name\" content=\"Exparto.pl\" \/>\n<meta property=\"article:publisher\" content=\"https:\/\/www.facebook.com\/exparto.agro\/\" \/>\n<meta property=\"og:image\" content=\"https:\/\/exparto.pl\/wp-content\/uploads\/2023\/09\/bc927eaf1434e10bb5a50ac2cce9215e.jpg\" \/>\n\t<meta property=\"og:image:width\" content=\"1000\" \/>\n\t<meta property=\"og:image:height\" content=\"1000\" \/>\n\t<meta property=\"og:image:type\" content=\"image\/jpeg\" \/>\n<meta name=\"twitter:card\" content=\"summary_large_image\" \/>\n<meta name=\"twitter:label1\" content=\"Timp estimat pentru citire\" \/>\n\t<meta name=\"twitter:data1\" content=\"1 minut\" \/>\n<script type=\"application\/ld+json\" class=\"yoast-schema-graph\">{\"@context\":\"https:\\\/\\\/schema.org\",\"@graph\":[{\"@type\":\"WebPage\",\"@id\":\"https:\\\/\\\/exparto.pl\\\/ro\\\/produkt\\\/two-stream-compact-ceramic-spray-03-blue\\\/\",\"url\":\"https:\\\/\\\/exparto.pl\\\/ro\\\/produkt\\\/two-stream-compact-ceramic-spray-03-blue\\\/\",\"name\":\"Atomizor ceramic compact cu dou\u0103 fluxuri 03 albastru - Exparto.pl\",\"isPartOf\":{\"@id\":\"https:\\\/\\\/exparto.pl\\\/ro\\\/#website\"},\"primaryImageOfPage\":{\"@id\":\"https:\\\/\\\/exparto.pl\\\/ro\\\/produkt\\\/two-stream-compact-ceramic-spray-03-blue\\\/#primaryimage\"},\"image\":{\"@id\":\"https:\\\/\\\/exparto.pl\\\/ro\\\/produkt\\\/two-stream-compact-ceramic-spray-03-blue\\\/#primaryimage\"},\"thumbnailUrl\":\"https:\\\/\\\/exparto.pl\\\/wp-content\\\/uploads\\\/2023\\\/09\\\/bc927eaf1434e10bb5a50ac2cce9215e.jpg\",\"datePublished\":\"2023-09-17T21:53:41+00:00\",\"breadcrumb\":{\"@id\":\"https:\\\/\\\/exparto.pl\\\/ro\\\/produkt\\\/two-stream-compact-ceramic-spray-03-blue\\\/#breadcrumb\"},\"inLanguage\":\"ro-RO\",\"potentialAction\":[{\"@type\":\"ReadAction\",\"target\":[\"https:\\\/\\\/exparto.pl\\\/ro\\\/produkt\\\/two-stream-compact-ceramic-spray-03-blue\\\/\"]}]},{\"@type\":\"ImageObject\",\"inLanguage\":\"ro-RO\",\"@id\":\"https:\\\/\\\/exparto.pl\\\/ro\\\/produkt\\\/two-stream-compact-ceramic-spray-03-blue\\\/#primaryimage\",\"url\":\"https:\\\/\\\/exparto.pl\\\/wp-content\\\/uploads\\\/2023\\\/09\\\/bc927eaf1434e10bb5a50ac2cce9215e.jpg\",\"contentUrl\":\"https:\\\/\\\/exparto.pl\\\/wp-content\\\/uploads\\\/2023\\\/09\\\/bc927eaf1434e10bb5a50ac2cce9215e.jpg\",\"width\":1000,\"height\":1000},{\"@type\":\"BreadcrumbList\",\"@id\":\"https:\\\/\\\/exparto.pl\\\/ro\\\/produkt\\\/two-stream-compact-ceramic-spray-03-blue\\\/#breadcrumb\",\"itemListElement\":[{\"@type\":\"ListItem\",\"position\":1,\"name\":\"Pagina de start\",\"item\":\"https:\\\/\\\/exparto.pl\\\/ro\\\/pagina-de-start\\\/\"},{\"@type\":\"ListItem\",\"position\":2,\"name\":\"Sklep\",\"item\":\"https:\\\/\\\/exparto.pl\\\/sklep\\\/\"},{\"@type\":\"ListItem\",\"position\":3,\"name\":\"Piese pentru pulverizatoare\",\"item\":\"https:\\\/\\\/exparto.pl\\\/ro\\\/categoria-de-produse\\\/piese-pentru-pulverizatoare\\\/\"},{\"@type\":\"ListItem\",\"position\":4,\"name\":\"Spray-uri\",\"item\":\"https:\\\/\\\/exparto.pl\\\/ro\\\/categoria-de-produse\\\/piese-pentru-pulverizatoare\\\/spray-uri\\\/\"},{\"@type\":\"ListItem\",\"position\":5,\"name\":\"Atomizor ceramic compact cu dou\u0103 fluxuri 03 albastru\"}]},{\"@type\":\"WebSite\",\"@id\":\"https:\\\/\\\/exparto.pl\\\/ro\\\/#website\",\"url\":\"https:\\\/\\\/exparto.pl\\\/ro\\\/\",\"name\":\"EXPARTO\",\"description\":\"More than agro parts\",\"publisher\":{\"@id\":\"https:\\\/\\\/exparto.pl\\\/ro\\\/#organization\"},\"potentialAction\":[{\"@type\":\"SearchAction\",\"target\":{\"@type\":\"EntryPoint\",\"urlTemplate\":\"https:\\\/\\\/exparto.pl\\\/ro\\\/?s={search_term_string}\"},\"query-input\":{\"@type\":\"PropertyValueSpecification\",\"valueRequired\":true,\"valueName\":\"search_term_string\"}}],\"inLanguage\":\"ro-RO\"},{\"@type\":\"Organization\",\"@id\":\"https:\\\/\\\/exparto.pl\\\/ro\\\/#organization\",\"name\":\"EXPARTO\",\"url\":\"https:\\\/\\\/exparto.pl\\\/ro\\\/\",\"logo\":{\"@type\":\"ImageObject\",\"inLanguage\":\"ro-RO\",\"@id\":\"https:\\\/\\\/exparto.pl\\\/ro\\\/#\\\/schema\\\/logo\\\/image\\\/\",\"url\":\"https:\\\/\\\/exparto.pl\\\/wp-content\\\/uploads\\\/2023\\\/02\\\/logo-wektor.png\",\"contentUrl\":\"https:\\\/\\\/exparto.pl\\\/wp-content\\\/uploads\\\/2023\\\/02\\\/logo-wektor.png\",\"width\":1338,\"height\":143,\"caption\":\"EXPARTO\"},\"image\":{\"@id\":\"https:\\\/\\\/exparto.pl\\\/ro\\\/#\\\/schema\\\/logo\\\/image\\\/\"},\"sameAs\":[\"https:\\\/\\\/www.facebook.com\\\/exparto.agro\\\/\"]}]}<\/script>\n<!-- \/ Yoast SEO plugin. -->","yoast_head_json":{"title":"Atomizor ceramic compact cu dou\u0103 fluxuri 03 albastru - Exparto.pl","robots":{"index":"index","follow":"follow","max-snippet":"max-snippet:-1","max-image-preview":"max-image-preview:large","max-video-preview":"max-video-preview:-1"},"canonical":"https:\/\/exparto.pl\/ro\/produkt\/two-stream-compact-ceramic-spray-03-blue\/","og_locale":"ro_RO","og_type":"article","og_title":"Atomizor ceramic compact cu dou\u0103 fluxuri 03 albastru - Exparto.pl","og_description":"Duzele compacte asigur\u0103 o instalare u\u0219oar\u0103 \u0219i o utilizare convenabil\u0103, men\u021bin\u00e2nd \u00een acela\u0219i timp o performan\u021b\u0103 excelent\u0103.","og_url":"https:\/\/exparto.pl\/ro\/produkt\/two-stream-compact-ceramic-spray-03-blue\/","og_site_name":"Exparto.pl","article_publisher":"https:\/\/www.facebook.com\/exparto.agro\/","og_image":[{"width":1000,"height":1000,"url":"https:\/\/exparto.pl\/wp-content\/uploads\/2023\/09\/bc927eaf1434e10bb5a50ac2cce9215e.jpg","type":"image\/jpeg"}],"twitter_card":"summary_large_image","twitter_misc":{"Timp estimat pentru citire":"1 minut"},"schema":{"@context":"https:\/\/schema.org","@graph":[{"@type":"WebPage","@id":"https:\/\/exparto.pl\/ro\/produkt\/two-stream-compact-ceramic-spray-03-blue\/","url":"https:\/\/exparto.pl\/ro\/produkt\/two-stream-compact-ceramic-spray-03-blue\/","name":"Atomizor ceramic compact cu dou\u0103 fluxuri 03 albastru - Exparto.pl","isPartOf":{"@id":"https:\/\/exparto.pl\/ro\/#website"},"primaryImageOfPage":{"@id":"https:\/\/exparto.pl\/ro\/produkt\/two-stream-compact-ceramic-spray-03-blue\/#primaryimage"},"image":{"@id":"https:\/\/exparto.pl\/ro\/produkt\/two-stream-compact-ceramic-spray-03-blue\/#primaryimage"},"thumbnailUrl":"https:\/\/exparto.pl\/wp-content\/uploads\/2023\/09\/bc927eaf1434e10bb5a50ac2cce9215e.jpg","datePublished":"2023-09-17T21:53:41+00:00","breadcrumb":{"@id":"https:\/\/exparto.pl\/ro\/produkt\/two-stream-compact-ceramic-spray-03-blue\/#breadcrumb"},"inLanguage":"ro-RO","potentialAction":[{"@type":"ReadAction","target":["https:\/\/exparto.pl\/ro\/produkt\/two-stream-compact-ceramic-spray-03-blue\/"]}]},{"@type":"ImageObject","inLanguage":"ro-RO","@id":"https:\/\/exparto.pl\/ro\/produkt\/two-stream-compact-ceramic-spray-03-blue\/#primaryimage","url":"https:\/\/exparto.pl\/wp-content\/uploads\/2023\/09\/bc927eaf1434e10bb5a50ac2cce9215e.jpg","contentUrl":"https:\/\/exparto.pl\/wp-content\/uploads\/2023\/09\/bc927eaf1434e10bb5a50ac2cce9215e.jpg","width":1000,"height":1000},{"@type":"BreadcrumbList","@id":"https:\/\/exparto.pl\/ro\/produkt\/two-stream-compact-ceramic-spray-03-blue\/#breadcrumb","itemListElement":[{"@type":"ListItem","position":1,"name":"Pagina de start","item":"https:\/\/exparto.pl\/ro\/pagina-de-start\/"},{"@type":"ListItem","position":2,"name":"Sklep","item":"https:\/\/exparto.pl\/sklep\/"},{"@type":"ListItem","position":3,"name":"Piese pentru pulverizatoare","item":"https:\/\/exparto.pl\/ro\/categoria-de-produse\/piese-pentru-pulverizatoare\/"},{"@type":"ListItem","position":4,"name":"Spray-uri","item":"https:\/\/exparto.pl\/ro\/categoria-de-produse\/piese-pentru-pulverizatoare\/spray-uri\/"},{"@type":"ListItem","position":5,"name":"Atomizor ceramic compact cu dou\u0103 fluxuri 03 albastru"}]},{"@type":"WebSite","@id":"https:\/\/exparto.pl\/ro\/#website","url":"https:\/\/exparto.pl\/ro\/","name":"EXPARTO","description":"More than agro parts","publisher":{"@id":"https:\/\/exparto.pl\/ro\/#organization"},"potentialAction":[{"@type":"SearchAction","target":{"@type":"EntryPoint","urlTemplate":"https:\/\/exparto.pl\/ro\/?s={search_term_string}"},"query-input":{"@type":"PropertyValueSpecification","valueRequired":true,"valueName":"search_term_string"}}],"inLanguage":"ro-RO"},{"@type":"Organization","@id":"https:\/\/exparto.pl\/ro\/#organization","name":"EXPARTO","url":"https:\/\/exparto.pl\/ro\/","logo":{"@type":"ImageObject","inLanguage":"ro-RO","@id":"https:\/\/exparto.pl\/ro\/#\/schema\/logo\/image\/","url":"https:\/\/exparto.pl\/wp-content\/uploads\/2023\/02\/logo-wektor.png","contentUrl":"https:\/\/exparto.pl\/wp-content\/uploads\/2023\/02\/logo-wektor.png","width":1338,"height":143,"caption":"EXPARTO"},"image":{"@id":"https:\/\/exparto.pl\/ro\/#\/schema\/logo\/image\/"},"sameAs":["https:\/\/www.facebook.com\/exparto.agro\/"]}]}},"_links":{"self":[{"href":"https:\/\/exparto.pl\/ro\/wp-json\/wp\/v2\/product\/10783","targetHints":{"allow":["GET"]}}],"collection":[{"href":"https:\/\/exparto.pl\/ro\/wp-json\/wp\/v2\/product"}],"about":[{"href":"https:\/\/exparto.pl\/ro\/wp-json\/wp\/v2\/types\/product"}],"replies":[{"embeddable":true,"href":"https:\/\/exparto.pl\/ro\/wp-json\/wp\/v2\/comments?post=10783"}],"wp:featuredmedia":[{"embeddable":true,"href":"https:\/\/exparto.pl\/ro\/wp-json\/wp\/v2\/media\/10784"}],"wp:attachment":[{"href":"https:\/\/exparto.pl\/ro\/wp-json\/wp\/v2\/media?parent=10783"}],"wp:term":[{"taxonomy":"product_brand","embeddable":true,"href":"https:\/\/exparto.pl\/ro\/wp-json\/wp\/v2\/product_brand?post=10783"},{"taxonomy":"product_cat","embeddable":true,"href":"https:\/\/exparto.pl\/ro\/wp-json\/wp\/v2\/product_cat?post=10783"},{"taxonomy":"product_tag","embeddable":true,"href":"https:\/\/exparto.pl\/ro\/wp-json\/wp\/v2\/product_tag?post=10783"}],"curies":[{"name":"wp","href":"https:\/\/api.w.org\/{rel}","templated":true}]}}