{"id":10807,"date":"2023-09-21T10:53:13","date_gmt":"2023-09-21T08:53:13","guid":{"rendered":"https:\/\/exparto.pl\/produkt\/cilindru-telescopic-st3-580-pentru-remorci-hl-hw-ifa-6011-8011\/"},"modified":"2023-09-21T10:53:13","modified_gmt":"2023-09-21T08:53:13","slug":"silownik-teleskopowy-st3-580-6t","status":"publish","type":"product","link":"https:\/\/exparto.pl\/ro\/produkt\/silownik-teleskopowy-st3-580-6t\/","title":{"rendered":"Cilindru telescopic ST3 580 pentru remorci HL, HW, IFA 6011, 8011"},"content":{"rendered":"<p class=\"MsoNormal\" style=\"text-align: justify\">Cilindrii <span style=\"color: inherit;font-weight: 700 !important\">telescopici<\/span> sunt un tip distinctiv de <span style=\"color: inherit;font-weight: 700 !important\">cilindru hidraulic<\/span>. Acestea asigur\u0103 func\u021bionarea corect\u0103 a mecanismului chiar \u0219i \u00een cele mai solicitante condi\u021bii de func\u021bionare. Acestea sunt capabile s\u0103 ridice cele mai grele \u00eenc\u0103rc\u0103turi, deoarece domeniul lor de presiune maxim\u0103 de func\u021bionare este cuprins \u00eentre 16-32 Mpa (160-320 bar).<\/p>\n<p class=\"MsoNormal\" style=\"text-align: justify\">Cilindrii telescopici au o <span style=\"color: inherit;font-weight: 700 !important\">gam\u0103 mai mare de curse<\/span> \u00een timpul func\u021bion\u0103rii cilindrilor, \u00een compara\u021bie cu motoarele hidraulice standard. De asemenea, acestea sunt echipate cu mai multe <span style=\"color: inherit;font-weight: 700 !important\">pistoane \u00eencorporate<\/span> care se extind pe r\u00e2nd &#8211; astfel \u00eenc\u00e2t extensia (a\u0219a-numita curs\u0103 de lucru) este foarte mare, \u00een ciuda lungimii lor scurte. Ele sunt, de asemenea, unilaterale, ca \u00een<br \/>\n\u00cen acest caz, <span style=\"color: inherit;font-weight: 700 !important\">uleiul ac\u021bioneaz\u0103 sub presiune <\/span>dintr-o parte, determin\u00e2nd extinderea componentelor individuale ale dispozitivului de ac\u021bionare. Diversele <span style=\"color: inherit;font-weight: 700 !important\">modele de ac\u021bionare telescopic\u0103 <\/span>difer\u0103, printre altele. cursa, precum \u0219i num\u0103rul de cilindri.<\/p>\n<p class=\"MsoNormal\" style=\"text-align: justify\">Pentru ca buteliile telescopice s\u0103 func\u021bioneze excelent pe <span style=\"color: inherit;font-weight: 700 !important\">o perioad\u0103 lung\u0103 de timp<\/span>, acestea trebuie s\u0103 fie fabricate din materiale <span style=\"color: inherit;font-weight: 700 !important\">de \u00eenalt\u0103 calitate<\/span>, ceea ce permite \u00eentregului sistem s\u0103 dureze mai mult. Este bine ca acestea s\u0103 fie acoperite suplimentar cu <span style=\"color: inherit;font-weight: 700 !important\">un lac \u00een dou\u0103 straturi<\/span>, care le protejeaz\u0103 \u00een mod adecvat \u0219i, \u00een acela\u0219i timp, garanteaz\u0103 un aspect impecabil timp de mul\u021bi ani. Ar trebui s\u0103 ad\u0103ug\u0103m c\u0103 cilindrii telescopici sunt utiliza\u021bi \u00een principal la <span style=\"color: inherit;font-weight: 700 !important\">fabricarea remorcilor agricole<\/span>. Cu toate acestea, ele exceleaz\u0103 \u0219i \u00een <span style=\"color: inherit;font-weight: 700 !important\">alte industrii<\/span>, inclusiv \u00een construc\u021bii, minerit, utilaje industriale \u0219i aerospa\u021biale \u0219i chiar \u00een industria transporturilor \u00een general.<\/p>\n<p>Cilindru telescopic pentru remorci HL, HW, IFA 6011, 8011<\/p>\n","protected":false},"excerpt":{"rendered":"<p style=\"text-align: justify\">Cilindrii telescopici sunt un tip distinctiv de cilindru hidraulic. Acestea asigur\u0103 func\u021bionarea corect\u0103 a mecanismului chiar \u0219i \u00een cele mai solicitante condi\u021bii de func\u021bionare. Cilindru telescopic pentru remorci HL, HW, IFA 6011, 8011<\/p>\n","protected":false},"featured_media":10808,"comment_status":"open","ping_status":"closed","template":"","meta":{"_acf_changed":false,"inline_featured_image":false},"product_brand":[920],"product_cat":[382,454],"product_tag":[],"class_list":{"0":"post-10807","1":"product","2":"type-product","3":"status-publish","4":"has-post-thumbnail","6":"product_brand-exparto","7":"product_cat-cilindri-telescopici","8":"product_cat-hidraulica","10":"first","11":"instock","12":"taxable","13":"shipping-taxable","14":"purchasable","15":"product-type-simple"},"acf":[],"yoast_head":"<!-- This site is optimized with the Yoast SEO plugin v27.3 - https:\/\/yoast.com\/product\/yoast-seo-wordpress\/ -->\n<title>Cilindru telescopic ST3 580 pentru remorci HL, HW, IFA 6011, 8011 - Exparto.pl<\/title>\n<meta name=\"robots\" content=\"index, follow, max-snippet:-1, max-image-preview:large, max-video-preview:-1\" \/>\n<link rel=\"canonical\" href=\"https:\/\/exparto.pl\/ro\/produkt\/silownik-teleskopowy-st3-580-6t\/\" \/>\n<meta property=\"og:locale\" content=\"ro_RO\" \/>\n<meta property=\"og:type\" content=\"article\" \/>\n<meta property=\"og:title\" content=\"Cilindru telescopic ST3 580 pentru remorci HL, HW, IFA 6011, 8011 - Exparto.pl\" \/>\n<meta property=\"og:description\" content=\"Cilindrii telescopici sunt un tip distinctiv de cilindru hidraulic. Acestea asigur\u0103 func\u021bionarea corect\u0103 a mecanismului chiar \u0219i \u00een cele mai solicitante condi\u021bii de func\u021bionare. Cilindru telescopic pentru remorci HL, HW, IFA 6011, 8011\" \/>\n<meta property=\"og:url\" content=\"https:\/\/exparto.pl\/ro\/produkt\/silownik-teleskopowy-st3-580-6t\/\" \/>\n<meta property=\"og:site_name\" content=\"Exparto.pl\" \/>\n<meta property=\"article:publisher\" content=\"https:\/\/www.facebook.com\/exparto.agro\/\" \/>\n<meta property=\"og:image\" content=\"https:\/\/exparto.pl\/wp-content\/uploads\/2023\/09\/f8e887942e0cb5755c23a216624d7b28.jpg\" \/>\n\t<meta property=\"og:image:width\" content=\"1000\" \/>\n\t<meta property=\"og:image:height\" content=\"1000\" \/>\n\t<meta property=\"og:image:type\" content=\"image\/jpeg\" \/>\n<meta name=\"twitter:card\" content=\"summary_large_image\" \/>\n<meta name=\"twitter:label1\" content=\"Timp estimat pentru citire\" \/>\n\t<meta name=\"twitter:data1\" content=\"1 minut\" \/>\n<script type=\"application\/ld+json\" class=\"yoast-schema-graph\">{\"@context\":\"https:\\\/\\\/schema.org\",\"@graph\":[{\"@type\":\"WebPage\",\"@id\":\"https:\\\/\\\/exparto.pl\\\/ro\\\/produkt\\\/silownik-teleskopowy-st3-580-6t\\\/\",\"url\":\"https:\\\/\\\/exparto.pl\\\/ro\\\/produkt\\\/silownik-teleskopowy-st3-580-6t\\\/\",\"name\":\"Cilindru telescopic ST3 580 pentru remorci HL, HW, IFA 6011, 8011 - Exparto.pl\",\"isPartOf\":{\"@id\":\"https:\\\/\\\/exparto.pl\\\/ro\\\/#website\"},\"primaryImageOfPage\":{\"@id\":\"https:\\\/\\\/exparto.pl\\\/ro\\\/produkt\\\/silownik-teleskopowy-st3-580-6t\\\/#primaryimage\"},\"image\":{\"@id\":\"https:\\\/\\\/exparto.pl\\\/ro\\\/produkt\\\/silownik-teleskopowy-st3-580-6t\\\/#primaryimage\"},\"thumbnailUrl\":\"https:\\\/\\\/exparto.pl\\\/wp-content\\\/uploads\\\/2023\\\/09\\\/f8e887942e0cb5755c23a216624d7b28.jpg\",\"datePublished\":\"2023-09-21T08:53:13+00:00\",\"breadcrumb\":{\"@id\":\"https:\\\/\\\/exparto.pl\\\/ro\\\/produkt\\\/silownik-teleskopowy-st3-580-6t\\\/#breadcrumb\"},\"inLanguage\":\"ro-RO\",\"potentialAction\":[{\"@type\":\"ReadAction\",\"target\":[\"https:\\\/\\\/exparto.pl\\\/ro\\\/produkt\\\/silownik-teleskopowy-st3-580-6t\\\/\"]}]},{\"@type\":\"ImageObject\",\"inLanguage\":\"ro-RO\",\"@id\":\"https:\\\/\\\/exparto.pl\\\/ro\\\/produkt\\\/silownik-teleskopowy-st3-580-6t\\\/#primaryimage\",\"url\":\"https:\\\/\\\/exparto.pl\\\/wp-content\\\/uploads\\\/2023\\\/09\\\/f8e887942e0cb5755c23a216624d7b28.jpg\",\"contentUrl\":\"https:\\\/\\\/exparto.pl\\\/wp-content\\\/uploads\\\/2023\\\/09\\\/f8e887942e0cb5755c23a216624d7b28.jpg\",\"width\":1000,\"height\":1000},{\"@type\":\"BreadcrumbList\",\"@id\":\"https:\\\/\\\/exparto.pl\\\/ro\\\/produkt\\\/silownik-teleskopowy-st3-580-6t\\\/#breadcrumb\",\"itemListElement\":[{\"@type\":\"ListItem\",\"position\":1,\"name\":\"Pagina de start\",\"item\":\"https:\\\/\\\/exparto.pl\\\/ro\\\/pagina-de-start\\\/\"},{\"@type\":\"ListItem\",\"position\":2,\"name\":\"Sklep\",\"item\":\"https:\\\/\\\/exparto.pl\\\/sklep\\\/\"},{\"@type\":\"ListItem\",\"position\":3,\"name\":\"Hidraulic\u0103\",\"item\":\"https:\\\/\\\/exparto.pl\\\/ro\\\/categoria-de-produse\\\/hidraulica\\\/\"},{\"@type\":\"ListItem\",\"position\":4,\"name\":\"Cilindri telescopici\",\"item\":\"https:\\\/\\\/exparto.pl\\\/ro\\\/categoria-de-produse\\\/hidraulica\\\/cilindri-telescopici\\\/\"},{\"@type\":\"ListItem\",\"position\":5,\"name\":\"Cilindru telescopic ST3 580 pentru remorci HL, HW, IFA 6011, 8011\"}]},{\"@type\":\"WebSite\",\"@id\":\"https:\\\/\\\/exparto.pl\\\/ro\\\/#website\",\"url\":\"https:\\\/\\\/exparto.pl\\\/ro\\\/\",\"name\":\"EXPARTO\",\"description\":\"More than agro parts\",\"publisher\":{\"@id\":\"https:\\\/\\\/exparto.pl\\\/ro\\\/#organization\"},\"potentialAction\":[{\"@type\":\"SearchAction\",\"target\":{\"@type\":\"EntryPoint\",\"urlTemplate\":\"https:\\\/\\\/exparto.pl\\\/ro\\\/?s={search_term_string}\"},\"query-input\":{\"@type\":\"PropertyValueSpecification\",\"valueRequired\":true,\"valueName\":\"search_term_string\"}}],\"inLanguage\":\"ro-RO\"},{\"@type\":\"Organization\",\"@id\":\"https:\\\/\\\/exparto.pl\\\/ro\\\/#organization\",\"name\":\"EXPARTO\",\"url\":\"https:\\\/\\\/exparto.pl\\\/ro\\\/\",\"logo\":{\"@type\":\"ImageObject\",\"inLanguage\":\"ro-RO\",\"@id\":\"https:\\\/\\\/exparto.pl\\\/ro\\\/#\\\/schema\\\/logo\\\/image\\\/\",\"url\":\"https:\\\/\\\/exparto.pl\\\/wp-content\\\/uploads\\\/2023\\\/02\\\/logo-wektor.png\",\"contentUrl\":\"https:\\\/\\\/exparto.pl\\\/wp-content\\\/uploads\\\/2023\\\/02\\\/logo-wektor.png\",\"width\":1338,\"height\":143,\"caption\":\"EXPARTO\"},\"image\":{\"@id\":\"https:\\\/\\\/exparto.pl\\\/ro\\\/#\\\/schema\\\/logo\\\/image\\\/\"},\"sameAs\":[\"https:\\\/\\\/www.facebook.com\\\/exparto.agro\\\/\"]}]}<\/script>\n<!-- \/ Yoast SEO plugin. -->","yoast_head_json":{"title":"Cilindru telescopic ST3 580 pentru remorci HL, HW, IFA 6011, 8011 - Exparto.pl","robots":{"index":"index","follow":"follow","max-snippet":"max-snippet:-1","max-image-preview":"max-image-preview:large","max-video-preview":"max-video-preview:-1"},"canonical":"https:\/\/exparto.pl\/ro\/produkt\/silownik-teleskopowy-st3-580-6t\/","og_locale":"ro_RO","og_type":"article","og_title":"Cilindru telescopic ST3 580 pentru remorci HL, HW, IFA 6011, 8011 - Exparto.pl","og_description":"Cilindrii telescopici sunt un tip distinctiv de cilindru hidraulic. Acestea asigur\u0103 func\u021bionarea corect\u0103 a mecanismului chiar \u0219i \u00een cele mai solicitante condi\u021bii de func\u021bionare. Cilindru telescopic pentru remorci HL, HW, IFA 6011, 8011","og_url":"https:\/\/exparto.pl\/ro\/produkt\/silownik-teleskopowy-st3-580-6t\/","og_site_name":"Exparto.pl","article_publisher":"https:\/\/www.facebook.com\/exparto.agro\/","og_image":[{"width":1000,"height":1000,"url":"https:\/\/exparto.pl\/wp-content\/uploads\/2023\/09\/f8e887942e0cb5755c23a216624d7b28.jpg","type":"image\/jpeg"}],"twitter_card":"summary_large_image","twitter_misc":{"Timp estimat pentru citire":"1 minut"},"schema":{"@context":"https:\/\/schema.org","@graph":[{"@type":"WebPage","@id":"https:\/\/exparto.pl\/ro\/produkt\/silownik-teleskopowy-st3-580-6t\/","url":"https:\/\/exparto.pl\/ro\/produkt\/silownik-teleskopowy-st3-580-6t\/","name":"Cilindru telescopic ST3 580 pentru remorci HL, HW, IFA 6011, 8011 - Exparto.pl","isPartOf":{"@id":"https:\/\/exparto.pl\/ro\/#website"},"primaryImageOfPage":{"@id":"https:\/\/exparto.pl\/ro\/produkt\/silownik-teleskopowy-st3-580-6t\/#primaryimage"},"image":{"@id":"https:\/\/exparto.pl\/ro\/produkt\/silownik-teleskopowy-st3-580-6t\/#primaryimage"},"thumbnailUrl":"https:\/\/exparto.pl\/wp-content\/uploads\/2023\/09\/f8e887942e0cb5755c23a216624d7b28.jpg","datePublished":"2023-09-21T08:53:13+00:00","breadcrumb":{"@id":"https:\/\/exparto.pl\/ro\/produkt\/silownik-teleskopowy-st3-580-6t\/#breadcrumb"},"inLanguage":"ro-RO","potentialAction":[{"@type":"ReadAction","target":["https:\/\/exparto.pl\/ro\/produkt\/silownik-teleskopowy-st3-580-6t\/"]}]},{"@type":"ImageObject","inLanguage":"ro-RO","@id":"https:\/\/exparto.pl\/ro\/produkt\/silownik-teleskopowy-st3-580-6t\/#primaryimage","url":"https:\/\/exparto.pl\/wp-content\/uploads\/2023\/09\/f8e887942e0cb5755c23a216624d7b28.jpg","contentUrl":"https:\/\/exparto.pl\/wp-content\/uploads\/2023\/09\/f8e887942e0cb5755c23a216624d7b28.jpg","width":1000,"height":1000},{"@type":"BreadcrumbList","@id":"https:\/\/exparto.pl\/ro\/produkt\/silownik-teleskopowy-st3-580-6t\/#breadcrumb","itemListElement":[{"@type":"ListItem","position":1,"name":"Pagina de start","item":"https:\/\/exparto.pl\/ro\/pagina-de-start\/"},{"@type":"ListItem","position":2,"name":"Sklep","item":"https:\/\/exparto.pl\/sklep\/"},{"@type":"ListItem","position":3,"name":"Hidraulic\u0103","item":"https:\/\/exparto.pl\/ro\/categoria-de-produse\/hidraulica\/"},{"@type":"ListItem","position":4,"name":"Cilindri telescopici","item":"https:\/\/exparto.pl\/ro\/categoria-de-produse\/hidraulica\/cilindri-telescopici\/"},{"@type":"ListItem","position":5,"name":"Cilindru telescopic ST3 580 pentru remorci HL, HW, IFA 6011, 8011"}]},{"@type":"WebSite","@id":"https:\/\/exparto.pl\/ro\/#website","url":"https:\/\/exparto.pl\/ro\/","name":"EXPARTO","description":"More than agro parts","publisher":{"@id":"https:\/\/exparto.pl\/ro\/#organization"},"potentialAction":[{"@type":"SearchAction","target":{"@type":"EntryPoint","urlTemplate":"https:\/\/exparto.pl\/ro\/?s={search_term_string}"},"query-input":{"@type":"PropertyValueSpecification","valueRequired":true,"valueName":"search_term_string"}}],"inLanguage":"ro-RO"},{"@type":"Organization","@id":"https:\/\/exparto.pl\/ro\/#organization","name":"EXPARTO","url":"https:\/\/exparto.pl\/ro\/","logo":{"@type":"ImageObject","inLanguage":"ro-RO","@id":"https:\/\/exparto.pl\/ro\/#\/schema\/logo\/image\/","url":"https:\/\/exparto.pl\/wp-content\/uploads\/2023\/02\/logo-wektor.png","contentUrl":"https:\/\/exparto.pl\/wp-content\/uploads\/2023\/02\/logo-wektor.png","width":1338,"height":143,"caption":"EXPARTO"},"image":{"@id":"https:\/\/exparto.pl\/ro\/#\/schema\/logo\/image\/"},"sameAs":["https:\/\/www.facebook.com\/exparto.agro\/"]}]}},"_links":{"self":[{"href":"https:\/\/exparto.pl\/ro\/wp-json\/wp\/v2\/product\/10807","targetHints":{"allow":["GET"]}}],"collection":[{"href":"https:\/\/exparto.pl\/ro\/wp-json\/wp\/v2\/product"}],"about":[{"href":"https:\/\/exparto.pl\/ro\/wp-json\/wp\/v2\/types\/product"}],"replies":[{"embeddable":true,"href":"https:\/\/exparto.pl\/ro\/wp-json\/wp\/v2\/comments?post=10807"}],"wp:featuredmedia":[{"embeddable":true,"href":"https:\/\/exparto.pl\/ro\/wp-json\/wp\/v2\/media\/10808"}],"wp:attachment":[{"href":"https:\/\/exparto.pl\/ro\/wp-json\/wp\/v2\/media?parent=10807"}],"wp:term":[{"taxonomy":"product_brand","embeddable":true,"href":"https:\/\/exparto.pl\/ro\/wp-json\/wp\/v2\/product_brand?post=10807"},{"taxonomy":"product_cat","embeddable":true,"href":"https:\/\/exparto.pl\/ro\/wp-json\/wp\/v2\/product_cat?post=10807"},{"taxonomy":"product_tag","embeddable":true,"href":"https:\/\/exparto.pl\/ro\/wp-json\/wp\/v2\/product_tag?post=10807"}],"curies":[{"name":"wp","href":"https:\/\/api.w.org\/{rel}","templated":true}]}}