{"id":10824,"date":"2023-09-17T23:55:58","date_gmt":"2023-09-17T21:55:58","guid":{"rendered":"https:\/\/exparto.pl\/produkt\/atomizor-compact-cu-ejector-ceramic-03-albastru\/"},"modified":"2023-09-17T23:55:58","modified_gmt":"2023-09-17T21:55:58","slug":"atomizor-ezector-compact-ceramica-03-albastru","status":"publish","type":"product","link":"https:\/\/exparto.pl\/ro\/produkt\/atomizor-ezector-compact-ceramica-03-albastru\/","title":{"rendered":"Atomizor compact cu ejector ceramic 03 albastru"},"content":{"rendered":"<p style=\"text-align: justify\">Atomizoarele cu ejector produc bule de aer \u00een interiorul pic\u0103turilor mari prin intermediul unui curent de aer aspirat prin g\u0103urile de la baz\u0103. Pe m\u0103sur\u0103 ce pic\u0103turile de pulverizare cad pe suprafa\u021ba plantei, ele sunt fragmentate \u00een pic\u0103turi mai fine, ceea ce spore\u0219te eficacitatea \u0219i uniformitatea tratamentului.<\/p>\n<p style=\"text-align: justify\">Produce pic\u0103turi grosiere p\u00e2n\u0103 la foarte grosiere cu o rezisten\u021b\u0103 ridicat\u0103 la deriv\u0103 \u0219i, prin urmare, permite pulverizarea \u00een condi\u021bii nefavorabile (v\u00e2nt de p\u00e2n\u0103 la 8 m\/s, umiditate sc\u0103zut\u0103, temperaturi ridicate).<\/p>\n<p style=\"text-align: justify\">Se utilizeaz\u0103 pentru produse de protec\u021bie a plantelor, regulatori de cre\u0219tere, culturi de c\u00e2mp.<\/p>\n<p style=\"text-align: justify\">Duze ejectoare compacte cu inser\u021bii ceramice<\/p>\n<\/p>\n<ul>\n<li style=\"text-align: justify\"><span style=\"color: inherit;font-weight: 700 !important\">primele duze poloneze de calitate superioar\u0103 cu inser\u021bie ceramic\u0103<\/span><\/li>\n<li style=\"text-align: justify\"><span style=\"color: inherit;font-weight: 700 !important\">ceramic\u0103 certificat\u0103 cu o puritate de 99,8% pentru cea mai lung\u0103 durat\u0103 de via\u021b\u0103<\/span><\/li>\n<li style=\"text-align: justify\"><span style=\"color: inherit;font-weight: 700 !important\">pic\u0103turile mari aerisite reduc c\u00e2t mai mult posibil deriva \u0219i, la contactul cu planta, se transform\u0103 \u00een multe pic\u0103turi fine pentru o acoperire uniform\u0103.<\/span><\/li>\n<li style=\"text-align: justify\"><span style=\"color: inherit;font-weight: 700 !important\">jet plat cu un unghi de 110\u00b0.<\/span><\/li>\n<li style=\"text-align: justify\"><span style=\"color: inherit;font-weight: 700 !important\">designul compact reduce riscul de deteriorare<\/span><\/li>\n<li style=\"text-align: justify\"><span style=\"color: inherit;font-weight: 700 !important\">Conversie convenabil\u0103 &#8211; capac \u0219i duz\u0103 de ejec\u021bie \u00eentr-unul singur<\/span><\/li>\n<li style=\"text-align: justify\"><span style=\"color: inherit;font-weight: 700 !important\">Gama de presiuni de lucru 2,5-8 bar<\/span><\/li>\n<li style=\"text-align: justify\"><span style=\"color: inherit;font-weight: 700 !important\">standard de fixare tip Arag, tip TeeJet<\/span><\/li>\n<li style=\"text-align: justify\"><span style=\"color: inherit;font-weight: 700 !important\">garnitur\u0103 inclus\u0103<\/span><\/li>\n<\/ul>\n<\/p>\n<ul>\n<li style=\"text-align: justify\"><span style=\"color: inherit;font-weight: 700 !important\">dou\u0103 orificii de aspira\u021bie concepute pentru a preveni auto\u00eenfundarea<\/span><\/li>\n<\/ul>\n","protected":false},"excerpt":{"rendered":"<p style=\"text-align: justify\">Atomizor ejector compact cu inser\u021bie ceramic\u0103.<\/p>\n","protected":false},"featured_media":10825,"comment_status":"open","ping_status":"closed","template":"","meta":{"_acf_changed":false,"inline_featured_image":false},"product_brand":[],"product_cat":[361],"product_tag":[],"class_list":{"0":"post-10824","1":"product","2":"type-product","3":"status-publish","4":"has-post-thumbnail","6":"product_cat-spray-uri","8":"first","9":"outofstock","10":"taxable","11":"shipping-taxable","12":"purchasable","13":"product-type-simple"},"acf":[],"yoast_head":"<!-- This site is optimized with the Yoast SEO plugin v27.4 - https:\/\/yoast.com\/product\/yoast-seo-wordpress\/ -->\n<title>Atomizor compact cu ejector ceramic 03 albastru - Exparto.pl<\/title>\n<meta name=\"robots\" content=\"index, follow, max-snippet:-1, max-image-preview:large, max-video-preview:-1\" \/>\n<link rel=\"canonical\" href=\"https:\/\/exparto.pl\/ro\/produkt\/atomizor-ezector-compact-ceramica-03-albastru\/\" \/>\n<meta property=\"og:locale\" content=\"ro_RO\" \/>\n<meta property=\"og:type\" content=\"article\" \/>\n<meta property=\"og:title\" content=\"Atomizor compact cu ejector ceramic 03 albastru - Exparto.pl\" \/>\n<meta property=\"og:description\" content=\"Atomizor ejector compact cu inser\u021bie ceramic\u0103.\" \/>\n<meta property=\"og:url\" content=\"https:\/\/exparto.pl\/ro\/produkt\/atomizor-ezector-compact-ceramica-03-albastru\/\" \/>\n<meta property=\"og:site_name\" content=\"Exparto.pl\" \/>\n<meta property=\"article:publisher\" content=\"https:\/\/www.facebook.com\/exparto.agro\/\" \/>\n<meta property=\"og:image\" content=\"https:\/\/exparto.pl\/wp-content\/uploads\/2023\/09\/64e5f78a4f4839a36cedc6b2779b005e.jpg\" \/>\n\t<meta property=\"og:image:width\" content=\"1000\" \/>\n\t<meta property=\"og:image:height\" content=\"1000\" \/>\n\t<meta property=\"og:image:type\" content=\"image\/jpeg\" \/>\n<meta name=\"twitter:card\" content=\"summary_large_image\" \/>\n<meta name=\"twitter:label1\" content=\"Timp estimat pentru citire\" \/>\n\t<meta name=\"twitter:data1\" content=\"1 minut\" \/>\n<script type=\"application\/ld+json\" class=\"yoast-schema-graph\">{\"@context\":\"https:\\\/\\\/schema.org\",\"@graph\":[{\"@type\":\"WebPage\",\"@id\":\"https:\\\/\\\/exparto.pl\\\/ro\\\/produkt\\\/atomizor-ezector-compact-ceramica-03-albastru\\\/\",\"url\":\"https:\\\/\\\/exparto.pl\\\/ro\\\/produkt\\\/atomizor-ezector-compact-ceramica-03-albastru\\\/\",\"name\":\"Atomizor compact cu ejector ceramic 03 albastru - Exparto.pl\",\"isPartOf\":{\"@id\":\"https:\\\/\\\/exparto.pl\\\/ro\\\/#website\"},\"primaryImageOfPage\":{\"@id\":\"https:\\\/\\\/exparto.pl\\\/ro\\\/produkt\\\/atomizor-ezector-compact-ceramica-03-albastru\\\/#primaryimage\"},\"image\":{\"@id\":\"https:\\\/\\\/exparto.pl\\\/ro\\\/produkt\\\/atomizor-ezector-compact-ceramica-03-albastru\\\/#primaryimage\"},\"thumbnailUrl\":\"https:\\\/\\\/exparto.pl\\\/wp-content\\\/uploads\\\/2023\\\/09\\\/64e5f78a4f4839a36cedc6b2779b005e.jpg\",\"datePublished\":\"2023-09-17T21:55:58+00:00\",\"breadcrumb\":{\"@id\":\"https:\\\/\\\/exparto.pl\\\/ro\\\/produkt\\\/atomizor-ezector-compact-ceramica-03-albastru\\\/#breadcrumb\"},\"inLanguage\":\"ro-RO\",\"potentialAction\":[{\"@type\":\"ReadAction\",\"target\":[\"https:\\\/\\\/exparto.pl\\\/ro\\\/produkt\\\/atomizor-ezector-compact-ceramica-03-albastru\\\/\"]}]},{\"@type\":\"ImageObject\",\"inLanguage\":\"ro-RO\",\"@id\":\"https:\\\/\\\/exparto.pl\\\/ro\\\/produkt\\\/atomizor-ezector-compact-ceramica-03-albastru\\\/#primaryimage\",\"url\":\"https:\\\/\\\/exparto.pl\\\/wp-content\\\/uploads\\\/2023\\\/09\\\/64e5f78a4f4839a36cedc6b2779b005e.jpg\",\"contentUrl\":\"https:\\\/\\\/exparto.pl\\\/wp-content\\\/uploads\\\/2023\\\/09\\\/64e5f78a4f4839a36cedc6b2779b005e.jpg\",\"width\":1000,\"height\":1000},{\"@type\":\"BreadcrumbList\",\"@id\":\"https:\\\/\\\/exparto.pl\\\/ro\\\/produkt\\\/atomizor-ezector-compact-ceramica-03-albastru\\\/#breadcrumb\",\"itemListElement\":[{\"@type\":\"ListItem\",\"position\":1,\"name\":\"Pagina de start\",\"item\":\"https:\\\/\\\/exparto.pl\\\/ro\\\/pagina-de-start\\\/\"},{\"@type\":\"ListItem\",\"position\":2,\"name\":\"Sklep\",\"item\":\"https:\\\/\\\/exparto.pl\\\/sklep\\\/\"},{\"@type\":\"ListItem\",\"position\":3,\"name\":\"Piese pentru pulverizatoare\",\"item\":\"https:\\\/\\\/exparto.pl\\\/ro\\\/categoria-de-produse\\\/piese-pentru-pulverizatoare\\\/\"},{\"@type\":\"ListItem\",\"position\":4,\"name\":\"Spray-uri\",\"item\":\"https:\\\/\\\/exparto.pl\\\/ro\\\/categoria-de-produse\\\/piese-pentru-pulverizatoare\\\/spray-uri\\\/\"},{\"@type\":\"ListItem\",\"position\":5,\"name\":\"Atomizor compact cu ejector ceramic 03 albastru\"}]},{\"@type\":\"WebSite\",\"@id\":\"https:\\\/\\\/exparto.pl\\\/ro\\\/#website\",\"url\":\"https:\\\/\\\/exparto.pl\\\/ro\\\/\",\"name\":\"EXPARTO\",\"description\":\"More than agro parts\",\"publisher\":{\"@id\":\"https:\\\/\\\/exparto.pl\\\/ro\\\/#organization\"},\"potentialAction\":[{\"@type\":\"SearchAction\",\"target\":{\"@type\":\"EntryPoint\",\"urlTemplate\":\"https:\\\/\\\/exparto.pl\\\/ro\\\/?s={search_term_string}\"},\"query-input\":{\"@type\":\"PropertyValueSpecification\",\"valueRequired\":true,\"valueName\":\"search_term_string\"}}],\"inLanguage\":\"ro-RO\"},{\"@type\":\"Organization\",\"@id\":\"https:\\\/\\\/exparto.pl\\\/ro\\\/#organization\",\"name\":\"EXPARTO\",\"url\":\"https:\\\/\\\/exparto.pl\\\/ro\\\/\",\"logo\":{\"@type\":\"ImageObject\",\"inLanguage\":\"ro-RO\",\"@id\":\"https:\\\/\\\/exparto.pl\\\/ro\\\/#\\\/schema\\\/logo\\\/image\\\/\",\"url\":\"https:\\\/\\\/exparto.pl\\\/wp-content\\\/uploads\\\/2023\\\/02\\\/logo-wektor.png\",\"contentUrl\":\"https:\\\/\\\/exparto.pl\\\/wp-content\\\/uploads\\\/2023\\\/02\\\/logo-wektor.png\",\"width\":1338,\"height\":143,\"caption\":\"EXPARTO\"},\"image\":{\"@id\":\"https:\\\/\\\/exparto.pl\\\/ro\\\/#\\\/schema\\\/logo\\\/image\\\/\"},\"sameAs\":[\"https:\\\/\\\/www.facebook.com\\\/exparto.agro\\\/\"]}]}<\/script>\n<!-- \/ Yoast SEO plugin. -->","yoast_head_json":{"title":"Atomizor compact cu ejector ceramic 03 albastru - Exparto.pl","robots":{"index":"index","follow":"follow","max-snippet":"max-snippet:-1","max-image-preview":"max-image-preview:large","max-video-preview":"max-video-preview:-1"},"canonical":"https:\/\/exparto.pl\/ro\/produkt\/atomizor-ezector-compact-ceramica-03-albastru\/","og_locale":"ro_RO","og_type":"article","og_title":"Atomizor compact cu ejector ceramic 03 albastru - Exparto.pl","og_description":"Atomizor ejector compact cu inser\u021bie ceramic\u0103.","og_url":"https:\/\/exparto.pl\/ro\/produkt\/atomizor-ezector-compact-ceramica-03-albastru\/","og_site_name":"Exparto.pl","article_publisher":"https:\/\/www.facebook.com\/exparto.agro\/","og_image":[{"width":1000,"height":1000,"url":"https:\/\/exparto.pl\/wp-content\/uploads\/2023\/09\/64e5f78a4f4839a36cedc6b2779b005e.jpg","type":"image\/jpeg"}],"twitter_card":"summary_large_image","twitter_misc":{"Timp estimat pentru citire":"1 minut"},"schema":{"@context":"https:\/\/schema.org","@graph":[{"@type":"WebPage","@id":"https:\/\/exparto.pl\/ro\/produkt\/atomizor-ezector-compact-ceramica-03-albastru\/","url":"https:\/\/exparto.pl\/ro\/produkt\/atomizor-ezector-compact-ceramica-03-albastru\/","name":"Atomizor compact cu ejector ceramic 03 albastru - Exparto.pl","isPartOf":{"@id":"https:\/\/exparto.pl\/ro\/#website"},"primaryImageOfPage":{"@id":"https:\/\/exparto.pl\/ro\/produkt\/atomizor-ezector-compact-ceramica-03-albastru\/#primaryimage"},"image":{"@id":"https:\/\/exparto.pl\/ro\/produkt\/atomizor-ezector-compact-ceramica-03-albastru\/#primaryimage"},"thumbnailUrl":"https:\/\/exparto.pl\/wp-content\/uploads\/2023\/09\/64e5f78a4f4839a36cedc6b2779b005e.jpg","datePublished":"2023-09-17T21:55:58+00:00","breadcrumb":{"@id":"https:\/\/exparto.pl\/ro\/produkt\/atomizor-ezector-compact-ceramica-03-albastru\/#breadcrumb"},"inLanguage":"ro-RO","potentialAction":[{"@type":"ReadAction","target":["https:\/\/exparto.pl\/ro\/produkt\/atomizor-ezector-compact-ceramica-03-albastru\/"]}]},{"@type":"ImageObject","inLanguage":"ro-RO","@id":"https:\/\/exparto.pl\/ro\/produkt\/atomizor-ezector-compact-ceramica-03-albastru\/#primaryimage","url":"https:\/\/exparto.pl\/wp-content\/uploads\/2023\/09\/64e5f78a4f4839a36cedc6b2779b005e.jpg","contentUrl":"https:\/\/exparto.pl\/wp-content\/uploads\/2023\/09\/64e5f78a4f4839a36cedc6b2779b005e.jpg","width":1000,"height":1000},{"@type":"BreadcrumbList","@id":"https:\/\/exparto.pl\/ro\/produkt\/atomizor-ezector-compact-ceramica-03-albastru\/#breadcrumb","itemListElement":[{"@type":"ListItem","position":1,"name":"Pagina de start","item":"https:\/\/exparto.pl\/ro\/pagina-de-start\/"},{"@type":"ListItem","position":2,"name":"Sklep","item":"https:\/\/exparto.pl\/sklep\/"},{"@type":"ListItem","position":3,"name":"Piese pentru pulverizatoare","item":"https:\/\/exparto.pl\/ro\/categoria-de-produse\/piese-pentru-pulverizatoare\/"},{"@type":"ListItem","position":4,"name":"Spray-uri","item":"https:\/\/exparto.pl\/ro\/categoria-de-produse\/piese-pentru-pulverizatoare\/spray-uri\/"},{"@type":"ListItem","position":5,"name":"Atomizor compact cu ejector ceramic 03 albastru"}]},{"@type":"WebSite","@id":"https:\/\/exparto.pl\/ro\/#website","url":"https:\/\/exparto.pl\/ro\/","name":"EXPARTO","description":"More than agro parts","publisher":{"@id":"https:\/\/exparto.pl\/ro\/#organization"},"potentialAction":[{"@type":"SearchAction","target":{"@type":"EntryPoint","urlTemplate":"https:\/\/exparto.pl\/ro\/?s={search_term_string}"},"query-input":{"@type":"PropertyValueSpecification","valueRequired":true,"valueName":"search_term_string"}}],"inLanguage":"ro-RO"},{"@type":"Organization","@id":"https:\/\/exparto.pl\/ro\/#organization","name":"EXPARTO","url":"https:\/\/exparto.pl\/ro\/","logo":{"@type":"ImageObject","inLanguage":"ro-RO","@id":"https:\/\/exparto.pl\/ro\/#\/schema\/logo\/image\/","url":"https:\/\/exparto.pl\/wp-content\/uploads\/2023\/02\/logo-wektor.png","contentUrl":"https:\/\/exparto.pl\/wp-content\/uploads\/2023\/02\/logo-wektor.png","width":1338,"height":143,"caption":"EXPARTO"},"image":{"@id":"https:\/\/exparto.pl\/ro\/#\/schema\/logo\/image\/"},"sameAs":["https:\/\/www.facebook.com\/exparto.agro\/"]}]}},"_links":{"self":[{"href":"https:\/\/exparto.pl\/ro\/wp-json\/wp\/v2\/product\/10824","targetHints":{"allow":["GET"]}}],"collection":[{"href":"https:\/\/exparto.pl\/ro\/wp-json\/wp\/v2\/product"}],"about":[{"href":"https:\/\/exparto.pl\/ro\/wp-json\/wp\/v2\/types\/product"}],"replies":[{"embeddable":true,"href":"https:\/\/exparto.pl\/ro\/wp-json\/wp\/v2\/comments?post=10824"}],"wp:featuredmedia":[{"embeddable":true,"href":"https:\/\/exparto.pl\/ro\/wp-json\/wp\/v2\/media\/10825"}],"wp:attachment":[{"href":"https:\/\/exparto.pl\/ro\/wp-json\/wp\/v2\/media?parent=10824"}],"wp:term":[{"taxonomy":"product_brand","embeddable":true,"href":"https:\/\/exparto.pl\/ro\/wp-json\/wp\/v2\/product_brand?post=10824"},{"taxonomy":"product_cat","embeddable":true,"href":"https:\/\/exparto.pl\/ro\/wp-json\/wp\/v2\/product_cat?post=10824"},{"taxonomy":"product_tag","embeddable":true,"href":"https:\/\/exparto.pl\/ro\/wp-json\/wp\/v2\/product_tag?post=10824"}],"curies":[{"name":"wp","href":"https:\/\/api.w.org\/{rel}","templated":true}]}}