{"id":10833,"date":"2023-09-17T23:50:33","date_gmt":"2023-09-17T21:50:33","guid":{"rendered":"https:\/\/exparto.pl\/produkt\/duza-universala-de-pulverizare-plana-ap12004-rosu\/"},"modified":"2023-09-17T23:50:33","modified_gmt":"2023-09-17T21:50:33","slug":"atomizor-strip-universal-ap12004-red","status":"publish","type":"product","link":"https:\/\/exparto.pl\/ro\/produkt\/atomizor-strip-universal-ap12004-red\/","title":{"rendered":"Duz\u0103 universal\u0103 de pulverizare plan\u0103 AP12004 ro\u0219u"},"content":{"rendered":"<div style=\"text-align: justify\">Pulverizator <span style=\"color: inherit;font-weight: 700 !important\">cu jet plat multifunc\u021bional<\/span> pentru aplica\u021bii tipice de pulverizare: erbicid, fungicid, insecticid.<\/div>\n<div style=\"text-align: justify\"><b><br \/><\/b><\/div>\n<ul>\n<li style=\"text-align: justify\"><b>Jetul cu unghi larg de p\u00e2n\u0103 la 120\u00b0 asigur\u0103 o acoperire foarte bun\u0103 a plantelor cu produse de protec\u021bie;<\/b><\/li>\n<li style=\"text-align: justify\"><b>Fabricat din polimeri de cea mai bun\u0103 calitate;<\/b><\/li>\n<li style=\"text-align: justify\"><b>Se recomand\u0103 utilizarea \u00een condi\u021bii de v\u00e2nt care nu dep\u0103\u0219esc 2 m\/s;<\/b><\/li>\n<li style=\"text-align: justify\"><b>Produce pic\u0103turi de dimensiuni fine p\u00e2n\u0103 la medii;<\/b><\/li>\n<li style=\"text-align: justify\"><b>Supus unor teste stricte de calitate;<\/b><\/li>\n<li style=\"text-align: justify\"><b>Designul universal se potrive\u0219te tuturor tipurilor standard de cap \u0219i de corp;<\/b><\/li>\n<li style=\"text-align: justify\"><b>Precizia duzelor garanteaz\u0103 rata de aplicare \u0219i calitatea pulveriz\u0103rilor;<\/b><\/li>\n<li style=\"text-align: justify\"><b>Culoare \u0219i performan\u021b\u0103 \u00een conformitate cu standardul ISO pentru pulveriz\u0103ri \u00een c\u00e2mp;<\/b><\/li>\n<li style=\"text-align: justify\"><b>Perfect adecvat pentru toate tipurile de tratamente tipice de pulverizare: erbicid, fungicid, insecticid.<\/b><\/li>\n<\/ul>\n","protected":false},"excerpt":{"rendered":"<div style=\"text-align: justify\">Pulverizator cu jet plat multifunc\u021bional pentru aplica\u021bii tipice de pulverizare: erbicid, fungicid, insecticid.<\/div>\n","protected":false},"featured_media":24732,"comment_status":"open","ping_status":"closed","template":"","meta":{"_acf_changed":false,"inline_featured_image":false},"product_brand":[],"product_cat":[361],"product_tag":[],"class_list":{"0":"post-10833","1":"product","2":"type-product","3":"status-publish","4":"has-post-thumbnail","6":"product_cat-spray-uri","8":"first","9":"instock","10":"taxable","11":"shipping-taxable","12":"purchasable","13":"product-type-simple"},"acf":[],"yoast_head":"<!-- This site is optimized with the Yoast SEO plugin v27.4 - https:\/\/yoast.com\/product\/yoast-seo-wordpress\/ -->\n<title>Duz\u0103 universal\u0103 de pulverizare plan\u0103 AP12004 ro\u0219u - Exparto.pl<\/title>\n<meta name=\"robots\" content=\"index, follow, max-snippet:-1, max-image-preview:large, max-video-preview:-1\" \/>\n<link rel=\"canonical\" href=\"https:\/\/exparto.pl\/ro\/produkt\/atomizor-strip-universal-ap12004-red\/\" \/>\n<meta property=\"og:locale\" content=\"ro_RO\" \/>\n<meta property=\"og:type\" content=\"article\" \/>\n<meta property=\"og:title\" content=\"Duz\u0103 universal\u0103 de pulverizare plan\u0103 AP12004 ro\u0219u - Exparto.pl\" \/>\n<meta property=\"og:description\" content=\"Pulverizator cu jet plat multifunc\u021bional pentru aplica\u021bii tipice de pulverizare: erbicid, fungicid, insecticid.\" \/>\n<meta property=\"og:url\" content=\"https:\/\/exparto.pl\/ro\/produkt\/atomizor-strip-universal-ap12004-red\/\" \/>\n<meta property=\"og:site_name\" content=\"Exparto.pl\" \/>\n<meta property=\"article:publisher\" content=\"https:\/\/www.facebook.com\/exparto.agro\/\" \/>\n<meta property=\"og:image\" content=\"https:\/\/exparto.pl\/wp-content\/uploads\/2023\/09\/c26f9ee06e986782ecd04e10a778a9cb.jpg\" \/>\n\t<meta property=\"og:image:width\" content=\"1000\" \/>\n\t<meta property=\"og:image:height\" content=\"1000\" \/>\n\t<meta property=\"og:image:type\" content=\"image\/jpeg\" \/>\n<meta name=\"twitter:card\" content=\"summary_large_image\" \/>\n<meta name=\"twitter:label1\" content=\"Timp estimat pentru citire\" \/>\n\t<meta name=\"twitter:data1\" content=\"1 minut\" \/>\n<script type=\"application\/ld+json\" class=\"yoast-schema-graph\">{\"@context\":\"https:\\\/\\\/schema.org\",\"@graph\":[{\"@type\":\"WebPage\",\"@id\":\"https:\\\/\\\/exparto.pl\\\/ro\\\/produkt\\\/atomizor-strip-universal-ap12004-red\\\/\",\"url\":\"https:\\\/\\\/exparto.pl\\\/ro\\\/produkt\\\/atomizor-strip-universal-ap12004-red\\\/\",\"name\":\"Duz\u0103 universal\u0103 de pulverizare plan\u0103 AP12004 ro\u0219u - Exparto.pl\",\"isPartOf\":{\"@id\":\"https:\\\/\\\/exparto.pl\\\/ro\\\/#website\"},\"primaryImageOfPage\":{\"@id\":\"https:\\\/\\\/exparto.pl\\\/ro\\\/produkt\\\/atomizor-strip-universal-ap12004-red\\\/#primaryimage\"},\"image\":{\"@id\":\"https:\\\/\\\/exparto.pl\\\/ro\\\/produkt\\\/atomizor-strip-universal-ap12004-red\\\/#primaryimage\"},\"thumbnailUrl\":\"https:\\\/\\\/exparto.pl\\\/wp-content\\\/uploads\\\/2023\\\/09\\\/c26f9ee06e986782ecd04e10a778a9cb.jpg\",\"datePublished\":\"2023-09-17T21:50:33+00:00\",\"breadcrumb\":{\"@id\":\"https:\\\/\\\/exparto.pl\\\/ro\\\/produkt\\\/atomizor-strip-universal-ap12004-red\\\/#breadcrumb\"},\"inLanguage\":\"ro-RO\",\"potentialAction\":[{\"@type\":\"ReadAction\",\"target\":[\"https:\\\/\\\/exparto.pl\\\/ro\\\/produkt\\\/atomizor-strip-universal-ap12004-red\\\/\"]}]},{\"@type\":\"ImageObject\",\"inLanguage\":\"ro-RO\",\"@id\":\"https:\\\/\\\/exparto.pl\\\/ro\\\/produkt\\\/atomizor-strip-universal-ap12004-red\\\/#primaryimage\",\"url\":\"https:\\\/\\\/exparto.pl\\\/wp-content\\\/uploads\\\/2023\\\/09\\\/c26f9ee06e986782ecd04e10a778a9cb.jpg\",\"contentUrl\":\"https:\\\/\\\/exparto.pl\\\/wp-content\\\/uploads\\\/2023\\\/09\\\/c26f9ee06e986782ecd04e10a778a9cb.jpg\",\"width\":1000,\"height\":1000},{\"@type\":\"BreadcrumbList\",\"@id\":\"https:\\\/\\\/exparto.pl\\\/ro\\\/produkt\\\/atomizor-strip-universal-ap12004-red\\\/#breadcrumb\",\"itemListElement\":[{\"@type\":\"ListItem\",\"position\":1,\"name\":\"Pagina de start\",\"item\":\"https:\\\/\\\/exparto.pl\\\/ro\\\/pagina-de-start\\\/\"},{\"@type\":\"ListItem\",\"position\":2,\"name\":\"Sklep\",\"item\":\"https:\\\/\\\/exparto.pl\\\/sklep\\\/\"},{\"@type\":\"ListItem\",\"position\":3,\"name\":\"Piese pentru pulverizatoare\",\"item\":\"https:\\\/\\\/exparto.pl\\\/ro\\\/categoria-de-produse\\\/piese-pentru-pulverizatoare\\\/\"},{\"@type\":\"ListItem\",\"position\":4,\"name\":\"Spray-uri\",\"item\":\"https:\\\/\\\/exparto.pl\\\/ro\\\/categoria-de-produse\\\/piese-pentru-pulverizatoare\\\/spray-uri\\\/\"},{\"@type\":\"ListItem\",\"position\":5,\"name\":\"Duz\u0103 universal\u0103 de pulverizare plan\u0103 AP12004 ro\u0219u\"}]},{\"@type\":\"WebSite\",\"@id\":\"https:\\\/\\\/exparto.pl\\\/ro\\\/#website\",\"url\":\"https:\\\/\\\/exparto.pl\\\/ro\\\/\",\"name\":\"EXPARTO\",\"description\":\"More than agro parts\",\"publisher\":{\"@id\":\"https:\\\/\\\/exparto.pl\\\/ro\\\/#organization\"},\"potentialAction\":[{\"@type\":\"SearchAction\",\"target\":{\"@type\":\"EntryPoint\",\"urlTemplate\":\"https:\\\/\\\/exparto.pl\\\/ro\\\/?s={search_term_string}\"},\"query-input\":{\"@type\":\"PropertyValueSpecification\",\"valueRequired\":true,\"valueName\":\"search_term_string\"}}],\"inLanguage\":\"ro-RO\"},{\"@type\":\"Organization\",\"@id\":\"https:\\\/\\\/exparto.pl\\\/ro\\\/#organization\",\"name\":\"EXPARTO\",\"url\":\"https:\\\/\\\/exparto.pl\\\/ro\\\/\",\"logo\":{\"@type\":\"ImageObject\",\"inLanguage\":\"ro-RO\",\"@id\":\"https:\\\/\\\/exparto.pl\\\/ro\\\/#\\\/schema\\\/logo\\\/image\\\/\",\"url\":\"https:\\\/\\\/exparto.pl\\\/wp-content\\\/uploads\\\/2023\\\/02\\\/logo-wektor.png\",\"contentUrl\":\"https:\\\/\\\/exparto.pl\\\/wp-content\\\/uploads\\\/2023\\\/02\\\/logo-wektor.png\",\"width\":1338,\"height\":143,\"caption\":\"EXPARTO\"},\"image\":{\"@id\":\"https:\\\/\\\/exparto.pl\\\/ro\\\/#\\\/schema\\\/logo\\\/image\\\/\"},\"sameAs\":[\"https:\\\/\\\/www.facebook.com\\\/exparto.agro\\\/\"]}]}<\/script>\n<!-- \/ Yoast SEO plugin. -->","yoast_head_json":{"title":"Duz\u0103 universal\u0103 de pulverizare plan\u0103 AP12004 ro\u0219u - Exparto.pl","robots":{"index":"index","follow":"follow","max-snippet":"max-snippet:-1","max-image-preview":"max-image-preview:large","max-video-preview":"max-video-preview:-1"},"canonical":"https:\/\/exparto.pl\/ro\/produkt\/atomizor-strip-universal-ap12004-red\/","og_locale":"ro_RO","og_type":"article","og_title":"Duz\u0103 universal\u0103 de pulverizare plan\u0103 AP12004 ro\u0219u - Exparto.pl","og_description":"Pulverizator cu jet plat multifunc\u021bional pentru aplica\u021bii tipice de pulverizare: erbicid, fungicid, insecticid.","og_url":"https:\/\/exparto.pl\/ro\/produkt\/atomizor-strip-universal-ap12004-red\/","og_site_name":"Exparto.pl","article_publisher":"https:\/\/www.facebook.com\/exparto.agro\/","og_image":[{"width":1000,"height":1000,"url":"https:\/\/exparto.pl\/wp-content\/uploads\/2023\/09\/c26f9ee06e986782ecd04e10a778a9cb.jpg","type":"image\/jpeg"}],"twitter_card":"summary_large_image","twitter_misc":{"Timp estimat pentru citire":"1 minut"},"schema":{"@context":"https:\/\/schema.org","@graph":[{"@type":"WebPage","@id":"https:\/\/exparto.pl\/ro\/produkt\/atomizor-strip-universal-ap12004-red\/","url":"https:\/\/exparto.pl\/ro\/produkt\/atomizor-strip-universal-ap12004-red\/","name":"Duz\u0103 universal\u0103 de pulverizare plan\u0103 AP12004 ro\u0219u - Exparto.pl","isPartOf":{"@id":"https:\/\/exparto.pl\/ro\/#website"},"primaryImageOfPage":{"@id":"https:\/\/exparto.pl\/ro\/produkt\/atomizor-strip-universal-ap12004-red\/#primaryimage"},"image":{"@id":"https:\/\/exparto.pl\/ro\/produkt\/atomizor-strip-universal-ap12004-red\/#primaryimage"},"thumbnailUrl":"https:\/\/exparto.pl\/wp-content\/uploads\/2023\/09\/c26f9ee06e986782ecd04e10a778a9cb.jpg","datePublished":"2023-09-17T21:50:33+00:00","breadcrumb":{"@id":"https:\/\/exparto.pl\/ro\/produkt\/atomizor-strip-universal-ap12004-red\/#breadcrumb"},"inLanguage":"ro-RO","potentialAction":[{"@type":"ReadAction","target":["https:\/\/exparto.pl\/ro\/produkt\/atomizor-strip-universal-ap12004-red\/"]}]},{"@type":"ImageObject","inLanguage":"ro-RO","@id":"https:\/\/exparto.pl\/ro\/produkt\/atomizor-strip-universal-ap12004-red\/#primaryimage","url":"https:\/\/exparto.pl\/wp-content\/uploads\/2023\/09\/c26f9ee06e986782ecd04e10a778a9cb.jpg","contentUrl":"https:\/\/exparto.pl\/wp-content\/uploads\/2023\/09\/c26f9ee06e986782ecd04e10a778a9cb.jpg","width":1000,"height":1000},{"@type":"BreadcrumbList","@id":"https:\/\/exparto.pl\/ro\/produkt\/atomizor-strip-universal-ap12004-red\/#breadcrumb","itemListElement":[{"@type":"ListItem","position":1,"name":"Pagina de start","item":"https:\/\/exparto.pl\/ro\/pagina-de-start\/"},{"@type":"ListItem","position":2,"name":"Sklep","item":"https:\/\/exparto.pl\/sklep\/"},{"@type":"ListItem","position":3,"name":"Piese pentru pulverizatoare","item":"https:\/\/exparto.pl\/ro\/categoria-de-produse\/piese-pentru-pulverizatoare\/"},{"@type":"ListItem","position":4,"name":"Spray-uri","item":"https:\/\/exparto.pl\/ro\/categoria-de-produse\/piese-pentru-pulverizatoare\/spray-uri\/"},{"@type":"ListItem","position":5,"name":"Duz\u0103 universal\u0103 de pulverizare plan\u0103 AP12004 ro\u0219u"}]},{"@type":"WebSite","@id":"https:\/\/exparto.pl\/ro\/#website","url":"https:\/\/exparto.pl\/ro\/","name":"EXPARTO","description":"More than agro parts","publisher":{"@id":"https:\/\/exparto.pl\/ro\/#organization"},"potentialAction":[{"@type":"SearchAction","target":{"@type":"EntryPoint","urlTemplate":"https:\/\/exparto.pl\/ro\/?s={search_term_string}"},"query-input":{"@type":"PropertyValueSpecification","valueRequired":true,"valueName":"search_term_string"}}],"inLanguage":"ro-RO"},{"@type":"Organization","@id":"https:\/\/exparto.pl\/ro\/#organization","name":"EXPARTO","url":"https:\/\/exparto.pl\/ro\/","logo":{"@type":"ImageObject","inLanguage":"ro-RO","@id":"https:\/\/exparto.pl\/ro\/#\/schema\/logo\/image\/","url":"https:\/\/exparto.pl\/wp-content\/uploads\/2023\/02\/logo-wektor.png","contentUrl":"https:\/\/exparto.pl\/wp-content\/uploads\/2023\/02\/logo-wektor.png","width":1338,"height":143,"caption":"EXPARTO"},"image":{"@id":"https:\/\/exparto.pl\/ro\/#\/schema\/logo\/image\/"},"sameAs":["https:\/\/www.facebook.com\/exparto.agro\/"]}]}},"_links":{"self":[{"href":"https:\/\/exparto.pl\/ro\/wp-json\/wp\/v2\/product\/10833","targetHints":{"allow":["GET"]}}],"collection":[{"href":"https:\/\/exparto.pl\/ro\/wp-json\/wp\/v2\/product"}],"about":[{"href":"https:\/\/exparto.pl\/ro\/wp-json\/wp\/v2\/types\/product"}],"replies":[{"embeddable":true,"href":"https:\/\/exparto.pl\/ro\/wp-json\/wp\/v2\/comments?post=10833"}],"wp:featuredmedia":[{"embeddable":true,"href":"https:\/\/exparto.pl\/ro\/wp-json\/wp\/v2\/media\/24732"}],"wp:attachment":[{"href":"https:\/\/exparto.pl\/ro\/wp-json\/wp\/v2\/media?parent=10833"}],"wp:term":[{"taxonomy":"product_brand","embeddable":true,"href":"https:\/\/exparto.pl\/ro\/wp-json\/wp\/v2\/product_brand?post=10833"},{"taxonomy":"product_cat","embeddable":true,"href":"https:\/\/exparto.pl\/ro\/wp-json\/wp\/v2\/product_cat?post=10833"},{"taxonomy":"product_tag","embeddable":true,"href":"https:\/\/exparto.pl\/ro\/wp-json\/wp\/v2\/product_tag?post=10833"}],"curies":[{"name":"wp","href":"https:\/\/api.w.org\/{rel}","templated":true}]}}