{"id":10868,"date":"2023-07-25T10:43:57","date_gmt":"2023-07-25T08:43:57","guid":{"rendered":"https:\/\/exparto.pl\/produkt\/veriga-centrala-veriga-centrala-cu-set-de-stifturi-c-360-ursus\/"},"modified":"2023-07-25T10:43:57","modified_gmt":"2023-07-25T08:43:57","slug":"cerc-centru-centrare-centru-cu-pinion-complet-c-360-ursus","status":"publish","type":"product","link":"https:\/\/exparto.pl\/ro\/produkt\/cerc-centru-centrare-centru-cu-pinion-complet-c-360-ursus\/","title":{"rendered":"Verig\u0103 central\u0103 verig\u0103 central\u0103 cu set de \u0219tifturi C-360 Ursus"},"content":{"rendered":"<p style=\"text-align: justify\">Veriga <b>central\u0103<\/b> este ideal\u0103 pentru tractoare ca <b>stabilizator pentru<\/b> veriga <b>inferioar\u0103<\/b>. Acesta leag\u0103 mecanismul central de componentele mecanismului central, permi\u021b\u00e2nd ca \u00eentregul sistem s\u0103 <b>func\u021bioneze f\u0103r\u0103 probleme<\/b>.<\/p>\n<p style=\"text-align: justify\">Setul este format dintr-o verig\u0103 central\u0103, o verig\u0103 central\u0103 \u0219i un \u0219tift cu care aceste componente pot fi conectate cu u\u0219urin\u021b\u0103. Toate piesele sunt fabricate din <b>materiale durabile \u0219i de lung\u0103 durat\u0103<\/b>, asigur\u00e2nd fiabilitatea \u0219i o durat\u0103 de via\u021b\u0103 lung\u0103 a produsului.<\/p>\n<p style=\"text-align: justify\"><b>Cuplajul central<\/b> este un produs dedicat \u00een primul r\u00e2nd proprietarilor de tractoare Ursus C-360 care apreciaz\u0103 func\u021bionalitatea \u0219i fiabilitatea. Kitul este u\u0219or de instalat \u0219i de utilizat \u0219i va contribui la cre\u0219terea productivit\u0103\u021bii \u0219i eficien\u021bei tractorului.<\/p>\n<p style=\"text-align: justify\">Dac\u0103 sunte\u021bi \u00een c\u0103utarea unui produs de \u00eenalt\u0103 calitate pentru a <b>\u00eembun\u0103t\u0103\u021bi<\/b> performan\u021bele tractorului dumneavoastr\u0103, sistemul de transmisie central\u0103 cu set de \u0219tifturi C-360 Ursus este alegerea ideal\u0103.<\/p>\n<p style=\"text-align: justify\">Cuplaj central C-360 cu \u0219uruburi M24 complet<\/p>\n<p style=\"text-align: justify\">Conectorul este format din: &#8211; Conector central,- tij\u0103 &#8211; 2 pini<\/p>\n","protected":false},"excerpt":{"rendered":"<p style=\"text-align: justify\">Scopul cuplajului central pentru dispozitivele de manipulare telescopic\u0103 (a\u0219a-numitul c\u00e2rlig de remorcare) este de a conecta tractorul la ma\u0219ina care este at\u00e2rnat\u0103.<\/p>\n","protected":false},"featured_media":10869,"comment_status":"open","ping_status":"closed","template":"","meta":{"_acf_changed":false,"inline_featured_image":false},"product_brand":[],"product_cat":[389,390,392,391],"product_tag":[],"class_list":{"0":"post-10868","1":"product","2":"type-product","3":"status-publish","4":"has-post-thumbnail","6":"product_cat-piese-pentru-tractoare","7":"product_cat-piese-pentru-ursus","8":"product_cat-sistem-de-suspensie-in-trei-puncte","9":"product_cat-ursus-c-360-ro","11":"first","12":"instock","13":"taxable","14":"shipping-taxable","15":"purchasable","16":"product-type-simple"},"acf":[],"yoast_head":"<!-- This site is optimized with the Yoast SEO plugin v27.3 - https:\/\/yoast.com\/product\/yoast-seo-wordpress\/ -->\n<title>Verig\u0103 central\u0103 verig\u0103 central\u0103 cu set de \u0219tifturi C-360 Ursus - Exparto.pl<\/title>\n<meta name=\"robots\" content=\"index, follow, max-snippet:-1, max-image-preview:large, max-video-preview:-1\" \/>\n<link rel=\"canonical\" href=\"https:\/\/exparto.pl\/ro\/produkt\/cerc-centru-centrare-centru-cu-pinion-complet-c-360-ursus\/\" \/>\n<meta property=\"og:locale\" content=\"ro_RO\" \/>\n<meta property=\"og:type\" content=\"article\" \/>\n<meta property=\"og:title\" content=\"Verig\u0103 central\u0103 verig\u0103 central\u0103 cu set de \u0219tifturi C-360 Ursus - Exparto.pl\" \/>\n<meta property=\"og:description\" content=\"Scopul cuplajului central pentru dispozitivele de manipulare telescopic\u0103 (a\u0219a-numitul c\u00e2rlig de remorcare) este de a conecta tractorul la ma\u0219ina care este at\u00e2rnat\u0103.\" \/>\n<meta property=\"og:url\" content=\"https:\/\/exparto.pl\/ro\/produkt\/cerc-centru-centrare-centru-cu-pinion-complet-c-360-ursus\/\" \/>\n<meta property=\"og:site_name\" content=\"Exparto.pl\" \/>\n<meta property=\"article:publisher\" content=\"https:\/\/www.facebook.com\/exparto.agro\/\" \/>\n<meta property=\"og:image\" content=\"https:\/\/exparto.pl\/wp-content\/uploads\/2023\/07\/9a84c88970313a7d615dc048f3dcee56-1.jpg\" \/>\n\t<meta property=\"og:image:width\" content=\"1000\" \/>\n\t<meta property=\"og:image:height\" content=\"1000\" \/>\n\t<meta property=\"og:image:type\" content=\"image\/jpeg\" \/>\n<meta name=\"twitter:card\" content=\"summary_large_image\" \/>\n<meta name=\"twitter:label1\" content=\"Timp estimat pentru citire\" \/>\n\t<meta name=\"twitter:data1\" content=\"1 minut\" \/>\n<script type=\"application\/ld+json\" class=\"yoast-schema-graph\">{\"@context\":\"https:\\\/\\\/schema.org\",\"@graph\":[{\"@type\":\"WebPage\",\"@id\":\"https:\\\/\\\/exparto.pl\\\/ro\\\/produkt\\\/cerc-centru-centrare-centru-cu-pinion-complet-c-360-ursus\\\/\",\"url\":\"https:\\\/\\\/exparto.pl\\\/ro\\\/produkt\\\/cerc-centru-centrare-centru-cu-pinion-complet-c-360-ursus\\\/\",\"name\":\"Verig\u0103 central\u0103 verig\u0103 central\u0103 cu set de \u0219tifturi C-360 Ursus - Exparto.pl\",\"isPartOf\":{\"@id\":\"https:\\\/\\\/exparto.pl\\\/ro\\\/#website\"},\"primaryImageOfPage\":{\"@id\":\"https:\\\/\\\/exparto.pl\\\/ro\\\/produkt\\\/cerc-centru-centrare-centru-cu-pinion-complet-c-360-ursus\\\/#primaryimage\"},\"image\":{\"@id\":\"https:\\\/\\\/exparto.pl\\\/ro\\\/produkt\\\/cerc-centru-centrare-centru-cu-pinion-complet-c-360-ursus\\\/#primaryimage\"},\"thumbnailUrl\":\"https:\\\/\\\/exparto.pl\\\/wp-content\\\/uploads\\\/2023\\\/07\\\/9a84c88970313a7d615dc048f3dcee56-1.jpg\",\"datePublished\":\"2023-07-25T08:43:57+00:00\",\"breadcrumb\":{\"@id\":\"https:\\\/\\\/exparto.pl\\\/ro\\\/produkt\\\/cerc-centru-centrare-centru-cu-pinion-complet-c-360-ursus\\\/#breadcrumb\"},\"inLanguage\":\"ro-RO\",\"potentialAction\":[{\"@type\":\"ReadAction\",\"target\":[\"https:\\\/\\\/exparto.pl\\\/ro\\\/produkt\\\/cerc-centru-centrare-centru-cu-pinion-complet-c-360-ursus\\\/\"]}]},{\"@type\":\"ImageObject\",\"inLanguage\":\"ro-RO\",\"@id\":\"https:\\\/\\\/exparto.pl\\\/ro\\\/produkt\\\/cerc-centru-centrare-centru-cu-pinion-complet-c-360-ursus\\\/#primaryimage\",\"url\":\"https:\\\/\\\/exparto.pl\\\/wp-content\\\/uploads\\\/2023\\\/07\\\/9a84c88970313a7d615dc048f3dcee56-1.jpg\",\"contentUrl\":\"https:\\\/\\\/exparto.pl\\\/wp-content\\\/uploads\\\/2023\\\/07\\\/9a84c88970313a7d615dc048f3dcee56-1.jpg\",\"width\":1000,\"height\":1000},{\"@type\":\"BreadcrumbList\",\"@id\":\"https:\\\/\\\/exparto.pl\\\/ro\\\/produkt\\\/cerc-centru-centrare-centru-cu-pinion-complet-c-360-ursus\\\/#breadcrumb\",\"itemListElement\":[{\"@type\":\"ListItem\",\"position\":1,\"name\":\"Pagina de start\",\"item\":\"https:\\\/\\\/exparto.pl\\\/ro\\\/pagina-de-start\\\/\"},{\"@type\":\"ListItem\",\"position\":2,\"name\":\"Sklep\",\"item\":\"https:\\\/\\\/exparto.pl\\\/sklep\\\/\"},{\"@type\":\"ListItem\",\"position\":3,\"name\":\"Sistem de suspensie \u00een trei puncte\",\"item\":\"https:\\\/\\\/exparto.pl\\\/ro\\\/categoria-de-produse\\\/sistem-de-suspensie-in-trei-puncte\\\/\"},{\"@type\":\"ListItem\",\"position\":4,\"name\":\"\u0141\u0105czniki centralne\",\"item\":\"https:\\\/\\\/exparto.pl\\\/kategoria-produktu\\\/trojpunktowy-uklad-zawieszenia\\\/laczniki-centralne\\\/\"},{\"@type\":\"ListItem\",\"position\":5,\"name\":\"Verig\u0103 central\u0103 verig\u0103 central\u0103 cu set de \u0219tifturi C-360 Ursus\"}]},{\"@type\":\"WebSite\",\"@id\":\"https:\\\/\\\/exparto.pl\\\/ro\\\/#website\",\"url\":\"https:\\\/\\\/exparto.pl\\\/ro\\\/\",\"name\":\"EXPARTO\",\"description\":\"More than agro parts\",\"publisher\":{\"@id\":\"https:\\\/\\\/exparto.pl\\\/ro\\\/#organization\"},\"potentialAction\":[{\"@type\":\"SearchAction\",\"target\":{\"@type\":\"EntryPoint\",\"urlTemplate\":\"https:\\\/\\\/exparto.pl\\\/ro\\\/?s={search_term_string}\"},\"query-input\":{\"@type\":\"PropertyValueSpecification\",\"valueRequired\":true,\"valueName\":\"search_term_string\"}}],\"inLanguage\":\"ro-RO\"},{\"@type\":\"Organization\",\"@id\":\"https:\\\/\\\/exparto.pl\\\/ro\\\/#organization\",\"name\":\"EXPARTO\",\"url\":\"https:\\\/\\\/exparto.pl\\\/ro\\\/\",\"logo\":{\"@type\":\"ImageObject\",\"inLanguage\":\"ro-RO\",\"@id\":\"https:\\\/\\\/exparto.pl\\\/ro\\\/#\\\/schema\\\/logo\\\/image\\\/\",\"url\":\"https:\\\/\\\/exparto.pl\\\/wp-content\\\/uploads\\\/2023\\\/02\\\/logo-wektor.png\",\"contentUrl\":\"https:\\\/\\\/exparto.pl\\\/wp-content\\\/uploads\\\/2023\\\/02\\\/logo-wektor.png\",\"width\":1338,\"height\":143,\"caption\":\"EXPARTO\"},\"image\":{\"@id\":\"https:\\\/\\\/exparto.pl\\\/ro\\\/#\\\/schema\\\/logo\\\/image\\\/\"},\"sameAs\":[\"https:\\\/\\\/www.facebook.com\\\/exparto.agro\\\/\"]}]}<\/script>\n<!-- \/ Yoast SEO plugin. -->","yoast_head_json":{"title":"Verig\u0103 central\u0103 verig\u0103 central\u0103 cu set de \u0219tifturi C-360 Ursus - Exparto.pl","robots":{"index":"index","follow":"follow","max-snippet":"max-snippet:-1","max-image-preview":"max-image-preview:large","max-video-preview":"max-video-preview:-1"},"canonical":"https:\/\/exparto.pl\/ro\/produkt\/cerc-centru-centrare-centru-cu-pinion-complet-c-360-ursus\/","og_locale":"ro_RO","og_type":"article","og_title":"Verig\u0103 central\u0103 verig\u0103 central\u0103 cu set de \u0219tifturi C-360 Ursus - Exparto.pl","og_description":"Scopul cuplajului central pentru dispozitivele de manipulare telescopic\u0103 (a\u0219a-numitul c\u00e2rlig de remorcare) este de a conecta tractorul la ma\u0219ina care este at\u00e2rnat\u0103.","og_url":"https:\/\/exparto.pl\/ro\/produkt\/cerc-centru-centrare-centru-cu-pinion-complet-c-360-ursus\/","og_site_name":"Exparto.pl","article_publisher":"https:\/\/www.facebook.com\/exparto.agro\/","og_image":[{"width":1000,"height":1000,"url":"https:\/\/exparto.pl\/wp-content\/uploads\/2023\/07\/9a84c88970313a7d615dc048f3dcee56-1.jpg","type":"image\/jpeg"}],"twitter_card":"summary_large_image","twitter_misc":{"Timp estimat pentru citire":"1 minut"},"schema":{"@context":"https:\/\/schema.org","@graph":[{"@type":"WebPage","@id":"https:\/\/exparto.pl\/ro\/produkt\/cerc-centru-centrare-centru-cu-pinion-complet-c-360-ursus\/","url":"https:\/\/exparto.pl\/ro\/produkt\/cerc-centru-centrare-centru-cu-pinion-complet-c-360-ursus\/","name":"Verig\u0103 central\u0103 verig\u0103 central\u0103 cu set de \u0219tifturi C-360 Ursus - Exparto.pl","isPartOf":{"@id":"https:\/\/exparto.pl\/ro\/#website"},"primaryImageOfPage":{"@id":"https:\/\/exparto.pl\/ro\/produkt\/cerc-centru-centrare-centru-cu-pinion-complet-c-360-ursus\/#primaryimage"},"image":{"@id":"https:\/\/exparto.pl\/ro\/produkt\/cerc-centru-centrare-centru-cu-pinion-complet-c-360-ursus\/#primaryimage"},"thumbnailUrl":"https:\/\/exparto.pl\/wp-content\/uploads\/2023\/07\/9a84c88970313a7d615dc048f3dcee56-1.jpg","datePublished":"2023-07-25T08:43:57+00:00","breadcrumb":{"@id":"https:\/\/exparto.pl\/ro\/produkt\/cerc-centru-centrare-centru-cu-pinion-complet-c-360-ursus\/#breadcrumb"},"inLanguage":"ro-RO","potentialAction":[{"@type":"ReadAction","target":["https:\/\/exparto.pl\/ro\/produkt\/cerc-centru-centrare-centru-cu-pinion-complet-c-360-ursus\/"]}]},{"@type":"ImageObject","inLanguage":"ro-RO","@id":"https:\/\/exparto.pl\/ro\/produkt\/cerc-centru-centrare-centru-cu-pinion-complet-c-360-ursus\/#primaryimage","url":"https:\/\/exparto.pl\/wp-content\/uploads\/2023\/07\/9a84c88970313a7d615dc048f3dcee56-1.jpg","contentUrl":"https:\/\/exparto.pl\/wp-content\/uploads\/2023\/07\/9a84c88970313a7d615dc048f3dcee56-1.jpg","width":1000,"height":1000},{"@type":"BreadcrumbList","@id":"https:\/\/exparto.pl\/ro\/produkt\/cerc-centru-centrare-centru-cu-pinion-complet-c-360-ursus\/#breadcrumb","itemListElement":[{"@type":"ListItem","position":1,"name":"Pagina de start","item":"https:\/\/exparto.pl\/ro\/pagina-de-start\/"},{"@type":"ListItem","position":2,"name":"Sklep","item":"https:\/\/exparto.pl\/sklep\/"},{"@type":"ListItem","position":3,"name":"Sistem de suspensie \u00een trei puncte","item":"https:\/\/exparto.pl\/ro\/categoria-de-produse\/sistem-de-suspensie-in-trei-puncte\/"},{"@type":"ListItem","position":4,"name":"\u0141\u0105czniki centralne","item":"https:\/\/exparto.pl\/kategoria-produktu\/trojpunktowy-uklad-zawieszenia\/laczniki-centralne\/"},{"@type":"ListItem","position":5,"name":"Verig\u0103 central\u0103 verig\u0103 central\u0103 cu set de \u0219tifturi C-360 Ursus"}]},{"@type":"WebSite","@id":"https:\/\/exparto.pl\/ro\/#website","url":"https:\/\/exparto.pl\/ro\/","name":"EXPARTO","description":"More than agro parts","publisher":{"@id":"https:\/\/exparto.pl\/ro\/#organization"},"potentialAction":[{"@type":"SearchAction","target":{"@type":"EntryPoint","urlTemplate":"https:\/\/exparto.pl\/ro\/?s={search_term_string}"},"query-input":{"@type":"PropertyValueSpecification","valueRequired":true,"valueName":"search_term_string"}}],"inLanguage":"ro-RO"},{"@type":"Organization","@id":"https:\/\/exparto.pl\/ro\/#organization","name":"EXPARTO","url":"https:\/\/exparto.pl\/ro\/","logo":{"@type":"ImageObject","inLanguage":"ro-RO","@id":"https:\/\/exparto.pl\/ro\/#\/schema\/logo\/image\/","url":"https:\/\/exparto.pl\/wp-content\/uploads\/2023\/02\/logo-wektor.png","contentUrl":"https:\/\/exparto.pl\/wp-content\/uploads\/2023\/02\/logo-wektor.png","width":1338,"height":143,"caption":"EXPARTO"},"image":{"@id":"https:\/\/exparto.pl\/ro\/#\/schema\/logo\/image\/"},"sameAs":["https:\/\/www.facebook.com\/exparto.agro\/"]}]}},"_links":{"self":[{"href":"https:\/\/exparto.pl\/ro\/wp-json\/wp\/v2\/product\/10868","targetHints":{"allow":["GET"]}}],"collection":[{"href":"https:\/\/exparto.pl\/ro\/wp-json\/wp\/v2\/product"}],"about":[{"href":"https:\/\/exparto.pl\/ro\/wp-json\/wp\/v2\/types\/product"}],"replies":[{"embeddable":true,"href":"https:\/\/exparto.pl\/ro\/wp-json\/wp\/v2\/comments?post=10868"}],"wp:featuredmedia":[{"embeddable":true,"href":"https:\/\/exparto.pl\/ro\/wp-json\/wp\/v2\/media\/10869"}],"wp:attachment":[{"href":"https:\/\/exparto.pl\/ro\/wp-json\/wp\/v2\/media?parent=10868"}],"wp:term":[{"taxonomy":"product_brand","embeddable":true,"href":"https:\/\/exparto.pl\/ro\/wp-json\/wp\/v2\/product_brand?post=10868"},{"taxonomy":"product_cat","embeddable":true,"href":"https:\/\/exparto.pl\/ro\/wp-json\/wp\/v2\/product_cat?post=10868"},{"taxonomy":"product_tag","embeddable":true,"href":"https:\/\/exparto.pl\/ro\/wp-json\/wp\/v2\/product_tag?post=10868"}],"curies":[{"name":"wp","href":"https:\/\/api.w.org\/{rel}","templated":true}]}}