{"id":10910,"date":"2023-07-10T15:19:24","date_gmt":"2023-07-10T13:19:24","guid":{"rendered":"https:\/\/exparto.pl\/produkt\/atomizor-cu-ejector-galben\/"},"modified":"2023-07-10T15:19:24","modified_gmt":"2023-07-10T13:19:24","slug":"duza-ezk-aur","status":"publish","type":"product","link":"https:\/\/exparto.pl\/ro\/produkt\/duza-ezk-aur\/","title":{"rendered":"Atomizor cu ejector &#8211; galben"},"content":{"rendered":"<p style=\"text-align: justify\">Duze de ejec\u021bie sunt utilizate pentru tratamente de protec\u021bie a plantelor<span style=\"text-align: justify\">. Acestea sporesc eficien\u021ba m\u0103surilor utilizate. Acestea se caracterizeaz\u0103 printr-o rezisten\u021b\u0103 ridicat\u0103 la v\u00e2nt, astfel \u00eenc\u00e2t pulverizarea poate fi efectuat\u0103 chiar \u0219i \u00een  <\/span><span style=\"text-align: justify\">condi\u021bii meteorologice dificile<\/span><span style=\"text-align: justify\">. Viteza v\u00e2ntului aici poate ajunge p\u00e2n\u0103 la 8 m\/s. De asemenea, pulverizatoarele se comport\u0103 excelent la  <\/span><span style=\"text-align: justify\">temperatur\u0103 mai ridicat\u0103<\/span><span style=\"text-align: justify\"> \u0219i <\/span><span style=\"text-align: justify\">umiditate sc\u0103zut\u0103<\/span><span style=\"text-align: justify\">.<\/span><\/p>\n<p style=\"text-align: justify\"><span style=\"text-align: justify\">Duzele de pulverizare sunt utilizate cel mai frecvent pentru pulverizare: <\/span><span style=\"text-align: justify\">erbicide de sol<\/span><span style=\"text-align: justify\">erbicide, insecticide \u0219i <\/span><span style=\"text-align: justify\">fungicide cu ac\u021biune sistemic\u0103<\/span><span style=\"text-align: justify\">precum \u0219i regulatori de cre\u0219tere. Ele sunt, de asemenea, utilizate \u00een fertilizarea foliar\u0103. Acestea pot fi utilizate cu succes la culturile de c\u00e2mp \u0219i pentru combaterea buruienilor.<\/span><\/p>\n","protected":false},"excerpt":{"rendered":"<p style=\"text-align: justify\"><span style=\"text-align: justify\">Duze de ejec\u021bie <\/span><span style=\"text-align: justify\">sunt utilizate pentru <\/span><span style=\"text-align: justify\">tratamente de protec\u021bie a plantelor<\/span><span style=\"text-align: justify\">. Acestea sporesc eficien\u021ba m\u0103surilor utilizate. Acestea se caracterizeaz\u0103 printr-o rezisten\u021b\u0103 ridicat\u0103 la v\u00e2nt, astfel \u00eenc\u00e2t pulverizarea poate fi efectuat\u0103 chiar \u0219i \u00een  <\/span>condi\u021bii meteorologice dificile.<\/p>\n","protected":false},"featured_media":26320,"comment_status":"open","ping_status":"closed","template":"","meta":{"_acf_changed":false,"inline_featured_image":false},"product_brand":[],"product_cat":[376,361],"product_tag":[],"class_list":{"0":"post-10910","1":"product","2":"type-product","3":"status-publish","4":"has-post-thumbnail","6":"product_cat-piese-pentru-pulverizatoare","7":"product_cat-spray-uri","9":"first","10":"instock","11":"taxable","12":"shipping-taxable","13":"purchasable","14":"product-type-simple"},"acf":[],"yoast_head":"<!-- This site is optimized with the Yoast SEO plugin v27.4 - https:\/\/yoast.com\/product\/yoast-seo-wordpress\/ -->\n<title>Atomizor cu ejector - galben - Exparto.pl<\/title>\n<meta name=\"robots\" content=\"index, follow, max-snippet:-1, max-image-preview:large, max-video-preview:-1\" \/>\n<link rel=\"canonical\" href=\"https:\/\/exparto.pl\/ro\/produkt\/duza-ezk-aur\/\" \/>\n<meta property=\"og:locale\" content=\"ro_RO\" \/>\n<meta property=\"og:type\" content=\"article\" \/>\n<meta property=\"og:title\" content=\"Atomizor cu ejector - galben - Exparto.pl\" \/>\n<meta property=\"og:description\" content=\"Duze de ejec\u021bie sunt utilizate pentru tratamente de protec\u021bie a plantelor. Acestea sporesc eficien\u021ba m\u0103surilor utilizate. Acestea se caracterizeaz\u0103 printr-o rezisten\u021b\u0103 ridicat\u0103 la v\u00e2nt, astfel \u00eenc\u00e2t pulverizarea poate fi efectuat\u0103 chiar \u0219i \u00een condi\u021bii meteorologice dificile.\" \/>\n<meta property=\"og:url\" content=\"https:\/\/exparto.pl\/ro\/produkt\/duza-ezk-aur\/\" \/>\n<meta property=\"og:site_name\" content=\"Exparto.pl\" \/>\n<meta property=\"article:publisher\" content=\"https:\/\/www.facebook.com\/exparto.agro\/\" \/>\n<meta property=\"og:image\" content=\"https:\/\/exparto.pl\/wp-content\/uploads\/2023\/07\/ex113_026a.jpg\" \/>\n\t<meta property=\"og:image:width\" content=\"1200\" \/>\n\t<meta property=\"og:image:height\" content=\"1200\" \/>\n\t<meta property=\"og:image:type\" content=\"image\/jpeg\" \/>\n<meta name=\"twitter:card\" content=\"summary_large_image\" \/>\n<meta name=\"twitter:label1\" content=\"Timp estimat pentru citire\" \/>\n\t<meta name=\"twitter:data1\" content=\"1 minut\" \/>\n<script type=\"application\/ld+json\" class=\"yoast-schema-graph\">{\"@context\":\"https:\\\/\\\/schema.org\",\"@graph\":[{\"@type\":\"WebPage\",\"@id\":\"https:\\\/\\\/exparto.pl\\\/ro\\\/produkt\\\/duza-ezk-aur\\\/\",\"url\":\"https:\\\/\\\/exparto.pl\\\/ro\\\/produkt\\\/duza-ezk-aur\\\/\",\"name\":\"Atomizor cu ejector - galben - Exparto.pl\",\"isPartOf\":{\"@id\":\"https:\\\/\\\/exparto.pl\\\/ro\\\/#website\"},\"primaryImageOfPage\":{\"@id\":\"https:\\\/\\\/exparto.pl\\\/ro\\\/produkt\\\/duza-ezk-aur\\\/#primaryimage\"},\"image\":{\"@id\":\"https:\\\/\\\/exparto.pl\\\/ro\\\/produkt\\\/duza-ezk-aur\\\/#primaryimage\"},\"thumbnailUrl\":\"https:\\\/\\\/exparto.pl\\\/wp-content\\\/uploads\\\/2023\\\/07\\\/ex113_026a.jpg\",\"datePublished\":\"2023-07-10T13:19:24+00:00\",\"breadcrumb\":{\"@id\":\"https:\\\/\\\/exparto.pl\\\/ro\\\/produkt\\\/duza-ezk-aur\\\/#breadcrumb\"},\"inLanguage\":\"ro-RO\",\"potentialAction\":[{\"@type\":\"ReadAction\",\"target\":[\"https:\\\/\\\/exparto.pl\\\/ro\\\/produkt\\\/duza-ezk-aur\\\/\"]}]},{\"@type\":\"ImageObject\",\"inLanguage\":\"ro-RO\",\"@id\":\"https:\\\/\\\/exparto.pl\\\/ro\\\/produkt\\\/duza-ezk-aur\\\/#primaryimage\",\"url\":\"https:\\\/\\\/exparto.pl\\\/wp-content\\\/uploads\\\/2023\\\/07\\\/ex113_026a.jpg\",\"contentUrl\":\"https:\\\/\\\/exparto.pl\\\/wp-content\\\/uploads\\\/2023\\\/07\\\/ex113_026a.jpg\",\"width\":1200,\"height\":1200},{\"@type\":\"BreadcrumbList\",\"@id\":\"https:\\\/\\\/exparto.pl\\\/ro\\\/produkt\\\/duza-ezk-aur\\\/#breadcrumb\",\"itemListElement\":[{\"@type\":\"ListItem\",\"position\":1,\"name\":\"Pagina de start\",\"item\":\"https:\\\/\\\/exparto.pl\\\/ro\\\/pagina-de-start\\\/\"},{\"@type\":\"ListItem\",\"position\":2,\"name\":\"Sklep\",\"item\":\"https:\\\/\\\/exparto.pl\\\/sklep\\\/\"},{\"@type\":\"ListItem\",\"position\":3,\"name\":\"Piese pentru pulverizatoare\",\"item\":\"https:\\\/\\\/exparto.pl\\\/ro\\\/categoria-de-produse\\\/piese-pentru-pulverizatoare\\\/\"},{\"@type\":\"ListItem\",\"position\":4,\"name\":\"Spray-uri\",\"item\":\"https:\\\/\\\/exparto.pl\\\/ro\\\/categoria-de-produse\\\/piese-pentru-pulverizatoare\\\/spray-uri\\\/\"},{\"@type\":\"ListItem\",\"position\":5,\"name\":\"Atomizor cu ejector &#8211; galben\"}]},{\"@type\":\"WebSite\",\"@id\":\"https:\\\/\\\/exparto.pl\\\/ro\\\/#website\",\"url\":\"https:\\\/\\\/exparto.pl\\\/ro\\\/\",\"name\":\"EXPARTO\",\"description\":\"More than agro parts\",\"publisher\":{\"@id\":\"https:\\\/\\\/exparto.pl\\\/ro\\\/#organization\"},\"potentialAction\":[{\"@type\":\"SearchAction\",\"target\":{\"@type\":\"EntryPoint\",\"urlTemplate\":\"https:\\\/\\\/exparto.pl\\\/ro\\\/?s={search_term_string}\"},\"query-input\":{\"@type\":\"PropertyValueSpecification\",\"valueRequired\":true,\"valueName\":\"search_term_string\"}}],\"inLanguage\":\"ro-RO\"},{\"@type\":\"Organization\",\"@id\":\"https:\\\/\\\/exparto.pl\\\/ro\\\/#organization\",\"name\":\"EXPARTO\",\"url\":\"https:\\\/\\\/exparto.pl\\\/ro\\\/\",\"logo\":{\"@type\":\"ImageObject\",\"inLanguage\":\"ro-RO\",\"@id\":\"https:\\\/\\\/exparto.pl\\\/ro\\\/#\\\/schema\\\/logo\\\/image\\\/\",\"url\":\"https:\\\/\\\/exparto.pl\\\/wp-content\\\/uploads\\\/2023\\\/02\\\/logo-wektor.png\",\"contentUrl\":\"https:\\\/\\\/exparto.pl\\\/wp-content\\\/uploads\\\/2023\\\/02\\\/logo-wektor.png\",\"width\":1338,\"height\":143,\"caption\":\"EXPARTO\"},\"image\":{\"@id\":\"https:\\\/\\\/exparto.pl\\\/ro\\\/#\\\/schema\\\/logo\\\/image\\\/\"},\"sameAs\":[\"https:\\\/\\\/www.facebook.com\\\/exparto.agro\\\/\"]}]}<\/script>\n<!-- \/ Yoast SEO plugin. -->","yoast_head_json":{"title":"Atomizor cu ejector - galben - Exparto.pl","robots":{"index":"index","follow":"follow","max-snippet":"max-snippet:-1","max-image-preview":"max-image-preview:large","max-video-preview":"max-video-preview:-1"},"canonical":"https:\/\/exparto.pl\/ro\/produkt\/duza-ezk-aur\/","og_locale":"ro_RO","og_type":"article","og_title":"Atomizor cu ejector - galben - Exparto.pl","og_description":"Duze de ejec\u021bie sunt utilizate pentru tratamente de protec\u021bie a plantelor. Acestea sporesc eficien\u021ba m\u0103surilor utilizate. Acestea se caracterizeaz\u0103 printr-o rezisten\u021b\u0103 ridicat\u0103 la v\u00e2nt, astfel \u00eenc\u00e2t pulverizarea poate fi efectuat\u0103 chiar \u0219i \u00een condi\u021bii meteorologice dificile.","og_url":"https:\/\/exparto.pl\/ro\/produkt\/duza-ezk-aur\/","og_site_name":"Exparto.pl","article_publisher":"https:\/\/www.facebook.com\/exparto.agro\/","og_image":[{"width":1200,"height":1200,"url":"https:\/\/exparto.pl\/wp-content\/uploads\/2023\/07\/ex113_026a.jpg","type":"image\/jpeg"}],"twitter_card":"summary_large_image","twitter_misc":{"Timp estimat pentru citire":"1 minut"},"schema":{"@context":"https:\/\/schema.org","@graph":[{"@type":"WebPage","@id":"https:\/\/exparto.pl\/ro\/produkt\/duza-ezk-aur\/","url":"https:\/\/exparto.pl\/ro\/produkt\/duza-ezk-aur\/","name":"Atomizor cu ejector - galben - Exparto.pl","isPartOf":{"@id":"https:\/\/exparto.pl\/ro\/#website"},"primaryImageOfPage":{"@id":"https:\/\/exparto.pl\/ro\/produkt\/duza-ezk-aur\/#primaryimage"},"image":{"@id":"https:\/\/exparto.pl\/ro\/produkt\/duza-ezk-aur\/#primaryimage"},"thumbnailUrl":"https:\/\/exparto.pl\/wp-content\/uploads\/2023\/07\/ex113_026a.jpg","datePublished":"2023-07-10T13:19:24+00:00","breadcrumb":{"@id":"https:\/\/exparto.pl\/ro\/produkt\/duza-ezk-aur\/#breadcrumb"},"inLanguage":"ro-RO","potentialAction":[{"@type":"ReadAction","target":["https:\/\/exparto.pl\/ro\/produkt\/duza-ezk-aur\/"]}]},{"@type":"ImageObject","inLanguage":"ro-RO","@id":"https:\/\/exparto.pl\/ro\/produkt\/duza-ezk-aur\/#primaryimage","url":"https:\/\/exparto.pl\/wp-content\/uploads\/2023\/07\/ex113_026a.jpg","contentUrl":"https:\/\/exparto.pl\/wp-content\/uploads\/2023\/07\/ex113_026a.jpg","width":1200,"height":1200},{"@type":"BreadcrumbList","@id":"https:\/\/exparto.pl\/ro\/produkt\/duza-ezk-aur\/#breadcrumb","itemListElement":[{"@type":"ListItem","position":1,"name":"Pagina de start","item":"https:\/\/exparto.pl\/ro\/pagina-de-start\/"},{"@type":"ListItem","position":2,"name":"Sklep","item":"https:\/\/exparto.pl\/sklep\/"},{"@type":"ListItem","position":3,"name":"Piese pentru pulverizatoare","item":"https:\/\/exparto.pl\/ro\/categoria-de-produse\/piese-pentru-pulverizatoare\/"},{"@type":"ListItem","position":4,"name":"Spray-uri","item":"https:\/\/exparto.pl\/ro\/categoria-de-produse\/piese-pentru-pulverizatoare\/spray-uri\/"},{"@type":"ListItem","position":5,"name":"Atomizor cu ejector &#8211; galben"}]},{"@type":"WebSite","@id":"https:\/\/exparto.pl\/ro\/#website","url":"https:\/\/exparto.pl\/ro\/","name":"EXPARTO","description":"More than agro parts","publisher":{"@id":"https:\/\/exparto.pl\/ro\/#organization"},"potentialAction":[{"@type":"SearchAction","target":{"@type":"EntryPoint","urlTemplate":"https:\/\/exparto.pl\/ro\/?s={search_term_string}"},"query-input":{"@type":"PropertyValueSpecification","valueRequired":true,"valueName":"search_term_string"}}],"inLanguage":"ro-RO"},{"@type":"Organization","@id":"https:\/\/exparto.pl\/ro\/#organization","name":"EXPARTO","url":"https:\/\/exparto.pl\/ro\/","logo":{"@type":"ImageObject","inLanguage":"ro-RO","@id":"https:\/\/exparto.pl\/ro\/#\/schema\/logo\/image\/","url":"https:\/\/exparto.pl\/wp-content\/uploads\/2023\/02\/logo-wektor.png","contentUrl":"https:\/\/exparto.pl\/wp-content\/uploads\/2023\/02\/logo-wektor.png","width":1338,"height":143,"caption":"EXPARTO"},"image":{"@id":"https:\/\/exparto.pl\/ro\/#\/schema\/logo\/image\/"},"sameAs":["https:\/\/www.facebook.com\/exparto.agro\/"]}]}},"_links":{"self":[{"href":"https:\/\/exparto.pl\/ro\/wp-json\/wp\/v2\/product\/10910","targetHints":{"allow":["GET"]}}],"collection":[{"href":"https:\/\/exparto.pl\/ro\/wp-json\/wp\/v2\/product"}],"about":[{"href":"https:\/\/exparto.pl\/ro\/wp-json\/wp\/v2\/types\/product"}],"replies":[{"embeddable":true,"href":"https:\/\/exparto.pl\/ro\/wp-json\/wp\/v2\/comments?post=10910"}],"wp:featuredmedia":[{"embeddable":true,"href":"https:\/\/exparto.pl\/ro\/wp-json\/wp\/v2\/media\/26320"}],"wp:attachment":[{"href":"https:\/\/exparto.pl\/ro\/wp-json\/wp\/v2\/media?parent=10910"}],"wp:term":[{"taxonomy":"product_brand","embeddable":true,"href":"https:\/\/exparto.pl\/ro\/wp-json\/wp\/v2\/product_brand?post=10910"},{"taxonomy":"product_cat","embeddable":true,"href":"https:\/\/exparto.pl\/ro\/wp-json\/wp\/v2\/product_cat?post=10910"},{"taxonomy":"product_tag","embeddable":true,"href":"https:\/\/exparto.pl\/ro\/wp-json\/wp\/v2\/product_tag?post=10910"}],"curies":[{"name":"wp","href":"https:\/\/api.w.org\/{rel}","templated":true}]}}