{"id":10940,"date":"2023-09-17T23:38:30","date_gmt":"2023-09-17T21:38:30","guid":{"rendered":"https:\/\/exparto.pl\/produkt\/atomizor-cu-ejector-ceramic-cu-doua-fluxuri-6ms-04c2-rosu\/"},"modified":"2023-09-17T23:38:30","modified_gmt":"2023-09-17T21:38:30","slug":"atomizor-ezector-double-ceramic-6ms-04c2-red","status":"publish","type":"product","link":"https:\/\/exparto.pl\/ro\/produkt\/atomizor-ezector-double-ceramic-6ms-04c2-red\/","title":{"rendered":"Atomizor cu ejector ceramic cu dou\u0103 fluxuri 6MS 04C2 ro\u0219u"},"content":{"rendered":"<p style=\"text-align: justify\"><span style=\"color: inherit;font-weight: 700 !important\">Atomizoare cu ejector<\/span>&nbsp;produc bule de aer \u00een interiorul pic\u0103turilor mari, datorit\u0103 unui curent de aer aspirat prin g\u0103urile de la baza acestuia. Acest lucru face ca pic\u0103turile de pulverizare s\u0103 fie mai mari \u0219i s\u0103 se descompun\u0103 \u00een pic\u0103turi mai fine la contactul cu suprafa\u021ba plantei, sporind eficacitatea \u0219i uniformitatea tratamentului. Pulverizatorul cu ejector produce pic\u0103turi grosiere \u0219i foarte grosiere, oferind o rezisten\u021b\u0103 ridicat\u0103 la deriv\u0103, ceea ce permite efectuarea tratamentelor chiar \u0219i \u00een condi\u021bii meteorologice nefavorabile.<\/p>\n<p style=\"text-align: justify\">Utilizarea unui model dublu de pulverizare, generat de o inser\u021bie ceramic\u0103, elimin\u0103 practic pericolul de a omite chiar \u0219i cele mai mici zone de pulverizare, garant\u00e2nd \u00een acela\u0219i timp siguran\u021ba instala\u021biei. Utilizarea unei inser\u021bii ceramice asigur\u0103 o durat\u0103 de via\u021b\u0103 foarte lung\u0103 a duzei, men\u021bin\u00e2nd \u00een acela\u0219i timp parametrii de pulverizare originali.<\/p>\n<p style=\"text-align: justify\"><\/p>\n<\/p>\n<ul>\n<li style=\"text-align: justify\"><span style=\"color: inherit\">INDISPENSABIL \u00ceN LUPTA \u00ceMPOTRIVA CIUPERCILOR \u0218I A VIERMILOR;<\/span><\/li>\n<li style=\"text-align: justify\"><span style=\"color: inherit\">Modelul dublu de pulverizare asigur\u0103 o uniformitate \u0219i o precizie excep\u021bional\u0103 a pulveriz\u0103rii;<\/span><\/li>\n<li style=\"text-align: justify\"><span style=\"color: inherit\">Tehnologia revolu\u021bionar\u0103 care utilizeaz\u0103 ceramic\u0103 extrem de durabil\u0103 garanteaz\u0103 o durat\u0103 de via\u021b\u0103 de mul\u021bi ani, men\u021bin\u00e2nd \u00een acela\u0219i timp parametrii de pulverizare ridica\u021bi;<\/span><\/li>\n<li style=\"text-align: justify\"><span style=\"color: inherit\">\u00cendepline\u0219te cerin\u021bele ISO pentru duzele agricole;<\/span><\/li>\n<li style=\"text-align: justify\"><span style=\"color: inherit\">Pulverizarea la viteze ale v\u00e2ntului de p\u00e2n\u0103 la 6 m\/s \u0219i la temp. chiar \u0219i peste 20C;<\/span><\/li>\n<li style=\"text-align: justify\"><span style=\"color: inherit\">Sunt necesare filtre de filtrare cu ochiuri de minimum 90.<\/span><\/li>\n<\/ul>\n","protected":false},"excerpt":{"rendered":"<p style=\"text-align: justify\">Atomizoarele cu ejector produc bule de aer \u00een interiorul pic\u0103turilor mari, datorit\u0103 unui flux de aer aspirat prin g\u0103urile de la baza acestuia.<\/p>\n","protected":false},"featured_media":10941,"comment_status":"open","ping_status":"closed","template":"","meta":{"_acf_changed":false,"inline_featured_image":false},"product_brand":[],"product_cat":[361],"product_tag":[],"class_list":{"0":"post-10940","1":"product","2":"type-product","3":"status-publish","4":"has-post-thumbnail","6":"product_cat-spray-uri","8":"first","9":"instock","10":"taxable","11":"shipping-taxable","12":"purchasable","13":"product-type-simple"},"acf":[],"yoast_head":"<!-- This site is optimized with the Yoast SEO plugin v27.4 - https:\/\/yoast.com\/product\/yoast-seo-wordpress\/ -->\n<title>Atomizor cu ejector ceramic cu dou\u0103 fluxuri 6MS 04C2 ro\u0219u - Exparto.pl<\/title>\n<meta name=\"robots\" content=\"index, follow, max-snippet:-1, max-image-preview:large, max-video-preview:-1\" \/>\n<link rel=\"canonical\" href=\"https:\/\/exparto.pl\/ro\/produkt\/atomizor-ezector-double-ceramic-6ms-04c2-red\/\" \/>\n<meta property=\"og:locale\" content=\"ro_RO\" \/>\n<meta property=\"og:type\" content=\"article\" \/>\n<meta property=\"og:title\" content=\"Atomizor cu ejector ceramic cu dou\u0103 fluxuri 6MS 04C2 ro\u0219u - Exparto.pl\" \/>\n<meta property=\"og:description\" content=\"Atomizoarele cu ejector produc bule de aer \u00een interiorul pic\u0103turilor mari, datorit\u0103 unui flux de aer aspirat prin g\u0103urile de la baza acestuia.\" \/>\n<meta property=\"og:url\" content=\"https:\/\/exparto.pl\/ro\/produkt\/atomizor-ezector-double-ceramic-6ms-04c2-red\/\" \/>\n<meta property=\"og:site_name\" content=\"Exparto.pl\" \/>\n<meta property=\"article:publisher\" content=\"https:\/\/www.facebook.com\/exparto.agro\/\" \/>\n<meta property=\"og:image\" content=\"https:\/\/exparto.pl\/wp-content\/uploads\/2023\/09\/3ce3a58d9dba1dec3f2730eeb8109596.jpg\" \/>\n\t<meta property=\"og:image:width\" content=\"1000\" \/>\n\t<meta property=\"og:image:height\" content=\"1000\" \/>\n\t<meta property=\"og:image:type\" content=\"image\/jpeg\" \/>\n<meta name=\"twitter:card\" content=\"summary_large_image\" \/>\n<meta name=\"twitter:label1\" content=\"Timp estimat pentru citire\" \/>\n\t<meta name=\"twitter:data1\" content=\"1 minut\" \/>\n<script type=\"application\/ld+json\" class=\"yoast-schema-graph\">{\"@context\":\"https:\\\/\\\/schema.org\",\"@graph\":[{\"@type\":\"WebPage\",\"@id\":\"https:\\\/\\\/exparto.pl\\\/ro\\\/produkt\\\/atomizor-ezector-double-ceramic-6ms-04c2-red\\\/\",\"url\":\"https:\\\/\\\/exparto.pl\\\/ro\\\/produkt\\\/atomizor-ezector-double-ceramic-6ms-04c2-red\\\/\",\"name\":\"Atomizor cu ejector ceramic cu dou\u0103 fluxuri 6MS 04C2 ro\u0219u - Exparto.pl\",\"isPartOf\":{\"@id\":\"https:\\\/\\\/exparto.pl\\\/ro\\\/#website\"},\"primaryImageOfPage\":{\"@id\":\"https:\\\/\\\/exparto.pl\\\/ro\\\/produkt\\\/atomizor-ezector-double-ceramic-6ms-04c2-red\\\/#primaryimage\"},\"image\":{\"@id\":\"https:\\\/\\\/exparto.pl\\\/ro\\\/produkt\\\/atomizor-ezector-double-ceramic-6ms-04c2-red\\\/#primaryimage\"},\"thumbnailUrl\":\"https:\\\/\\\/exparto.pl\\\/wp-content\\\/uploads\\\/2023\\\/09\\\/3ce3a58d9dba1dec3f2730eeb8109596.jpg\",\"datePublished\":\"2023-09-17T21:38:30+00:00\",\"breadcrumb\":{\"@id\":\"https:\\\/\\\/exparto.pl\\\/ro\\\/produkt\\\/atomizor-ezector-double-ceramic-6ms-04c2-red\\\/#breadcrumb\"},\"inLanguage\":\"ro-RO\",\"potentialAction\":[{\"@type\":\"ReadAction\",\"target\":[\"https:\\\/\\\/exparto.pl\\\/ro\\\/produkt\\\/atomizor-ezector-double-ceramic-6ms-04c2-red\\\/\"]}]},{\"@type\":\"ImageObject\",\"inLanguage\":\"ro-RO\",\"@id\":\"https:\\\/\\\/exparto.pl\\\/ro\\\/produkt\\\/atomizor-ezector-double-ceramic-6ms-04c2-red\\\/#primaryimage\",\"url\":\"https:\\\/\\\/exparto.pl\\\/wp-content\\\/uploads\\\/2023\\\/09\\\/3ce3a58d9dba1dec3f2730eeb8109596.jpg\",\"contentUrl\":\"https:\\\/\\\/exparto.pl\\\/wp-content\\\/uploads\\\/2023\\\/09\\\/3ce3a58d9dba1dec3f2730eeb8109596.jpg\",\"width\":1000,\"height\":1000},{\"@type\":\"BreadcrumbList\",\"@id\":\"https:\\\/\\\/exparto.pl\\\/ro\\\/produkt\\\/atomizor-ezector-double-ceramic-6ms-04c2-red\\\/#breadcrumb\",\"itemListElement\":[{\"@type\":\"ListItem\",\"position\":1,\"name\":\"Pagina de start\",\"item\":\"https:\\\/\\\/exparto.pl\\\/ro\\\/pagina-de-start\\\/\"},{\"@type\":\"ListItem\",\"position\":2,\"name\":\"Sklep\",\"item\":\"https:\\\/\\\/exparto.pl\\\/sklep\\\/\"},{\"@type\":\"ListItem\",\"position\":3,\"name\":\"Piese pentru pulverizatoare\",\"item\":\"https:\\\/\\\/exparto.pl\\\/ro\\\/categoria-de-produse\\\/piese-pentru-pulverizatoare\\\/\"},{\"@type\":\"ListItem\",\"position\":4,\"name\":\"Spray-uri\",\"item\":\"https:\\\/\\\/exparto.pl\\\/ro\\\/categoria-de-produse\\\/piese-pentru-pulverizatoare\\\/spray-uri\\\/\"},{\"@type\":\"ListItem\",\"position\":5,\"name\":\"Atomizor cu ejector ceramic cu dou\u0103 fluxuri 6MS 04C2 ro\u0219u\"}]},{\"@type\":\"WebSite\",\"@id\":\"https:\\\/\\\/exparto.pl\\\/ro\\\/#website\",\"url\":\"https:\\\/\\\/exparto.pl\\\/ro\\\/\",\"name\":\"EXPARTO\",\"description\":\"More than agro parts\",\"publisher\":{\"@id\":\"https:\\\/\\\/exparto.pl\\\/ro\\\/#organization\"},\"potentialAction\":[{\"@type\":\"SearchAction\",\"target\":{\"@type\":\"EntryPoint\",\"urlTemplate\":\"https:\\\/\\\/exparto.pl\\\/ro\\\/?s={search_term_string}\"},\"query-input\":{\"@type\":\"PropertyValueSpecification\",\"valueRequired\":true,\"valueName\":\"search_term_string\"}}],\"inLanguage\":\"ro-RO\"},{\"@type\":\"Organization\",\"@id\":\"https:\\\/\\\/exparto.pl\\\/ro\\\/#organization\",\"name\":\"EXPARTO\",\"url\":\"https:\\\/\\\/exparto.pl\\\/ro\\\/\",\"logo\":{\"@type\":\"ImageObject\",\"inLanguage\":\"ro-RO\",\"@id\":\"https:\\\/\\\/exparto.pl\\\/ro\\\/#\\\/schema\\\/logo\\\/image\\\/\",\"url\":\"https:\\\/\\\/exparto.pl\\\/wp-content\\\/uploads\\\/2023\\\/02\\\/logo-wektor.png\",\"contentUrl\":\"https:\\\/\\\/exparto.pl\\\/wp-content\\\/uploads\\\/2023\\\/02\\\/logo-wektor.png\",\"width\":1338,\"height\":143,\"caption\":\"EXPARTO\"},\"image\":{\"@id\":\"https:\\\/\\\/exparto.pl\\\/ro\\\/#\\\/schema\\\/logo\\\/image\\\/\"},\"sameAs\":[\"https:\\\/\\\/www.facebook.com\\\/exparto.agro\\\/\"]}]}<\/script>\n<!-- \/ Yoast SEO plugin. -->","yoast_head_json":{"title":"Atomizor cu ejector ceramic cu dou\u0103 fluxuri 6MS 04C2 ro\u0219u - Exparto.pl","robots":{"index":"index","follow":"follow","max-snippet":"max-snippet:-1","max-image-preview":"max-image-preview:large","max-video-preview":"max-video-preview:-1"},"canonical":"https:\/\/exparto.pl\/ro\/produkt\/atomizor-ezector-double-ceramic-6ms-04c2-red\/","og_locale":"ro_RO","og_type":"article","og_title":"Atomizor cu ejector ceramic cu dou\u0103 fluxuri 6MS 04C2 ro\u0219u - Exparto.pl","og_description":"Atomizoarele cu ejector produc bule de aer \u00een interiorul pic\u0103turilor mari, datorit\u0103 unui flux de aer aspirat prin g\u0103urile de la baza acestuia.","og_url":"https:\/\/exparto.pl\/ro\/produkt\/atomizor-ezector-double-ceramic-6ms-04c2-red\/","og_site_name":"Exparto.pl","article_publisher":"https:\/\/www.facebook.com\/exparto.agro\/","og_image":[{"width":1000,"height":1000,"url":"https:\/\/exparto.pl\/wp-content\/uploads\/2023\/09\/3ce3a58d9dba1dec3f2730eeb8109596.jpg","type":"image\/jpeg"}],"twitter_card":"summary_large_image","twitter_misc":{"Timp estimat pentru citire":"1 minut"},"schema":{"@context":"https:\/\/schema.org","@graph":[{"@type":"WebPage","@id":"https:\/\/exparto.pl\/ro\/produkt\/atomizor-ezector-double-ceramic-6ms-04c2-red\/","url":"https:\/\/exparto.pl\/ro\/produkt\/atomizor-ezector-double-ceramic-6ms-04c2-red\/","name":"Atomizor cu ejector ceramic cu dou\u0103 fluxuri 6MS 04C2 ro\u0219u - Exparto.pl","isPartOf":{"@id":"https:\/\/exparto.pl\/ro\/#website"},"primaryImageOfPage":{"@id":"https:\/\/exparto.pl\/ro\/produkt\/atomizor-ezector-double-ceramic-6ms-04c2-red\/#primaryimage"},"image":{"@id":"https:\/\/exparto.pl\/ro\/produkt\/atomizor-ezector-double-ceramic-6ms-04c2-red\/#primaryimage"},"thumbnailUrl":"https:\/\/exparto.pl\/wp-content\/uploads\/2023\/09\/3ce3a58d9dba1dec3f2730eeb8109596.jpg","datePublished":"2023-09-17T21:38:30+00:00","breadcrumb":{"@id":"https:\/\/exparto.pl\/ro\/produkt\/atomizor-ezector-double-ceramic-6ms-04c2-red\/#breadcrumb"},"inLanguage":"ro-RO","potentialAction":[{"@type":"ReadAction","target":["https:\/\/exparto.pl\/ro\/produkt\/atomizor-ezector-double-ceramic-6ms-04c2-red\/"]}]},{"@type":"ImageObject","inLanguage":"ro-RO","@id":"https:\/\/exparto.pl\/ro\/produkt\/atomizor-ezector-double-ceramic-6ms-04c2-red\/#primaryimage","url":"https:\/\/exparto.pl\/wp-content\/uploads\/2023\/09\/3ce3a58d9dba1dec3f2730eeb8109596.jpg","contentUrl":"https:\/\/exparto.pl\/wp-content\/uploads\/2023\/09\/3ce3a58d9dba1dec3f2730eeb8109596.jpg","width":1000,"height":1000},{"@type":"BreadcrumbList","@id":"https:\/\/exparto.pl\/ro\/produkt\/atomizor-ezector-double-ceramic-6ms-04c2-red\/#breadcrumb","itemListElement":[{"@type":"ListItem","position":1,"name":"Pagina de start","item":"https:\/\/exparto.pl\/ro\/pagina-de-start\/"},{"@type":"ListItem","position":2,"name":"Sklep","item":"https:\/\/exparto.pl\/sklep\/"},{"@type":"ListItem","position":3,"name":"Piese pentru pulverizatoare","item":"https:\/\/exparto.pl\/ro\/categoria-de-produse\/piese-pentru-pulverizatoare\/"},{"@type":"ListItem","position":4,"name":"Spray-uri","item":"https:\/\/exparto.pl\/ro\/categoria-de-produse\/piese-pentru-pulverizatoare\/spray-uri\/"},{"@type":"ListItem","position":5,"name":"Atomizor cu ejector ceramic cu dou\u0103 fluxuri 6MS 04C2 ro\u0219u"}]},{"@type":"WebSite","@id":"https:\/\/exparto.pl\/ro\/#website","url":"https:\/\/exparto.pl\/ro\/","name":"EXPARTO","description":"More than agro parts","publisher":{"@id":"https:\/\/exparto.pl\/ro\/#organization"},"potentialAction":[{"@type":"SearchAction","target":{"@type":"EntryPoint","urlTemplate":"https:\/\/exparto.pl\/ro\/?s={search_term_string}"},"query-input":{"@type":"PropertyValueSpecification","valueRequired":true,"valueName":"search_term_string"}}],"inLanguage":"ro-RO"},{"@type":"Organization","@id":"https:\/\/exparto.pl\/ro\/#organization","name":"EXPARTO","url":"https:\/\/exparto.pl\/ro\/","logo":{"@type":"ImageObject","inLanguage":"ro-RO","@id":"https:\/\/exparto.pl\/ro\/#\/schema\/logo\/image\/","url":"https:\/\/exparto.pl\/wp-content\/uploads\/2023\/02\/logo-wektor.png","contentUrl":"https:\/\/exparto.pl\/wp-content\/uploads\/2023\/02\/logo-wektor.png","width":1338,"height":143,"caption":"EXPARTO"},"image":{"@id":"https:\/\/exparto.pl\/ro\/#\/schema\/logo\/image\/"},"sameAs":["https:\/\/www.facebook.com\/exparto.agro\/"]}]}},"_links":{"self":[{"href":"https:\/\/exparto.pl\/ro\/wp-json\/wp\/v2\/product\/10940","targetHints":{"allow":["GET"]}}],"collection":[{"href":"https:\/\/exparto.pl\/ro\/wp-json\/wp\/v2\/product"}],"about":[{"href":"https:\/\/exparto.pl\/ro\/wp-json\/wp\/v2\/types\/product"}],"replies":[{"embeddable":true,"href":"https:\/\/exparto.pl\/ro\/wp-json\/wp\/v2\/comments?post=10940"}],"wp:featuredmedia":[{"embeddable":true,"href":"https:\/\/exparto.pl\/ro\/wp-json\/wp\/v2\/media\/10941"}],"wp:attachment":[{"href":"https:\/\/exparto.pl\/ro\/wp-json\/wp\/v2\/media?parent=10940"}],"wp:term":[{"taxonomy":"product_brand","embeddable":true,"href":"https:\/\/exparto.pl\/ro\/wp-json\/wp\/v2\/product_brand?post=10940"},{"taxonomy":"product_cat","embeddable":true,"href":"https:\/\/exparto.pl\/ro\/wp-json\/wp\/v2\/product_cat?post=10940"},{"taxonomy":"product_tag","embeddable":true,"href":"https:\/\/exparto.pl\/ro\/wp-json\/wp\/v2\/product_tag?post=10940"}],"curies":[{"name":"wp","href":"https:\/\/api.w.org\/{rel}","templated":true}]}}