{"id":10980,"date":"2023-06-22T15:53:28","date_gmt":"2023-06-22T13:53:28","guid":{"rendered":"https:\/\/exparto.pl\/produkt\/tocatorul-cyklon-130\/"},"modified":"2023-06-22T15:53:28","modified_gmt":"2023-06-22T13:53:28","slug":"rebak-cyclone-130","status":"publish","type":"product","link":"https:\/\/exparto.pl\/ro\/produkt\/rebak-cyclone-130\/","title":{"rendered":"Toc\u0103torul CYKLON 130"},"content":{"rendered":"<h2 style=\"margin-right: 0px; margin-bottom: var(--wd-tags-mb); margin-left: 0px; padding: 0px; border: 0px; vertical-align: baseline; line-height: 1.4; text-align: justify;\"><span style=\"margin: 0px; padding: 0px; border: 0px; vertical-align: baseline; line-height: inherit;\">Toc\u0103torul cu discuri Cyklon 130 este un ajutor eficient pentru m\u0103run\u021birea lemnului.<\/span><\/h2>\n<p style=\"margin-bottom: var(--wd-tags-mb); padding: 0px; border: 0px; vertical-align: baseline; line-height: inherit; text-align: justify;\"><span style=\"margin: 0px; padding: 0px; border: 0px; vertical-align: baseline; line-height: inherit;\">Toc\u0103toare de crengi<\/span><span style=\"margin: 0px; padding: 0px; border: 0px; vertical-align: baseline; line-height: inherit;\">  sunt dispozitive care transform\u0103 materialul lemnos \u00een a\u0219chii de lemn. Acestea rezolv\u0103 problema gener\u0103rii de de\u0219euri sub form\u0103 de crengi de arbori \u0219i arbu\u0219ti, care apare \u00een mod constant \u00een p\u0103duri, gr\u0103dini, livezi \u0219i zone amenajate.<\/span><\/p>\n<p style=\"margin-bottom: var(--wd-tags-mb); padding: 0px; border: 0px; vertical-align: baseline; line-height: inherit; text-align: justify;\"><span style=\"margin: 0px; padding: 0px; border: 0px; vertical-align: baseline; line-height: inherit;\">Toc\u0103tor cu discuri<\/span><span style=\"margin: 0px; padding: 0px; border: 0px; vertical-align: baseline; line-height: inherit;\">  este prev\u0103zut cu un mecanism cu discuri rotative care con\u021bine lame. De \u00eenalt\u0103 calitate  <\/span><span style=\"margin: 0px; padding: 0px; border: 0px; vertical-align: baseline; line-height: inherit;\">cipator cu discuri<\/span><span style=\"margin: 0px; padding: 0px; border: 0px; vertical-align: baseline; line-height: inherit;\"> Toc\u0103torul de mare putere va elimina rapid lemnul r\u0103mas \u0219i, cu o utilizare \u0219i \u00eentre\u021binere corespunz\u0103toare, va dura mul\u021bi ani.<\/span><\/p>\n<p style=\"margin-bottom: var(--wd-tags-mb); padding: 0px; border: 0px; vertical-align: baseline; line-height: inherit; text-align: justify;\"><span style=\"margin: 0px; padding: 0px; border: 0px; vertical-align: baseline; line-height: inherit;\">C\u0103uta\u021bi<\/span><span style=\"margin: 0px; padding: 0px; border: 0px; vertical-align: baseline; line-height: inherit;\"> un toc\u0103tor de lemn<\/span><span style=\"margin: 0px; padding: 0px; border: 0px; vertical-align: baseline; line-height: inherit;\">  de \u00eenalt\u0103 calitate care v\u0103 va ajuta s\u0103 elimina\u021bi eficient de\u0219eurile de lemn? Explora\u021bi  <\/span><span style=\"margin: 0px; padding: 0px; border: 0px; vertical-align: baseline; line-height: inherit;\">Cyklon disc chipper 130<\/span><span style=\"margin: 0px; padding: 0px; border: 0px; vertical-align: baseline; line-height: inherit;\">. Aceasta este o ma\u0219in\u0103 de produc\u021bie a noastr\u0103 cu arbore PTO, care are o capacitate de lucru ridicat\u0103.  <\/span><span style=\"margin: 0px; padding: 0px; border: 0px; vertical-align: baseline; line-height: inherit;\">Toc\u0103torul de crengi <\/span><span style=\"margin: 0px; padding: 0px; border: 0px; vertical-align: baseline; line-height: inherit;\">Cyclone 130 \u00eendepline\u0219te standardele de siguran\u021b\u0103 necesare \u0219i este potrivit at\u00e2t pentru uz individual, c\u00e2t \u0219i pentru uz profesional. <\/span> <\/p>\n<h2 style=\"margin-right: 0px; margin-bottom: var(--wd-tags-mb); margin-left: 0px; padding: 0px; border: 0px; vertical-align: baseline; line-height: 1.4; text-align: justify;\"><span style=\"margin: 0px; padding: 0px; border: 0px; vertical-align: baseline; line-height: inherit;\">De ce s\u0103 opta\u021bi pentru toc\u0103torul cu discuri Cyklon 130?<\/span><\/h2>\n<p style=\"margin-bottom: var(--wd-tags-mb); padding: 0px; border: 0px; vertical-align: baseline; line-height: inherit; text-align: justify;\"><span style=\"margin: 0px; padding: 0px; border: 0px; vertical-align: baseline; line-height: inherit;\">Toc\u0103tor cu discuri<\/span><span style=\"margin: 0px; padding: 0px; border: 0px; vertical-align: baseline; line-height: inherit;\">  este de ne\u00eenlocuit \u00een prelucrarea de\u0219eurilor de lemn sub form\u0103 de trunchiuri \u0219i crengi.  <\/span><span style=\"margin: 0px; padding: 0px; border: 0px; vertical-align: baseline; line-height: inherit;\">Toc\u0103torul de crengi<\/span><span style=\"margin: 0px; padding: 0px; border: 0px; vertical-align: baseline; line-height: inherit;\">  Cyclone 130 va fi de mare ajutor pentru to\u021bi cei care se ocup\u0103 \u00een mod profesional cu lemnul, precum \u0219i pentru cei care au solarii \u0219i gr\u0103dini &#8211; va deveni un ajutor nepre\u021buit \u00een orice ferm\u0103.  <\/span><span style=\"margin: 0px; padding: 0px; border: 0px; vertical-align: baseline; line-height: inherit;\">Cyklon disc chipper 130<\/span><span style=\"margin: 0px; padding: 0px; border: 0px; vertical-align: baseline; line-height: inherit;\">  nu numai c\u0103 va \u00eembun\u0103t\u0103\u021bi activitatea de cur\u0103\u021bare, dar va face posibil\u0103 \u0219i reciclarea de\u0219eurilor de lemn r\u0103mase \u00een a\u0219chii de lemn utile.  <\/span><\/p>\n<h3 style=\"margin-right: 0px; margin-bottom: var(--wd-tags-mb); margin-left: 0px; padding: 0px; border: 0px; vertical-align: baseline; line-height: 1.4; text-align: justify;\"><span style=\"margin: 0px; padding: 0px; border: 0px; vertical-align: baseline; line-height: inherit;\">Putere, performan\u021b\u0103, siguran\u021b\u0103<\/span><\/h3>\n<p style=\"margin-bottom: var(--wd-tags-mb); padding: 0px; border: 0px; vertical-align: baseline; line-height: inherit; text-align: justify;\"><span style=\"margin: 0px; padding: 0px; border: 0px; vertical-align: baseline; line-height: inherit;\">Cyklon disc chipper 130<\/span><span style=\"margin: 0px; padding: 0px; border: 0px; vertical-align: baseline; line-height: inherit;\">  este conceput pentru m\u0103run\u021birea crengilor \u0219i chiar a trunchiurilor de copaci cu un diametru maxim de 13 cm. Discul de t\u0103iere func\u021bioneaz\u0103 eficient datorit\u0103 celor patru lame din o\u021bel \u0219i greut\u0103\u021bii mari, care este responsabil\u0103 pentru cuplul ridicat. Site-ul nostru  <\/span><span style=\"margin: 0px; padding: 0px; border: 0px; vertical-align: baseline; line-height: inherit;\">toc\u0103tor de lemn<\/span><span style=\"margin: 0px; padding: 0px; border: 0px; vertical-align: baseline; line-height: inherit;\">  are protec\u021bii de caroserie din o\u021bel, care sunt robuste \u0219i asigur\u0103 o func\u021bionare sigur\u0103. Ma\u0219ina este echipat\u0103 cu un co\u0219 de ejec\u021bie cu mobilitate de 360\u00b0.<\/span><span style=\"margin: 0px; padding: 0px; border: 0px; vertical-align: baseline; line-height: inherit;\">o<\/span><span style=\"margin: 0px; padding: 0px; border: 0px; vertical-align: baseline; line-height: inherit;\"> care permite stabilirea direc\u021biei cipurilor. <\/span> <\/p>\n<h3 style=\"margin-right: 0px; margin-bottom: var(--wd-tags-mb); margin-left: 0px; padding: 0px; border: 0px; vertical-align: baseline; line-height: 1.4; text-align: justify;\"><span style=\"margin: 0px; padding: 0px; border: 0px; vertical-align: baseline; line-height: inherit;\">Utilizare<\/span><\/h3>\n<p style=\"margin-bottom: var(--wd-tags-mb); padding: 0px; border: 0px; vertical-align: baseline; line-height: inherit; text-align: justify;\"><span style=\"margin: 0px; padding: 0px; border: 0px; vertical-align: baseline; line-height: inherit;\">Cyklon 130 discuri de m\u0103run\u021bit<\/span><span style=\"margin: 0px; padding: 0px; border: 0px; vertical-align: baseline; line-height: inherit;\"> cu 18 CP<\/span> <span style=\"margin: 0px; padding: 0px; border: 0px; vertical-align: baseline; line-height: inherit;\">Toac\u0103 eficient butucii \u0219i crengile, transform\u00e2ndu-le \u00een a\u0219chii fine de lemn. Acest  <\/span><span style=\"margin: 0px; padding: 0px; border: 0px; vertical-align: baseline; line-height: inherit;\">toc\u0103tor de lemn<\/span><span style=\"margin: 0px; padding: 0px; border: 0px; vertical-align: baseline; line-height: inherit;\"> se poate descurca cu orice tip de lemn &#8211; cele patru cu\u021bite de t\u0103iere lucreaz\u0103 f\u0103r\u0103 probleme at\u00e2t cu lemnul moale de mesteac\u0103n sau pin, c\u00e2t \u0219i cu tipuri mai dure, cum ar fi ar\u021barul, alunul sau m\u0103rul. <\/span> <\/p>\n<p style=\"margin-bottom: var(--wd-tags-mb); padding: 0px; border: 0px; vertical-align: baseline; line-height: inherit; text-align: justify;\"><span style=\"margin: 0px; padding: 0px; border: 0px; vertical-align: baseline; line-height: inherit;\">Toc\u0103torul de crengi  <\/span><span style=\"margin: 0px; padding: 0px; border: 0px; vertical-align: baseline; line-height: inherit;\">Cyclone 130 v\u0103 va ajuta s\u0103 v\u0103 face\u021bi ordine \u00een spa\u021biu \u0219i s\u0103 sc\u0103pa\u021bi mult mai repede de lemnele \u00een urm\u0103. Lemnul prelucrat sub form\u0103 de a\u0219chii de lemn poate fi utilizat \u00een mai multe moduri:<\/span><\/p>\n<ul style=\"margin-right: 0px; margin-bottom: var(--list-mb); margin-left: 0px; border: 0px; vertical-align: baseline; line-height: inherit; --list-mb: 20px; --li-mb: 10px; --li-pl: 17px; text-align: justify; padding: 0px 0px 0px var(--li-pl);\">\n<li style=\"padding: 0px; border: 0px; vertical-align: baseline; line-height: inherit; margin: 0px 0px var(--li-mb) 0px;\"><span style=\"margin: 0px; padding: 0px; border: 0px; vertical-align: baseline; line-height: inherit;\">drept combustibil \u00een aragazurile cu alimentator,  <\/span><\/li>\n<li style=\"padding: 0px; border: 0px; vertical-align: baseline; line-height: inherit; margin: 0px 0px var(--li-mb) 0px;\"><span style=\"margin: 0px; padding: 0px; border: 0px; vertical-align: baseline; line-height: inherit;\">pentru mulcirea paturilor \u0219i a straturilor de plantare,<\/span><\/li>\n<li style=\"padding: 0px; border: 0px; vertical-align: baseline; line-height: inherit; margin: 0px 0px var(--li-mb) 0px;\"><span style=\"margin: 0px; padding: 0px; border: 0px; vertical-align: baseline; line-height: inherit;\">pentru a\u0219ternut pentru arbu\u0219ti,<\/span><\/li>\n<li style=\"padding: 0px; border: 0px; vertical-align: baseline; line-height: inherit; margin: 0px 0px var(--li-mb) 0px;\"><span style=\"margin: 0px; padding: 0px; border: 0px; vertical-align: baseline; line-height: inherit;\">pentru mulcirea c\u0103ilor de acces,<\/span><\/li>\n<li style=\"margin: 0px; padding: 0px; border: 0px; vertical-align: baseline; line-height: inherit;\"><span style=\"margin: 0px; padding: 0px; border: 0px; vertical-align: baseline; line-height: inherit;\">pentru produc\u021bia de compost.<\/span><\/li>\n<\/ul>\n<h2 style=\"margin-right: 0px; margin-bottom: var(--wd-tags-mb); margin-left: 0px; padding: 0px; border: 0px; vertical-align: baseline; line-height: 1.4; text-align: justify;\"><span style=\"margin: 0px; padding: 0px; border: 0px; vertical-align: baseline; line-height: inherit;\">Cyklon 130 &#8211; calitate \u00eenalt\u0103 direct de la produc\u0103torul polonez<\/span><\/h2>\n<p style=\"margin-bottom: var(--wd-tags-mb); padding: 0px; border: 0px; vertical-align: baseline; line-height: inherit; text-align: justify;\"><span style=\"margin: 0px; padding: 0px; border: 0px; vertical-align: baseline; line-height: inherit;\">Puterea mare a sistemului nostru <\/span><span style=\"margin: 0px; padding: 0px; border: 0px; vertical-align: baseline; line-height: inherit;\">Toc\u0103torul cu discuri Cyklon 130<\/span><span style=\"margin: 0px; padding: 0px; border: 0px; vertical-align: baseline; line-height: inherit;\">  \u0219i capacitatea de a prelucra bu\u0219teni \u0219i crengi cu diametre de p\u00e2n\u0103 la 13 cm vor satisface cerin\u021bele chiar \u0219i ale celor mai exigen\u021bi clien\u021bi. Ma\u0219ina este proiectat\u0103 pentru func\u021bionare pe termen lung \u00een condi\u021bii dificile. Utilizarea  <\/span><span style=\"margin: 0px; padding: 0px; border: 0px; vertical-align: baseline; line-height: inherit;\">toc\u0103toare de crengi<\/span><span style=\"margin: 0px; padding: 0px; border: 0px; vertical-align: baseline; line-height: inherit;\"> Cyclone 130, pute\u021bi elimina cu u\u0219urin\u021b\u0103 de\u0219eurile de lemn r\u0103mase \u00een urm\u0103. <\/span> <\/p>\n<p style=\"margin-bottom: var(--wd-tags-mb); padding: 0px; border: 0px; vertical-align: baseline; line-height: inherit; text-align: justify;\"><span style=\"margin: 0px; padding: 0px; border: 0px; vertical-align: baseline; line-height: inherit;\">Site-ul nostru <\/span><span style=\"margin: 0px; padding: 0px; border: 0px; vertical-align: baseline; line-height: inherit;\">toc\u0103toare de crengi <\/span> <span style=\"margin: 0px; padding: 0px; border: 0px; vertical-align: baseline; line-height: inherit;\">Cyclone 130 se caracterizeaz\u0103 prin func\u021bionalitate, confort \u0219i siguran\u021b\u0103. Acestea sunt elemente pe care le consider\u0103m prioritare. De aceea, acord\u0103m o mare aten\u021bie procesului de produc\u021bie, supraveghind fiecare etap\u0103 a procesului de produc\u021bie &#8211; sudare, vopsire \u0219i asamblare, iar \u00een final supun\u00e2nd fiecare pies\u0103 rezultat\u0103 unui control de calitate detaliat. Cump\u0103rare  <\/span><span style=\"margin: 0px; padding: 0px; border: 0px; vertical-align: baseline; line-height: inherit;\">Cyklon 130 discuri de m\u0103run\u021bit<\/span><span style=\"margin: 0px; padding: 0px; border: 0px; vertical-align: baseline; line-height: inherit;\"> ve\u021bi beneficia de un sprijin solid dup\u0103 cump\u0103rare &#8211; v\u0103 oferim asisten\u021b\u0103 tehnic\u0103 \u0219i acces u\u0219or la piese de schimb \u0219i consumabile.<\/span><\/p>\n","protected":false},"excerpt":{"rendered":"<p style=\"text-align: justify;\"><span style=\"margin: 0px; padding: 0px; border: 0px; vertical-align: baseline; line-height: inherit; text-align: justify;\">Toc\u0103toare de crengi<\/span><span style=\"margin: 0px; padding: 0px; border: 0px; vertical-align: baseline; line-height: inherit; text-align: justify;\">  sunt dispozitive care transform\u0103 materialul lemnos \u00een a\u0219chii de lemn. Acestea rezolv\u0103 problema gener\u0103rii de de\u0219euri sub form\u0103 de crengi de arbori \u0219i arbu\u0219ti, care apare \u00een mod constant \u00een p\u0103duri, gr\u0103dini, livezi \u0219i zone amenajate.<\/span><\/p>\n","protected":false},"featured_media":7504,"comment_status":"open","ping_status":"closed","template":"","meta":{"_acf_changed":false,"inline_featured_image":false},"product_brand":[],"product_cat":[404,403],"product_tag":[],"class_list":{"0":"post-10980","1":"product","2":"type-product","3":"status-publish","4":"has-post-thumbnail","6":"product_cat-cioburi-cyklon-130","7":"product_cat-tocatoare-de-lemn","9":"first","10":"onbackorder","11":"taxable","12":"shipping-taxable","13":"purchasable","14":"product-type-simple"},"acf":[],"yoast_head":"<!-- This site is optimized with the Yoast SEO plugin v27.3 - https:\/\/yoast.com\/product\/yoast-seo-wordpress\/ -->\n<title>Toc\u0103torul CYKLON 130 - Exparto.pl<\/title>\n<meta name=\"robots\" content=\"index, follow, max-snippet:-1, max-image-preview:large, max-video-preview:-1\" \/>\n<link rel=\"canonical\" href=\"https:\/\/exparto.pl\/ro\/produkt\/rebak-cyclone-130\/\" \/>\n<meta property=\"og:locale\" content=\"ro_RO\" \/>\n<meta property=\"og:type\" content=\"article\" \/>\n<meta property=\"og:title\" content=\"Toc\u0103torul CYKLON 130 - Exparto.pl\" \/>\n<meta property=\"og:description\" content=\"Toc\u0103toare de crengi sunt dispozitive care transform\u0103 materialul lemnos \u00een a\u0219chii de lemn. Acestea rezolv\u0103 problema gener\u0103rii de de\u0219euri sub form\u0103 de crengi de arbori \u0219i arbu\u0219ti, care apare \u00een mod constant \u00een p\u0103duri, gr\u0103dini, livezi \u0219i zone amenajate.\" \/>\n<meta property=\"og:url\" content=\"https:\/\/exparto.pl\/ro\/produkt\/rebak-cyclone-130\/\" \/>\n<meta property=\"og:site_name\" content=\"Exparto.pl\" \/>\n<meta property=\"article:publisher\" content=\"https:\/\/www.facebook.com\/exparto.agro\/\" \/>\n<meta property=\"og:image\" content=\"https:\/\/exparto.pl\/wp-content\/uploads\/2023\/06\/37a89f333a5924884f2f667f282432ec.jpg\" \/>\n\t<meta property=\"og:image:width\" content=\"1000\" \/>\n\t<meta property=\"og:image:height\" content=\"1000\" \/>\n\t<meta property=\"og:image:type\" content=\"image\/jpeg\" \/>\n<meta name=\"twitter:card\" content=\"summary_large_image\" \/>\n<meta name=\"twitter:label1\" content=\"Timp estimat pentru citire\" \/>\n\t<meta name=\"twitter:data1\" content=\"4 minute\" \/>\n<script type=\"application\/ld+json\" class=\"yoast-schema-graph\">{\"@context\":\"https:\\\/\\\/schema.org\",\"@graph\":[{\"@type\":\"WebPage\",\"@id\":\"https:\\\/\\\/exparto.pl\\\/ro\\\/produkt\\\/rebak-cyclone-130\\\/\",\"url\":\"https:\\\/\\\/exparto.pl\\\/ro\\\/produkt\\\/rebak-cyclone-130\\\/\",\"name\":\"Toc\u0103torul CYKLON 130 - Exparto.pl\",\"isPartOf\":{\"@id\":\"https:\\\/\\\/exparto.pl\\\/ro\\\/#website\"},\"primaryImageOfPage\":{\"@id\":\"https:\\\/\\\/exparto.pl\\\/ro\\\/produkt\\\/rebak-cyclone-130\\\/#primaryimage\"},\"image\":{\"@id\":\"https:\\\/\\\/exparto.pl\\\/ro\\\/produkt\\\/rebak-cyclone-130\\\/#primaryimage\"},\"thumbnailUrl\":\"https:\\\/\\\/exparto.pl\\\/wp-content\\\/uploads\\\/2023\\\/06\\\/37a89f333a5924884f2f667f282432ec.jpg\",\"datePublished\":\"2023-06-22T13:53:28+00:00\",\"breadcrumb\":{\"@id\":\"https:\\\/\\\/exparto.pl\\\/ro\\\/produkt\\\/rebak-cyclone-130\\\/#breadcrumb\"},\"inLanguage\":\"ro-RO\",\"potentialAction\":[{\"@type\":\"ReadAction\",\"target\":[\"https:\\\/\\\/exparto.pl\\\/ro\\\/produkt\\\/rebak-cyclone-130\\\/\"]}]},{\"@type\":\"ImageObject\",\"inLanguage\":\"ro-RO\",\"@id\":\"https:\\\/\\\/exparto.pl\\\/ro\\\/produkt\\\/rebak-cyclone-130\\\/#primaryimage\",\"url\":\"https:\\\/\\\/exparto.pl\\\/wp-content\\\/uploads\\\/2023\\\/06\\\/37a89f333a5924884f2f667f282432ec.jpg\",\"contentUrl\":\"https:\\\/\\\/exparto.pl\\\/wp-content\\\/uploads\\\/2023\\\/06\\\/37a89f333a5924884f2f667f282432ec.jpg\",\"width\":1000,\"height\":1000},{\"@type\":\"BreadcrumbList\",\"@id\":\"https:\\\/\\\/exparto.pl\\\/ro\\\/produkt\\\/rebak-cyclone-130\\\/#breadcrumb\",\"itemListElement\":[{\"@type\":\"ListItem\",\"position\":1,\"name\":\"Pagina de start\",\"item\":\"https:\\\/\\\/exparto.pl\\\/ro\\\/pagina-de-start\\\/\"},{\"@type\":\"ListItem\",\"position\":2,\"name\":\"Sklep\",\"item\":\"https:\\\/\\\/exparto.pl\\\/sklep\\\/\"},{\"@type\":\"ListItem\",\"position\":3,\"name\":\"Toc\u0103toare de lemn\",\"item\":\"https:\\\/\\\/exparto.pl\\\/ro\\\/categoria-de-produse\\\/tocatoare-de-lemn\\\/\"},{\"@type\":\"ListItem\",\"position\":4,\"name\":\"Cioburi Cyklon 130\",\"item\":\"https:\\\/\\\/exparto.pl\\\/ro\\\/categoria-de-produse\\\/tocatoare-de-lemn\\\/cioburi-cyklon-130\\\/\"},{\"@type\":\"ListItem\",\"position\":5,\"name\":\"Toc\u0103torul CYKLON 130\"}]},{\"@type\":\"WebSite\",\"@id\":\"https:\\\/\\\/exparto.pl\\\/ro\\\/#website\",\"url\":\"https:\\\/\\\/exparto.pl\\\/ro\\\/\",\"name\":\"EXPARTO\",\"description\":\"More than agro parts\",\"publisher\":{\"@id\":\"https:\\\/\\\/exparto.pl\\\/ro\\\/#organization\"},\"potentialAction\":[{\"@type\":\"SearchAction\",\"target\":{\"@type\":\"EntryPoint\",\"urlTemplate\":\"https:\\\/\\\/exparto.pl\\\/ro\\\/?s={search_term_string}\"},\"query-input\":{\"@type\":\"PropertyValueSpecification\",\"valueRequired\":true,\"valueName\":\"search_term_string\"}}],\"inLanguage\":\"ro-RO\"},{\"@type\":\"Organization\",\"@id\":\"https:\\\/\\\/exparto.pl\\\/ro\\\/#organization\",\"name\":\"EXPARTO\",\"url\":\"https:\\\/\\\/exparto.pl\\\/ro\\\/\",\"logo\":{\"@type\":\"ImageObject\",\"inLanguage\":\"ro-RO\",\"@id\":\"https:\\\/\\\/exparto.pl\\\/ro\\\/#\\\/schema\\\/logo\\\/image\\\/\",\"url\":\"https:\\\/\\\/exparto.pl\\\/wp-content\\\/uploads\\\/2023\\\/02\\\/logo-wektor.png\",\"contentUrl\":\"https:\\\/\\\/exparto.pl\\\/wp-content\\\/uploads\\\/2023\\\/02\\\/logo-wektor.png\",\"width\":1338,\"height\":143,\"caption\":\"EXPARTO\"},\"image\":{\"@id\":\"https:\\\/\\\/exparto.pl\\\/ro\\\/#\\\/schema\\\/logo\\\/image\\\/\"},\"sameAs\":[\"https:\\\/\\\/www.facebook.com\\\/exparto.agro\\\/\"]}]}<\/script>\n<!-- \/ Yoast SEO plugin. -->","yoast_head_json":{"title":"Toc\u0103torul CYKLON 130 - Exparto.pl","robots":{"index":"index","follow":"follow","max-snippet":"max-snippet:-1","max-image-preview":"max-image-preview:large","max-video-preview":"max-video-preview:-1"},"canonical":"https:\/\/exparto.pl\/ro\/produkt\/rebak-cyclone-130\/","og_locale":"ro_RO","og_type":"article","og_title":"Toc\u0103torul CYKLON 130 - Exparto.pl","og_description":"Toc\u0103toare de crengi sunt dispozitive care transform\u0103 materialul lemnos \u00een a\u0219chii de lemn. Acestea rezolv\u0103 problema gener\u0103rii de de\u0219euri sub form\u0103 de crengi de arbori \u0219i arbu\u0219ti, care apare \u00een mod constant \u00een p\u0103duri, gr\u0103dini, livezi \u0219i zone amenajate.","og_url":"https:\/\/exparto.pl\/ro\/produkt\/rebak-cyclone-130\/","og_site_name":"Exparto.pl","article_publisher":"https:\/\/www.facebook.com\/exparto.agro\/","og_image":[{"width":1000,"height":1000,"url":"https:\/\/exparto.pl\/wp-content\/uploads\/2023\/06\/37a89f333a5924884f2f667f282432ec.jpg","type":"image\/jpeg"}],"twitter_card":"summary_large_image","twitter_misc":{"Timp estimat pentru citire":"4 minute"},"schema":{"@context":"https:\/\/schema.org","@graph":[{"@type":"WebPage","@id":"https:\/\/exparto.pl\/ro\/produkt\/rebak-cyclone-130\/","url":"https:\/\/exparto.pl\/ro\/produkt\/rebak-cyclone-130\/","name":"Toc\u0103torul CYKLON 130 - Exparto.pl","isPartOf":{"@id":"https:\/\/exparto.pl\/ro\/#website"},"primaryImageOfPage":{"@id":"https:\/\/exparto.pl\/ro\/produkt\/rebak-cyclone-130\/#primaryimage"},"image":{"@id":"https:\/\/exparto.pl\/ro\/produkt\/rebak-cyclone-130\/#primaryimage"},"thumbnailUrl":"https:\/\/exparto.pl\/wp-content\/uploads\/2023\/06\/37a89f333a5924884f2f667f282432ec.jpg","datePublished":"2023-06-22T13:53:28+00:00","breadcrumb":{"@id":"https:\/\/exparto.pl\/ro\/produkt\/rebak-cyclone-130\/#breadcrumb"},"inLanguage":"ro-RO","potentialAction":[{"@type":"ReadAction","target":["https:\/\/exparto.pl\/ro\/produkt\/rebak-cyclone-130\/"]}]},{"@type":"ImageObject","inLanguage":"ro-RO","@id":"https:\/\/exparto.pl\/ro\/produkt\/rebak-cyclone-130\/#primaryimage","url":"https:\/\/exparto.pl\/wp-content\/uploads\/2023\/06\/37a89f333a5924884f2f667f282432ec.jpg","contentUrl":"https:\/\/exparto.pl\/wp-content\/uploads\/2023\/06\/37a89f333a5924884f2f667f282432ec.jpg","width":1000,"height":1000},{"@type":"BreadcrumbList","@id":"https:\/\/exparto.pl\/ro\/produkt\/rebak-cyclone-130\/#breadcrumb","itemListElement":[{"@type":"ListItem","position":1,"name":"Pagina de start","item":"https:\/\/exparto.pl\/ro\/pagina-de-start\/"},{"@type":"ListItem","position":2,"name":"Sklep","item":"https:\/\/exparto.pl\/sklep\/"},{"@type":"ListItem","position":3,"name":"Toc\u0103toare de lemn","item":"https:\/\/exparto.pl\/ro\/categoria-de-produse\/tocatoare-de-lemn\/"},{"@type":"ListItem","position":4,"name":"Cioburi Cyklon 130","item":"https:\/\/exparto.pl\/ro\/categoria-de-produse\/tocatoare-de-lemn\/cioburi-cyklon-130\/"},{"@type":"ListItem","position":5,"name":"Toc\u0103torul CYKLON 130"}]},{"@type":"WebSite","@id":"https:\/\/exparto.pl\/ro\/#website","url":"https:\/\/exparto.pl\/ro\/","name":"EXPARTO","description":"More than agro parts","publisher":{"@id":"https:\/\/exparto.pl\/ro\/#organization"},"potentialAction":[{"@type":"SearchAction","target":{"@type":"EntryPoint","urlTemplate":"https:\/\/exparto.pl\/ro\/?s={search_term_string}"},"query-input":{"@type":"PropertyValueSpecification","valueRequired":true,"valueName":"search_term_string"}}],"inLanguage":"ro-RO"},{"@type":"Organization","@id":"https:\/\/exparto.pl\/ro\/#organization","name":"EXPARTO","url":"https:\/\/exparto.pl\/ro\/","logo":{"@type":"ImageObject","inLanguage":"ro-RO","@id":"https:\/\/exparto.pl\/ro\/#\/schema\/logo\/image\/","url":"https:\/\/exparto.pl\/wp-content\/uploads\/2023\/02\/logo-wektor.png","contentUrl":"https:\/\/exparto.pl\/wp-content\/uploads\/2023\/02\/logo-wektor.png","width":1338,"height":143,"caption":"EXPARTO"},"image":{"@id":"https:\/\/exparto.pl\/ro\/#\/schema\/logo\/image\/"},"sameAs":["https:\/\/www.facebook.com\/exparto.agro\/"]}]}},"_links":{"self":[{"href":"https:\/\/exparto.pl\/ro\/wp-json\/wp\/v2\/product\/10980","targetHints":{"allow":["GET"]}}],"collection":[{"href":"https:\/\/exparto.pl\/ro\/wp-json\/wp\/v2\/product"}],"about":[{"href":"https:\/\/exparto.pl\/ro\/wp-json\/wp\/v2\/types\/product"}],"replies":[{"embeddable":true,"href":"https:\/\/exparto.pl\/ro\/wp-json\/wp\/v2\/comments?post=10980"}],"wp:featuredmedia":[{"embeddable":true,"href":"https:\/\/exparto.pl\/ro\/wp-json\/wp\/v2\/media\/7504"}],"wp:attachment":[{"href":"https:\/\/exparto.pl\/ro\/wp-json\/wp\/v2\/media?parent=10980"}],"wp:term":[{"taxonomy":"product_brand","embeddable":true,"href":"https:\/\/exparto.pl\/ro\/wp-json\/wp\/v2\/product_brand?post=10980"},{"taxonomy":"product_cat","embeddable":true,"href":"https:\/\/exparto.pl\/ro\/wp-json\/wp\/v2\/product_cat?post=10980"},{"taxonomy":"product_tag","embeddable":true,"href":"https:\/\/exparto.pl\/ro\/wp-json\/wp\/v2\/product_tag?post=10980"}],"curies":[{"name":"wp","href":"https:\/\/api.w.org\/{rel}","templated":true}]}}