{"id":10995,"date":"2023-07-05T14:49:15","date_gmt":"2023-07-05T12:49:15","guid":{"rendered":"https:\/\/exparto.pl\/produkt\/ambreiaj-cu-frictiune\/"},"modified":"2023-07-05T14:49:15","modified_gmt":"2023-07-05T12:49:15","slug":"ambreiaj-cu-frictiune","status":"publish","type":"product","link":"https:\/\/exparto.pl\/ro\/produkt\/ambreiaj-cu-frictiune\/","title":{"rendered":"Ambreiaj cu fric\u021biune"},"content":{"rendered":"<p class=\"Paragraph SCXW64072587 BCX9\" style=\"margin-bottom: 0px; color: windowtext; background-color: transparent; padding: 0px; vertical-align: baseline; text-align: justify;\"><span class=\"normaltextrun\"><br \/>\n  <span style=\"color: inherit;\">Ambreiaj cu fric\u021biune <\/span><br \/>\n<\/span>pentru arborele PTO <span lang=\"PL-PL\" data-contrast=\"auto\"> este un tip de ambreiaj care protejeaz\u0103 <\/span><span class=\"textrun\"><br \/>\n  <span style=\"color: inherit;\"><br \/>\n    <span lang=\"PL-PL\" data-contrast=\"auto\">transmisia<\/span><br \/>\n  <\/span><br \/>\n  <span lang=\"PL-PL\" data-contrast=\"auto\"> \u00eempotriva <\/span><br \/>\n  <span style=\"color: inherit;\"><br \/>\n    <span lang=\"PL-PL\" data-contrast=\"auto\">suprasarcini inutile<\/span><br \/>\n  <\/span><br \/>\n<\/span><span class=\"normaltextrun\"><span lang=\"PL-PL\" data-contrast=\"auto\">.<\/span> Acest lucru este important deoarece acestea conduc adesea la defectarea componentelor active ale ma\u0219inilor, adic\u0103 cele ac\u021bionate de la  <\/span><span class=\"textrun\"><br \/>\n  <span style=\"color: inherit;\"><br \/>\n    <span lang=\"PL-PL\" data-contrast=\"auto\">priz\u0103 de putere<\/span><br \/>\n  <\/span><br \/>\n<\/span><span class=\"normaltextrun\"><span lang=\"PL-PL\" data-contrast=\"auto\">. <\/span>Se utilizeaz\u0103 oriunde <\/span> <span class=\"textrun\"><br \/>\n  <span style=\"color: inherit;\"><br \/>\n    <span lang=\"PL-PL\" data-contrast=\"auto\">componente de lucru <\/span><br \/>\n  <\/span><br \/>\n<\/span><span class=\"normaltextrun\">ale<span lang=\"PL-PL\" data-contrast=\"auto\">unei ma\u0219ini sunt supuse unor schimb\u0103ri rapide<\/span>\u0219i <\/span> <span class=\"textrun\"><br \/>\n  <span style=\"color: inherit;\"><br \/>\n    <span lang=\"PL-PL\" data-contrast=\"auto\">varia\u021bii de sarcin\u0103<\/span><br \/>\n  <\/span><br \/>\n<\/span><span class=\"normaltextrun\"><span lang=\"PL-PL\" data-contrast=\"auto\">. <\/span>Acestea sunt utilizate ca a\u0219a-numitele <\/span> <span class=\"textrun\"><br \/>\n  <span style=\"color: inherit;\"><br \/>\n    <span lang=\"PL-PL\" data-contrast=\"auto\">ambreiaj de suprasarcin\u0103 <\/span><br \/>\n  <\/span><br \/>\n<\/span><span class=\"normaltextrun\"><span lang=\"PL-PL\" data-contrast=\"auto\">pentru ac\u021bionarea ma\u0219inilor cu componente<\/span>cu un moment de iner\u021bie ridicat sau ca cuplaj de pornire. <\/span> <span class=\"eop\"><br \/>\n  <span class=\"textrun\"><br \/>\n    <span style=\"color: inherit;\">Ambreiaj <\/span><br \/>\n  <\/span><br \/>\n<\/span><span class=\"normaltextrun\">de<span lang=\"PL-PL\" data-contrast=\"auto\">acest tip <\/span>este responsabil pentru <\/span> <span class=\"textrun\"><span style=\"color: inherit;\"><br \/>\n  <span lang=\"PL-PL\" data-contrast=\"auto\">transmisie de cuplu <\/span><br \/>\n<\/span><span lang=\"PL-PL\" data-contrast=\"auto\">f\u0103r\u0103 a deconecta ac\u021bionarea atunci c\u00e2nd suprasarcina atinge o valoare de <\/span><span style=\"color: inherit;\"><br \/>\n  <span lang=\"PL-PL\" data-contrast=\"auto\">o valoare prestabilit\u0103<\/span><br \/>\n<\/span><\/span><span class=\"normaltextrun\"><span xml:lang=\"PL-PL\" data-contrast=\"auto\">. \u00cen plus, \u00een<\/span>Acesta este echipat cu  <\/span><span class=\"textrun\"><span style=\"color: inherit;\"><span xml:lang=\"PL-PL\" data-contrast=\"auto\">disc de fric\u021biune<\/span><\/span><\/span><span class=\"normaltextrun\"><span xml:lang=\"PL-PL\" data-contrast=\"auto\">care pot fi schimbate. Acest lucru \u00eei permite s\u0103 \u00ee\u0219i \u00eendeplineasc\u0103 cu succes scopul timp de mul\u021bi ani.<\/span>  Ar trebui s\u0103 ad\u0103ug\u0103m c\u0103 acestea sunt instalate  <\/span><span class=\"textrun\"><span style=\"color: inherit;\"><br \/>\n  <span lang=\"PL-PL\" data-contrast=\"auto\">\u00een serie <\/span><br \/>\n<\/span><span lang=\"PL-PL\" data-contrast=\"auto\">\u00een sisteme individuale.<\/span><\/span><span class=\"eop\"><span data-ccp-props=\"{\"> <\/span><\/span> <span class=\"normaltextrun\">Ambreiajul de fric\u021biune al arborelui<\/span> cardanic este cel mai frecvent utilizat la <span lang=\"PL-PL\" data-contrast=\"auto\">grapele rotative<\/span><span class=\"normaltextrun\"><span lang=\"PL-PL\" data-contrast=\"auto\">, <\/span>cositoarele cu fulgii,<span style=\"color: inherit;\"><span lang=\"PL-PL\" data-contrast=\"auto\"> cultivatoarele<\/span><\/span><\/span><span lang=\"PL-PL\" data-contrast=\"auto\">, ma\u0219inile de tocat <\/span>, <span class=\"textrun\"><br \/>\n  <span style=\"color: inherit;\"><br \/>\n    <span lang=\"PL-PL\" data-contrast=\"auto\">ma\u0219ini de \u00eempr\u0103\u0219tiat gunoi de grajd<\/span><br \/>\n  <\/span><br \/>\n<\/span><span class=\"normaltextrun\"><br \/>\n  <span lang=\"PL-PL\" data-contrast=\"auto\">, <\/span><br \/>\n  <span class=\"spellingerror\">mulg\u0103toare<\/span><br \/>\n  <span class=\"normaltextrun\">\u0219i, de asemenea, pe tractoare.<\/span><br \/>\n<\/span><span class=\"eop\"><span data-ccp-props=\"{\"> <\/span><\/span><b><br \/>\n<\/b><\/p>\n<div style=\"text-align: justify;\"><span class=\"eop\"><span data-ccp-props=\"{\"> <\/span><\/span><\/div>\n","protected":false},"excerpt":{"rendered":"<p class=\"Paragraph SCXW64072587 BCX9\" style=\"margin-bottom: 0px; color: windowtext; background-color: transparent; padding: 0px; vertical-align: baseline;\"><span class=\"normaltextrun\"><br \/>\n  <span style=\"color: inherit;\">Ambreiaj cu fric\u021biune <\/span><br \/>\n<\/span>la arborele PTO<span lang=\"PL-PL\" data-contrast=\"auto\"> este un tip de ambreiaj care protejeaz\u0103 <\/span><span class=\"textrun\"><br \/>\n  <span style=\"color: inherit;\"><br \/>\n    <span lang=\"PL-PL\" data-contrast=\"auto\">trenul de transmisie<\/span><br \/>\n  <\/span><br \/>\n  <span lang=\"PL-PL\" data-contrast=\"auto\"> \u00eempotriva <\/span><br \/>\n  <span style=\"color: inherit;\"><br \/>\n    <span lang=\"PL-PL\" data-contrast=\"auto\">suprasarcini inutile.<\/span><br \/>\n  <\/span><br \/>\n<\/span><span class=\"normaltextrun\"><span lang=\"PL-PL\" data-contrast=\"auto\">.<\/span> <\/span> <\/p>\n","protected":false},"featured_media":35066,"comment_status":"open","ping_status":"closed","template":"","meta":{"_acf_changed":false,"inline_featured_image":false},"product_brand":[],"product_cat":[363,419],"product_tag":[],"class_list":{"0":"post-10995","1":"product","2":"type-product","3":"status-publish","4":"has-post-thumbnail","6":"product_cat-arbori-pto-telescopici","7":"product_cat-piese-de-arbore","9":"first","10":"instock","11":"taxable","12":"shipping-taxable","13":"purchasable","14":"product-type-simple"},"acf":[],"yoast_head":"<!-- This site is optimized with the Yoast SEO plugin v27.2 - https:\/\/yoast.com\/product\/yoast-seo-wordpress\/ -->\n<title>Ambreiaj cu fric\u021biune - Exparto.pl<\/title>\n<meta name=\"robots\" content=\"index, follow, max-snippet:-1, max-image-preview:large, max-video-preview:-1\" \/>\n<link rel=\"canonical\" href=\"https:\/\/exparto.pl\/ro\/produkt\/ambreiaj-cu-frictiune\/\" \/>\n<meta property=\"og:locale\" content=\"ro_RO\" \/>\n<meta property=\"og:type\" content=\"article\" \/>\n<meta property=\"og:title\" content=\"Ambreiaj cu fric\u021biune - Exparto.pl\" \/>\n<meta property=\"og:description\" content=\"Ambreiaj cu fric\u021biune la arborele PTO este un tip de ambreiaj care protejeaz\u0103     trenul de transmisie    \u00eempotriva     suprasarcini inutile.  .\" \/>\n<meta property=\"og:url\" content=\"https:\/\/exparto.pl\/ro\/produkt\/ambreiaj-cu-frictiune\/\" \/>\n<meta property=\"og:site_name\" content=\"Exparto.pl\" \/>\n<meta property=\"article:publisher\" content=\"https:\/\/www.facebook.com\/exparto.agro\/\" \/>\n<meta property=\"og:image\" content=\"https:\/\/exparto.pl\/wp-content\/uploads\/2024\/11\/eb6232f9827bf80e019c697710b1be72-2.jpg\" \/>\n\t<meta property=\"og:image:width\" content=\"1000\" \/>\n\t<meta property=\"og:image:height\" content=\"1000\" \/>\n\t<meta property=\"og:image:type\" content=\"image\/jpeg\" \/>\n<meta name=\"twitter:card\" content=\"summary_large_image\" \/>\n<meta name=\"twitter:label1\" content=\"Timp estimat pentru citire\" \/>\n\t<meta name=\"twitter:data1\" content=\"1 minut\" \/>\n<script type=\"application\/ld+json\" class=\"yoast-schema-graph\">{\"@context\":\"https:\/\/schema.org\",\"@graph\":[{\"@type\":\"WebPage\",\"@id\":\"https:\/\/exparto.pl\/ro\/produkt\/ambreiaj-cu-frictiune\/\",\"url\":\"https:\/\/exparto.pl\/ro\/produkt\/ambreiaj-cu-frictiune\/\",\"name\":\"Ambreiaj cu fric\u021biune - Exparto.pl\",\"isPartOf\":{\"@id\":\"https:\/\/exparto.pl\/ro\/#website\"},\"primaryImageOfPage\":{\"@id\":\"https:\/\/exparto.pl\/ro\/produkt\/ambreiaj-cu-frictiune\/#primaryimage\"},\"image\":{\"@id\":\"https:\/\/exparto.pl\/ro\/produkt\/ambreiaj-cu-frictiune\/#primaryimage\"},\"thumbnailUrl\":\"https:\/\/exparto.pl\/wp-content\/uploads\/2024\/11\/eb6232f9827bf80e019c697710b1be72-2.jpg\",\"datePublished\":\"2023-07-05T12:49:15+00:00\",\"breadcrumb\":{\"@id\":\"https:\/\/exparto.pl\/ro\/produkt\/ambreiaj-cu-frictiune\/#breadcrumb\"},\"inLanguage\":\"ro-RO\",\"potentialAction\":[{\"@type\":\"ReadAction\",\"target\":[\"https:\/\/exparto.pl\/ro\/produkt\/ambreiaj-cu-frictiune\/\"]}]},{\"@type\":\"ImageObject\",\"inLanguage\":\"ro-RO\",\"@id\":\"https:\/\/exparto.pl\/ro\/produkt\/ambreiaj-cu-frictiune\/#primaryimage\",\"url\":\"https:\/\/exparto.pl\/wp-content\/uploads\/2024\/11\/eb6232f9827bf80e019c697710b1be72-2.jpg\",\"contentUrl\":\"https:\/\/exparto.pl\/wp-content\/uploads\/2024\/11\/eb6232f9827bf80e019c697710b1be72-2.jpg\",\"width\":1000,\"height\":1000},{\"@type\":\"BreadcrumbList\",\"@id\":\"https:\/\/exparto.pl\/ro\/produkt\/ambreiaj-cu-frictiune\/#breadcrumb\",\"itemListElement\":[{\"@type\":\"ListItem\",\"position\":1,\"name\":\"Pagina de start\",\"item\":\"https:\/\/exparto.pl\/ro\/pagina-de-start\/\"},{\"@type\":\"ListItem\",\"position\":2,\"name\":\"Sklep\",\"item\":\"https:\/\/exparto.pl\/sklep\/\"},{\"@type\":\"ListItem\",\"position\":3,\"name\":\"Arbori PTO telescopici\",\"item\":\"https:\/\/exparto.pl\/ro\/categoria-de-produse\/arbori-pto-telescopici\/\"},{\"@type\":\"ListItem\",\"position\":4,\"name\":\"Ambreiaj cu fric\u021biune\"}]},{\"@type\":\"WebSite\",\"@id\":\"https:\/\/exparto.pl\/ro\/#website\",\"url\":\"https:\/\/exparto.pl\/ro\/\",\"name\":\"EXPARTO\",\"description\":\"More than agro parts\",\"publisher\":{\"@id\":\"https:\/\/exparto.pl\/ro\/#organization\"},\"potentialAction\":[{\"@type\":\"SearchAction\",\"target\":{\"@type\":\"EntryPoint\",\"urlTemplate\":\"https:\/\/exparto.pl\/ro\/?s={search_term_string}\"},\"query-input\":{\"@type\":\"PropertyValueSpecification\",\"valueRequired\":true,\"valueName\":\"search_term_string\"}}],\"inLanguage\":\"ro-RO\"},{\"@type\":\"Organization\",\"@id\":\"https:\/\/exparto.pl\/ro\/#organization\",\"name\":\"EXPARTO\",\"url\":\"https:\/\/exparto.pl\/ro\/\",\"logo\":{\"@type\":\"ImageObject\",\"inLanguage\":\"ro-RO\",\"@id\":\"https:\/\/exparto.pl\/ro\/#\/schema\/logo\/image\/\",\"url\":\"https:\/\/exparto.pl\/wp-content\/uploads\/2023\/02\/logo-wektor.png\",\"contentUrl\":\"https:\/\/exparto.pl\/wp-content\/uploads\/2023\/02\/logo-wektor.png\",\"width\":1338,\"height\":143,\"caption\":\"EXPARTO\"},\"image\":{\"@id\":\"https:\/\/exparto.pl\/ro\/#\/schema\/logo\/image\/\"},\"sameAs\":[\"https:\/\/www.facebook.com\/exparto.agro\/\"]}]}<\/script>\n<!-- \/ Yoast SEO plugin. -->","yoast_head_json":{"title":"Ambreiaj cu fric\u021biune - Exparto.pl","robots":{"index":"index","follow":"follow","max-snippet":"max-snippet:-1","max-image-preview":"max-image-preview:large","max-video-preview":"max-video-preview:-1"},"canonical":"https:\/\/exparto.pl\/ro\/produkt\/ambreiaj-cu-frictiune\/","og_locale":"ro_RO","og_type":"article","og_title":"Ambreiaj cu fric\u021biune - Exparto.pl","og_description":"Ambreiaj cu fric\u021biune la arborele PTO este un tip de ambreiaj care protejeaz\u0103     trenul de transmisie    \u00eempotriva     suprasarcini inutile.  .","og_url":"https:\/\/exparto.pl\/ro\/produkt\/ambreiaj-cu-frictiune\/","og_site_name":"Exparto.pl","article_publisher":"https:\/\/www.facebook.com\/exparto.agro\/","og_image":[{"width":1000,"height":1000,"url":"https:\/\/exparto.pl\/wp-content\/uploads\/2024\/11\/eb6232f9827bf80e019c697710b1be72-2.jpg","type":"image\/jpeg"}],"twitter_card":"summary_large_image","twitter_misc":{"Timp estimat pentru citire":"1 minut"},"schema":{"@context":"https:\/\/schema.org","@graph":[{"@type":"WebPage","@id":"https:\/\/exparto.pl\/ro\/produkt\/ambreiaj-cu-frictiune\/","url":"https:\/\/exparto.pl\/ro\/produkt\/ambreiaj-cu-frictiune\/","name":"Ambreiaj cu fric\u021biune - Exparto.pl","isPartOf":{"@id":"https:\/\/exparto.pl\/ro\/#website"},"primaryImageOfPage":{"@id":"https:\/\/exparto.pl\/ro\/produkt\/ambreiaj-cu-frictiune\/#primaryimage"},"image":{"@id":"https:\/\/exparto.pl\/ro\/produkt\/ambreiaj-cu-frictiune\/#primaryimage"},"thumbnailUrl":"https:\/\/exparto.pl\/wp-content\/uploads\/2024\/11\/eb6232f9827bf80e019c697710b1be72-2.jpg","datePublished":"2023-07-05T12:49:15+00:00","breadcrumb":{"@id":"https:\/\/exparto.pl\/ro\/produkt\/ambreiaj-cu-frictiune\/#breadcrumb"},"inLanguage":"ro-RO","potentialAction":[{"@type":"ReadAction","target":["https:\/\/exparto.pl\/ro\/produkt\/ambreiaj-cu-frictiune\/"]}]},{"@type":"ImageObject","inLanguage":"ro-RO","@id":"https:\/\/exparto.pl\/ro\/produkt\/ambreiaj-cu-frictiune\/#primaryimage","url":"https:\/\/exparto.pl\/wp-content\/uploads\/2024\/11\/eb6232f9827bf80e019c697710b1be72-2.jpg","contentUrl":"https:\/\/exparto.pl\/wp-content\/uploads\/2024\/11\/eb6232f9827bf80e019c697710b1be72-2.jpg","width":1000,"height":1000},{"@type":"BreadcrumbList","@id":"https:\/\/exparto.pl\/ro\/produkt\/ambreiaj-cu-frictiune\/#breadcrumb","itemListElement":[{"@type":"ListItem","position":1,"name":"Pagina de start","item":"https:\/\/exparto.pl\/ro\/pagina-de-start\/"},{"@type":"ListItem","position":2,"name":"Sklep","item":"https:\/\/exparto.pl\/sklep\/"},{"@type":"ListItem","position":3,"name":"Arbori PTO telescopici","item":"https:\/\/exparto.pl\/ro\/categoria-de-produse\/arbori-pto-telescopici\/"},{"@type":"ListItem","position":4,"name":"Ambreiaj cu fric\u021biune"}]},{"@type":"WebSite","@id":"https:\/\/exparto.pl\/ro\/#website","url":"https:\/\/exparto.pl\/ro\/","name":"EXPARTO","description":"More than agro parts","publisher":{"@id":"https:\/\/exparto.pl\/ro\/#organization"},"potentialAction":[{"@type":"SearchAction","target":{"@type":"EntryPoint","urlTemplate":"https:\/\/exparto.pl\/ro\/?s={search_term_string}"},"query-input":{"@type":"PropertyValueSpecification","valueRequired":true,"valueName":"search_term_string"}}],"inLanguage":"ro-RO"},{"@type":"Organization","@id":"https:\/\/exparto.pl\/ro\/#organization","name":"EXPARTO","url":"https:\/\/exparto.pl\/ro\/","logo":{"@type":"ImageObject","inLanguage":"ro-RO","@id":"https:\/\/exparto.pl\/ro\/#\/schema\/logo\/image\/","url":"https:\/\/exparto.pl\/wp-content\/uploads\/2023\/02\/logo-wektor.png","contentUrl":"https:\/\/exparto.pl\/wp-content\/uploads\/2023\/02\/logo-wektor.png","width":1338,"height":143,"caption":"EXPARTO"},"image":{"@id":"https:\/\/exparto.pl\/ro\/#\/schema\/logo\/image\/"},"sameAs":["https:\/\/www.facebook.com\/exparto.agro\/"]}]}},"_links":{"self":[{"href":"https:\/\/exparto.pl\/ro\/wp-json\/wp\/v2\/product\/10995","targetHints":{"allow":["GET"]}}],"collection":[{"href":"https:\/\/exparto.pl\/ro\/wp-json\/wp\/v2\/product"}],"about":[{"href":"https:\/\/exparto.pl\/ro\/wp-json\/wp\/v2\/types\/product"}],"replies":[{"embeddable":true,"href":"https:\/\/exparto.pl\/ro\/wp-json\/wp\/v2\/comments?post=10995"}],"wp:featuredmedia":[{"embeddable":true,"href":"https:\/\/exparto.pl\/ro\/wp-json\/wp\/v2\/media\/35066"}],"wp:attachment":[{"href":"https:\/\/exparto.pl\/ro\/wp-json\/wp\/v2\/media?parent=10995"}],"wp:term":[{"taxonomy":"product_brand","embeddable":true,"href":"https:\/\/exparto.pl\/ro\/wp-json\/wp\/v2\/product_brand?post=10995"},{"taxonomy":"product_cat","embeddable":true,"href":"https:\/\/exparto.pl\/ro\/wp-json\/wp\/v2\/product_cat?post=10995"},{"taxonomy":"product_tag","embeddable":true,"href":"https:\/\/exparto.pl\/ro\/wp-json\/wp\/v2\/product_tag?post=10995"}],"curies":[{"name":"wp","href":"https:\/\/api.w.org\/{rel}","templated":true}]}}